{"id":7563,"date":"2023-10-24T15:21:58","date_gmt":"2023-10-24T15:21:58","guid":{"rendered":"https:\/\/abaa.mx\/tienda\/?post_type=product&#038;p=7563"},"modified":"2023-10-24T15:21:59","modified_gmt":"2023-10-24T15:21:59","slug":"testo-521-1-con-sensor-interno-de-0-a-100-hpa","status":"publish","type":"product","link":"https:\/\/abaa.mx\/tienda\/testo-521-1-con-sensor-interno-de-0-a-100-hpa\/","title":{"rendered":"Testo 521-1 con sensor interno de 0 a 100 hpa"},"content":{"rendered":"<p>El medidor de presi\u00f3n diferencial de alta precisi\u00f3n, Testo 521, con un sensor de presi\u00f3n interno de 0 a 100 hPa, es ideal para mediciones de tubos de Pitot en el rango de 5 a 100 m\/s. Testo 521 est\u00e1 disponible en 2 clases de precisi\u00f3n. Testo 521-1 con sensor de presi\u00f3n interno con clase 0,2, testo 521-2 con sensor de presi\u00f3n interno con clase 0,1.<\/p>\n<p>En el caso de velocidades de velocidad en el rango de 1 a 12 m\/s, puede realizar mediciones precisas utilizando la sonda de 100 Pa que se puede conectar externamente.<\/p>\n<p>Los datos de medici\u00f3n pueden guardarse seg\u00fan la ubicaci\u00f3n y analizarse en su PC o imprimirse in situ en su impresora Testo.<\/p>\n<p><strong>Caracter\u00edsticas de Testo 521-1<\/strong><\/p>\n<ul>\n<li>Sensor de presi\u00f3n diferencial con compensaci\u00f3n de temperatura en el instrumento<\/li>\n<li>C\u00e1lculo directo de la velocidad y el flujo de velocidad<\/li>\n<li>C\u00e1lculo de medias multipunto y temporizadas<\/li>\n<li>2 tomas de sonda adicionales para medir la presi\u00f3n y la temperatura.<\/li>\n<\/ul>\n<h4>Datos t\u00e9cnicos de Testo 521-1<\/h4>\n<table class=\"table table-striped\">\n<tbody>\n<tr>\n<td>Memoria<\/td>\n<td>25,000<\/td>\n<\/tr>\n<tr>\n<td>Temperatura de almacenamiento<\/td>\n<td>De -4 a +158 \u00b0F<\/td>\n<\/tr>\n<tr>\n<td>Temperatura de funcionamiento<\/td>\n<td>De +32 a +122 \u00b0F<\/td>\n<\/tr>\n<tr>\n<td>Tipo de bater\u00eda<\/td>\n<td>9 V (6LR61)<\/td>\n<\/tr>\n<tr>\n<td>Dimensiones<\/td>\n<td>8,62 x 2,68 x 1,97 pulgadas<\/td>\n<\/tr>\n<tr>\n<td>Material de la carcasa<\/td>\n<td>ABS<\/td>\n<\/tr>\n<tr>\n<th colspan=\"2\">\n<h5>NTC<\/h5>\n<\/th>\n<\/tr>\n<tr>\n<td>Rango de medici\u00f3n<\/td>\n<td>De 40 a +302 \u00b0F<\/td>\n<\/tr>\n<tr>\n<td>Exactitud<\/td>\n<td>\u00b10.36 \u00b0F (+14 a +122 \u00b0F) \u00b10.4 \u00b0F (rango restante)<\/td>\n<\/tr>\n<tr>\n<td>Resoluci\u00f3n<\/td>\n<td>0,1 \u00b0C<\/td>\n<\/tr>\n<tr>\n<th colspan=\"2\">\n<h5>Sensor de presi\u00f3n piezorresistivo<\/h5>\n<\/th>\n<\/tr>\n<tr>\n<td>Rango de medici\u00f3n<\/td>\n<td>De 0 a 40,14 pulgadas de H2O<\/td>\n<\/tr>\n<tr>\n<td>Exactitud<\/td>\n<td>\u00b10,2 % de F.V.<\/td>\n<\/tr>\n<tr>\n<td>Resoluci\u00f3n<\/td>\n<td>0.01 inH2O<\/td>\n<\/tr>\n<tr>\n<td>Sobrecarga<\/td>\n<td>300 pulgadasH2O<\/td>\n<\/tr>\n<tr>\n<th colspan=\"2\">\n<h5>Sensor de presi\u00f3n piezorresistivo 2<\/h5>\n<\/th>\n<\/tr>\n<tr>\n<td>Rango de medici\u00f3n<\/td>\n<td>De 0 a 802 pulgadas<\/td>\n<\/tr>\n<tr>\n<td>Exactitud<\/td>\n<td>\u00b10,1 % de la rdg.<\/td>\n<\/tr>\n<tr>\n<td>Resoluci\u00f3n<\/td>\n<td>0,1 pulgadasH20 (0638 1347) 0,001 pulgadas H2O (0638 1447) 0,01 pulgadas H2O (0638 1547) 0,1 pulgadas 20 pulgadas (0638 1847 \/ 0638 1647)<\/td>\n<\/tr>\n<tr>\n<th align=\"left\">Tipo K<\/th>\n<th><\/th>\n<\/tr>\n<tr>\n<td>Rango de medici\u00f3n<\/td>\n<td>De -328 a +2498 \u00b0F<\/td>\n<\/tr>\n<tr>\n<td>Exactitud<\/td>\n<td>\u00b10.72 \u00b0F (-148 a +392 \u00b0F) \u00b11.8 \u00b0F (rango restante)<\/td>\n<\/tr>\n<tr>\n<td>Resoluci\u00f3n<\/td>\n<td>0,1 \u00b0C<\/td>\n<\/tr>\n<tr>\n<th colspan=\"2\">\n<h5>Sonda de presi\u00f3n<\/h5>\n<\/th>\n<\/tr>\n<tr>\n<td>Rango de medici\u00f3n<\/td>\n<td>De -14,5 a 5801,51 psi<\/td>\n<\/tr>\n<tr>\n<td>Exactitud<\/td>\n<td>\u00b10,2 % de F.V.<\/td>\n<\/tr>\n<tr>\n<td>Resoluci\u00f3n<\/td>\n<td>0.01 psi<\/td>\n<\/tr>\n<tr>\n<th colspan=\"2\">\n<h5>Tensi\u00f3n<\/h5>\n<\/th>\n<\/tr>\n<tr>\n<td>Rango de medici\u00f3n<\/td>\n<td>De 0 a 10 V<\/td>\n<\/tr>\n<tr>\n<td>Exactitud<\/td>\n<td>\u00b10,01 V<\/td>\n<\/tr>\n<tr>\n<td>Resoluci\u00f3n<\/td>\n<td>0,01 V<\/td>\n<\/tr>\n<\/tbody>\n<\/table>\n","protected":false},"excerpt":{"rendered":"<p class=\"short-description mhide ipad-view-setting\">Sensor de presi\u00f3n diferencial con compensaci\u00f3n de temperatura en el instrumento. 2 tomas de sonda adicionales para medir la presi\u00f3n y la temperatura.<\/p>\n<p class=\"comment-tag-product\">\n<div class=\"row-fluid\">\n<div class=\"span12 mobile-pricing-box-padding\">\n<form id=\"55110\" accept-charset=\"utf-8\" action=\"https:\/\/www.globaltestsupply.com\/shop\/add\" method=\"post\" name=\"addTocartFunction\">\n<div><\/div>\n<\/form>\n<\/div>\n<\/div>\n","protected":false},"featured_media":7580,"comment_status":"open","ping_status":"closed","template":"","meta":{"_joinchat":[]},"product_brand":[],"product_cat":[15],"product_tag":[],"class_list":{"0":"post-7563","1":"product","2":"type-product","3":"status-publish","4":"has-post-thumbnail","6":"product_cat-sin-categorizar","8":"first","9":"instock","10":"shipping-taxable","11":"product-type-simple"},"yoast_head":"<!-- This site is optimized with the Yoast SEO plugin v26.4 - https:\/\/yoast.com\/wordpress\/plugins\/seo\/ -->\n<title>Testo 521-1 con sensor interno de 0 a 100 hpa - Abaa tienda online<\/title>\n<meta name=\"robots\" content=\"index, follow, max-snippet:-1, max-image-preview:large, max-video-preview:-1\" \/>\n<link rel=\"canonical\" href=\"https:\/\/abaa.mx\/tienda\/testo-521-1-con-sensor-interno-de-0-a-100-hpa\/\" \/>\n<meta property=\"og:locale\" content=\"es_MX\" \/>\n<meta property=\"og:type\" content=\"article\" \/>\n<meta property=\"og:title\" content=\"Testo 521-1 con sensor interno de 0 a 100 hpa - Abaa tienda online\" \/>\n<meta property=\"og:description\" content=\"Sensor de presi\u00f3n diferencial con compensaci\u00f3n de temperatura en el instrumento. 2 tomas de sonda adicionales para medir la presi\u00f3n y la temperatura.\" \/>\n<meta property=\"og:url\" content=\"https:\/\/abaa.mx\/tienda\/testo-521-1-con-sensor-interno-de-0-a-100-hpa\/\" \/>\n<meta property=\"og:site_name\" content=\"Abaa tienda online\" \/>\n<meta property=\"article:modified_time\" content=\"2023-10-24T15:21:59+00:00\" \/>\n<meta property=\"og:image\" content=\"https:\/\/abaa.mx\/tienda\/wp-content\/uploads\/2023\/10\/521-1-1.jpg\" \/>\n\t<meta property=\"og:image:width\" content=\"270\" \/>\n\t<meta property=\"og:image:height\" content=\"500\" \/>\n\t<meta property=\"og:image:type\" content=\"image\/jpeg\" \/>\n<meta name=\"twitter:card\" content=\"summary_large_image\" \/>\n<meta name=\"twitter:label1\" content=\"Tiempo de lectura\" \/>\n\t<meta name=\"twitter:data1\" content=\"2 minutos\" \/>\n<script type=\"application\/ld+json\" class=\"yoast-schema-graph\">{\"@context\":\"https:\/\/schema.org\",\"@graph\":[{\"@type\":\"WebPage\",\"@id\":\"https:\/\/abaa.mx\/tienda\/testo-521-1-con-sensor-interno-de-0-a-100-hpa\/\",\"url\":\"https:\/\/abaa.mx\/tienda\/testo-521-1-con-sensor-interno-de-0-a-100-hpa\/\",\"name\":\"Testo 521-1 con sensor interno de 0 a 100 hpa - Abaa tienda online\",\"isPartOf\":{\"@id\":\"https:\/\/abaa.mx\/tienda\/#website\"},\"primaryImageOfPage\":{\"@id\":\"https:\/\/abaa.mx\/tienda\/testo-521-1-con-sensor-interno-de-0-a-100-hpa\/#primaryimage\"},\"image\":{\"@id\":\"https:\/\/abaa.mx\/tienda\/testo-521-1-con-sensor-interno-de-0-a-100-hpa\/#primaryimage\"},\"thumbnailUrl\":\"https:\/\/abaa.mx\/tienda\/wp-content\/uploads\/2023\/10\/521-1-1.jpg\",\"datePublished\":\"2023-10-24T15:21:58+00:00\",\"dateModified\":\"2023-10-24T15:21:59+00:00\",\"breadcrumb\":{\"@id\":\"https:\/\/abaa.mx\/tienda\/testo-521-1-con-sensor-interno-de-0-a-100-hpa\/#breadcrumb\"},\"inLanguage\":\"es\",\"potentialAction\":[{\"@type\":\"ReadAction\",\"target\":[\"https:\/\/abaa.mx\/tienda\/testo-521-1-con-sensor-interno-de-0-a-100-hpa\/\"]}]},{\"@type\":\"ImageObject\",\"inLanguage\":\"es\",\"@id\":\"https:\/\/abaa.mx\/tienda\/testo-521-1-con-sensor-interno-de-0-a-100-hpa\/#primaryimage\",\"url\":\"https:\/\/abaa.mx\/tienda\/wp-content\/uploads\/2023\/10\/521-1-1.jpg\",\"contentUrl\":\"https:\/\/abaa.mx\/tienda\/wp-content\/uploads\/2023\/10\/521-1-1.jpg\",\"width\":270,\"height\":500,\"caption\":\"521-1\"},{\"@type\":\"BreadcrumbList\",\"@id\":\"https:\/\/abaa.mx\/tienda\/testo-521-1-con-sensor-interno-de-0-a-100-hpa\/#breadcrumb\",\"itemListElement\":[{\"@type\":\"ListItem\",\"position\":1,\"name\":\"Inicio\",\"item\":\"https:\/\/abaa.mx\/tienda\/\"},{\"@type\":\"ListItem\",\"position\":2,\"name\":\"Tienda\",\"item\":\"https:\/\/abaa.mx\/tienda\/\"},{\"@type\":\"ListItem\",\"position\":3,\"name\":\"Testo 521-1 con sensor interno de 0 a 100 hpa\"}]},{\"@type\":\"WebSite\",\"@id\":\"https:\/\/abaa.mx\/tienda\/#website\",\"url\":\"https:\/\/abaa.mx\/tienda\/\",\"name\":\"Abaa tienda online\",\"description\":\"Instrumentos de medici\u00f3n\",\"publisher\":{\"@id\":\"https:\/\/abaa.mx\/tienda\/#organization\"},\"potentialAction\":[{\"@type\":\"SearchAction\",\"target\":{\"@type\":\"EntryPoint\",\"urlTemplate\":\"https:\/\/abaa.mx\/tienda\/?s={search_term_string}\"},\"query-input\":{\"@type\":\"PropertyValueSpecification\",\"valueRequired\":true,\"valueName\":\"search_term_string\"}}],\"inLanguage\":\"es\"},{\"@type\":\"Organization\",\"@id\":\"https:\/\/abaa.mx\/tienda\/#organization\",\"name\":\"Abaa tienda online\",\"url\":\"https:\/\/abaa.mx\/tienda\/\",\"logo\":{\"@type\":\"ImageObject\",\"inLanguage\":\"es\",\"@id\":\"https:\/\/abaa.mx\/tienda\/#\/schema\/logo\/image\/\",\"url\":\"https:\/\/abaa.mx\/tienda\/wp-content\/uploads\/2024\/01\/abaa-metrologia-tienda.png\",\"contentUrl\":\"https:\/\/abaa.mx\/tienda\/wp-content\/uploads\/2024\/01\/abaa-metrologia-tienda.png\",\"width\":300,\"height\":141,\"caption\":\"Abaa tienda online\"},\"image\":{\"@id\":\"https:\/\/abaa.mx\/tienda\/#\/schema\/logo\/image\/\"}}]}<\/script>\n<!-- \/ Yoast SEO plugin. -->","yoast_head_json":{"title":"Testo 521-1 con sensor interno de 0 a 100 hpa - Abaa tienda online","robots":{"index":"index","follow":"follow","max-snippet":"max-snippet:-1","max-image-preview":"max-image-preview:large","max-video-preview":"max-video-preview:-1"},"canonical":"https:\/\/abaa.mx\/tienda\/testo-521-1-con-sensor-interno-de-0-a-100-hpa\/","og_locale":"es_MX","og_type":"article","og_title":"Testo 521-1 con sensor interno de 0 a 100 hpa - Abaa tienda online","og_description":"Sensor de presi\u00f3n diferencial con compensaci\u00f3n de temperatura en el instrumento. 2 tomas de sonda adicionales para medir la presi\u00f3n y la temperatura.","og_url":"https:\/\/abaa.mx\/tienda\/testo-521-1-con-sensor-interno-de-0-a-100-hpa\/","og_site_name":"Abaa tienda online","article_modified_time":"2023-10-24T15:21:59+00:00","og_image":[{"width":270,"height":500,"url":"https:\/\/abaa.mx\/tienda\/wp-content\/uploads\/2023\/10\/521-1-1.jpg","type":"image\/jpeg"}],"twitter_card":"summary_large_image","twitter_misc":{"Tiempo de lectura":"2 minutos"},"schema":{"@context":"https:\/\/schema.org","@graph":[{"@type":"WebPage","@id":"https:\/\/abaa.mx\/tienda\/testo-521-1-con-sensor-interno-de-0-a-100-hpa\/","url":"https:\/\/abaa.mx\/tienda\/testo-521-1-con-sensor-interno-de-0-a-100-hpa\/","name":"Testo 521-1 con sensor interno de 0 a 100 hpa - Abaa tienda online","isPartOf":{"@id":"https:\/\/abaa.mx\/tienda\/#website"},"primaryImageOfPage":{"@id":"https:\/\/abaa.mx\/tienda\/testo-521-1-con-sensor-interno-de-0-a-100-hpa\/#primaryimage"},"image":{"@id":"https:\/\/abaa.mx\/tienda\/testo-521-1-con-sensor-interno-de-0-a-100-hpa\/#primaryimage"},"thumbnailUrl":"https:\/\/abaa.mx\/tienda\/wp-content\/uploads\/2023\/10\/521-1-1.jpg","datePublished":"2023-10-24T15:21:58+00:00","dateModified":"2023-10-24T15:21:59+00:00","breadcrumb":{"@id":"https:\/\/abaa.mx\/tienda\/testo-521-1-con-sensor-interno-de-0-a-100-hpa\/#breadcrumb"},"inLanguage":"es","potentialAction":[{"@type":"ReadAction","target":["https:\/\/abaa.mx\/tienda\/testo-521-1-con-sensor-interno-de-0-a-100-hpa\/"]}]},{"@type":"ImageObject","inLanguage":"es","@id":"https:\/\/abaa.mx\/tienda\/testo-521-1-con-sensor-interno-de-0-a-100-hpa\/#primaryimage","url":"https:\/\/abaa.mx\/tienda\/wp-content\/uploads\/2023\/10\/521-1-1.jpg","contentUrl":"https:\/\/abaa.mx\/tienda\/wp-content\/uploads\/2023\/10\/521-1-1.jpg","width":270,"height":500,"caption":"521-1"},{"@type":"BreadcrumbList","@id":"https:\/\/abaa.mx\/tienda\/testo-521-1-con-sensor-interno-de-0-a-100-hpa\/#breadcrumb","itemListElement":[{"@type":"ListItem","position":1,"name":"Inicio","item":"https:\/\/abaa.mx\/tienda\/"},{"@type":"ListItem","position":2,"name":"Tienda","item":"https:\/\/abaa.mx\/tienda\/"},{"@type":"ListItem","position":3,"name":"Testo 521-1 con sensor interno de 0 a 100 hpa"}]},{"@type":"WebSite","@id":"https:\/\/abaa.mx\/tienda\/#website","url":"https:\/\/abaa.mx\/tienda\/","name":"Abaa tienda online","description":"Instrumentos de medici\u00f3n","publisher":{"@id":"https:\/\/abaa.mx\/tienda\/#organization"},"potentialAction":[{"@type":"SearchAction","target":{"@type":"EntryPoint","urlTemplate":"https:\/\/abaa.mx\/tienda\/?s={search_term_string}"},"query-input":{"@type":"PropertyValueSpecification","valueRequired":true,"valueName":"search_term_string"}}],"inLanguage":"es"},{"@type":"Organization","@id":"https:\/\/abaa.mx\/tienda\/#organization","name":"Abaa tienda online","url":"https:\/\/abaa.mx\/tienda\/","logo":{"@type":"ImageObject","inLanguage":"es","@id":"https:\/\/abaa.mx\/tienda\/#\/schema\/logo\/image\/","url":"https:\/\/abaa.mx\/tienda\/wp-content\/uploads\/2024\/01\/abaa-metrologia-tienda.png","contentUrl":"https:\/\/abaa.mx\/tienda\/wp-content\/uploads\/2024\/01\/abaa-metrologia-tienda.png","width":300,"height":141,"caption":"Abaa tienda online"},"image":{"@id":"https:\/\/abaa.mx\/tienda\/#\/schema\/logo\/image\/"}}]}},"_links":{"self":[{"href":"https:\/\/abaa.mx\/tienda\/wp-json\/wp\/v2\/product\/7563","targetHints":{"allow":["GET"]}}],"collection":[{"href":"https:\/\/abaa.mx\/tienda\/wp-json\/wp\/v2\/product"}],"about":[{"href":"https:\/\/abaa.mx\/tienda\/wp-json\/wp\/v2\/types\/product"}],"replies":[{"embeddable":true,"href":"https:\/\/abaa.mx\/tienda\/wp-json\/wp\/v2\/comments?post=7563"}],"wp:featuredmedia":[{"embeddable":true,"href":"https:\/\/abaa.mx\/tienda\/wp-json\/wp\/v2\/media\/7580"}],"wp:attachment":[{"href":"https:\/\/abaa.mx\/tienda\/wp-json\/wp\/v2\/media?parent=7563"}],"wp:term":[{"taxonomy":"product_brand","embeddable":true,"href":"https:\/\/abaa.mx\/tienda\/wp-json\/wp\/v2\/product_brand?post=7563"},{"taxonomy":"product_cat","embeddable":true,"href":"https:\/\/abaa.mx\/tienda\/wp-json\/wp\/v2\/product_cat?post=7563"},{"taxonomy":"product_tag","embeddable":true,"href":"https:\/\/abaa.mx\/tienda\/wp-json\/wp\/v2\/product_tag?post=7563"}],"curies":[{"name":"wp","href":"https:\/\/api.w.org\/{rel}","templated":true}]}}