{"id":7552,"date":"2023-10-24T14:49:42","date_gmt":"2023-10-24T14:49:42","guid":{"rendered":"https:\/\/abaa.mx\/tienda\/?post_type=product&#038;p=7552"},"modified":"2023-11-23T17:44:26","modified_gmt":"2023-11-23T17:44:26","slug":"testo-512-manometro-anemometro-0-2-hpa","status":"publish","type":"product","link":"https:\/\/abaa.mx\/tienda\/testo-512-manometro-anemometro-0-2-hpa\/","title":{"rendered":"Testo 512 man\u00f3metro-anem\u00f3metro, 0-2 hpa"},"content":{"rendered":"<p>El Testo 512 proporciona mediciones simult\u00e1neas de presi\u00f3n y caudal en un instrumento compacto y vers\u00e1til. Ofrece dos unidades de flujo conmutables por el usuario: pies por minuto (fpm) y metros por segundo (m\/s). Se pueden seleccionar ocho unidades diferentes de presi\u00f3n: psi, pulgadas H20, pulgadas Hg, kPa, hPa, Pa, mH20 y mHg. Todas las lecturas son claramente visibles en una gran pantalla retroiluminada. El vers\u00e1til Testo 512 proporciona un suavizado de entre 1 y 20 actualizaciones de pantalla (0,5 segundos) que producen una lectura media deslizante. La compensaci\u00f3n de densidad est\u00e1 incorporada. Un bot\u00f3n HOLD-MIN-MAX separado congela las lecturas y muestra los extremos de flujo y presi\u00f3n. Los accesorios opcionales incluyen la impresora IR de Testo para la documentaci\u00f3n in situ de todas las mediciones por fecha y hora, adem\u00e1s del TopSafe transparente para la protecci\u00f3n contra la suciedad, la humedad y los impactos.<\/p>\n<p><strong>Caracter\u00edsticas del testo 512<\/strong><\/p>\n<ul>\n<li>8 unidades de presi\u00f3n: psi, pulgada H<sub>2<\/sub>O, pulgada HgkPa, hPa, Pa, mm H<sub>2<\/sub>O, mmHg<\/li>\n<li>2 unidades para flujo: FPM, M\/S<\/li>\n<li>Compensaci\u00f3n de densidad incorporada<\/li>\n<\/ul>\n<h4>Datos t\u00e9cnicos de Testo 512<\/h4>\n<table class=\"table table-striped\">\n<tbody>\n<tr>\n<td>Temperatura de almacenamiento<\/td>\n<td>De +14 a +160 \u00b0F<\/td>\n<\/tr>\n<tr>\n<td>Temperatura de funcionamiento<\/td>\n<td>De +32 a +140 \u00b0F<\/td>\n<\/tr>\n<tr>\n<td>Tipo de bater\u00eda<\/td>\n<td>Bater\u00eda de 9V<\/td>\n<\/tr>\n<tr>\n<td>Duraci\u00f3n de la bater\u00eda<\/td>\n<td>120 horas<\/td>\n<\/tr>\n<tr>\n<td>Dimensiones<\/td>\n<td>8 x 2,25 x 1,7 pulgadas<\/td>\n<\/tr>\n<tr>\n<td>Material de la carcasa<\/td>\n<td>ABS<\/td>\n<\/tr>\n<tr>\n<th colspan=\"2\">\n<h5>Sensor de presi\u00f3n integrado<\/h5>\n<\/th>\n<\/tr>\n<tr>\n<td>Rango de medici\u00f3n<\/td>\n<td>De 0 a +0,8 pulgadas de H2O<\/td>\n<\/tr>\n<tr>\n<td>Exactitud<\/td>\n<td>0,5% de F.V.<\/td>\n<\/tr>\n<tr>\n<td>Resoluci\u00f3n<\/td>\n<td>0,001 pulgadas de H2O<\/td>\n<\/tr>\n<\/tbody>\n<\/table>\n","protected":false},"excerpt":{"rendered":"<p class=\"short-description mhide ipad-view-setting\">Muestra la presi\u00f3n y la velocidad del flujo simult\u00e1neamente en una pantalla retroiluminada, grande y f\u00e1cil de leer. Los datos de medici\u00f3n se imprimen in situ con fecha y hora, as\u00ed como con valores m\u00ednimos y m\u00e1ximos.<\/p>\n<div class=\"row-fluid\">\n<div class=\"span12 mobile-pricing-box-padding\">\n<form id=\"55106\" accept-charset=\"utf-8\" action=\"https:\/\/www.globaltestsupply.com\/shop\/add\" method=\"post\" name=\"addTocartFunction\">\n<div><\/div>\n<\/form>\n<\/div>\n<\/div>\n","protected":false},"featured_media":7556,"comment_status":"open","ping_status":"closed","template":"","meta":{"_joinchat":[]},"product_brand":[],"product_cat":[15],"product_tag":[],"class_list":{"0":"post-7552","1":"product","2":"type-product","3":"status-publish","4":"has-post-thumbnail","6":"product_cat-sin-categorizar","8":"first","9":"instock","10":"shipping-taxable","11":"product-type-simple"},"yoast_head":"<!-- This site is optimized with the Yoast SEO plugin v26.4 - https:\/\/yoast.com\/wordpress\/plugins\/seo\/ -->\n<title>Testo 512 man\u00f3metro-anem\u00f3metro, 0-2 hpa - Abaa tienda online<\/title>\n<meta name=\"robots\" content=\"index, follow, max-snippet:-1, max-image-preview:large, max-video-preview:-1\" \/>\n<link rel=\"canonical\" href=\"https:\/\/abaa.mx\/tienda\/testo-512-manometro-anemometro-0-2-hpa\/\" \/>\n<meta property=\"og:locale\" content=\"es_MX\" \/>\n<meta property=\"og:type\" content=\"article\" \/>\n<meta property=\"og:title\" content=\"Testo 512 man\u00f3metro-anem\u00f3metro, 0-2 hpa - Abaa tienda online\" \/>\n<meta property=\"og:description\" content=\"Muestra la presi\u00f3n y la velocidad del flujo simult\u00e1neamente en una pantalla retroiluminada, grande y f\u00e1cil de leer. Los datos de medici\u00f3n se imprimen in situ con fecha y hora, as\u00ed como con valores m\u00ednimos y m\u00e1ximos.\" \/>\n<meta property=\"og:url\" content=\"https:\/\/abaa.mx\/tienda\/testo-512-manometro-anemometro-0-2-hpa\/\" \/>\n<meta property=\"og:site_name\" content=\"Abaa tienda online\" \/>\n<meta property=\"article:modified_time\" content=\"2023-11-23T17:44:26+00:00\" \/>\n<meta property=\"og:image\" content=\"https:\/\/abaa.mx\/tienda\/wp-content\/uploads\/2023\/10\/512-0-2.jpg\" \/>\n\t<meta property=\"og:image:width\" content=\"800\" \/>\n\t<meta property=\"og:image:height\" content=\"800\" \/>\n\t<meta property=\"og:image:type\" content=\"image\/jpeg\" \/>\n<meta name=\"twitter:card\" content=\"summary_large_image\" \/>\n<meta name=\"twitter:label1\" content=\"Tiempo de lectura\" \/>\n\t<meta name=\"twitter:data1\" content=\"2 minutos\" \/>\n<script type=\"application\/ld+json\" class=\"yoast-schema-graph\">{\"@context\":\"https:\/\/schema.org\",\"@graph\":[{\"@type\":\"WebPage\",\"@id\":\"https:\/\/abaa.mx\/tienda\/testo-512-manometro-anemometro-0-2-hpa\/\",\"url\":\"https:\/\/abaa.mx\/tienda\/testo-512-manometro-anemometro-0-2-hpa\/\",\"name\":\"Testo 512 man\u00f3metro-anem\u00f3metro, 0-2 hpa - Abaa tienda online\",\"isPartOf\":{\"@id\":\"https:\/\/abaa.mx\/tienda\/#website\"},\"primaryImageOfPage\":{\"@id\":\"https:\/\/abaa.mx\/tienda\/testo-512-manometro-anemometro-0-2-hpa\/#primaryimage\"},\"image\":{\"@id\":\"https:\/\/abaa.mx\/tienda\/testo-512-manometro-anemometro-0-2-hpa\/#primaryimage\"},\"thumbnailUrl\":\"https:\/\/abaa.mx\/tienda\/wp-content\/uploads\/2023\/10\/512-0-2.jpg\",\"datePublished\":\"2023-10-24T14:49:42+00:00\",\"dateModified\":\"2023-11-23T17:44:26+00:00\",\"breadcrumb\":{\"@id\":\"https:\/\/abaa.mx\/tienda\/testo-512-manometro-anemometro-0-2-hpa\/#breadcrumb\"},\"inLanguage\":\"es\",\"potentialAction\":[{\"@type\":\"ReadAction\",\"target\":[\"https:\/\/abaa.mx\/tienda\/testo-512-manometro-anemometro-0-2-hpa\/\"]}]},{\"@type\":\"ImageObject\",\"inLanguage\":\"es\",\"@id\":\"https:\/\/abaa.mx\/tienda\/testo-512-manometro-anemometro-0-2-hpa\/#primaryimage\",\"url\":\"https:\/\/abaa.mx\/tienda\/wp-content\/uploads\/2023\/10\/512-0-2.jpg\",\"contentUrl\":\"https:\/\/abaa.mx\/tienda\/wp-content\/uploads\/2023\/10\/512-0-2.jpg\",\"width\":800,\"height\":800,\"caption\":\"512-0-2\"},{\"@type\":\"BreadcrumbList\",\"@id\":\"https:\/\/abaa.mx\/tienda\/testo-512-manometro-anemometro-0-2-hpa\/#breadcrumb\",\"itemListElement\":[{\"@type\":\"ListItem\",\"position\":1,\"name\":\"Inicio\",\"item\":\"https:\/\/abaa.mx\/tienda\/\"},{\"@type\":\"ListItem\",\"position\":2,\"name\":\"Tienda\",\"item\":\"https:\/\/abaa.mx\/tienda\/\"},{\"@type\":\"ListItem\",\"position\":3,\"name\":\"Testo 512 man\u00f3metro-anem\u00f3metro, 0-2 hpa\"}]},{\"@type\":\"WebSite\",\"@id\":\"https:\/\/abaa.mx\/tienda\/#website\",\"url\":\"https:\/\/abaa.mx\/tienda\/\",\"name\":\"Abaa tienda online\",\"description\":\"Instrumentos de medici\u00f3n\",\"publisher\":{\"@id\":\"https:\/\/abaa.mx\/tienda\/#organization\"},\"potentialAction\":[{\"@type\":\"SearchAction\",\"target\":{\"@type\":\"EntryPoint\",\"urlTemplate\":\"https:\/\/abaa.mx\/tienda\/?s={search_term_string}\"},\"query-input\":{\"@type\":\"PropertyValueSpecification\",\"valueRequired\":true,\"valueName\":\"search_term_string\"}}],\"inLanguage\":\"es\"},{\"@type\":\"Organization\",\"@id\":\"https:\/\/abaa.mx\/tienda\/#organization\",\"name\":\"Abaa tienda online\",\"url\":\"https:\/\/abaa.mx\/tienda\/\",\"logo\":{\"@type\":\"ImageObject\",\"inLanguage\":\"es\",\"@id\":\"https:\/\/abaa.mx\/tienda\/#\/schema\/logo\/image\/\",\"url\":\"https:\/\/abaa.mx\/tienda\/wp-content\/uploads\/2024\/01\/abaa-metrologia-tienda.png\",\"contentUrl\":\"https:\/\/abaa.mx\/tienda\/wp-content\/uploads\/2024\/01\/abaa-metrologia-tienda.png\",\"width\":300,\"height\":141,\"caption\":\"Abaa tienda online\"},\"image\":{\"@id\":\"https:\/\/abaa.mx\/tienda\/#\/schema\/logo\/image\/\"}}]}<\/script>\n<!-- \/ Yoast SEO plugin. -->","yoast_head_json":{"title":"Testo 512 man\u00f3metro-anem\u00f3metro, 0-2 hpa - Abaa tienda online","robots":{"index":"index","follow":"follow","max-snippet":"max-snippet:-1","max-image-preview":"max-image-preview:large","max-video-preview":"max-video-preview:-1"},"canonical":"https:\/\/abaa.mx\/tienda\/testo-512-manometro-anemometro-0-2-hpa\/","og_locale":"es_MX","og_type":"article","og_title":"Testo 512 man\u00f3metro-anem\u00f3metro, 0-2 hpa - Abaa tienda online","og_description":"Muestra la presi\u00f3n y la velocidad del flujo simult\u00e1neamente en una pantalla retroiluminada, grande y f\u00e1cil de leer. Los datos de medici\u00f3n se imprimen in situ con fecha y hora, as\u00ed como con valores m\u00ednimos y m\u00e1ximos.","og_url":"https:\/\/abaa.mx\/tienda\/testo-512-manometro-anemometro-0-2-hpa\/","og_site_name":"Abaa tienda online","article_modified_time":"2023-11-23T17:44:26+00:00","og_image":[{"width":800,"height":800,"url":"https:\/\/abaa.mx\/tienda\/wp-content\/uploads\/2023\/10\/512-0-2.jpg","type":"image\/jpeg"}],"twitter_card":"summary_large_image","twitter_misc":{"Tiempo de lectura":"2 minutos"},"schema":{"@context":"https:\/\/schema.org","@graph":[{"@type":"WebPage","@id":"https:\/\/abaa.mx\/tienda\/testo-512-manometro-anemometro-0-2-hpa\/","url":"https:\/\/abaa.mx\/tienda\/testo-512-manometro-anemometro-0-2-hpa\/","name":"Testo 512 man\u00f3metro-anem\u00f3metro, 0-2 hpa - Abaa tienda online","isPartOf":{"@id":"https:\/\/abaa.mx\/tienda\/#website"},"primaryImageOfPage":{"@id":"https:\/\/abaa.mx\/tienda\/testo-512-manometro-anemometro-0-2-hpa\/#primaryimage"},"image":{"@id":"https:\/\/abaa.mx\/tienda\/testo-512-manometro-anemometro-0-2-hpa\/#primaryimage"},"thumbnailUrl":"https:\/\/abaa.mx\/tienda\/wp-content\/uploads\/2023\/10\/512-0-2.jpg","datePublished":"2023-10-24T14:49:42+00:00","dateModified":"2023-11-23T17:44:26+00:00","breadcrumb":{"@id":"https:\/\/abaa.mx\/tienda\/testo-512-manometro-anemometro-0-2-hpa\/#breadcrumb"},"inLanguage":"es","potentialAction":[{"@type":"ReadAction","target":["https:\/\/abaa.mx\/tienda\/testo-512-manometro-anemometro-0-2-hpa\/"]}]},{"@type":"ImageObject","inLanguage":"es","@id":"https:\/\/abaa.mx\/tienda\/testo-512-manometro-anemometro-0-2-hpa\/#primaryimage","url":"https:\/\/abaa.mx\/tienda\/wp-content\/uploads\/2023\/10\/512-0-2.jpg","contentUrl":"https:\/\/abaa.mx\/tienda\/wp-content\/uploads\/2023\/10\/512-0-2.jpg","width":800,"height":800,"caption":"512-0-2"},{"@type":"BreadcrumbList","@id":"https:\/\/abaa.mx\/tienda\/testo-512-manometro-anemometro-0-2-hpa\/#breadcrumb","itemListElement":[{"@type":"ListItem","position":1,"name":"Inicio","item":"https:\/\/abaa.mx\/tienda\/"},{"@type":"ListItem","position":2,"name":"Tienda","item":"https:\/\/abaa.mx\/tienda\/"},{"@type":"ListItem","position":3,"name":"Testo 512 man\u00f3metro-anem\u00f3metro, 0-2 hpa"}]},{"@type":"WebSite","@id":"https:\/\/abaa.mx\/tienda\/#website","url":"https:\/\/abaa.mx\/tienda\/","name":"Abaa tienda online","description":"Instrumentos de medici\u00f3n","publisher":{"@id":"https:\/\/abaa.mx\/tienda\/#organization"},"potentialAction":[{"@type":"SearchAction","target":{"@type":"EntryPoint","urlTemplate":"https:\/\/abaa.mx\/tienda\/?s={search_term_string}"},"query-input":{"@type":"PropertyValueSpecification","valueRequired":true,"valueName":"search_term_string"}}],"inLanguage":"es"},{"@type":"Organization","@id":"https:\/\/abaa.mx\/tienda\/#organization","name":"Abaa tienda online","url":"https:\/\/abaa.mx\/tienda\/","logo":{"@type":"ImageObject","inLanguage":"es","@id":"https:\/\/abaa.mx\/tienda\/#\/schema\/logo\/image\/","url":"https:\/\/abaa.mx\/tienda\/wp-content\/uploads\/2024\/01\/abaa-metrologia-tienda.png","contentUrl":"https:\/\/abaa.mx\/tienda\/wp-content\/uploads\/2024\/01\/abaa-metrologia-tienda.png","width":300,"height":141,"caption":"Abaa tienda online"},"image":{"@id":"https:\/\/abaa.mx\/tienda\/#\/schema\/logo\/image\/"}}]}},"_links":{"self":[{"href":"https:\/\/abaa.mx\/tienda\/wp-json\/wp\/v2\/product\/7552","targetHints":{"allow":["GET"]}}],"collection":[{"href":"https:\/\/abaa.mx\/tienda\/wp-json\/wp\/v2\/product"}],"about":[{"href":"https:\/\/abaa.mx\/tienda\/wp-json\/wp\/v2\/types\/product"}],"replies":[{"embeddable":true,"href":"https:\/\/abaa.mx\/tienda\/wp-json\/wp\/v2\/comments?post=7552"}],"wp:featuredmedia":[{"embeddable":true,"href":"https:\/\/abaa.mx\/tienda\/wp-json\/wp\/v2\/media\/7556"}],"wp:attachment":[{"href":"https:\/\/abaa.mx\/tienda\/wp-json\/wp\/v2\/media?parent=7552"}],"wp:term":[{"taxonomy":"product_brand","embeddable":true,"href":"https:\/\/abaa.mx\/tienda\/wp-json\/wp\/v2\/product_brand?post=7552"},{"taxonomy":"product_cat","embeddable":true,"href":"https:\/\/abaa.mx\/tienda\/wp-json\/wp\/v2\/product_cat?post=7552"},{"taxonomy":"product_tag","embeddable":true,"href":"https:\/\/abaa.mx\/tienda\/wp-json\/wp\/v2\/product_tag?post=7552"}],"curies":[{"name":"wp","href":"https:\/\/api.w.org\/{rel}","templated":true}]}}