{"id":7548,"date":"2023-10-24T14:38:37","date_gmt":"2023-10-24T14:38:37","guid":{"rendered":"https:\/\/abaa.mx\/tienda\/?post_type=product&#038;p=7548"},"modified":"2023-10-24T14:38:38","modified_gmt":"2023-10-24T14:38:38","slug":"testo-511-pocket-pro-medidor-de-presion-absoluta-y-altitud","status":"publish","type":"product","link":"https:\/\/abaa.mx\/tienda\/testo-511-pocket-pro-medidor-de-presion-absoluta-y-altitud\/","title":{"rendered":"testo 511 pocket pro medidor de presi\u00f3n absoluta y altitud"},"content":{"rendered":"<div class=\"row-fluid\">\n<div class=\"span12\">\n<div class=\"row-fluid\">\n<div class=\"span10\">\n<div class=\"mhide ipad-view-setting\">\n<div class=\"row-fluid ProductTabs\">\n<div class=\"span12\">\n<div class=\"tab-content\">\n<div id=\"tab0\" class=\"product-tabs tab-pane  active\">\n<p>Testo 511 mide la presi\u00f3n absoluta, es decir, la compensaci\u00f3n de la presi\u00f3n absoluta en conductos con un tubo de pitot. Tiene una precisi\u00f3n de +\/-1,2&#8243; H20. Tambi\u00e9n puede calcular la presi\u00f3n barom\u00e9trica y medir la altitue. Este pr\u00e1ctico medidor de bolsillo es muy f\u00e1cil de operar.<\/p>\n<p><strong>Caracter\u00edsticas del testo 511<\/strong><\/p>\n<ul>\n<li>C\u00e1lculo de la presi\u00f3n atmosf\u00e9rica barom\u00e9trica<\/li>\n<li>Medici\u00f3n barom\u00e9trica de la altitud<\/li>\n<li>Precisi\u00f3n +\/-3 hPa<\/li>\n<li>8 unidades de presi\u00f3n conmutables: hPa, mbar, Pa, mmH2O, mmHg, inH2O, inHg, psi<\/li>\n<\/ul>\n<h4>Datos t\u00e9cnicos de Testo 511<\/h4>\n<table class=\"table table-striped\">\n<tbody>\n<tr>\n<td>Temperatura de almacenamiento<\/td>\n<td>De -40 a +70 \u00b0C<\/td>\n<\/tr>\n<tr>\n<td>Temperatura de funcionamiento<\/td>\n<td>De 32 a +122 \u00b0F<\/td>\n<\/tr>\n<tr>\n<td>Tipo de bater\u00eda<\/td>\n<td>2 pilas AAA<\/td>\n<\/tr>\n<tr>\n<td>Duraci\u00f3n de la bater\u00eda<\/td>\n<td>200 horas<\/td>\n<\/tr>\n<tr>\n<td>Dimensiones<\/td>\n<td>4,5 x 1,7 x 1 pulgada<\/td>\n<\/tr>\n<tr>\n<th colspan=\"2\">\n<h5>Sonda de presi\u00f3n absoluta<\/h5>\n<\/th>\n<\/tr>\n<tr>\n<td>Rango de medici\u00f3n<\/td>\n<td>\u00b10.01 pulgadas H2O<\/td>\n<\/tr>\n<tr>\n<td>Exactitud<\/td>\n<td>De 120,4 a 481,8 pulgadas de H2O<\/td>\n<\/tr>\n<tr>\n<td>Resoluci\u00f3n<\/td>\n<td>\u00b11.2 pulgadas de H2O<\/td>\n<\/tr>\n<\/tbody>\n<\/table>\n<\/div>\n<\/div>\n<\/div>\n<\/div>\n<\/div>\n<\/div>\n<\/div>\n<\/div>\n<\/div>\n","protected":false},"excerpt":{"rendered":"<p class=\"short-description mhide ipad-view-setting\">Mide la presi\u00f3n absoluta con una precisi\u00f3n de \u00b13 hPa. Convierta las lecturas en presi\u00f3n de aire barom\u00e9trica ingresando la altura sobre el nivel del mar en el sitio. Tambi\u00e9n puede medir la elevaci\u00f3n barom\u00e9trica entre dos puntos.<\/p>\n<p class=\"comment-tag-product\">\n<div class=\"row-fluid\">\n<div class=\"span12 mobile-pricing-box-padding\">\n<form id=\"55091\" accept-charset=\"utf-8\" action=\"https:\/\/www.globaltestsupply.com\/shop\/add\" method=\"post\" name=\"addTocartFunction\">\n<div><\/div>\n<\/form>\n<\/div>\n<\/div>\n","protected":false},"featured_media":7549,"comment_status":"open","ping_status":"closed","template":"","meta":{"_joinchat":[]},"product_brand":[],"product_cat":[15],"product_tag":[],"class_list":{"0":"post-7548","1":"product","2":"type-product","3":"status-publish","4":"has-post-thumbnail","6":"product_cat-sin-categorizar","8":"first","9":"instock","10":"shipping-taxable","11":"product-type-simple"},"yoast_head":"<!-- This site is optimized with the Yoast SEO plugin v26.4 - https:\/\/yoast.com\/wordpress\/plugins\/seo\/ -->\n<title>testo 511 pocket pro medidor de presi\u00f3n absoluta y altitud - Abaa tienda online<\/title>\n<meta name=\"robots\" content=\"index, follow, max-snippet:-1, max-image-preview:large, max-video-preview:-1\" \/>\n<link rel=\"canonical\" href=\"https:\/\/abaa.mx\/tienda\/testo-511-pocket-pro-medidor-de-presion-absoluta-y-altitud\/\" \/>\n<meta property=\"og:locale\" content=\"es_MX\" \/>\n<meta property=\"og:type\" content=\"article\" \/>\n<meta property=\"og:title\" content=\"testo 511 pocket pro medidor de presi\u00f3n absoluta y altitud - Abaa tienda online\" \/>\n<meta property=\"og:description\" content=\"Mide la presi\u00f3n absoluta con una precisi\u00f3n de \u00b13 hPa. Convierta las lecturas en presi\u00f3n de aire barom\u00e9trica ingresando la altura sobre el nivel del mar en el sitio. Tambi\u00e9n puede medir la elevaci\u00f3n barom\u00e9trica entre dos puntos.\" \/>\n<meta property=\"og:url\" content=\"https:\/\/abaa.mx\/tienda\/testo-511-pocket-pro-medidor-de-presion-absoluta-y-altitud\/\" \/>\n<meta property=\"og:site_name\" content=\"Abaa tienda online\" \/>\n<meta property=\"article:modified_time\" content=\"2023-10-24T14:38:38+00:00\" \/>\n<meta property=\"og:image\" content=\"https:\/\/abaa.mx\/tienda\/wp-content\/uploads\/2023\/10\/511.jpg\" \/>\n\t<meta property=\"og:image:width\" content=\"270\" \/>\n\t<meta property=\"og:image:height\" content=\"270\" \/>\n\t<meta property=\"og:image:type\" content=\"image\/jpeg\" \/>\n<meta name=\"twitter:card\" content=\"summary_large_image\" \/>\n<meta name=\"twitter:label1\" content=\"Tiempo de lectura\" \/>\n\t<meta name=\"twitter:data1\" content=\"1 minuto\" \/>\n<script type=\"application\/ld+json\" class=\"yoast-schema-graph\">{\"@context\":\"https:\/\/schema.org\",\"@graph\":[{\"@type\":\"WebPage\",\"@id\":\"https:\/\/abaa.mx\/tienda\/testo-511-pocket-pro-medidor-de-presion-absoluta-y-altitud\/\",\"url\":\"https:\/\/abaa.mx\/tienda\/testo-511-pocket-pro-medidor-de-presion-absoluta-y-altitud\/\",\"name\":\"testo 511 pocket pro medidor de presi\u00f3n absoluta y altitud - Abaa tienda online\",\"isPartOf\":{\"@id\":\"https:\/\/abaa.mx\/tienda\/#website\"},\"primaryImageOfPage\":{\"@id\":\"https:\/\/abaa.mx\/tienda\/testo-511-pocket-pro-medidor-de-presion-absoluta-y-altitud\/#primaryimage\"},\"image\":{\"@id\":\"https:\/\/abaa.mx\/tienda\/testo-511-pocket-pro-medidor-de-presion-absoluta-y-altitud\/#primaryimage\"},\"thumbnailUrl\":\"https:\/\/abaa.mx\/tienda\/wp-content\/uploads\/2023\/10\/511.jpg\",\"datePublished\":\"2023-10-24T14:38:37+00:00\",\"dateModified\":\"2023-10-24T14:38:38+00:00\",\"breadcrumb\":{\"@id\":\"https:\/\/abaa.mx\/tienda\/testo-511-pocket-pro-medidor-de-presion-absoluta-y-altitud\/#breadcrumb\"},\"inLanguage\":\"es\",\"potentialAction\":[{\"@type\":\"ReadAction\",\"target\":[\"https:\/\/abaa.mx\/tienda\/testo-511-pocket-pro-medidor-de-presion-absoluta-y-altitud\/\"]}]},{\"@type\":\"ImageObject\",\"inLanguage\":\"es\",\"@id\":\"https:\/\/abaa.mx\/tienda\/testo-511-pocket-pro-medidor-de-presion-absoluta-y-altitud\/#primaryimage\",\"url\":\"https:\/\/abaa.mx\/tienda\/wp-content\/uploads\/2023\/10\/511.jpg\",\"contentUrl\":\"https:\/\/abaa.mx\/tienda\/wp-content\/uploads\/2023\/10\/511.jpg\",\"width\":270,\"height\":270,\"caption\":\"511\"},{\"@type\":\"BreadcrumbList\",\"@id\":\"https:\/\/abaa.mx\/tienda\/testo-511-pocket-pro-medidor-de-presion-absoluta-y-altitud\/#breadcrumb\",\"itemListElement\":[{\"@type\":\"ListItem\",\"position\":1,\"name\":\"Inicio\",\"item\":\"https:\/\/abaa.mx\/tienda\/\"},{\"@type\":\"ListItem\",\"position\":2,\"name\":\"Tienda\",\"item\":\"https:\/\/abaa.mx\/tienda\/\"},{\"@type\":\"ListItem\",\"position\":3,\"name\":\"testo 511 pocket pro medidor de presi\u00f3n absoluta y altitud\"}]},{\"@type\":\"WebSite\",\"@id\":\"https:\/\/abaa.mx\/tienda\/#website\",\"url\":\"https:\/\/abaa.mx\/tienda\/\",\"name\":\"Abaa tienda online\",\"description\":\"Instrumentos de medici\u00f3n\",\"publisher\":{\"@id\":\"https:\/\/abaa.mx\/tienda\/#organization\"},\"potentialAction\":[{\"@type\":\"SearchAction\",\"target\":{\"@type\":\"EntryPoint\",\"urlTemplate\":\"https:\/\/abaa.mx\/tienda\/?s={search_term_string}\"},\"query-input\":{\"@type\":\"PropertyValueSpecification\",\"valueRequired\":true,\"valueName\":\"search_term_string\"}}],\"inLanguage\":\"es\"},{\"@type\":\"Organization\",\"@id\":\"https:\/\/abaa.mx\/tienda\/#organization\",\"name\":\"Abaa tienda online\",\"url\":\"https:\/\/abaa.mx\/tienda\/\",\"logo\":{\"@type\":\"ImageObject\",\"inLanguage\":\"es\",\"@id\":\"https:\/\/abaa.mx\/tienda\/#\/schema\/logo\/image\/\",\"url\":\"https:\/\/abaa.mx\/tienda\/wp-content\/uploads\/2024\/01\/abaa-metrologia-tienda.png\",\"contentUrl\":\"https:\/\/abaa.mx\/tienda\/wp-content\/uploads\/2024\/01\/abaa-metrologia-tienda.png\",\"width\":300,\"height\":141,\"caption\":\"Abaa tienda online\"},\"image\":{\"@id\":\"https:\/\/abaa.mx\/tienda\/#\/schema\/logo\/image\/\"}}]}<\/script>\n<!-- \/ Yoast SEO plugin. -->","yoast_head_json":{"title":"testo 511 pocket pro medidor de presi\u00f3n absoluta y altitud - Abaa tienda online","robots":{"index":"index","follow":"follow","max-snippet":"max-snippet:-1","max-image-preview":"max-image-preview:large","max-video-preview":"max-video-preview:-1"},"canonical":"https:\/\/abaa.mx\/tienda\/testo-511-pocket-pro-medidor-de-presion-absoluta-y-altitud\/","og_locale":"es_MX","og_type":"article","og_title":"testo 511 pocket pro medidor de presi\u00f3n absoluta y altitud - Abaa tienda online","og_description":"Mide la presi\u00f3n absoluta con una precisi\u00f3n de \u00b13 hPa. Convierta las lecturas en presi\u00f3n de aire barom\u00e9trica ingresando la altura sobre el nivel del mar en el sitio. Tambi\u00e9n puede medir la elevaci\u00f3n barom\u00e9trica entre dos puntos.","og_url":"https:\/\/abaa.mx\/tienda\/testo-511-pocket-pro-medidor-de-presion-absoluta-y-altitud\/","og_site_name":"Abaa tienda online","article_modified_time":"2023-10-24T14:38:38+00:00","og_image":[{"width":270,"height":270,"url":"https:\/\/abaa.mx\/tienda\/wp-content\/uploads\/2023\/10\/511.jpg","type":"image\/jpeg"}],"twitter_card":"summary_large_image","twitter_misc":{"Tiempo de lectura":"1 minuto"},"schema":{"@context":"https:\/\/schema.org","@graph":[{"@type":"WebPage","@id":"https:\/\/abaa.mx\/tienda\/testo-511-pocket-pro-medidor-de-presion-absoluta-y-altitud\/","url":"https:\/\/abaa.mx\/tienda\/testo-511-pocket-pro-medidor-de-presion-absoluta-y-altitud\/","name":"testo 511 pocket pro medidor de presi\u00f3n absoluta y altitud - Abaa tienda online","isPartOf":{"@id":"https:\/\/abaa.mx\/tienda\/#website"},"primaryImageOfPage":{"@id":"https:\/\/abaa.mx\/tienda\/testo-511-pocket-pro-medidor-de-presion-absoluta-y-altitud\/#primaryimage"},"image":{"@id":"https:\/\/abaa.mx\/tienda\/testo-511-pocket-pro-medidor-de-presion-absoluta-y-altitud\/#primaryimage"},"thumbnailUrl":"https:\/\/abaa.mx\/tienda\/wp-content\/uploads\/2023\/10\/511.jpg","datePublished":"2023-10-24T14:38:37+00:00","dateModified":"2023-10-24T14:38:38+00:00","breadcrumb":{"@id":"https:\/\/abaa.mx\/tienda\/testo-511-pocket-pro-medidor-de-presion-absoluta-y-altitud\/#breadcrumb"},"inLanguage":"es","potentialAction":[{"@type":"ReadAction","target":["https:\/\/abaa.mx\/tienda\/testo-511-pocket-pro-medidor-de-presion-absoluta-y-altitud\/"]}]},{"@type":"ImageObject","inLanguage":"es","@id":"https:\/\/abaa.mx\/tienda\/testo-511-pocket-pro-medidor-de-presion-absoluta-y-altitud\/#primaryimage","url":"https:\/\/abaa.mx\/tienda\/wp-content\/uploads\/2023\/10\/511.jpg","contentUrl":"https:\/\/abaa.mx\/tienda\/wp-content\/uploads\/2023\/10\/511.jpg","width":270,"height":270,"caption":"511"},{"@type":"BreadcrumbList","@id":"https:\/\/abaa.mx\/tienda\/testo-511-pocket-pro-medidor-de-presion-absoluta-y-altitud\/#breadcrumb","itemListElement":[{"@type":"ListItem","position":1,"name":"Inicio","item":"https:\/\/abaa.mx\/tienda\/"},{"@type":"ListItem","position":2,"name":"Tienda","item":"https:\/\/abaa.mx\/tienda\/"},{"@type":"ListItem","position":3,"name":"testo 511 pocket pro medidor de presi\u00f3n absoluta y altitud"}]},{"@type":"WebSite","@id":"https:\/\/abaa.mx\/tienda\/#website","url":"https:\/\/abaa.mx\/tienda\/","name":"Abaa tienda online","description":"Instrumentos de medici\u00f3n","publisher":{"@id":"https:\/\/abaa.mx\/tienda\/#organization"},"potentialAction":[{"@type":"SearchAction","target":{"@type":"EntryPoint","urlTemplate":"https:\/\/abaa.mx\/tienda\/?s={search_term_string}"},"query-input":{"@type":"PropertyValueSpecification","valueRequired":true,"valueName":"search_term_string"}}],"inLanguage":"es"},{"@type":"Organization","@id":"https:\/\/abaa.mx\/tienda\/#organization","name":"Abaa tienda online","url":"https:\/\/abaa.mx\/tienda\/","logo":{"@type":"ImageObject","inLanguage":"es","@id":"https:\/\/abaa.mx\/tienda\/#\/schema\/logo\/image\/","url":"https:\/\/abaa.mx\/tienda\/wp-content\/uploads\/2024\/01\/abaa-metrologia-tienda.png","contentUrl":"https:\/\/abaa.mx\/tienda\/wp-content\/uploads\/2024\/01\/abaa-metrologia-tienda.png","width":300,"height":141,"caption":"Abaa tienda online"},"image":{"@id":"https:\/\/abaa.mx\/tienda\/#\/schema\/logo\/image\/"}}]}},"_links":{"self":[{"href":"https:\/\/abaa.mx\/tienda\/wp-json\/wp\/v2\/product\/7548","targetHints":{"allow":["GET"]}}],"collection":[{"href":"https:\/\/abaa.mx\/tienda\/wp-json\/wp\/v2\/product"}],"about":[{"href":"https:\/\/abaa.mx\/tienda\/wp-json\/wp\/v2\/types\/product"}],"replies":[{"embeddable":true,"href":"https:\/\/abaa.mx\/tienda\/wp-json\/wp\/v2\/comments?post=7548"}],"wp:featuredmedia":[{"embeddable":true,"href":"https:\/\/abaa.mx\/tienda\/wp-json\/wp\/v2\/media\/7549"}],"wp:attachment":[{"href":"https:\/\/abaa.mx\/tienda\/wp-json\/wp\/v2\/media?parent=7548"}],"wp:term":[{"taxonomy":"product_brand","embeddable":true,"href":"https:\/\/abaa.mx\/tienda\/wp-json\/wp\/v2\/product_brand?post=7548"},{"taxonomy":"product_cat","embeddable":true,"href":"https:\/\/abaa.mx\/tienda\/wp-json\/wp\/v2\/product_cat?post=7548"},{"taxonomy":"product_tag","embeddable":true,"href":"https:\/\/abaa.mx\/tienda\/wp-json\/wp\/v2\/product_tag?post=7548"}],"curies":[{"name":"wp","href":"https:\/\/api.w.org\/{rel}","templated":true}]}}