{"id":7538,"date":"2023-10-24T14:55:55","date_gmt":"2023-10-24T14:55:55","guid":{"rendered":"https:\/\/abaa.mx\/tienda\/?post_type=product&#038;p=7538"},"modified":"2023-10-24T14:55:56","modified_gmt":"2023-10-24T14:55:56","slug":"refractometro-digital-reed-r9510-de-0-a-55-brix","status":"publish","type":"product","link":"https:\/\/abaa.mx\/tienda\/refractometro-digital-reed-r9510-de-0-a-55-brix\/","title":{"rendered":"Refract\u00f3metro digital reed r9510, de 0 a 55 % brix"},"content":{"rendered":"<p>Este refract\u00f3metro digital proporciona mediciones r\u00e1pidas y precisas de % Brix de sacarosa disuelta en l\u00edquidos con solo 2-3 gotas. El R9510 cuenta con un tiempo de respuesta r\u00e1pido de tres segundos y una pantalla LCD dual, que muestra simult\u00e1neamente el % Brix y la temperatura. Dise\u00f1ado para caber en la palma de la mano, el R9510 cuenta con ATC incorporado, calibraci\u00f3n de un solo cero, una cubierta de prisma, una bater\u00eda recargable de iones de litio y una carcasa con clasificaci\u00f3n IP54.<\/p>\n<h5><strong>Funciones<\/strong><\/h5>\n<ul>\n<li>Rango de medici\u00f3n de 0 a 55 % Brix con una resoluci\u00f3n del 0,1 %<\/li>\n<li>Dise\u00f1ado ergon\u00f3micamente para el manejo con una sola mano<\/li>\n<li>La pantalla LCD dual muestra simult\u00e1neamente el % Brix y la temperatura<\/li>\n<li>Prisma de zafiro con recubrimiento resistente a la abrasi\u00f3n y a la corrosi\u00f3n<\/li>\n<li>Compensaci\u00f3n autom\u00e1tica de temperatura (ATC)<\/li>\n<li>Calibraci\u00f3n Zero incorporada<\/li>\n<li>Bater\u00eda recargable<\/li>\n<\/ul>\n<h4>Especificaciones de REED R9510<\/h4>\n<table class=\"table table-striped\">\n<tbody>\n<tr>\n<td>Rango de medici\u00f3n<\/td>\n<td>Brix: 0.0 a 55.0%<br \/>\nTemperatura: 50 a 104 \u00b0 F (10 a 40 \u00b0 C)<\/td>\n<\/tr>\n<tr>\n<td>Resoluci\u00f3n<\/td>\n<td>Brix: 0.1%<br \/>\nTemperatura: 1\u00b0F (1\u00b0C)<\/td>\n<\/tr>\n<tr>\n<td>Exactitud<\/td>\n<td>Brix: \u00b10.2%<br \/>\nTemperatura: \u00b11 \u00b0 F (1 \u00b0 C)<\/td>\n<\/tr>\n<tr>\n<td>Rango de compensaci\u00f3n de temperatura<\/td>\n<td>De 50 a 104 \u00b0C (10 a 40 \u00b0F)<\/td>\n<\/tr>\n<tr>\n<td>Volumen de la muestra<\/td>\n<td>0,3 mm<\/td>\n<\/tr>\n<tr>\n<td>Tiempo de medici\u00f3n<\/td>\n<td>3 segundos<\/td>\n<\/tr>\n<tr>\n<td>Apagado autom\u00e1tico<\/td>\n<td>2 minutos<\/td>\n<\/tr>\n<tr>\n<td>Fuente de alimentaci\u00f3n<\/td>\n<td>Bater\u00eda recargable de iones de litio de 750 mAh<\/td>\n<\/tr>\n<tr>\n<td>Duraci\u00f3n de la bater\u00eda<\/td>\n<td>40 horas<\/td>\n<\/tr>\n<tr>\n<td>Tiempo de carga<\/td>\n<td>3.5 horas<\/td>\n<\/tr>\n<tr>\n<td>Certificaciones de productos<\/td>\n<td>CE, IP54<\/td>\n<\/tr>\n<tr>\n<td>Dimensiones<\/td>\n<td>5,5 x 2,2 x 1,38&#8243; (140 x 55 x 35 mm)<\/td>\n<\/tr>\n<tr>\n<td>Peso<\/td>\n<td>0.19 libras (84 g)<\/td>\n<\/tr>\n<\/tbody>\n<\/table>\n","protected":false},"excerpt":{"rendered":"<p class=\"short-description mhide ipad-view-setting\">Este refract\u00f3metro digital port\u00e1til de 0 a 55% Brix mide el porcentaje de concentraci\u00f3n en casi cualquier jugo, bebida o alimento, como sopa, salsa o mermeladas.<\/p>\n<p class=\"comment-tag-product\">\n<div class=\"row-fluid\">\n<div class=\"span12 mobile-pricing-box-padding\">\n<form id=\"142187349\" accept-charset=\"utf-8\" action=\"https:\/\/www.globaltestsupply.com\/shop\/add\" method=\"post\" name=\"addTocartFunction\">\n<div><\/div>\n<\/form>\n<\/div>\n<\/div>\n","protected":false},"featured_media":7557,"comment_status":"open","ping_status":"closed","template":"","meta":{"_joinchat":[]},"product_brand":[],"product_cat":[15],"product_tag":[],"class_list":{"0":"post-7538","1":"product","2":"type-product","3":"status-publish","4":"has-post-thumbnail","6":"product_cat-sin-categorizar","8":"first","9":"instock","10":"shipping-taxable","11":"product-type-simple"},"yoast_head":"<!-- This site is optimized with the Yoast SEO plugin v26.4 - https:\/\/yoast.com\/wordpress\/plugins\/seo\/ -->\n<title>Refract\u00f3metro digital reed r9510, de 0 a 55 % brix - Abaa tienda online<\/title>\n<meta name=\"robots\" content=\"index, follow, max-snippet:-1, max-image-preview:large, max-video-preview:-1\" \/>\n<link rel=\"canonical\" href=\"https:\/\/abaa.mx\/tienda\/refractometro-digital-reed-r9510-de-0-a-55-brix\/\" \/>\n<meta property=\"og:locale\" content=\"es_MX\" \/>\n<meta property=\"og:type\" content=\"article\" \/>\n<meta property=\"og:title\" content=\"Refract\u00f3metro digital reed r9510, de 0 a 55 % brix - Abaa tienda online\" \/>\n<meta property=\"og:description\" content=\"Este refract\u00f3metro digital port\u00e1til de 0 a 55% Brix mide el porcentaje de concentraci\u00f3n en casi cualquier jugo, bebida o alimento, como sopa, salsa o mermeladas.\" \/>\n<meta property=\"og:url\" content=\"https:\/\/abaa.mx\/tienda\/refractometro-digital-reed-r9510-de-0-a-55-brix\/\" \/>\n<meta property=\"og:site_name\" content=\"Abaa tienda online\" \/>\n<meta property=\"article:modified_time\" content=\"2023-10-24T14:55:56+00:00\" \/>\n<meta property=\"og:image\" content=\"https:\/\/abaa.mx\/tienda\/wp-content\/uploads\/2023\/10\/R9510.jpg\" \/>\n\t<meta property=\"og:image:width\" content=\"300\" \/>\n\t<meta property=\"og:image:height\" content=\"550\" \/>\n\t<meta property=\"og:image:type\" content=\"image\/jpeg\" \/>\n<meta name=\"twitter:card\" content=\"summary_large_image\" \/>\n<meta name=\"twitter:label1\" content=\"Tiempo de lectura\" \/>\n\t<meta name=\"twitter:data1\" content=\"2 minutos\" \/>\n<script type=\"application\/ld+json\" class=\"yoast-schema-graph\">{\"@context\":\"https:\/\/schema.org\",\"@graph\":[{\"@type\":\"WebPage\",\"@id\":\"https:\/\/abaa.mx\/tienda\/refractometro-digital-reed-r9510-de-0-a-55-brix\/\",\"url\":\"https:\/\/abaa.mx\/tienda\/refractometro-digital-reed-r9510-de-0-a-55-brix\/\",\"name\":\"Refract\u00f3metro digital reed r9510, de 0 a 55 % brix - Abaa tienda online\",\"isPartOf\":{\"@id\":\"https:\/\/abaa.mx\/tienda\/#website\"},\"primaryImageOfPage\":{\"@id\":\"https:\/\/abaa.mx\/tienda\/refractometro-digital-reed-r9510-de-0-a-55-brix\/#primaryimage\"},\"image\":{\"@id\":\"https:\/\/abaa.mx\/tienda\/refractometro-digital-reed-r9510-de-0-a-55-brix\/#primaryimage\"},\"thumbnailUrl\":\"https:\/\/abaa.mx\/tienda\/wp-content\/uploads\/2023\/10\/R9510.jpg\",\"datePublished\":\"2023-10-24T14:55:55+00:00\",\"dateModified\":\"2023-10-24T14:55:56+00:00\",\"breadcrumb\":{\"@id\":\"https:\/\/abaa.mx\/tienda\/refractometro-digital-reed-r9510-de-0-a-55-brix\/#breadcrumb\"},\"inLanguage\":\"es\",\"potentialAction\":[{\"@type\":\"ReadAction\",\"target\":[\"https:\/\/abaa.mx\/tienda\/refractometro-digital-reed-r9510-de-0-a-55-brix\/\"]}]},{\"@type\":\"ImageObject\",\"inLanguage\":\"es\",\"@id\":\"https:\/\/abaa.mx\/tienda\/refractometro-digital-reed-r9510-de-0-a-55-brix\/#primaryimage\",\"url\":\"https:\/\/abaa.mx\/tienda\/wp-content\/uploads\/2023\/10\/R9510.jpg\",\"contentUrl\":\"https:\/\/abaa.mx\/tienda\/wp-content\/uploads\/2023\/10\/R9510.jpg\",\"width\":300,\"height\":550,\"caption\":\"refractometro-digital-reed-r9510-de-0-a-55-brix\"},{\"@type\":\"BreadcrumbList\",\"@id\":\"https:\/\/abaa.mx\/tienda\/refractometro-digital-reed-r9510-de-0-a-55-brix\/#breadcrumb\",\"itemListElement\":[{\"@type\":\"ListItem\",\"position\":1,\"name\":\"Inicio\",\"item\":\"https:\/\/abaa.mx\/tienda\/\"},{\"@type\":\"ListItem\",\"position\":2,\"name\":\"Tienda\",\"item\":\"https:\/\/abaa.mx\/tienda\/\"},{\"@type\":\"ListItem\",\"position\":3,\"name\":\"Refract\u00f3metro digital reed r9510, de 0 a 55 % brix\"}]},{\"@type\":\"WebSite\",\"@id\":\"https:\/\/abaa.mx\/tienda\/#website\",\"url\":\"https:\/\/abaa.mx\/tienda\/\",\"name\":\"Abaa tienda online\",\"description\":\"Instrumentos de medici\u00f3n\",\"publisher\":{\"@id\":\"https:\/\/abaa.mx\/tienda\/#organization\"},\"potentialAction\":[{\"@type\":\"SearchAction\",\"target\":{\"@type\":\"EntryPoint\",\"urlTemplate\":\"https:\/\/abaa.mx\/tienda\/?s={search_term_string}\"},\"query-input\":{\"@type\":\"PropertyValueSpecification\",\"valueRequired\":true,\"valueName\":\"search_term_string\"}}],\"inLanguage\":\"es\"},{\"@type\":\"Organization\",\"@id\":\"https:\/\/abaa.mx\/tienda\/#organization\",\"name\":\"Abaa tienda online\",\"url\":\"https:\/\/abaa.mx\/tienda\/\",\"logo\":{\"@type\":\"ImageObject\",\"inLanguage\":\"es\",\"@id\":\"https:\/\/abaa.mx\/tienda\/#\/schema\/logo\/image\/\",\"url\":\"https:\/\/abaa.mx\/tienda\/wp-content\/uploads\/2024\/01\/abaa-metrologia-tienda.png\",\"contentUrl\":\"https:\/\/abaa.mx\/tienda\/wp-content\/uploads\/2024\/01\/abaa-metrologia-tienda.png\",\"width\":300,\"height\":141,\"caption\":\"Abaa tienda online\"},\"image\":{\"@id\":\"https:\/\/abaa.mx\/tienda\/#\/schema\/logo\/image\/\"}}]}<\/script>\n<!-- \/ Yoast SEO plugin. -->","yoast_head_json":{"title":"Refract\u00f3metro digital reed r9510, de 0 a 55 % brix - Abaa tienda online","robots":{"index":"index","follow":"follow","max-snippet":"max-snippet:-1","max-image-preview":"max-image-preview:large","max-video-preview":"max-video-preview:-1"},"canonical":"https:\/\/abaa.mx\/tienda\/refractometro-digital-reed-r9510-de-0-a-55-brix\/","og_locale":"es_MX","og_type":"article","og_title":"Refract\u00f3metro digital reed r9510, de 0 a 55 % brix - Abaa tienda online","og_description":"Este refract\u00f3metro digital port\u00e1til de 0 a 55% Brix mide el porcentaje de concentraci\u00f3n en casi cualquier jugo, bebida o alimento, como sopa, salsa o mermeladas.","og_url":"https:\/\/abaa.mx\/tienda\/refractometro-digital-reed-r9510-de-0-a-55-brix\/","og_site_name":"Abaa tienda online","article_modified_time":"2023-10-24T14:55:56+00:00","og_image":[{"width":300,"height":550,"url":"https:\/\/abaa.mx\/tienda\/wp-content\/uploads\/2023\/10\/R9510.jpg","type":"image\/jpeg"}],"twitter_card":"summary_large_image","twitter_misc":{"Tiempo de lectura":"2 minutos"},"schema":{"@context":"https:\/\/schema.org","@graph":[{"@type":"WebPage","@id":"https:\/\/abaa.mx\/tienda\/refractometro-digital-reed-r9510-de-0-a-55-brix\/","url":"https:\/\/abaa.mx\/tienda\/refractometro-digital-reed-r9510-de-0-a-55-brix\/","name":"Refract\u00f3metro digital reed r9510, de 0 a 55 % brix - Abaa tienda online","isPartOf":{"@id":"https:\/\/abaa.mx\/tienda\/#website"},"primaryImageOfPage":{"@id":"https:\/\/abaa.mx\/tienda\/refractometro-digital-reed-r9510-de-0-a-55-brix\/#primaryimage"},"image":{"@id":"https:\/\/abaa.mx\/tienda\/refractometro-digital-reed-r9510-de-0-a-55-brix\/#primaryimage"},"thumbnailUrl":"https:\/\/abaa.mx\/tienda\/wp-content\/uploads\/2023\/10\/R9510.jpg","datePublished":"2023-10-24T14:55:55+00:00","dateModified":"2023-10-24T14:55:56+00:00","breadcrumb":{"@id":"https:\/\/abaa.mx\/tienda\/refractometro-digital-reed-r9510-de-0-a-55-brix\/#breadcrumb"},"inLanguage":"es","potentialAction":[{"@type":"ReadAction","target":["https:\/\/abaa.mx\/tienda\/refractometro-digital-reed-r9510-de-0-a-55-brix\/"]}]},{"@type":"ImageObject","inLanguage":"es","@id":"https:\/\/abaa.mx\/tienda\/refractometro-digital-reed-r9510-de-0-a-55-brix\/#primaryimage","url":"https:\/\/abaa.mx\/tienda\/wp-content\/uploads\/2023\/10\/R9510.jpg","contentUrl":"https:\/\/abaa.mx\/tienda\/wp-content\/uploads\/2023\/10\/R9510.jpg","width":300,"height":550,"caption":"refractometro-digital-reed-r9510-de-0-a-55-brix"},{"@type":"BreadcrumbList","@id":"https:\/\/abaa.mx\/tienda\/refractometro-digital-reed-r9510-de-0-a-55-brix\/#breadcrumb","itemListElement":[{"@type":"ListItem","position":1,"name":"Inicio","item":"https:\/\/abaa.mx\/tienda\/"},{"@type":"ListItem","position":2,"name":"Tienda","item":"https:\/\/abaa.mx\/tienda\/"},{"@type":"ListItem","position":3,"name":"Refract\u00f3metro digital reed r9510, de 0 a 55 % brix"}]},{"@type":"WebSite","@id":"https:\/\/abaa.mx\/tienda\/#website","url":"https:\/\/abaa.mx\/tienda\/","name":"Abaa tienda online","description":"Instrumentos de medici\u00f3n","publisher":{"@id":"https:\/\/abaa.mx\/tienda\/#organization"},"potentialAction":[{"@type":"SearchAction","target":{"@type":"EntryPoint","urlTemplate":"https:\/\/abaa.mx\/tienda\/?s={search_term_string}"},"query-input":{"@type":"PropertyValueSpecification","valueRequired":true,"valueName":"search_term_string"}}],"inLanguage":"es"},{"@type":"Organization","@id":"https:\/\/abaa.mx\/tienda\/#organization","name":"Abaa tienda online","url":"https:\/\/abaa.mx\/tienda\/","logo":{"@type":"ImageObject","inLanguage":"es","@id":"https:\/\/abaa.mx\/tienda\/#\/schema\/logo\/image\/","url":"https:\/\/abaa.mx\/tienda\/wp-content\/uploads\/2024\/01\/abaa-metrologia-tienda.png","contentUrl":"https:\/\/abaa.mx\/tienda\/wp-content\/uploads\/2024\/01\/abaa-metrologia-tienda.png","width":300,"height":141,"caption":"Abaa tienda online"},"image":{"@id":"https:\/\/abaa.mx\/tienda\/#\/schema\/logo\/image\/"}}]}},"_links":{"self":[{"href":"https:\/\/abaa.mx\/tienda\/wp-json\/wp\/v2\/product\/7538","targetHints":{"allow":["GET"]}}],"collection":[{"href":"https:\/\/abaa.mx\/tienda\/wp-json\/wp\/v2\/product"}],"about":[{"href":"https:\/\/abaa.mx\/tienda\/wp-json\/wp\/v2\/types\/product"}],"replies":[{"embeddable":true,"href":"https:\/\/abaa.mx\/tienda\/wp-json\/wp\/v2\/comments?post=7538"}],"wp:featuredmedia":[{"embeddable":true,"href":"https:\/\/abaa.mx\/tienda\/wp-json\/wp\/v2\/media\/7557"}],"wp:attachment":[{"href":"https:\/\/abaa.mx\/tienda\/wp-json\/wp\/v2\/media?parent=7538"}],"wp:term":[{"taxonomy":"product_brand","embeddable":true,"href":"https:\/\/abaa.mx\/tienda\/wp-json\/wp\/v2\/product_brand?post=7538"},{"taxonomy":"product_cat","embeddable":true,"href":"https:\/\/abaa.mx\/tienda\/wp-json\/wp\/v2\/product_cat?post=7538"},{"taxonomy":"product_tag","embeddable":true,"href":"https:\/\/abaa.mx\/tienda\/wp-json\/wp\/v2\/product_tag?post=7538"}],"curies":[{"name":"wp","href":"https:\/\/api.w.org\/{rel}","templated":true}]}}