{"id":7535,"date":"2023-10-24T14:29:13","date_gmt":"2023-10-24T14:29:13","guid":{"rendered":"https:\/\/abaa.mx\/tienda\/?post_type=product&#038;p=7535"},"modified":"2023-10-24T14:29:14","modified_gmt":"2023-10-24T14:29:14","slug":"anemometro-digital-de-paletas-testo-417-de-591-a-3937-fpm-de-0-a-58-857-cfm","status":"publish","type":"product","link":"https:\/\/abaa.mx\/tienda\/anemometro-digital-de-paletas-testo-417-de-591-a-3937-fpm-de-0-a-58-857-cfm\/","title":{"rendered":"Anem\u00f3metro digital de paletas testo 417, de 59,1 a 3937 fpm, de 0 a 58.857 cfm"},"content":{"rendered":"<p>Dise\u00f1ado para facilitarlo, este instrumento de medici\u00f3n compacto ofrece lecturas precisas siempre que las necesite. Adem\u00e1s, es r\u00e1pido, flexible, f\u00e1cil de usar y se conecta a su tel\u00e9fono inteligente con la aplicaci\u00f3n Smart, que lo ayuda a configurar el instrumento de medici\u00f3n, se hace cargo de la visualizaci\u00f3n, el almacenamiento y la documentaci\u00f3n de los valores medidos y convierte su tel\u00e9fono inteligente en una segunda pantalla. \u00a1Medir no podr\u00eda ser m\u00e1s f\u00e1cil que esto!<\/p>\n<p><strong>Funciones<\/strong><\/p>\n<ul>\n<li>Medici\u00f3n f\u00e1cil, r\u00e1pida y precisa del flujo, el caudal volum\u00e9trico y la temperatura en las entradas y salidas de aire<\/li>\n<li>Regulaci\u00f3n eficiente de la ventilaci\u00f3n residencial equilibrada y documentaci\u00f3n r\u00e1pida con la aplicaci\u00f3n Smart<\/li>\n<li>Configuraci\u00f3n r\u00e1pida en la aplicaci\u00f3n, historial de gr\u00e1ficos, segunda pantalla y memoria de datos de medici\u00f3n en la aplicaci\u00f3n inteligente<\/li>\n<li>C\u00e1lculo del valor medio cronometrado y puntual<\/li>\n<li>Durabilidad gracias a un dise\u00f1o compacto con una carcasa robusta<\/li>\n<\/ul>\n<p><strong>F\u00e1cil<\/strong><\/p>\n<ul>\n<li>Dise\u00f1o compacto: F\u00e1cilmente disponible, r\u00e1pidamente guardado<\/li>\n<li>Mano de obra robusta: cuando las cosas se ponen dif\u00edciles<\/li>\n<li>Manejo intuitivo: alta tecnolog\u00eda reducida a lo esencial<\/li>\n<li>Imprimir informes in situ: Todo en blanco y negro<\/li>\n<li>Smart App: Configura, guarda, documenta medidas y mucho m\u00e1s<\/li>\n<\/ul>\n<p><strong>R\u00e1pido<\/strong><\/p>\n<ul>\n<li>Resultados de medici\u00f3n inmediatos: Con un solo vistazo, todo est\u00e1 claro<\/li>\n<li>Configuraci\u00f3n con la Smart App: Cambie la configuraci\u00f3n con solo unos pocos clics<\/li>\n<li>C\u00e1lculo autom\u00e1tico del caudal volum\u00e9trico: el di\u00e1metro del conducto es suficiente<\/li>\n<li>Dos pantallas muestran m\u00e1s de una: muestra las curvas de medici\u00f3n de tus clientes en un smartphone, en tiempo real<\/li>\n<\/ul>\n<p><strong>Preciso<\/strong><\/p>\n<ul>\n<li>Sondas digitales probadas en la pr\u00e1ctica: para obtener resultados de medici\u00f3n estables, reproducibles y precisos a largo plazo<\/li>\n<li>Men\u00fas de medici\u00f3n \u00fatiles: Medici\u00f3n de un solo punto y curva de tiempo en cada instrumento<\/li>\n<li>Mediciones complejas, compactamente simplificadas: por ejemplo, medici\u00f3n, ajustes y documentaci\u00f3n muy f\u00e1ciles de la ventilaci\u00f3n del espacio habitable<\/li>\n<li>Documentaci\u00f3n con la Smart App: Completamente sin papeleo<\/li>\n<\/ul>\n<p><strong>Aplicaciones<\/strong><\/p>\n<ul>\n<li>Sistemas de aire acondicionado y ventilaci\u00f3n<\/li>\n<li>Sistemas de ventilaci\u00f3n comerciales y residenciales<\/li>\n<\/ul>\n<p><strong>Aplicaci\u00f3n inteligente<\/strong><\/p>\n<ul>\n<li>Sencillo y r\u00e1pido: los men\u00fas de medici\u00f3n para numerosas aplicaciones proporcionan un apoyo \u00f3ptimo en la configuraci\u00f3n y realizaci\u00f3n de la medici\u00f3n<\/li>\n<li>Presentaci\u00f3n gr\u00e1fica clara de las lecturas, por ejemplo, en forma de tabla, para una interpretaci\u00f3n r\u00e1pida de los resultados<\/li>\n<li>Cree informes de medici\u00f3n digitales que incluyan fotos como archivos PDF\/CSV in situ y env\u00edelos por correo electr\u00f3nico<\/li>\n<\/ul>\n<p>&nbsp;<\/p>\n<h4>Especificaciones de Testo 417<\/h4>\n<table class=\"table table-striped\">\n<tbody>\n<tr>\n<td>Veleta<\/td>\n<td>Rango de medici\u00f3n: 59,1 a 3937 fpm 0,3 a 20 m\/s Precisi\u00f3n (\u00b11 d\u00edgito):\u00b1(19,7 fpm + 1,5% de mv)\u00b1(0,1 m\/s + 1,5% de mv)<\/p>\n<p>Resoluci\u00f3n:<\/p>\n<p>0,01 fpm<br \/>\n0,01 m\/<br \/>\ns<\/td>\n<\/tr>\n<tr>\n<td>C\u00e1lculo de caudal volum\u00e9trico<\/td>\n<td><span>Rango de medici\u00f3n:<br \/>\n0 a 58,857 CFM<br \/>\n0 a 99,999 m<\/span><sup>3<\/sup><span>\/h<\/p>\n<p>Resoluci\u00f3n:<br \/>\n0,1 CFM (0 a 58,8 CFM); 1 CFM (rango de medici\u00f3n restante)<br \/>\n0,1 m<\/span><sup>3<\/sup><span>\/h (0 a 100 m<\/span><sup>3<\/sup><span>\/h); 1 m<\/span><sup>3<\/sup><span>\/h (rango de medici\u00f3n restante)<\/span><\/td>\n<\/tr>\n<tr>\n<td>NTC<\/td>\n<td>Rango de medici\u00f3n: 32 a 122 \u00b0F\/0 a 50 \u00b0C Precisi\u00f3n (\u00b11 d\u00edgito): \u00b10,9 \u00b0F\/\u00b10,5 \u00b0C Resoluci\u00f3n: 0,1 \u00b0F\/0,1 \u00b0C<\/td>\n<\/tr>\n<tr>\n<td>Par\u00e1metros de medici\u00f3n<\/td>\n<td><span>m\/s, fpm, \u00b0F, \u00b0C, m<\/span><sup>3<\/sup><span>\/h, cfm, l\/s<\/span><\/td>\n<\/tr>\n<tr>\n<td>Temperatura de funcionamiento\/almacenamiento<\/td>\n<td>-4 a 122 \u00b0F (-20 a 50 \u00b0C)<\/td>\n<\/tr>\n<tr>\n<td>Clase de protecci\u00f3n<\/td>\n<td>Instrumento de medici\u00f3n: IP40<br \/>\nSonda: IP20<\/td>\n<\/tr>\n<tr>\n<td>Material de la carcasa<\/td>\n<td>ABS + PC\/TPE<\/td>\n<\/tr>\n<tr>\n<td>Bater\u00eda<\/td>\n<td>Tipo: 3 x AA<br \/>\nVida: 50 horas<\/td>\n<\/tr>\n<tr>\n<td>Dimensiones<\/td>\n<td>9,3 x 4,3 x 1,8&#8243; (236,2 x 109,2 x 45,7 mm)<\/td>\n<\/tr>\n<tr>\n<td>Peso<\/td>\n<td>245 g (0,54 libras)<\/td>\n<\/tr>\n<\/tbody>\n<\/table>\n","protected":false},"excerpt":{"rendered":"<p class=\"short-description mhide ipad-view-setting\">R\u00e1pido, preciso y f\u00e1cil de usar, este anem\u00f3metro de paletas proporciona mediciones de flujo, flujo volum\u00e9trico y temperatura en entradas y salidas de aire de sistemas de aire acondicionado y ventilaci\u00f3n. Adem\u00e1s, la aplicaci\u00f3n inteligente le ayuda a ajustar los sistemas de ventilaci\u00f3n comerciales y residenciales equilibrados de manera eficiente.<\/p>\n<p class=\"comment-tag-product\">\n<div class=\"row-fluid\">\n<div class=\"span12 mobile-pricing-box-padding\">\n<form id=\"234188760\" accept-charset=\"utf-8\" action=\"https:\/\/www.globaltestsupply.com\/shop\/add\" method=\"post\" name=\"addTocartFunction\">\n<div><\/div>\n<\/form>\n<\/div>\n<\/div>\n","protected":false},"featured_media":7545,"comment_status":"open","ping_status":"closed","template":"","meta":{"_joinchat":[]},"product_brand":[],"product_cat":[15],"product_tag":[],"class_list":{"0":"post-7535","1":"product","2":"type-product","3":"status-publish","4":"has-post-thumbnail","6":"product_cat-sin-categorizar","8":"first","9":"instock","10":"shipping-taxable","11":"product-type-simple"},"yoast_head":"<!-- This site is optimized with the Yoast SEO plugin v26.4 - https:\/\/yoast.com\/wordpress\/plugins\/seo\/ -->\n<title>Anem\u00f3metro digital de paletas testo 417, de 59,1 a 3937 fpm, de 0 a 58.857 cfm - Abaa tienda online<\/title>\n<meta name=\"robots\" content=\"index, follow, max-snippet:-1, max-image-preview:large, max-video-preview:-1\" \/>\n<link rel=\"canonical\" href=\"https:\/\/abaa.mx\/tienda\/anemometro-digital-de-paletas-testo-417-de-591-a-3937-fpm-de-0-a-58-857-cfm\/\" \/>\n<meta property=\"og:locale\" content=\"es_MX\" \/>\n<meta property=\"og:type\" content=\"article\" \/>\n<meta property=\"og:title\" content=\"Anem\u00f3metro digital de paletas testo 417, de 59,1 a 3937 fpm, de 0 a 58.857 cfm - Abaa tienda online\" \/>\n<meta property=\"og:description\" content=\"R\u00e1pido, preciso y f\u00e1cil de usar, este anem\u00f3metro de paletas proporciona mediciones de flujo, flujo volum\u00e9trico y temperatura en entradas y salidas de aire de sistemas de aire acondicionado y ventilaci\u00f3n. Adem\u00e1s, la aplicaci\u00f3n inteligente le ayuda a ajustar los sistemas de ventilaci\u00f3n comerciales y residenciales equilibrados de manera eficiente.\" \/>\n<meta property=\"og:url\" content=\"https:\/\/abaa.mx\/tienda\/anemometro-digital-de-paletas-testo-417-de-591-a-3937-fpm-de-0-a-58-857-cfm\/\" \/>\n<meta property=\"og:site_name\" content=\"Abaa tienda online\" \/>\n<meta property=\"article:modified_time\" content=\"2023-10-24T14:29:14+00:00\" \/>\n<meta property=\"og:image\" content=\"https:\/\/abaa.mx\/tienda\/wp-content\/uploads\/2023\/10\/417.jpg\" \/>\n\t<meta property=\"og:image:width\" content=\"752\" \/>\n\t<meta property=\"og:image:height\" content=\"1500\" \/>\n\t<meta property=\"og:image:type\" content=\"image\/jpeg\" \/>\n<meta name=\"twitter:card\" content=\"summary_large_image\" \/>\n<meta name=\"twitter:label1\" content=\"Tiempo de lectura\" \/>\n\t<meta name=\"twitter:data1\" content=\"3 minutos\" \/>\n<script type=\"application\/ld+json\" class=\"yoast-schema-graph\">{\"@context\":\"https:\/\/schema.org\",\"@graph\":[{\"@type\":\"WebPage\",\"@id\":\"https:\/\/abaa.mx\/tienda\/anemometro-digital-de-paletas-testo-417-de-591-a-3937-fpm-de-0-a-58-857-cfm\/\",\"url\":\"https:\/\/abaa.mx\/tienda\/anemometro-digital-de-paletas-testo-417-de-591-a-3937-fpm-de-0-a-58-857-cfm\/\",\"name\":\"Anem\u00f3metro digital de paletas testo 417, de 59,1 a 3937 fpm, de 0 a 58.857 cfm - Abaa tienda online\",\"isPartOf\":{\"@id\":\"https:\/\/abaa.mx\/tienda\/#website\"},\"primaryImageOfPage\":{\"@id\":\"https:\/\/abaa.mx\/tienda\/anemometro-digital-de-paletas-testo-417-de-591-a-3937-fpm-de-0-a-58-857-cfm\/#primaryimage\"},\"image\":{\"@id\":\"https:\/\/abaa.mx\/tienda\/anemometro-digital-de-paletas-testo-417-de-591-a-3937-fpm-de-0-a-58-857-cfm\/#primaryimage\"},\"thumbnailUrl\":\"https:\/\/abaa.mx\/tienda\/wp-content\/uploads\/2023\/10\/417.jpg\",\"datePublished\":\"2023-10-24T14:29:13+00:00\",\"dateModified\":\"2023-10-24T14:29:14+00:00\",\"breadcrumb\":{\"@id\":\"https:\/\/abaa.mx\/tienda\/anemometro-digital-de-paletas-testo-417-de-591-a-3937-fpm-de-0-a-58-857-cfm\/#breadcrumb\"},\"inLanguage\":\"es\",\"potentialAction\":[{\"@type\":\"ReadAction\",\"target\":[\"https:\/\/abaa.mx\/tienda\/anemometro-digital-de-paletas-testo-417-de-591-a-3937-fpm-de-0-a-58-857-cfm\/\"]}]},{\"@type\":\"ImageObject\",\"inLanguage\":\"es\",\"@id\":\"https:\/\/abaa.mx\/tienda\/anemometro-digital-de-paletas-testo-417-de-591-a-3937-fpm-de-0-a-58-857-cfm\/#primaryimage\",\"url\":\"https:\/\/abaa.mx\/tienda\/wp-content\/uploads\/2023\/10\/417.jpg\",\"contentUrl\":\"https:\/\/abaa.mx\/tienda\/wp-content\/uploads\/2023\/10\/417.jpg\",\"width\":752,\"height\":1500,\"caption\":\"417\"},{\"@type\":\"BreadcrumbList\",\"@id\":\"https:\/\/abaa.mx\/tienda\/anemometro-digital-de-paletas-testo-417-de-591-a-3937-fpm-de-0-a-58-857-cfm\/#breadcrumb\",\"itemListElement\":[{\"@type\":\"ListItem\",\"position\":1,\"name\":\"Inicio\",\"item\":\"https:\/\/abaa.mx\/tienda\/\"},{\"@type\":\"ListItem\",\"position\":2,\"name\":\"Tienda\",\"item\":\"https:\/\/abaa.mx\/tienda\/\"},{\"@type\":\"ListItem\",\"position\":3,\"name\":\"Anem\u00f3metro digital de paletas testo 417, de 59,1 a 3937 fpm, de 0 a 58.857 cfm\"}]},{\"@type\":\"WebSite\",\"@id\":\"https:\/\/abaa.mx\/tienda\/#website\",\"url\":\"https:\/\/abaa.mx\/tienda\/\",\"name\":\"Abaa tienda online\",\"description\":\"Instrumentos de medici\u00f3n\",\"publisher\":{\"@id\":\"https:\/\/abaa.mx\/tienda\/#organization\"},\"potentialAction\":[{\"@type\":\"SearchAction\",\"target\":{\"@type\":\"EntryPoint\",\"urlTemplate\":\"https:\/\/abaa.mx\/tienda\/?s={search_term_string}\"},\"query-input\":{\"@type\":\"PropertyValueSpecification\",\"valueRequired\":true,\"valueName\":\"search_term_string\"}}],\"inLanguage\":\"es\"},{\"@type\":\"Organization\",\"@id\":\"https:\/\/abaa.mx\/tienda\/#organization\",\"name\":\"Abaa tienda online\",\"url\":\"https:\/\/abaa.mx\/tienda\/\",\"logo\":{\"@type\":\"ImageObject\",\"inLanguage\":\"es\",\"@id\":\"https:\/\/abaa.mx\/tienda\/#\/schema\/logo\/image\/\",\"url\":\"https:\/\/abaa.mx\/tienda\/wp-content\/uploads\/2024\/01\/abaa-metrologia-tienda.png\",\"contentUrl\":\"https:\/\/abaa.mx\/tienda\/wp-content\/uploads\/2024\/01\/abaa-metrologia-tienda.png\",\"width\":300,\"height\":141,\"caption\":\"Abaa tienda online\"},\"image\":{\"@id\":\"https:\/\/abaa.mx\/tienda\/#\/schema\/logo\/image\/\"}}]}<\/script>\n<!-- \/ Yoast SEO plugin. -->","yoast_head_json":{"title":"Anem\u00f3metro digital de paletas testo 417, de 59,1 a 3937 fpm, de 0 a 58.857 cfm - Abaa tienda online","robots":{"index":"index","follow":"follow","max-snippet":"max-snippet:-1","max-image-preview":"max-image-preview:large","max-video-preview":"max-video-preview:-1"},"canonical":"https:\/\/abaa.mx\/tienda\/anemometro-digital-de-paletas-testo-417-de-591-a-3937-fpm-de-0-a-58-857-cfm\/","og_locale":"es_MX","og_type":"article","og_title":"Anem\u00f3metro digital de paletas testo 417, de 59,1 a 3937 fpm, de 0 a 58.857 cfm - Abaa tienda online","og_description":"R\u00e1pido, preciso y f\u00e1cil de usar, este anem\u00f3metro de paletas proporciona mediciones de flujo, flujo volum\u00e9trico y temperatura en entradas y salidas de aire de sistemas de aire acondicionado y ventilaci\u00f3n. Adem\u00e1s, la aplicaci\u00f3n inteligente le ayuda a ajustar los sistemas de ventilaci\u00f3n comerciales y residenciales equilibrados de manera eficiente.","og_url":"https:\/\/abaa.mx\/tienda\/anemometro-digital-de-paletas-testo-417-de-591-a-3937-fpm-de-0-a-58-857-cfm\/","og_site_name":"Abaa tienda online","article_modified_time":"2023-10-24T14:29:14+00:00","og_image":[{"width":752,"height":1500,"url":"https:\/\/abaa.mx\/tienda\/wp-content\/uploads\/2023\/10\/417.jpg","type":"image\/jpeg"}],"twitter_card":"summary_large_image","twitter_misc":{"Tiempo de lectura":"3 minutos"},"schema":{"@context":"https:\/\/schema.org","@graph":[{"@type":"WebPage","@id":"https:\/\/abaa.mx\/tienda\/anemometro-digital-de-paletas-testo-417-de-591-a-3937-fpm-de-0-a-58-857-cfm\/","url":"https:\/\/abaa.mx\/tienda\/anemometro-digital-de-paletas-testo-417-de-591-a-3937-fpm-de-0-a-58-857-cfm\/","name":"Anem\u00f3metro digital de paletas testo 417, de 59,1 a 3937 fpm, de 0 a 58.857 cfm - Abaa tienda online","isPartOf":{"@id":"https:\/\/abaa.mx\/tienda\/#website"},"primaryImageOfPage":{"@id":"https:\/\/abaa.mx\/tienda\/anemometro-digital-de-paletas-testo-417-de-591-a-3937-fpm-de-0-a-58-857-cfm\/#primaryimage"},"image":{"@id":"https:\/\/abaa.mx\/tienda\/anemometro-digital-de-paletas-testo-417-de-591-a-3937-fpm-de-0-a-58-857-cfm\/#primaryimage"},"thumbnailUrl":"https:\/\/abaa.mx\/tienda\/wp-content\/uploads\/2023\/10\/417.jpg","datePublished":"2023-10-24T14:29:13+00:00","dateModified":"2023-10-24T14:29:14+00:00","breadcrumb":{"@id":"https:\/\/abaa.mx\/tienda\/anemometro-digital-de-paletas-testo-417-de-591-a-3937-fpm-de-0-a-58-857-cfm\/#breadcrumb"},"inLanguage":"es","potentialAction":[{"@type":"ReadAction","target":["https:\/\/abaa.mx\/tienda\/anemometro-digital-de-paletas-testo-417-de-591-a-3937-fpm-de-0-a-58-857-cfm\/"]}]},{"@type":"ImageObject","inLanguage":"es","@id":"https:\/\/abaa.mx\/tienda\/anemometro-digital-de-paletas-testo-417-de-591-a-3937-fpm-de-0-a-58-857-cfm\/#primaryimage","url":"https:\/\/abaa.mx\/tienda\/wp-content\/uploads\/2023\/10\/417.jpg","contentUrl":"https:\/\/abaa.mx\/tienda\/wp-content\/uploads\/2023\/10\/417.jpg","width":752,"height":1500,"caption":"417"},{"@type":"BreadcrumbList","@id":"https:\/\/abaa.mx\/tienda\/anemometro-digital-de-paletas-testo-417-de-591-a-3937-fpm-de-0-a-58-857-cfm\/#breadcrumb","itemListElement":[{"@type":"ListItem","position":1,"name":"Inicio","item":"https:\/\/abaa.mx\/tienda\/"},{"@type":"ListItem","position":2,"name":"Tienda","item":"https:\/\/abaa.mx\/tienda\/"},{"@type":"ListItem","position":3,"name":"Anem\u00f3metro digital de paletas testo 417, de 59,1 a 3937 fpm, de 0 a 58.857 cfm"}]},{"@type":"WebSite","@id":"https:\/\/abaa.mx\/tienda\/#website","url":"https:\/\/abaa.mx\/tienda\/","name":"Abaa tienda online","description":"Instrumentos de medici\u00f3n","publisher":{"@id":"https:\/\/abaa.mx\/tienda\/#organization"},"potentialAction":[{"@type":"SearchAction","target":{"@type":"EntryPoint","urlTemplate":"https:\/\/abaa.mx\/tienda\/?s={search_term_string}"},"query-input":{"@type":"PropertyValueSpecification","valueRequired":true,"valueName":"search_term_string"}}],"inLanguage":"es"},{"@type":"Organization","@id":"https:\/\/abaa.mx\/tienda\/#organization","name":"Abaa tienda online","url":"https:\/\/abaa.mx\/tienda\/","logo":{"@type":"ImageObject","inLanguage":"es","@id":"https:\/\/abaa.mx\/tienda\/#\/schema\/logo\/image\/","url":"https:\/\/abaa.mx\/tienda\/wp-content\/uploads\/2024\/01\/abaa-metrologia-tienda.png","contentUrl":"https:\/\/abaa.mx\/tienda\/wp-content\/uploads\/2024\/01\/abaa-metrologia-tienda.png","width":300,"height":141,"caption":"Abaa tienda online"},"image":{"@id":"https:\/\/abaa.mx\/tienda\/#\/schema\/logo\/image\/"}}]}},"_links":{"self":[{"href":"https:\/\/abaa.mx\/tienda\/wp-json\/wp\/v2\/product\/7535","targetHints":{"allow":["GET"]}}],"collection":[{"href":"https:\/\/abaa.mx\/tienda\/wp-json\/wp\/v2\/product"}],"about":[{"href":"https:\/\/abaa.mx\/tienda\/wp-json\/wp\/v2\/types\/product"}],"replies":[{"embeddable":true,"href":"https:\/\/abaa.mx\/tienda\/wp-json\/wp\/v2\/comments?post=7535"}],"wp:featuredmedia":[{"embeddable":true,"href":"https:\/\/abaa.mx\/tienda\/wp-json\/wp\/v2\/media\/7545"}],"wp:attachment":[{"href":"https:\/\/abaa.mx\/tienda\/wp-json\/wp\/v2\/media?parent=7535"}],"wp:term":[{"taxonomy":"product_brand","embeddable":true,"href":"https:\/\/abaa.mx\/tienda\/wp-json\/wp\/v2\/product_brand?post=7535"},{"taxonomy":"product_cat","embeddable":true,"href":"https:\/\/abaa.mx\/tienda\/wp-json\/wp\/v2\/product_cat?post=7535"},{"taxonomy":"product_tag","embeddable":true,"href":"https:\/\/abaa.mx\/tienda\/wp-json\/wp\/v2\/product_tag?post=7535"}],"curies":[{"name":"wp","href":"https:\/\/api.w.org\/{rel}","templated":true}]}}