{"id":7520,"date":"2023-10-23T20:50:53","date_gmt":"2023-10-23T20:50:53","guid":{"rendered":"https:\/\/abaa.mx\/tienda\/?post_type=product&#038;p=7520"},"modified":"2023-12-04T20:31:47","modified_gmt":"2023-12-04T20:31:47","slug":"manometro-digital-reed-r3002-manometro-diferencial-5psi","status":"publish","type":"product","link":"https:\/\/abaa.mx\/tienda\/manometro-digital-reed-r3002-manometro-diferencial-5psi\/","title":{"rendered":"Man\u00f3metro digital reed r3002, man\u00f3metro &#8211; diferencial, 5psi"},"content":{"rendered":"<p>Este man\u00f3metro digital proporciona mediciones precisas en 11 unidades de medida diferentes y es capaz de tomar la presi\u00f3n manom\u00e9trica y diferencial. El R3002 cuenta con una gran pantalla LCD retroiluminada, un reloj integrado para realizar un seguimiento de las mediciones y la capacidad de registrar y volver a visitar los datos grabados a trav\u00e9s del software incluido.<\/p>\n<p><strong>Funciones<\/strong><\/p>\n<ul>\n<li>Mide la presi\u00f3n manom\u00e9trica y diferencial de hasta 5 psi<\/li>\n<li>11 unidades de medida seleccionables: psi, inH<sub>2<\/sub>O, bar, mbar, kPa, inHg, mmHg, ozin\u00b2, ftH<sub>2<\/sub>O, cmH<sub>2<\/sub>O, kgcm\u00b2<\/li>\n<li>Funciones Max, Min, Avg, Relative y Data hold<\/li>\n<li>Mediciones integradas de marcas de tiempo de reloj en tiempo real<\/li>\n<li>Pantalla LCD retroiluminada grande y f\u00e1cil de leer<\/li>\n<li>Bot\u00f3n cero para correcci\u00f3n o medici\u00f3n de desplazamiento<\/li>\n<li>Interfaz USB y software incluidos<\/li>\n<li>Montaje en tr\u00edpode para monitorizaci\u00f3n a largo plazo<\/li>\n<li>Indicador de bater\u00eda baja y apagado autom\u00e1tico<\/li>\n<\/ul>\n<h4>Especificaciones de REED R3002-NIST<\/h4>\n<table class=\"table table-striped\">\n<tbody>\n<tr>\n<td colspan=\"2\"><strong>Presi\u00f3n<\/strong><\/td>\n<\/tr>\n<tr>\n<td>Rangos de medici\u00f3n<\/td>\n<td>5.000 psi<br \/>\n138.3 inH<sub>2<\/sub>\u00d8<br \/>\n344,7 mbar<br \/>\n34,47 kPa<br \/>\n10,18 inHg 258,5 mmHg80,00 ozin\u00b2<br \/>\n11,53 ftH<\/p>\n<p><sub>2<\/sub>\u00d8<br \/>\n351,5 cmH<sub>2<\/sub>\u00d8<br \/>\n0,351 kgcm\u00b2<br \/>\n0,344 bar<\/td>\n<\/tr>\n<tr>\n<td>Exactitud<\/td>\n<td>\u00b10.3% FS<\/td>\n<\/tr>\n<tr>\n<td>Resoluci\u00f3n<\/td>\n<td>0.1 pulg.H<sub>2<\/sub>O \/mbar \/ mmHg \/ cmH<sub>2<\/sub>\u00d8<br \/>\n0,01 kPa \/ ozin\u00b2 \/ ftH<sub>2<\/sub>\u00d8<br \/>\n0,001 inHg \/ kgcm\u00b2 \/ bar \/ psi<\/td>\n<\/tr>\n<tr>\n<td>Repetibilidad<\/td>\n<td>\u00b10.2% FS<\/td>\n<\/tr>\n<tr>\n<td>Linealidad\/Hist\u00e9resis<\/td>\n<td>\u00b10.29% FS<\/td>\n<\/tr>\n<tr>\n<td>Presi\u00f3n m\u00e1xima<\/td>\n<td>20 psi<\/td>\n<\/tr>\n<tr>\n<td colspan=\"2\"><strong>Especificaciones generales<\/strong><\/td>\n<\/tr>\n<tr>\n<td>Monitor<\/td>\n<td>Pantalla LCD de 4 d\u00edgitos<\/td>\n<\/tr>\n<tr>\n<td>Pantalla retroiluminada<\/td>\n<td>S\u00ed<\/td>\n<\/tr>\n<tr>\n<td>Retenci\u00f3n de datos<\/td>\n<td>S\u00ed<\/td>\n<\/tr>\n<tr>\n<td>Min<\/td>\n<td>S\u00ed<\/td>\n<\/tr>\n<tr>\n<td>M\u00e1ximo<\/td>\n<td>S\u00ed<\/td>\n<\/tr>\n<tr>\n<td>Promedio<\/td>\n<td>S\u00ed<\/td>\n<\/tr>\n<tr>\n<td>Presi\u00f3n diferencial<\/td>\n<td>S\u00ed<\/td>\n<\/tr>\n<tr>\n<td>Funci\u00f3n cero<\/td>\n<td>S\u00ed<\/td>\n<\/tr>\n<tr>\n<td>Indicador de exceso de rango<\/td>\n<td>S\u00ed<\/td>\n<\/tr>\n<tr>\n<td>Indicador de rango inferior<\/td>\n<td>S\u00ed<\/td>\n<\/tr>\n<tr>\n<td>Capacidades de registro de datos<\/td>\n<td>S\u00ed<\/td>\n<\/tr>\n<tr>\n<td>Reloj en tiempo real y sello de fecha<\/td>\n<td>S\u00ed<\/td>\n<\/tr>\n<tr>\n<td>Tiempo de respuesta<\/td>\n<td>2 veces\/seg.<\/td>\n<\/tr>\n<tr>\n<td>Memoria interna<\/td>\n<td>S\u00ed<\/td>\n<\/tr>\n<tr>\n<td>Apagado autom\u00e1tico<\/td>\n<td>S\u00ed (despu\u00e9s de 20 minutos)<\/td>\n<\/tr>\n<tr>\n<td>Montaje en tr\u00edpode<\/td>\n<td>S\u00ed<\/td>\n<\/tr>\n<tr>\n<td>Indicador de bater\u00eda baja<\/td>\n<td>S\u00ed<\/td>\n<\/tr>\n<tr>\n<td>Fuente de alimentaci\u00f3n<\/td>\n<td>Bater\u00eda de 9V<\/td>\n<\/tr>\n<tr>\n<td>Conectividad de PC<\/td>\n<td>Cable USB (incluido)<\/td>\n<\/tr>\n<tr>\n<td>Software<\/td>\n<td>S\u00ed (incluido)<\/td>\n<\/tr>\n<tr>\n<td>Compatibilidad con el sistema operativo de software<\/td>\n<td>Windows XP, 7, 8, 10, 11<\/td>\n<\/tr>\n<tr>\n<td>Certificaciones de productos<\/td>\n<td>Despu\u00e9s de Cristo<\/td>\n<\/tr>\n<tr>\n<td>Temperatura de funcionamiento<\/td>\n<td>De 32 a 122 \u00b0C (de 0 a 50 \u00b0F)<\/td>\n<\/tr>\n<tr>\n<td>Temperatura de almacenamiento<\/td>\n<td>De -14 a 140 \u00b0C (de 10 a 60 \u00b0F)<\/td>\n<\/tr>\n<tr>\n<td>Rango de humedad de funcionamiento<\/td>\n<td>Del 10 al 80%<\/td>\n<\/tr>\n<tr>\n<td>Dimensiones<\/td>\n<td>8,2 x 2,9 x 1,9&#8243; (210 x 75 x 50 mm)<\/td>\n<\/tr>\n<tr>\n<td>Peso<\/td>\n<td>9,8 onzas (280 g)<\/td>\n<\/tr>\n<\/tbody>\n<\/table>\n","protected":false},"excerpt":{"rendered":"<p class=\"short-description mhide ipad-view-setting\">Registra mediciones m\u00e1ximas, m\u00ednimas, medias y relativas.<\/p>\n<div class=\"row-fluid\">\n<div class=\"span12 mobile-pricing-box-padding\">\n<form id=\"61027\" accept-charset=\"utf-8\" action=\"https:\/\/www.globaltestsupply.com\/shop\/add\" method=\"post\" name=\"addTocartFunction\">\n<div><\/div>\n<\/form>\n<\/div>\n<\/div>\n","protected":false},"featured_media":7527,"comment_status":"open","ping_status":"closed","template":"","meta":{"_joinchat":[]},"product_brand":[],"product_cat":[15],"product_tag":[],"class_list":{"0":"post-7520","1":"product","2":"type-product","3":"status-publish","4":"has-post-thumbnail","6":"product_cat-sin-categorizar","8":"first","9":"instock","10":"shipping-taxable","11":"product-type-simple"},"yoast_head":"<!-- This site is optimized with the Yoast SEO plugin v26.4 - https:\/\/yoast.com\/wordpress\/plugins\/seo\/ -->\n<title>Man\u00f3metro digital reed r3002, man\u00f3metro - diferencial, 5psi - Abaa tienda online<\/title>\n<meta name=\"robots\" content=\"index, follow, max-snippet:-1, max-image-preview:large, max-video-preview:-1\" \/>\n<link rel=\"canonical\" href=\"https:\/\/abaa.mx\/tienda\/manometro-digital-reed-r3002-manometro-diferencial-5psi\/\" \/>\n<meta property=\"og:locale\" content=\"es_MX\" \/>\n<meta property=\"og:type\" content=\"article\" \/>\n<meta property=\"og:title\" content=\"Man\u00f3metro digital reed r3002, man\u00f3metro - diferencial, 5psi - Abaa tienda online\" \/>\n<meta property=\"og:description\" content=\"Registra mediciones m\u00e1ximas, m\u00ednimas, medias y relativas.\" \/>\n<meta property=\"og:url\" content=\"https:\/\/abaa.mx\/tienda\/manometro-digital-reed-r3002-manometro-diferencial-5psi\/\" \/>\n<meta property=\"og:site_name\" content=\"Abaa tienda online\" \/>\n<meta property=\"article:modified_time\" content=\"2023-12-04T20:31:47+00:00\" \/>\n<meta property=\"og:image\" content=\"https:\/\/abaa.mx\/tienda\/wp-content\/uploads\/2023\/10\/R3002-NIST.jpg\" \/>\n\t<meta property=\"og:image:width\" content=\"700\" \/>\n\t<meta property=\"og:image:height\" content=\"480\" \/>\n\t<meta property=\"og:image:type\" content=\"image\/jpeg\" \/>\n<meta name=\"twitter:card\" content=\"summary_large_image\" \/>\n<meta name=\"twitter:label1\" content=\"Tiempo de lectura\" \/>\n\t<meta name=\"twitter:data1\" content=\"2 minutos\" \/>\n<script type=\"application\/ld+json\" class=\"yoast-schema-graph\">{\"@context\":\"https:\/\/schema.org\",\"@graph\":[{\"@type\":\"WebPage\",\"@id\":\"https:\/\/abaa.mx\/tienda\/manometro-digital-reed-r3002-manometro-diferencial-5psi\/\",\"url\":\"https:\/\/abaa.mx\/tienda\/manometro-digital-reed-r3002-manometro-diferencial-5psi\/\",\"name\":\"Man\u00f3metro digital reed r3002, man\u00f3metro - diferencial, 5psi - Abaa tienda online\",\"isPartOf\":{\"@id\":\"https:\/\/abaa.mx\/tienda\/#website\"},\"primaryImageOfPage\":{\"@id\":\"https:\/\/abaa.mx\/tienda\/manometro-digital-reed-r3002-manometro-diferencial-5psi\/#primaryimage\"},\"image\":{\"@id\":\"https:\/\/abaa.mx\/tienda\/manometro-digital-reed-r3002-manometro-diferencial-5psi\/#primaryimage\"},\"thumbnailUrl\":\"https:\/\/abaa.mx\/tienda\/wp-content\/uploads\/2023\/10\/R3002-NIST.jpg\",\"datePublished\":\"2023-10-23T20:50:53+00:00\",\"dateModified\":\"2023-12-04T20:31:47+00:00\",\"breadcrumb\":{\"@id\":\"https:\/\/abaa.mx\/tienda\/manometro-digital-reed-r3002-manometro-diferencial-5psi\/#breadcrumb\"},\"inLanguage\":\"es\",\"potentialAction\":[{\"@type\":\"ReadAction\",\"target\":[\"https:\/\/abaa.mx\/tienda\/manometro-digital-reed-r3002-manometro-diferencial-5psi\/\"]}]},{\"@type\":\"ImageObject\",\"inLanguage\":\"es\",\"@id\":\"https:\/\/abaa.mx\/tienda\/manometro-digital-reed-r3002-manometro-diferencial-5psi\/#primaryimage\",\"url\":\"https:\/\/abaa.mx\/tienda\/wp-content\/uploads\/2023\/10\/R3002-NIST.jpg\",\"contentUrl\":\"https:\/\/abaa.mx\/tienda\/wp-content\/uploads\/2023\/10\/R3002-NIST.jpg\",\"width\":700,\"height\":480,\"caption\":\"manometro-digital-reed-r3002-manometro-diferencial-5psi\"},{\"@type\":\"BreadcrumbList\",\"@id\":\"https:\/\/abaa.mx\/tienda\/manometro-digital-reed-r3002-manometro-diferencial-5psi\/#breadcrumb\",\"itemListElement\":[{\"@type\":\"ListItem\",\"position\":1,\"name\":\"Inicio\",\"item\":\"https:\/\/abaa.mx\/tienda\/\"},{\"@type\":\"ListItem\",\"position\":2,\"name\":\"Tienda\",\"item\":\"https:\/\/abaa.mx\/tienda\/\"},{\"@type\":\"ListItem\",\"position\":3,\"name\":\"Man\u00f3metro digital reed r3002, man\u00f3metro &#8211; diferencial, 5psi\"}]},{\"@type\":\"WebSite\",\"@id\":\"https:\/\/abaa.mx\/tienda\/#website\",\"url\":\"https:\/\/abaa.mx\/tienda\/\",\"name\":\"Abaa tienda online\",\"description\":\"Instrumentos de medici\u00f3n\",\"publisher\":{\"@id\":\"https:\/\/abaa.mx\/tienda\/#organization\"},\"potentialAction\":[{\"@type\":\"SearchAction\",\"target\":{\"@type\":\"EntryPoint\",\"urlTemplate\":\"https:\/\/abaa.mx\/tienda\/?s={search_term_string}\"},\"query-input\":{\"@type\":\"PropertyValueSpecification\",\"valueRequired\":true,\"valueName\":\"search_term_string\"}}],\"inLanguage\":\"es\"},{\"@type\":\"Organization\",\"@id\":\"https:\/\/abaa.mx\/tienda\/#organization\",\"name\":\"Abaa tienda online\",\"url\":\"https:\/\/abaa.mx\/tienda\/\",\"logo\":{\"@type\":\"ImageObject\",\"inLanguage\":\"es\",\"@id\":\"https:\/\/abaa.mx\/tienda\/#\/schema\/logo\/image\/\",\"url\":\"https:\/\/abaa.mx\/tienda\/wp-content\/uploads\/2024\/01\/abaa-metrologia-tienda.png\",\"contentUrl\":\"https:\/\/abaa.mx\/tienda\/wp-content\/uploads\/2024\/01\/abaa-metrologia-tienda.png\",\"width\":300,\"height\":141,\"caption\":\"Abaa tienda online\"},\"image\":{\"@id\":\"https:\/\/abaa.mx\/tienda\/#\/schema\/logo\/image\/\"}}]}<\/script>\n<!-- \/ Yoast SEO plugin. -->","yoast_head_json":{"title":"Man\u00f3metro digital reed r3002, man\u00f3metro - diferencial, 5psi - Abaa tienda online","robots":{"index":"index","follow":"follow","max-snippet":"max-snippet:-1","max-image-preview":"max-image-preview:large","max-video-preview":"max-video-preview:-1"},"canonical":"https:\/\/abaa.mx\/tienda\/manometro-digital-reed-r3002-manometro-diferencial-5psi\/","og_locale":"es_MX","og_type":"article","og_title":"Man\u00f3metro digital reed r3002, man\u00f3metro - diferencial, 5psi - Abaa tienda online","og_description":"Registra mediciones m\u00e1ximas, m\u00ednimas, medias y relativas.","og_url":"https:\/\/abaa.mx\/tienda\/manometro-digital-reed-r3002-manometro-diferencial-5psi\/","og_site_name":"Abaa tienda online","article_modified_time":"2023-12-04T20:31:47+00:00","og_image":[{"width":700,"height":480,"url":"https:\/\/abaa.mx\/tienda\/wp-content\/uploads\/2023\/10\/R3002-NIST.jpg","type":"image\/jpeg"}],"twitter_card":"summary_large_image","twitter_misc":{"Tiempo de lectura":"2 minutos"},"schema":{"@context":"https:\/\/schema.org","@graph":[{"@type":"WebPage","@id":"https:\/\/abaa.mx\/tienda\/manometro-digital-reed-r3002-manometro-diferencial-5psi\/","url":"https:\/\/abaa.mx\/tienda\/manometro-digital-reed-r3002-manometro-diferencial-5psi\/","name":"Man\u00f3metro digital reed r3002, man\u00f3metro - diferencial, 5psi - Abaa tienda online","isPartOf":{"@id":"https:\/\/abaa.mx\/tienda\/#website"},"primaryImageOfPage":{"@id":"https:\/\/abaa.mx\/tienda\/manometro-digital-reed-r3002-manometro-diferencial-5psi\/#primaryimage"},"image":{"@id":"https:\/\/abaa.mx\/tienda\/manometro-digital-reed-r3002-manometro-diferencial-5psi\/#primaryimage"},"thumbnailUrl":"https:\/\/abaa.mx\/tienda\/wp-content\/uploads\/2023\/10\/R3002-NIST.jpg","datePublished":"2023-10-23T20:50:53+00:00","dateModified":"2023-12-04T20:31:47+00:00","breadcrumb":{"@id":"https:\/\/abaa.mx\/tienda\/manometro-digital-reed-r3002-manometro-diferencial-5psi\/#breadcrumb"},"inLanguage":"es","potentialAction":[{"@type":"ReadAction","target":["https:\/\/abaa.mx\/tienda\/manometro-digital-reed-r3002-manometro-diferencial-5psi\/"]}]},{"@type":"ImageObject","inLanguage":"es","@id":"https:\/\/abaa.mx\/tienda\/manometro-digital-reed-r3002-manometro-diferencial-5psi\/#primaryimage","url":"https:\/\/abaa.mx\/tienda\/wp-content\/uploads\/2023\/10\/R3002-NIST.jpg","contentUrl":"https:\/\/abaa.mx\/tienda\/wp-content\/uploads\/2023\/10\/R3002-NIST.jpg","width":700,"height":480,"caption":"manometro-digital-reed-r3002-manometro-diferencial-5psi"},{"@type":"BreadcrumbList","@id":"https:\/\/abaa.mx\/tienda\/manometro-digital-reed-r3002-manometro-diferencial-5psi\/#breadcrumb","itemListElement":[{"@type":"ListItem","position":1,"name":"Inicio","item":"https:\/\/abaa.mx\/tienda\/"},{"@type":"ListItem","position":2,"name":"Tienda","item":"https:\/\/abaa.mx\/tienda\/"},{"@type":"ListItem","position":3,"name":"Man\u00f3metro digital reed r3002, man\u00f3metro &#8211; diferencial, 5psi"}]},{"@type":"WebSite","@id":"https:\/\/abaa.mx\/tienda\/#website","url":"https:\/\/abaa.mx\/tienda\/","name":"Abaa tienda online","description":"Instrumentos de medici\u00f3n","publisher":{"@id":"https:\/\/abaa.mx\/tienda\/#organization"},"potentialAction":[{"@type":"SearchAction","target":{"@type":"EntryPoint","urlTemplate":"https:\/\/abaa.mx\/tienda\/?s={search_term_string}"},"query-input":{"@type":"PropertyValueSpecification","valueRequired":true,"valueName":"search_term_string"}}],"inLanguage":"es"},{"@type":"Organization","@id":"https:\/\/abaa.mx\/tienda\/#organization","name":"Abaa tienda online","url":"https:\/\/abaa.mx\/tienda\/","logo":{"@type":"ImageObject","inLanguage":"es","@id":"https:\/\/abaa.mx\/tienda\/#\/schema\/logo\/image\/","url":"https:\/\/abaa.mx\/tienda\/wp-content\/uploads\/2024\/01\/abaa-metrologia-tienda.png","contentUrl":"https:\/\/abaa.mx\/tienda\/wp-content\/uploads\/2024\/01\/abaa-metrologia-tienda.png","width":300,"height":141,"caption":"Abaa tienda online"},"image":{"@id":"https:\/\/abaa.mx\/tienda\/#\/schema\/logo\/image\/"}}]}},"_links":{"self":[{"href":"https:\/\/abaa.mx\/tienda\/wp-json\/wp\/v2\/product\/7520","targetHints":{"allow":["GET"]}}],"collection":[{"href":"https:\/\/abaa.mx\/tienda\/wp-json\/wp\/v2\/product"}],"about":[{"href":"https:\/\/abaa.mx\/tienda\/wp-json\/wp\/v2\/types\/product"}],"replies":[{"embeddable":true,"href":"https:\/\/abaa.mx\/tienda\/wp-json\/wp\/v2\/comments?post=7520"}],"wp:featuredmedia":[{"embeddable":true,"href":"https:\/\/abaa.mx\/tienda\/wp-json\/wp\/v2\/media\/7527"}],"wp:attachment":[{"href":"https:\/\/abaa.mx\/tienda\/wp-json\/wp\/v2\/media?parent=7520"}],"wp:term":[{"taxonomy":"product_brand","embeddable":true,"href":"https:\/\/abaa.mx\/tienda\/wp-json\/wp\/v2\/product_brand?post=7520"},{"taxonomy":"product_cat","embeddable":true,"href":"https:\/\/abaa.mx\/tienda\/wp-json\/wp\/v2\/product_cat?post=7520"},{"taxonomy":"product_tag","embeddable":true,"href":"https:\/\/abaa.mx\/tienda\/wp-json\/wp\/v2\/product_tag?post=7520"}],"curies":[{"name":"wp","href":"https:\/\/api.w.org\/{rel}","templated":true}]}}