{"id":7517,"date":"2023-10-23T20:47:48","date_gmt":"2023-10-23T20:47:48","guid":{"rendered":"https:\/\/abaa.mx\/tienda\/?post_type=product&#038;p=7517"},"modified":"2023-10-23T20:47:49","modified_gmt":"2023-10-23T20:47:49","slug":"reed-8906-termoanemometro-de-paletas-con-volumen-de-aire","status":"publish","type":"product","link":"https:\/\/abaa.mx\/tienda\/reed-8906-termoanemometro-de-paletas-con-volumen-de-aire\/","title":{"rendered":"Reed 8906 termoanem\u00f3metro de paletas con volumen de aire"},"content":{"rendered":"<p>Este termoanem\u00f3metro de grado profesional proporciona mediciones precisas de la velocidad del aire, el volumen del aire y la temperatura del aire. El 8906 es capaz de tomar mediciones continuas de la velocidad del aire durante un m\u00e1ximo de 2 horas y cuenta con una paleta giratoria de baja fricci\u00f3n para mejorar la precisi\u00f3n y la capacidad de mostrar simult\u00e1neamente la velocidad y la temperatura del aire en la pantalla LCD dual.<\/p>\n<h5><strong>Funciones<\/strong><\/h5>\n<ul>\n<li>Mide fpm, m\/s, kph, mph y nudos<\/li>\n<li>La pantalla LCD dual muestra simult\u00e1neamente la velocidad y la temperatura del aire<\/li>\n<li>Calcula el volumen de aire (CFM)<\/li>\n<li>Precisi\u00f3n b\u00e1sica del \u00b12%<\/li>\n<li>Funciones Min\/Max\/Avg y Data Hold<\/li>\n<li>Indicador de bater\u00eda baja y apagado autom\u00e1tico<\/li>\n<\/ul>\n<h4>Especificaciones<\/h4>\n<table class=\"table table-striped\">\n<tbody>\n<tr>\n<td>Tipo<\/td>\n<td>Veleta<\/td>\n<\/tr>\n<tr>\n<td>Rangos de medici\u00f3n<\/td>\n<td>FPM: 80 a 6900<br \/>\nm\/s: 0.4 a 35<br \/>\nkm\/h: 1.4 a 126<br \/>\nmph: 0.9 a 78<br \/>\nnudos: 0.8 a 68<br \/>\nTemperatura: 14 a 122 \u00b0F (-10 a 50 \u00b0C)<\/td>\n<\/tr>\n<tr>\n<td>Exactitud<\/td>\n<td>Velocidad del aire: \u00b1 (2% rdg. + 0,2 m\/s) Temperatura: \u00b11,2 \u00b0F (0,6 \u00b0C)<\/td>\n<\/tr>\n<tr>\n<td>Resoluci\u00f3n<\/td>\n<td>fpm: 1<br \/>\nm\/s: 0.01<br \/>\nkm\/h, mph, nudo: 0.1 Temperatura: 0.1<br \/>\n\u00b0F\/\u00b0C<\/td>\n<\/tr>\n<tr>\n<td>Di\u00e1metro de la paleta<\/td>\n<td>2,8&#8243; (70 mm)<\/td>\n<\/tr>\n<tr>\n<td>Tiempo de respuesta<\/td>\n<td>&lt;1 seg.<\/td>\n<\/tr>\n<tr>\n<td>Monitor<\/td>\n<td>Pantalla LCD dual de 4 d\u00edgitos<\/td>\n<\/tr>\n<tr>\n<td>Retenci\u00f3n de datos<\/td>\n<td>S\u00ed<\/td>\n<\/tr>\n<tr>\n<td>Min<\/td>\n<td>S\u00ed<\/td>\n<\/tr>\n<tr>\n<td>M\u00e1ximo<\/td>\n<td>S\u00ed<\/td>\n<\/tr>\n<tr>\n<td>Promedio<\/td>\n<td>S\u00ed<\/td>\n<\/tr>\n<tr>\n<td>C\u00e1lculo del volumen de aire (CFM)<\/td>\n<td>S\u00ed<\/td>\n<\/tr>\n<tr>\n<td>Capacidades de registro de datos<\/td>\n<td>S\u00ed<\/td>\n<\/tr>\n<tr>\n<td>Frecuencia de muestreo<\/td>\n<td>1 vez\/seg.<\/td>\n<\/tr>\n<tr>\n<td>Memoria interna<\/td>\n<td>S\u00ed<\/td>\n<\/tr>\n<tr>\n<td>Apagado autom\u00e1tico<\/td>\n<td>S\u00ed (despu\u00e9s de 20 minutos)<\/td>\n<\/tr>\n<tr>\n<td>Indicador de bater\u00eda baja<\/td>\n<td>S\u00ed<\/td>\n<\/tr>\n<tr>\n<td>Fuente de alimentaci\u00f3n<\/td>\n<td>Bater\u00eda de 9V<\/td>\n<\/tr>\n<tr>\n<td>Duraci\u00f3n de la bater\u00eda<\/td>\n<td>400 horas<\/td>\n<\/tr>\n<tr>\n<td>Certificaciones de productos<\/td>\n<td>Despu\u00e9s de Cristo<\/td>\n<\/tr>\n<tr>\n<td>Temperatura de funcionamiento<\/td>\n<td>De 32 a 122 \u00b0C (de 0 a 50 \u00b0F)<\/td>\n<\/tr>\n<tr>\n<td>Temperatura de almacenamiento<\/td>\n<td>De -14 a 140 \u00b0C (de 10 a 60 \u00b0F)<\/td>\n<\/tr>\n<tr>\n<td>Rango de humedad de funcionamiento<\/td>\n<td>10-80%<\/td>\n<\/tr>\n<tr>\n<td>Dimensiones<\/td>\n<td>7,1 x 2,8 x 1,4&#8243; (181 x 76 x 45 mm)<\/td>\n<\/tr>\n<tr>\n<td>Peso<\/td>\n<td>5,6 onzas (160 g)<\/td>\n<\/tr>\n<\/tbody>\n<\/table>\n","protected":false},"excerpt":{"rendered":"<p class=\"short-description mhide ipad-view-setting\">Mide el volumen de aire, la velocidad del aire y la temperatura.<\/p>\n<p class=\"comment-tag-product\">\n<div class=\"row-fluid\">\n<div class=\"span12 mobile-pricing-box-padding\">\n<form id=\"54027\" accept-charset=\"utf-8\" action=\"https:\/\/www.globaltestsupply.com\/shop\/add\" method=\"post\" name=\"addTocartFunction\">\n<div><\/div>\n<\/form>\n<\/div>\n<\/div>\n","protected":false},"featured_media":7523,"comment_status":"open","ping_status":"closed","template":"","meta":{"_joinchat":[]},"product_brand":[],"product_cat":[15],"product_tag":[],"class_list":{"0":"post-7517","1":"product","2":"type-product","3":"status-publish","4":"has-post-thumbnail","6":"product_cat-sin-categorizar","8":"first","9":"instock","10":"shipping-taxable","11":"product-type-simple"},"yoast_head":"<!-- This site is optimized with the Yoast SEO plugin v26.4 - https:\/\/yoast.com\/wordpress\/plugins\/seo\/ -->\n<title>Reed 8906 termoanem\u00f3metro de paletas con volumen de aire - Abaa tienda online<\/title>\n<meta name=\"robots\" content=\"index, follow, max-snippet:-1, max-image-preview:large, max-video-preview:-1\" \/>\n<link rel=\"canonical\" href=\"https:\/\/abaa.mx\/tienda\/reed-8906-termoanemometro-de-paletas-con-volumen-de-aire\/\" \/>\n<meta property=\"og:locale\" content=\"es_MX\" \/>\n<meta property=\"og:type\" content=\"article\" \/>\n<meta property=\"og:title\" content=\"Reed 8906 termoanem\u00f3metro de paletas con volumen de aire - Abaa tienda online\" \/>\n<meta property=\"og:description\" content=\"Mide el volumen de aire, la velocidad del aire y la temperatura.\" \/>\n<meta property=\"og:url\" content=\"https:\/\/abaa.mx\/tienda\/reed-8906-termoanemometro-de-paletas-con-volumen-de-aire\/\" \/>\n<meta property=\"og:site_name\" content=\"Abaa tienda online\" \/>\n<meta property=\"article:modified_time\" content=\"2023-10-23T20:47:49+00:00\" \/>\n<meta property=\"og:image\" content=\"https:\/\/abaa.mx\/tienda\/wp-content\/uploads\/2023\/10\/8906.jpg\" \/>\n\t<meta property=\"og:image:width\" content=\"270\" \/>\n\t<meta property=\"og:image:height\" content=\"500\" \/>\n\t<meta property=\"og:image:type\" content=\"image\/jpeg\" \/>\n<meta name=\"twitter:card\" content=\"summary_large_image\" \/>\n<meta name=\"twitter:label1\" content=\"Tiempo de lectura\" \/>\n\t<meta name=\"twitter:data1\" content=\"2 minutos\" \/>\n<script type=\"application\/ld+json\" class=\"yoast-schema-graph\">{\"@context\":\"https:\/\/schema.org\",\"@graph\":[{\"@type\":\"WebPage\",\"@id\":\"https:\/\/abaa.mx\/tienda\/reed-8906-termoanemometro-de-paletas-con-volumen-de-aire\/\",\"url\":\"https:\/\/abaa.mx\/tienda\/reed-8906-termoanemometro-de-paletas-con-volumen-de-aire\/\",\"name\":\"Reed 8906 termoanem\u00f3metro de paletas con volumen de aire - Abaa tienda online\",\"isPartOf\":{\"@id\":\"https:\/\/abaa.mx\/tienda\/#website\"},\"primaryImageOfPage\":{\"@id\":\"https:\/\/abaa.mx\/tienda\/reed-8906-termoanemometro-de-paletas-con-volumen-de-aire\/#primaryimage\"},\"image\":{\"@id\":\"https:\/\/abaa.mx\/tienda\/reed-8906-termoanemometro-de-paletas-con-volumen-de-aire\/#primaryimage\"},\"thumbnailUrl\":\"https:\/\/abaa.mx\/tienda\/wp-content\/uploads\/2023\/10\/8906.jpg\",\"datePublished\":\"2023-10-23T20:47:48+00:00\",\"dateModified\":\"2023-10-23T20:47:49+00:00\",\"breadcrumb\":{\"@id\":\"https:\/\/abaa.mx\/tienda\/reed-8906-termoanemometro-de-paletas-con-volumen-de-aire\/#breadcrumb\"},\"inLanguage\":\"es\",\"potentialAction\":[{\"@type\":\"ReadAction\",\"target\":[\"https:\/\/abaa.mx\/tienda\/reed-8906-termoanemometro-de-paletas-con-volumen-de-aire\/\"]}]},{\"@type\":\"ImageObject\",\"inLanguage\":\"es\",\"@id\":\"https:\/\/abaa.mx\/tienda\/reed-8906-termoanemometro-de-paletas-con-volumen-de-aire\/#primaryimage\",\"url\":\"https:\/\/abaa.mx\/tienda\/wp-content\/uploads\/2023\/10\/8906.jpg\",\"contentUrl\":\"https:\/\/abaa.mx\/tienda\/wp-content\/uploads\/2023\/10\/8906.jpg\",\"width\":270,\"height\":500,\"caption\":\"reed-8906-termoanemometro-de-paletas-con-volumen-de-aire\"},{\"@type\":\"BreadcrumbList\",\"@id\":\"https:\/\/abaa.mx\/tienda\/reed-8906-termoanemometro-de-paletas-con-volumen-de-aire\/#breadcrumb\",\"itemListElement\":[{\"@type\":\"ListItem\",\"position\":1,\"name\":\"Inicio\",\"item\":\"https:\/\/abaa.mx\/tienda\/\"},{\"@type\":\"ListItem\",\"position\":2,\"name\":\"Tienda\",\"item\":\"https:\/\/abaa.mx\/tienda\/\"},{\"@type\":\"ListItem\",\"position\":3,\"name\":\"Reed 8906 termoanem\u00f3metro de paletas con volumen de aire\"}]},{\"@type\":\"WebSite\",\"@id\":\"https:\/\/abaa.mx\/tienda\/#website\",\"url\":\"https:\/\/abaa.mx\/tienda\/\",\"name\":\"Abaa tienda online\",\"description\":\"Instrumentos de medici\u00f3n\",\"publisher\":{\"@id\":\"https:\/\/abaa.mx\/tienda\/#organization\"},\"potentialAction\":[{\"@type\":\"SearchAction\",\"target\":{\"@type\":\"EntryPoint\",\"urlTemplate\":\"https:\/\/abaa.mx\/tienda\/?s={search_term_string}\"},\"query-input\":{\"@type\":\"PropertyValueSpecification\",\"valueRequired\":true,\"valueName\":\"search_term_string\"}}],\"inLanguage\":\"es\"},{\"@type\":\"Organization\",\"@id\":\"https:\/\/abaa.mx\/tienda\/#organization\",\"name\":\"Abaa tienda online\",\"url\":\"https:\/\/abaa.mx\/tienda\/\",\"logo\":{\"@type\":\"ImageObject\",\"inLanguage\":\"es\",\"@id\":\"https:\/\/abaa.mx\/tienda\/#\/schema\/logo\/image\/\",\"url\":\"https:\/\/abaa.mx\/tienda\/wp-content\/uploads\/2024\/01\/abaa-metrologia-tienda.png\",\"contentUrl\":\"https:\/\/abaa.mx\/tienda\/wp-content\/uploads\/2024\/01\/abaa-metrologia-tienda.png\",\"width\":300,\"height\":141,\"caption\":\"Abaa tienda online\"},\"image\":{\"@id\":\"https:\/\/abaa.mx\/tienda\/#\/schema\/logo\/image\/\"}}]}<\/script>\n<!-- \/ Yoast SEO plugin. -->","yoast_head_json":{"title":"Reed 8906 termoanem\u00f3metro de paletas con volumen de aire - Abaa tienda online","robots":{"index":"index","follow":"follow","max-snippet":"max-snippet:-1","max-image-preview":"max-image-preview:large","max-video-preview":"max-video-preview:-1"},"canonical":"https:\/\/abaa.mx\/tienda\/reed-8906-termoanemometro-de-paletas-con-volumen-de-aire\/","og_locale":"es_MX","og_type":"article","og_title":"Reed 8906 termoanem\u00f3metro de paletas con volumen de aire - Abaa tienda online","og_description":"Mide el volumen de aire, la velocidad del aire y la temperatura.","og_url":"https:\/\/abaa.mx\/tienda\/reed-8906-termoanemometro-de-paletas-con-volumen-de-aire\/","og_site_name":"Abaa tienda online","article_modified_time":"2023-10-23T20:47:49+00:00","og_image":[{"width":270,"height":500,"url":"https:\/\/abaa.mx\/tienda\/wp-content\/uploads\/2023\/10\/8906.jpg","type":"image\/jpeg"}],"twitter_card":"summary_large_image","twitter_misc":{"Tiempo de lectura":"2 minutos"},"schema":{"@context":"https:\/\/schema.org","@graph":[{"@type":"WebPage","@id":"https:\/\/abaa.mx\/tienda\/reed-8906-termoanemometro-de-paletas-con-volumen-de-aire\/","url":"https:\/\/abaa.mx\/tienda\/reed-8906-termoanemometro-de-paletas-con-volumen-de-aire\/","name":"Reed 8906 termoanem\u00f3metro de paletas con volumen de aire - Abaa tienda online","isPartOf":{"@id":"https:\/\/abaa.mx\/tienda\/#website"},"primaryImageOfPage":{"@id":"https:\/\/abaa.mx\/tienda\/reed-8906-termoanemometro-de-paletas-con-volumen-de-aire\/#primaryimage"},"image":{"@id":"https:\/\/abaa.mx\/tienda\/reed-8906-termoanemometro-de-paletas-con-volumen-de-aire\/#primaryimage"},"thumbnailUrl":"https:\/\/abaa.mx\/tienda\/wp-content\/uploads\/2023\/10\/8906.jpg","datePublished":"2023-10-23T20:47:48+00:00","dateModified":"2023-10-23T20:47:49+00:00","breadcrumb":{"@id":"https:\/\/abaa.mx\/tienda\/reed-8906-termoanemometro-de-paletas-con-volumen-de-aire\/#breadcrumb"},"inLanguage":"es","potentialAction":[{"@type":"ReadAction","target":["https:\/\/abaa.mx\/tienda\/reed-8906-termoanemometro-de-paletas-con-volumen-de-aire\/"]}]},{"@type":"ImageObject","inLanguage":"es","@id":"https:\/\/abaa.mx\/tienda\/reed-8906-termoanemometro-de-paletas-con-volumen-de-aire\/#primaryimage","url":"https:\/\/abaa.mx\/tienda\/wp-content\/uploads\/2023\/10\/8906.jpg","contentUrl":"https:\/\/abaa.mx\/tienda\/wp-content\/uploads\/2023\/10\/8906.jpg","width":270,"height":500,"caption":"reed-8906-termoanemometro-de-paletas-con-volumen-de-aire"},{"@type":"BreadcrumbList","@id":"https:\/\/abaa.mx\/tienda\/reed-8906-termoanemometro-de-paletas-con-volumen-de-aire\/#breadcrumb","itemListElement":[{"@type":"ListItem","position":1,"name":"Inicio","item":"https:\/\/abaa.mx\/tienda\/"},{"@type":"ListItem","position":2,"name":"Tienda","item":"https:\/\/abaa.mx\/tienda\/"},{"@type":"ListItem","position":3,"name":"Reed 8906 termoanem\u00f3metro de paletas con volumen de aire"}]},{"@type":"WebSite","@id":"https:\/\/abaa.mx\/tienda\/#website","url":"https:\/\/abaa.mx\/tienda\/","name":"Abaa tienda online","description":"Instrumentos de medici\u00f3n","publisher":{"@id":"https:\/\/abaa.mx\/tienda\/#organization"},"potentialAction":[{"@type":"SearchAction","target":{"@type":"EntryPoint","urlTemplate":"https:\/\/abaa.mx\/tienda\/?s={search_term_string}"},"query-input":{"@type":"PropertyValueSpecification","valueRequired":true,"valueName":"search_term_string"}}],"inLanguage":"es"},{"@type":"Organization","@id":"https:\/\/abaa.mx\/tienda\/#organization","name":"Abaa tienda online","url":"https:\/\/abaa.mx\/tienda\/","logo":{"@type":"ImageObject","inLanguage":"es","@id":"https:\/\/abaa.mx\/tienda\/#\/schema\/logo\/image\/","url":"https:\/\/abaa.mx\/tienda\/wp-content\/uploads\/2024\/01\/abaa-metrologia-tienda.png","contentUrl":"https:\/\/abaa.mx\/tienda\/wp-content\/uploads\/2024\/01\/abaa-metrologia-tienda.png","width":300,"height":141,"caption":"Abaa tienda online"},"image":{"@id":"https:\/\/abaa.mx\/tienda\/#\/schema\/logo\/image\/"}}]}},"_links":{"self":[{"href":"https:\/\/abaa.mx\/tienda\/wp-json\/wp\/v2\/product\/7517","targetHints":{"allow":["GET"]}}],"collection":[{"href":"https:\/\/abaa.mx\/tienda\/wp-json\/wp\/v2\/product"}],"about":[{"href":"https:\/\/abaa.mx\/tienda\/wp-json\/wp\/v2\/types\/product"}],"replies":[{"embeddable":true,"href":"https:\/\/abaa.mx\/tienda\/wp-json\/wp\/v2\/comments?post=7517"}],"wp:featuredmedia":[{"embeddable":true,"href":"https:\/\/abaa.mx\/tienda\/wp-json\/wp\/v2\/media\/7523"}],"wp:attachment":[{"href":"https:\/\/abaa.mx\/tienda\/wp-json\/wp\/v2\/media?parent=7517"}],"wp:term":[{"taxonomy":"product_brand","embeddable":true,"href":"https:\/\/abaa.mx\/tienda\/wp-json\/wp\/v2\/product_brand?post=7517"},{"taxonomy":"product_cat","embeddable":true,"href":"https:\/\/abaa.mx\/tienda\/wp-json\/wp\/v2\/product_cat?post=7517"},{"taxonomy":"product_tag","embeddable":true,"href":"https:\/\/abaa.mx\/tienda\/wp-json\/wp\/v2\/product_tag?post=7517"}],"curies":[{"name":"wp","href":"https:\/\/api.w.org\/{rel}","templated":true}]}}