{"id":7509,"date":"2023-10-23T20:29:39","date_gmt":"2023-10-23T20:29:39","guid":{"rendered":"https:\/\/abaa.mx\/tienda\/?post_type=product&#038;p=7509"},"modified":"2023-12-04T20:36:38","modified_gmt":"2023-12-04T20:36:38","slug":"reed-r7140-tacometro-combinado-de-contacto-foto","status":"publish","type":"product","link":"https:\/\/abaa.mx\/tienda\/reed-r7140-tacometro-combinado-de-contacto-foto\/","title":{"rendered":"Reed r7140 tac\u00f3metro combinado de contacto &#8211; foto"},"content":{"rendered":"<p>Este tac\u00f3metro cuenta con la capacidad de medir RPM (revoluciones por minuto) en equipos de rotaci\u00f3n y velocidad superficial m\/min (metro por minuto) \/ ft\/min (pies por minuto) con adaptadores de contacto incluidos. El R7140 utiliza luz visible para mediciones sin contacto para leer hasta 12&#8243; (300 mm) de cualquier objetivo. El R7140 cuenta con una carcasa de pl\u00e1stico ABS duradera para garantizar a\u00f1os de rendimiento sin mantenimiento.<\/p>\n<p><strong>Funciones<\/strong><\/p>\n<ul>\n<li>Unidad de doble funci\u00f3n con capacidades de contacto y sin contacto<\/li>\n<li>Proporciona mediciones r\u00e1pidas y precisas de RPM de objetos giratorios y mediciones de velocidad de superficie m\/min (metro por minuto) y pies\/min (pies por minuto)<\/li>\n<li>La memoria interna retiene la \u00faltima lectura durante 5 minutos y recupera el valor m\u00ednimo\/m\u00e1ximo y el \u00faltimo valor<\/li>\n<li>La pantalla LCD se invierte seg\u00fan el modo de medici\u00f3n<\/li>\n<\/ul>\n<h4>Especificaciones de REED R7140<\/h4>\n<table class=\"table table-striped\">\n<tbody>\n<tr>\n<td>Rango de RPM (Contacto)<\/td>\n<td>De 0,5 a 19.999<\/td>\n<\/tr>\n<tr>\n<td>Rango de RPM (Foto)<\/td>\n<td>De 5 a 99.999<\/td>\n<\/tr>\n<tr>\n<td>Rango de velocidad de superficie<\/td>\n<td>De 0,05 a 1.999,9 m\/min<\/td>\n<\/tr>\n<tr>\n<td><\/td>\n<td>De 0,2 a 6.560 pies\/min<\/td>\n<\/tr>\n<tr>\n<td>Resoluci\u00f3n<\/td>\n<td>Foto: 0,1 RPM (\u2264999,9) \/ 1 RPM (&gt;1000) Contacto: 0,1 RPM (\u2264999,9) \/ 1 RPM (&gt;1000) Superficie: 0,1 m\/min (\u226499,99) \/ 0,1 pies\/min (\u226499,99) \/ 1 pie\/min (&gt;1000)<\/td>\n<\/tr>\n<tr>\n<td>Precisi\u00f3n b\u00e1sica<\/td>\n<td>\u00b1(0.05% + 1 dgt.)<\/td>\n<\/tr>\n<tr>\n<td colspan=\"2\"><strong>Especificaciones generales<\/strong><\/td>\n<\/tr>\n<tr>\n<td>Indicador visible<\/td>\n<td>S\u00ed (Luz)<\/td>\n<\/tr>\n<tr>\n<td>Distancia objetivo<\/td>\n<td>1.0 pies (300 mm) (Foto)<\/td>\n<\/tr>\n<tr>\n<td>Tiempo de respuesta<\/td>\n<td>&lt;1 seg<\/td>\n<\/tr>\n<tr>\n<td>Tiempo de muestreo<\/td>\n<td>Foto: 1 seg (m\u00e1s de 60 RPM) Contacto: 1 seg (m\u00e1s de 6 RPM)<\/td>\n<\/tr>\n<tr>\n<td>Tama\u00f1o\/tipo de pantalla<\/td>\n<td>Pantalla LCD de 5 d\u00edgitos<\/td>\n<\/tr>\n<tr>\n<td>Apagado autom\u00e1tico<\/td>\n<td>S\u00ed<\/td>\n<\/tr>\n<tr>\n<td>Memoria interna<\/td>\n<td>M\u00e1x., M\u00edn. y \u00daltimo<\/td>\n<\/tr>\n<tr>\n<td>Indicador de bater\u00eda baja<\/td>\n<td>S\u00ed<\/td>\n<\/tr>\n<tr>\n<td>Fuente de alimentaci\u00f3n<\/td>\n<td>4 pilas AA<\/td>\n<\/tr>\n<tr>\n<td>Certificaciones de productos<\/td>\n<td>Despu\u00e9s de Cristo<\/td>\n<\/tr>\n<tr>\n<td>Temperatura de funcionamiento<\/td>\n<td>De 32 a 122 \u00b0C (de 0 a 50 \u00b0F)<\/td>\n<\/tr>\n<tr>\n<td>Temperatura de almacenamiento<\/td>\n<td>-4 a 140 \u00b0F (-20 a 60 \u00b0C)<\/td>\n<\/tr>\n<tr>\n<td>Humedad de funcionamiento<\/td>\n<td>10-90%<\/td>\n<\/tr>\n<tr>\n<td>Dimensiones<\/td>\n<td>8,5 x 2,6 x 1,5&#8243; (215 x 65 x 38 mm)<\/td>\n<\/tr>\n<tr>\n<td>Peso<\/td>\n<td>10 g (6,300 onzas)<\/td>\n<\/tr>\n<\/tbody>\n<\/table>\n","protected":false},"excerpt":{"rendered":"<p class=\"short-description mhide ipad-view-setting\">El tac\u00f3metro de doble funci\u00f3n cuenta con la capacidad de medir RPM con mediciones sin contacto (luz visible) y con contacto (ft\/min\/m\/min) de forma r\u00e1pida y precisa.<\/p>\n<div class=\"row-fluid\">\n<div class=\"span12 mobile-pricing-box-padding\">\n<form id=\"61038\" accept-charset=\"utf-8\" action=\"https:\/\/www.globaltestsupply.com\/shop\/add\" method=\"post\" name=\"addTocartFunction\">\n<div><\/div>\n<\/form>\n<\/div>\n<\/div>\n","protected":false},"featured_media":7516,"comment_status":"open","ping_status":"closed","template":"","meta":{"_joinchat":[]},"product_brand":[],"product_cat":[15],"product_tag":[],"class_list":{"0":"post-7509","1":"product","2":"type-product","3":"status-publish","4":"has-post-thumbnail","6":"product_cat-sin-categorizar","8":"first","9":"instock","10":"shipping-taxable","11":"product-type-simple"},"yoast_head":"<!-- This site is optimized with the Yoast SEO plugin v26.4 - https:\/\/yoast.com\/wordpress\/plugins\/seo\/ -->\n<title>Reed r7140 tac\u00f3metro combinado de contacto - foto - Abaa tienda online<\/title>\n<meta name=\"robots\" content=\"index, follow, max-snippet:-1, max-image-preview:large, max-video-preview:-1\" \/>\n<link rel=\"canonical\" href=\"https:\/\/abaa.mx\/tienda\/reed-r7140-tacometro-combinado-de-contacto-foto\/\" \/>\n<meta property=\"og:locale\" content=\"es_MX\" \/>\n<meta property=\"og:type\" content=\"article\" \/>\n<meta property=\"og:title\" content=\"Reed r7140 tac\u00f3metro combinado de contacto - foto - Abaa tienda online\" \/>\n<meta property=\"og:description\" content=\"El tac\u00f3metro de doble funci\u00f3n cuenta con la capacidad de medir RPM con mediciones sin contacto (luz visible) y con contacto (ft\/min\/m\/min) de forma r\u00e1pida y precisa.\" \/>\n<meta property=\"og:url\" content=\"https:\/\/abaa.mx\/tienda\/reed-r7140-tacometro-combinado-de-contacto-foto\/\" \/>\n<meta property=\"og:site_name\" content=\"Abaa tienda online\" \/>\n<meta property=\"article:modified_time\" content=\"2023-12-04T20:36:38+00:00\" \/>\n<meta property=\"og:image\" content=\"https:\/\/abaa.mx\/tienda\/wp-content\/uploads\/2023\/10\/R7140-NIST-scaled.jpg\" \/>\n\t<meta property=\"og:image:width\" content=\"939\" \/>\n\t<meta property=\"og:image:height\" content=\"2560\" \/>\n\t<meta property=\"og:image:type\" content=\"image\/jpeg\" \/>\n<meta name=\"twitter:card\" content=\"summary_large_image\" \/>\n<meta name=\"twitter:label1\" content=\"Tiempo de lectura\" \/>\n\t<meta name=\"twitter:data1\" content=\"2 minutos\" \/>\n<script type=\"application\/ld+json\" class=\"yoast-schema-graph\">{\"@context\":\"https:\/\/schema.org\",\"@graph\":[{\"@type\":\"WebPage\",\"@id\":\"https:\/\/abaa.mx\/tienda\/reed-r7140-tacometro-combinado-de-contacto-foto\/\",\"url\":\"https:\/\/abaa.mx\/tienda\/reed-r7140-tacometro-combinado-de-contacto-foto\/\",\"name\":\"Reed r7140 tac\u00f3metro combinado de contacto - foto - Abaa tienda online\",\"isPartOf\":{\"@id\":\"https:\/\/abaa.mx\/tienda\/#website\"},\"primaryImageOfPage\":{\"@id\":\"https:\/\/abaa.mx\/tienda\/reed-r7140-tacometro-combinado-de-contacto-foto\/#primaryimage\"},\"image\":{\"@id\":\"https:\/\/abaa.mx\/tienda\/reed-r7140-tacometro-combinado-de-contacto-foto\/#primaryimage\"},\"thumbnailUrl\":\"https:\/\/abaa.mx\/tienda\/wp-content\/uploads\/2023\/10\/R7140-NIST-scaled.jpg\",\"datePublished\":\"2023-10-23T20:29:39+00:00\",\"dateModified\":\"2023-12-04T20:36:38+00:00\",\"breadcrumb\":{\"@id\":\"https:\/\/abaa.mx\/tienda\/reed-r7140-tacometro-combinado-de-contacto-foto\/#breadcrumb\"},\"inLanguage\":\"es\",\"potentialAction\":[{\"@type\":\"ReadAction\",\"target\":[\"https:\/\/abaa.mx\/tienda\/reed-r7140-tacometro-combinado-de-contacto-foto\/\"]}]},{\"@type\":\"ImageObject\",\"inLanguage\":\"es\",\"@id\":\"https:\/\/abaa.mx\/tienda\/reed-r7140-tacometro-combinado-de-contacto-foto\/#primaryimage\",\"url\":\"https:\/\/abaa.mx\/tienda\/wp-content\/uploads\/2023\/10\/R7140-NIST-scaled.jpg\",\"contentUrl\":\"https:\/\/abaa.mx\/tienda\/wp-content\/uploads\/2023\/10\/R7140-NIST-scaled.jpg\",\"width\":939,\"height\":2560,\"caption\":\"R7140-NIST\"},{\"@type\":\"BreadcrumbList\",\"@id\":\"https:\/\/abaa.mx\/tienda\/reed-r7140-tacometro-combinado-de-contacto-foto\/#breadcrumb\",\"itemListElement\":[{\"@type\":\"ListItem\",\"position\":1,\"name\":\"Inicio\",\"item\":\"https:\/\/abaa.mx\/tienda\/\"},{\"@type\":\"ListItem\",\"position\":2,\"name\":\"Tienda\",\"item\":\"https:\/\/abaa.mx\/tienda\/\"},{\"@type\":\"ListItem\",\"position\":3,\"name\":\"Reed r7140 tac\u00f3metro combinado de contacto &#8211; foto\"}]},{\"@type\":\"WebSite\",\"@id\":\"https:\/\/abaa.mx\/tienda\/#website\",\"url\":\"https:\/\/abaa.mx\/tienda\/\",\"name\":\"Abaa tienda online\",\"description\":\"Instrumentos de medici\u00f3n\",\"publisher\":{\"@id\":\"https:\/\/abaa.mx\/tienda\/#organization\"},\"potentialAction\":[{\"@type\":\"SearchAction\",\"target\":{\"@type\":\"EntryPoint\",\"urlTemplate\":\"https:\/\/abaa.mx\/tienda\/?s={search_term_string}\"},\"query-input\":{\"@type\":\"PropertyValueSpecification\",\"valueRequired\":true,\"valueName\":\"search_term_string\"}}],\"inLanguage\":\"es\"},{\"@type\":\"Organization\",\"@id\":\"https:\/\/abaa.mx\/tienda\/#organization\",\"name\":\"Abaa tienda online\",\"url\":\"https:\/\/abaa.mx\/tienda\/\",\"logo\":{\"@type\":\"ImageObject\",\"inLanguage\":\"es\",\"@id\":\"https:\/\/abaa.mx\/tienda\/#\/schema\/logo\/image\/\",\"url\":\"https:\/\/abaa.mx\/tienda\/wp-content\/uploads\/2024\/01\/abaa-metrologia-tienda.png\",\"contentUrl\":\"https:\/\/abaa.mx\/tienda\/wp-content\/uploads\/2024\/01\/abaa-metrologia-tienda.png\",\"width\":300,\"height\":141,\"caption\":\"Abaa tienda online\"},\"image\":{\"@id\":\"https:\/\/abaa.mx\/tienda\/#\/schema\/logo\/image\/\"}}]}<\/script>\n<!-- \/ Yoast SEO plugin. -->","yoast_head_json":{"title":"Reed r7140 tac\u00f3metro combinado de contacto - foto - Abaa tienda online","robots":{"index":"index","follow":"follow","max-snippet":"max-snippet:-1","max-image-preview":"max-image-preview:large","max-video-preview":"max-video-preview:-1"},"canonical":"https:\/\/abaa.mx\/tienda\/reed-r7140-tacometro-combinado-de-contacto-foto\/","og_locale":"es_MX","og_type":"article","og_title":"Reed r7140 tac\u00f3metro combinado de contacto - foto - Abaa tienda online","og_description":"El tac\u00f3metro de doble funci\u00f3n cuenta con la capacidad de medir RPM con mediciones sin contacto (luz visible) y con contacto (ft\/min\/m\/min) de forma r\u00e1pida y precisa.","og_url":"https:\/\/abaa.mx\/tienda\/reed-r7140-tacometro-combinado-de-contacto-foto\/","og_site_name":"Abaa tienda online","article_modified_time":"2023-12-04T20:36:38+00:00","og_image":[{"width":939,"height":2560,"url":"https:\/\/abaa.mx\/tienda\/wp-content\/uploads\/2023\/10\/R7140-NIST-scaled.jpg","type":"image\/jpeg"}],"twitter_card":"summary_large_image","twitter_misc":{"Tiempo de lectura":"2 minutos"},"schema":{"@context":"https:\/\/schema.org","@graph":[{"@type":"WebPage","@id":"https:\/\/abaa.mx\/tienda\/reed-r7140-tacometro-combinado-de-contacto-foto\/","url":"https:\/\/abaa.mx\/tienda\/reed-r7140-tacometro-combinado-de-contacto-foto\/","name":"Reed r7140 tac\u00f3metro combinado de contacto - foto - Abaa tienda online","isPartOf":{"@id":"https:\/\/abaa.mx\/tienda\/#website"},"primaryImageOfPage":{"@id":"https:\/\/abaa.mx\/tienda\/reed-r7140-tacometro-combinado-de-contacto-foto\/#primaryimage"},"image":{"@id":"https:\/\/abaa.mx\/tienda\/reed-r7140-tacometro-combinado-de-contacto-foto\/#primaryimage"},"thumbnailUrl":"https:\/\/abaa.mx\/tienda\/wp-content\/uploads\/2023\/10\/R7140-NIST-scaled.jpg","datePublished":"2023-10-23T20:29:39+00:00","dateModified":"2023-12-04T20:36:38+00:00","breadcrumb":{"@id":"https:\/\/abaa.mx\/tienda\/reed-r7140-tacometro-combinado-de-contacto-foto\/#breadcrumb"},"inLanguage":"es","potentialAction":[{"@type":"ReadAction","target":["https:\/\/abaa.mx\/tienda\/reed-r7140-tacometro-combinado-de-contacto-foto\/"]}]},{"@type":"ImageObject","inLanguage":"es","@id":"https:\/\/abaa.mx\/tienda\/reed-r7140-tacometro-combinado-de-contacto-foto\/#primaryimage","url":"https:\/\/abaa.mx\/tienda\/wp-content\/uploads\/2023\/10\/R7140-NIST-scaled.jpg","contentUrl":"https:\/\/abaa.mx\/tienda\/wp-content\/uploads\/2023\/10\/R7140-NIST-scaled.jpg","width":939,"height":2560,"caption":"R7140-NIST"},{"@type":"BreadcrumbList","@id":"https:\/\/abaa.mx\/tienda\/reed-r7140-tacometro-combinado-de-contacto-foto\/#breadcrumb","itemListElement":[{"@type":"ListItem","position":1,"name":"Inicio","item":"https:\/\/abaa.mx\/tienda\/"},{"@type":"ListItem","position":2,"name":"Tienda","item":"https:\/\/abaa.mx\/tienda\/"},{"@type":"ListItem","position":3,"name":"Reed r7140 tac\u00f3metro combinado de contacto &#8211; foto"}]},{"@type":"WebSite","@id":"https:\/\/abaa.mx\/tienda\/#website","url":"https:\/\/abaa.mx\/tienda\/","name":"Abaa tienda online","description":"Instrumentos de medici\u00f3n","publisher":{"@id":"https:\/\/abaa.mx\/tienda\/#organization"},"potentialAction":[{"@type":"SearchAction","target":{"@type":"EntryPoint","urlTemplate":"https:\/\/abaa.mx\/tienda\/?s={search_term_string}"},"query-input":{"@type":"PropertyValueSpecification","valueRequired":true,"valueName":"search_term_string"}}],"inLanguage":"es"},{"@type":"Organization","@id":"https:\/\/abaa.mx\/tienda\/#organization","name":"Abaa tienda online","url":"https:\/\/abaa.mx\/tienda\/","logo":{"@type":"ImageObject","inLanguage":"es","@id":"https:\/\/abaa.mx\/tienda\/#\/schema\/logo\/image\/","url":"https:\/\/abaa.mx\/tienda\/wp-content\/uploads\/2024\/01\/abaa-metrologia-tienda.png","contentUrl":"https:\/\/abaa.mx\/tienda\/wp-content\/uploads\/2024\/01\/abaa-metrologia-tienda.png","width":300,"height":141,"caption":"Abaa tienda online"},"image":{"@id":"https:\/\/abaa.mx\/tienda\/#\/schema\/logo\/image\/"}}]}},"_links":{"self":[{"href":"https:\/\/abaa.mx\/tienda\/wp-json\/wp\/v2\/product\/7509","targetHints":{"allow":["GET"]}}],"collection":[{"href":"https:\/\/abaa.mx\/tienda\/wp-json\/wp\/v2\/product"}],"about":[{"href":"https:\/\/abaa.mx\/tienda\/wp-json\/wp\/v2\/types\/product"}],"replies":[{"embeddable":true,"href":"https:\/\/abaa.mx\/tienda\/wp-json\/wp\/v2\/comments?post=7509"}],"wp:featuredmedia":[{"embeddable":true,"href":"https:\/\/abaa.mx\/tienda\/wp-json\/wp\/v2\/media\/7516"}],"wp:attachment":[{"href":"https:\/\/abaa.mx\/tienda\/wp-json\/wp\/v2\/media?parent=7509"}],"wp:term":[{"taxonomy":"product_brand","embeddable":true,"href":"https:\/\/abaa.mx\/tienda\/wp-json\/wp\/v2\/product_brand?post=7509"},{"taxonomy":"product_cat","embeddable":true,"href":"https:\/\/abaa.mx\/tienda\/wp-json\/wp\/v2\/product_cat?post=7509"},{"taxonomy":"product_tag","embeddable":true,"href":"https:\/\/abaa.mx\/tienda\/wp-json\/wp\/v2\/product_tag?post=7509"}],"curies":[{"name":"wp","href":"https:\/\/api.w.org\/{rel}","templated":true}]}}