{"id":7505,"date":"2023-10-23T20:24:50","date_gmt":"2023-10-23T20:24:50","guid":{"rendered":"https:\/\/abaa.mx\/tienda\/?post_type=product&#038;p=7505"},"modified":"2023-10-23T20:24:50","modified_gmt":"2023-10-23T20:24:50","slug":"reed-tm-8811-nist-medidor-de-espesor-ultrasonico-7-9-200-mm","status":"publish","type":"product","link":"https:\/\/abaa.mx\/tienda\/reed-tm-8811-nist-medidor-de-espesor-ultrasonico-7-9-200-mm\/","title":{"rendered":"Reed tm-8811-nist medidor de espesor ultras\u00f3nico, 7.9&#8243; (200 mm)"},"content":{"rendered":"<p>Este medidor de espesor ultras\u00f3nico tiene una gran pantalla LCD f\u00e1cil de leer y est\u00e1 dise\u00f1ado para medir el espesor de 10 materiales preestablecidos. El TM-8811 cuenta con una funci\u00f3n de calibraci\u00f3n incorporada, un indicador de bater\u00eda baja e incluye acoplante.<\/p>\n<p><strong>Funciones<\/strong><\/p>\n<ul>\n<li>Mide el espesor del acero, el hierro fundido, el aluminio, el cobre rojo, el zinc, el vidrio de cuarzo, el polietileno, el PVC, la fundici\u00f3n gris y la fundici\u00f3n nodular<\/li>\n<li>Pantalla LCD grande y f\u00e1cil de leer<\/li>\n<li>Muestra la velocidad del sonido con solo tocar un bot\u00f3n<\/li>\n<li>Calibraci\u00f3n autom\u00e1tica de materiales<\/li>\n<li>Unidad de medida seleccionable por el usuario (pulgadas\/mm)<\/li>\n<li>Indicador de bater\u00eda baja<\/li>\n<\/ul>\n<h4>\u00a0Especificaciones<\/h4>\n<table class=\"table table-striped\">\n<tbody>\n<tr>\n<td>Rango de medici\u00f3n<\/td>\n<td>De 0,05 a 7,9&#8243; (de 1,5 a 200 mm)<\/td>\n<\/tr>\n<tr>\n<td>Exactitud<\/td>\n<td>\u00b1 (0,5 % + 0,1 mm)<\/td>\n<\/tr>\n<tr>\n<td>Resoluci\u00f3n<\/td>\n<td>0,001&#8243;\/0,1 mm<\/td>\n<\/tr>\n<tr>\n<td>Rango de velocidad<\/td>\n<td>De 500 a 9000 m\/s<\/td>\n<\/tr>\n<tr>\n<td>Materiales compatibles<\/td>\n<td>Acero, fundici\u00f3n, aluminio, cobre rojo, zinc, vidrio de cuarzo, polietileno, PVC, fundici\u00f3n gris y fundici\u00f3n nodular<\/td>\n<\/tr>\n<tr>\n<td>Tiempo de muestreo<\/td>\n<td>Menos de 1 seg.<\/td>\n<\/tr>\n<tr>\n<td>Monitor<\/td>\n<td>4 d\u00edgitos, LCD<\/td>\n<\/tr>\n<tr>\n<td>Longitud de la sonda<\/td>\n<td>3&#8242; (36&#8243;)<\/td>\n<\/tr>\n<tr>\n<td>Di\u00e1metro de la sonda<\/td>\n<td>0,4&#8243; (10 mm)<\/td>\n<\/tr>\n<tr>\n<td>Indicador de bater\u00eda baja<\/td>\n<td>S\u00ed<\/td>\n<\/tr>\n<tr>\n<td>Fuente de alimentaci\u00f3n<\/td>\n<td>4 pilas AA<\/td>\n<\/tr>\n<tr>\n<td>Certificaciones de productos<\/td>\n<td>Despu\u00e9s de Cristo<\/td>\n<\/tr>\n<tr>\n<td>Temperatura de funcionamiento<\/td>\n<td>De 32 a 122 \u00b0C (de 0 a 50 \u00b0F)<\/td>\n<\/tr>\n<tr>\n<td>Temperatura de funcionamiento de la sonda<\/td>\n<td>De 32 a 104 \u00b0C (de 0 a 40 \u00b0F)<\/td>\n<\/tr>\n<tr>\n<td>Temperatura de almacenamiento<\/td>\n<td>-4 a 140 \u00b0F (-20 a 60 \u00b0C)<\/td>\n<\/tr>\n<tr>\n<td>Rango de humedad de funcionamiento<\/td>\n<td>Del 20 al 80%<\/td>\n<\/tr>\n<tr>\n<td>Dimensiones<\/td>\n<td>6,3 x 2,7 x 1,25&#8243; (161 x 69 x 32 mm)<\/td>\n<\/tr>\n<tr>\n<td>Peso<\/td>\n<td>9 onzas (258 g)<\/td>\n<\/tr>\n<\/tbody>\n<\/table>\n","protected":false},"excerpt":{"rendered":"<p class=\"short-description mhide ipad-view-setting\">Respuesta r\u00e1pida y alta precisi\u00f3n con una gran pantalla LCD.<\/p>\n<div class=\"row-fluid\">\n<div class=\"span12 mobile-pricing-box-padding\">\n<form id=\"60681\" accept-charset=\"utf-8\" action=\"https:\/\/www.globaltestsupply.com\/shop\/add\" method=\"post\" name=\"addTocartFunction\">\n<div><\/div>\n<\/form>\n<\/div>\n<\/div>\n","protected":false},"featured_media":7511,"comment_status":"open","ping_status":"closed","template":"","meta":{"_joinchat":[]},"product_brand":[],"product_cat":[15],"product_tag":[],"class_list":{"0":"post-7505","1":"product","2":"type-product","3":"status-publish","4":"has-post-thumbnail","6":"product_cat-sin-categorizar","8":"first","9":"instock","10":"shipping-taxable","11":"product-type-simple"},"yoast_head":"<!-- This site is optimized with the Yoast SEO plugin v26.4 - https:\/\/yoast.com\/wordpress\/plugins\/seo\/ -->\n<title>Reed tm-8811-nist medidor de espesor ultras\u00f3nico, 7.9&quot; (200 mm) - Abaa tienda online<\/title>\n<meta name=\"robots\" content=\"index, follow, max-snippet:-1, max-image-preview:large, max-video-preview:-1\" \/>\n<link rel=\"canonical\" href=\"https:\/\/abaa.mx\/tienda\/reed-tm-8811-nist-medidor-de-espesor-ultrasonico-7-9-200-mm\/\" \/>\n<meta property=\"og:locale\" content=\"es_MX\" \/>\n<meta property=\"og:type\" content=\"article\" \/>\n<meta property=\"og:title\" content=\"Reed tm-8811-nist medidor de espesor ultras\u00f3nico, 7.9&quot; (200 mm) - Abaa tienda online\" \/>\n<meta property=\"og:description\" content=\"Respuesta r\u00e1pida y alta precisi\u00f3n con una gran pantalla LCD.\" \/>\n<meta property=\"og:url\" content=\"https:\/\/abaa.mx\/tienda\/reed-tm-8811-nist-medidor-de-espesor-ultrasonico-7-9-200-mm\/\" \/>\n<meta property=\"og:site_name\" content=\"Abaa tienda online\" \/>\n<meta property=\"og:image\" content=\"https:\/\/abaa.mx\/tienda\/wp-content\/uploads\/2023\/10\/TM-8811-NIST.jpg\" \/>\n\t<meta property=\"og:image:width\" content=\"500\" \/>\n\t<meta property=\"og:image:height\" content=\"500\" \/>\n\t<meta property=\"og:image:type\" content=\"image\/jpeg\" \/>\n<meta name=\"twitter:card\" content=\"summary_large_image\" \/>\n<meta name=\"twitter:label1\" content=\"Tiempo de lectura\" \/>\n\t<meta name=\"twitter:data1\" content=\"2 minutos\" \/>\n<script type=\"application\/ld+json\" class=\"yoast-schema-graph\">{\"@context\":\"https:\/\/schema.org\",\"@graph\":[{\"@type\":\"WebPage\",\"@id\":\"https:\/\/abaa.mx\/tienda\/reed-tm-8811-nist-medidor-de-espesor-ultrasonico-7-9-200-mm\/\",\"url\":\"https:\/\/abaa.mx\/tienda\/reed-tm-8811-nist-medidor-de-espesor-ultrasonico-7-9-200-mm\/\",\"name\":\"Reed tm-8811-nist medidor de espesor ultras\u00f3nico, 7.9\\\" (200 mm) - Abaa tienda online\",\"isPartOf\":{\"@id\":\"https:\/\/abaa.mx\/tienda\/#website\"},\"primaryImageOfPage\":{\"@id\":\"https:\/\/abaa.mx\/tienda\/reed-tm-8811-nist-medidor-de-espesor-ultrasonico-7-9-200-mm\/#primaryimage\"},\"image\":{\"@id\":\"https:\/\/abaa.mx\/tienda\/reed-tm-8811-nist-medidor-de-espesor-ultrasonico-7-9-200-mm\/#primaryimage\"},\"thumbnailUrl\":\"https:\/\/abaa.mx\/tienda\/wp-content\/uploads\/2023\/10\/TM-8811-NIST.jpg\",\"datePublished\":\"2023-10-23T20:24:50+00:00\",\"breadcrumb\":{\"@id\":\"https:\/\/abaa.mx\/tienda\/reed-tm-8811-nist-medidor-de-espesor-ultrasonico-7-9-200-mm\/#breadcrumb\"},\"inLanguage\":\"es\",\"potentialAction\":[{\"@type\":\"ReadAction\",\"target\":[\"https:\/\/abaa.mx\/tienda\/reed-tm-8811-nist-medidor-de-espesor-ultrasonico-7-9-200-mm\/\"]}]},{\"@type\":\"ImageObject\",\"inLanguage\":\"es\",\"@id\":\"https:\/\/abaa.mx\/tienda\/reed-tm-8811-nist-medidor-de-espesor-ultrasonico-7-9-200-mm\/#primaryimage\",\"url\":\"https:\/\/abaa.mx\/tienda\/wp-content\/uploads\/2023\/10\/TM-8811-NIST.jpg\",\"contentUrl\":\"https:\/\/abaa.mx\/tienda\/wp-content\/uploads\/2023\/10\/TM-8811-NIST.jpg\",\"width\":500,\"height\":500,\"caption\":\"reed-tm-8811-nist-medidor-de-espesor-ultrasonico-7-9-200-mm\"},{\"@type\":\"BreadcrumbList\",\"@id\":\"https:\/\/abaa.mx\/tienda\/reed-tm-8811-nist-medidor-de-espesor-ultrasonico-7-9-200-mm\/#breadcrumb\",\"itemListElement\":[{\"@type\":\"ListItem\",\"position\":1,\"name\":\"Inicio\",\"item\":\"https:\/\/abaa.mx\/tienda\/\"},{\"@type\":\"ListItem\",\"position\":2,\"name\":\"Tienda\",\"item\":\"https:\/\/abaa.mx\/tienda\/\"},{\"@type\":\"ListItem\",\"position\":3,\"name\":\"Reed tm-8811-nist medidor de espesor ultras\u00f3nico, 7.9&#8243; (200 mm)\"}]},{\"@type\":\"WebSite\",\"@id\":\"https:\/\/abaa.mx\/tienda\/#website\",\"url\":\"https:\/\/abaa.mx\/tienda\/\",\"name\":\"Abaa tienda online\",\"description\":\"Instrumentos de medici\u00f3n\",\"publisher\":{\"@id\":\"https:\/\/abaa.mx\/tienda\/#organization\"},\"potentialAction\":[{\"@type\":\"SearchAction\",\"target\":{\"@type\":\"EntryPoint\",\"urlTemplate\":\"https:\/\/abaa.mx\/tienda\/?s={search_term_string}\"},\"query-input\":{\"@type\":\"PropertyValueSpecification\",\"valueRequired\":true,\"valueName\":\"search_term_string\"}}],\"inLanguage\":\"es\"},{\"@type\":\"Organization\",\"@id\":\"https:\/\/abaa.mx\/tienda\/#organization\",\"name\":\"Abaa tienda online\",\"url\":\"https:\/\/abaa.mx\/tienda\/\",\"logo\":{\"@type\":\"ImageObject\",\"inLanguage\":\"es\",\"@id\":\"https:\/\/abaa.mx\/tienda\/#\/schema\/logo\/image\/\",\"url\":\"https:\/\/abaa.mx\/tienda\/wp-content\/uploads\/2024\/01\/abaa-metrologia-tienda.png\",\"contentUrl\":\"https:\/\/abaa.mx\/tienda\/wp-content\/uploads\/2024\/01\/abaa-metrologia-tienda.png\",\"width\":300,\"height\":141,\"caption\":\"Abaa tienda online\"},\"image\":{\"@id\":\"https:\/\/abaa.mx\/tienda\/#\/schema\/logo\/image\/\"}}]}<\/script>\n<!-- \/ Yoast SEO plugin. -->","yoast_head_json":{"title":"Reed tm-8811-nist medidor de espesor ultras\u00f3nico, 7.9\" (200 mm) - Abaa tienda online","robots":{"index":"index","follow":"follow","max-snippet":"max-snippet:-1","max-image-preview":"max-image-preview:large","max-video-preview":"max-video-preview:-1"},"canonical":"https:\/\/abaa.mx\/tienda\/reed-tm-8811-nist-medidor-de-espesor-ultrasonico-7-9-200-mm\/","og_locale":"es_MX","og_type":"article","og_title":"Reed tm-8811-nist medidor de espesor ultras\u00f3nico, 7.9\" (200 mm) - Abaa tienda online","og_description":"Respuesta r\u00e1pida y alta precisi\u00f3n con una gran pantalla LCD.","og_url":"https:\/\/abaa.mx\/tienda\/reed-tm-8811-nist-medidor-de-espesor-ultrasonico-7-9-200-mm\/","og_site_name":"Abaa tienda online","og_image":[{"width":500,"height":500,"url":"https:\/\/abaa.mx\/tienda\/wp-content\/uploads\/2023\/10\/TM-8811-NIST.jpg","type":"image\/jpeg"}],"twitter_card":"summary_large_image","twitter_misc":{"Tiempo de lectura":"2 minutos"},"schema":{"@context":"https:\/\/schema.org","@graph":[{"@type":"WebPage","@id":"https:\/\/abaa.mx\/tienda\/reed-tm-8811-nist-medidor-de-espesor-ultrasonico-7-9-200-mm\/","url":"https:\/\/abaa.mx\/tienda\/reed-tm-8811-nist-medidor-de-espesor-ultrasonico-7-9-200-mm\/","name":"Reed tm-8811-nist medidor de espesor ultras\u00f3nico, 7.9\" (200 mm) - Abaa tienda online","isPartOf":{"@id":"https:\/\/abaa.mx\/tienda\/#website"},"primaryImageOfPage":{"@id":"https:\/\/abaa.mx\/tienda\/reed-tm-8811-nist-medidor-de-espesor-ultrasonico-7-9-200-mm\/#primaryimage"},"image":{"@id":"https:\/\/abaa.mx\/tienda\/reed-tm-8811-nist-medidor-de-espesor-ultrasonico-7-9-200-mm\/#primaryimage"},"thumbnailUrl":"https:\/\/abaa.mx\/tienda\/wp-content\/uploads\/2023\/10\/TM-8811-NIST.jpg","datePublished":"2023-10-23T20:24:50+00:00","breadcrumb":{"@id":"https:\/\/abaa.mx\/tienda\/reed-tm-8811-nist-medidor-de-espesor-ultrasonico-7-9-200-mm\/#breadcrumb"},"inLanguage":"es","potentialAction":[{"@type":"ReadAction","target":["https:\/\/abaa.mx\/tienda\/reed-tm-8811-nist-medidor-de-espesor-ultrasonico-7-9-200-mm\/"]}]},{"@type":"ImageObject","inLanguage":"es","@id":"https:\/\/abaa.mx\/tienda\/reed-tm-8811-nist-medidor-de-espesor-ultrasonico-7-9-200-mm\/#primaryimage","url":"https:\/\/abaa.mx\/tienda\/wp-content\/uploads\/2023\/10\/TM-8811-NIST.jpg","contentUrl":"https:\/\/abaa.mx\/tienda\/wp-content\/uploads\/2023\/10\/TM-8811-NIST.jpg","width":500,"height":500,"caption":"reed-tm-8811-nist-medidor-de-espesor-ultrasonico-7-9-200-mm"},{"@type":"BreadcrumbList","@id":"https:\/\/abaa.mx\/tienda\/reed-tm-8811-nist-medidor-de-espesor-ultrasonico-7-9-200-mm\/#breadcrumb","itemListElement":[{"@type":"ListItem","position":1,"name":"Inicio","item":"https:\/\/abaa.mx\/tienda\/"},{"@type":"ListItem","position":2,"name":"Tienda","item":"https:\/\/abaa.mx\/tienda\/"},{"@type":"ListItem","position":3,"name":"Reed tm-8811-nist medidor de espesor ultras\u00f3nico, 7.9&#8243; (200 mm)"}]},{"@type":"WebSite","@id":"https:\/\/abaa.mx\/tienda\/#website","url":"https:\/\/abaa.mx\/tienda\/","name":"Abaa tienda online","description":"Instrumentos de medici\u00f3n","publisher":{"@id":"https:\/\/abaa.mx\/tienda\/#organization"},"potentialAction":[{"@type":"SearchAction","target":{"@type":"EntryPoint","urlTemplate":"https:\/\/abaa.mx\/tienda\/?s={search_term_string}"},"query-input":{"@type":"PropertyValueSpecification","valueRequired":true,"valueName":"search_term_string"}}],"inLanguage":"es"},{"@type":"Organization","@id":"https:\/\/abaa.mx\/tienda\/#organization","name":"Abaa tienda online","url":"https:\/\/abaa.mx\/tienda\/","logo":{"@type":"ImageObject","inLanguage":"es","@id":"https:\/\/abaa.mx\/tienda\/#\/schema\/logo\/image\/","url":"https:\/\/abaa.mx\/tienda\/wp-content\/uploads\/2024\/01\/abaa-metrologia-tienda.png","contentUrl":"https:\/\/abaa.mx\/tienda\/wp-content\/uploads\/2024\/01\/abaa-metrologia-tienda.png","width":300,"height":141,"caption":"Abaa tienda online"},"image":{"@id":"https:\/\/abaa.mx\/tienda\/#\/schema\/logo\/image\/"}}]}},"_links":{"self":[{"href":"https:\/\/abaa.mx\/tienda\/wp-json\/wp\/v2\/product\/7505","targetHints":{"allow":["GET"]}}],"collection":[{"href":"https:\/\/abaa.mx\/tienda\/wp-json\/wp\/v2\/product"}],"about":[{"href":"https:\/\/abaa.mx\/tienda\/wp-json\/wp\/v2\/types\/product"}],"replies":[{"embeddable":true,"href":"https:\/\/abaa.mx\/tienda\/wp-json\/wp\/v2\/comments?post=7505"}],"wp:featuredmedia":[{"embeddable":true,"href":"https:\/\/abaa.mx\/tienda\/wp-json\/wp\/v2\/media\/7511"}],"wp:attachment":[{"href":"https:\/\/abaa.mx\/tienda\/wp-json\/wp\/v2\/media?parent=7505"}],"wp:term":[{"taxonomy":"product_brand","embeddable":true,"href":"https:\/\/abaa.mx\/tienda\/wp-json\/wp\/v2\/product_brand?post=7505"},{"taxonomy":"product_cat","embeddable":true,"href":"https:\/\/abaa.mx\/tienda\/wp-json\/wp\/v2\/product_cat?post=7505"},{"taxonomy":"product_tag","embeddable":true,"href":"https:\/\/abaa.mx\/tienda\/wp-json\/wp\/v2\/product_tag?post=7505"}],"curies":[{"name":"wp","href":"https:\/\/api.w.org\/{rel}","templated":true}]}}