{"id":7473,"date":"2023-10-23T22:03:51","date_gmt":"2023-10-23T22:03:51","guid":{"rendered":"https:\/\/abaa.mx\/tienda\/?post_type=product&#038;p=7473"},"modified":"2023-12-12T20:40:48","modified_gmt":"2023-12-12T20:40:48","slug":"multimetro-digital-testo-760-2-con-capacitancia-trms-lpf-configuracion-automatica-ciclo-de-trabajo-y-temperatura","status":"publish","type":"product","link":"https:\/\/abaa.mx\/tienda\/multimetro-digital-testo-760-2-con-capacitancia-trms-lpf-configuracion-automatica-ciclo-de-trabajo-y-temperatura\/","title":{"rendered":"Im75 \u2014 multimetro y probador de aislamiento con modo vfd y bluetooth"},"content":{"rendered":"<p>Im75 \u2014 multimetro y probador de aislamiento con modo vfd y bluetooth.<\/p>\n","protected":false},"excerpt":{"rendered":"<h4><strong>CARACTER\u00cdSTICAS:<\/strong><\/h4>\n<p>El flir im75 es un comprobador de aislamiento de mano de primer nivel y un mult\u00edmetro digital multifunci\u00f3n avanzado para profesionales de instalaci\u00f3n, soluci\u00f3n de problemas y mantenimiento. El im75 incluye varios modos de aislamiento especializado, entre los que se encuentran: \u00edndice de polarizaci\u00f3n, absorci\u00f3n diel\u00e9ctrica y resistencia con toma de tierra. Las pruebas de aislamiento pueden realizarse de manera instant\u00e1nea, continua y durante un per\u00edodo controlado para realizar una evaluaci\u00f3n en profundidad. El medidor incluye meterlink\u00a0 para integrar mediciones el\u00e9ctricas en termograf\u00edas capturadas por c\u00e1maras de infrarrojos flir, y funcionalidad bluetooth\u00a0 para ver las lecturas en tiempo real de forma remota.<\/p>\n","protected":false},"featured_media":9784,"comment_status":"open","ping_status":"closed","template":"","meta":{"_joinchat":[]},"product_brand":[],"product_cat":[15],"product_tag":[],"class_list":{"0":"post-7473","1":"product","2":"type-product","3":"status-publish","4":"has-post-thumbnail","6":"product_cat-sin-categorizar","8":"first","9":"instock","10":"shipping-taxable","11":"product-type-simple"},"yoast_head":"<!-- This site is optimized with the Yoast SEO plugin v26.4 - https:\/\/yoast.com\/wordpress\/plugins\/seo\/ -->\n<title>Im75 \u2014 multimetro y probador de aislamiento con modo vfd y bluetooth - Abaa tienda online<\/title>\n<meta name=\"robots\" content=\"index, follow, max-snippet:-1, max-image-preview:large, max-video-preview:-1\" \/>\n<link rel=\"canonical\" href=\"https:\/\/abaa.mx\/tienda\/multimetro-digital-testo-760-2-con-capacitancia-trms-lpf-configuracion-automatica-ciclo-de-trabajo-y-temperatura\/\" \/>\n<meta property=\"og:locale\" content=\"es_MX\" \/>\n<meta property=\"og:type\" content=\"article\" \/>\n<meta property=\"og:title\" content=\"Im75 \u2014 multimetro y probador de aislamiento con modo vfd y bluetooth - Abaa tienda online\" \/>\n<meta property=\"og:description\" content=\"CARACTER\u00cdSTICAS: El flir im75 es un comprobador de aislamiento de mano de primer nivel y un mult\u00edmetro digital multifunci\u00f3n avanzado para profesionales de instalaci\u00f3n, soluci\u00f3n de problemas y mantenimiento. El im75 incluye varios modos de aislamiento especializado, entre los que se encuentran: \u00edndice de polarizaci\u00f3n, absorci\u00f3n diel\u00e9ctrica y resistencia con toma de tierra. Las pruebas de aislamiento pueden realizarse de manera instant\u00e1nea, continua y durante un per\u00edodo controlado para realizar una evaluaci\u00f3n en profundidad. El medidor incluye meterlink\u00a0 para integrar mediciones el\u00e9ctricas en termograf\u00edas capturadas por c\u00e1maras de infrarrojos flir, y funcionalidad bluetooth\u00a0 para ver las lecturas en tiempo real de forma remota.\" \/>\n<meta property=\"og:url\" content=\"https:\/\/abaa.mx\/tienda\/multimetro-digital-testo-760-2-con-capacitancia-trms-lpf-configuracion-automatica-ciclo-de-trabajo-y-temperatura\/\" \/>\n<meta property=\"og:site_name\" content=\"Abaa tienda online\" \/>\n<meta property=\"article:modified_time\" content=\"2023-12-12T20:40:48+00:00\" \/>\n<meta property=\"og:image\" content=\"https:\/\/abaa.mx\/tienda\/wp-content\/uploads\/2023\/10\/FLIR-IM75.jpg\" \/>\n\t<meta property=\"og:image:width\" content=\"566\" \/>\n\t<meta property=\"og:image:height\" content=\"573\" \/>\n\t<meta property=\"og:image:type\" content=\"image\/jpeg\" \/>\n<meta name=\"twitter:card\" content=\"summary_large_image\" \/>\n<meta name=\"twitter:label1\" content=\"Tiempo de lectura\" \/>\n\t<meta name=\"twitter:data1\" content=\"1 minuto\" \/>\n<script type=\"application\/ld+json\" class=\"yoast-schema-graph\">{\"@context\":\"https:\/\/schema.org\",\"@graph\":[{\"@type\":\"WebPage\",\"@id\":\"https:\/\/abaa.mx\/tienda\/multimetro-digital-testo-760-2-con-capacitancia-trms-lpf-configuracion-automatica-ciclo-de-trabajo-y-temperatura\/\",\"url\":\"https:\/\/abaa.mx\/tienda\/multimetro-digital-testo-760-2-con-capacitancia-trms-lpf-configuracion-automatica-ciclo-de-trabajo-y-temperatura\/\",\"name\":\"Im75 \u2014 multimetro y probador de aislamiento con modo vfd y bluetooth - Abaa tienda online\",\"isPartOf\":{\"@id\":\"https:\/\/abaa.mx\/tienda\/#website\"},\"primaryImageOfPage\":{\"@id\":\"https:\/\/abaa.mx\/tienda\/multimetro-digital-testo-760-2-con-capacitancia-trms-lpf-configuracion-automatica-ciclo-de-trabajo-y-temperatura\/#primaryimage\"},\"image\":{\"@id\":\"https:\/\/abaa.mx\/tienda\/multimetro-digital-testo-760-2-con-capacitancia-trms-lpf-configuracion-automatica-ciclo-de-trabajo-y-temperatura\/#primaryimage\"},\"thumbnailUrl\":\"https:\/\/abaa.mx\/tienda\/wp-content\/uploads\/2023\/10\/FLIR-IM75.jpg\",\"datePublished\":\"2023-10-23T22:03:51+00:00\",\"dateModified\":\"2023-12-12T20:40:48+00:00\",\"breadcrumb\":{\"@id\":\"https:\/\/abaa.mx\/tienda\/multimetro-digital-testo-760-2-con-capacitancia-trms-lpf-configuracion-automatica-ciclo-de-trabajo-y-temperatura\/#breadcrumb\"},\"inLanguage\":\"es\",\"potentialAction\":[{\"@type\":\"ReadAction\",\"target\":[\"https:\/\/abaa.mx\/tienda\/multimetro-digital-testo-760-2-con-capacitancia-trms-lpf-configuracion-automatica-ciclo-de-trabajo-y-temperatura\/\"]}]},{\"@type\":\"ImageObject\",\"inLanguage\":\"es\",\"@id\":\"https:\/\/abaa.mx\/tienda\/multimetro-digital-testo-760-2-con-capacitancia-trms-lpf-configuracion-automatica-ciclo-de-trabajo-y-temperatura\/#primaryimage\",\"url\":\"https:\/\/abaa.mx\/tienda\/wp-content\/uploads\/2023\/10\/FLIR-IM75.jpg\",\"contentUrl\":\"https:\/\/abaa.mx\/tienda\/wp-content\/uploads\/2023\/10\/FLIR-IM75.jpg\",\"width\":566,\"height\":573,\"caption\":\"FLIR-IM75\"},{\"@type\":\"BreadcrumbList\",\"@id\":\"https:\/\/abaa.mx\/tienda\/multimetro-digital-testo-760-2-con-capacitancia-trms-lpf-configuracion-automatica-ciclo-de-trabajo-y-temperatura\/#breadcrumb\",\"itemListElement\":[{\"@type\":\"ListItem\",\"position\":1,\"name\":\"Inicio\",\"item\":\"https:\/\/abaa.mx\/tienda\/\"},{\"@type\":\"ListItem\",\"position\":2,\"name\":\"Tienda\",\"item\":\"https:\/\/abaa.mx\/tienda\/\"},{\"@type\":\"ListItem\",\"position\":3,\"name\":\"Im75 \u2014 multimetro y probador de aislamiento con modo vfd y bluetooth\"}]},{\"@type\":\"WebSite\",\"@id\":\"https:\/\/abaa.mx\/tienda\/#website\",\"url\":\"https:\/\/abaa.mx\/tienda\/\",\"name\":\"Abaa tienda online\",\"description\":\"Instrumentos de medici\u00f3n\",\"publisher\":{\"@id\":\"https:\/\/abaa.mx\/tienda\/#organization\"},\"potentialAction\":[{\"@type\":\"SearchAction\",\"target\":{\"@type\":\"EntryPoint\",\"urlTemplate\":\"https:\/\/abaa.mx\/tienda\/?s={search_term_string}\"},\"query-input\":{\"@type\":\"PropertyValueSpecification\",\"valueRequired\":true,\"valueName\":\"search_term_string\"}}],\"inLanguage\":\"es\"},{\"@type\":\"Organization\",\"@id\":\"https:\/\/abaa.mx\/tienda\/#organization\",\"name\":\"Abaa tienda online\",\"url\":\"https:\/\/abaa.mx\/tienda\/\",\"logo\":{\"@type\":\"ImageObject\",\"inLanguage\":\"es\",\"@id\":\"https:\/\/abaa.mx\/tienda\/#\/schema\/logo\/image\/\",\"url\":\"https:\/\/abaa.mx\/tienda\/wp-content\/uploads\/2024\/01\/abaa-metrologia-tienda.png\",\"contentUrl\":\"https:\/\/abaa.mx\/tienda\/wp-content\/uploads\/2024\/01\/abaa-metrologia-tienda.png\",\"width\":300,\"height\":141,\"caption\":\"Abaa tienda online\"},\"image\":{\"@id\":\"https:\/\/abaa.mx\/tienda\/#\/schema\/logo\/image\/\"}}]}<\/script>\n<!-- \/ Yoast SEO plugin. -->","yoast_head_json":{"title":"Im75 \u2014 multimetro y probador de aislamiento con modo vfd y bluetooth - Abaa tienda online","robots":{"index":"index","follow":"follow","max-snippet":"max-snippet:-1","max-image-preview":"max-image-preview:large","max-video-preview":"max-video-preview:-1"},"canonical":"https:\/\/abaa.mx\/tienda\/multimetro-digital-testo-760-2-con-capacitancia-trms-lpf-configuracion-automatica-ciclo-de-trabajo-y-temperatura\/","og_locale":"es_MX","og_type":"article","og_title":"Im75 \u2014 multimetro y probador de aislamiento con modo vfd y bluetooth - Abaa tienda online","og_description":"CARACTER\u00cdSTICAS: El flir im75 es un comprobador de aislamiento de mano de primer nivel y un mult\u00edmetro digital multifunci\u00f3n avanzado para profesionales de instalaci\u00f3n, soluci\u00f3n de problemas y mantenimiento. El im75 incluye varios modos de aislamiento especializado, entre los que se encuentran: \u00edndice de polarizaci\u00f3n, absorci\u00f3n diel\u00e9ctrica y resistencia con toma de tierra. Las pruebas de aislamiento pueden realizarse de manera instant\u00e1nea, continua y durante un per\u00edodo controlado para realizar una evaluaci\u00f3n en profundidad. El medidor incluye meterlink\u00a0 para integrar mediciones el\u00e9ctricas en termograf\u00edas capturadas por c\u00e1maras de infrarrojos flir, y funcionalidad bluetooth\u00a0 para ver las lecturas en tiempo real de forma remota.","og_url":"https:\/\/abaa.mx\/tienda\/multimetro-digital-testo-760-2-con-capacitancia-trms-lpf-configuracion-automatica-ciclo-de-trabajo-y-temperatura\/","og_site_name":"Abaa tienda online","article_modified_time":"2023-12-12T20:40:48+00:00","og_image":[{"width":566,"height":573,"url":"https:\/\/abaa.mx\/tienda\/wp-content\/uploads\/2023\/10\/FLIR-IM75.jpg","type":"image\/jpeg"}],"twitter_card":"summary_large_image","twitter_misc":{"Tiempo de lectura":"1 minuto"},"schema":{"@context":"https:\/\/schema.org","@graph":[{"@type":"WebPage","@id":"https:\/\/abaa.mx\/tienda\/multimetro-digital-testo-760-2-con-capacitancia-trms-lpf-configuracion-automatica-ciclo-de-trabajo-y-temperatura\/","url":"https:\/\/abaa.mx\/tienda\/multimetro-digital-testo-760-2-con-capacitancia-trms-lpf-configuracion-automatica-ciclo-de-trabajo-y-temperatura\/","name":"Im75 \u2014 multimetro y probador de aislamiento con modo vfd y bluetooth - Abaa tienda online","isPartOf":{"@id":"https:\/\/abaa.mx\/tienda\/#website"},"primaryImageOfPage":{"@id":"https:\/\/abaa.mx\/tienda\/multimetro-digital-testo-760-2-con-capacitancia-trms-lpf-configuracion-automatica-ciclo-de-trabajo-y-temperatura\/#primaryimage"},"image":{"@id":"https:\/\/abaa.mx\/tienda\/multimetro-digital-testo-760-2-con-capacitancia-trms-lpf-configuracion-automatica-ciclo-de-trabajo-y-temperatura\/#primaryimage"},"thumbnailUrl":"https:\/\/abaa.mx\/tienda\/wp-content\/uploads\/2023\/10\/FLIR-IM75.jpg","datePublished":"2023-10-23T22:03:51+00:00","dateModified":"2023-12-12T20:40:48+00:00","breadcrumb":{"@id":"https:\/\/abaa.mx\/tienda\/multimetro-digital-testo-760-2-con-capacitancia-trms-lpf-configuracion-automatica-ciclo-de-trabajo-y-temperatura\/#breadcrumb"},"inLanguage":"es","potentialAction":[{"@type":"ReadAction","target":["https:\/\/abaa.mx\/tienda\/multimetro-digital-testo-760-2-con-capacitancia-trms-lpf-configuracion-automatica-ciclo-de-trabajo-y-temperatura\/"]}]},{"@type":"ImageObject","inLanguage":"es","@id":"https:\/\/abaa.mx\/tienda\/multimetro-digital-testo-760-2-con-capacitancia-trms-lpf-configuracion-automatica-ciclo-de-trabajo-y-temperatura\/#primaryimage","url":"https:\/\/abaa.mx\/tienda\/wp-content\/uploads\/2023\/10\/FLIR-IM75.jpg","contentUrl":"https:\/\/abaa.mx\/tienda\/wp-content\/uploads\/2023\/10\/FLIR-IM75.jpg","width":566,"height":573,"caption":"FLIR-IM75"},{"@type":"BreadcrumbList","@id":"https:\/\/abaa.mx\/tienda\/multimetro-digital-testo-760-2-con-capacitancia-trms-lpf-configuracion-automatica-ciclo-de-trabajo-y-temperatura\/#breadcrumb","itemListElement":[{"@type":"ListItem","position":1,"name":"Inicio","item":"https:\/\/abaa.mx\/tienda\/"},{"@type":"ListItem","position":2,"name":"Tienda","item":"https:\/\/abaa.mx\/tienda\/"},{"@type":"ListItem","position":3,"name":"Im75 \u2014 multimetro y probador de aislamiento con modo vfd y bluetooth"}]},{"@type":"WebSite","@id":"https:\/\/abaa.mx\/tienda\/#website","url":"https:\/\/abaa.mx\/tienda\/","name":"Abaa tienda online","description":"Instrumentos de medici\u00f3n","publisher":{"@id":"https:\/\/abaa.mx\/tienda\/#organization"},"potentialAction":[{"@type":"SearchAction","target":{"@type":"EntryPoint","urlTemplate":"https:\/\/abaa.mx\/tienda\/?s={search_term_string}"},"query-input":{"@type":"PropertyValueSpecification","valueRequired":true,"valueName":"search_term_string"}}],"inLanguage":"es"},{"@type":"Organization","@id":"https:\/\/abaa.mx\/tienda\/#organization","name":"Abaa tienda online","url":"https:\/\/abaa.mx\/tienda\/","logo":{"@type":"ImageObject","inLanguage":"es","@id":"https:\/\/abaa.mx\/tienda\/#\/schema\/logo\/image\/","url":"https:\/\/abaa.mx\/tienda\/wp-content\/uploads\/2024\/01\/abaa-metrologia-tienda.png","contentUrl":"https:\/\/abaa.mx\/tienda\/wp-content\/uploads\/2024\/01\/abaa-metrologia-tienda.png","width":300,"height":141,"caption":"Abaa tienda online"},"image":{"@id":"https:\/\/abaa.mx\/tienda\/#\/schema\/logo\/image\/"}}]}},"_links":{"self":[{"href":"https:\/\/abaa.mx\/tienda\/wp-json\/wp\/v2\/product\/7473","targetHints":{"allow":["GET"]}}],"collection":[{"href":"https:\/\/abaa.mx\/tienda\/wp-json\/wp\/v2\/product"}],"about":[{"href":"https:\/\/abaa.mx\/tienda\/wp-json\/wp\/v2\/types\/product"}],"replies":[{"embeddable":true,"href":"https:\/\/abaa.mx\/tienda\/wp-json\/wp\/v2\/comments?post=7473"}],"wp:featuredmedia":[{"embeddable":true,"href":"https:\/\/abaa.mx\/tienda\/wp-json\/wp\/v2\/media\/9784"}],"wp:attachment":[{"href":"https:\/\/abaa.mx\/tienda\/wp-json\/wp\/v2\/media?parent=7473"}],"wp:term":[{"taxonomy":"product_brand","embeddable":true,"href":"https:\/\/abaa.mx\/tienda\/wp-json\/wp\/v2\/product_brand?post=7473"},{"taxonomy":"product_cat","embeddable":true,"href":"https:\/\/abaa.mx\/tienda\/wp-json\/wp\/v2\/product_cat?post=7473"},{"taxonomy":"product_tag","embeddable":true,"href":"https:\/\/abaa.mx\/tienda\/wp-json\/wp\/v2\/product_tag?post=7473"}],"curies":[{"name":"wp","href":"https:\/\/api.w.org\/{rel}","templated":true}]}}