{"id":7472,"date":"2023-10-23T21:59:31","date_gmt":"2023-10-23T21:59:31","guid":{"rendered":"https:\/\/abaa.mx\/tienda\/?post_type=product&#038;p=7472"},"modified":"2023-10-23T21:59:32","modified_gmt":"2023-10-23T21:59:32","slug":"kit-de-manometro-diferencial-testo-510","status":"publish","type":"product","link":"https:\/\/abaa.mx\/tienda\/kit-de-manometro-diferencial-testo-510\/","title":{"rendered":"Kit de Man\u00f3metro diferencial testo 510"},"content":{"rendered":"<p>El manual digital Testo 510 es una soluci\u00f3n de medici\u00f3n de baja presi\u00f3n todo en uno. El 510 puede medir la presi\u00f3n est\u00e1tica externa total, la presi\u00f3n diferencial, las velocidades de los conductos, las presiones de los colectores y el flujo de aire con el tubo de Pitot (opcional).<\/p>\n<p><strong>Funciones<\/strong><\/p>\n<ul>\n<li><span>De 0 a 40&#8243; H<\/span><sub>2<\/sub><span>O Rango de medici\u00f3n de presi\u00f3n<\/span><\/li>\n<li>Sensor de presi\u00f3n con compensaci\u00f3n de temperatura<\/li>\n<li>Respaldo magn\u00e9tico para uso manos libres<\/li>\n<li>Medici\u00f3n del caudal de aire con tubo de Pitot opcional<\/li>\n<li>Compensaci\u00f3n de densidad de aire ajustable por el usuario<\/li>\n<li>Tapa protectora para un almacenamiento seguro<\/li>\n<\/ul>\n<p><strong>Puesta a cero del instrumento de medici\u00f3n<\/strong><\/p>\n<p>Los valores de medici\u00f3n pueden ser falsificados por un cambio en la posici\u00f3n del instrumento de medici\u00f3n. Despu\u00e9s de la puesta a cero, no se debe cambiar la posici\u00f3n del instrumento de medici\u00f3n. Lleve a cabo la puesta a cero antes de cada medici\u00f3n para compensar el posicionamiento defectuoso o la deriva del punto cero a largo plazo. La puesta a cero solo es posible en un rango de 0 a 25% del rango de medici\u00f3n.<\/p>\n<p>El instrumento solo se puede poner a cero en el rango de hasta 10 hPa.<\/p>\n<p>&nbsp;<\/p>\n<h4>Especificaciones del testo 510<\/h4>\n<table class=\"table table-striped\">\n<tbody>\n<tr>\n<td>Rango de medici\u00f3n<\/td>\n<td>De 0 a 40 InH\u2082O \/ de 0 a 100 hPa<\/td>\n<\/tr>\n<tr>\n<td>Exactitud<\/td>\n<td>\u00b10,01 InH\u2082O (0 a 0,12 InH\u2082O) \/ \u00b10,03 hPa (0 a 0,30 hPa), \u00b10,02 InH\u2082O (0,12 a 0,40 InH\u2082O) \/ \u00b10,05 hPa (0,31 a 1,00 hPa), \u00b1(0,0 InH\u2082O + 1,5 % de mv) (0,40 a 40 InH\u2082O) \/ \u00b1 (0,1 hPa + 1,5 % de mv) (1,01 a 100 hPa)<\/td>\n<\/tr>\n<tr>\n<td>Dimensiones<\/td>\n<td>5 x 2 x 1 pulg. \/ 119 x 46 x 25 mm<\/td>\n<\/tr>\n<tr>\n<td>Temperatura de funcionamiento<\/td>\n<td>De 32,0 \u00b0F a 122,0 \u00b0F \/ de 0 a +50 \u00b0C<\/td>\n<\/tr>\n<tr>\n<td>Clase de protecci\u00f3n<\/td>\n<td>IP40<\/td>\n<\/tr>\n<tr>\n<td>Garant\u00eda<\/td>\n<td>2 a\u00f1os<\/td>\n<\/tr>\n<tr>\n<td>Unidades seleccionables<\/td>\n<td>hPa, mbar, Pa, mmH2O, inH\u2082O, inHg, mmHg, psi, m\/s, fpm<\/td>\n<\/tr>\n<tr>\n<td>Presi\u00f3n est\u00e1tica m\u00e1xima<\/td>\n<td>7,3 psi \/ 500 mbar<\/td>\n<\/tr>\n<tr>\n<td>Velocidad de medici\u00f3n<\/td>\n<td>0.5 segundos<\/td>\n<\/tr>\n<tr>\n<td>Tipo de bater\u00eda<\/td>\n<td>2 pilas AAA<\/td>\n<\/tr>\n<tr>\n<td>Duraci\u00f3n de la bater\u00eda<\/td>\n<td>50 h (promedio, sin iluminaci\u00f3n de la pantalla)<\/td>\n<\/tr>\n<tr>\n<td>Temperatura de almacenamiento<\/td>\n<td>De -40,0 \u00b0F a 158,0 \u00b0F \/ de -40 a +70 \u00b0C<\/td>\n<\/tr>\n<tr>\n<td>Peso<\/td>\n<td>3 onzas (con pilas y tapa protectora) \/ 90 g (con pilas y tapa protectora)<\/td>\n<\/tr>\n<\/tbody>\n<\/table>\n","protected":false},"excerpt":{"rendered":"<p class=\"short-description mhide ipad-view-setting\">Realice mediciones de diferencia de presi\u00f3n en los filtros del sistema de aire acondicionado o mediciones de flujo de aire en conductos de ventilaci\u00f3n utilizando un tubo est\u00e1tico de pitot. Probado en el campo e ideal para trabajos de instalaci\u00f3n y mantenimiento en y alrededor de la ventilaci\u00f3n y el aire acondicionado.<\/p>\n<p class=\"comment-tag-product\">\n<div class=\"row-fluid\">\n<div class=\"span12 mobile-pricing-box-padding\">\n<form id=\"85854\" accept-charset=\"utf-8\" action=\"https:\/\/www.globaltestsupply.com\/shop\/add\" method=\"post\" name=\"addTocartFunction\">\n<div><\/div>\n<\/form>\n<\/div>\n<\/div>\n","protected":false},"featured_media":7532,"comment_status":"open","ping_status":"closed","template":"","meta":{"_joinchat":[]},"product_brand":[],"product_cat":[15],"product_tag":[],"class_list":{"0":"post-7472","1":"product","2":"type-product","3":"status-publish","4":"has-post-thumbnail","6":"product_cat-sin-categorizar","8":"first","9":"instock","10":"shipping-taxable","11":"product-type-simple"},"yoast_head":"<!-- This site is optimized with the Yoast SEO plugin v26.4 - https:\/\/yoast.com\/wordpress\/plugins\/seo\/ -->\n<title>Kit de Man\u00f3metro diferencial testo 510 - Abaa tienda online<\/title>\n<meta name=\"robots\" content=\"index, follow, max-snippet:-1, max-image-preview:large, max-video-preview:-1\" \/>\n<link rel=\"canonical\" href=\"https:\/\/abaa.mx\/tienda\/kit-de-manometro-diferencial-testo-510\/\" \/>\n<meta property=\"og:locale\" content=\"es_MX\" \/>\n<meta property=\"og:type\" content=\"article\" \/>\n<meta property=\"og:title\" content=\"Kit de Man\u00f3metro diferencial testo 510 - Abaa tienda online\" \/>\n<meta property=\"og:description\" content=\"Realice mediciones de diferencia de presi\u00f3n en los filtros del sistema de aire acondicionado o mediciones de flujo de aire en conductos de ventilaci\u00f3n utilizando un tubo est\u00e1tico de pitot. Probado en el campo e ideal para trabajos de instalaci\u00f3n y mantenimiento en y alrededor de la ventilaci\u00f3n y el aire acondicionado.\" \/>\n<meta property=\"og:url\" content=\"https:\/\/abaa.mx\/tienda\/kit-de-manometro-diferencial-testo-510\/\" \/>\n<meta property=\"og:site_name\" content=\"Abaa tienda online\" \/>\n<meta property=\"article:modified_time\" content=\"2023-10-23T21:59:32+00:00\" \/>\n<meta property=\"og:image\" content=\"https:\/\/abaa.mx\/tienda\/wp-content\/uploads\/2023\/10\/510.jpg\" \/>\n\t<meta property=\"og:image:width\" content=\"474\" \/>\n\t<meta property=\"og:image:height\" content=\"474\" \/>\n\t<meta property=\"og:image:type\" content=\"image\/jpeg\" \/>\n<meta name=\"twitter:card\" content=\"summary_large_image\" \/>\n<meta name=\"twitter:label1\" content=\"Tiempo de lectura\" \/>\n\t<meta name=\"twitter:data1\" content=\"2 minutos\" \/>\n<script type=\"application\/ld+json\" class=\"yoast-schema-graph\">{\"@context\":\"https:\/\/schema.org\",\"@graph\":[{\"@type\":\"WebPage\",\"@id\":\"https:\/\/abaa.mx\/tienda\/kit-de-manometro-diferencial-testo-510\/\",\"url\":\"https:\/\/abaa.mx\/tienda\/kit-de-manometro-diferencial-testo-510\/\",\"name\":\"Kit de Man\u00f3metro diferencial testo 510 - Abaa tienda online\",\"isPartOf\":{\"@id\":\"https:\/\/abaa.mx\/tienda\/#website\"},\"primaryImageOfPage\":{\"@id\":\"https:\/\/abaa.mx\/tienda\/kit-de-manometro-diferencial-testo-510\/#primaryimage\"},\"image\":{\"@id\":\"https:\/\/abaa.mx\/tienda\/kit-de-manometro-diferencial-testo-510\/#primaryimage\"},\"thumbnailUrl\":\"https:\/\/abaa.mx\/tienda\/wp-content\/uploads\/2023\/10\/510.jpg\",\"datePublished\":\"2023-10-23T21:59:31+00:00\",\"dateModified\":\"2023-10-23T21:59:32+00:00\",\"breadcrumb\":{\"@id\":\"https:\/\/abaa.mx\/tienda\/kit-de-manometro-diferencial-testo-510\/#breadcrumb\"},\"inLanguage\":\"es\",\"potentialAction\":[{\"@type\":\"ReadAction\",\"target\":[\"https:\/\/abaa.mx\/tienda\/kit-de-manometro-diferencial-testo-510\/\"]}]},{\"@type\":\"ImageObject\",\"inLanguage\":\"es\",\"@id\":\"https:\/\/abaa.mx\/tienda\/kit-de-manometro-diferencial-testo-510\/#primaryimage\",\"url\":\"https:\/\/abaa.mx\/tienda\/wp-content\/uploads\/2023\/10\/510.jpg\",\"contentUrl\":\"https:\/\/abaa.mx\/tienda\/wp-content\/uploads\/2023\/10\/510.jpg\",\"width\":474,\"height\":474,\"caption\":\"510\"},{\"@type\":\"BreadcrumbList\",\"@id\":\"https:\/\/abaa.mx\/tienda\/kit-de-manometro-diferencial-testo-510\/#breadcrumb\",\"itemListElement\":[{\"@type\":\"ListItem\",\"position\":1,\"name\":\"Inicio\",\"item\":\"https:\/\/abaa.mx\/tienda\/\"},{\"@type\":\"ListItem\",\"position\":2,\"name\":\"Tienda\",\"item\":\"https:\/\/abaa.mx\/tienda\/\"},{\"@type\":\"ListItem\",\"position\":3,\"name\":\"Kit de Man\u00f3metro diferencial testo 510\"}]},{\"@type\":\"WebSite\",\"@id\":\"https:\/\/abaa.mx\/tienda\/#website\",\"url\":\"https:\/\/abaa.mx\/tienda\/\",\"name\":\"Abaa tienda online\",\"description\":\"Instrumentos de medici\u00f3n\",\"publisher\":{\"@id\":\"https:\/\/abaa.mx\/tienda\/#organization\"},\"potentialAction\":[{\"@type\":\"SearchAction\",\"target\":{\"@type\":\"EntryPoint\",\"urlTemplate\":\"https:\/\/abaa.mx\/tienda\/?s={search_term_string}\"},\"query-input\":{\"@type\":\"PropertyValueSpecification\",\"valueRequired\":true,\"valueName\":\"search_term_string\"}}],\"inLanguage\":\"es\"},{\"@type\":\"Organization\",\"@id\":\"https:\/\/abaa.mx\/tienda\/#organization\",\"name\":\"Abaa tienda online\",\"url\":\"https:\/\/abaa.mx\/tienda\/\",\"logo\":{\"@type\":\"ImageObject\",\"inLanguage\":\"es\",\"@id\":\"https:\/\/abaa.mx\/tienda\/#\/schema\/logo\/image\/\",\"url\":\"https:\/\/abaa.mx\/tienda\/wp-content\/uploads\/2024\/01\/abaa-metrologia-tienda.png\",\"contentUrl\":\"https:\/\/abaa.mx\/tienda\/wp-content\/uploads\/2024\/01\/abaa-metrologia-tienda.png\",\"width\":300,\"height\":141,\"caption\":\"Abaa tienda online\"},\"image\":{\"@id\":\"https:\/\/abaa.mx\/tienda\/#\/schema\/logo\/image\/\"}}]}<\/script>\n<!-- \/ Yoast SEO plugin. -->","yoast_head_json":{"title":"Kit de Man\u00f3metro diferencial testo 510 - Abaa tienda online","robots":{"index":"index","follow":"follow","max-snippet":"max-snippet:-1","max-image-preview":"max-image-preview:large","max-video-preview":"max-video-preview:-1"},"canonical":"https:\/\/abaa.mx\/tienda\/kit-de-manometro-diferencial-testo-510\/","og_locale":"es_MX","og_type":"article","og_title":"Kit de Man\u00f3metro diferencial testo 510 - Abaa tienda online","og_description":"Realice mediciones de diferencia de presi\u00f3n en los filtros del sistema de aire acondicionado o mediciones de flujo de aire en conductos de ventilaci\u00f3n utilizando un tubo est\u00e1tico de pitot. Probado en el campo e ideal para trabajos de instalaci\u00f3n y mantenimiento en y alrededor de la ventilaci\u00f3n y el aire acondicionado.","og_url":"https:\/\/abaa.mx\/tienda\/kit-de-manometro-diferencial-testo-510\/","og_site_name":"Abaa tienda online","article_modified_time":"2023-10-23T21:59:32+00:00","og_image":[{"width":474,"height":474,"url":"https:\/\/abaa.mx\/tienda\/wp-content\/uploads\/2023\/10\/510.jpg","type":"image\/jpeg"}],"twitter_card":"summary_large_image","twitter_misc":{"Tiempo de lectura":"2 minutos"},"schema":{"@context":"https:\/\/schema.org","@graph":[{"@type":"WebPage","@id":"https:\/\/abaa.mx\/tienda\/kit-de-manometro-diferencial-testo-510\/","url":"https:\/\/abaa.mx\/tienda\/kit-de-manometro-diferencial-testo-510\/","name":"Kit de Man\u00f3metro diferencial testo 510 - Abaa tienda online","isPartOf":{"@id":"https:\/\/abaa.mx\/tienda\/#website"},"primaryImageOfPage":{"@id":"https:\/\/abaa.mx\/tienda\/kit-de-manometro-diferencial-testo-510\/#primaryimage"},"image":{"@id":"https:\/\/abaa.mx\/tienda\/kit-de-manometro-diferencial-testo-510\/#primaryimage"},"thumbnailUrl":"https:\/\/abaa.mx\/tienda\/wp-content\/uploads\/2023\/10\/510.jpg","datePublished":"2023-10-23T21:59:31+00:00","dateModified":"2023-10-23T21:59:32+00:00","breadcrumb":{"@id":"https:\/\/abaa.mx\/tienda\/kit-de-manometro-diferencial-testo-510\/#breadcrumb"},"inLanguage":"es","potentialAction":[{"@type":"ReadAction","target":["https:\/\/abaa.mx\/tienda\/kit-de-manometro-diferencial-testo-510\/"]}]},{"@type":"ImageObject","inLanguage":"es","@id":"https:\/\/abaa.mx\/tienda\/kit-de-manometro-diferencial-testo-510\/#primaryimage","url":"https:\/\/abaa.mx\/tienda\/wp-content\/uploads\/2023\/10\/510.jpg","contentUrl":"https:\/\/abaa.mx\/tienda\/wp-content\/uploads\/2023\/10\/510.jpg","width":474,"height":474,"caption":"510"},{"@type":"BreadcrumbList","@id":"https:\/\/abaa.mx\/tienda\/kit-de-manometro-diferencial-testo-510\/#breadcrumb","itemListElement":[{"@type":"ListItem","position":1,"name":"Inicio","item":"https:\/\/abaa.mx\/tienda\/"},{"@type":"ListItem","position":2,"name":"Tienda","item":"https:\/\/abaa.mx\/tienda\/"},{"@type":"ListItem","position":3,"name":"Kit de Man\u00f3metro diferencial testo 510"}]},{"@type":"WebSite","@id":"https:\/\/abaa.mx\/tienda\/#website","url":"https:\/\/abaa.mx\/tienda\/","name":"Abaa tienda online","description":"Instrumentos de medici\u00f3n","publisher":{"@id":"https:\/\/abaa.mx\/tienda\/#organization"},"potentialAction":[{"@type":"SearchAction","target":{"@type":"EntryPoint","urlTemplate":"https:\/\/abaa.mx\/tienda\/?s={search_term_string}"},"query-input":{"@type":"PropertyValueSpecification","valueRequired":true,"valueName":"search_term_string"}}],"inLanguage":"es"},{"@type":"Organization","@id":"https:\/\/abaa.mx\/tienda\/#organization","name":"Abaa tienda online","url":"https:\/\/abaa.mx\/tienda\/","logo":{"@type":"ImageObject","inLanguage":"es","@id":"https:\/\/abaa.mx\/tienda\/#\/schema\/logo\/image\/","url":"https:\/\/abaa.mx\/tienda\/wp-content\/uploads\/2024\/01\/abaa-metrologia-tienda.png","contentUrl":"https:\/\/abaa.mx\/tienda\/wp-content\/uploads\/2024\/01\/abaa-metrologia-tienda.png","width":300,"height":141,"caption":"Abaa tienda online"},"image":{"@id":"https:\/\/abaa.mx\/tienda\/#\/schema\/logo\/image\/"}}]}},"_links":{"self":[{"href":"https:\/\/abaa.mx\/tienda\/wp-json\/wp\/v2\/product\/7472","targetHints":{"allow":["GET"]}}],"collection":[{"href":"https:\/\/abaa.mx\/tienda\/wp-json\/wp\/v2\/product"}],"about":[{"href":"https:\/\/abaa.mx\/tienda\/wp-json\/wp\/v2\/types\/product"}],"replies":[{"embeddable":true,"href":"https:\/\/abaa.mx\/tienda\/wp-json\/wp\/v2\/comments?post=7472"}],"wp:featuredmedia":[{"embeddable":true,"href":"https:\/\/abaa.mx\/tienda\/wp-json\/wp\/v2\/media\/7532"}],"wp:attachment":[{"href":"https:\/\/abaa.mx\/tienda\/wp-json\/wp\/v2\/media?parent=7472"}],"wp:term":[{"taxonomy":"product_brand","embeddable":true,"href":"https:\/\/abaa.mx\/tienda\/wp-json\/wp\/v2\/product_brand?post=7472"},{"taxonomy":"product_cat","embeddable":true,"href":"https:\/\/abaa.mx\/tienda\/wp-json\/wp\/v2\/product_cat?post=7472"},{"taxonomy":"product_tag","embeddable":true,"href":"https:\/\/abaa.mx\/tienda\/wp-json\/wp\/v2\/product_tag?post=7472"}],"curies":[{"name":"wp","href":"https:\/\/api.w.org\/{rel}","templated":true}]}}