{"id":7469,"date":"2023-10-23T19:17:08","date_gmt":"2023-10-23T19:17:08","guid":{"rendered":"https:\/\/abaa.mx\/tienda\/?post_type=product&#038;p=7469"},"modified":"2023-10-23T19:17:09","modified_gmt":"2023-10-23T19:17:09","slug":"manometro-digital-de-la-serie-ametek-crystal-xp2i-2","status":"publish","type":"product","link":"https:\/\/abaa.mx\/tienda\/manometro-digital-de-la-serie-ametek-crystal-xp2i-2\/","title":{"rendered":"Man\u00f3metro digital de la serie ametek crystal xp2i"},"content":{"rendered":"<p><strong>Funciones<\/strong><\/p>\n<ul>\n<li>La carcasa de grado marino resiste la corrosi\u00f3n<\/li>\n<li>La precisi\u00f3n no se ve afectada de 14 a 122 \u00b0F (-10 a 50 \u00b0C)<\/li>\n<li>Reemplaza 5 o m\u00e1s medidores de prueba digitales<\/li>\n<li>Modo de v\u00e1lvula de seguridad de presi\u00f3n r\u00e1pida (PSV)<\/li>\n<\/ul>\n<h4>Especificaciones de la serie Crystal Pressure XP2i<\/h4>\n<table class=\"table table-striped\">\n<tbody>\n<tr>\n<td colspan=\"2\"><strong>Versi\u00f3n de precisi\u00f3n est\u00e1ndar de 14 a 122 \u00b0F (-10 a 50 \u00b0C)<\/strong><\/td>\n<\/tr>\n<tr>\n<td>De 0 a 20% del alcance<\/td>\n<td>\u00b1(0,02% de la escala completa)<\/td>\n<\/tr>\n<tr>\n<td>Del 20 al 110 % del alcance<\/td>\n<td>\u00b1(0,1% de la lectura)<\/td>\n<\/tr>\n<tr>\n<td>Vac\u00edo<\/td>\n<td>\u00b1 (0,25% de la escala completa)<\/td>\n<\/tr>\n<tr>\n<td colspan=\"2\"><strong>-Opci\u00f3n de precisi\u00f3n S5 de 14 a 122 \u00b0F (de -10 a 50 \u00b0C)<\/strong><\/td>\n<\/tr>\n<tr>\n<td>Vac\u00edo al 110% del rango<\/td>\n<td>\u00b1 (0,05 % de la escala completa)<\/td>\n<\/tr>\n<tr>\n<td colspan=\"2\"><strong>-Opci\u00f3n de precisi\u00f3n S2<\/strong><\/td>\n<\/tr>\n<tr>\n<td>Vac\u00edo al 110% del rango<\/td>\n<td>\u00b1 (0,02 % de la escala completa) 59 a 77 \u00b0 F (15 a 25 \u00b0 C) \u00b1 (0,05 % de la escala completa)<br \/>\n14 a 59 &amp; def; F (-10 a 15 \u00b0C)<br \/>\n77 a 122 \u00b0F (25 a 50 \u00b0C), t\u00edpico<\/td>\n<\/tr>\n<tr>\n<td colspan=\"2\"><strong>Temperatura<\/strong><\/td>\n<\/tr>\n<tr>\n<td>Operativo<\/td>\n<td>De -10 a 50 \u00b0C (de 14 a 122 \u00b0F)<\/td>\n<\/tr>\n<tr>\n<td>Almacenamiento<\/td>\n<td>-40 a 167 \u00b0F (-40 a 75 \u00b0C)<\/td>\n<\/tr>\n<tr>\n<td colspan=\"2\"><strong>Monitor<\/strong><\/td>\n<\/tr>\n<tr>\n<td>Pantalla<\/td>\n<td>5.5 d\u00edgitos<\/td>\n<\/tr>\n<tr>\n<td>Pantalla de una sola l\u00ednea<\/td>\n<td>0,67&#8243; (16,9 mm) de altura<\/td>\n<\/tr>\n<tr>\n<td>Pantalla de doble l\u00ednea<\/td>\n<td>Pantalla principal: 0,55&#8243; (13,9 mm) Pantalla secundaria: 0,21&#8243; (5,3 mm)<\/td>\n<\/tr>\n<tr>\n<td>Velocidad de visualizaci\u00f3n<\/td>\n<td>4 lecturas\/segundo (est\u00e1ndar) 8 lecturas\/segundo (modo PSV)<\/td>\n<\/tr>\n<tr>\n<td colspan=\"2\"><strong>Datos y comunicaci\u00f3n<\/strong><\/td>\n<\/tr>\n<tr>\n<td>Interfaz digital<\/td>\n<td>RS232, DB-9F<\/td>\n<\/tr>\n<tr>\n<td colspan=\"2\"><strong>Registro de datos<\/strong><\/td>\n<\/tr>\n<tr>\n<td>Capacidad<\/td>\n<td>32.000 puntos de datos<\/td>\n<\/tr>\n<tr>\n<td>Tipo de almacenamiento<\/td>\n<td>Memoria flash no vol\u00e1til<\/td>\n<\/tr>\n<tr>\n<td>Intervalo m\u00ednimo<\/td>\n<td>1 segundo<\/td>\n<\/tr>\n<tr>\n<td>Intervalo m\u00e1ximo<\/td>\n<td>18 horas<\/td>\n<\/tr>\n<tr>\n<td>Duraci\u00f3n m\u00ednima del evento<\/td>\n<td>250 mS<\/td>\n<\/tr>\n<tr>\n<td colspan=\"2\"><strong>Sensor<\/strong><\/td>\n<\/tr>\n<tr>\n<td>Materiales humedecidos<\/td>\n<td>Acero inoxidable 316 (llave apretada),<br \/>\nacero inoxidable 316 y Viton\u00ae (junta t\u00f3rica interna)<\/td>\n<\/tr>\n<tr>\n<td>Fluido de sellado de diafragma<\/td>\n<td>Aceite de silicona<\/td>\n<\/tr>\n<tr>\n<td>Conexi\u00f3n<\/td>\n<td>Cristal CPF hembra<\/td>\n<\/tr>\n<tr>\n<td colspan=\"2\"><strong>Especificaciones generales<\/strong><\/td>\n<\/tr>\n<tr>\n<td>Vivienda<\/td>\n<td>Aluminio fundido a presi\u00f3n<\/td>\n<\/tr>\n<tr>\n<td>Teclado y etiquetas<\/td>\n<td>Poli\u00e9ster resistente a los rayos UV<\/td>\n<\/tr>\n<tr>\n<td>Bater\u00eda<\/td>\n<td>3 x AA, 1500 horas t\u00edpicas<br \/>\nUltra Low Power: &gt; 1 a\u00f1o t\u00edpico<\/td>\n<\/tr>\n<tr>\n<td>Clasificaci\u00f3n<\/td>\n<td>IP66 e IP67<\/td>\n<\/tr>\n<tr>\n<td>Peso<\/td>\n<td>562 g (1,2 libras)<\/td>\n<\/tr>\n<\/tbody>\n<\/table>\n","protected":false},"excerpt":{"rendered":"<p class=\"short-description mhide ipad-view-setting\">Con un dise\u00f1o robusto y la seguridad como prioridad, este man\u00f3metro digital ofrece un 0,1 % de lectura, un 0,02 % de escala completa o un 0,05 % de niveles de precisi\u00f3n de escala completa. Estuche de transporte no incluido con la opci\u00f3n &#8220;sin bomba&#8221;.<\/p>\n<p class=\"comment-tag-product\">\n<div class=\"row-fluid\">\n<div class=\"span12 mobile-pricing-box-padding\"><\/div>\n<\/div>\n","protected":false},"featured_media":7471,"comment_status":"open","ping_status":"closed","template":"","meta":{"_joinchat":[]},"product_brand":[],"product_cat":[15],"product_tag":[],"class_list":{"0":"post-7469","1":"product","2":"type-product","3":"status-publish","4":"has-post-thumbnail","6":"product_cat-sin-categorizar","8":"first","9":"instock","10":"shipping-taxable","11":"product-type-simple"},"yoast_head":"<!-- This site is optimized with the Yoast SEO plugin v26.4 - https:\/\/yoast.com\/wordpress\/plugins\/seo\/ -->\n<title>Man\u00f3metro digital de la serie ametek crystal xp2i - Abaa tienda online<\/title>\n<meta name=\"robots\" content=\"index, follow, max-snippet:-1, max-image-preview:large, max-video-preview:-1\" \/>\n<link rel=\"canonical\" href=\"https:\/\/abaa.mx\/tienda\/manometro-digital-de-la-serie-ametek-crystal-xp2i-2\/\" \/>\n<meta property=\"og:locale\" content=\"es_MX\" \/>\n<meta property=\"og:type\" content=\"article\" \/>\n<meta property=\"og:title\" content=\"Man\u00f3metro digital de la serie ametek crystal xp2i - Abaa tienda online\" \/>\n<meta property=\"og:description\" content=\"Con un dise\u00f1o robusto y la seguridad como prioridad, este man\u00f3metro digital ofrece un 0,1 % de lectura, un 0,02 % de escala completa o un 0,05 % de niveles de precisi\u00f3n de escala completa. Estuche de transporte no incluido con la opci\u00f3n &quot;sin bomba&quot;.\" \/>\n<meta property=\"og:url\" content=\"https:\/\/abaa.mx\/tienda\/manometro-digital-de-la-serie-ametek-crystal-xp2i-2\/\" \/>\n<meta property=\"og:site_name\" content=\"Abaa tienda online\" \/>\n<meta property=\"article:modified_time\" content=\"2023-10-23T19:17:09+00:00\" \/>\n<meta property=\"og:image\" content=\"https:\/\/abaa.mx\/tienda\/wp-content\/uploads\/2023\/10\/Manometro-digital-de-la-serie-AMETEK-Crystal-XP2i-2.jpg\" \/>\n\t<meta property=\"og:image:width\" content=\"270\" \/>\n\t<meta property=\"og:image:height\" content=\"275\" \/>\n\t<meta property=\"og:image:type\" content=\"image\/jpeg\" \/>\n<meta name=\"twitter:card\" content=\"summary_large_image\" \/>\n<meta name=\"twitter:label1\" content=\"Tiempo de lectura\" \/>\n\t<meta name=\"twitter:data1\" content=\"2 minutos\" \/>\n<script type=\"application\/ld+json\" class=\"yoast-schema-graph\">{\"@context\":\"https:\/\/schema.org\",\"@graph\":[{\"@type\":\"WebPage\",\"@id\":\"https:\/\/abaa.mx\/tienda\/manometro-digital-de-la-serie-ametek-crystal-xp2i-2\/\",\"url\":\"https:\/\/abaa.mx\/tienda\/manometro-digital-de-la-serie-ametek-crystal-xp2i-2\/\",\"name\":\"Man\u00f3metro digital de la serie ametek crystal xp2i - Abaa tienda online\",\"isPartOf\":{\"@id\":\"https:\/\/abaa.mx\/tienda\/#website\"},\"primaryImageOfPage\":{\"@id\":\"https:\/\/abaa.mx\/tienda\/manometro-digital-de-la-serie-ametek-crystal-xp2i-2\/#primaryimage\"},\"image\":{\"@id\":\"https:\/\/abaa.mx\/tienda\/manometro-digital-de-la-serie-ametek-crystal-xp2i-2\/#primaryimage\"},\"thumbnailUrl\":\"https:\/\/abaa.mx\/tienda\/wp-content\/uploads\/2023\/10\/Manometro-digital-de-la-serie-AMETEK-Crystal-XP2i-2.jpg\",\"datePublished\":\"2023-10-23T19:17:08+00:00\",\"dateModified\":\"2023-10-23T19:17:09+00:00\",\"breadcrumb\":{\"@id\":\"https:\/\/abaa.mx\/tienda\/manometro-digital-de-la-serie-ametek-crystal-xp2i-2\/#breadcrumb\"},\"inLanguage\":\"es\",\"potentialAction\":[{\"@type\":\"ReadAction\",\"target\":[\"https:\/\/abaa.mx\/tienda\/manometro-digital-de-la-serie-ametek-crystal-xp2i-2\/\"]}]},{\"@type\":\"ImageObject\",\"inLanguage\":\"es\",\"@id\":\"https:\/\/abaa.mx\/tienda\/manometro-digital-de-la-serie-ametek-crystal-xp2i-2\/#primaryimage\",\"url\":\"https:\/\/abaa.mx\/tienda\/wp-content\/uploads\/2023\/10\/Manometro-digital-de-la-serie-AMETEK-Crystal-XP2i-2.jpg\",\"contentUrl\":\"https:\/\/abaa.mx\/tienda\/wp-content\/uploads\/2023\/10\/Manometro-digital-de-la-serie-AMETEK-Crystal-XP2i-2.jpg\",\"width\":270,\"height\":275,\"caption\":\"Man\u00f3metro digital de la serie AMETEK Crystal XP2i\"},{\"@type\":\"BreadcrumbList\",\"@id\":\"https:\/\/abaa.mx\/tienda\/manometro-digital-de-la-serie-ametek-crystal-xp2i-2\/#breadcrumb\",\"itemListElement\":[{\"@type\":\"ListItem\",\"position\":1,\"name\":\"Inicio\",\"item\":\"https:\/\/abaa.mx\/tienda\/\"},{\"@type\":\"ListItem\",\"position\":2,\"name\":\"Tienda\",\"item\":\"https:\/\/abaa.mx\/tienda\/\"},{\"@type\":\"ListItem\",\"position\":3,\"name\":\"Man\u00f3metro digital de la serie ametek crystal xp2i\"}]},{\"@type\":\"WebSite\",\"@id\":\"https:\/\/abaa.mx\/tienda\/#website\",\"url\":\"https:\/\/abaa.mx\/tienda\/\",\"name\":\"Abaa tienda online\",\"description\":\"Instrumentos de medici\u00f3n\",\"publisher\":{\"@id\":\"https:\/\/abaa.mx\/tienda\/#organization\"},\"potentialAction\":[{\"@type\":\"SearchAction\",\"target\":{\"@type\":\"EntryPoint\",\"urlTemplate\":\"https:\/\/abaa.mx\/tienda\/?s={search_term_string}\"},\"query-input\":{\"@type\":\"PropertyValueSpecification\",\"valueRequired\":true,\"valueName\":\"search_term_string\"}}],\"inLanguage\":\"es\"},{\"@type\":\"Organization\",\"@id\":\"https:\/\/abaa.mx\/tienda\/#organization\",\"name\":\"Abaa tienda online\",\"url\":\"https:\/\/abaa.mx\/tienda\/\",\"logo\":{\"@type\":\"ImageObject\",\"inLanguage\":\"es\",\"@id\":\"https:\/\/abaa.mx\/tienda\/#\/schema\/logo\/image\/\",\"url\":\"https:\/\/abaa.mx\/tienda\/wp-content\/uploads\/2024\/01\/abaa-metrologia-tienda.png\",\"contentUrl\":\"https:\/\/abaa.mx\/tienda\/wp-content\/uploads\/2024\/01\/abaa-metrologia-tienda.png\",\"width\":300,\"height\":141,\"caption\":\"Abaa tienda online\"},\"image\":{\"@id\":\"https:\/\/abaa.mx\/tienda\/#\/schema\/logo\/image\/\"}}]}<\/script>\n<!-- \/ Yoast SEO plugin. -->","yoast_head_json":{"title":"Man\u00f3metro digital de la serie ametek crystal xp2i - Abaa tienda online","robots":{"index":"index","follow":"follow","max-snippet":"max-snippet:-1","max-image-preview":"max-image-preview:large","max-video-preview":"max-video-preview:-1"},"canonical":"https:\/\/abaa.mx\/tienda\/manometro-digital-de-la-serie-ametek-crystal-xp2i-2\/","og_locale":"es_MX","og_type":"article","og_title":"Man\u00f3metro digital de la serie ametek crystal xp2i - Abaa tienda online","og_description":"Con un dise\u00f1o robusto y la seguridad como prioridad, este man\u00f3metro digital ofrece un 0,1 % de lectura, un 0,02 % de escala completa o un 0,05 % de niveles de precisi\u00f3n de escala completa. Estuche de transporte no incluido con la opci\u00f3n \"sin bomba\".","og_url":"https:\/\/abaa.mx\/tienda\/manometro-digital-de-la-serie-ametek-crystal-xp2i-2\/","og_site_name":"Abaa tienda online","article_modified_time":"2023-10-23T19:17:09+00:00","og_image":[{"width":270,"height":275,"url":"https:\/\/abaa.mx\/tienda\/wp-content\/uploads\/2023\/10\/Manometro-digital-de-la-serie-AMETEK-Crystal-XP2i-2.jpg","type":"image\/jpeg"}],"twitter_card":"summary_large_image","twitter_misc":{"Tiempo de lectura":"2 minutos"},"schema":{"@context":"https:\/\/schema.org","@graph":[{"@type":"WebPage","@id":"https:\/\/abaa.mx\/tienda\/manometro-digital-de-la-serie-ametek-crystal-xp2i-2\/","url":"https:\/\/abaa.mx\/tienda\/manometro-digital-de-la-serie-ametek-crystal-xp2i-2\/","name":"Man\u00f3metro digital de la serie ametek crystal xp2i - Abaa tienda online","isPartOf":{"@id":"https:\/\/abaa.mx\/tienda\/#website"},"primaryImageOfPage":{"@id":"https:\/\/abaa.mx\/tienda\/manometro-digital-de-la-serie-ametek-crystal-xp2i-2\/#primaryimage"},"image":{"@id":"https:\/\/abaa.mx\/tienda\/manometro-digital-de-la-serie-ametek-crystal-xp2i-2\/#primaryimage"},"thumbnailUrl":"https:\/\/abaa.mx\/tienda\/wp-content\/uploads\/2023\/10\/Manometro-digital-de-la-serie-AMETEK-Crystal-XP2i-2.jpg","datePublished":"2023-10-23T19:17:08+00:00","dateModified":"2023-10-23T19:17:09+00:00","breadcrumb":{"@id":"https:\/\/abaa.mx\/tienda\/manometro-digital-de-la-serie-ametek-crystal-xp2i-2\/#breadcrumb"},"inLanguage":"es","potentialAction":[{"@type":"ReadAction","target":["https:\/\/abaa.mx\/tienda\/manometro-digital-de-la-serie-ametek-crystal-xp2i-2\/"]}]},{"@type":"ImageObject","inLanguage":"es","@id":"https:\/\/abaa.mx\/tienda\/manometro-digital-de-la-serie-ametek-crystal-xp2i-2\/#primaryimage","url":"https:\/\/abaa.mx\/tienda\/wp-content\/uploads\/2023\/10\/Manometro-digital-de-la-serie-AMETEK-Crystal-XP2i-2.jpg","contentUrl":"https:\/\/abaa.mx\/tienda\/wp-content\/uploads\/2023\/10\/Manometro-digital-de-la-serie-AMETEK-Crystal-XP2i-2.jpg","width":270,"height":275,"caption":"Man\u00f3metro digital de la serie AMETEK Crystal XP2i"},{"@type":"BreadcrumbList","@id":"https:\/\/abaa.mx\/tienda\/manometro-digital-de-la-serie-ametek-crystal-xp2i-2\/#breadcrumb","itemListElement":[{"@type":"ListItem","position":1,"name":"Inicio","item":"https:\/\/abaa.mx\/tienda\/"},{"@type":"ListItem","position":2,"name":"Tienda","item":"https:\/\/abaa.mx\/tienda\/"},{"@type":"ListItem","position":3,"name":"Man\u00f3metro digital de la serie ametek crystal xp2i"}]},{"@type":"WebSite","@id":"https:\/\/abaa.mx\/tienda\/#website","url":"https:\/\/abaa.mx\/tienda\/","name":"Abaa tienda online","description":"Instrumentos de medici\u00f3n","publisher":{"@id":"https:\/\/abaa.mx\/tienda\/#organization"},"potentialAction":[{"@type":"SearchAction","target":{"@type":"EntryPoint","urlTemplate":"https:\/\/abaa.mx\/tienda\/?s={search_term_string}"},"query-input":{"@type":"PropertyValueSpecification","valueRequired":true,"valueName":"search_term_string"}}],"inLanguage":"es"},{"@type":"Organization","@id":"https:\/\/abaa.mx\/tienda\/#organization","name":"Abaa tienda online","url":"https:\/\/abaa.mx\/tienda\/","logo":{"@type":"ImageObject","inLanguage":"es","@id":"https:\/\/abaa.mx\/tienda\/#\/schema\/logo\/image\/","url":"https:\/\/abaa.mx\/tienda\/wp-content\/uploads\/2024\/01\/abaa-metrologia-tienda.png","contentUrl":"https:\/\/abaa.mx\/tienda\/wp-content\/uploads\/2024\/01\/abaa-metrologia-tienda.png","width":300,"height":141,"caption":"Abaa tienda online"},"image":{"@id":"https:\/\/abaa.mx\/tienda\/#\/schema\/logo\/image\/"}}]}},"_links":{"self":[{"href":"https:\/\/abaa.mx\/tienda\/wp-json\/wp\/v2\/product\/7469","targetHints":{"allow":["GET"]}}],"collection":[{"href":"https:\/\/abaa.mx\/tienda\/wp-json\/wp\/v2\/product"}],"about":[{"href":"https:\/\/abaa.mx\/tienda\/wp-json\/wp\/v2\/types\/product"}],"replies":[{"embeddable":true,"href":"https:\/\/abaa.mx\/tienda\/wp-json\/wp\/v2\/comments?post=7469"}],"wp:featuredmedia":[{"embeddable":true,"href":"https:\/\/abaa.mx\/tienda\/wp-json\/wp\/v2\/media\/7471"}],"wp:attachment":[{"href":"https:\/\/abaa.mx\/tienda\/wp-json\/wp\/v2\/media?parent=7469"}],"wp:term":[{"taxonomy":"product_brand","embeddable":true,"href":"https:\/\/abaa.mx\/tienda\/wp-json\/wp\/v2\/product_brand?post=7469"},{"taxonomy":"product_cat","embeddable":true,"href":"https:\/\/abaa.mx\/tienda\/wp-json\/wp\/v2\/product_cat?post=7469"},{"taxonomy":"product_tag","embeddable":true,"href":"https:\/\/abaa.mx\/tienda\/wp-json\/wp\/v2\/product_tag?post=7469"}],"curies":[{"name":"wp","href":"https:\/\/api.w.org\/{rel}","templated":true}]}}