{"id":7465,"date":"2023-10-23T19:09:36","date_gmt":"2023-10-23T19:09:36","guid":{"rendered":"https:\/\/abaa.mx\/tienda\/?post_type=product&#038;p=7465"},"modified":"2023-10-23T19:09:37","modified_gmt":"2023-10-23T19:09:37","slug":"ametek-crystal-nv-4aa-ma20-10kpsi-registrador-de-referencia-nvision-0-a-55-ma-10-000-psi-2","status":"publish","type":"product","link":"https:\/\/abaa.mx\/tienda\/ametek-crystal-nv-4aa-ma20-10kpsi-registrador-de-referencia-nvision-0-a-55-ma-10-000-psi-2\/","title":{"rendered":"Ametek crystal nv-4aa-ma20-10kpsi registrador de referencia nvision, 0 a 55 ma, 10.000 psi"},"content":{"rendered":"<p>Configure la grabadora de referencia para cumplir con los requisitos con las dos bah\u00edas id\u00e9nticas.<\/p>\n<p><strong>Funciones<\/strong><\/p>\n<ul>\n<li>Registrador de datos man\u00f3metro \/ presi\u00f3n absoluta hasta 15 000 psi \/ 1000 bar \/ 100 MPa<\/li>\n<li>Presi\u00f3n diferencial con hasta un 0,025 % de precisi\u00f3n de lectura<\/li>\n<li>Interruptor, voltaje, corriente y temperatura<\/li>\n<li>500.000 puntos de datos &#8211; 10 lecturas por segundo de 2 m\u00f3dulos<\/li>\n<li>Cambie el uso diario al adaptador CPF reemplazable<\/li>\n<li>Muestra los datos en vivo gr\u00e1ficamente, sin necesidad de PC<\/li>\n<li>Se conecta a una PC para ver lecturas en vivo o exportar a registros digitales a prueba de manipulaciones<\/li>\n<li>Compensa la precisi\u00f3n de los efectos de temperatura de -4 a 122 \u00b0F (-20 a 50 \u00b0C)<\/li>\n<li>Incluye un certificado de calibraci\u00f3n con datos de prueba a 5 temperaturas diferentes de nuestro laboratorio acreditado A2LA<\/li>\n<\/ul>\n<p><strong>Aplicaciones<\/strong><\/p>\n<ul>\n<li>Registrador de presi\u00f3n<\/li>\n<\/ul>\n<h4>Especificaciones de Crystal Pressure NV-4AA-MA20-10KPSI<\/h4>\n<table class=\"table table-striped\">\n<tbody>\n<tr>\n<td>Rango de m\u00f3dulos superiores<\/td>\n<td>MA20<\/td>\n<\/tr>\n<tr>\n<td>Rango de m\u00f3dulo inferior<\/td>\n<td>10.000 psi<\/td>\n<\/tr>\n<tr>\n<td>Sensor<\/td>\n<td>Materiales h\u00famedos: (apretado con llave) acero inoxidable 316, acero inoxidable 316 (apretado con los dedos) y Viton (junta t\u00f3rica interna)<br \/>\nL\u00edquido de sellado de diafragma: aceite<br \/>\nde silicona Conexi\u00f3n: cristal CPF hembra<\/td>\n<\/tr>\n<tr>\n<td>Entrada de corriente (mA)<\/td>\n<td>Precisi\u00f3n: \u00b1 (0,015% de rdg + 0,002 mA) Rango: 0 a 55 mA (MA20)<\/td>\n<\/tr>\n<tr>\n<td>Entrada de voltaje (VDC)<\/td>\n<td>Precisi\u00f3n: \u00b1 (0,015 % de rdg + 0,002 VDC)<br \/>\nRango: 0 a 28 VDC Voltaje m\u00e1ximo permitido: 30 VDC Resoluci\u00f3n: 0.001 VDC Unidades: VDC<\/td>\n<\/tr>\n<tr>\n<td>Prueba de interruptor<\/td>\n<td>Tipo de interruptor: contacto<br \/>\nseco Resistencia de estado cerrado: &lt; 10 \u03a9 Resistencia de estado<br \/>\nabierto: &gt; 10 M\u03a9<\/td>\n<\/tr>\n<tr>\n<td>Rango de temperatura<\/td>\n<td>-4 a 122 \u00b0F (-20 a 50 \u00b0C)<\/td>\n<\/tr>\n<tr>\n<td>Monitor<\/td>\n<td>Pantalla: pantalla<br \/>\ngr\u00e1fica de 255 x 160 p\u00edxeles Velocidad de visualizaci\u00f3n: 4 lecturas\/segundo (est\u00e1ndar) hasta 10 lecturas\/segundo (grabaci\u00f3n)<\/td>\n<\/tr>\n<tr>\n<td>Poder<\/td>\n<td>4 x AA: 200 horas, t\u00edpico Ultra baja potencia: Hasta 60 d\u00edas, t\u00edpico<\/td>\n<\/tr>\n<tr>\n<td>Interfaz digital<\/td>\n<td>Mini-USB<\/td>\n<\/tr>\n<tr>\n<td>Registro de datos<\/td>\n<td>Capacidad: aprox. 1.000.000 de puntos<br \/>\nde datos Tipo de almacenamiento: Memoria<br \/>\nflash no vol\u00e1til Intervalo m\u00e1s r\u00e1pido: 10 por segundo<br \/>\nIntervalo m\u00e1s lento: 1 por hora<\/td>\n<\/tr>\n<tr>\n<td>Recinto<\/td>\n<td>Clasificaci\u00f3n: IP66 e IP67<br \/>\nCarcasa: moldeada por<br \/>\ninyecci\u00f3n resistente a los impactos Teclado y etiquetas: poli\u00e9ster<br \/>\nresistente a los rayos UV Montaje: M4 x 0,7 [0,31&#8243; (8 mm)] ubicaciones de montaje de insertos roscados profundos<\/td>\n<\/tr>\n<tr>\n<td>Peso<\/td>\n<td>680 g (24.0 onzas)<\/td>\n<\/tr>\n<\/tbody>\n<\/table>\n","protected":false},"excerpt":{"rendered":"<p class=\"short-description mhide ipad-view-setting\">Visualice las mediciones gr\u00e1ficamente y en tiempo real con este registrador de referencia que cuenta con un rango de 0 a 55 mA. Con un m\u00f3dulo de presi\u00f3n de 10.000, el registrador de referencia es flexible y configurable para medir y registrar varias combinaciones de mediciones.<\/p>\n<p class=\"comment-tag-product\">\n<div class=\"row-fluid\">\n<div class=\"span12 mobile-pricing-box-padding\">\n<form id=\"177947\" accept-charset=\"utf-8\" action=\"https:\/\/www.globaltestsupply.com\/shop\/add\" method=\"post\" name=\"addTocartFunction\">\n<div><\/div>\n<\/form>\n<\/div>\n<\/div>\n","protected":false},"featured_media":7466,"comment_status":"open","ping_status":"closed","template":"","meta":{"_joinchat":[]},"product_brand":[],"product_cat":[15],"product_tag":[],"class_list":{"0":"post-7465","1":"product","2":"type-product","3":"status-publish","4":"has-post-thumbnail","6":"product_cat-sin-categorizar","8":"first","9":"instock","10":"shipping-taxable","11":"product-type-simple"},"yoast_head":"<!-- This site is optimized with the Yoast SEO plugin v26.4 - https:\/\/yoast.com\/wordpress\/plugins\/seo\/ -->\n<title>Ametek crystal nv-4aa-ma20-10kpsi registrador de referencia nvision, 0 a 55 ma, 10.000 psi - Abaa tienda online<\/title>\n<meta name=\"robots\" content=\"index, follow, max-snippet:-1, max-image-preview:large, max-video-preview:-1\" \/>\n<link rel=\"canonical\" href=\"https:\/\/abaa.mx\/tienda\/ametek-crystal-nv-4aa-ma20-10kpsi-registrador-de-referencia-nvision-0-a-55-ma-10-000-psi-2\/\" \/>\n<meta property=\"og:locale\" content=\"es_MX\" \/>\n<meta property=\"og:type\" content=\"article\" \/>\n<meta property=\"og:title\" content=\"Ametek crystal nv-4aa-ma20-10kpsi registrador de referencia nvision, 0 a 55 ma, 10.000 psi - Abaa tienda online\" \/>\n<meta property=\"og:description\" content=\"Visualice las mediciones gr\u00e1ficamente y en tiempo real con este registrador de referencia que cuenta con un rango de 0 a 55 mA. Con un m\u00f3dulo de presi\u00f3n de 10.000, el registrador de referencia es flexible y configurable para medir y registrar varias combinaciones de mediciones.\" \/>\n<meta property=\"og:url\" content=\"https:\/\/abaa.mx\/tienda\/ametek-crystal-nv-4aa-ma20-10kpsi-registrador-de-referencia-nvision-0-a-55-ma-10-000-psi-2\/\" \/>\n<meta property=\"og:site_name\" content=\"Abaa tienda online\" \/>\n<meta property=\"article:modified_time\" content=\"2023-10-23T19:09:37+00:00\" \/>\n<meta property=\"og:image\" content=\"https:\/\/abaa.mx\/tienda\/wp-content\/uploads\/2023\/10\/NV-4AA-MA20-10KPSI-1.jpg\" \/>\n\t<meta property=\"og:image:width\" content=\"270\" \/>\n\t<meta property=\"og:image:height\" content=\"360\" \/>\n\t<meta property=\"og:image:type\" content=\"image\/jpeg\" \/>\n<meta name=\"twitter:card\" content=\"summary_large_image\" \/>\n<meta name=\"twitter:label1\" content=\"Tiempo de lectura\" \/>\n\t<meta name=\"twitter:data1\" content=\"2 minutos\" \/>\n<script type=\"application\/ld+json\" class=\"yoast-schema-graph\">{\"@context\":\"https:\/\/schema.org\",\"@graph\":[{\"@type\":\"WebPage\",\"@id\":\"https:\/\/abaa.mx\/tienda\/ametek-crystal-nv-4aa-ma20-10kpsi-registrador-de-referencia-nvision-0-a-55-ma-10-000-psi-2\/\",\"url\":\"https:\/\/abaa.mx\/tienda\/ametek-crystal-nv-4aa-ma20-10kpsi-registrador-de-referencia-nvision-0-a-55-ma-10-000-psi-2\/\",\"name\":\"Ametek crystal nv-4aa-ma20-10kpsi registrador de referencia nvision, 0 a 55 ma, 10.000 psi - Abaa tienda online\",\"isPartOf\":{\"@id\":\"https:\/\/abaa.mx\/tienda\/#website\"},\"primaryImageOfPage\":{\"@id\":\"https:\/\/abaa.mx\/tienda\/ametek-crystal-nv-4aa-ma20-10kpsi-registrador-de-referencia-nvision-0-a-55-ma-10-000-psi-2\/#primaryimage\"},\"image\":{\"@id\":\"https:\/\/abaa.mx\/tienda\/ametek-crystal-nv-4aa-ma20-10kpsi-registrador-de-referencia-nvision-0-a-55-ma-10-000-psi-2\/#primaryimage\"},\"thumbnailUrl\":\"https:\/\/abaa.mx\/tienda\/wp-content\/uploads\/2023\/10\/NV-4AA-MA20-10KPSI-1.jpg\",\"datePublished\":\"2023-10-23T19:09:36+00:00\",\"dateModified\":\"2023-10-23T19:09:37+00:00\",\"breadcrumb\":{\"@id\":\"https:\/\/abaa.mx\/tienda\/ametek-crystal-nv-4aa-ma20-10kpsi-registrador-de-referencia-nvision-0-a-55-ma-10-000-psi-2\/#breadcrumb\"},\"inLanguage\":\"es\",\"potentialAction\":[{\"@type\":\"ReadAction\",\"target\":[\"https:\/\/abaa.mx\/tienda\/ametek-crystal-nv-4aa-ma20-10kpsi-registrador-de-referencia-nvision-0-a-55-ma-10-000-psi-2\/\"]}]},{\"@type\":\"ImageObject\",\"inLanguage\":\"es\",\"@id\":\"https:\/\/abaa.mx\/tienda\/ametek-crystal-nv-4aa-ma20-10kpsi-registrador-de-referencia-nvision-0-a-55-ma-10-000-psi-2\/#primaryimage\",\"url\":\"https:\/\/abaa.mx\/tienda\/wp-content\/uploads\/2023\/10\/NV-4AA-MA20-10KPSI-1.jpg\",\"contentUrl\":\"https:\/\/abaa.mx\/tienda\/wp-content\/uploads\/2023\/10\/NV-4AA-MA20-10KPSI-1.jpg\",\"width\":270,\"height\":360,\"caption\":\"NV-4AA-MA20-10KPSI\"},{\"@type\":\"BreadcrumbList\",\"@id\":\"https:\/\/abaa.mx\/tienda\/ametek-crystal-nv-4aa-ma20-10kpsi-registrador-de-referencia-nvision-0-a-55-ma-10-000-psi-2\/#breadcrumb\",\"itemListElement\":[{\"@type\":\"ListItem\",\"position\":1,\"name\":\"Inicio\",\"item\":\"https:\/\/abaa.mx\/tienda\/\"},{\"@type\":\"ListItem\",\"position\":2,\"name\":\"Tienda\",\"item\":\"https:\/\/abaa.mx\/tienda\/\"},{\"@type\":\"ListItem\",\"position\":3,\"name\":\"Ametek crystal nv-4aa-ma20-10kpsi registrador de referencia nvision, 0 a 55 ma, 10.000 psi\"}]},{\"@type\":\"WebSite\",\"@id\":\"https:\/\/abaa.mx\/tienda\/#website\",\"url\":\"https:\/\/abaa.mx\/tienda\/\",\"name\":\"Abaa tienda online\",\"description\":\"Instrumentos de medici\u00f3n\",\"publisher\":{\"@id\":\"https:\/\/abaa.mx\/tienda\/#organization\"},\"potentialAction\":[{\"@type\":\"SearchAction\",\"target\":{\"@type\":\"EntryPoint\",\"urlTemplate\":\"https:\/\/abaa.mx\/tienda\/?s={search_term_string}\"},\"query-input\":{\"@type\":\"PropertyValueSpecification\",\"valueRequired\":true,\"valueName\":\"search_term_string\"}}],\"inLanguage\":\"es\"},{\"@type\":\"Organization\",\"@id\":\"https:\/\/abaa.mx\/tienda\/#organization\",\"name\":\"Abaa tienda online\",\"url\":\"https:\/\/abaa.mx\/tienda\/\",\"logo\":{\"@type\":\"ImageObject\",\"inLanguage\":\"es\",\"@id\":\"https:\/\/abaa.mx\/tienda\/#\/schema\/logo\/image\/\",\"url\":\"https:\/\/abaa.mx\/tienda\/wp-content\/uploads\/2024\/01\/abaa-metrologia-tienda.png\",\"contentUrl\":\"https:\/\/abaa.mx\/tienda\/wp-content\/uploads\/2024\/01\/abaa-metrologia-tienda.png\",\"width\":300,\"height\":141,\"caption\":\"Abaa tienda online\"},\"image\":{\"@id\":\"https:\/\/abaa.mx\/tienda\/#\/schema\/logo\/image\/\"}}]}<\/script>\n<!-- \/ Yoast SEO plugin. -->","yoast_head_json":{"title":"Ametek crystal nv-4aa-ma20-10kpsi registrador de referencia nvision, 0 a 55 ma, 10.000 psi - Abaa tienda online","robots":{"index":"index","follow":"follow","max-snippet":"max-snippet:-1","max-image-preview":"max-image-preview:large","max-video-preview":"max-video-preview:-1"},"canonical":"https:\/\/abaa.mx\/tienda\/ametek-crystal-nv-4aa-ma20-10kpsi-registrador-de-referencia-nvision-0-a-55-ma-10-000-psi-2\/","og_locale":"es_MX","og_type":"article","og_title":"Ametek crystal nv-4aa-ma20-10kpsi registrador de referencia nvision, 0 a 55 ma, 10.000 psi - Abaa tienda online","og_description":"Visualice las mediciones gr\u00e1ficamente y en tiempo real con este registrador de referencia que cuenta con un rango de 0 a 55 mA. Con un m\u00f3dulo de presi\u00f3n de 10.000, el registrador de referencia es flexible y configurable para medir y registrar varias combinaciones de mediciones.","og_url":"https:\/\/abaa.mx\/tienda\/ametek-crystal-nv-4aa-ma20-10kpsi-registrador-de-referencia-nvision-0-a-55-ma-10-000-psi-2\/","og_site_name":"Abaa tienda online","article_modified_time":"2023-10-23T19:09:37+00:00","og_image":[{"width":270,"height":360,"url":"https:\/\/abaa.mx\/tienda\/wp-content\/uploads\/2023\/10\/NV-4AA-MA20-10KPSI-1.jpg","type":"image\/jpeg"}],"twitter_card":"summary_large_image","twitter_misc":{"Tiempo de lectura":"2 minutos"},"schema":{"@context":"https:\/\/schema.org","@graph":[{"@type":"WebPage","@id":"https:\/\/abaa.mx\/tienda\/ametek-crystal-nv-4aa-ma20-10kpsi-registrador-de-referencia-nvision-0-a-55-ma-10-000-psi-2\/","url":"https:\/\/abaa.mx\/tienda\/ametek-crystal-nv-4aa-ma20-10kpsi-registrador-de-referencia-nvision-0-a-55-ma-10-000-psi-2\/","name":"Ametek crystal nv-4aa-ma20-10kpsi registrador de referencia nvision, 0 a 55 ma, 10.000 psi - Abaa tienda online","isPartOf":{"@id":"https:\/\/abaa.mx\/tienda\/#website"},"primaryImageOfPage":{"@id":"https:\/\/abaa.mx\/tienda\/ametek-crystal-nv-4aa-ma20-10kpsi-registrador-de-referencia-nvision-0-a-55-ma-10-000-psi-2\/#primaryimage"},"image":{"@id":"https:\/\/abaa.mx\/tienda\/ametek-crystal-nv-4aa-ma20-10kpsi-registrador-de-referencia-nvision-0-a-55-ma-10-000-psi-2\/#primaryimage"},"thumbnailUrl":"https:\/\/abaa.mx\/tienda\/wp-content\/uploads\/2023\/10\/NV-4AA-MA20-10KPSI-1.jpg","datePublished":"2023-10-23T19:09:36+00:00","dateModified":"2023-10-23T19:09:37+00:00","breadcrumb":{"@id":"https:\/\/abaa.mx\/tienda\/ametek-crystal-nv-4aa-ma20-10kpsi-registrador-de-referencia-nvision-0-a-55-ma-10-000-psi-2\/#breadcrumb"},"inLanguage":"es","potentialAction":[{"@type":"ReadAction","target":["https:\/\/abaa.mx\/tienda\/ametek-crystal-nv-4aa-ma20-10kpsi-registrador-de-referencia-nvision-0-a-55-ma-10-000-psi-2\/"]}]},{"@type":"ImageObject","inLanguage":"es","@id":"https:\/\/abaa.mx\/tienda\/ametek-crystal-nv-4aa-ma20-10kpsi-registrador-de-referencia-nvision-0-a-55-ma-10-000-psi-2\/#primaryimage","url":"https:\/\/abaa.mx\/tienda\/wp-content\/uploads\/2023\/10\/NV-4AA-MA20-10KPSI-1.jpg","contentUrl":"https:\/\/abaa.mx\/tienda\/wp-content\/uploads\/2023\/10\/NV-4AA-MA20-10KPSI-1.jpg","width":270,"height":360,"caption":"NV-4AA-MA20-10KPSI"},{"@type":"BreadcrumbList","@id":"https:\/\/abaa.mx\/tienda\/ametek-crystal-nv-4aa-ma20-10kpsi-registrador-de-referencia-nvision-0-a-55-ma-10-000-psi-2\/#breadcrumb","itemListElement":[{"@type":"ListItem","position":1,"name":"Inicio","item":"https:\/\/abaa.mx\/tienda\/"},{"@type":"ListItem","position":2,"name":"Tienda","item":"https:\/\/abaa.mx\/tienda\/"},{"@type":"ListItem","position":3,"name":"Ametek crystal nv-4aa-ma20-10kpsi registrador de referencia nvision, 0 a 55 ma, 10.000 psi"}]},{"@type":"WebSite","@id":"https:\/\/abaa.mx\/tienda\/#website","url":"https:\/\/abaa.mx\/tienda\/","name":"Abaa tienda online","description":"Instrumentos de medici\u00f3n","publisher":{"@id":"https:\/\/abaa.mx\/tienda\/#organization"},"potentialAction":[{"@type":"SearchAction","target":{"@type":"EntryPoint","urlTemplate":"https:\/\/abaa.mx\/tienda\/?s={search_term_string}"},"query-input":{"@type":"PropertyValueSpecification","valueRequired":true,"valueName":"search_term_string"}}],"inLanguage":"es"},{"@type":"Organization","@id":"https:\/\/abaa.mx\/tienda\/#organization","name":"Abaa tienda online","url":"https:\/\/abaa.mx\/tienda\/","logo":{"@type":"ImageObject","inLanguage":"es","@id":"https:\/\/abaa.mx\/tienda\/#\/schema\/logo\/image\/","url":"https:\/\/abaa.mx\/tienda\/wp-content\/uploads\/2024\/01\/abaa-metrologia-tienda.png","contentUrl":"https:\/\/abaa.mx\/tienda\/wp-content\/uploads\/2024\/01\/abaa-metrologia-tienda.png","width":300,"height":141,"caption":"Abaa tienda online"},"image":{"@id":"https:\/\/abaa.mx\/tienda\/#\/schema\/logo\/image\/"}}]}},"_links":{"self":[{"href":"https:\/\/abaa.mx\/tienda\/wp-json\/wp\/v2\/product\/7465","targetHints":{"allow":["GET"]}}],"collection":[{"href":"https:\/\/abaa.mx\/tienda\/wp-json\/wp\/v2\/product"}],"about":[{"href":"https:\/\/abaa.mx\/tienda\/wp-json\/wp\/v2\/types\/product"}],"replies":[{"embeddable":true,"href":"https:\/\/abaa.mx\/tienda\/wp-json\/wp\/v2\/comments?post=7465"}],"wp:featuredmedia":[{"embeddable":true,"href":"https:\/\/abaa.mx\/tienda\/wp-json\/wp\/v2\/media\/7466"}],"wp:attachment":[{"href":"https:\/\/abaa.mx\/tienda\/wp-json\/wp\/v2\/media?parent=7465"}],"wp:term":[{"taxonomy":"product_brand","embeddable":true,"href":"https:\/\/abaa.mx\/tienda\/wp-json\/wp\/v2\/product_brand?post=7465"},{"taxonomy":"product_cat","embeddable":true,"href":"https:\/\/abaa.mx\/tienda\/wp-json\/wp\/v2\/product_cat?post=7465"},{"taxonomy":"product_tag","embeddable":true,"href":"https:\/\/abaa.mx\/tienda\/wp-json\/wp\/v2\/product_tag?post=7465"}],"curies":[{"name":"wp","href":"https:\/\/api.w.org\/{rel}","templated":true}]}}