{"id":7464,"date":"2023-10-23T19:15:23","date_gmt":"2023-10-23T19:15:23","guid":{"rendered":"https:\/\/abaa.mx\/tienda\/?post_type=product&#038;p=7464"},"modified":"2023-10-23T19:15:23","modified_gmt":"2023-10-23T19:15:23","slug":"grabadora-de-referencia-de-la-serie-crystal-nvision-de-ametek-2","status":"publish","type":"product","link":"https:\/\/abaa.mx\/tienda\/grabadora-de-referencia-de-la-serie-crystal-nvision-de-ametek-2\/","title":{"rendered":"Grabadora de referencia de la serie crystal nvision de ametek"},"content":{"rendered":"<p>Lo suficientemente preciso como para reemplazar un probador de peso muerto, este registrador de referencia tiene una construcci\u00f3n robusta y puede sentarse en hasta 3 &#8216;de agua y es port\u00e1til para completar calibraciones en cualquier momento y en cualquier lugar.<\/p>\n<p><strong>Funciones<\/strong><\/p>\n<ul>\n<li>Registrador de datos de presi\u00f3n manom\u00e9trica\/absoluta hasta 15.000 psi\/1000 bar\/100 MPa<\/li>\n<li>Presi\u00f3n diferencial con hasta un 0,025 % de precisi\u00f3n de lectura<\/li>\n<li>Muestra el interruptor, el voltaje, la corriente y la temperatura<\/li>\n<li>500.000 puntos de datos &#8211; 10 lecturas por segundo de 2 m\u00f3dulos<\/li>\n<li>Cambie el uso diario al adaptador CPF reemplazable<\/li>\n<li>Muestra los datos en vivo gr\u00e1ficamente, sin necesidad de PC<\/li>\n<li>Se conecta a una PC para ver lecturas en vivo o exportar a registros digitales a prueba de manipulaciones<\/li>\n<li>Compensa la precisi\u00f3n de los efectos de la temperatura de -20 a 50 \u00b0C<\/li>\n<\/ul>\n<h4>Especificaciones de la serie Crystal Pressure nVision<\/h4>\n<table class=\"table table-striped\">\n<tbody>\n<tr>\n<td colspan=\"2\"><strong>Precisi\u00f3n &#8211; psi (Presi\u00f3n manom\u00e9trica)<\/strong><\/td>\n<\/tr>\n<tr>\n<td>M\u00f3dulos de 30, 100 y 300 psi<\/td>\n<td>De 0 a 30% del rango: \u00b1 (0,0075 % de la escala completa) Del 30 al 110%: \u00b1 (0,025 % de la lectura) Vac\u00edo para 30 y 100 psi: \u00b1 (0,06% de la escala completa) Vac\u00edo para 300 psi: \u00b1 (0,06% de la escala completa)<\/p>\n<p>\u00b11 LSD<\/td>\n<\/tr>\n<tr>\n<td>M\u00f3dulos de 1000, 3000, 10.000 y 15.000 psi<\/td>\n<td>De 0 a 30 % del intervalo: \u00b1 (0,015 % de la escala completa) Del 30 al 110 % del intervalo: \u00b1 (0,05 % de la lectura)<\/td>\n<\/tr>\n<tr>\n<td colspan=\"2\"><strong>Precisi\u00f3n &#8211; psiA (Presi\u00f3n con M\u00f3dulo BARO)<\/strong><\/td>\n<\/tr>\n<tr>\n<td>M\u00f3dulo de 30 psi<\/td>\n<td>De 0,2 a 14,5 psiA: \u00b10,011 psiA De 14,5 a 44,5 psiA: \u00b1 (0,025% de la lectura) + 0,003 psiA<\/td>\n<\/tr>\n<tr>\n<td>M\u00f3dulo de 100 psi<\/td>\n<td>De 0,2 a 14,5 psiA: \u00b10,011 psiA De 14,5 a 44,5 psiA: \u00b10,011 psiA De<\/p>\n<p>44,5 a 114,5 psiA: \u00b1(0,025% de la lectura)<\/td>\n<\/tr>\n<tr>\n<td>M\u00f3dulo de 300 psi<\/td>\n<td>De 0,2 a 14,5 psiA: \u00b10,01 psiA De 14,5 a 104,5 psiA: \u00b10,03 psiA De<\/p>\n<p>104,5 a 314,5 psiA: \u00b1(0,025% de la lectura)<\/td>\n<\/tr>\n<tr>\n<td>M\u00f3dulo de 1000 psi<\/td>\n<td>De 14,5 a 314,5 psiA: \u00b10,2 psiA De<br \/>\n314,5 a 1014,5 psiA: \u00b1 (0,05 % de la lectura)<\/td>\n<\/tr>\n<tr>\n<td>M\u00f3dulo de 3000 psi<\/td>\n<td>De 14,5 a 914,5 psiA: \u00b10,5 psiA De<br \/>\n914,5 a 3014,5 psiA: \u00b1(0,05% de la lectura)<\/td>\n<\/tr>\n<tr>\n<td>M\u00f3dulo de 10.000 psi<\/td>\n<td>De 15 a 3015 psiA: \u00b12 psiA De<br \/>\n3015 a 10.015 psiA: \u00b1(0,05% de la lectura)<\/td>\n<\/tr>\n<tr>\n<td>M\u00f3dulo de 15.000 psi<\/td>\n<td>De 15 a 4515 psiA: \u00b13 psiA De<br \/>\n4515 a 15.015 psiA: \u00b1(0,05% de la lectura)<\/td>\n<\/tr>\n<tr>\n<td colspan=\"2\"><strong>Entrada de corriente (mA)<\/strong><\/td>\n<\/tr>\n<tr>\n<td>Exactitud<\/td>\n<td>\u00b1(0,015% de rdg + 0,002 mA)<\/td>\n<\/tr>\n<tr>\n<td>Gama<\/td>\n<td>De 0 a 55 mA (MA20)<\/td>\n<\/tr>\n<tr>\n<td>Corriente m\u00e1xima permitida<\/td>\n<td>93,3 mA<\/td>\n<\/tr>\n<tr>\n<td>Resoluci\u00f3n<\/td>\n<td>0,001 mA o 0,01%<\/td>\n<\/tr>\n<tr>\n<td>Unidades<\/td>\n<td>mA, % 4-20, % 10-50<\/td>\n<\/tr>\n<tr>\n<td>Resistencia de entrada<\/td>\n<td>&lt;17.2 \u03a9<\/td>\n<\/tr>\n<tr>\n<td>Carga de voltaje a 20 mA<\/td>\n<td>20 mA: &lt;0,35 V 50 mA: &lt;0,86 V<\/td>\n<\/tr>\n<tr>\n<td>Resistencia HART<\/td>\n<td>250 \u03a9<\/td>\n<\/tr>\n<tr>\n<td>Conexi\u00f3n<\/td>\n<td>Conectores de 2 mm<\/td>\n<\/tr>\n<tr>\n<td colspan=\"2\"><strong>Entrada de voltaje (V CC)<\/strong><\/td>\n<\/tr>\n<tr>\n<td>Exactitud<\/td>\n<td>\u00b1(0,015 % de rdg + 0,002 V DC)<\/td>\n<\/tr>\n<tr>\n<td>Gama<\/td>\n<td>De 0 a 28 V CC<\/td>\n<\/tr>\n<tr>\n<td>Voltaje m\u00e1ximo permitido<\/td>\n<td>30 V CC<\/td>\n<\/tr>\n<tr>\n<td>Resoluci\u00f3n<\/td>\n<td>0,001 V CC<\/td>\n<\/tr>\n<tr>\n<td>Unidades<\/td>\n<td>V CC<\/td>\n<\/tr>\n<tr>\n<td colspan=\"2\"><strong>Prueba de interruptor<\/strong><\/td>\n<\/tr>\n<tr>\n<td>Tipo de interruptor<\/td>\n<td>Contacto seco<\/td>\n<\/tr>\n<tr>\n<td>Resistencia de estado cerrado<\/td>\n<td>&lt;10 \u03a9<\/td>\n<\/tr>\n<tr>\n<td>Resistencia de estado abierto<\/td>\n<td>&gt;10 M\u03a9<\/td>\n<\/tr>\n<tr>\n<td colspan=\"2\"><strong>Especificaciones generales<\/strong><\/td>\n<\/tr>\n<tr>\n<td>Registro de datos<\/td>\n<td>Capacidad: Aproximadamente 1.000.000 de puntos<br \/>\nde datos Tipo de almacenamiento: Memoria<br \/>\nflash no vol\u00e1til Intervalo m\u00e1s r\u00e1pido: 10 por segundo<br \/>\nIntervalo m\u00e1s lento: 1 por hora<\/td>\n<\/tr>\n<tr>\n<td>Temperatura<\/td>\n<td>En funcionamiento: -4 a 122 \u00b0F (-20 a 50 \u00b0C) Almacenamiento: -40 a 167 \u00b0F (-40 a 75 \u00b0C)<\/td>\n<\/tr>\n<tr>\n<td>Datos y comunicaci\u00f3n<\/td>\n<td>Interfaz digital: mini-USB<\/td>\n<\/tr>\n<tr>\n<td>Monitor<\/td>\n<td>Pantalla gr\u00e1fica de 255 x 160 p\u00edxeles<\/td>\n<\/tr>\n<tr>\n<td>Velocidad de visualizaci\u00f3n<\/td>\n<td>4 lecturas\/segundo (est\u00e1ndar) hasta 10 lecturas\/segundo (grabaci\u00f3n)<\/td>\n<\/tr>\n<tr>\n<td>Poder<\/td>\n<td>4 x AA: 200 horas, t\u00edpico Ultra baja potencia: hasta 60 d\u00edas, t\u00edpico<\/td>\n<\/tr>\n<tr>\n<td>Vivienda<\/td>\n<td>Moldeado por inyecci\u00f3n resistente a los impactos<\/td>\n<\/tr>\n<tr>\n<td>Teclados y etiquetas<\/td>\n<td>Poli\u00e9ster resistente a los rayos UV<\/td>\n<\/tr>\n<tr>\n<td>Montura<\/td>\n<td>Ubicaci\u00f3n de montaje de inserto roscado profundo M4 x 0,7 [0,31&#8243; [8 mm])<\/td>\n<\/tr>\n<tr>\n<td>Clasificaci\u00f3n<\/td>\n<td>IP66 e IP67<\/td>\n<\/tr>\n<tr>\n<td>Peso<\/td>\n<td>680 g (1,5 libras)<\/td>\n<\/tr>\n<tr>\n<td>Clasificaci\u00f3n<\/td>\n<td>IP66 e IP67<\/td>\n<\/tr>\n<\/tbody>\n<\/table>\n","protected":false},"excerpt":{"rendered":"<p class=\"short-description mhide ipad-view-setting\">Presi\u00f3n diferencial con hasta un 0,025% de precisi\u00f3n de lectura, nunca ha habido nada como esta grabadora de referencia. Lo suficientemente resistente como para colocarse en 3&#8242; de agua, esta grabadora de referencia puede realizar calibraciones en cualquier momento y en cualquier lugar. Estuche de transporte no incluido con la opci\u00f3n &#8220;sin bomba&#8221;.<\/p>\n<p class=\"comment-tag-product\">\n<div class=\"row-fluid\">\n<div class=\"span12 mobile-pricing-box-padding\"><\/div>\n<\/div>\n","protected":false},"featured_media":7468,"comment_status":"open","ping_status":"closed","template":"","meta":{"_joinchat":[]},"product_brand":[],"product_cat":[15],"product_tag":[],"class_list":{"0":"post-7464","1":"product","2":"type-product","3":"status-publish","4":"has-post-thumbnail","6":"product_cat-sin-categorizar","8":"first","9":"instock","10":"shipping-taxable","11":"product-type-simple"},"yoast_head":"<!-- This site is optimized with the Yoast SEO plugin v26.4 - https:\/\/yoast.com\/wordpress\/plugins\/seo\/ -->\n<title>Grabadora de referencia de la serie crystal nvision de ametek - Abaa tienda online<\/title>\n<meta name=\"robots\" content=\"index, follow, max-snippet:-1, max-image-preview:large, max-video-preview:-1\" \/>\n<link rel=\"canonical\" href=\"https:\/\/abaa.mx\/tienda\/grabadora-de-referencia-de-la-serie-crystal-nvision-de-ametek-2\/\" \/>\n<meta property=\"og:locale\" content=\"es_MX\" \/>\n<meta property=\"og:type\" content=\"article\" \/>\n<meta property=\"og:title\" content=\"Grabadora de referencia de la serie crystal nvision de ametek - Abaa tienda online\" \/>\n<meta property=\"og:description\" content=\"Presi\u00f3n diferencial con hasta un 0,025% de precisi\u00f3n de lectura, nunca ha habido nada como esta grabadora de referencia. Lo suficientemente resistente como para colocarse en 3&#039; de agua, esta grabadora de referencia puede realizar calibraciones en cualquier momento y en cualquier lugar. Estuche de transporte no incluido con la opci\u00f3n &quot;sin bomba&quot;.\" \/>\n<meta property=\"og:url\" content=\"https:\/\/abaa.mx\/tienda\/grabadora-de-referencia-de-la-serie-crystal-nvision-de-ametek-2\/\" \/>\n<meta property=\"og:site_name\" content=\"Abaa tienda online\" \/>\n<meta property=\"og:image\" content=\"https:\/\/abaa.mx\/tienda\/wp-content\/uploads\/2023\/10\/Grabadora-de-referencia-de-la-serie-Crystal-nVision-de-AMETEK-1.jpg\" \/>\n\t<meta property=\"og:image:width\" content=\"270\" \/>\n\t<meta property=\"og:image:height\" content=\"360\" \/>\n\t<meta property=\"og:image:type\" content=\"image\/jpeg\" \/>\n<meta name=\"twitter:card\" content=\"summary_large_image\" \/>\n<meta name=\"twitter:label1\" content=\"Tiempo de lectura\" \/>\n\t<meta name=\"twitter:data1\" content=\"3 minutos\" \/>\n<script type=\"application\/ld+json\" class=\"yoast-schema-graph\">{\"@context\":\"https:\/\/schema.org\",\"@graph\":[{\"@type\":\"WebPage\",\"@id\":\"https:\/\/abaa.mx\/tienda\/grabadora-de-referencia-de-la-serie-crystal-nvision-de-ametek-2\/\",\"url\":\"https:\/\/abaa.mx\/tienda\/grabadora-de-referencia-de-la-serie-crystal-nvision-de-ametek-2\/\",\"name\":\"Grabadora de referencia de la serie crystal nvision de ametek - Abaa tienda online\",\"isPartOf\":{\"@id\":\"https:\/\/abaa.mx\/tienda\/#website\"},\"primaryImageOfPage\":{\"@id\":\"https:\/\/abaa.mx\/tienda\/grabadora-de-referencia-de-la-serie-crystal-nvision-de-ametek-2\/#primaryimage\"},\"image\":{\"@id\":\"https:\/\/abaa.mx\/tienda\/grabadora-de-referencia-de-la-serie-crystal-nvision-de-ametek-2\/#primaryimage\"},\"thumbnailUrl\":\"https:\/\/abaa.mx\/tienda\/wp-content\/uploads\/2023\/10\/Grabadora-de-referencia-de-la-serie-Crystal-nVision-de-AMETEK-1.jpg\",\"datePublished\":\"2023-10-23T19:15:23+00:00\",\"breadcrumb\":{\"@id\":\"https:\/\/abaa.mx\/tienda\/grabadora-de-referencia-de-la-serie-crystal-nvision-de-ametek-2\/#breadcrumb\"},\"inLanguage\":\"es\",\"potentialAction\":[{\"@type\":\"ReadAction\",\"target\":[\"https:\/\/abaa.mx\/tienda\/grabadora-de-referencia-de-la-serie-crystal-nvision-de-ametek-2\/\"]}]},{\"@type\":\"ImageObject\",\"inLanguage\":\"es\",\"@id\":\"https:\/\/abaa.mx\/tienda\/grabadora-de-referencia-de-la-serie-crystal-nvision-de-ametek-2\/#primaryimage\",\"url\":\"https:\/\/abaa.mx\/tienda\/wp-content\/uploads\/2023\/10\/Grabadora-de-referencia-de-la-serie-Crystal-nVision-de-AMETEK-1.jpg\",\"contentUrl\":\"https:\/\/abaa.mx\/tienda\/wp-content\/uploads\/2023\/10\/Grabadora-de-referencia-de-la-serie-Crystal-nVision-de-AMETEK-1.jpg\",\"width\":270,\"height\":360,\"caption\":\"Grabadora de referencia de la serie Crystal nVision de AMETEK\"},{\"@type\":\"BreadcrumbList\",\"@id\":\"https:\/\/abaa.mx\/tienda\/grabadora-de-referencia-de-la-serie-crystal-nvision-de-ametek-2\/#breadcrumb\",\"itemListElement\":[{\"@type\":\"ListItem\",\"position\":1,\"name\":\"Inicio\",\"item\":\"https:\/\/abaa.mx\/tienda\/\"},{\"@type\":\"ListItem\",\"position\":2,\"name\":\"Tienda\",\"item\":\"https:\/\/abaa.mx\/tienda\/\"},{\"@type\":\"ListItem\",\"position\":3,\"name\":\"Grabadora de referencia de la serie crystal nvision de ametek\"}]},{\"@type\":\"WebSite\",\"@id\":\"https:\/\/abaa.mx\/tienda\/#website\",\"url\":\"https:\/\/abaa.mx\/tienda\/\",\"name\":\"Abaa tienda online\",\"description\":\"Instrumentos de medici\u00f3n\",\"publisher\":{\"@id\":\"https:\/\/abaa.mx\/tienda\/#organization\"},\"potentialAction\":[{\"@type\":\"SearchAction\",\"target\":{\"@type\":\"EntryPoint\",\"urlTemplate\":\"https:\/\/abaa.mx\/tienda\/?s={search_term_string}\"},\"query-input\":{\"@type\":\"PropertyValueSpecification\",\"valueRequired\":true,\"valueName\":\"search_term_string\"}}],\"inLanguage\":\"es\"},{\"@type\":\"Organization\",\"@id\":\"https:\/\/abaa.mx\/tienda\/#organization\",\"name\":\"Abaa tienda online\",\"url\":\"https:\/\/abaa.mx\/tienda\/\",\"logo\":{\"@type\":\"ImageObject\",\"inLanguage\":\"es\",\"@id\":\"https:\/\/abaa.mx\/tienda\/#\/schema\/logo\/image\/\",\"url\":\"https:\/\/abaa.mx\/tienda\/wp-content\/uploads\/2024\/01\/abaa-metrologia-tienda.png\",\"contentUrl\":\"https:\/\/abaa.mx\/tienda\/wp-content\/uploads\/2024\/01\/abaa-metrologia-tienda.png\",\"width\":300,\"height\":141,\"caption\":\"Abaa tienda online\"},\"image\":{\"@id\":\"https:\/\/abaa.mx\/tienda\/#\/schema\/logo\/image\/\"}}]}<\/script>\n<!-- \/ Yoast SEO plugin. -->","yoast_head_json":{"title":"Grabadora de referencia de la serie crystal nvision de ametek - Abaa tienda online","robots":{"index":"index","follow":"follow","max-snippet":"max-snippet:-1","max-image-preview":"max-image-preview:large","max-video-preview":"max-video-preview:-1"},"canonical":"https:\/\/abaa.mx\/tienda\/grabadora-de-referencia-de-la-serie-crystal-nvision-de-ametek-2\/","og_locale":"es_MX","og_type":"article","og_title":"Grabadora de referencia de la serie crystal nvision de ametek - Abaa tienda online","og_description":"Presi\u00f3n diferencial con hasta un 0,025% de precisi\u00f3n de lectura, nunca ha habido nada como esta grabadora de referencia. Lo suficientemente resistente como para colocarse en 3' de agua, esta grabadora de referencia puede realizar calibraciones en cualquier momento y en cualquier lugar. Estuche de transporte no incluido con la opci\u00f3n \"sin bomba\".","og_url":"https:\/\/abaa.mx\/tienda\/grabadora-de-referencia-de-la-serie-crystal-nvision-de-ametek-2\/","og_site_name":"Abaa tienda online","og_image":[{"width":270,"height":360,"url":"https:\/\/abaa.mx\/tienda\/wp-content\/uploads\/2023\/10\/Grabadora-de-referencia-de-la-serie-Crystal-nVision-de-AMETEK-1.jpg","type":"image\/jpeg"}],"twitter_card":"summary_large_image","twitter_misc":{"Tiempo de lectura":"3 minutos"},"schema":{"@context":"https:\/\/schema.org","@graph":[{"@type":"WebPage","@id":"https:\/\/abaa.mx\/tienda\/grabadora-de-referencia-de-la-serie-crystal-nvision-de-ametek-2\/","url":"https:\/\/abaa.mx\/tienda\/grabadora-de-referencia-de-la-serie-crystal-nvision-de-ametek-2\/","name":"Grabadora de referencia de la serie crystal nvision de ametek - Abaa tienda online","isPartOf":{"@id":"https:\/\/abaa.mx\/tienda\/#website"},"primaryImageOfPage":{"@id":"https:\/\/abaa.mx\/tienda\/grabadora-de-referencia-de-la-serie-crystal-nvision-de-ametek-2\/#primaryimage"},"image":{"@id":"https:\/\/abaa.mx\/tienda\/grabadora-de-referencia-de-la-serie-crystal-nvision-de-ametek-2\/#primaryimage"},"thumbnailUrl":"https:\/\/abaa.mx\/tienda\/wp-content\/uploads\/2023\/10\/Grabadora-de-referencia-de-la-serie-Crystal-nVision-de-AMETEK-1.jpg","datePublished":"2023-10-23T19:15:23+00:00","breadcrumb":{"@id":"https:\/\/abaa.mx\/tienda\/grabadora-de-referencia-de-la-serie-crystal-nvision-de-ametek-2\/#breadcrumb"},"inLanguage":"es","potentialAction":[{"@type":"ReadAction","target":["https:\/\/abaa.mx\/tienda\/grabadora-de-referencia-de-la-serie-crystal-nvision-de-ametek-2\/"]}]},{"@type":"ImageObject","inLanguage":"es","@id":"https:\/\/abaa.mx\/tienda\/grabadora-de-referencia-de-la-serie-crystal-nvision-de-ametek-2\/#primaryimage","url":"https:\/\/abaa.mx\/tienda\/wp-content\/uploads\/2023\/10\/Grabadora-de-referencia-de-la-serie-Crystal-nVision-de-AMETEK-1.jpg","contentUrl":"https:\/\/abaa.mx\/tienda\/wp-content\/uploads\/2023\/10\/Grabadora-de-referencia-de-la-serie-Crystal-nVision-de-AMETEK-1.jpg","width":270,"height":360,"caption":"Grabadora de referencia de la serie Crystal nVision de AMETEK"},{"@type":"BreadcrumbList","@id":"https:\/\/abaa.mx\/tienda\/grabadora-de-referencia-de-la-serie-crystal-nvision-de-ametek-2\/#breadcrumb","itemListElement":[{"@type":"ListItem","position":1,"name":"Inicio","item":"https:\/\/abaa.mx\/tienda\/"},{"@type":"ListItem","position":2,"name":"Tienda","item":"https:\/\/abaa.mx\/tienda\/"},{"@type":"ListItem","position":3,"name":"Grabadora de referencia de la serie crystal nvision de ametek"}]},{"@type":"WebSite","@id":"https:\/\/abaa.mx\/tienda\/#website","url":"https:\/\/abaa.mx\/tienda\/","name":"Abaa tienda online","description":"Instrumentos de medici\u00f3n","publisher":{"@id":"https:\/\/abaa.mx\/tienda\/#organization"},"potentialAction":[{"@type":"SearchAction","target":{"@type":"EntryPoint","urlTemplate":"https:\/\/abaa.mx\/tienda\/?s={search_term_string}"},"query-input":{"@type":"PropertyValueSpecification","valueRequired":true,"valueName":"search_term_string"}}],"inLanguage":"es"},{"@type":"Organization","@id":"https:\/\/abaa.mx\/tienda\/#organization","name":"Abaa tienda online","url":"https:\/\/abaa.mx\/tienda\/","logo":{"@type":"ImageObject","inLanguage":"es","@id":"https:\/\/abaa.mx\/tienda\/#\/schema\/logo\/image\/","url":"https:\/\/abaa.mx\/tienda\/wp-content\/uploads\/2024\/01\/abaa-metrologia-tienda.png","contentUrl":"https:\/\/abaa.mx\/tienda\/wp-content\/uploads\/2024\/01\/abaa-metrologia-tienda.png","width":300,"height":141,"caption":"Abaa tienda online"},"image":{"@id":"https:\/\/abaa.mx\/tienda\/#\/schema\/logo\/image\/"}}]}},"_links":{"self":[{"href":"https:\/\/abaa.mx\/tienda\/wp-json\/wp\/v2\/product\/7464","targetHints":{"allow":["GET"]}}],"collection":[{"href":"https:\/\/abaa.mx\/tienda\/wp-json\/wp\/v2\/product"}],"about":[{"href":"https:\/\/abaa.mx\/tienda\/wp-json\/wp\/v2\/types\/product"}],"replies":[{"embeddable":true,"href":"https:\/\/abaa.mx\/tienda\/wp-json\/wp\/v2\/comments?post=7464"}],"wp:featuredmedia":[{"embeddable":true,"href":"https:\/\/abaa.mx\/tienda\/wp-json\/wp\/v2\/media\/7468"}],"wp:attachment":[{"href":"https:\/\/abaa.mx\/tienda\/wp-json\/wp\/v2\/media?parent=7464"}],"wp:term":[{"taxonomy":"product_brand","embeddable":true,"href":"https:\/\/abaa.mx\/tienda\/wp-json\/wp\/v2\/product_brand?post=7464"},{"taxonomy":"product_cat","embeddable":true,"href":"https:\/\/abaa.mx\/tienda\/wp-json\/wp\/v2\/product_cat?post=7464"},{"taxonomy":"product_tag","embeddable":true,"href":"https:\/\/abaa.mx\/tienda\/wp-json\/wp\/v2\/product_tag?post=7464"}],"curies":[{"name":"wp","href":"https:\/\/api.w.org\/{rel}","templated":true}]}}