{"id":7429,"date":"2023-10-23T17:42:42","date_gmt":"2023-10-23T17:42:42","guid":{"rendered":"https:\/\/abaa.mx\/tienda\/?post_type=product&#038;p=7429"},"modified":"2023-12-07T20:54:46","modified_gmt":"2023-12-07T20:54:46","slug":"termohigrometro-bc25-trotec","status":"publish","type":"product","link":"https:\/\/abaa.mx\/tienda\/termohigrometro-bc25-trotec\/","title":{"rendered":"Termohigr\u00f3metro bc25 trotec"},"content":{"rendered":"<p>El BC25 es un instrumento tan efectivo como manual para calcular con seguridad la dimensi\u00f3n de la carga f\u00edsica resultante de las altas temperaturas en combinaci\u00f3n con una humedad del aire alta. Una humedad del aire alta restringe la termorregulaci\u00f3n del cuerpo a trav\u00e9s de la evaporaci\u00f3n del sudor. De esa manera se limita considerablemente el bienestar subjetivo y se aumenta objetivamente el peligro de insolaci\u00f3n sobre todo para deportistas y para personas mayores y enfermas.<\/p>\n<p>Por eso el BC25 calcula con sus sensibles sensores, adem\u00e1s de los par\u00e1metros clim\u00e1ticos normales tales como la temperatura del aire, la humedad relativa del aire, el punto de roc\u00edo y la temperatura de bulbo h\u00famedo, tambi\u00e9n la \u00abtemperatura de bochorno\u00bb (TB) y la \u00absensaci\u00f3n t\u00e9rmica\u00bb (\u00edndice WBGT). La temperatura de bochorno y el llamado \u00cdndice de Temperatura de Globo y Bulbo H\u00famedo indican la sensaci\u00f3n t\u00e9rmica sobre la base de la temperatura del aire medida y, sobre todo, de la humedad relativa del aire y otros par\u00e1metros como la radiaci\u00f3n t\u00e9rmica.<\/p>\n<p>Por medio de las funciones de alarma del BC25 para la temperatura de bochorno y la sensaci\u00f3n t\u00e9rmica se puede evitar desde un inicio las insolaciones y establecer los l\u00edmites de la carga para altas temperaturas. La pantalla LCD grande y de f\u00e1cil lectura, as\u00ed como las funciones de desconexi\u00f3n autom\u00e1tica, valor m\u00ednimo, m\u00e1ximo, medio (AVG), as\u00ed como HOLD, completan la variedad de prestaciones de este innovador medidor.<\/p>\n","protected":false},"excerpt":{"rendered":"<div class=\"row-fluid\">\n<div class=\"span12 mobile-pricing-box-padding\">\n<form id=\"177925\" accept-charset=\"utf-8\" action=\"https:\/\/www.globaltestsupply.com\/shop\/add\" method=\"post\" name=\"addTocartFunction\">\n<div>Higr\u00f3metro Trotec BC25 es un dispositivo indispensable para aquellos que valoran la precisi\u00f3n y la confiabilidad. No importa si necesitas medir la temperatura y la humedad de tu hogar, oficina o cualquier otro lugar, este higr\u00f3metro te proporcionar\u00e1 los datos que necesitas de manera r\u00e1pida y precisa.<\/div>\n<\/form>\n<\/div>\n<\/div>\n","protected":false},"featured_media":9699,"comment_status":"open","ping_status":"closed","template":"","meta":{"_joinchat":[]},"product_brand":[],"product_cat":[15],"product_tag":[],"class_list":{"0":"post-7429","1":"product","2":"type-product","3":"status-publish","4":"has-post-thumbnail","6":"product_cat-sin-categorizar","8":"first","9":"instock","10":"shipping-taxable","11":"product-type-simple"},"yoast_head":"<!-- This site is optimized with the Yoast SEO plugin v26.4 - https:\/\/yoast.com\/wordpress\/plugins\/seo\/ -->\n<title>Termohigr\u00f3metro bc25 trotec - Abaa tienda online<\/title>\n<meta name=\"robots\" content=\"index, follow, max-snippet:-1, max-image-preview:large, max-video-preview:-1\" \/>\n<link rel=\"canonical\" href=\"https:\/\/abaa.mx\/tienda\/termohigrometro-bc25-trotec\/\" \/>\n<meta property=\"og:locale\" content=\"es_MX\" \/>\n<meta property=\"og:type\" content=\"article\" \/>\n<meta property=\"og:title\" content=\"Termohigr\u00f3metro bc25 trotec - Abaa tienda online\" \/>\n<meta property=\"og:description\" content=\"Higr\u00f3metro Trotec BC25 es un dispositivo indispensable para aquellos que valoran la precisi\u00f3n y la confiabilidad. No importa si necesitas medir la temperatura y la humedad de tu hogar, oficina o cualquier otro lugar, este higr\u00f3metro te proporcionar\u00e1 los datos que necesitas de manera r\u00e1pida y precisa.\" \/>\n<meta property=\"og:url\" content=\"https:\/\/abaa.mx\/tienda\/termohigrometro-bc25-trotec\/\" \/>\n<meta property=\"og:site_name\" content=\"Abaa tienda online\" \/>\n<meta property=\"article:modified_time\" content=\"2023-12-07T20:54:46+00:00\" \/>\n<meta property=\"og:image\" content=\"https:\/\/abaa.mx\/tienda\/wp-content\/uploads\/2023\/10\/Termohigrometro-BC25.jpg\" \/>\n\t<meta property=\"og:image:width\" content=\"470\" \/>\n\t<meta property=\"og:image:height\" content=\"470\" \/>\n\t<meta property=\"og:image:type\" content=\"image\/jpeg\" \/>\n<meta name=\"twitter:card\" content=\"summary_large_image\" \/>\n<meta name=\"twitter:label1\" content=\"Tiempo de lectura\" \/>\n\t<meta name=\"twitter:data1\" content=\"2 minutos\" \/>\n<script type=\"application\/ld+json\" class=\"yoast-schema-graph\">{\"@context\":\"https:\/\/schema.org\",\"@graph\":[{\"@type\":\"WebPage\",\"@id\":\"https:\/\/abaa.mx\/tienda\/termohigrometro-bc25-trotec\/\",\"url\":\"https:\/\/abaa.mx\/tienda\/termohigrometro-bc25-trotec\/\",\"name\":\"Termohigr\u00f3metro bc25 trotec - Abaa tienda online\",\"isPartOf\":{\"@id\":\"https:\/\/abaa.mx\/tienda\/#website\"},\"primaryImageOfPage\":{\"@id\":\"https:\/\/abaa.mx\/tienda\/termohigrometro-bc25-trotec\/#primaryimage\"},\"image\":{\"@id\":\"https:\/\/abaa.mx\/tienda\/termohigrometro-bc25-trotec\/#primaryimage\"},\"thumbnailUrl\":\"https:\/\/abaa.mx\/tienda\/wp-content\/uploads\/2023\/10\/Termohigrometro-BC25.jpg\",\"datePublished\":\"2023-10-23T17:42:42+00:00\",\"dateModified\":\"2023-12-07T20:54:46+00:00\",\"breadcrumb\":{\"@id\":\"https:\/\/abaa.mx\/tienda\/termohigrometro-bc25-trotec\/#breadcrumb\"},\"inLanguage\":\"es\",\"potentialAction\":[{\"@type\":\"ReadAction\",\"target\":[\"https:\/\/abaa.mx\/tienda\/termohigrometro-bc25-trotec\/\"]}]},{\"@type\":\"ImageObject\",\"inLanguage\":\"es\",\"@id\":\"https:\/\/abaa.mx\/tienda\/termohigrometro-bc25-trotec\/#primaryimage\",\"url\":\"https:\/\/abaa.mx\/tienda\/wp-content\/uploads\/2023\/10\/Termohigrometro-BC25.jpg\",\"contentUrl\":\"https:\/\/abaa.mx\/tienda\/wp-content\/uploads\/2023\/10\/Termohigrometro-BC25.jpg\",\"width\":470,\"height\":470,\"caption\":\"Termohigr\u00f3metro bc25 trotec\"},{\"@type\":\"BreadcrumbList\",\"@id\":\"https:\/\/abaa.mx\/tienda\/termohigrometro-bc25-trotec\/#breadcrumb\",\"itemListElement\":[{\"@type\":\"ListItem\",\"position\":1,\"name\":\"Inicio\",\"item\":\"https:\/\/abaa.mx\/tienda\/\"},{\"@type\":\"ListItem\",\"position\":2,\"name\":\"Tienda\",\"item\":\"https:\/\/abaa.mx\/tienda\/\"},{\"@type\":\"ListItem\",\"position\":3,\"name\":\"Termohigr\u00f3metro bc25 trotec\"}]},{\"@type\":\"WebSite\",\"@id\":\"https:\/\/abaa.mx\/tienda\/#website\",\"url\":\"https:\/\/abaa.mx\/tienda\/\",\"name\":\"Abaa tienda online\",\"description\":\"Instrumentos de medici\u00f3n\",\"publisher\":{\"@id\":\"https:\/\/abaa.mx\/tienda\/#organization\"},\"potentialAction\":[{\"@type\":\"SearchAction\",\"target\":{\"@type\":\"EntryPoint\",\"urlTemplate\":\"https:\/\/abaa.mx\/tienda\/?s={search_term_string}\"},\"query-input\":{\"@type\":\"PropertyValueSpecification\",\"valueRequired\":true,\"valueName\":\"search_term_string\"}}],\"inLanguage\":\"es\"},{\"@type\":\"Organization\",\"@id\":\"https:\/\/abaa.mx\/tienda\/#organization\",\"name\":\"Abaa tienda online\",\"url\":\"https:\/\/abaa.mx\/tienda\/\",\"logo\":{\"@type\":\"ImageObject\",\"inLanguage\":\"es\",\"@id\":\"https:\/\/abaa.mx\/tienda\/#\/schema\/logo\/image\/\",\"url\":\"https:\/\/abaa.mx\/tienda\/wp-content\/uploads\/2024\/01\/abaa-metrologia-tienda.png\",\"contentUrl\":\"https:\/\/abaa.mx\/tienda\/wp-content\/uploads\/2024\/01\/abaa-metrologia-tienda.png\",\"width\":300,\"height\":141,\"caption\":\"Abaa tienda online\"},\"image\":{\"@id\":\"https:\/\/abaa.mx\/tienda\/#\/schema\/logo\/image\/\"}}]}<\/script>\n<!-- \/ Yoast SEO plugin. -->","yoast_head_json":{"title":"Termohigr\u00f3metro bc25 trotec - Abaa tienda online","robots":{"index":"index","follow":"follow","max-snippet":"max-snippet:-1","max-image-preview":"max-image-preview:large","max-video-preview":"max-video-preview:-1"},"canonical":"https:\/\/abaa.mx\/tienda\/termohigrometro-bc25-trotec\/","og_locale":"es_MX","og_type":"article","og_title":"Termohigr\u00f3metro bc25 trotec - Abaa tienda online","og_description":"Higr\u00f3metro Trotec BC25 es un dispositivo indispensable para aquellos que valoran la precisi\u00f3n y la confiabilidad. No importa si necesitas medir la temperatura y la humedad de tu hogar, oficina o cualquier otro lugar, este higr\u00f3metro te proporcionar\u00e1 los datos que necesitas de manera r\u00e1pida y precisa.","og_url":"https:\/\/abaa.mx\/tienda\/termohigrometro-bc25-trotec\/","og_site_name":"Abaa tienda online","article_modified_time":"2023-12-07T20:54:46+00:00","og_image":[{"width":470,"height":470,"url":"https:\/\/abaa.mx\/tienda\/wp-content\/uploads\/2023\/10\/Termohigrometro-BC25.jpg","type":"image\/jpeg"}],"twitter_card":"summary_large_image","twitter_misc":{"Tiempo de lectura":"2 minutos"},"schema":{"@context":"https:\/\/schema.org","@graph":[{"@type":"WebPage","@id":"https:\/\/abaa.mx\/tienda\/termohigrometro-bc25-trotec\/","url":"https:\/\/abaa.mx\/tienda\/termohigrometro-bc25-trotec\/","name":"Termohigr\u00f3metro bc25 trotec - Abaa tienda online","isPartOf":{"@id":"https:\/\/abaa.mx\/tienda\/#website"},"primaryImageOfPage":{"@id":"https:\/\/abaa.mx\/tienda\/termohigrometro-bc25-trotec\/#primaryimage"},"image":{"@id":"https:\/\/abaa.mx\/tienda\/termohigrometro-bc25-trotec\/#primaryimage"},"thumbnailUrl":"https:\/\/abaa.mx\/tienda\/wp-content\/uploads\/2023\/10\/Termohigrometro-BC25.jpg","datePublished":"2023-10-23T17:42:42+00:00","dateModified":"2023-12-07T20:54:46+00:00","breadcrumb":{"@id":"https:\/\/abaa.mx\/tienda\/termohigrometro-bc25-trotec\/#breadcrumb"},"inLanguage":"es","potentialAction":[{"@type":"ReadAction","target":["https:\/\/abaa.mx\/tienda\/termohigrometro-bc25-trotec\/"]}]},{"@type":"ImageObject","inLanguage":"es","@id":"https:\/\/abaa.mx\/tienda\/termohigrometro-bc25-trotec\/#primaryimage","url":"https:\/\/abaa.mx\/tienda\/wp-content\/uploads\/2023\/10\/Termohigrometro-BC25.jpg","contentUrl":"https:\/\/abaa.mx\/tienda\/wp-content\/uploads\/2023\/10\/Termohigrometro-BC25.jpg","width":470,"height":470,"caption":"Termohigr\u00f3metro bc25 trotec"},{"@type":"BreadcrumbList","@id":"https:\/\/abaa.mx\/tienda\/termohigrometro-bc25-trotec\/#breadcrumb","itemListElement":[{"@type":"ListItem","position":1,"name":"Inicio","item":"https:\/\/abaa.mx\/tienda\/"},{"@type":"ListItem","position":2,"name":"Tienda","item":"https:\/\/abaa.mx\/tienda\/"},{"@type":"ListItem","position":3,"name":"Termohigr\u00f3metro bc25 trotec"}]},{"@type":"WebSite","@id":"https:\/\/abaa.mx\/tienda\/#website","url":"https:\/\/abaa.mx\/tienda\/","name":"Abaa tienda online","description":"Instrumentos de medici\u00f3n","publisher":{"@id":"https:\/\/abaa.mx\/tienda\/#organization"},"potentialAction":[{"@type":"SearchAction","target":{"@type":"EntryPoint","urlTemplate":"https:\/\/abaa.mx\/tienda\/?s={search_term_string}"},"query-input":{"@type":"PropertyValueSpecification","valueRequired":true,"valueName":"search_term_string"}}],"inLanguage":"es"},{"@type":"Organization","@id":"https:\/\/abaa.mx\/tienda\/#organization","name":"Abaa tienda online","url":"https:\/\/abaa.mx\/tienda\/","logo":{"@type":"ImageObject","inLanguage":"es","@id":"https:\/\/abaa.mx\/tienda\/#\/schema\/logo\/image\/","url":"https:\/\/abaa.mx\/tienda\/wp-content\/uploads\/2024\/01\/abaa-metrologia-tienda.png","contentUrl":"https:\/\/abaa.mx\/tienda\/wp-content\/uploads\/2024\/01\/abaa-metrologia-tienda.png","width":300,"height":141,"caption":"Abaa tienda online"},"image":{"@id":"https:\/\/abaa.mx\/tienda\/#\/schema\/logo\/image\/"}}]}},"_links":{"self":[{"href":"https:\/\/abaa.mx\/tienda\/wp-json\/wp\/v2\/product\/7429","targetHints":{"allow":["GET"]}}],"collection":[{"href":"https:\/\/abaa.mx\/tienda\/wp-json\/wp\/v2\/product"}],"about":[{"href":"https:\/\/abaa.mx\/tienda\/wp-json\/wp\/v2\/types\/product"}],"replies":[{"embeddable":true,"href":"https:\/\/abaa.mx\/tienda\/wp-json\/wp\/v2\/comments?post=7429"}],"wp:featuredmedia":[{"embeddable":true,"href":"https:\/\/abaa.mx\/tienda\/wp-json\/wp\/v2\/media\/9699"}],"wp:attachment":[{"href":"https:\/\/abaa.mx\/tienda\/wp-json\/wp\/v2\/media?parent=7429"}],"wp:term":[{"taxonomy":"product_brand","embeddable":true,"href":"https:\/\/abaa.mx\/tienda\/wp-json\/wp\/v2\/product_brand?post=7429"},{"taxonomy":"product_cat","embeddable":true,"href":"https:\/\/abaa.mx\/tienda\/wp-json\/wp\/v2\/product_cat?post=7429"},{"taxonomy":"product_tag","embeddable":true,"href":"https:\/\/abaa.mx\/tienda\/wp-json\/wp\/v2\/product_tag?post=7429"}],"curies":[{"name":"wp","href":"https:\/\/api.w.org\/{rel}","templated":true}]}}