{"id":7428,"date":"2023-10-23T19:24:59","date_gmt":"2023-10-23T19:24:59","guid":{"rendered":"https:\/\/abaa.mx\/tienda\/?post_type=product&#038;p=7428"},"modified":"2023-10-23T19:25:00","modified_gmt":"2023-10-23T19:25:00","slug":"reed-r7050-tacometro-y-contador-fotografico-compacto-2","status":"publish","type":"product","link":"https:\/\/abaa.mx\/tienda\/reed-r7050-tacometro-y-contador-fotografico-compacto-2\/","title":{"rendered":"Reed r7050 tac\u00f3metro y contador fotogr\u00e1fico compacto"},"content":{"rendered":"<p>Este tac\u00f3metro fotogr\u00e1fico compacto de bolsillo mide las RPM (revoluciones por minuto) de objetos giratorios sin contacto. El R7050 tambi\u00e9n cuenta con un contador digital capaz de contar objetos en movimiento que pasan a trav\u00e9s del campo de visi\u00f3n del instrumento y una memoria incorporada capaz de recuperar los valores m\u00e1ximos y m\u00ednimos, as\u00ed como el \u00faltimo valor almacenado.<\/p>\n<h5><strong>Funciones<\/strong><\/h5>\n<ul>\n<li>Proporciona mediciones r\u00e1pidas y precisas de RPM de objetos giratorios sin contacto y recuento de revoluciones de objetos en movimiento<\/li>\n<li>El puntero l\u00e1ser incorporado identifica el \u00e1rea objetivo<\/li>\n<li>Carcasa duradera de pl\u00e1stico de doble moldeo y gran pantalla LCD retroiluminada<\/li>\n<li>La memoria interna recupera los valores m\u00e1ximos y m\u00ednimos, as\u00ed como el \u00faltimo valor almacenado<\/li>\n<li>Indicador de bater\u00eda baja y apagado autom\u00e1tico<\/li>\n<\/ul>\n<h4>Especificaciones de REED R7050<\/h4>\n<table class=\"table table-striped\">\n<tbody>\n<tr>\n<td>Rango de RPM (Foto)<\/td>\n<td>De 2 a 99.999<\/td>\n<\/tr>\n<tr>\n<td>Rango de conteo de REV<\/td>\n<td>De 1 a 99.999<\/td>\n<\/tr>\n<tr>\n<td>Resoluci\u00f3n<\/td>\n<td>0.1 RPM, 1 unidad<\/td>\n<\/tr>\n<tr>\n<td>Precisi\u00f3n b\u00e1sica<\/td>\n<td>\u00b10.05%<\/td>\n<\/tr>\n<tr>\n<td colspan=\"2\"><strong>Especificaciones generales<\/strong><\/td>\n<\/tr>\n<tr>\n<td>Indicador visible<\/td>\n<td>S\u00ed (L\u00e1ser)<\/td>\n<\/tr>\n<tr>\n<td>Distancia objetivo<\/td>\n<td>1 mm (6,500 pies)<\/td>\n<\/tr>\n<tr>\n<td>Tiempo de respuesta<\/td>\n<td>&lt;1 seg<\/td>\n<\/tr>\n<tr>\n<td>Tiempo de muestreo<\/td>\n<td>0,5 segundos (m\u00e1s de 120 RPM)<\/td>\n<\/tr>\n<tr>\n<td>Tama\u00f1o\/tipo de pantalla<\/td>\n<td>Pantalla LCD de 5 d\u00edgitos<\/td>\n<\/tr>\n<tr>\n<td>Pantalla retroiluminada<\/td>\n<td>S\u00ed<\/td>\n<\/tr>\n<tr>\n<td>Apagado autom\u00e1tico<\/td>\n<td>S\u00ed (despu\u00e9s de 10 segundos)<\/td>\n<\/tr>\n<tr>\n<td>Memoria interna<\/td>\n<td>M\u00e1x., M\u00edn. y \u00daltimo<\/td>\n<\/tr>\n<tr>\n<td>Clase de l\u00e1ser<\/td>\n<td>Clase III<\/td>\n<\/tr>\n<tr>\n<td>Indicador de bater\u00eda baja<\/td>\n<td>S\u00ed<\/td>\n<\/tr>\n<tr>\n<td>Fuente de alimentaci\u00f3n<\/td>\n<td>Bater\u00eda de 9V<\/td>\n<\/tr>\n<tr>\n<td>Certificaciones de productos<\/td>\n<td>Despu\u00e9s de Cristo<\/td>\n<\/tr>\n<tr>\n<td>Temperatura de funcionamiento<\/td>\n<td>De 32 a 122 \u00b0C (de 0 a 50 \u00b0F)<\/td>\n<\/tr>\n<tr>\n<td>Temperatura de almacenamiento<\/td>\n<td>-4 a 140 \u00b0F (-20 a 60 \u00b0C)<\/td>\n<\/tr>\n<tr>\n<td>Rango de humedad de funcionamiento<\/td>\n<td>10-90%<\/td>\n<\/tr>\n<tr>\n<td>Dimensiones<\/td>\n<td>6,3 x 2,3 x 1,5&#8243; (160 x 58 x 39 mm)<\/td>\n<\/tr>\n<tr>\n<td>Peso<\/td>\n<td>5,3 onzas (151 g)<\/td>\n<\/tr>\n<\/tbody>\n<\/table>\n","protected":false},"excerpt":{"rendered":"<p class=\"short-description mhide ipad-view-setting\">Mediciones de RPM y recuento de revoluciones sin contacto con pantalla LCD retroiluminada de 5 d\u00edgitos.<\/p>\n<div class=\"row-fluid\">\n<div class=\"span12 mobile-pricing-box-padding\">\n<form id=\"61036\" accept-charset=\"utf-8\" action=\"https:\/\/www.globaltestsupply.com\/shop\/add\" method=\"post\" name=\"addTocartFunction\">\n<div><\/div>\n<\/form>\n<\/div>\n<\/div>\n","protected":false},"featured_media":7482,"comment_status":"open","ping_status":"closed","template":"","meta":{"_joinchat":[]},"product_brand":[],"product_cat":[15],"product_tag":[],"class_list":{"0":"post-7428","1":"product","2":"type-product","3":"status-publish","4":"has-post-thumbnail","6":"product_cat-sin-categorizar","8":"first","9":"instock","10":"shipping-taxable","11":"product-type-simple"},"yoast_head":"<!-- This site is optimized with the Yoast SEO plugin v26.4 - https:\/\/yoast.com\/wordpress\/plugins\/seo\/ -->\n<title>Reed r7050 tac\u00f3metro y contador fotogr\u00e1fico compacto - Abaa tienda online<\/title>\n<meta name=\"robots\" content=\"index, follow, max-snippet:-1, max-image-preview:large, max-video-preview:-1\" \/>\n<link rel=\"canonical\" href=\"https:\/\/abaa.mx\/tienda\/reed-r7050-tacometro-y-contador-fotografico-compacto-2\/\" \/>\n<meta property=\"og:locale\" content=\"es_MX\" \/>\n<meta property=\"og:type\" content=\"article\" \/>\n<meta property=\"og:title\" content=\"Reed r7050 tac\u00f3metro y contador fotogr\u00e1fico compacto - Abaa tienda online\" \/>\n<meta property=\"og:description\" content=\"Mediciones de RPM y recuento de revoluciones sin contacto con pantalla LCD retroiluminada de 5 d\u00edgitos.\" \/>\n<meta property=\"og:url\" content=\"https:\/\/abaa.mx\/tienda\/reed-r7050-tacometro-y-contador-fotografico-compacto-2\/\" \/>\n<meta property=\"og:site_name\" content=\"Abaa tienda online\" \/>\n<meta property=\"article:modified_time\" content=\"2023-10-23T19:25:00+00:00\" \/>\n<meta property=\"og:image\" content=\"https:\/\/abaa.mx\/tienda\/wp-content\/uploads\/2023\/10\/R7050-NIST-1.jpg\" \/>\n\t<meta property=\"og:image:width\" content=\"474\" \/>\n\t<meta property=\"og:image:height\" content=\"474\" \/>\n\t<meta property=\"og:image:type\" content=\"image\/jpeg\" \/>\n<meta name=\"twitter:card\" content=\"summary_large_image\" \/>\n<meta name=\"twitter:label1\" content=\"Tiempo de lectura\" \/>\n\t<meta name=\"twitter:data1\" content=\"2 minutos\" \/>\n<script type=\"application\/ld+json\" class=\"yoast-schema-graph\">{\"@context\":\"https:\/\/schema.org\",\"@graph\":[{\"@type\":\"WebPage\",\"@id\":\"https:\/\/abaa.mx\/tienda\/reed-r7050-tacometro-y-contador-fotografico-compacto-2\/\",\"url\":\"https:\/\/abaa.mx\/tienda\/reed-r7050-tacometro-y-contador-fotografico-compacto-2\/\",\"name\":\"Reed r7050 tac\u00f3metro y contador fotogr\u00e1fico compacto - Abaa tienda online\",\"isPartOf\":{\"@id\":\"https:\/\/abaa.mx\/tienda\/#website\"},\"primaryImageOfPage\":{\"@id\":\"https:\/\/abaa.mx\/tienda\/reed-r7050-tacometro-y-contador-fotografico-compacto-2\/#primaryimage\"},\"image\":{\"@id\":\"https:\/\/abaa.mx\/tienda\/reed-r7050-tacometro-y-contador-fotografico-compacto-2\/#primaryimage\"},\"thumbnailUrl\":\"https:\/\/abaa.mx\/tienda\/wp-content\/uploads\/2023\/10\/R7050-NIST-1.jpg\",\"datePublished\":\"2023-10-23T19:24:59+00:00\",\"dateModified\":\"2023-10-23T19:25:00+00:00\",\"breadcrumb\":{\"@id\":\"https:\/\/abaa.mx\/tienda\/reed-r7050-tacometro-y-contador-fotografico-compacto-2\/#breadcrumb\"},\"inLanguage\":\"es\",\"potentialAction\":[{\"@type\":\"ReadAction\",\"target\":[\"https:\/\/abaa.mx\/tienda\/reed-r7050-tacometro-y-contador-fotografico-compacto-2\/\"]}]},{\"@type\":\"ImageObject\",\"inLanguage\":\"es\",\"@id\":\"https:\/\/abaa.mx\/tienda\/reed-r7050-tacometro-y-contador-fotografico-compacto-2\/#primaryimage\",\"url\":\"https:\/\/abaa.mx\/tienda\/wp-content\/uploads\/2023\/10\/R7050-NIST-1.jpg\",\"contentUrl\":\"https:\/\/abaa.mx\/tienda\/wp-content\/uploads\/2023\/10\/R7050-NIST-1.jpg\",\"width\":474,\"height\":474,\"caption\":\"reed-r7050-tacometro-y-contador-fotografico-compacto\"},{\"@type\":\"BreadcrumbList\",\"@id\":\"https:\/\/abaa.mx\/tienda\/reed-r7050-tacometro-y-contador-fotografico-compacto-2\/#breadcrumb\",\"itemListElement\":[{\"@type\":\"ListItem\",\"position\":1,\"name\":\"Inicio\",\"item\":\"https:\/\/abaa.mx\/tienda\/\"},{\"@type\":\"ListItem\",\"position\":2,\"name\":\"Tienda\",\"item\":\"https:\/\/abaa.mx\/tienda\/\"},{\"@type\":\"ListItem\",\"position\":3,\"name\":\"Reed r7050 tac\u00f3metro y contador fotogr\u00e1fico compacto\"}]},{\"@type\":\"WebSite\",\"@id\":\"https:\/\/abaa.mx\/tienda\/#website\",\"url\":\"https:\/\/abaa.mx\/tienda\/\",\"name\":\"Abaa tienda online\",\"description\":\"Instrumentos de medici\u00f3n\",\"publisher\":{\"@id\":\"https:\/\/abaa.mx\/tienda\/#organization\"},\"potentialAction\":[{\"@type\":\"SearchAction\",\"target\":{\"@type\":\"EntryPoint\",\"urlTemplate\":\"https:\/\/abaa.mx\/tienda\/?s={search_term_string}\"},\"query-input\":{\"@type\":\"PropertyValueSpecification\",\"valueRequired\":true,\"valueName\":\"search_term_string\"}}],\"inLanguage\":\"es\"},{\"@type\":\"Organization\",\"@id\":\"https:\/\/abaa.mx\/tienda\/#organization\",\"name\":\"Abaa tienda online\",\"url\":\"https:\/\/abaa.mx\/tienda\/\",\"logo\":{\"@type\":\"ImageObject\",\"inLanguage\":\"es\",\"@id\":\"https:\/\/abaa.mx\/tienda\/#\/schema\/logo\/image\/\",\"url\":\"https:\/\/abaa.mx\/tienda\/wp-content\/uploads\/2024\/01\/abaa-metrologia-tienda.png\",\"contentUrl\":\"https:\/\/abaa.mx\/tienda\/wp-content\/uploads\/2024\/01\/abaa-metrologia-tienda.png\",\"width\":300,\"height\":141,\"caption\":\"Abaa tienda online\"},\"image\":{\"@id\":\"https:\/\/abaa.mx\/tienda\/#\/schema\/logo\/image\/\"}}]}<\/script>\n<!-- \/ Yoast SEO plugin. -->","yoast_head_json":{"title":"Reed r7050 tac\u00f3metro y contador fotogr\u00e1fico compacto - Abaa tienda online","robots":{"index":"index","follow":"follow","max-snippet":"max-snippet:-1","max-image-preview":"max-image-preview:large","max-video-preview":"max-video-preview:-1"},"canonical":"https:\/\/abaa.mx\/tienda\/reed-r7050-tacometro-y-contador-fotografico-compacto-2\/","og_locale":"es_MX","og_type":"article","og_title":"Reed r7050 tac\u00f3metro y contador fotogr\u00e1fico compacto - Abaa tienda online","og_description":"Mediciones de RPM y recuento de revoluciones sin contacto con pantalla LCD retroiluminada de 5 d\u00edgitos.","og_url":"https:\/\/abaa.mx\/tienda\/reed-r7050-tacometro-y-contador-fotografico-compacto-2\/","og_site_name":"Abaa tienda online","article_modified_time":"2023-10-23T19:25:00+00:00","og_image":[{"width":474,"height":474,"url":"https:\/\/abaa.mx\/tienda\/wp-content\/uploads\/2023\/10\/R7050-NIST-1.jpg","type":"image\/jpeg"}],"twitter_card":"summary_large_image","twitter_misc":{"Tiempo de lectura":"2 minutos"},"schema":{"@context":"https:\/\/schema.org","@graph":[{"@type":"WebPage","@id":"https:\/\/abaa.mx\/tienda\/reed-r7050-tacometro-y-contador-fotografico-compacto-2\/","url":"https:\/\/abaa.mx\/tienda\/reed-r7050-tacometro-y-contador-fotografico-compacto-2\/","name":"Reed r7050 tac\u00f3metro y contador fotogr\u00e1fico compacto - Abaa tienda online","isPartOf":{"@id":"https:\/\/abaa.mx\/tienda\/#website"},"primaryImageOfPage":{"@id":"https:\/\/abaa.mx\/tienda\/reed-r7050-tacometro-y-contador-fotografico-compacto-2\/#primaryimage"},"image":{"@id":"https:\/\/abaa.mx\/tienda\/reed-r7050-tacometro-y-contador-fotografico-compacto-2\/#primaryimage"},"thumbnailUrl":"https:\/\/abaa.mx\/tienda\/wp-content\/uploads\/2023\/10\/R7050-NIST-1.jpg","datePublished":"2023-10-23T19:24:59+00:00","dateModified":"2023-10-23T19:25:00+00:00","breadcrumb":{"@id":"https:\/\/abaa.mx\/tienda\/reed-r7050-tacometro-y-contador-fotografico-compacto-2\/#breadcrumb"},"inLanguage":"es","potentialAction":[{"@type":"ReadAction","target":["https:\/\/abaa.mx\/tienda\/reed-r7050-tacometro-y-contador-fotografico-compacto-2\/"]}]},{"@type":"ImageObject","inLanguage":"es","@id":"https:\/\/abaa.mx\/tienda\/reed-r7050-tacometro-y-contador-fotografico-compacto-2\/#primaryimage","url":"https:\/\/abaa.mx\/tienda\/wp-content\/uploads\/2023\/10\/R7050-NIST-1.jpg","contentUrl":"https:\/\/abaa.mx\/tienda\/wp-content\/uploads\/2023\/10\/R7050-NIST-1.jpg","width":474,"height":474,"caption":"reed-r7050-tacometro-y-contador-fotografico-compacto"},{"@type":"BreadcrumbList","@id":"https:\/\/abaa.mx\/tienda\/reed-r7050-tacometro-y-contador-fotografico-compacto-2\/#breadcrumb","itemListElement":[{"@type":"ListItem","position":1,"name":"Inicio","item":"https:\/\/abaa.mx\/tienda\/"},{"@type":"ListItem","position":2,"name":"Tienda","item":"https:\/\/abaa.mx\/tienda\/"},{"@type":"ListItem","position":3,"name":"Reed r7050 tac\u00f3metro y contador fotogr\u00e1fico compacto"}]},{"@type":"WebSite","@id":"https:\/\/abaa.mx\/tienda\/#website","url":"https:\/\/abaa.mx\/tienda\/","name":"Abaa tienda online","description":"Instrumentos de medici\u00f3n","publisher":{"@id":"https:\/\/abaa.mx\/tienda\/#organization"},"potentialAction":[{"@type":"SearchAction","target":{"@type":"EntryPoint","urlTemplate":"https:\/\/abaa.mx\/tienda\/?s={search_term_string}"},"query-input":{"@type":"PropertyValueSpecification","valueRequired":true,"valueName":"search_term_string"}}],"inLanguage":"es"},{"@type":"Organization","@id":"https:\/\/abaa.mx\/tienda\/#organization","name":"Abaa tienda online","url":"https:\/\/abaa.mx\/tienda\/","logo":{"@type":"ImageObject","inLanguage":"es","@id":"https:\/\/abaa.mx\/tienda\/#\/schema\/logo\/image\/","url":"https:\/\/abaa.mx\/tienda\/wp-content\/uploads\/2024\/01\/abaa-metrologia-tienda.png","contentUrl":"https:\/\/abaa.mx\/tienda\/wp-content\/uploads\/2024\/01\/abaa-metrologia-tienda.png","width":300,"height":141,"caption":"Abaa tienda online"},"image":{"@id":"https:\/\/abaa.mx\/tienda\/#\/schema\/logo\/image\/"}}]}},"_links":{"self":[{"href":"https:\/\/abaa.mx\/tienda\/wp-json\/wp\/v2\/product\/7428","targetHints":{"allow":["GET"]}}],"collection":[{"href":"https:\/\/abaa.mx\/tienda\/wp-json\/wp\/v2\/product"}],"about":[{"href":"https:\/\/abaa.mx\/tienda\/wp-json\/wp\/v2\/types\/product"}],"replies":[{"embeddable":true,"href":"https:\/\/abaa.mx\/tienda\/wp-json\/wp\/v2\/comments?post=7428"}],"wp:featuredmedia":[{"embeddable":true,"href":"https:\/\/abaa.mx\/tienda\/wp-json\/wp\/v2\/media\/7482"}],"wp:attachment":[{"href":"https:\/\/abaa.mx\/tienda\/wp-json\/wp\/v2\/media?parent=7428"}],"wp:term":[{"taxonomy":"product_brand","embeddable":true,"href":"https:\/\/abaa.mx\/tienda\/wp-json\/wp\/v2\/product_brand?post=7428"},{"taxonomy":"product_cat","embeddable":true,"href":"https:\/\/abaa.mx\/tienda\/wp-json\/wp\/v2\/product_cat?post=7428"},{"taxonomy":"product_tag","embeddable":true,"href":"https:\/\/abaa.mx\/tienda\/wp-json\/wp\/v2\/product_tag?post=7428"}],"curies":[{"name":"wp","href":"https:\/\/api.w.org\/{rel}","templated":true}]}}