{"id":7392,"date":"2023-10-23T16:54:55","date_gmt":"2023-10-23T16:54:55","guid":{"rendered":"https:\/\/abaa.mx\/tienda\/?post_type=product&#038;p=7392"},"modified":"2023-12-13T19:30:50","modified_gmt":"2023-12-13T19:30:50","slug":"thd5-registrador-datalogger-de-temperaturausb-paq-de-10-pzas","status":"publish","type":"product","link":"https:\/\/abaa.mx\/tienda\/thd5-registrador-datalogger-de-temperaturausb-paq-de-10-pzas\/","title":{"rendered":"Thd5-registrador (datalogger) de temperaturausb (paq. de 10 pzas)"},"content":{"rendered":"<p>Thd5-registrador (datalogger) de temperaturausb (paq. de 10 pzas)<\/p>\n","protected":false},"excerpt":{"rendered":"<p>&nbsp;<\/p>\n<p><strong>Caracter\u00edsticas:<\/strong><\/p>\n<ul id=\"features\">\n<li>Conveniente carcasa del tama\u00f1o de una tarjeta de cr\u00e9dito con conector USB 2.0 y termistor NTC para un uso \u00fanico en el registro de datos de mediciones de temperatura precisas.<\/li>\n<li>Configuraciones programables por el usuario: idioma, frecuencia de muestreo, tiempo de retardo de inicio, tiempo de retardo de alarma, rango de alarma alto\/bajo y funci\u00f3n de seguridad.<\/li>\n<li>Indicaci\u00f3n de estado a trav\u00e9s de LED rojos y verdes.<\/li>\n<li>El bot\u00f3n de inicio inicia el registro continuo de datos, que contin\u00faa hasta que la memoria est\u00e1 llena en 8192 lecturas, o cuando se presiona el bot\u00f3n de parada.<\/li>\n<li>Marque 8 ubicaciones en un registro de grabaci\u00f3n de datos con solo presionar el bot\u00f3n Marcar.<\/li>\n<li>Genera autom\u00e1ticamente un informe en PDF con datos y gr\u00e1ficos de tendencias cuando se conecta a una PC despu\u00e9s de completar el registro de datos.<\/li>\n<li>Bater\u00eda de larga duraci\u00f3n (aprox. 1 a\u00f1o).<\/li>\n<li>Completo con 10 unidades de registro de datos (cada una con una pila de bot\u00f3n CR2032 y una bolsa de pl\u00e1stico).<\/li>\n<\/ul>\n<div class=\"row-fluid\">\n<div class=\"span12 mobile-pricing-box-padding\">\n<form id=\"177958\" accept-charset=\"utf-8\" action=\"https:\/\/www.globaltestsupply.com\/shop\/add\" method=\"post\" name=\"addTocartFunction\">\n<div><\/div>\n<\/form>\n<\/div>\n<\/div>\n","protected":false},"featured_media":9814,"comment_status":"open","ping_status":"closed","template":"","meta":{"_joinchat":[]},"product_brand":[],"product_cat":[15],"product_tag":[],"class_list":{"0":"post-7392","1":"product","2":"type-product","3":"status-publish","4":"has-post-thumbnail","6":"product_cat-sin-categorizar","8":"first","9":"instock","10":"shipping-taxable","11":"product-type-simple"},"yoast_head":"<!-- This site is optimized with the Yoast SEO plugin v26.4 - https:\/\/yoast.com\/wordpress\/plugins\/seo\/ -->\n<title>Thd5-registrador (datalogger) de temperaturausb (paq. de 10 pzas) - Abaa tienda online<\/title>\n<meta name=\"robots\" content=\"index, follow, max-snippet:-1, max-image-preview:large, max-video-preview:-1\" \/>\n<link rel=\"canonical\" href=\"https:\/\/abaa.mx\/tienda\/thd5-registrador-datalogger-de-temperaturausb-paq-de-10-pzas\/\" \/>\n<meta property=\"og:locale\" content=\"es_MX\" \/>\n<meta property=\"og:type\" content=\"article\" \/>\n<meta property=\"og:title\" content=\"Thd5-registrador (datalogger) de temperaturausb (paq. de 10 pzas) - Abaa tienda online\" \/>\n<meta property=\"og:description\" content=\"&nbsp;  Caracter\u00edsticas:   Conveniente carcasa del tama\u00f1o de una tarjeta de cr\u00e9dito con conector USB 2.0 y termistor NTC para un uso \u00fanico en el registro de datos de mediciones de temperatura precisas.  Configuraciones programables por el usuario: idioma, frecuencia de muestreo, tiempo de retardo de inicio, tiempo de retardo de alarma, rango de alarma alto\/bajo y funci\u00f3n de seguridad.  Indicaci\u00f3n de estado a trav\u00e9s de LED rojos y verdes.  El bot\u00f3n de inicio inicia el registro continuo de datos, que contin\u00faa hasta que la memoria est\u00e1 llena en 8192 lecturas, o cuando se presiona el bot\u00f3n de parada.  Marque 8 ubicaciones en un registro de grabaci\u00f3n de datos con solo presionar el bot\u00f3n Marcar.  Genera autom\u00e1ticamente un informe en PDF con datos y gr\u00e1ficos de tendencias cuando se conecta a una PC despu\u00e9s de completar el registro de datos.  Bater\u00eda de larga duraci\u00f3n (aprox. 1 a\u00f1o).  Completo con 10 unidades de registro de datos (cada una con una pila de bot\u00f3n CR2032 y una bolsa de pl\u00e1stico).\" \/>\n<meta property=\"og:url\" content=\"https:\/\/abaa.mx\/tienda\/thd5-registrador-datalogger-de-temperaturausb-paq-de-10-pzas\/\" \/>\n<meta property=\"og:site_name\" content=\"Abaa tienda online\" \/>\n<meta property=\"article:modified_time\" content=\"2023-12-13T19:30:50+00:00\" \/>\n<meta property=\"og:image\" content=\"https:\/\/abaa.mx\/tienda\/wp-content\/uploads\/2023\/10\/Datalogger-THD5.jpg\" \/>\n\t<meta property=\"og:image:width\" content=\"1024\" \/>\n\t<meta property=\"og:image:height\" content=\"1024\" \/>\n\t<meta property=\"og:image:type\" content=\"image\/jpeg\" \/>\n<meta name=\"twitter:card\" content=\"summary_large_image\" \/>\n<meta name=\"twitter:label1\" content=\"Tiempo de lectura\" \/>\n\t<meta name=\"twitter:data1\" content=\"1 minuto\" \/>\n<script type=\"application\/ld+json\" class=\"yoast-schema-graph\">{\"@context\":\"https:\/\/schema.org\",\"@graph\":[{\"@type\":\"WebPage\",\"@id\":\"https:\/\/abaa.mx\/tienda\/thd5-registrador-datalogger-de-temperaturausb-paq-de-10-pzas\/\",\"url\":\"https:\/\/abaa.mx\/tienda\/thd5-registrador-datalogger-de-temperaturausb-paq-de-10-pzas\/\",\"name\":\"Thd5-registrador (datalogger) de temperaturausb (paq. de 10 pzas) - Abaa tienda online\",\"isPartOf\":{\"@id\":\"https:\/\/abaa.mx\/tienda\/#website\"},\"primaryImageOfPage\":{\"@id\":\"https:\/\/abaa.mx\/tienda\/thd5-registrador-datalogger-de-temperaturausb-paq-de-10-pzas\/#primaryimage\"},\"image\":{\"@id\":\"https:\/\/abaa.mx\/tienda\/thd5-registrador-datalogger-de-temperaturausb-paq-de-10-pzas\/#primaryimage\"},\"thumbnailUrl\":\"https:\/\/abaa.mx\/tienda\/wp-content\/uploads\/2023\/10\/Datalogger-THD5.jpg\",\"datePublished\":\"2023-10-23T16:54:55+00:00\",\"dateModified\":\"2023-12-13T19:30:50+00:00\",\"breadcrumb\":{\"@id\":\"https:\/\/abaa.mx\/tienda\/thd5-registrador-datalogger-de-temperaturausb-paq-de-10-pzas\/#breadcrumb\"},\"inLanguage\":\"es\",\"potentialAction\":[{\"@type\":\"ReadAction\",\"target\":[\"https:\/\/abaa.mx\/tienda\/thd5-registrador-datalogger-de-temperaturausb-paq-de-10-pzas\/\"]}]},{\"@type\":\"ImageObject\",\"inLanguage\":\"es\",\"@id\":\"https:\/\/abaa.mx\/tienda\/thd5-registrador-datalogger-de-temperaturausb-paq-de-10-pzas\/#primaryimage\",\"url\":\"https:\/\/abaa.mx\/tienda\/wp-content\/uploads\/2023\/10\/Datalogger-THD5.jpg\",\"contentUrl\":\"https:\/\/abaa.mx\/tienda\/wp-content\/uploads\/2023\/10\/Datalogger-THD5.jpg\",\"width\":1024,\"height\":1024,\"caption\":\"Datalogger THD5\"},{\"@type\":\"BreadcrumbList\",\"@id\":\"https:\/\/abaa.mx\/tienda\/thd5-registrador-datalogger-de-temperaturausb-paq-de-10-pzas\/#breadcrumb\",\"itemListElement\":[{\"@type\":\"ListItem\",\"position\":1,\"name\":\"Inicio\",\"item\":\"https:\/\/abaa.mx\/tienda\/\"},{\"@type\":\"ListItem\",\"position\":2,\"name\":\"Tienda\",\"item\":\"https:\/\/abaa.mx\/tienda\/\"},{\"@type\":\"ListItem\",\"position\":3,\"name\":\"Thd5-registrador (datalogger) de temperaturausb (paq. de 10 pzas)\"}]},{\"@type\":\"WebSite\",\"@id\":\"https:\/\/abaa.mx\/tienda\/#website\",\"url\":\"https:\/\/abaa.mx\/tienda\/\",\"name\":\"Abaa tienda online\",\"description\":\"Instrumentos de medici\u00f3n\",\"publisher\":{\"@id\":\"https:\/\/abaa.mx\/tienda\/#organization\"},\"potentialAction\":[{\"@type\":\"SearchAction\",\"target\":{\"@type\":\"EntryPoint\",\"urlTemplate\":\"https:\/\/abaa.mx\/tienda\/?s={search_term_string}\"},\"query-input\":{\"@type\":\"PropertyValueSpecification\",\"valueRequired\":true,\"valueName\":\"search_term_string\"}}],\"inLanguage\":\"es\"},{\"@type\":\"Organization\",\"@id\":\"https:\/\/abaa.mx\/tienda\/#organization\",\"name\":\"Abaa tienda online\",\"url\":\"https:\/\/abaa.mx\/tienda\/\",\"logo\":{\"@type\":\"ImageObject\",\"inLanguage\":\"es\",\"@id\":\"https:\/\/abaa.mx\/tienda\/#\/schema\/logo\/image\/\",\"url\":\"https:\/\/abaa.mx\/tienda\/wp-content\/uploads\/2024\/01\/abaa-metrologia-tienda.png\",\"contentUrl\":\"https:\/\/abaa.mx\/tienda\/wp-content\/uploads\/2024\/01\/abaa-metrologia-tienda.png\",\"width\":300,\"height\":141,\"caption\":\"Abaa tienda online\"},\"image\":{\"@id\":\"https:\/\/abaa.mx\/tienda\/#\/schema\/logo\/image\/\"}}]}<\/script>\n<!-- \/ Yoast SEO plugin. -->","yoast_head_json":{"title":"Thd5-registrador (datalogger) de temperaturausb (paq. de 10 pzas) - Abaa tienda online","robots":{"index":"index","follow":"follow","max-snippet":"max-snippet:-1","max-image-preview":"max-image-preview:large","max-video-preview":"max-video-preview:-1"},"canonical":"https:\/\/abaa.mx\/tienda\/thd5-registrador-datalogger-de-temperaturausb-paq-de-10-pzas\/","og_locale":"es_MX","og_type":"article","og_title":"Thd5-registrador (datalogger) de temperaturausb (paq. de 10 pzas) - Abaa tienda online","og_description":"&nbsp;  Caracter\u00edsticas:   Conveniente carcasa del tama\u00f1o de una tarjeta de cr\u00e9dito con conector USB 2.0 y termistor NTC para un uso \u00fanico en el registro de datos de mediciones de temperatura precisas.  Configuraciones programables por el usuario: idioma, frecuencia de muestreo, tiempo de retardo de inicio, tiempo de retardo de alarma, rango de alarma alto\/bajo y funci\u00f3n de seguridad.  Indicaci\u00f3n de estado a trav\u00e9s de LED rojos y verdes.  El bot\u00f3n de inicio inicia el registro continuo de datos, que contin\u00faa hasta que la memoria est\u00e1 llena en 8192 lecturas, o cuando se presiona el bot\u00f3n de parada.  Marque 8 ubicaciones en un registro de grabaci\u00f3n de datos con solo presionar el bot\u00f3n Marcar.  Genera autom\u00e1ticamente un informe en PDF con datos y gr\u00e1ficos de tendencias cuando se conecta a una PC despu\u00e9s de completar el registro de datos.  Bater\u00eda de larga duraci\u00f3n (aprox. 1 a\u00f1o).  Completo con 10 unidades de registro de datos (cada una con una pila de bot\u00f3n CR2032 y una bolsa de pl\u00e1stico).","og_url":"https:\/\/abaa.mx\/tienda\/thd5-registrador-datalogger-de-temperaturausb-paq-de-10-pzas\/","og_site_name":"Abaa tienda online","article_modified_time":"2023-12-13T19:30:50+00:00","og_image":[{"width":1024,"height":1024,"url":"https:\/\/abaa.mx\/tienda\/wp-content\/uploads\/2023\/10\/Datalogger-THD5.jpg","type":"image\/jpeg"}],"twitter_card":"summary_large_image","twitter_misc":{"Tiempo de lectura":"1 minuto"},"schema":{"@context":"https:\/\/schema.org","@graph":[{"@type":"WebPage","@id":"https:\/\/abaa.mx\/tienda\/thd5-registrador-datalogger-de-temperaturausb-paq-de-10-pzas\/","url":"https:\/\/abaa.mx\/tienda\/thd5-registrador-datalogger-de-temperaturausb-paq-de-10-pzas\/","name":"Thd5-registrador (datalogger) de temperaturausb (paq. de 10 pzas) - Abaa tienda online","isPartOf":{"@id":"https:\/\/abaa.mx\/tienda\/#website"},"primaryImageOfPage":{"@id":"https:\/\/abaa.mx\/tienda\/thd5-registrador-datalogger-de-temperaturausb-paq-de-10-pzas\/#primaryimage"},"image":{"@id":"https:\/\/abaa.mx\/tienda\/thd5-registrador-datalogger-de-temperaturausb-paq-de-10-pzas\/#primaryimage"},"thumbnailUrl":"https:\/\/abaa.mx\/tienda\/wp-content\/uploads\/2023\/10\/Datalogger-THD5.jpg","datePublished":"2023-10-23T16:54:55+00:00","dateModified":"2023-12-13T19:30:50+00:00","breadcrumb":{"@id":"https:\/\/abaa.mx\/tienda\/thd5-registrador-datalogger-de-temperaturausb-paq-de-10-pzas\/#breadcrumb"},"inLanguage":"es","potentialAction":[{"@type":"ReadAction","target":["https:\/\/abaa.mx\/tienda\/thd5-registrador-datalogger-de-temperaturausb-paq-de-10-pzas\/"]}]},{"@type":"ImageObject","inLanguage":"es","@id":"https:\/\/abaa.mx\/tienda\/thd5-registrador-datalogger-de-temperaturausb-paq-de-10-pzas\/#primaryimage","url":"https:\/\/abaa.mx\/tienda\/wp-content\/uploads\/2023\/10\/Datalogger-THD5.jpg","contentUrl":"https:\/\/abaa.mx\/tienda\/wp-content\/uploads\/2023\/10\/Datalogger-THD5.jpg","width":1024,"height":1024,"caption":"Datalogger THD5"},{"@type":"BreadcrumbList","@id":"https:\/\/abaa.mx\/tienda\/thd5-registrador-datalogger-de-temperaturausb-paq-de-10-pzas\/#breadcrumb","itemListElement":[{"@type":"ListItem","position":1,"name":"Inicio","item":"https:\/\/abaa.mx\/tienda\/"},{"@type":"ListItem","position":2,"name":"Tienda","item":"https:\/\/abaa.mx\/tienda\/"},{"@type":"ListItem","position":3,"name":"Thd5-registrador (datalogger) de temperaturausb (paq. de 10 pzas)"}]},{"@type":"WebSite","@id":"https:\/\/abaa.mx\/tienda\/#website","url":"https:\/\/abaa.mx\/tienda\/","name":"Abaa tienda online","description":"Instrumentos de medici\u00f3n","publisher":{"@id":"https:\/\/abaa.mx\/tienda\/#organization"},"potentialAction":[{"@type":"SearchAction","target":{"@type":"EntryPoint","urlTemplate":"https:\/\/abaa.mx\/tienda\/?s={search_term_string}"},"query-input":{"@type":"PropertyValueSpecification","valueRequired":true,"valueName":"search_term_string"}}],"inLanguage":"es"},{"@type":"Organization","@id":"https:\/\/abaa.mx\/tienda\/#organization","name":"Abaa tienda online","url":"https:\/\/abaa.mx\/tienda\/","logo":{"@type":"ImageObject","inLanguage":"es","@id":"https:\/\/abaa.mx\/tienda\/#\/schema\/logo\/image\/","url":"https:\/\/abaa.mx\/tienda\/wp-content\/uploads\/2024\/01\/abaa-metrologia-tienda.png","contentUrl":"https:\/\/abaa.mx\/tienda\/wp-content\/uploads\/2024\/01\/abaa-metrologia-tienda.png","width":300,"height":141,"caption":"Abaa tienda online"},"image":{"@id":"https:\/\/abaa.mx\/tienda\/#\/schema\/logo\/image\/"}}]}},"_links":{"self":[{"href":"https:\/\/abaa.mx\/tienda\/wp-json\/wp\/v2\/product\/7392","targetHints":{"allow":["GET"]}}],"collection":[{"href":"https:\/\/abaa.mx\/tienda\/wp-json\/wp\/v2\/product"}],"about":[{"href":"https:\/\/abaa.mx\/tienda\/wp-json\/wp\/v2\/types\/product"}],"replies":[{"embeddable":true,"href":"https:\/\/abaa.mx\/tienda\/wp-json\/wp\/v2\/comments?post=7392"}],"wp:featuredmedia":[{"embeddable":true,"href":"https:\/\/abaa.mx\/tienda\/wp-json\/wp\/v2\/media\/9814"}],"wp:attachment":[{"href":"https:\/\/abaa.mx\/tienda\/wp-json\/wp\/v2\/media?parent=7392"}],"wp:term":[{"taxonomy":"product_brand","embeddable":true,"href":"https:\/\/abaa.mx\/tienda\/wp-json\/wp\/v2\/product_brand?post=7392"},{"taxonomy":"product_cat","embeddable":true,"href":"https:\/\/abaa.mx\/tienda\/wp-json\/wp\/v2\/product_cat?post=7392"},{"taxonomy":"product_tag","embeddable":true,"href":"https:\/\/abaa.mx\/tienda\/wp-json\/wp\/v2\/product_tag?post=7392"}],"curies":[{"name":"wp","href":"https:\/\/api.w.org\/{rel}","templated":true}]}}