{"id":7386,"date":"2023-10-23T16:51:58","date_gmt":"2023-10-23T16:51:58","guid":{"rendered":"https:\/\/abaa.mx\/tienda\/?post_type=product&#038;p=7386"},"modified":"2023-12-13T17:20:56","modified_gmt":"2023-12-13T17:20:56","slug":"ametek-crystal-xp2i-psia-manometro-digital-absoluto-de-0-a-2000-psi-3","status":"publish","type":"product","link":"https:\/\/abaa.mx\/tienda\/ametek-crystal-xp2i-psia-manometro-digital-absoluto-de-0-a-2000-psi-3\/","title":{"rendered":"Ex540 \u2014 multimetro uso industrial 12 funcionestrue rms con interface inalambrica a pc"},"content":{"rendered":"<p>Ex540 \u2014 multimetro uso industrial 12 funcionestrue rms con interface inalambrica a pc.<\/p>\n","protected":false},"excerpt":{"rendered":"<h3>CARACTER\u00cdSTICAS:<\/h3>\n<ul>\n<li>Mediciones de RMS (media cuadr\u00e1tica) verdadera para mediciones precisas de voltaje y corriente de CA.<\/li>\n<li>Voltaje y corriente de CA\/CC, resistencia, capacitancia, frecuencia (el\u00e9ctrica\/electr\u00f3nica), temperatura, ciclo de trabajo, diodo\/continuidad.<\/li>\n<li>Molde dual para resistencia al agua (IP67), clasificaci\u00f3n de seguridad CAT IV de 600 V para aplicaciones industriales.<\/li>\n<li>Modo de adquisici\u00f3n de datos para transmisi\u00f3n de datos en tiempo real directamente a su PC.<\/li>\n<li>Protecci\u00f3n de entrada de 1000 V en todas las funciones.<\/li>\n<li>Funciones de frecuencia dual de sensibilidad.<\/li>\n<li>Pantalla LCD triple grande.<\/li>\n<li>Completo con conductores de prueba de doble molde, correa magn\u00e9tica colgante, sonda tipo K, receptor remoto con cable USB, software de PC, estuche port\u00e1til y bater\u00eda de 9 V.<\/li>\n<li>La frecuencia inal\u00e1mbrica (915\u00a0MHz) del modelo EX540 es adecuada para el uso en Estados Unidos, Canad\u00e1, M\u00e9xico y otros pa\u00edses seleccionados. Consulte EX542 (433MHz) para conocer la mayor\u00eda de las otras regiones.<\/li>\n<\/ul>\n","protected":false},"featured_media":9801,"comment_status":"open","ping_status":"closed","template":"","meta":{"_joinchat":[]},"product_brand":[],"product_cat":[15],"product_tag":[],"class_list":{"0":"post-7386","1":"product","2":"type-product","3":"status-publish","4":"has-post-thumbnail","6":"product_cat-sin-categorizar","8":"first","9":"instock","10":"shipping-taxable","11":"product-type-simple"},"yoast_head":"<!-- This site is optimized with the Yoast SEO plugin v26.4 - https:\/\/yoast.com\/wordpress\/plugins\/seo\/ -->\n<title>Ex540 \u2014 multimetro uso industrial 12 funcionestrue rms con interface inalambrica a pc - Abaa tienda online<\/title>\n<meta name=\"robots\" content=\"index, follow, max-snippet:-1, max-image-preview:large, max-video-preview:-1\" \/>\n<link rel=\"canonical\" href=\"https:\/\/abaa.mx\/tienda\/ametek-crystal-xp2i-psia-manometro-digital-absoluto-de-0-a-2000-psi-3\/\" \/>\n<meta property=\"og:locale\" content=\"es_MX\" \/>\n<meta property=\"og:type\" content=\"article\" \/>\n<meta property=\"og:title\" content=\"Ex540 \u2014 multimetro uso industrial 12 funcionestrue rms con interface inalambrica a pc - Abaa tienda online\" \/>\n<meta property=\"og:description\" content=\"CARACTER\u00cdSTICAS:   Mediciones de RMS (media cuadr\u00e1tica) verdadera para mediciones precisas de voltaje y corriente de CA.  Voltaje y corriente de CA\/CC, resistencia, capacitancia, frecuencia (el\u00e9ctrica\/electr\u00f3nica), temperatura, ciclo de trabajo, diodo\/continuidad.  Molde dual para resistencia al agua (IP67), clasificaci\u00f3n de seguridad CAT IV de 600 V para aplicaciones industriales.  Modo de adquisici\u00f3n de datos para transmisi\u00f3n de datos en tiempo real directamente a su PC.  Protecci\u00f3n de entrada de 1000 V en todas las funciones.  Funciones de frecuencia dual de sensibilidad.  Pantalla LCD triple grande.  Completo con conductores de prueba de doble molde, correa magn\u00e9tica colgante, sonda tipo K, receptor remoto con cable USB, software de PC, estuche port\u00e1til y bater\u00eda de 9 V.  La frecuencia inal\u00e1mbrica (915\u00a0MHz) del modelo EX540 es adecuada para el uso en Estados Unidos, Canad\u00e1, M\u00e9xico y otros pa\u00edses seleccionados. Consulte EX542 (433MHz) para conocer la mayor\u00eda de las otras regiones.\" \/>\n<meta property=\"og:url\" content=\"https:\/\/abaa.mx\/tienda\/ametek-crystal-xp2i-psia-manometro-digital-absoluto-de-0-a-2000-psi-3\/\" \/>\n<meta property=\"og:site_name\" content=\"Abaa tienda online\" \/>\n<meta property=\"article:modified_time\" content=\"2023-12-13T17:20:56+00:00\" \/>\n<meta property=\"og:image\" content=\"https:\/\/abaa.mx\/tienda\/wp-content\/uploads\/2023\/10\/EXTECH-EX540.jpg\" \/>\n\t<meta property=\"og:image:width\" content=\"259\" \/>\n\t<meta property=\"og:image:height\" content=\"460\" \/>\n\t<meta property=\"og:image:type\" content=\"image\/jpeg\" \/>\n<meta name=\"twitter:card\" content=\"summary_large_image\" \/>\n<meta name=\"twitter:label1\" content=\"Tiempo de lectura\" \/>\n\t<meta name=\"twitter:data1\" content=\"1 minuto\" \/>\n<script type=\"application\/ld+json\" class=\"yoast-schema-graph\">{\"@context\":\"https:\/\/schema.org\",\"@graph\":[{\"@type\":\"WebPage\",\"@id\":\"https:\/\/abaa.mx\/tienda\/ametek-crystal-xp2i-psia-manometro-digital-absoluto-de-0-a-2000-psi-3\/\",\"url\":\"https:\/\/abaa.mx\/tienda\/ametek-crystal-xp2i-psia-manometro-digital-absoluto-de-0-a-2000-psi-3\/\",\"name\":\"Ex540 \u2014 multimetro uso industrial 12 funcionestrue rms con interface inalambrica a pc - Abaa tienda online\",\"isPartOf\":{\"@id\":\"https:\/\/abaa.mx\/tienda\/#website\"},\"primaryImageOfPage\":{\"@id\":\"https:\/\/abaa.mx\/tienda\/ametek-crystal-xp2i-psia-manometro-digital-absoluto-de-0-a-2000-psi-3\/#primaryimage\"},\"image\":{\"@id\":\"https:\/\/abaa.mx\/tienda\/ametek-crystal-xp2i-psia-manometro-digital-absoluto-de-0-a-2000-psi-3\/#primaryimage\"},\"thumbnailUrl\":\"https:\/\/abaa.mx\/tienda\/wp-content\/uploads\/2023\/10\/EXTECH-EX540.jpg\",\"datePublished\":\"2023-10-23T16:51:58+00:00\",\"dateModified\":\"2023-12-13T17:20:56+00:00\",\"breadcrumb\":{\"@id\":\"https:\/\/abaa.mx\/tienda\/ametek-crystal-xp2i-psia-manometro-digital-absoluto-de-0-a-2000-psi-3\/#breadcrumb\"},\"inLanguage\":\"es\",\"potentialAction\":[{\"@type\":\"ReadAction\",\"target\":[\"https:\/\/abaa.mx\/tienda\/ametek-crystal-xp2i-psia-manometro-digital-absoluto-de-0-a-2000-psi-3\/\"]}]},{\"@type\":\"ImageObject\",\"inLanguage\":\"es\",\"@id\":\"https:\/\/abaa.mx\/tienda\/ametek-crystal-xp2i-psia-manometro-digital-absoluto-de-0-a-2000-psi-3\/#primaryimage\",\"url\":\"https:\/\/abaa.mx\/tienda\/wp-content\/uploads\/2023\/10\/EXTECH-EX540.jpg\",\"contentUrl\":\"https:\/\/abaa.mx\/tienda\/wp-content\/uploads\/2023\/10\/EXTECH-EX540.jpg\",\"width\":259,\"height\":460,\"caption\":\"EXTECH-EX540\"},{\"@type\":\"BreadcrumbList\",\"@id\":\"https:\/\/abaa.mx\/tienda\/ametek-crystal-xp2i-psia-manometro-digital-absoluto-de-0-a-2000-psi-3\/#breadcrumb\",\"itemListElement\":[{\"@type\":\"ListItem\",\"position\":1,\"name\":\"Inicio\",\"item\":\"https:\/\/abaa.mx\/tienda\/\"},{\"@type\":\"ListItem\",\"position\":2,\"name\":\"Tienda\",\"item\":\"https:\/\/abaa.mx\/tienda\/\"},{\"@type\":\"ListItem\",\"position\":3,\"name\":\"Ex540 \u2014 multimetro uso industrial 12 funcionestrue rms con interface inalambrica a pc\"}]},{\"@type\":\"WebSite\",\"@id\":\"https:\/\/abaa.mx\/tienda\/#website\",\"url\":\"https:\/\/abaa.mx\/tienda\/\",\"name\":\"Abaa tienda online\",\"description\":\"Instrumentos de medici\u00f3n\",\"publisher\":{\"@id\":\"https:\/\/abaa.mx\/tienda\/#organization\"},\"potentialAction\":[{\"@type\":\"SearchAction\",\"target\":{\"@type\":\"EntryPoint\",\"urlTemplate\":\"https:\/\/abaa.mx\/tienda\/?s={search_term_string}\"},\"query-input\":{\"@type\":\"PropertyValueSpecification\",\"valueRequired\":true,\"valueName\":\"search_term_string\"}}],\"inLanguage\":\"es\"},{\"@type\":\"Organization\",\"@id\":\"https:\/\/abaa.mx\/tienda\/#organization\",\"name\":\"Abaa tienda online\",\"url\":\"https:\/\/abaa.mx\/tienda\/\",\"logo\":{\"@type\":\"ImageObject\",\"inLanguage\":\"es\",\"@id\":\"https:\/\/abaa.mx\/tienda\/#\/schema\/logo\/image\/\",\"url\":\"https:\/\/abaa.mx\/tienda\/wp-content\/uploads\/2024\/01\/abaa-metrologia-tienda.png\",\"contentUrl\":\"https:\/\/abaa.mx\/tienda\/wp-content\/uploads\/2024\/01\/abaa-metrologia-tienda.png\",\"width\":300,\"height\":141,\"caption\":\"Abaa tienda online\"},\"image\":{\"@id\":\"https:\/\/abaa.mx\/tienda\/#\/schema\/logo\/image\/\"}}]}<\/script>\n<!-- \/ Yoast SEO plugin. -->","yoast_head_json":{"title":"Ex540 \u2014 multimetro uso industrial 12 funcionestrue rms con interface inalambrica a pc - Abaa tienda online","robots":{"index":"index","follow":"follow","max-snippet":"max-snippet:-1","max-image-preview":"max-image-preview:large","max-video-preview":"max-video-preview:-1"},"canonical":"https:\/\/abaa.mx\/tienda\/ametek-crystal-xp2i-psia-manometro-digital-absoluto-de-0-a-2000-psi-3\/","og_locale":"es_MX","og_type":"article","og_title":"Ex540 \u2014 multimetro uso industrial 12 funcionestrue rms con interface inalambrica a pc - Abaa tienda online","og_description":"CARACTER\u00cdSTICAS:   Mediciones de RMS (media cuadr\u00e1tica) verdadera para mediciones precisas de voltaje y corriente de CA.  Voltaje y corriente de CA\/CC, resistencia, capacitancia, frecuencia (el\u00e9ctrica\/electr\u00f3nica), temperatura, ciclo de trabajo, diodo\/continuidad.  Molde dual para resistencia al agua (IP67), clasificaci\u00f3n de seguridad CAT IV de 600 V para aplicaciones industriales.  Modo de adquisici\u00f3n de datos para transmisi\u00f3n de datos en tiempo real directamente a su PC.  Protecci\u00f3n de entrada de 1000 V en todas las funciones.  Funciones de frecuencia dual de sensibilidad.  Pantalla LCD triple grande.  Completo con conductores de prueba de doble molde, correa magn\u00e9tica colgante, sonda tipo K, receptor remoto con cable USB, software de PC, estuche port\u00e1til y bater\u00eda de 9 V.  La frecuencia inal\u00e1mbrica (915\u00a0MHz) del modelo EX540 es adecuada para el uso en Estados Unidos, Canad\u00e1, M\u00e9xico y otros pa\u00edses seleccionados. Consulte EX542 (433MHz) para conocer la mayor\u00eda de las otras regiones.","og_url":"https:\/\/abaa.mx\/tienda\/ametek-crystal-xp2i-psia-manometro-digital-absoluto-de-0-a-2000-psi-3\/","og_site_name":"Abaa tienda online","article_modified_time":"2023-12-13T17:20:56+00:00","og_image":[{"width":259,"height":460,"url":"https:\/\/abaa.mx\/tienda\/wp-content\/uploads\/2023\/10\/EXTECH-EX540.jpg","type":"image\/jpeg"}],"twitter_card":"summary_large_image","twitter_misc":{"Tiempo de lectura":"1 minuto"},"schema":{"@context":"https:\/\/schema.org","@graph":[{"@type":"WebPage","@id":"https:\/\/abaa.mx\/tienda\/ametek-crystal-xp2i-psia-manometro-digital-absoluto-de-0-a-2000-psi-3\/","url":"https:\/\/abaa.mx\/tienda\/ametek-crystal-xp2i-psia-manometro-digital-absoluto-de-0-a-2000-psi-3\/","name":"Ex540 \u2014 multimetro uso industrial 12 funcionestrue rms con interface inalambrica a pc - Abaa tienda online","isPartOf":{"@id":"https:\/\/abaa.mx\/tienda\/#website"},"primaryImageOfPage":{"@id":"https:\/\/abaa.mx\/tienda\/ametek-crystal-xp2i-psia-manometro-digital-absoluto-de-0-a-2000-psi-3\/#primaryimage"},"image":{"@id":"https:\/\/abaa.mx\/tienda\/ametek-crystal-xp2i-psia-manometro-digital-absoluto-de-0-a-2000-psi-3\/#primaryimage"},"thumbnailUrl":"https:\/\/abaa.mx\/tienda\/wp-content\/uploads\/2023\/10\/EXTECH-EX540.jpg","datePublished":"2023-10-23T16:51:58+00:00","dateModified":"2023-12-13T17:20:56+00:00","breadcrumb":{"@id":"https:\/\/abaa.mx\/tienda\/ametek-crystal-xp2i-psia-manometro-digital-absoluto-de-0-a-2000-psi-3\/#breadcrumb"},"inLanguage":"es","potentialAction":[{"@type":"ReadAction","target":["https:\/\/abaa.mx\/tienda\/ametek-crystal-xp2i-psia-manometro-digital-absoluto-de-0-a-2000-psi-3\/"]}]},{"@type":"ImageObject","inLanguage":"es","@id":"https:\/\/abaa.mx\/tienda\/ametek-crystal-xp2i-psia-manometro-digital-absoluto-de-0-a-2000-psi-3\/#primaryimage","url":"https:\/\/abaa.mx\/tienda\/wp-content\/uploads\/2023\/10\/EXTECH-EX540.jpg","contentUrl":"https:\/\/abaa.mx\/tienda\/wp-content\/uploads\/2023\/10\/EXTECH-EX540.jpg","width":259,"height":460,"caption":"EXTECH-EX540"},{"@type":"BreadcrumbList","@id":"https:\/\/abaa.mx\/tienda\/ametek-crystal-xp2i-psia-manometro-digital-absoluto-de-0-a-2000-psi-3\/#breadcrumb","itemListElement":[{"@type":"ListItem","position":1,"name":"Inicio","item":"https:\/\/abaa.mx\/tienda\/"},{"@type":"ListItem","position":2,"name":"Tienda","item":"https:\/\/abaa.mx\/tienda\/"},{"@type":"ListItem","position":3,"name":"Ex540 \u2014 multimetro uso industrial 12 funcionestrue rms con interface inalambrica a pc"}]},{"@type":"WebSite","@id":"https:\/\/abaa.mx\/tienda\/#website","url":"https:\/\/abaa.mx\/tienda\/","name":"Abaa tienda online","description":"Instrumentos de medici\u00f3n","publisher":{"@id":"https:\/\/abaa.mx\/tienda\/#organization"},"potentialAction":[{"@type":"SearchAction","target":{"@type":"EntryPoint","urlTemplate":"https:\/\/abaa.mx\/tienda\/?s={search_term_string}"},"query-input":{"@type":"PropertyValueSpecification","valueRequired":true,"valueName":"search_term_string"}}],"inLanguage":"es"},{"@type":"Organization","@id":"https:\/\/abaa.mx\/tienda\/#organization","name":"Abaa tienda online","url":"https:\/\/abaa.mx\/tienda\/","logo":{"@type":"ImageObject","inLanguage":"es","@id":"https:\/\/abaa.mx\/tienda\/#\/schema\/logo\/image\/","url":"https:\/\/abaa.mx\/tienda\/wp-content\/uploads\/2024\/01\/abaa-metrologia-tienda.png","contentUrl":"https:\/\/abaa.mx\/tienda\/wp-content\/uploads\/2024\/01\/abaa-metrologia-tienda.png","width":300,"height":141,"caption":"Abaa tienda online"},"image":{"@id":"https:\/\/abaa.mx\/tienda\/#\/schema\/logo\/image\/"}}]}},"_links":{"self":[{"href":"https:\/\/abaa.mx\/tienda\/wp-json\/wp\/v2\/product\/7386","targetHints":{"allow":["GET"]}}],"collection":[{"href":"https:\/\/abaa.mx\/tienda\/wp-json\/wp\/v2\/product"}],"about":[{"href":"https:\/\/abaa.mx\/tienda\/wp-json\/wp\/v2\/types\/product"}],"replies":[{"embeddable":true,"href":"https:\/\/abaa.mx\/tienda\/wp-json\/wp\/v2\/comments?post=7386"}],"wp:featuredmedia":[{"embeddable":true,"href":"https:\/\/abaa.mx\/tienda\/wp-json\/wp\/v2\/media\/9801"}],"wp:attachment":[{"href":"https:\/\/abaa.mx\/tienda\/wp-json\/wp\/v2\/media?parent=7386"}],"wp:term":[{"taxonomy":"product_brand","embeddable":true,"href":"https:\/\/abaa.mx\/tienda\/wp-json\/wp\/v2\/product_brand?post=7386"},{"taxonomy":"product_cat","embeddable":true,"href":"https:\/\/abaa.mx\/tienda\/wp-json\/wp\/v2\/product_cat?post=7386"},{"taxonomy":"product_tag","embeddable":true,"href":"https:\/\/abaa.mx\/tienda\/wp-json\/wp\/v2\/product_tag?post=7386"}],"curies":[{"name":"wp","href":"https:\/\/api.w.org\/{rel}","templated":true}]}}