{"id":7288,"date":"2023-10-23T15:30:26","date_gmt":"2023-10-23T15:30:26","guid":{"rendered":"https:\/\/abaa.mx\/tienda\/?post_type=product&#038;p=7288"},"modified":"2023-10-23T15:30:27","modified_gmt":"2023-10-23T15:30:27","slug":"medidor-de-estres-termico-de-registro-de-datos-reed-r6250sd","status":"publish","type":"product","link":"https:\/\/abaa.mx\/tienda\/medidor-de-estres-termico-de-registro-de-datos-reed-r6250sd\/","title":{"rendered":"Medidor de estr\u00e9s t\u00e9rmico de registro de datos reed r6250sd"},"content":{"rendered":"<p>El R6250SD mide la temperatura, la humedad y la luz solar directa o radiante con la temperatura del globo de bulbo h\u00famedo (WBGT). Con esta informaci\u00f3n determina la temperatura &#8220;Lo que se siente&#8221;. El R6250SD est\u00e1 recomendado por OSHA con una alarma audible WBGT ajustable por el usuario y la capacidad de ajustar la configuraci\u00f3n para la medici\u00f3n de la temperatura interior. Con retenci\u00f3n de datos, funciones Max\/Min y una pantalla LCD retroiluminada de f\u00e1cil lectura. Con una tarjeta SD (m\u00e1x. 16 GB), un usuario puede registrar manualmente hasta 99 lecturas o autom\u00e1ticamente seleccionando una frecuencia de muestreo deseada de 1 a 3600 segundos. Genere r\u00e1pidamente un archivo de Excel con datos sin procesar, todo sin el uso de software. Los accesorios opcionales incluyen un tr\u00edpode y un adaptador de CA para una monitorizaci\u00f3n continua a largo plazo.<\/p>\n<h5><strong>Funciones<\/strong><\/h5>\n<ul>\n<li>Mide la temperatura, la humedad, el punto de roc\u00edo, el bulbo h\u00famedo, el globo negro, el WBGT interior\/exterior<\/li>\n<li>La temperatura del globo de bulbo h\u00famedo (WBGT) considera los efectos de la temperatura, la humedad y la luz solar directa o radiante<\/li>\n<li>La funci\u00f3n In\/Out muestra el valor WBGT con o sin exposici\u00f3n directa al sol<\/li>\n<li>Black Globe Temperature (TG) monitorea los efectos de la radiaci\u00f3n solar directa sobre una superficie expuesta<\/li>\n<li>Alarma sonora ajustable<\/li>\n<li>Unidad de medida seleccionable por el usuario (\u00b0F o \u00b0C)<\/li>\n<li>Retenci\u00f3n de datos y funciones Max\/Min<\/li>\n<li>Registrador de datos en tiempo real con tarjeta de memoria SD integrada<\/li>\n<li>Frecuencia de muestreo seleccionable por el usuario de 1 a 3600 segundos<\/li>\n<li>Pantalla LCD retroiluminada de f\u00e1cil lectura<\/li>\n<li>Montaje en tr\u00edpode para monitorizaci\u00f3n a largo plazo<\/li>\n<li>Indicador de bater\u00eda baja y apagado autom\u00e1tico<\/li>\n<\/ul>\n<h4>Especificaciones de REED R6250SD<\/h4>\n<table class=\"table table-striped\">\n<tbody>\n<tr>\n<td colspan=\"2\"><strong>Temperatura<\/strong><\/td>\n<\/tr>\n<tr>\n<td>Rangos de medici\u00f3n<\/td>\n<td>Aire: 32 a 122.0 \u00b0F (0 a 50.0 \u00b0C) Punto de roc\u00edo: -13.5 a 120.1 \u00b0F (-25.3 a 48.9 \u00b0C) Bulbo h\u00famedo: -6.9 a 122.0 \u00b0F (-21.6 a 50 \u00b0C) Globo Negro: 32 a 176 \u00b0F (0 a 80 \u00b0C) WBGT en interiores: 32 a 138 \u00b0F (0 a 59 \u00b0C) WBGT al aire libre: 32 a 132 \u00b0F (0 a 56 \u00b0C)<\/td>\n<\/tr>\n<tr>\n<td>Exactitud<\/td>\n<td>Aire: \u00b11,5 \u00b0F (\u00b10,8 \u00b0C) Globo Negro: \u00b11,1 \u00b0F (\u00b10,6 \u00b0C) WBGT en interiores: \u00b12,7 \u00b0F (\u00b11,5 \u00b0C) WBGT al aire libre: \u00b13,6 \u00b0F (\u00b12 \u00b0C)<\/td>\n<\/tr>\n<tr>\n<td>Resoluci\u00f3n<\/td>\n<td>0.1\u00b0F\/\u00b0C<\/td>\n<\/tr>\n<tr>\n<td colspan=\"2\"><strong>Humedad<\/strong><\/td>\n<\/tr>\n<tr>\n<td>Rangos de medici\u00f3n<\/td>\n<td>Del 5 al 95 % de humedad relativa<\/td>\n<\/tr>\n<tr>\n<td>Exactitud<\/td>\n<td>&gt;70% HR: \u00b1(3% rdg + 1% HR)<br \/>\n&lt;70% HR: \u00b13% HR<\/td>\n<\/tr>\n<tr>\n<td>Resoluci\u00f3n<\/td>\n<td>0.1% HR<\/td>\n<\/tr>\n<tr>\n<td colspan=\"2\"><strong>Especificaciones generales<\/strong><\/td>\n<\/tr>\n<tr>\n<td>F\u00f3rmula de interior<\/td>\n<td>0,7WB + 0,3TG<\/td>\n<\/tr>\n<tr>\n<td>Gama interior<\/td>\n<td>De 32 a 138 \u00b0C (de 0 a 59 \u00b0F)<\/td>\n<\/tr>\n<tr>\n<td>Precisi\u00f3n en interiores<\/td>\n<td>\u00b12.7 \u00b0F (\u00b11.5 \u00b0C)<\/td>\n<\/tr>\n<tr>\n<td>F\u00f3rmula para exteriores<\/td>\n<td>0,7WB + 0,2TG + 0,1TA<\/td>\n<\/tr>\n<tr>\n<td>Gama al aire libre<\/td>\n<td>De 32 a 132 \u00b0C (de 0 a 56 \u00b0F)<\/td>\n<\/tr>\n<tr>\n<td>Precisi\u00f3n al aire libre<\/td>\n<td>\u00b13.6 \u00b0F (\u00b12 \u00b0C)<\/td>\n<\/tr>\n<tr>\n<td>Tiempo de respuesta<\/td>\n<td>1 segundo<\/td>\n<\/tr>\n<tr>\n<td>Monitor<\/td>\n<td>Pantalla LCD dual de 4 d\u00edgitos<\/td>\n<\/tr>\n<tr>\n<td>Pantalla retroiluminada<\/td>\n<td>S\u00ed<\/td>\n<\/tr>\n<tr>\n<td>Retenci\u00f3n de datos<\/td>\n<td>S\u00ed<\/td>\n<\/tr>\n<tr>\n<td>Min<\/td>\n<td>S\u00ed<\/td>\n<\/tr>\n<tr>\n<td>M\u00e1ximo<\/td>\n<td>S\u00ed<\/td>\n<\/tr>\n<tr>\n<td>Capacidades de registro de datos<\/td>\n<td>S\u00ed<\/td>\n<\/tr>\n<tr>\n<td>Reloj en tiempo real y sello de fecha<\/td>\n<td>S\u00ed<\/td>\n<\/tr>\n<tr>\n<td>Frecuencia de muestreo seleccionable<\/td>\n<td>S\u00ed (1, 2, 5, 10, 30, 60, 120, 300, 600, 1800, 3600 segundos)<\/td>\n<\/tr>\n<tr>\n<td>Memoria externa<\/td>\n<td>S\u00ed, ampliable hasta 16 GB con tarjeta SD (opcional)<\/td>\n<\/tr>\n<tr>\n<td>Apagado autom\u00e1tico<\/td>\n<td>S\u00ed (despu\u00e9s de 10 minutos\/apagado)<\/td>\n<\/tr>\n<tr>\n<td>Pata de cabra<\/td>\n<td>S\u00ed<\/td>\n<\/tr>\n<tr>\n<td>Montaje en tr\u00edpode<\/td>\n<td>S\u00ed<\/td>\n<\/tr>\n<tr>\n<td>Indicador de bater\u00eda baja<\/td>\n<td>S\u00ed<\/td>\n<\/tr>\n<tr>\n<td>Fuente de alimentaci\u00f3n<\/td>\n<td>6 pilas AA o adaptador de CA (opcional)<\/td>\n<\/tr>\n<tr>\n<td>Salida de datos<\/td>\n<td>S\u00ed (RS-232)<\/td>\n<\/tr>\n<tr>\n<td>Certificaciones de productos<\/td>\n<td>Despu\u00e9s de Cristo<\/td>\n<\/tr>\n<tr>\n<td>Temperatura de funcionamiento<\/td>\n<td>De 32 a 122 \u00b0C (de 0 a 50 \u00b0F)<\/td>\n<\/tr>\n<tr>\n<td>Temperatura de almacenamiento<\/td>\n<td>De -14 a 140 \u00b0C (de 10 a 60 \u00b0F)<\/td>\n<\/tr>\n<tr>\n<td>Rango de humedad de funcionamiento<\/td>\n<td>Del 10 al 85%<\/td>\n<\/tr>\n<tr>\n<td>Dimensiones<\/td>\n<td>Instrumento: 7,0 x 2,7 x 1,8&#8243; (177 x 68 x 45 mm) Di\u00e1metro de la bola de lat\u00f3n negro: 2,9&#8243; (75 mm)<\/td>\n<\/tr>\n<tr>\n<td>Peso<\/td>\n<td>1 g (1,515 libras)<\/td>\n<\/tr>\n<\/tbody>\n<\/table>\n","protected":false},"excerpt":{"rendered":"<p class=\"short-description mhide ipad-view-setting\">El registrador de datos en tiempo real con tarjeta de memoria SD integrada mide\/registra la temperatura, la humedad y la luz solar directa o radiante con Wet Bulb Globe Temperature (WBGT).<\/p>\n<p class=\"comment-tag-product\">\n<div class=\"row-fluid\">\n<div class=\"span12 mobile-pricing-box-padding\">\n<form id=\"142499\" accept-charset=\"utf-8\" action=\"https:\/\/www.globaltestsupply.com\/shop\/add\" method=\"post\" name=\"addTocartFunction\">\n<div><\/div>\n<\/form>\n<\/div>\n<\/div>\n","protected":false},"featured_media":7308,"comment_status":"open","ping_status":"closed","template":"","meta":{"_joinchat":[]},"product_brand":[],"product_cat":[15],"product_tag":[],"class_list":{"0":"post-7288","1":"product","2":"type-product","3":"status-publish","4":"has-post-thumbnail","6":"product_cat-sin-categorizar","8":"first","9":"instock","10":"shipping-taxable","11":"product-type-simple"},"yoast_head":"<!-- This site is optimized with the Yoast SEO plugin v26.4 - https:\/\/yoast.com\/wordpress\/plugins\/seo\/ -->\n<title>Medidor de estr\u00e9s t\u00e9rmico de registro de datos reed r6250sd - Abaa tienda online<\/title>\n<meta name=\"robots\" content=\"index, follow, max-snippet:-1, max-image-preview:large, max-video-preview:-1\" \/>\n<link rel=\"canonical\" href=\"https:\/\/abaa.mx\/tienda\/medidor-de-estres-termico-de-registro-de-datos-reed-r6250sd\/\" \/>\n<meta property=\"og:locale\" content=\"es_MX\" \/>\n<meta property=\"og:type\" content=\"article\" \/>\n<meta property=\"og:title\" content=\"Medidor de estr\u00e9s t\u00e9rmico de registro de datos reed r6250sd - Abaa tienda online\" \/>\n<meta property=\"og:description\" content=\"El registrador de datos en tiempo real con tarjeta de memoria SD integrada mide\/registra la temperatura, la humedad y la luz solar directa o radiante con Wet Bulb Globe Temperature (WBGT).\" \/>\n<meta property=\"og:url\" content=\"https:\/\/abaa.mx\/tienda\/medidor-de-estres-termico-de-registro-de-datos-reed-r6250sd\/\" \/>\n<meta property=\"og:site_name\" content=\"Abaa tienda online\" \/>\n<meta property=\"article:modified_time\" content=\"2023-10-23T15:30:27+00:00\" \/>\n<meta property=\"og:image\" content=\"https:\/\/abaa.mx\/tienda\/wp-content\/uploads\/2023\/10\/R6250SD.jpg\" \/>\n\t<meta property=\"og:image:width\" content=\"500\" \/>\n\t<meta property=\"og:image:height\" content=\"500\" \/>\n\t<meta property=\"og:image:type\" content=\"image\/jpeg\" \/>\n<meta name=\"twitter:card\" content=\"summary_large_image\" \/>\n<meta name=\"twitter:label1\" content=\"Tiempo de lectura\" \/>\n\t<meta name=\"twitter:data1\" content=\"3 minutos\" \/>\n<script type=\"application\/ld+json\" class=\"yoast-schema-graph\">{\"@context\":\"https:\/\/schema.org\",\"@graph\":[{\"@type\":\"WebPage\",\"@id\":\"https:\/\/abaa.mx\/tienda\/medidor-de-estres-termico-de-registro-de-datos-reed-r6250sd\/\",\"url\":\"https:\/\/abaa.mx\/tienda\/medidor-de-estres-termico-de-registro-de-datos-reed-r6250sd\/\",\"name\":\"Medidor de estr\u00e9s t\u00e9rmico de registro de datos reed r6250sd - Abaa tienda online\",\"isPartOf\":{\"@id\":\"https:\/\/abaa.mx\/tienda\/#website\"},\"primaryImageOfPage\":{\"@id\":\"https:\/\/abaa.mx\/tienda\/medidor-de-estres-termico-de-registro-de-datos-reed-r6250sd\/#primaryimage\"},\"image\":{\"@id\":\"https:\/\/abaa.mx\/tienda\/medidor-de-estres-termico-de-registro-de-datos-reed-r6250sd\/#primaryimage\"},\"thumbnailUrl\":\"https:\/\/abaa.mx\/tienda\/wp-content\/uploads\/2023\/10\/R6250SD.jpg\",\"datePublished\":\"2023-10-23T15:30:26+00:00\",\"dateModified\":\"2023-10-23T15:30:27+00:00\",\"breadcrumb\":{\"@id\":\"https:\/\/abaa.mx\/tienda\/medidor-de-estres-termico-de-registro-de-datos-reed-r6250sd\/#breadcrumb\"},\"inLanguage\":\"es\",\"potentialAction\":[{\"@type\":\"ReadAction\",\"target\":[\"https:\/\/abaa.mx\/tienda\/medidor-de-estres-termico-de-registro-de-datos-reed-r6250sd\/\"]}]},{\"@type\":\"ImageObject\",\"inLanguage\":\"es\",\"@id\":\"https:\/\/abaa.mx\/tienda\/medidor-de-estres-termico-de-registro-de-datos-reed-r6250sd\/#primaryimage\",\"url\":\"https:\/\/abaa.mx\/tienda\/wp-content\/uploads\/2023\/10\/R6250SD.jpg\",\"contentUrl\":\"https:\/\/abaa.mx\/tienda\/wp-content\/uploads\/2023\/10\/R6250SD.jpg\",\"width\":500,\"height\":500,\"caption\":\"medidor-de-estres-termico-de-registro-de-datos-reed-r6250sd\"},{\"@type\":\"BreadcrumbList\",\"@id\":\"https:\/\/abaa.mx\/tienda\/medidor-de-estres-termico-de-registro-de-datos-reed-r6250sd\/#breadcrumb\",\"itemListElement\":[{\"@type\":\"ListItem\",\"position\":1,\"name\":\"Inicio\",\"item\":\"https:\/\/abaa.mx\/tienda\/\"},{\"@type\":\"ListItem\",\"position\":2,\"name\":\"Tienda\",\"item\":\"https:\/\/abaa.mx\/tienda\/\"},{\"@type\":\"ListItem\",\"position\":3,\"name\":\"Medidor de estr\u00e9s t\u00e9rmico de registro de datos reed r6250sd\"}]},{\"@type\":\"WebSite\",\"@id\":\"https:\/\/abaa.mx\/tienda\/#website\",\"url\":\"https:\/\/abaa.mx\/tienda\/\",\"name\":\"Abaa tienda online\",\"description\":\"Instrumentos de medici\u00f3n\",\"publisher\":{\"@id\":\"https:\/\/abaa.mx\/tienda\/#organization\"},\"potentialAction\":[{\"@type\":\"SearchAction\",\"target\":{\"@type\":\"EntryPoint\",\"urlTemplate\":\"https:\/\/abaa.mx\/tienda\/?s={search_term_string}\"},\"query-input\":{\"@type\":\"PropertyValueSpecification\",\"valueRequired\":true,\"valueName\":\"search_term_string\"}}],\"inLanguage\":\"es\"},{\"@type\":\"Organization\",\"@id\":\"https:\/\/abaa.mx\/tienda\/#organization\",\"name\":\"Abaa tienda online\",\"url\":\"https:\/\/abaa.mx\/tienda\/\",\"logo\":{\"@type\":\"ImageObject\",\"inLanguage\":\"es\",\"@id\":\"https:\/\/abaa.mx\/tienda\/#\/schema\/logo\/image\/\",\"url\":\"https:\/\/abaa.mx\/tienda\/wp-content\/uploads\/2024\/01\/abaa-metrologia-tienda.png\",\"contentUrl\":\"https:\/\/abaa.mx\/tienda\/wp-content\/uploads\/2024\/01\/abaa-metrologia-tienda.png\",\"width\":300,\"height\":141,\"caption\":\"Abaa tienda online\"},\"image\":{\"@id\":\"https:\/\/abaa.mx\/tienda\/#\/schema\/logo\/image\/\"}}]}<\/script>\n<!-- \/ Yoast SEO plugin. -->","yoast_head_json":{"title":"Medidor de estr\u00e9s t\u00e9rmico de registro de datos reed r6250sd - Abaa tienda online","robots":{"index":"index","follow":"follow","max-snippet":"max-snippet:-1","max-image-preview":"max-image-preview:large","max-video-preview":"max-video-preview:-1"},"canonical":"https:\/\/abaa.mx\/tienda\/medidor-de-estres-termico-de-registro-de-datos-reed-r6250sd\/","og_locale":"es_MX","og_type":"article","og_title":"Medidor de estr\u00e9s t\u00e9rmico de registro de datos reed r6250sd - Abaa tienda online","og_description":"El registrador de datos en tiempo real con tarjeta de memoria SD integrada mide\/registra la temperatura, la humedad y la luz solar directa o radiante con Wet Bulb Globe Temperature (WBGT).","og_url":"https:\/\/abaa.mx\/tienda\/medidor-de-estres-termico-de-registro-de-datos-reed-r6250sd\/","og_site_name":"Abaa tienda online","article_modified_time":"2023-10-23T15:30:27+00:00","og_image":[{"width":500,"height":500,"url":"https:\/\/abaa.mx\/tienda\/wp-content\/uploads\/2023\/10\/R6250SD.jpg","type":"image\/jpeg"}],"twitter_card":"summary_large_image","twitter_misc":{"Tiempo de lectura":"3 minutos"},"schema":{"@context":"https:\/\/schema.org","@graph":[{"@type":"WebPage","@id":"https:\/\/abaa.mx\/tienda\/medidor-de-estres-termico-de-registro-de-datos-reed-r6250sd\/","url":"https:\/\/abaa.mx\/tienda\/medidor-de-estres-termico-de-registro-de-datos-reed-r6250sd\/","name":"Medidor de estr\u00e9s t\u00e9rmico de registro de datos reed r6250sd - Abaa tienda online","isPartOf":{"@id":"https:\/\/abaa.mx\/tienda\/#website"},"primaryImageOfPage":{"@id":"https:\/\/abaa.mx\/tienda\/medidor-de-estres-termico-de-registro-de-datos-reed-r6250sd\/#primaryimage"},"image":{"@id":"https:\/\/abaa.mx\/tienda\/medidor-de-estres-termico-de-registro-de-datos-reed-r6250sd\/#primaryimage"},"thumbnailUrl":"https:\/\/abaa.mx\/tienda\/wp-content\/uploads\/2023\/10\/R6250SD.jpg","datePublished":"2023-10-23T15:30:26+00:00","dateModified":"2023-10-23T15:30:27+00:00","breadcrumb":{"@id":"https:\/\/abaa.mx\/tienda\/medidor-de-estres-termico-de-registro-de-datos-reed-r6250sd\/#breadcrumb"},"inLanguage":"es","potentialAction":[{"@type":"ReadAction","target":["https:\/\/abaa.mx\/tienda\/medidor-de-estres-termico-de-registro-de-datos-reed-r6250sd\/"]}]},{"@type":"ImageObject","inLanguage":"es","@id":"https:\/\/abaa.mx\/tienda\/medidor-de-estres-termico-de-registro-de-datos-reed-r6250sd\/#primaryimage","url":"https:\/\/abaa.mx\/tienda\/wp-content\/uploads\/2023\/10\/R6250SD.jpg","contentUrl":"https:\/\/abaa.mx\/tienda\/wp-content\/uploads\/2023\/10\/R6250SD.jpg","width":500,"height":500,"caption":"medidor-de-estres-termico-de-registro-de-datos-reed-r6250sd"},{"@type":"BreadcrumbList","@id":"https:\/\/abaa.mx\/tienda\/medidor-de-estres-termico-de-registro-de-datos-reed-r6250sd\/#breadcrumb","itemListElement":[{"@type":"ListItem","position":1,"name":"Inicio","item":"https:\/\/abaa.mx\/tienda\/"},{"@type":"ListItem","position":2,"name":"Tienda","item":"https:\/\/abaa.mx\/tienda\/"},{"@type":"ListItem","position":3,"name":"Medidor de estr\u00e9s t\u00e9rmico de registro de datos reed r6250sd"}]},{"@type":"WebSite","@id":"https:\/\/abaa.mx\/tienda\/#website","url":"https:\/\/abaa.mx\/tienda\/","name":"Abaa tienda online","description":"Instrumentos de medici\u00f3n","publisher":{"@id":"https:\/\/abaa.mx\/tienda\/#organization"},"potentialAction":[{"@type":"SearchAction","target":{"@type":"EntryPoint","urlTemplate":"https:\/\/abaa.mx\/tienda\/?s={search_term_string}"},"query-input":{"@type":"PropertyValueSpecification","valueRequired":true,"valueName":"search_term_string"}}],"inLanguage":"es"},{"@type":"Organization","@id":"https:\/\/abaa.mx\/tienda\/#organization","name":"Abaa tienda online","url":"https:\/\/abaa.mx\/tienda\/","logo":{"@type":"ImageObject","inLanguage":"es","@id":"https:\/\/abaa.mx\/tienda\/#\/schema\/logo\/image\/","url":"https:\/\/abaa.mx\/tienda\/wp-content\/uploads\/2024\/01\/abaa-metrologia-tienda.png","contentUrl":"https:\/\/abaa.mx\/tienda\/wp-content\/uploads\/2024\/01\/abaa-metrologia-tienda.png","width":300,"height":141,"caption":"Abaa tienda online"},"image":{"@id":"https:\/\/abaa.mx\/tienda\/#\/schema\/logo\/image\/"}}]}},"_links":{"self":[{"href":"https:\/\/abaa.mx\/tienda\/wp-json\/wp\/v2\/product\/7288","targetHints":{"allow":["GET"]}}],"collection":[{"href":"https:\/\/abaa.mx\/tienda\/wp-json\/wp\/v2\/product"}],"about":[{"href":"https:\/\/abaa.mx\/tienda\/wp-json\/wp\/v2\/types\/product"}],"replies":[{"embeddable":true,"href":"https:\/\/abaa.mx\/tienda\/wp-json\/wp\/v2\/comments?post=7288"}],"wp:featuredmedia":[{"embeddable":true,"href":"https:\/\/abaa.mx\/tienda\/wp-json\/wp\/v2\/media\/7308"}],"wp:attachment":[{"href":"https:\/\/abaa.mx\/tienda\/wp-json\/wp\/v2\/media?parent=7288"}],"wp:term":[{"taxonomy":"product_brand","embeddable":true,"href":"https:\/\/abaa.mx\/tienda\/wp-json\/wp\/v2\/product_brand?post=7288"},{"taxonomy":"product_cat","embeddable":true,"href":"https:\/\/abaa.mx\/tienda\/wp-json\/wp\/v2\/product_cat?post=7288"},{"taxonomy":"product_tag","embeddable":true,"href":"https:\/\/abaa.mx\/tienda\/wp-json\/wp\/v2\/product_tag?post=7288"}],"curies":[{"name":"wp","href":"https:\/\/api.w.org\/{rel}","templated":true}]}}