{"id":7272,"date":"2023-10-23T14:49:47","date_gmt":"2023-10-23T14:49:47","guid":{"rendered":"https:\/\/abaa.mx\/tienda\/?post_type=product&#038;p=7272"},"modified":"2023-10-23T14:49:47","modified_gmt":"2023-10-23T14:49:47","slug":"camara-termografica-reed-r2170-320-x-240","status":"publish","type":"product","link":"https:\/\/abaa.mx\/tienda\/camara-termografica-reed-r2170-320-x-240\/","title":{"rendered":"C\u00e1mara termogr\u00e1fica reed r2170, 320 x 240"},"content":{"rendered":"<p>Esta c\u00e1mara termogr\u00e1fica profesional cuenta con un sensor infrarrojo de 320 x 240 (76.800 p\u00edxeles) que puede detectar temperaturas entre -40 y 752 \u00b0F (-40 y 400 \u00b0C). El R2170 tiene la capacidad de mostrar las temperaturas de los puntos calientes y fr\u00edos en una pantalla LCD a color de 3,5&#8243; y permite al usuario elegir entre 7 paletas de colores diferentes. El software incluido permite al usuario ver y analizar datos, y generar informes o proyectos en tiempo real en una PC. Los paquetes de bater\u00edas incluidos han sido dise\u00f1ados para cambiarse f\u00e1cilmente en el campo, lo que permite un trabajo continuo.<\/p>\n<h5><strong>Funciones<\/strong><\/h5>\n<ul>\n<li>Resoluci\u00f3n infrarroja de 320 x 240 (76.800 p\u00edxeles)<\/li>\n<li>Pantalla IPS a color de 3,5&#8243;<\/li>\n<li>Linterna LED dual incorporada<\/li>\n<li>Elecci\u00f3n de 7 paletas de colores<\/li>\n<li>Herramientas de medici\u00f3n intuitivas en pantalla<\/li>\n<li>4 modos de imagen (T\u00e9rmica, Imagen visual, Imagen en imagen, Fusi\u00f3n (Fusi\u00f3n t\u00e9rmica))<\/li>\n<li>Indicadores puntuales y de alarma de temperatura alta y baja<\/li>\n<li>IP54 y 6,5&#8242; (2 m) a prueba de ca\u00eddas<\/li>\n<li>Zoom digital de 4x<\/li>\n<li>Bater\u00eda recargable de iones de litio<\/li>\n<li>Montaje en tr\u00edpode para una monitorizaci\u00f3n continua a largo plazo<\/li>\n<li>Visualice, analice los datos almacenados y genere informes o proyectos en tiempo real<\/li>\n<li>Indicaci\u00f3n de bater\u00eda baja y apagado autom\u00e1tico<\/li>\n<\/ul>\n<h4>Especificaciones de REED R2170<\/h4>\n<table class=\"table table-striped\">\n<tbody>\n<tr>\n<td colspan=\"2\"><strong>Especificaciones \u00f3pticas y de im\u00e1genes<\/strong><\/td>\n<\/tr>\n<tr>\n<td>Campo de visi\u00f3n (FOV)<\/td>\n<td>56 x 42\u00b0<\/td>\n<\/tr>\n<tr>\n<td>Distancia focal<\/td>\n<td>4 mm<\/td>\n<\/tr>\n<tr>\n<td>Resoluci\u00f3n espacial<\/td>\n<td>(IFOV) 3mrad<\/td>\n<\/tr>\n<tr>\n<td>Sensibilidad t\u00e9rmica (NETD)<\/td>\n<td>&lt;65mK<\/td>\n<\/tr>\n<tr>\n<td>Frecuencia de captura de im\u00e1genes<\/td>\n<td>9Hz<\/td>\n<\/tr>\n<tr>\n<td>Centro de atenci\u00f3n<\/td>\n<td>Fijo<\/td>\n<\/tr>\n<tr>\n<td colspan=\"2\"><strong>Medici\u00f3n<\/strong><\/td>\n<\/tr>\n<tr>\n<td>Rango de temperatura<\/td>\n<td>-40 a 752 \u00b0F (-40 a 400 \u00b0C)<\/td>\n<\/tr>\n<tr>\n<td>Exactitud<\/td>\n<td>\u00b13,6 \u00b0F (2 \u00b0C) o \u00b12 % de la lectura, para temperatura ambiente a 77 \u00b0F (25 \u00b0C)<\/td>\n<\/tr>\n<tr>\n<td>Resoluci\u00f3n<\/td>\n<td>0.1 \u00b0 F \/ \u00b0 C \/ K<\/td>\n<\/tr>\n<tr>\n<td colspan=\"2\"><strong>Especificaciones del detector<\/strong><\/td>\n<\/tr>\n<tr>\n<td>Tipo de detector<\/td>\n<td>\u00d3xido de vanadio no refrigerado, matriz de plano focal (UFPA)<\/td>\n<\/tr>\n<tr>\n<td>Rango espectral<\/td>\n<td>De 8 a 14 \u03bcm<\/td>\n<\/tr>\n<tr>\n<td>Resoluci\u00f3n IR<\/td>\n<td>320 x 240 (76.800 p\u00edxeles)<\/td>\n<\/tr>\n<tr>\n<td colspan=\"2\"><strong>Presentaci\u00f3n de im\u00e1genes y an\u00e1lisis de mediciones<\/strong><\/td>\n<\/tr>\n<tr>\n<td>Monitor<\/td>\n<td>IPS a color de 3,5&#8243;<\/td>\n<\/tr>\n<tr>\n<td>Paletas de colores<\/td>\n<td>7 (Arco de hierro\/Arco iris\/Arco iris(HC)\/Lava\/Al rojo vivo\/Blanco-caliente\/Negro-caliente)<\/td>\n<\/tr>\n<tr>\n<td>Modos de imagen<\/td>\n<td>T\u00e9rmica, Imagen visual, Imagen en imagen, Fusi\u00f3n (mezcla t\u00e9rmica)<\/td>\n<\/tr>\n<tr>\n<td>Marcadores de temperatura en pantalla<\/td>\n<td>3 (Centro\/Temperatura alta\/Baja temperatura)<\/td>\n<\/tr>\n<tr>\n<td>Herramientas de medici\u00f3n de im\u00e1genes<\/td>\n<td>5 Puntos\/3 Rect\u00e1ngulos\/3 C\u00edrculos\/1 L\u00ednea (suma 6)<\/td>\n<\/tr>\n<tr>\n<td>Emisividad<\/td>\n<td>Ajustable (0,01 a 1,00)<\/td>\n<\/tr>\n<tr>\n<td>Isoterma<\/td>\n<td>S\u00ed (Abajo, Arriba, Intervalo)<\/td>\n<\/tr>\n<tr>\n<td>Intervalo de temperatura<\/td>\n<td>Autom\u00e1tico\/Manual<\/td>\n<\/tr>\n<tr>\n<td>Indicadores de alarma de temperatura<\/td>\n<td>Alto\/Bajo (ajustable por el usuario)<\/td>\n<\/tr>\n<tr>\n<td colspan=\"2\"><strong>Especificaciones generales<\/strong><\/td>\n<\/tr>\n<tr>\n<td>Modos de captura de im\u00e1genes<\/td>\n<td>2 (Simple\/Time-Lapse)<\/td>\n<\/tr>\n<tr>\n<td>Resoluci\u00f3n de pantalla<\/td>\n<td>640 x 480 p\u00edxeles<\/td>\n<\/tr>\n<tr>\n<td>Digital Zoom<\/td>\n<td>S\u00ed (2x\/4x)<\/td>\n<\/tr>\n<tr>\n<td>Formato de imagen<\/td>\n<td>.JPG<\/td>\n<\/tr>\n<tr>\n<td>Linterna LED<\/td>\n<td>S\u00ed (dual)<\/td>\n<\/tr>\n<tr>\n<td>Memoria externa<\/td>\n<td>Tarjeta Micro SD<\/td>\n<\/tr>\n<tr>\n<td>Apagado autom\u00e1tico<\/td>\n<td>S\u00ed (ajustable por el usuario 5\/10\/20\/30\/45\/60\/90 minutos)<\/td>\n<\/tr>\n<tr>\n<td>Montaje en tr\u00edpode<\/td>\n<td>S\u00ed<\/td>\n<\/tr>\n<tr>\n<td>Indicador de bater\u00eda baja<\/td>\n<td>S\u00ed<\/td>\n<\/tr>\n<tr>\n<td>Fuente de alimentaci\u00f3n<\/td>\n<td>Bater\u00eda recargable de iones de litio de 3,7 V\/5200 mAh<\/td>\n<\/tr>\n<tr>\n<td>Duraci\u00f3n de la bater\u00eda<\/td>\n<td>Aprox. 3,5 horas<\/td>\n<\/tr>\n<tr>\n<td>Sistema de carga<\/td>\n<td>En la c\u00e1mara o en la bater\u00eda (USB-C)<\/td>\n<\/tr>\n<tr>\n<td>Tiempo de carga<\/td>\n<td>Aprox. 4 horas<\/td>\n<\/tr>\n<tr>\n<td>Conectividad de PC<\/td>\n<td>Cable USB (USB-C)<\/td>\n<\/tr>\n<tr>\n<td>Software<\/td>\n<td>S\u00ed (descargar desde el sitio web)<\/td>\n<\/tr>\n<tr>\n<td>Funcionalidad del software<\/td>\n<td>An\u00e1lisis de im\u00e1genes\/Transmisi\u00f3n de c\u00e1mara en vivo\/Generaci\u00f3n de informes<\/td>\n<\/tr>\n<tr>\n<td>Compatibilidad con el sistema operativo del software<\/td>\n<td>Windows Vista\/7\/8\/10\/11<\/td>\n<\/tr>\n<tr>\n<td>Idiomas admitidos<\/td>\n<td>Ingl\u00e9s, franc\u00e9s, alem\u00e1n y espa\u00f1ol<\/td>\n<\/tr>\n<tr>\n<td>Certificaciones de productos<\/td>\n<td>CE, UKCA, IP54, prueba de ca\u00edda de 6,6&#8242; (2 m)<\/td>\n<\/tr>\n<tr>\n<td>Temperatura de funcionamiento<\/td>\n<td>De 32 a 122 \u00b0C (de 0 a 50 \u00b0F)<\/td>\n<\/tr>\n<tr>\n<td>Temperatura de almacenamiento<\/td>\n<td>De -14 a 140 \u00b0C (de 10 a 60 \u00b0F)<\/td>\n<\/tr>\n<tr>\n<td>Rango de humedad de funcionamiento\/almacenamiento<\/td>\n<td>Del 10 al 95%<\/td>\n<\/tr>\n<tr>\n<td>Altitud m\u00e1xima de funcionamiento<\/td>\n<td>6561 metros (2000 pies)<\/td>\n<\/tr>\n<tr>\n<td>Dimensiones<\/td>\n<td>10,2 x 3,9 x 3,8&#8243; (260 x 99 x 97 mm)<\/td>\n<\/tr>\n<tr>\n<td>Peso<\/td>\n<td>1 g (4,630 libras)<\/td>\n<\/tr>\n<\/tbody>\n<\/table>\n","protected":false},"excerpt":{"rendered":"<p class=\"short-description mhide ipad-view-setting\">Cuenta con un sensor infrarrojo de 320 x 240 9 Hz con 4 modos de imagen (T\u00e9rmico, Visual, PIP y Fusi\u00f3n) y una carcasa resistente de doble moldeo con clasificaci\u00f3n IP54.<\/p>\n<p class=\"comment-tag-product\">\n<div class=\"row-fluid\">\n<div class=\"span12 mobile-pricing-box-padding\">\n<form id=\"142188746\" accept-charset=\"utf-8\" action=\"https:\/\/www.globaltestsupply.com\/shop\/add\" method=\"post\" name=\"addTocartFunction\">\n<div><\/div>\n<\/form>\n<\/div>\n<\/div>\n","protected":false},"featured_media":7278,"comment_status":"open","ping_status":"closed","template":"","meta":{"_joinchat":[]},"product_brand":[],"product_cat":[15],"product_tag":[],"class_list":{"0":"post-7272","1":"product","2":"type-product","3":"status-publish","4":"has-post-thumbnail","6":"product_cat-sin-categorizar","8":"first","9":"instock","10":"shipping-taxable","11":"product-type-simple"},"yoast_head":"<!-- This site is optimized with the Yoast SEO plugin v26.4 - https:\/\/yoast.com\/wordpress\/plugins\/seo\/ -->\n<title>C\u00e1mara termogr\u00e1fica reed r2170, 320 x 240 - Abaa tienda online<\/title>\n<meta name=\"robots\" content=\"index, follow, max-snippet:-1, max-image-preview:large, max-video-preview:-1\" \/>\n<link rel=\"canonical\" href=\"https:\/\/abaa.mx\/tienda\/camara-termografica-reed-r2170-320-x-240\/\" \/>\n<meta property=\"og:locale\" content=\"es_MX\" \/>\n<meta property=\"og:type\" content=\"article\" \/>\n<meta property=\"og:title\" content=\"C\u00e1mara termogr\u00e1fica reed r2170, 320 x 240 - Abaa tienda online\" \/>\n<meta property=\"og:description\" content=\"Cuenta con un sensor infrarrojo de 320 x 240 9 Hz con 4 modos de imagen (T\u00e9rmico, Visual, PIP y Fusi\u00f3n) y una carcasa resistente de doble moldeo con clasificaci\u00f3n IP54.\" \/>\n<meta property=\"og:url\" content=\"https:\/\/abaa.mx\/tienda\/camara-termografica-reed-r2170-320-x-240\/\" \/>\n<meta property=\"og:site_name\" content=\"Abaa tienda online\" \/>\n<meta property=\"og:image\" content=\"https:\/\/abaa.mx\/tienda\/wp-content\/uploads\/2023\/10\/R2170.jpg\" \/>\n\t<meta property=\"og:image:width\" content=\"474\" \/>\n\t<meta property=\"og:image:height\" content=\"338\" \/>\n\t<meta property=\"og:image:type\" content=\"image\/jpeg\" \/>\n<meta name=\"twitter:card\" content=\"summary_large_image\" \/>\n<meta name=\"twitter:label1\" content=\"Tiempo de lectura\" \/>\n\t<meta name=\"twitter:data1\" content=\"3 minutos\" \/>\n<script type=\"application\/ld+json\" class=\"yoast-schema-graph\">{\"@context\":\"https:\/\/schema.org\",\"@graph\":[{\"@type\":\"WebPage\",\"@id\":\"https:\/\/abaa.mx\/tienda\/camara-termografica-reed-r2170-320-x-240\/\",\"url\":\"https:\/\/abaa.mx\/tienda\/camara-termografica-reed-r2170-320-x-240\/\",\"name\":\"C\u00e1mara termogr\u00e1fica reed r2170, 320 x 240 - Abaa tienda online\",\"isPartOf\":{\"@id\":\"https:\/\/abaa.mx\/tienda\/#website\"},\"primaryImageOfPage\":{\"@id\":\"https:\/\/abaa.mx\/tienda\/camara-termografica-reed-r2170-320-x-240\/#primaryimage\"},\"image\":{\"@id\":\"https:\/\/abaa.mx\/tienda\/camara-termografica-reed-r2170-320-x-240\/#primaryimage\"},\"thumbnailUrl\":\"https:\/\/abaa.mx\/tienda\/wp-content\/uploads\/2023\/10\/R2170.jpg\",\"datePublished\":\"2023-10-23T14:49:47+00:00\",\"breadcrumb\":{\"@id\":\"https:\/\/abaa.mx\/tienda\/camara-termografica-reed-r2170-320-x-240\/#breadcrumb\"},\"inLanguage\":\"es\",\"potentialAction\":[{\"@type\":\"ReadAction\",\"target\":[\"https:\/\/abaa.mx\/tienda\/camara-termografica-reed-r2170-320-x-240\/\"]}]},{\"@type\":\"ImageObject\",\"inLanguage\":\"es\",\"@id\":\"https:\/\/abaa.mx\/tienda\/camara-termografica-reed-r2170-320-x-240\/#primaryimage\",\"url\":\"https:\/\/abaa.mx\/tienda\/wp-content\/uploads\/2023\/10\/R2170.jpg\",\"contentUrl\":\"https:\/\/abaa.mx\/tienda\/wp-content\/uploads\/2023\/10\/R2170.jpg\",\"width\":474,\"height\":338,\"caption\":\"camara-termografica-reed-r2170-320-x-240\"},{\"@type\":\"BreadcrumbList\",\"@id\":\"https:\/\/abaa.mx\/tienda\/camara-termografica-reed-r2170-320-x-240\/#breadcrumb\",\"itemListElement\":[{\"@type\":\"ListItem\",\"position\":1,\"name\":\"Inicio\",\"item\":\"https:\/\/abaa.mx\/tienda\/\"},{\"@type\":\"ListItem\",\"position\":2,\"name\":\"Tienda\",\"item\":\"https:\/\/abaa.mx\/tienda\/\"},{\"@type\":\"ListItem\",\"position\":3,\"name\":\"C\u00e1mara termogr\u00e1fica reed r2170, 320 x 240\"}]},{\"@type\":\"WebSite\",\"@id\":\"https:\/\/abaa.mx\/tienda\/#website\",\"url\":\"https:\/\/abaa.mx\/tienda\/\",\"name\":\"Abaa tienda online\",\"description\":\"Instrumentos de medici\u00f3n\",\"publisher\":{\"@id\":\"https:\/\/abaa.mx\/tienda\/#organization\"},\"potentialAction\":[{\"@type\":\"SearchAction\",\"target\":{\"@type\":\"EntryPoint\",\"urlTemplate\":\"https:\/\/abaa.mx\/tienda\/?s={search_term_string}\"},\"query-input\":{\"@type\":\"PropertyValueSpecification\",\"valueRequired\":true,\"valueName\":\"search_term_string\"}}],\"inLanguage\":\"es\"},{\"@type\":\"Organization\",\"@id\":\"https:\/\/abaa.mx\/tienda\/#organization\",\"name\":\"Abaa tienda online\",\"url\":\"https:\/\/abaa.mx\/tienda\/\",\"logo\":{\"@type\":\"ImageObject\",\"inLanguage\":\"es\",\"@id\":\"https:\/\/abaa.mx\/tienda\/#\/schema\/logo\/image\/\",\"url\":\"https:\/\/abaa.mx\/tienda\/wp-content\/uploads\/2024\/01\/abaa-metrologia-tienda.png\",\"contentUrl\":\"https:\/\/abaa.mx\/tienda\/wp-content\/uploads\/2024\/01\/abaa-metrologia-tienda.png\",\"width\":300,\"height\":141,\"caption\":\"Abaa tienda online\"},\"image\":{\"@id\":\"https:\/\/abaa.mx\/tienda\/#\/schema\/logo\/image\/\"}}]}<\/script>\n<!-- \/ Yoast SEO plugin. -->","yoast_head_json":{"title":"C\u00e1mara termogr\u00e1fica reed r2170, 320 x 240 - Abaa tienda online","robots":{"index":"index","follow":"follow","max-snippet":"max-snippet:-1","max-image-preview":"max-image-preview:large","max-video-preview":"max-video-preview:-1"},"canonical":"https:\/\/abaa.mx\/tienda\/camara-termografica-reed-r2170-320-x-240\/","og_locale":"es_MX","og_type":"article","og_title":"C\u00e1mara termogr\u00e1fica reed r2170, 320 x 240 - Abaa tienda online","og_description":"Cuenta con un sensor infrarrojo de 320 x 240 9 Hz con 4 modos de imagen (T\u00e9rmico, Visual, PIP y Fusi\u00f3n) y una carcasa resistente de doble moldeo con clasificaci\u00f3n IP54.","og_url":"https:\/\/abaa.mx\/tienda\/camara-termografica-reed-r2170-320-x-240\/","og_site_name":"Abaa tienda online","og_image":[{"width":474,"height":338,"url":"https:\/\/abaa.mx\/tienda\/wp-content\/uploads\/2023\/10\/R2170.jpg","type":"image\/jpeg"}],"twitter_card":"summary_large_image","twitter_misc":{"Tiempo de lectura":"3 minutos"},"schema":{"@context":"https:\/\/schema.org","@graph":[{"@type":"WebPage","@id":"https:\/\/abaa.mx\/tienda\/camara-termografica-reed-r2170-320-x-240\/","url":"https:\/\/abaa.mx\/tienda\/camara-termografica-reed-r2170-320-x-240\/","name":"C\u00e1mara termogr\u00e1fica reed r2170, 320 x 240 - Abaa tienda online","isPartOf":{"@id":"https:\/\/abaa.mx\/tienda\/#website"},"primaryImageOfPage":{"@id":"https:\/\/abaa.mx\/tienda\/camara-termografica-reed-r2170-320-x-240\/#primaryimage"},"image":{"@id":"https:\/\/abaa.mx\/tienda\/camara-termografica-reed-r2170-320-x-240\/#primaryimage"},"thumbnailUrl":"https:\/\/abaa.mx\/tienda\/wp-content\/uploads\/2023\/10\/R2170.jpg","datePublished":"2023-10-23T14:49:47+00:00","breadcrumb":{"@id":"https:\/\/abaa.mx\/tienda\/camara-termografica-reed-r2170-320-x-240\/#breadcrumb"},"inLanguage":"es","potentialAction":[{"@type":"ReadAction","target":["https:\/\/abaa.mx\/tienda\/camara-termografica-reed-r2170-320-x-240\/"]}]},{"@type":"ImageObject","inLanguage":"es","@id":"https:\/\/abaa.mx\/tienda\/camara-termografica-reed-r2170-320-x-240\/#primaryimage","url":"https:\/\/abaa.mx\/tienda\/wp-content\/uploads\/2023\/10\/R2170.jpg","contentUrl":"https:\/\/abaa.mx\/tienda\/wp-content\/uploads\/2023\/10\/R2170.jpg","width":474,"height":338,"caption":"camara-termografica-reed-r2170-320-x-240"},{"@type":"BreadcrumbList","@id":"https:\/\/abaa.mx\/tienda\/camara-termografica-reed-r2170-320-x-240\/#breadcrumb","itemListElement":[{"@type":"ListItem","position":1,"name":"Inicio","item":"https:\/\/abaa.mx\/tienda\/"},{"@type":"ListItem","position":2,"name":"Tienda","item":"https:\/\/abaa.mx\/tienda\/"},{"@type":"ListItem","position":3,"name":"C\u00e1mara termogr\u00e1fica reed r2170, 320 x 240"}]},{"@type":"WebSite","@id":"https:\/\/abaa.mx\/tienda\/#website","url":"https:\/\/abaa.mx\/tienda\/","name":"Abaa tienda online","description":"Instrumentos de medici\u00f3n","publisher":{"@id":"https:\/\/abaa.mx\/tienda\/#organization"},"potentialAction":[{"@type":"SearchAction","target":{"@type":"EntryPoint","urlTemplate":"https:\/\/abaa.mx\/tienda\/?s={search_term_string}"},"query-input":{"@type":"PropertyValueSpecification","valueRequired":true,"valueName":"search_term_string"}}],"inLanguage":"es"},{"@type":"Organization","@id":"https:\/\/abaa.mx\/tienda\/#organization","name":"Abaa tienda online","url":"https:\/\/abaa.mx\/tienda\/","logo":{"@type":"ImageObject","inLanguage":"es","@id":"https:\/\/abaa.mx\/tienda\/#\/schema\/logo\/image\/","url":"https:\/\/abaa.mx\/tienda\/wp-content\/uploads\/2024\/01\/abaa-metrologia-tienda.png","contentUrl":"https:\/\/abaa.mx\/tienda\/wp-content\/uploads\/2024\/01\/abaa-metrologia-tienda.png","width":300,"height":141,"caption":"Abaa tienda online"},"image":{"@id":"https:\/\/abaa.mx\/tienda\/#\/schema\/logo\/image\/"}}]}},"_links":{"self":[{"href":"https:\/\/abaa.mx\/tienda\/wp-json\/wp\/v2\/product\/7272","targetHints":{"allow":["GET"]}}],"collection":[{"href":"https:\/\/abaa.mx\/tienda\/wp-json\/wp\/v2\/product"}],"about":[{"href":"https:\/\/abaa.mx\/tienda\/wp-json\/wp\/v2\/types\/product"}],"replies":[{"embeddable":true,"href":"https:\/\/abaa.mx\/tienda\/wp-json\/wp\/v2\/comments?post=7272"}],"wp:featuredmedia":[{"embeddable":true,"href":"https:\/\/abaa.mx\/tienda\/wp-json\/wp\/v2\/media\/7278"}],"wp:attachment":[{"href":"https:\/\/abaa.mx\/tienda\/wp-json\/wp\/v2\/media?parent=7272"}],"wp:term":[{"taxonomy":"product_brand","embeddable":true,"href":"https:\/\/abaa.mx\/tienda\/wp-json\/wp\/v2\/product_brand?post=7272"},{"taxonomy":"product_cat","embeddable":true,"href":"https:\/\/abaa.mx\/tienda\/wp-json\/wp\/v2\/product_cat?post=7272"},{"taxonomy":"product_tag","embeddable":true,"href":"https:\/\/abaa.mx\/tienda\/wp-json\/wp\/v2\/product_tag?post=7272"}],"curies":[{"name":"wp","href":"https:\/\/api.w.org\/{rel}","templated":true}]}}