{"id":7230,"date":"2023-10-20T20:17:29","date_gmt":"2023-10-20T20:17:29","guid":{"rendered":"https:\/\/abaa.mx\/tienda\/?post_type=product&#038;p=7230"},"modified":"2023-12-07T20:59:16","modified_gmt":"2023-12-07T20:59:16","slug":"grabadora-de-referencia-de-la-serie-crystal-nvision-de-ametek","status":"publish","type":"product","link":"https:\/\/abaa.mx\/tienda\/grabadora-de-referencia-de-la-serie-crystal-nvision-de-ametek\/","title":{"rendered":"Irt600 \u2014 termometro ir doble laser con scanner derocio, mide temperatura y humedad, calcula el punto de rocio y advierte cuando hay crecimiento de moho"},"content":{"rendered":"<p>Irt600 \u2014 termometro ir doble laser con scanner derocio, mide temperatura y humedad, calcula el punto de rocio y advierte cuando hay crecimiento de moho.<\/p>\n","protected":false},"excerpt":{"rendered":"<h4>Caracter\u00edsticas:<\/h4>\n<ul id=\"features\">\n<li>Rango de medici\u00f3n: -22 a 662 \u00b0 F (-30 a 350 \u00b0 C).<\/li>\n<li>Excelente para procesos que requieren control y monitoreo de la temperatura de la superficie.<\/li>\n<li>El LED verde cambia a amarillo y luego a rojo a medida que la lectura de la temperatura de la superficie se acerca y luego iguala la lectura calculada del punto de roc\u00edo.<\/li>\n<li>Un sistema de l\u00e1ser dual para apuntar f\u00e1cilmente.<\/li>\n<li>Tiempo de respuesta de temperatura IR de 150 milisegundos.<\/li>\n<li>Luz de fondo y l\u00e1ser conmutables, Max Hold.<\/li>\n<li>Completo con estuche y bater\u00eda de 9V.<\/li>\n<\/ul>\n","protected":false},"featured_media":9701,"comment_status":"open","ping_status":"closed","template":"","meta":{"_joinchat":[]},"product_brand":[],"product_cat":[15],"product_tag":[],"class_list":{"0":"post-7230","1":"product","2":"type-product","3":"status-publish","4":"has-post-thumbnail","6":"product_cat-sin-categorizar","8":"first","9":"instock","10":"shipping-taxable","11":"product-type-simple"},"yoast_head":"<!-- This site is optimized with the Yoast SEO plugin v26.4 - https:\/\/yoast.com\/wordpress\/plugins\/seo\/ -->\n<title>Irt600 \u2014 termometro ir doble laser con scanner derocio, mide temperatura y humedad, calcula el punto de rocio y advierte cuando hay crecimiento de moho - Abaa tienda online<\/title>\n<meta name=\"robots\" content=\"index, follow, max-snippet:-1, max-image-preview:large, max-video-preview:-1\" \/>\n<link rel=\"canonical\" href=\"https:\/\/abaa.mx\/tienda\/grabadora-de-referencia-de-la-serie-crystal-nvision-de-ametek\/\" \/>\n<meta property=\"og:locale\" content=\"es_MX\" \/>\n<meta property=\"og:type\" content=\"article\" \/>\n<meta property=\"og:title\" content=\"Irt600 \u2014 termometro ir doble laser con scanner derocio, mide temperatura y humedad, calcula el punto de rocio y advierte cuando hay crecimiento de moho - Abaa tienda online\" \/>\n<meta property=\"og:description\" content=\"Caracter\u00edsticas:   Rango de medici\u00f3n: -22 a 662 \u00b0 F (-30 a 350 \u00b0 C).  Excelente para procesos que requieren control y monitoreo de la temperatura de la superficie.  El LED verde cambia a amarillo y luego a rojo a medida que la lectura de la temperatura de la superficie se acerca y luego iguala la lectura calculada del punto de roc\u00edo.  Un sistema de l\u00e1ser dual para apuntar f\u00e1cilmente.  Tiempo de respuesta de temperatura IR de 150 milisegundos.  Luz de fondo y l\u00e1ser conmutables, Max Hold.  Completo con estuche y bater\u00eda de 9V.\" \/>\n<meta property=\"og:url\" content=\"https:\/\/abaa.mx\/tienda\/grabadora-de-referencia-de-la-serie-crystal-nvision-de-ametek\/\" \/>\n<meta property=\"og:site_name\" content=\"Abaa tienda online\" \/>\n<meta property=\"article:modified_time\" content=\"2023-12-07T20:59:16+00:00\" \/>\n<meta property=\"og:image\" content=\"https:\/\/abaa.mx\/tienda\/wp-content\/uploads\/2023\/10\/TERMOMETRO-IRT600.jpg\" \/>\n\t<meta property=\"og:image:width\" content=\"1024\" \/>\n\t<meta property=\"og:image:height\" content=\"1024\" \/>\n\t<meta property=\"og:image:type\" content=\"image\/jpeg\" \/>\n<meta name=\"twitter:card\" content=\"summary_large_image\" \/>\n<meta name=\"twitter:label1\" content=\"Tiempo de lectura\" \/>\n\t<meta name=\"twitter:data1\" content=\"1 minuto\" \/>\n<script type=\"application\/ld+json\" class=\"yoast-schema-graph\">{\"@context\":\"https:\/\/schema.org\",\"@graph\":[{\"@type\":\"WebPage\",\"@id\":\"https:\/\/abaa.mx\/tienda\/grabadora-de-referencia-de-la-serie-crystal-nvision-de-ametek\/\",\"url\":\"https:\/\/abaa.mx\/tienda\/grabadora-de-referencia-de-la-serie-crystal-nvision-de-ametek\/\",\"name\":\"Irt600 \u2014 termometro ir doble laser con scanner derocio, mide temperatura y humedad, calcula el punto de rocio y advierte cuando hay crecimiento de moho - Abaa tienda online\",\"isPartOf\":{\"@id\":\"https:\/\/abaa.mx\/tienda\/#website\"},\"primaryImageOfPage\":{\"@id\":\"https:\/\/abaa.mx\/tienda\/grabadora-de-referencia-de-la-serie-crystal-nvision-de-ametek\/#primaryimage\"},\"image\":{\"@id\":\"https:\/\/abaa.mx\/tienda\/grabadora-de-referencia-de-la-serie-crystal-nvision-de-ametek\/#primaryimage\"},\"thumbnailUrl\":\"https:\/\/abaa.mx\/tienda\/wp-content\/uploads\/2023\/10\/TERMOMETRO-IRT600.jpg\",\"datePublished\":\"2023-10-20T20:17:29+00:00\",\"dateModified\":\"2023-12-07T20:59:16+00:00\",\"breadcrumb\":{\"@id\":\"https:\/\/abaa.mx\/tienda\/grabadora-de-referencia-de-la-serie-crystal-nvision-de-ametek\/#breadcrumb\"},\"inLanguage\":\"es\",\"potentialAction\":[{\"@type\":\"ReadAction\",\"target\":[\"https:\/\/abaa.mx\/tienda\/grabadora-de-referencia-de-la-serie-crystal-nvision-de-ametek\/\"]}]},{\"@type\":\"ImageObject\",\"inLanguage\":\"es\",\"@id\":\"https:\/\/abaa.mx\/tienda\/grabadora-de-referencia-de-la-serie-crystal-nvision-de-ametek\/#primaryimage\",\"url\":\"https:\/\/abaa.mx\/tienda\/wp-content\/uploads\/2023\/10\/TERMOMETRO-IRT600.jpg\",\"contentUrl\":\"https:\/\/abaa.mx\/tienda\/wp-content\/uploads\/2023\/10\/TERMOMETRO-IRT600.jpg\",\"width\":1024,\"height\":1024,\"caption\":\"TERMOMETRO-IRT600\"},{\"@type\":\"BreadcrumbList\",\"@id\":\"https:\/\/abaa.mx\/tienda\/grabadora-de-referencia-de-la-serie-crystal-nvision-de-ametek\/#breadcrumb\",\"itemListElement\":[{\"@type\":\"ListItem\",\"position\":1,\"name\":\"Inicio\",\"item\":\"https:\/\/abaa.mx\/tienda\/\"},{\"@type\":\"ListItem\",\"position\":2,\"name\":\"Tienda\",\"item\":\"https:\/\/abaa.mx\/tienda\/\"},{\"@type\":\"ListItem\",\"position\":3,\"name\":\"Irt600 \u2014 termometro ir doble laser con scanner derocio, mide temperatura y humedad, calcula el punto de rocio y advierte cuando hay crecimiento de moho\"}]},{\"@type\":\"WebSite\",\"@id\":\"https:\/\/abaa.mx\/tienda\/#website\",\"url\":\"https:\/\/abaa.mx\/tienda\/\",\"name\":\"Abaa tienda online\",\"description\":\"Instrumentos de medici\u00f3n\",\"publisher\":{\"@id\":\"https:\/\/abaa.mx\/tienda\/#organization\"},\"potentialAction\":[{\"@type\":\"SearchAction\",\"target\":{\"@type\":\"EntryPoint\",\"urlTemplate\":\"https:\/\/abaa.mx\/tienda\/?s={search_term_string}\"},\"query-input\":{\"@type\":\"PropertyValueSpecification\",\"valueRequired\":true,\"valueName\":\"search_term_string\"}}],\"inLanguage\":\"es\"},{\"@type\":\"Organization\",\"@id\":\"https:\/\/abaa.mx\/tienda\/#organization\",\"name\":\"Abaa tienda online\",\"url\":\"https:\/\/abaa.mx\/tienda\/\",\"logo\":{\"@type\":\"ImageObject\",\"inLanguage\":\"es\",\"@id\":\"https:\/\/abaa.mx\/tienda\/#\/schema\/logo\/image\/\",\"url\":\"https:\/\/abaa.mx\/tienda\/wp-content\/uploads\/2024\/01\/abaa-metrologia-tienda.png\",\"contentUrl\":\"https:\/\/abaa.mx\/tienda\/wp-content\/uploads\/2024\/01\/abaa-metrologia-tienda.png\",\"width\":300,\"height\":141,\"caption\":\"Abaa tienda online\"},\"image\":{\"@id\":\"https:\/\/abaa.mx\/tienda\/#\/schema\/logo\/image\/\"}}]}<\/script>\n<!-- \/ Yoast SEO plugin. -->","yoast_head_json":{"title":"Irt600 \u2014 termometro ir doble laser con scanner derocio, mide temperatura y humedad, calcula el punto de rocio y advierte cuando hay crecimiento de moho - Abaa tienda online","robots":{"index":"index","follow":"follow","max-snippet":"max-snippet:-1","max-image-preview":"max-image-preview:large","max-video-preview":"max-video-preview:-1"},"canonical":"https:\/\/abaa.mx\/tienda\/grabadora-de-referencia-de-la-serie-crystal-nvision-de-ametek\/","og_locale":"es_MX","og_type":"article","og_title":"Irt600 \u2014 termometro ir doble laser con scanner derocio, mide temperatura y humedad, calcula el punto de rocio y advierte cuando hay crecimiento de moho - Abaa tienda online","og_description":"Caracter\u00edsticas:   Rango de medici\u00f3n: -22 a 662 \u00b0 F (-30 a 350 \u00b0 C).  Excelente para procesos que requieren control y monitoreo de la temperatura de la superficie.  El LED verde cambia a amarillo y luego a rojo a medida que la lectura de la temperatura de la superficie se acerca y luego iguala la lectura calculada del punto de roc\u00edo.  Un sistema de l\u00e1ser dual para apuntar f\u00e1cilmente.  Tiempo de respuesta de temperatura IR de 150 milisegundos.  Luz de fondo y l\u00e1ser conmutables, Max Hold.  Completo con estuche y bater\u00eda de 9V.","og_url":"https:\/\/abaa.mx\/tienda\/grabadora-de-referencia-de-la-serie-crystal-nvision-de-ametek\/","og_site_name":"Abaa tienda online","article_modified_time":"2023-12-07T20:59:16+00:00","og_image":[{"width":1024,"height":1024,"url":"https:\/\/abaa.mx\/tienda\/wp-content\/uploads\/2023\/10\/TERMOMETRO-IRT600.jpg","type":"image\/jpeg"}],"twitter_card":"summary_large_image","twitter_misc":{"Tiempo de lectura":"1 minuto"},"schema":{"@context":"https:\/\/schema.org","@graph":[{"@type":"WebPage","@id":"https:\/\/abaa.mx\/tienda\/grabadora-de-referencia-de-la-serie-crystal-nvision-de-ametek\/","url":"https:\/\/abaa.mx\/tienda\/grabadora-de-referencia-de-la-serie-crystal-nvision-de-ametek\/","name":"Irt600 \u2014 termometro ir doble laser con scanner derocio, mide temperatura y humedad, calcula el punto de rocio y advierte cuando hay crecimiento de moho - Abaa tienda online","isPartOf":{"@id":"https:\/\/abaa.mx\/tienda\/#website"},"primaryImageOfPage":{"@id":"https:\/\/abaa.mx\/tienda\/grabadora-de-referencia-de-la-serie-crystal-nvision-de-ametek\/#primaryimage"},"image":{"@id":"https:\/\/abaa.mx\/tienda\/grabadora-de-referencia-de-la-serie-crystal-nvision-de-ametek\/#primaryimage"},"thumbnailUrl":"https:\/\/abaa.mx\/tienda\/wp-content\/uploads\/2023\/10\/TERMOMETRO-IRT600.jpg","datePublished":"2023-10-20T20:17:29+00:00","dateModified":"2023-12-07T20:59:16+00:00","breadcrumb":{"@id":"https:\/\/abaa.mx\/tienda\/grabadora-de-referencia-de-la-serie-crystal-nvision-de-ametek\/#breadcrumb"},"inLanguage":"es","potentialAction":[{"@type":"ReadAction","target":["https:\/\/abaa.mx\/tienda\/grabadora-de-referencia-de-la-serie-crystal-nvision-de-ametek\/"]}]},{"@type":"ImageObject","inLanguage":"es","@id":"https:\/\/abaa.mx\/tienda\/grabadora-de-referencia-de-la-serie-crystal-nvision-de-ametek\/#primaryimage","url":"https:\/\/abaa.mx\/tienda\/wp-content\/uploads\/2023\/10\/TERMOMETRO-IRT600.jpg","contentUrl":"https:\/\/abaa.mx\/tienda\/wp-content\/uploads\/2023\/10\/TERMOMETRO-IRT600.jpg","width":1024,"height":1024,"caption":"TERMOMETRO-IRT600"},{"@type":"BreadcrumbList","@id":"https:\/\/abaa.mx\/tienda\/grabadora-de-referencia-de-la-serie-crystal-nvision-de-ametek\/#breadcrumb","itemListElement":[{"@type":"ListItem","position":1,"name":"Inicio","item":"https:\/\/abaa.mx\/tienda\/"},{"@type":"ListItem","position":2,"name":"Tienda","item":"https:\/\/abaa.mx\/tienda\/"},{"@type":"ListItem","position":3,"name":"Irt600 \u2014 termometro ir doble laser con scanner derocio, mide temperatura y humedad, calcula el punto de rocio y advierte cuando hay crecimiento de moho"}]},{"@type":"WebSite","@id":"https:\/\/abaa.mx\/tienda\/#website","url":"https:\/\/abaa.mx\/tienda\/","name":"Abaa tienda online","description":"Instrumentos de medici\u00f3n","publisher":{"@id":"https:\/\/abaa.mx\/tienda\/#organization"},"potentialAction":[{"@type":"SearchAction","target":{"@type":"EntryPoint","urlTemplate":"https:\/\/abaa.mx\/tienda\/?s={search_term_string}"},"query-input":{"@type":"PropertyValueSpecification","valueRequired":true,"valueName":"search_term_string"}}],"inLanguage":"es"},{"@type":"Organization","@id":"https:\/\/abaa.mx\/tienda\/#organization","name":"Abaa tienda online","url":"https:\/\/abaa.mx\/tienda\/","logo":{"@type":"ImageObject","inLanguage":"es","@id":"https:\/\/abaa.mx\/tienda\/#\/schema\/logo\/image\/","url":"https:\/\/abaa.mx\/tienda\/wp-content\/uploads\/2024\/01\/abaa-metrologia-tienda.png","contentUrl":"https:\/\/abaa.mx\/tienda\/wp-content\/uploads\/2024\/01\/abaa-metrologia-tienda.png","width":300,"height":141,"caption":"Abaa tienda online"},"image":{"@id":"https:\/\/abaa.mx\/tienda\/#\/schema\/logo\/image\/"}}]}},"_links":{"self":[{"href":"https:\/\/abaa.mx\/tienda\/wp-json\/wp\/v2\/product\/7230","targetHints":{"allow":["GET"]}}],"collection":[{"href":"https:\/\/abaa.mx\/tienda\/wp-json\/wp\/v2\/product"}],"about":[{"href":"https:\/\/abaa.mx\/tienda\/wp-json\/wp\/v2\/types\/product"}],"replies":[{"embeddable":true,"href":"https:\/\/abaa.mx\/tienda\/wp-json\/wp\/v2\/comments?post=7230"}],"wp:featuredmedia":[{"embeddable":true,"href":"https:\/\/abaa.mx\/tienda\/wp-json\/wp\/v2\/media\/9701"}],"wp:attachment":[{"href":"https:\/\/abaa.mx\/tienda\/wp-json\/wp\/v2\/media?parent=7230"}],"wp:term":[{"taxonomy":"product_brand","embeddable":true,"href":"https:\/\/abaa.mx\/tienda\/wp-json\/wp\/v2\/product_brand?post=7230"},{"taxonomy":"product_cat","embeddable":true,"href":"https:\/\/abaa.mx\/tienda\/wp-json\/wp\/v2\/product_cat?post=7230"},{"taxonomy":"product_tag","embeddable":true,"href":"https:\/\/abaa.mx\/tienda\/wp-json\/wp\/v2\/product_tag?post=7230"}],"curies":[{"name":"wp","href":"https:\/\/api.w.org\/{rel}","templated":true}]}}