{"id":7222,"date":"2023-10-20T20:15:51","date_gmt":"2023-10-20T20:15:51","guid":{"rendered":"https:\/\/abaa.mx\/tienda\/?post_type=product&#038;p=7222"},"modified":"2023-10-20T20:15:51","modified_gmt":"2023-10-20T20:15:51","slug":"calibrador-de-presion-de-la-serie-ametek-crystal-is30","status":"publish","type":"product","link":"https:\/\/abaa.mx\/tienda\/calibrador-de-presion-de-la-serie-ametek-crystal-is30\/","title":{"rendered":"calibrador de presi\u00f3n de la serie ametek crystal is30"},"content":{"rendered":"<p><strong>Funciones<\/strong><\/p>\n<ul>\n<li>El amplio rango de presi\u00f3n puede medir vac\u00edo y presi\u00f3n de hasta 5000 psi (300 bar)<\/li>\n<li>Indica miliamperios para calibrar los transmisores<\/li>\n<li>Ultra compacto y ligero<\/li>\n<li>Muy f\u00e1cil de aprender y usar<\/li>\n<li>Pilas<\/li>\n<li>Aporta precisi\u00f3n de laboratorio a las condiciones de campo al aire libre<\/li>\n<\/ul>\n<p><strong>Aplicaciones<\/strong><\/p>\n<ul>\n<li>Calibraci\u00f3n de presi\u00f3n<\/li>\n<li>Instrumentaci\u00f3n<\/li>\n<li>Pruebas de campo<\/li>\n<\/ul>\n<h4>Especificaciones de la serie Crystal Pressure IS30<\/h4>\n<table class=\"table table-striped\">\n<tbody>\n<tr>\n<td colspan=\"2\"><strong>Medici\u00f3n de precisi\u00f3n-presi\u00f3n<\/strong><\/td>\n<\/tr>\n<tr>\n<td>De 0 a 110% del alcance<\/td>\n<td>\u00b1(0,05% de lectura + t\u00e9rmino de piso)<\/td>\n<\/tr>\n<tr>\n<td>T\u00e9rmino de piso<\/td>\n<td>0,005% del servicio fijo o de la resoluci\u00f3n de pantalla, la que sea mayor<\/td>\n<\/tr>\n<tr>\n<td>Vac\u00edo<\/td>\n<td>\u00b1 (0,25% de la lectura + t\u00e9rmino de piso de vac\u00edo)<\/td>\n<\/tr>\n<tr>\n<td>T\u00e9rmino de piso de vac\u00edo<\/td>\n<td>0,004 psi para 16 y 36 psi 0,01 psi para 300 psi<\/td>\n<\/tr>\n<tr>\n<td colspan=\"2\"><strong>Precisi\u00f3n-miliamperios<\/strong><\/td>\n<\/tr>\n<tr>\n<td>Exactitud<\/td>\n<td>\u00b1(0,025% de lectura + 0,001 mA)<\/td>\n<\/tr>\n<tr>\n<td>Gama<\/td>\n<td>De 0 a 55 mA<\/td>\n<\/tr>\n<tr>\n<td>Resoluci\u00f3n<\/td>\n<td>0,001 mA<\/td>\n<\/tr>\n<tr>\n<td>Conexi\u00f3n<\/td>\n<td>Conectores de 0,1&#8243; (4 mm), espaciado de 0,75&#8243; (19 mm)<\/td>\n<\/tr>\n<tr>\n<td colspan=\"2\"><strong>Especificaciones generales<\/strong><\/td>\n<\/tr>\n<tr>\n<td>Temperatura<\/td>\n<td>Funcionamiento: 32 a 122 \u00b0F (0 a 50 \u00b0C) Almacenamiento: -4 a 158 \u00b0F (-20 a 70 \u00b0C)<\/td>\n<\/tr>\n<tr>\n<td>Interfaz digital<\/td>\n<td>Micro-USB<\/td>\n<\/tr>\n<tr>\n<td>Bater\u00eda<\/td>\n<td>9 V, 90 horas t\u00edpicas<\/td>\n<\/tr>\n<\/tbody>\n<\/table>\n","protected":false},"excerpt":{"rendered":"<p class=\"short-description mhide ipad-view-setting\">Este calibrador de presi\u00f3n digital, que cabe f\u00e1cilmente en el bolsillo de la camisa, le proporciona una precisi\u00f3n de lectura del 0,05 % y resiste los da\u00f1os causados por la sobrepresi\u00f3n. Estuche de transporte no incluido con la opci\u00f3n &#8220;sin bomba&#8221;.<\/p>\n<p class=\"comment-tag-product\">\n<div class=\"row-fluid\">\n<div class=\"span12 mobile-pricing-box-padding\"><\/div>\n<\/div>\n","protected":false},"featured_media":7229,"comment_status":"open","ping_status":"closed","template":"","meta":{"_joinchat":[]},"product_brand":[],"product_cat":[15],"product_tag":[],"class_list":{"0":"post-7222","1":"product","2":"type-product","3":"status-publish","4":"has-post-thumbnail","6":"product_cat-sin-categorizar","8":"first","9":"instock","10":"shipping-taxable","11":"product-type-simple"},"yoast_head":"<!-- This site is optimized with the Yoast SEO plugin v26.4 - https:\/\/yoast.com\/wordpress\/plugins\/seo\/ -->\n<title>calibrador de presi\u00f3n de la serie ametek crystal is30 - Abaa tienda online<\/title>\n<meta name=\"robots\" content=\"index, follow, max-snippet:-1, max-image-preview:large, max-video-preview:-1\" \/>\n<link rel=\"canonical\" href=\"https:\/\/abaa.mx\/tienda\/calibrador-de-presion-de-la-serie-ametek-crystal-is30\/\" \/>\n<meta property=\"og:locale\" content=\"es_MX\" \/>\n<meta property=\"og:type\" content=\"article\" \/>\n<meta property=\"og:title\" content=\"calibrador de presi\u00f3n de la serie ametek crystal is30 - Abaa tienda online\" \/>\n<meta property=\"og:description\" content=\"Este calibrador de presi\u00f3n digital, que cabe f\u00e1cilmente en el bolsillo de la camisa, le proporciona una precisi\u00f3n de lectura del 0,05 % y resiste los da\u00f1os causados por la sobrepresi\u00f3n. Estuche de transporte no incluido con la opci\u00f3n &quot;sin bomba&quot;.\" \/>\n<meta property=\"og:url\" content=\"https:\/\/abaa.mx\/tienda\/calibrador-de-presion-de-la-serie-ametek-crystal-is30\/\" \/>\n<meta property=\"og:site_name\" content=\"Abaa tienda online\" \/>\n<meta property=\"og:image\" content=\"https:\/\/abaa.mx\/tienda\/wp-content\/uploads\/2023\/10\/Calibrador-de-presion-de-la-serie-AMETEK-Crystal-IS30.jpg\" \/>\n\t<meta property=\"og:image:width\" content=\"270\" \/>\n\t<meta property=\"og:image:height\" content=\"427\" \/>\n\t<meta property=\"og:image:type\" content=\"image\/jpeg\" \/>\n<meta name=\"twitter:card\" content=\"summary_large_image\" \/>\n<meta name=\"twitter:label1\" content=\"Tiempo de lectura\" \/>\n\t<meta name=\"twitter:data1\" content=\"1 minuto\" \/>\n<script type=\"application\/ld+json\" class=\"yoast-schema-graph\">{\"@context\":\"https:\/\/schema.org\",\"@graph\":[{\"@type\":\"WebPage\",\"@id\":\"https:\/\/abaa.mx\/tienda\/calibrador-de-presion-de-la-serie-ametek-crystal-is30\/\",\"url\":\"https:\/\/abaa.mx\/tienda\/calibrador-de-presion-de-la-serie-ametek-crystal-is30\/\",\"name\":\"calibrador de presi\u00f3n de la serie ametek crystal is30 - Abaa tienda online\",\"isPartOf\":{\"@id\":\"https:\/\/abaa.mx\/tienda\/#website\"},\"primaryImageOfPage\":{\"@id\":\"https:\/\/abaa.mx\/tienda\/calibrador-de-presion-de-la-serie-ametek-crystal-is30\/#primaryimage\"},\"image\":{\"@id\":\"https:\/\/abaa.mx\/tienda\/calibrador-de-presion-de-la-serie-ametek-crystal-is30\/#primaryimage\"},\"thumbnailUrl\":\"https:\/\/abaa.mx\/tienda\/wp-content\/uploads\/2023\/10\/Calibrador-de-presion-de-la-serie-AMETEK-Crystal-IS30.jpg\",\"datePublished\":\"2023-10-20T20:15:51+00:00\",\"breadcrumb\":{\"@id\":\"https:\/\/abaa.mx\/tienda\/calibrador-de-presion-de-la-serie-ametek-crystal-is30\/#breadcrumb\"},\"inLanguage\":\"es\",\"potentialAction\":[{\"@type\":\"ReadAction\",\"target\":[\"https:\/\/abaa.mx\/tienda\/calibrador-de-presion-de-la-serie-ametek-crystal-is30\/\"]}]},{\"@type\":\"ImageObject\",\"inLanguage\":\"es\",\"@id\":\"https:\/\/abaa.mx\/tienda\/calibrador-de-presion-de-la-serie-ametek-crystal-is30\/#primaryimage\",\"url\":\"https:\/\/abaa.mx\/tienda\/wp-content\/uploads\/2023\/10\/Calibrador-de-presion-de-la-serie-AMETEK-Crystal-IS30.jpg\",\"contentUrl\":\"https:\/\/abaa.mx\/tienda\/wp-content\/uploads\/2023\/10\/Calibrador-de-presion-de-la-serie-AMETEK-Crystal-IS30.jpg\",\"width\":270,\"height\":427,\"caption\":\"Calibrador de presi\u00f3n de la serie AMETEK Crystal IS30\"},{\"@type\":\"BreadcrumbList\",\"@id\":\"https:\/\/abaa.mx\/tienda\/calibrador-de-presion-de-la-serie-ametek-crystal-is30\/#breadcrumb\",\"itemListElement\":[{\"@type\":\"ListItem\",\"position\":1,\"name\":\"Inicio\",\"item\":\"https:\/\/abaa.mx\/tienda\/\"},{\"@type\":\"ListItem\",\"position\":2,\"name\":\"Tienda\",\"item\":\"https:\/\/abaa.mx\/tienda\/\"},{\"@type\":\"ListItem\",\"position\":3,\"name\":\"calibrador de presi\u00f3n de la serie ametek crystal is30\"}]},{\"@type\":\"WebSite\",\"@id\":\"https:\/\/abaa.mx\/tienda\/#website\",\"url\":\"https:\/\/abaa.mx\/tienda\/\",\"name\":\"Abaa tienda online\",\"description\":\"Instrumentos de medici\u00f3n\",\"publisher\":{\"@id\":\"https:\/\/abaa.mx\/tienda\/#organization\"},\"potentialAction\":[{\"@type\":\"SearchAction\",\"target\":{\"@type\":\"EntryPoint\",\"urlTemplate\":\"https:\/\/abaa.mx\/tienda\/?s={search_term_string}\"},\"query-input\":{\"@type\":\"PropertyValueSpecification\",\"valueRequired\":true,\"valueName\":\"search_term_string\"}}],\"inLanguage\":\"es\"},{\"@type\":\"Organization\",\"@id\":\"https:\/\/abaa.mx\/tienda\/#organization\",\"name\":\"Abaa tienda online\",\"url\":\"https:\/\/abaa.mx\/tienda\/\",\"logo\":{\"@type\":\"ImageObject\",\"inLanguage\":\"es\",\"@id\":\"https:\/\/abaa.mx\/tienda\/#\/schema\/logo\/image\/\",\"url\":\"https:\/\/abaa.mx\/tienda\/wp-content\/uploads\/2024\/01\/abaa-metrologia-tienda.png\",\"contentUrl\":\"https:\/\/abaa.mx\/tienda\/wp-content\/uploads\/2024\/01\/abaa-metrologia-tienda.png\",\"width\":300,\"height\":141,\"caption\":\"Abaa tienda online\"},\"image\":{\"@id\":\"https:\/\/abaa.mx\/tienda\/#\/schema\/logo\/image\/\"}}]}<\/script>\n<!-- \/ Yoast SEO plugin. -->","yoast_head_json":{"title":"calibrador de presi\u00f3n de la serie ametek crystal is30 - Abaa tienda online","robots":{"index":"index","follow":"follow","max-snippet":"max-snippet:-1","max-image-preview":"max-image-preview:large","max-video-preview":"max-video-preview:-1"},"canonical":"https:\/\/abaa.mx\/tienda\/calibrador-de-presion-de-la-serie-ametek-crystal-is30\/","og_locale":"es_MX","og_type":"article","og_title":"calibrador de presi\u00f3n de la serie ametek crystal is30 - Abaa tienda online","og_description":"Este calibrador de presi\u00f3n digital, que cabe f\u00e1cilmente en el bolsillo de la camisa, le proporciona una precisi\u00f3n de lectura del 0,05 % y resiste los da\u00f1os causados por la sobrepresi\u00f3n. Estuche de transporte no incluido con la opci\u00f3n \"sin bomba\".","og_url":"https:\/\/abaa.mx\/tienda\/calibrador-de-presion-de-la-serie-ametek-crystal-is30\/","og_site_name":"Abaa tienda online","og_image":[{"width":270,"height":427,"url":"https:\/\/abaa.mx\/tienda\/wp-content\/uploads\/2023\/10\/Calibrador-de-presion-de-la-serie-AMETEK-Crystal-IS30.jpg","type":"image\/jpeg"}],"twitter_card":"summary_large_image","twitter_misc":{"Tiempo de lectura":"1 minuto"},"schema":{"@context":"https:\/\/schema.org","@graph":[{"@type":"WebPage","@id":"https:\/\/abaa.mx\/tienda\/calibrador-de-presion-de-la-serie-ametek-crystal-is30\/","url":"https:\/\/abaa.mx\/tienda\/calibrador-de-presion-de-la-serie-ametek-crystal-is30\/","name":"calibrador de presi\u00f3n de la serie ametek crystal is30 - Abaa tienda online","isPartOf":{"@id":"https:\/\/abaa.mx\/tienda\/#website"},"primaryImageOfPage":{"@id":"https:\/\/abaa.mx\/tienda\/calibrador-de-presion-de-la-serie-ametek-crystal-is30\/#primaryimage"},"image":{"@id":"https:\/\/abaa.mx\/tienda\/calibrador-de-presion-de-la-serie-ametek-crystal-is30\/#primaryimage"},"thumbnailUrl":"https:\/\/abaa.mx\/tienda\/wp-content\/uploads\/2023\/10\/Calibrador-de-presion-de-la-serie-AMETEK-Crystal-IS30.jpg","datePublished":"2023-10-20T20:15:51+00:00","breadcrumb":{"@id":"https:\/\/abaa.mx\/tienda\/calibrador-de-presion-de-la-serie-ametek-crystal-is30\/#breadcrumb"},"inLanguage":"es","potentialAction":[{"@type":"ReadAction","target":["https:\/\/abaa.mx\/tienda\/calibrador-de-presion-de-la-serie-ametek-crystal-is30\/"]}]},{"@type":"ImageObject","inLanguage":"es","@id":"https:\/\/abaa.mx\/tienda\/calibrador-de-presion-de-la-serie-ametek-crystal-is30\/#primaryimage","url":"https:\/\/abaa.mx\/tienda\/wp-content\/uploads\/2023\/10\/Calibrador-de-presion-de-la-serie-AMETEK-Crystal-IS30.jpg","contentUrl":"https:\/\/abaa.mx\/tienda\/wp-content\/uploads\/2023\/10\/Calibrador-de-presion-de-la-serie-AMETEK-Crystal-IS30.jpg","width":270,"height":427,"caption":"Calibrador de presi\u00f3n de la serie AMETEK Crystal IS30"},{"@type":"BreadcrumbList","@id":"https:\/\/abaa.mx\/tienda\/calibrador-de-presion-de-la-serie-ametek-crystal-is30\/#breadcrumb","itemListElement":[{"@type":"ListItem","position":1,"name":"Inicio","item":"https:\/\/abaa.mx\/tienda\/"},{"@type":"ListItem","position":2,"name":"Tienda","item":"https:\/\/abaa.mx\/tienda\/"},{"@type":"ListItem","position":3,"name":"calibrador de presi\u00f3n de la serie ametek crystal is30"}]},{"@type":"WebSite","@id":"https:\/\/abaa.mx\/tienda\/#website","url":"https:\/\/abaa.mx\/tienda\/","name":"Abaa tienda online","description":"Instrumentos de medici\u00f3n","publisher":{"@id":"https:\/\/abaa.mx\/tienda\/#organization"},"potentialAction":[{"@type":"SearchAction","target":{"@type":"EntryPoint","urlTemplate":"https:\/\/abaa.mx\/tienda\/?s={search_term_string}"},"query-input":{"@type":"PropertyValueSpecification","valueRequired":true,"valueName":"search_term_string"}}],"inLanguage":"es"},{"@type":"Organization","@id":"https:\/\/abaa.mx\/tienda\/#organization","name":"Abaa tienda online","url":"https:\/\/abaa.mx\/tienda\/","logo":{"@type":"ImageObject","inLanguage":"es","@id":"https:\/\/abaa.mx\/tienda\/#\/schema\/logo\/image\/","url":"https:\/\/abaa.mx\/tienda\/wp-content\/uploads\/2024\/01\/abaa-metrologia-tienda.png","contentUrl":"https:\/\/abaa.mx\/tienda\/wp-content\/uploads\/2024\/01\/abaa-metrologia-tienda.png","width":300,"height":141,"caption":"Abaa tienda online"},"image":{"@id":"https:\/\/abaa.mx\/tienda\/#\/schema\/logo\/image\/"}}]}},"_links":{"self":[{"href":"https:\/\/abaa.mx\/tienda\/wp-json\/wp\/v2\/product\/7222","targetHints":{"allow":["GET"]}}],"collection":[{"href":"https:\/\/abaa.mx\/tienda\/wp-json\/wp\/v2\/product"}],"about":[{"href":"https:\/\/abaa.mx\/tienda\/wp-json\/wp\/v2\/types\/product"}],"replies":[{"embeddable":true,"href":"https:\/\/abaa.mx\/tienda\/wp-json\/wp\/v2\/comments?post=7222"}],"wp:featuredmedia":[{"embeddable":true,"href":"https:\/\/abaa.mx\/tienda\/wp-json\/wp\/v2\/media\/7229"}],"wp:attachment":[{"href":"https:\/\/abaa.mx\/tienda\/wp-json\/wp\/v2\/media?parent=7222"}],"wp:term":[{"taxonomy":"product_brand","embeddable":true,"href":"https:\/\/abaa.mx\/tienda\/wp-json\/wp\/v2\/product_brand?post=7222"},{"taxonomy":"product_cat","embeddable":true,"href":"https:\/\/abaa.mx\/tienda\/wp-json\/wp\/v2\/product_cat?post=7222"},{"taxonomy":"product_tag","embeddable":true,"href":"https:\/\/abaa.mx\/tienda\/wp-json\/wp\/v2\/product_tag?post=7222"}],"curies":[{"name":"wp","href":"https:\/\/api.w.org\/{rel}","templated":true}]}}