{"id":7221,"date":"2023-10-20T20:13:44","date_gmt":"2023-10-20T20:13:44","guid":{"rendered":"https:\/\/abaa.mx\/tienda\/?post_type=product&#038;p=7221"},"modified":"2023-10-20T20:13:45","modified_gmt":"2023-10-20T20:13:45","slug":"calibrador-de-presion-de-la-serie-ametek-crystal-hpc50","status":"publish","type":"product","link":"https:\/\/abaa.mx\/tienda\/calibrador-de-presion-de-la-serie-ametek-crystal-hpc50\/","title":{"rendered":"calibrador de presi\u00f3n de la serie ametek crystal hpc50"},"content":{"rendered":"<p>Con la seguridad intr\u00ednseca como m\u00e1xima prioridad, este calibrador de presi\u00f3n port\u00e1til dual viene con opciones para agregar dos m\u00f3dulos de presi\u00f3n o temperatura externos adicionales.<\/p>\n<p><strong>Funciones<\/strong><\/p>\n<ul>\n<li>0,035% de precisi\u00f3n de lectura<\/li>\n<li>Presi\u00f3n manom\u00e9trica, absoluta y diferencial hasta 10.000 psi\/700 bar\/70 MPa<\/li>\n<li>Medir el sumidero mA y V<\/li>\n<li>Term\u00f3metro de alta precisi\u00f3n con tecnolog\u00eda de ohmios reales<\/li>\n<li>Almacenar y recuperar pantallas usadas anteriormente<\/li>\n<\/ul>\n<p><strong>Aplicaciones<\/strong><\/p>\n<ul>\n<li>Trabajos de tipo herramienta simple<\/li>\n<li>Trabajos de calibraci\u00f3n complejos en sistemas de transferencia de custodia<\/li>\n<\/ul>\n<h4>Especificaciones de la serie Crystal Pressure HPC50<\/h4>\n<table class=\"table table-striped\">\n<tbody>\n<tr>\n<td colspan=\"2\"><strong>psi (presi\u00f3n manom\u00e9trica) de 18 a 28 \u00b0C<\/strong><\/td>\n<\/tr>\n<tr>\n<td>De 18 a 28\u00b0C<\/td>\n<td>De 0 a 30 % del rango<br \/>\n\u00b1 (0,01 % de la escala completa)<\/td>\n<\/tr>\n<tr>\n<td>Del 30 al 110 % del alcance<\/td>\n<td>\u00b1(0.035% de la lectura)<\/td>\n<\/tr>\n<tr>\n<td>Vac\u00edo<\/td>\n<td>\u00b1 (0,05% de la escala completa)<\/td>\n<\/tr>\n<tr>\n<td colspan=\"2\"><strong>psi (presi\u00f3n manom\u00e9trica) -20 a 50 \u00b0C<\/strong><\/td>\n<\/tr>\n<tr>\n<td>De 0 a 30% del alcance<\/td>\n<td>\u00b1 (0,015% de la escala completa)<\/td>\n<\/tr>\n<tr>\n<td>Vac\u00edo<\/td>\n<td>Del 30 al 110 % del alcance<\/td>\n<\/tr>\n<tr>\n<td colspan=\"2\"><strong>psi (Presi\u00f3n absoluta con opci\u00f3n BARO)<\/strong><\/td>\n<\/tr>\n<tr>\n<td>Rango de 15 psi<\/td>\n<td>Precisi\u00f3n de calibre +0,005 psiA<\/td>\n<\/tr>\n<tr>\n<td>Rango de 30 psi<\/td>\n<td>Precisi\u00f3n de calibre +0,005 psiA<\/td>\n<\/tr>\n<tr>\n<td>Rango de 100 psi<\/td>\n<td>Precisi\u00f3n de calibre +0,002 psiA<\/td>\n<\/tr>\n<tr>\n<td colspan=\"2\"><strong>Presi\u00f3n diferencial<\/strong><\/td>\n<\/tr>\n<tr>\n<td>Sin funci\u00f3n de tara<\/td>\n<td>\u00b1 (0,05% de la lectura de presi\u00f3n de l\u00ednea est\u00e1tica)<\/td>\n<\/tr>\n<tr>\n<td colspan=\"2\"><strong>Sensor de presi\u00f3n<\/strong><\/td>\n<\/tr>\n<tr>\n<td>Materiales humedecidos<\/td>\n<td>Acero inoxidable 316 (apret\u00f3n con llave), acero inoxidable 316 (apretado con dedos) y Viton con junta<br \/>\nt\u00f3rica interna (10 psi\/1 bar\/100 kPa),<br \/>\nacero inoxidable 316 y Viton\u00ae\u00ae<\/td>\n<\/tr>\n<tr>\n<td>Fluido de sellado de diafragma<\/td>\n<td>Aceite de silicona<\/td>\n<\/tr>\n<tr>\n<td>Conexi\u00f3n<\/td>\n<td>Cristal CPF hembra<\/td>\n<\/tr>\n<tr>\n<td colspan=\"2\"><strong>Referencia Barom\u00e9trica (Baro)<\/strong><\/td>\n<\/tr>\n<tr>\n<td>Exactitud<\/td>\n<td>\u00b10,00725 psi, \u00b10,5 mbar<\/td>\n<\/tr>\n<tr>\n<td>Gama<\/td>\n<td>De 10,153 a 15,954 psiA De 700,0 a 1100,0 mbarA<\/td>\n<\/tr>\n<tr>\n<td>Unidades y resoluci\u00f3n<\/td>\n<td>psi: 0.001<br \/>\ninHg: 0.001<br \/>\nmmHg: 0.01<br \/>\nmbar: 0.1<\/td>\n<\/tr>\n<tr>\n<td colspan=\"2\"><strong>Entrada de corriente (mA)<\/strong><\/td>\n<\/tr>\n<tr>\n<td>Exactitud<\/td>\n<td>\u00b1(0,015% de rdg + 0,002 mA)<\/td>\n<\/tr>\n<tr>\n<td>Rango de mA<\/td>\n<td>De 0 a 55 mA<\/td>\n<\/tr>\n<tr>\n<td>Rango porcentual<\/td>\n<td>De 0 a 20, de 4 a 20, de 10 a 50<\/td>\n<\/tr>\n<tr>\n<td>Corriente m\u00e1xima permitida<\/td>\n<td>93,3 mA<\/td>\n<\/tr>\n<tr>\n<td>Resoluci\u00f3n<\/td>\n<td>0,001 mA o 0,01%<\/td>\n<\/tr>\n<tr>\n<td>Unidades<\/td>\n<td>mA, escalado, % de error y % de caudal<\/td>\n<\/tr>\n<tr>\n<td>Resistencia de entrada<\/td>\n<td>&lt;4.99 \u03a9<\/td>\n<\/tr>\n<tr>\n<td>Carga de voltaje a 20 mA<\/td>\n<td>&lt;0,10 V<\/td>\n<\/tr>\n<tr>\n<td>Carga de voltaje a 50 mA<\/td>\n<td>&lt;0,250 V<\/td>\n<\/tr>\n<tr>\n<td>Resistencia HART<\/td>\n<td>250 \u03a9<\/td>\n<\/tr>\n<tr>\n<td colspan=\"2\"><strong>Sumidero de corriente (mA)<\/strong><\/td>\n<\/tr>\n<tr>\n<td>Exactitud<\/td>\n<td>\u00b1(0,015 de rdg + 0,002 mA)<\/td>\n<\/tr>\n<tr>\n<td>Gama<\/td>\n<td>De 0 a 25 mA<\/td>\n<\/tr>\n<tr>\n<td>Tiempo de paso<\/td>\n<td>De 1 a 999 segundos<\/td>\n<\/tr>\n<tr>\n<td>Tiempo de rampa<\/td>\n<td>De 5 a 999 segundos<\/td>\n<\/tr>\n<tr>\n<td colspan=\"2\"><strong>Entrada de voltaje (V CC)<\/strong><\/td>\n<\/tr>\n<tr>\n<td>Exactitud<\/td>\n<td>\u00b1(0,015 % de rdg + 2 mV)<\/td>\n<\/tr>\n<tr>\n<td>Gama<\/td>\n<td>De 0 a 28 V CC<\/td>\n<\/tr>\n<tr>\n<td>Resoluci\u00f3n<\/td>\n<td>0,001 V CC<\/td>\n<\/tr>\n<tr>\n<td colspan=\"2\"><strong>Prueba de interruptor<\/strong><\/td>\n<\/tr>\n<tr>\n<td>Tipo de interruptor<\/td>\n<td>Contacto seco<\/td>\n<\/tr>\n<tr>\n<td>Resistencia de estado cerrado<\/td>\n<td>&lt;1K \u03a9<\/td>\n<\/tr>\n<tr>\n<td>Resistencia de estado abierto<\/td>\n<td>&gt;100K \u03a9<\/td>\n<\/tr>\n<tr>\n<td>Frecuencia de muestreo<\/td>\n<td>10 Hz<\/td>\n<\/tr>\n<tr>\n<td colspan=\"2\"><strong>Especificaciones generales<\/strong><\/td>\n<\/tr>\n<tr>\n<td>Temperatura<\/td>\n<td>En funcionamiento: -4 a 122 \u00b0F (-20 a 50 \u00b0C) Almacenamiento: -40 a 167 \u00b0F (-40 a 75 \u00b0C)<\/td>\n<\/tr>\n<tr>\n<td>Poder<\/td>\n<td>Pilas alcalinas de 1,5 V (tensi\u00f3n de celda)<\/td>\n<\/tr>\n<tr>\n<td>Duraci\u00f3n de la bater\u00eda<\/td>\n<td>Sin m\u00f3dulos externos: 35 horas Un m\u00f3dulo externo: 25 horas Dos m\u00f3dulos externos: 12 horas<\/td>\n<\/tr>\n<tr>\n<td>Vivienda<\/td>\n<td>Pl\u00e1stico PC\/PBT<\/td>\n<\/tr>\n<tr>\n<td>Clasificaci\u00f3n<\/td>\n<td>IP66\/67<\/td>\n<\/tr>\n<tr>\n<td>Peso<\/td>\n<td>567 g (1,25 libras)<\/td>\n<\/tr>\n<\/tbody>\n<\/table>\n","protected":false},"excerpt":{"rendered":"<p class=\"short-description mhide ipad-view-setting\">Con todas las ventajas del HPC 40, este calibrador de presi\u00f3n lo lleva a un nivel superior y ofrece una mejor duraci\u00f3n de la bater\u00eda, una pantalla mejorada y una conexi\u00f3n de m\u00f3dulo externo, todo ello mientras se compensa completamente la presi\u00f3n, la temperatura y las mediciones el\u00e9ctricas de -4 a 122 \u00b0F (-20 a 50 \u00b0C). Estuche de transporte no incluido con la opci\u00f3n &#8220;sin bomba&#8221;.<\/p>\n<p class=\"comment-tag-product\">\n<div class=\"row-fluid\">\n<div class=\"span12 mobile-pricing-box-padding\"><\/div>\n<\/div>\n","protected":false},"featured_media":7228,"comment_status":"open","ping_status":"closed","template":"","meta":{"_joinchat":[]},"product_brand":[],"product_cat":[15],"product_tag":[],"class_list":{"0":"post-7221","1":"product","2":"type-product","3":"status-publish","4":"has-post-thumbnail","6":"product_cat-sin-categorizar","8":"first","9":"instock","10":"shipping-taxable","11":"product-type-simple"},"yoast_head":"<!-- This site is optimized with the Yoast SEO plugin v26.4 - https:\/\/yoast.com\/wordpress\/plugins\/seo\/ -->\n<title>calibrador de presi\u00f3n de la serie ametek crystal hpc50 - Abaa tienda online<\/title>\n<meta name=\"robots\" content=\"index, follow, max-snippet:-1, max-image-preview:large, max-video-preview:-1\" \/>\n<link rel=\"canonical\" href=\"https:\/\/abaa.mx\/tienda\/calibrador-de-presion-de-la-serie-ametek-crystal-hpc50\/\" \/>\n<meta property=\"og:locale\" content=\"es_MX\" \/>\n<meta property=\"og:type\" content=\"article\" \/>\n<meta property=\"og:title\" content=\"calibrador de presi\u00f3n de la serie ametek crystal hpc50 - Abaa tienda online\" \/>\n<meta property=\"og:description\" content=\"Con todas las ventajas del HPC 40, este calibrador de presi\u00f3n lo lleva a un nivel superior y ofrece una mejor duraci\u00f3n de la bater\u00eda, una pantalla mejorada y una conexi\u00f3n de m\u00f3dulo externo, todo ello mientras se compensa completamente la presi\u00f3n, la temperatura y las mediciones el\u00e9ctricas de -4 a 122 \u00b0F (-20 a 50 \u00b0C). Estuche de transporte no incluido con la opci\u00f3n &quot;sin bomba&quot;.\" \/>\n<meta property=\"og:url\" content=\"https:\/\/abaa.mx\/tienda\/calibrador-de-presion-de-la-serie-ametek-crystal-hpc50\/\" \/>\n<meta property=\"og:site_name\" content=\"Abaa tienda online\" \/>\n<meta property=\"article:modified_time\" content=\"2023-10-20T20:13:45+00:00\" \/>\n<meta property=\"og:image\" content=\"https:\/\/abaa.mx\/tienda\/wp-content\/uploads\/2023\/10\/Calibrador-de-presion-de-la-serie-AMETEK-Crystal-HPC50.jpg\" \/>\n\t<meta property=\"og:image:width\" content=\"270\" \/>\n\t<meta property=\"og:image:height\" content=\"360\" \/>\n\t<meta property=\"og:image:type\" content=\"image\/jpeg\" \/>\n<meta name=\"twitter:card\" content=\"summary_large_image\" \/>\n<meta name=\"twitter:label1\" content=\"Tiempo de lectura\" \/>\n\t<meta name=\"twitter:data1\" content=\"3 minutos\" \/>\n<script type=\"application\/ld+json\" class=\"yoast-schema-graph\">{\"@context\":\"https:\/\/schema.org\",\"@graph\":[{\"@type\":\"WebPage\",\"@id\":\"https:\/\/abaa.mx\/tienda\/calibrador-de-presion-de-la-serie-ametek-crystal-hpc50\/\",\"url\":\"https:\/\/abaa.mx\/tienda\/calibrador-de-presion-de-la-serie-ametek-crystal-hpc50\/\",\"name\":\"calibrador de presi\u00f3n de la serie ametek crystal hpc50 - Abaa tienda online\",\"isPartOf\":{\"@id\":\"https:\/\/abaa.mx\/tienda\/#website\"},\"primaryImageOfPage\":{\"@id\":\"https:\/\/abaa.mx\/tienda\/calibrador-de-presion-de-la-serie-ametek-crystal-hpc50\/#primaryimage\"},\"image\":{\"@id\":\"https:\/\/abaa.mx\/tienda\/calibrador-de-presion-de-la-serie-ametek-crystal-hpc50\/#primaryimage\"},\"thumbnailUrl\":\"https:\/\/abaa.mx\/tienda\/wp-content\/uploads\/2023\/10\/Calibrador-de-presion-de-la-serie-AMETEK-Crystal-HPC50.jpg\",\"datePublished\":\"2023-10-20T20:13:44+00:00\",\"dateModified\":\"2023-10-20T20:13:45+00:00\",\"breadcrumb\":{\"@id\":\"https:\/\/abaa.mx\/tienda\/calibrador-de-presion-de-la-serie-ametek-crystal-hpc50\/#breadcrumb\"},\"inLanguage\":\"es\",\"potentialAction\":[{\"@type\":\"ReadAction\",\"target\":[\"https:\/\/abaa.mx\/tienda\/calibrador-de-presion-de-la-serie-ametek-crystal-hpc50\/\"]}]},{\"@type\":\"ImageObject\",\"inLanguage\":\"es\",\"@id\":\"https:\/\/abaa.mx\/tienda\/calibrador-de-presion-de-la-serie-ametek-crystal-hpc50\/#primaryimage\",\"url\":\"https:\/\/abaa.mx\/tienda\/wp-content\/uploads\/2023\/10\/Calibrador-de-presion-de-la-serie-AMETEK-Crystal-HPC50.jpg\",\"contentUrl\":\"https:\/\/abaa.mx\/tienda\/wp-content\/uploads\/2023\/10\/Calibrador-de-presion-de-la-serie-AMETEK-Crystal-HPC50.jpg\",\"width\":270,\"height\":360,\"caption\":\"Calibrador de presi\u00f3n de la serie AMETEK Crystal HPC50\"},{\"@type\":\"BreadcrumbList\",\"@id\":\"https:\/\/abaa.mx\/tienda\/calibrador-de-presion-de-la-serie-ametek-crystal-hpc50\/#breadcrumb\",\"itemListElement\":[{\"@type\":\"ListItem\",\"position\":1,\"name\":\"Inicio\",\"item\":\"https:\/\/abaa.mx\/tienda\/\"},{\"@type\":\"ListItem\",\"position\":2,\"name\":\"Tienda\",\"item\":\"https:\/\/abaa.mx\/tienda\/\"},{\"@type\":\"ListItem\",\"position\":3,\"name\":\"calibrador de presi\u00f3n de la serie ametek crystal hpc50\"}]},{\"@type\":\"WebSite\",\"@id\":\"https:\/\/abaa.mx\/tienda\/#website\",\"url\":\"https:\/\/abaa.mx\/tienda\/\",\"name\":\"Abaa tienda online\",\"description\":\"Instrumentos de medici\u00f3n\",\"publisher\":{\"@id\":\"https:\/\/abaa.mx\/tienda\/#organization\"},\"potentialAction\":[{\"@type\":\"SearchAction\",\"target\":{\"@type\":\"EntryPoint\",\"urlTemplate\":\"https:\/\/abaa.mx\/tienda\/?s={search_term_string}\"},\"query-input\":{\"@type\":\"PropertyValueSpecification\",\"valueRequired\":true,\"valueName\":\"search_term_string\"}}],\"inLanguage\":\"es\"},{\"@type\":\"Organization\",\"@id\":\"https:\/\/abaa.mx\/tienda\/#organization\",\"name\":\"Abaa tienda online\",\"url\":\"https:\/\/abaa.mx\/tienda\/\",\"logo\":{\"@type\":\"ImageObject\",\"inLanguage\":\"es\",\"@id\":\"https:\/\/abaa.mx\/tienda\/#\/schema\/logo\/image\/\",\"url\":\"https:\/\/abaa.mx\/tienda\/wp-content\/uploads\/2024\/01\/abaa-metrologia-tienda.png\",\"contentUrl\":\"https:\/\/abaa.mx\/tienda\/wp-content\/uploads\/2024\/01\/abaa-metrologia-tienda.png\",\"width\":300,\"height\":141,\"caption\":\"Abaa tienda online\"},\"image\":{\"@id\":\"https:\/\/abaa.mx\/tienda\/#\/schema\/logo\/image\/\"}}]}<\/script>\n<!-- \/ Yoast SEO plugin. -->","yoast_head_json":{"title":"calibrador de presi\u00f3n de la serie ametek crystal hpc50 - Abaa tienda online","robots":{"index":"index","follow":"follow","max-snippet":"max-snippet:-1","max-image-preview":"max-image-preview:large","max-video-preview":"max-video-preview:-1"},"canonical":"https:\/\/abaa.mx\/tienda\/calibrador-de-presion-de-la-serie-ametek-crystal-hpc50\/","og_locale":"es_MX","og_type":"article","og_title":"calibrador de presi\u00f3n de la serie ametek crystal hpc50 - Abaa tienda online","og_description":"Con todas las ventajas del HPC 40, este calibrador de presi\u00f3n lo lleva a un nivel superior y ofrece una mejor duraci\u00f3n de la bater\u00eda, una pantalla mejorada y una conexi\u00f3n de m\u00f3dulo externo, todo ello mientras se compensa completamente la presi\u00f3n, la temperatura y las mediciones el\u00e9ctricas de -4 a 122 \u00b0F (-20 a 50 \u00b0C). Estuche de transporte no incluido con la opci\u00f3n \"sin bomba\".","og_url":"https:\/\/abaa.mx\/tienda\/calibrador-de-presion-de-la-serie-ametek-crystal-hpc50\/","og_site_name":"Abaa tienda online","article_modified_time":"2023-10-20T20:13:45+00:00","og_image":[{"width":270,"height":360,"url":"https:\/\/abaa.mx\/tienda\/wp-content\/uploads\/2023\/10\/Calibrador-de-presion-de-la-serie-AMETEK-Crystal-HPC50.jpg","type":"image\/jpeg"}],"twitter_card":"summary_large_image","twitter_misc":{"Tiempo de lectura":"3 minutos"},"schema":{"@context":"https:\/\/schema.org","@graph":[{"@type":"WebPage","@id":"https:\/\/abaa.mx\/tienda\/calibrador-de-presion-de-la-serie-ametek-crystal-hpc50\/","url":"https:\/\/abaa.mx\/tienda\/calibrador-de-presion-de-la-serie-ametek-crystal-hpc50\/","name":"calibrador de presi\u00f3n de la serie ametek crystal hpc50 - Abaa tienda online","isPartOf":{"@id":"https:\/\/abaa.mx\/tienda\/#website"},"primaryImageOfPage":{"@id":"https:\/\/abaa.mx\/tienda\/calibrador-de-presion-de-la-serie-ametek-crystal-hpc50\/#primaryimage"},"image":{"@id":"https:\/\/abaa.mx\/tienda\/calibrador-de-presion-de-la-serie-ametek-crystal-hpc50\/#primaryimage"},"thumbnailUrl":"https:\/\/abaa.mx\/tienda\/wp-content\/uploads\/2023\/10\/Calibrador-de-presion-de-la-serie-AMETEK-Crystal-HPC50.jpg","datePublished":"2023-10-20T20:13:44+00:00","dateModified":"2023-10-20T20:13:45+00:00","breadcrumb":{"@id":"https:\/\/abaa.mx\/tienda\/calibrador-de-presion-de-la-serie-ametek-crystal-hpc50\/#breadcrumb"},"inLanguage":"es","potentialAction":[{"@type":"ReadAction","target":["https:\/\/abaa.mx\/tienda\/calibrador-de-presion-de-la-serie-ametek-crystal-hpc50\/"]}]},{"@type":"ImageObject","inLanguage":"es","@id":"https:\/\/abaa.mx\/tienda\/calibrador-de-presion-de-la-serie-ametek-crystal-hpc50\/#primaryimage","url":"https:\/\/abaa.mx\/tienda\/wp-content\/uploads\/2023\/10\/Calibrador-de-presion-de-la-serie-AMETEK-Crystal-HPC50.jpg","contentUrl":"https:\/\/abaa.mx\/tienda\/wp-content\/uploads\/2023\/10\/Calibrador-de-presion-de-la-serie-AMETEK-Crystal-HPC50.jpg","width":270,"height":360,"caption":"Calibrador de presi\u00f3n de la serie AMETEK Crystal HPC50"},{"@type":"BreadcrumbList","@id":"https:\/\/abaa.mx\/tienda\/calibrador-de-presion-de-la-serie-ametek-crystal-hpc50\/#breadcrumb","itemListElement":[{"@type":"ListItem","position":1,"name":"Inicio","item":"https:\/\/abaa.mx\/tienda\/"},{"@type":"ListItem","position":2,"name":"Tienda","item":"https:\/\/abaa.mx\/tienda\/"},{"@type":"ListItem","position":3,"name":"calibrador de presi\u00f3n de la serie ametek crystal hpc50"}]},{"@type":"WebSite","@id":"https:\/\/abaa.mx\/tienda\/#website","url":"https:\/\/abaa.mx\/tienda\/","name":"Abaa tienda online","description":"Instrumentos de medici\u00f3n","publisher":{"@id":"https:\/\/abaa.mx\/tienda\/#organization"},"potentialAction":[{"@type":"SearchAction","target":{"@type":"EntryPoint","urlTemplate":"https:\/\/abaa.mx\/tienda\/?s={search_term_string}"},"query-input":{"@type":"PropertyValueSpecification","valueRequired":true,"valueName":"search_term_string"}}],"inLanguage":"es"},{"@type":"Organization","@id":"https:\/\/abaa.mx\/tienda\/#organization","name":"Abaa tienda online","url":"https:\/\/abaa.mx\/tienda\/","logo":{"@type":"ImageObject","inLanguage":"es","@id":"https:\/\/abaa.mx\/tienda\/#\/schema\/logo\/image\/","url":"https:\/\/abaa.mx\/tienda\/wp-content\/uploads\/2024\/01\/abaa-metrologia-tienda.png","contentUrl":"https:\/\/abaa.mx\/tienda\/wp-content\/uploads\/2024\/01\/abaa-metrologia-tienda.png","width":300,"height":141,"caption":"Abaa tienda online"},"image":{"@id":"https:\/\/abaa.mx\/tienda\/#\/schema\/logo\/image\/"}}]}},"_links":{"self":[{"href":"https:\/\/abaa.mx\/tienda\/wp-json\/wp\/v2\/product\/7221","targetHints":{"allow":["GET"]}}],"collection":[{"href":"https:\/\/abaa.mx\/tienda\/wp-json\/wp\/v2\/product"}],"about":[{"href":"https:\/\/abaa.mx\/tienda\/wp-json\/wp\/v2\/types\/product"}],"replies":[{"embeddable":true,"href":"https:\/\/abaa.mx\/tienda\/wp-json\/wp\/v2\/comments?post=7221"}],"wp:featuredmedia":[{"embeddable":true,"href":"https:\/\/abaa.mx\/tienda\/wp-json\/wp\/v2\/media\/7228"}],"wp:attachment":[{"href":"https:\/\/abaa.mx\/tienda\/wp-json\/wp\/v2\/media?parent=7221"}],"wp:term":[{"taxonomy":"product_brand","embeddable":true,"href":"https:\/\/abaa.mx\/tienda\/wp-json\/wp\/v2\/product_brand?post=7221"},{"taxonomy":"product_cat","embeddable":true,"href":"https:\/\/abaa.mx\/tienda\/wp-json\/wp\/v2\/product_cat?post=7221"},{"taxonomy":"product_tag","embeddable":true,"href":"https:\/\/abaa.mx\/tienda\/wp-json\/wp\/v2\/product_tag?post=7221"}],"curies":[{"name":"wp","href":"https:\/\/api.w.org\/{rel}","templated":true}]}}