{"id":7220,"date":"2023-10-20T20:11:11","date_gmt":"2023-10-20T20:11:11","guid":{"rendered":"https:\/\/abaa.mx\/tienda\/?post_type=product&#038;p=7220"},"modified":"2023-10-20T20:11:12","modified_gmt":"2023-10-20T20:11:12","slug":"calibrador-de-presion-de-la-serie-ametek-crystal-hpc40","status":"publish","type":"product","link":"https:\/\/abaa.mx\/tienda\/calibrador-de-presion-de-la-serie-ametek-crystal-hpc40\/","title":{"rendered":"calibrador de presi\u00f3n de la serie ametek crystal hpc40"},"content":{"rendered":"<p><strong>Funciones<\/strong><\/p>\n<ul>\n<li>0,035% de precisi\u00f3n de lectura<\/li>\n<li>Presi\u00f3n manom\u00e9trica, absoluta y diferencial hasta 15.000 psi (1000 bar)<\/li>\n<li>Simplicidad avanzada Interfaz &#8220;sin men\u00fa&#8221;<\/li>\n<li>Medici\u00f3n y fuente de mA con alimentaci\u00f3n de bucle externo o fuente de alimentaci\u00f3n interna de 24 V CC<\/li>\n<li>Term\u00f3metro de alta precisi\u00f3n con tecnolog\u00eda de &#8220;ohmios verdaderos&#8221;<\/li>\n<li>Almacenar y recuperar pantallas usadas anteriormente<\/li>\n<li>Opciones de alimentaci\u00f3n flexibles, incluida la recargable<\/li>\n<\/ul>\n<p><strong>Aplicaciones<\/strong><\/p>\n<ul>\n<li>Trabajos de tipo herramienta simple<\/li>\n<li>Trabajos de calibraci\u00f3n complejos<\/li>\n<\/ul>\n<h4>Especificaciones de la serie Crystal Pressure HPC40<\/h4>\n<table class=\"table table=striped\">\n<tbody>\n<tr>\n<td colspan=\"2\"><strong>Precisi\u00f3n &#8211; Medici\u00f3n de presi\u00f3n<\/strong><\/td>\n<\/tr>\n<tr>\n<td>psi (presi\u00f3n manom\u00e9trica) 64.4 a 82.4 \u00b0F (18 a 28 \u00b0C)<\/td>\n<td>De 0 a 30 % del intervalo: \u00b1 (0,01 % de la escala completa) Del 30 al 110 % del intervalo: \u00b1 (0,035 % de la lectura) Vac\u00edo: \u00b1 (0,05 % de la escala completa)<\/td>\n<\/tr>\n<tr>\n<td>psi (presi\u00f3n manom\u00e9trica) -4 a 122 \u00b0F (-20 a 50 \u00b0C)<\/td>\n<td>De 0 a 30 % del rango: \u00b1 (0,015 % de la escala completa) Del 30 al 110 % del rango: \u00b1 (0,050 % de la lectura) Vac\u00edo* : \u00b1 (0,05 % del dcale completo)<\/td>\n<\/tr>\n<tr>\n<td>psiA (Presi\u00f3n absoluta con opci\u00f3n BARO)<\/td>\n<td>Todas las precisiones absolutas son equivalentes a las precisiones de presi\u00f3n manom\u00e9trica, excepto como se indica a continuaci\u00f3n<br \/>\nRango de 30 psi: Precisi\u00f3n manom\u00e9trica +0,005 psi<br \/>\nAlcance de 100 psi: Precisi\u00f3n manom\u00e9trica +0,002 psiA<\/td>\n<\/tr>\n<tr>\n<td colspan=\"2\"><strong>Presi\u00f3n diferencial<\/strong><\/td>\n<\/tr>\n<tr>\n<td>Sin funci\u00f3n de tara<\/td>\n<td>\u00b1 (0,05% de la lectura de presi\u00f3n de l\u00ednea est\u00e1tica)<\/td>\n<\/tr>\n<tr>\n<td colspan=\"2\"><strong>Sensor de presi\u00f3n<\/strong><\/td>\n<\/tr>\n<tr>\n<td>Materiales humedecidos<\/td>\n<td>Acero inoxidable 316 (llave apretada),<br \/>\nacero inoxidable 316 y Viton\u00ae (junta t\u00f3rica interna)<\/td>\n<\/tr>\n<tr>\n<td>Fluido de sellado de diafragma<\/td>\n<td>Aceite de silicona<\/td>\n<\/tr>\n<tr>\n<td>Conexi\u00f3n<\/td>\n<td>CPF Femenino<\/td>\n<\/tr>\n<tr>\n<td colspan=\"2\"><strong>Referencia del bar\u00f3metro<\/strong><\/td>\n<\/tr>\n<tr>\n<td>Exactitud<\/td>\n<td>\u00b1 0,00725 psi, \u00b1 0,5 mbar<\/td>\n<\/tr>\n<tr>\n<td>Gama<\/td>\n<td>De 10,153 a 15,954 psiA De 700,0 a 1100,0 mbarA<\/td>\n<\/tr>\n<tr>\n<td>Unidades y resoluci\u00f3n<\/td>\n<td>psi: 0.001<br \/>\ninHg: 0.001<br \/>\nmmHg: 0.01<br \/>\nmbar: 0.1<\/td>\n<\/tr>\n<tr>\n<td>Conexi\u00f3n de presi\u00f3n<\/td>\n<td><span>Racor de sensor cil\u00edndrico de 5,8 mm de di\u00e1metro exterior<br \/>\nA flexible\u00a0<\/span><sup>3<\/sup><span>\u2044<\/span><sub>16<\/sub><span>\u00a0(4,8 mm) Se recomienda conectar el tubo de identificaci\u00f3n para para calibraci\u00f3n<\/span><\/td>\n<\/tr>\n<tr>\n<td colspan=\"2\"><strong>Corriente y voltaje<\/strong><\/td>\n<\/tr>\n<tr>\n<td>Conexi\u00f3n<\/td>\n<td>Conectores de 0,15&#8243; (4 mm)<\/td>\n<\/tr>\n<tr>\n<td>Voltaje m\u00e1ximo<\/td>\n<td>45 V CC<\/td>\n<\/tr>\n<tr>\n<td colspan=\"2\"><strong>Entrada de corriente mA<\/strong><\/td>\n<\/tr>\n<tr>\n<td>Exactitud<\/td>\n<td>\u00b1(0,015% de rdg + 0,002 mA)<\/td>\n<\/tr>\n<tr>\n<td>Rango de mA<\/td>\n<td>De 0 a 55 mA<\/td>\n<\/tr>\n<tr>\n<td>Rango porcentual<\/td>\n<td>De 0 a 20, de 4 a 20, de 10 a 50<\/td>\n<\/tr>\n<tr>\n<td>Corriente m\u00e1xima permitida<\/td>\n<td>60 mA<\/td>\n<\/tr>\n<tr>\n<td>Resoluci\u00f3n<\/td>\n<td>0,001 mA o 0,01%<\/td>\n<\/tr>\n<tr>\n<td>Unidades<\/td>\n<td>mA y %<\/td>\n<\/tr>\n<tr>\n<td>Resistencia de entrada<\/td>\n<td>&lt;17.2 \u03a9<\/td>\n<\/tr>\n<tr>\n<td>Carga de voltaje a 20 mA<\/td>\n<td>&lt;0,35 V<\/td>\n<\/tr>\n<tr>\n<td>Carga de voltaje a 50 mA<\/td>\n<td>&lt;0,86 V<\/td>\n<\/tr>\n<tr>\n<td>Resistencia HART<\/td>\n<td>250 \u03a9<\/td>\n<\/tr>\n<tr>\n<td colspan=\"2\"><strong>Salida de corriente (mA)<\/strong><\/td>\n<\/tr>\n<tr>\n<td>Exactitud<\/td>\n<td>\u00b1(0,015 de rdg + 0,002 mA)<\/td>\n<\/tr>\n<tr>\n<td>Gama<\/td>\n<td>De 0 a 25 mA<\/td>\n<\/tr>\n<tr>\n<td>Tiempo de paso<\/td>\n<td>De 1 a 999 segundos<\/td>\n<\/tr>\n<tr>\n<td>Tiempo de rampa<\/td>\n<td>De 5 a 999 segundos<\/td>\n<\/tr>\n<tr>\n<td colspan=\"2\"><strong>Entrada de voltaje (V CC)<\/strong><\/td>\n<\/tr>\n<tr>\n<td>Exactitud<\/td>\n<td>\u00b1(0,015 % de rdg + 2 mV)<\/td>\n<\/tr>\n<tr>\n<td>Gama<\/td>\n<td>De 0 a 30 V CC<\/td>\n<\/tr>\n<tr>\n<td>Resoluci\u00f3n<\/td>\n<td>0,001 V CC<\/td>\n<\/tr>\n<tr>\n<td>Impedancia de entrada<\/td>\n<td>&gt;1 MOhm<\/td>\n<\/tr>\n<tr>\n<td colspan=\"2\"><strong>Potencia de bucle<\/strong><\/td>\n<\/tr>\n<tr>\n<td>Salida fija<\/td>\n<td>24 V CC<\/td>\n<\/tr>\n<tr>\n<td>Precisi\u00f3n de salida de voltaje<\/td>\n<td>\u00b110%<\/td>\n<\/tr>\n<tr>\n<td>Corriente de salida m\u00e1xima<\/td>\n<td>25 mA<\/td>\n<\/tr>\n<tr>\n<td colspan=\"2\"><strong>Prueba de interruptor<\/strong><\/td>\n<\/tr>\n<tr>\n<td>Tipo de interruptor<\/td>\n<td>Contacto seco<\/td>\n<\/tr>\n<tr>\n<td>Resistencia de estado cerrado<\/td>\n<td>&lt;1K \u03a9<\/td>\n<\/tr>\n<tr>\n<td>Resistencia de estado abierto<\/td>\n<td>&gt;100K \u03a9<\/td>\n<\/tr>\n<tr>\n<td>Frecuencia de muestreo<\/td>\n<td>10 Hz<\/td>\n<\/tr>\n<tr>\n<td colspan=\"2\"><strong>Medici\u00f3n de temperatura<\/strong><\/td>\n<\/tr>\n<tr>\n<td>Exactitud<\/td>\n<td>\u00b1 (0,015% de rdg) + 0,02 Ohm<\/td>\n<\/tr>\n<tr>\n<td>Gama<\/td>\n<td>De 0 a 400 \u03a9<\/td>\n<\/tr>\n<tr>\n<td>Resoluci\u00f3n<\/td>\n<td>0,01 en todas las escalas<\/td>\n<\/tr>\n<tr>\n<td>Unidades<\/td>\n<td>\u00b0C, K, \u00b0F, R, \u03a9<\/td>\n<\/tr>\n<tr>\n<td>TCR<\/td>\n<td>0,003850 \u03a9\/\u03a9\/\u00b0C (IEC 60751)<\/td>\n<\/tr>\n<tr>\n<td>Alambrado<\/td>\n<td>Soporte de 2, 3 y 4 hilos<\/td>\n<\/tr>\n<tr>\n<td>Conexi\u00f3n<\/td>\n<td>Tap\u00f3n Lemo, Serie 1S, configuraci\u00f3n de inserto 304<\/td>\n<\/tr>\n<tr>\n<td colspan=\"2\"><strong>Especificaciones generales<\/strong><\/td>\n<\/tr>\n<tr>\n<td>Comunicaci\u00f3n Digital<\/td>\n<td>mini-USB<\/td>\n<\/tr>\n<tr>\n<td>Monitor<\/td>\n<td>Pantalla: pantalla<br \/>\ngr\u00e1fica de 320 x 240 p\u00edxeles Velocidad de visualizaci\u00f3n: 3 lecturas\/segundo (est\u00e1ndar) 10 lecturas\/segundo (prueba de interruptor y modos pico alto\/bajo)<\/td>\n<\/tr>\n<tr>\n<td>Duraci\u00f3n de la bater\u00eda<\/td>\n<td>&gt;12 horas sin abastecimiento<br \/>\n&gt;8 horas cuando se obtiene 12 mA<\/td>\n<\/tr>\n<tr>\n<td>Temperatura<\/td>\n<td>En funcionamiento: -4 a 122 \u00b0F (-20 a 50 \u00b0C) Almacenamiento: -40 a 167 \u00b0F (-40 a 75 \u00b0C)<\/td>\n<\/tr>\n<tr>\n<td>Peso<\/td>\n<td>689 g (1,5 libras)<\/td>\n<\/tr>\n<\/tbody>\n<\/table>\n","protected":false},"excerpt":{"rendered":"<p class=\"short-description mhide ipad-view-setting\">Innovador en la industria, este calibrador de presi\u00f3n digital port\u00e1til es el primer calibrador combinado de presi\u00f3n y bucle de mA del mundo. Al tener una compensaci\u00f3n de temperatura de -4 a 122 \u00b0F (-20 a 50 \u00b0C), puede esperar la misma precisi\u00f3n ya sea que est\u00e9 midiendo presi\u00f3n, corriente, voltaje o temperatura. Estuche de transporte no incluido con la opci\u00f3n &#8220;sin bomba&#8221;.<\/p>\n<p class=\"comment-tag-product\">\n<div class=\"row-fluid\">\n<div class=\"span12 mobile-pricing-box-padding\"><\/div>\n<\/div>\n","protected":false},"featured_media":7227,"comment_status":"open","ping_status":"closed","template":"","meta":{"_joinchat":[]},"product_brand":[],"product_cat":[15],"product_tag":[],"class_list":{"0":"post-7220","1":"product","2":"type-product","3":"status-publish","4":"has-post-thumbnail","6":"product_cat-sin-categorizar","8":"first","9":"instock","10":"shipping-taxable","11":"product-type-simple"},"yoast_head":"<!-- This site is optimized with the Yoast SEO plugin v26.4 - https:\/\/yoast.com\/wordpress\/plugins\/seo\/ -->\n<title>calibrador de presi\u00f3n de la serie ametek crystal hpc40 - Abaa tienda online<\/title>\n<meta name=\"robots\" content=\"index, follow, max-snippet:-1, max-image-preview:large, max-video-preview:-1\" \/>\n<link rel=\"canonical\" href=\"https:\/\/abaa.mx\/tienda\/calibrador-de-presion-de-la-serie-ametek-crystal-hpc40\/\" \/>\n<meta property=\"og:locale\" content=\"es_MX\" \/>\n<meta property=\"og:type\" content=\"article\" \/>\n<meta property=\"og:title\" content=\"calibrador de presi\u00f3n de la serie ametek crystal hpc40 - Abaa tienda online\" \/>\n<meta property=\"og:description\" content=\"Innovador en la industria, este calibrador de presi\u00f3n digital port\u00e1til es el primer calibrador combinado de presi\u00f3n y bucle de mA del mundo. Al tener una compensaci\u00f3n de temperatura de -4 a 122 \u00b0F (-20 a 50 \u00b0C), puede esperar la misma precisi\u00f3n ya sea que est\u00e9 midiendo presi\u00f3n, corriente, voltaje o temperatura. Estuche de transporte no incluido con la opci\u00f3n &quot;sin bomba&quot;.\" \/>\n<meta property=\"og:url\" content=\"https:\/\/abaa.mx\/tienda\/calibrador-de-presion-de-la-serie-ametek-crystal-hpc40\/\" \/>\n<meta property=\"og:site_name\" content=\"Abaa tienda online\" \/>\n<meta property=\"article:modified_time\" content=\"2023-10-20T20:11:12+00:00\" \/>\n<meta property=\"og:image\" content=\"https:\/\/abaa.mx\/tienda\/wp-content\/uploads\/2023\/10\/Calibrador-de-presion-de-la-serie-AMETEK-Crystal-HPC40.jpg\" \/>\n\t<meta property=\"og:image:width\" content=\"270\" \/>\n\t<meta property=\"og:image:height\" content=\"360\" \/>\n\t<meta property=\"og:image:type\" content=\"image\/jpeg\" \/>\n<meta name=\"twitter:card\" content=\"summary_large_image\" \/>\n<meta name=\"twitter:label1\" content=\"Tiempo de lectura\" \/>\n\t<meta name=\"twitter:data1\" content=\"3 minutos\" \/>\n<script type=\"application\/ld+json\" class=\"yoast-schema-graph\">{\"@context\":\"https:\/\/schema.org\",\"@graph\":[{\"@type\":\"WebPage\",\"@id\":\"https:\/\/abaa.mx\/tienda\/calibrador-de-presion-de-la-serie-ametek-crystal-hpc40\/\",\"url\":\"https:\/\/abaa.mx\/tienda\/calibrador-de-presion-de-la-serie-ametek-crystal-hpc40\/\",\"name\":\"calibrador de presi\u00f3n de la serie ametek crystal hpc40 - Abaa tienda online\",\"isPartOf\":{\"@id\":\"https:\/\/abaa.mx\/tienda\/#website\"},\"primaryImageOfPage\":{\"@id\":\"https:\/\/abaa.mx\/tienda\/calibrador-de-presion-de-la-serie-ametek-crystal-hpc40\/#primaryimage\"},\"image\":{\"@id\":\"https:\/\/abaa.mx\/tienda\/calibrador-de-presion-de-la-serie-ametek-crystal-hpc40\/#primaryimage\"},\"thumbnailUrl\":\"https:\/\/abaa.mx\/tienda\/wp-content\/uploads\/2023\/10\/Calibrador-de-presion-de-la-serie-AMETEK-Crystal-HPC40.jpg\",\"datePublished\":\"2023-10-20T20:11:11+00:00\",\"dateModified\":\"2023-10-20T20:11:12+00:00\",\"breadcrumb\":{\"@id\":\"https:\/\/abaa.mx\/tienda\/calibrador-de-presion-de-la-serie-ametek-crystal-hpc40\/#breadcrumb\"},\"inLanguage\":\"es\",\"potentialAction\":[{\"@type\":\"ReadAction\",\"target\":[\"https:\/\/abaa.mx\/tienda\/calibrador-de-presion-de-la-serie-ametek-crystal-hpc40\/\"]}]},{\"@type\":\"ImageObject\",\"inLanguage\":\"es\",\"@id\":\"https:\/\/abaa.mx\/tienda\/calibrador-de-presion-de-la-serie-ametek-crystal-hpc40\/#primaryimage\",\"url\":\"https:\/\/abaa.mx\/tienda\/wp-content\/uploads\/2023\/10\/Calibrador-de-presion-de-la-serie-AMETEK-Crystal-HPC40.jpg\",\"contentUrl\":\"https:\/\/abaa.mx\/tienda\/wp-content\/uploads\/2023\/10\/Calibrador-de-presion-de-la-serie-AMETEK-Crystal-HPC40.jpg\",\"width\":270,\"height\":360,\"caption\":\"Calibrador de presi\u00f3n de la serie AMETEK Crystal HPC40\"},{\"@type\":\"BreadcrumbList\",\"@id\":\"https:\/\/abaa.mx\/tienda\/calibrador-de-presion-de-la-serie-ametek-crystal-hpc40\/#breadcrumb\",\"itemListElement\":[{\"@type\":\"ListItem\",\"position\":1,\"name\":\"Inicio\",\"item\":\"https:\/\/abaa.mx\/tienda\/\"},{\"@type\":\"ListItem\",\"position\":2,\"name\":\"Tienda\",\"item\":\"https:\/\/abaa.mx\/tienda\/\"},{\"@type\":\"ListItem\",\"position\":3,\"name\":\"calibrador de presi\u00f3n de la serie ametek crystal hpc40\"}]},{\"@type\":\"WebSite\",\"@id\":\"https:\/\/abaa.mx\/tienda\/#website\",\"url\":\"https:\/\/abaa.mx\/tienda\/\",\"name\":\"Abaa tienda online\",\"description\":\"Instrumentos de medici\u00f3n\",\"publisher\":{\"@id\":\"https:\/\/abaa.mx\/tienda\/#organization\"},\"potentialAction\":[{\"@type\":\"SearchAction\",\"target\":{\"@type\":\"EntryPoint\",\"urlTemplate\":\"https:\/\/abaa.mx\/tienda\/?s={search_term_string}\"},\"query-input\":{\"@type\":\"PropertyValueSpecification\",\"valueRequired\":true,\"valueName\":\"search_term_string\"}}],\"inLanguage\":\"es\"},{\"@type\":\"Organization\",\"@id\":\"https:\/\/abaa.mx\/tienda\/#organization\",\"name\":\"Abaa tienda online\",\"url\":\"https:\/\/abaa.mx\/tienda\/\",\"logo\":{\"@type\":\"ImageObject\",\"inLanguage\":\"es\",\"@id\":\"https:\/\/abaa.mx\/tienda\/#\/schema\/logo\/image\/\",\"url\":\"https:\/\/abaa.mx\/tienda\/wp-content\/uploads\/2024\/01\/abaa-metrologia-tienda.png\",\"contentUrl\":\"https:\/\/abaa.mx\/tienda\/wp-content\/uploads\/2024\/01\/abaa-metrologia-tienda.png\",\"width\":300,\"height\":141,\"caption\":\"Abaa tienda online\"},\"image\":{\"@id\":\"https:\/\/abaa.mx\/tienda\/#\/schema\/logo\/image\/\"}}]}<\/script>\n<!-- \/ Yoast SEO plugin. -->","yoast_head_json":{"title":"calibrador de presi\u00f3n de la serie ametek crystal hpc40 - Abaa tienda online","robots":{"index":"index","follow":"follow","max-snippet":"max-snippet:-1","max-image-preview":"max-image-preview:large","max-video-preview":"max-video-preview:-1"},"canonical":"https:\/\/abaa.mx\/tienda\/calibrador-de-presion-de-la-serie-ametek-crystal-hpc40\/","og_locale":"es_MX","og_type":"article","og_title":"calibrador de presi\u00f3n de la serie ametek crystal hpc40 - Abaa tienda online","og_description":"Innovador en la industria, este calibrador de presi\u00f3n digital port\u00e1til es el primer calibrador combinado de presi\u00f3n y bucle de mA del mundo. Al tener una compensaci\u00f3n de temperatura de -4 a 122 \u00b0F (-20 a 50 \u00b0C), puede esperar la misma precisi\u00f3n ya sea que est\u00e9 midiendo presi\u00f3n, corriente, voltaje o temperatura. Estuche de transporte no incluido con la opci\u00f3n \"sin bomba\".","og_url":"https:\/\/abaa.mx\/tienda\/calibrador-de-presion-de-la-serie-ametek-crystal-hpc40\/","og_site_name":"Abaa tienda online","article_modified_time":"2023-10-20T20:11:12+00:00","og_image":[{"width":270,"height":360,"url":"https:\/\/abaa.mx\/tienda\/wp-content\/uploads\/2023\/10\/Calibrador-de-presion-de-la-serie-AMETEK-Crystal-HPC40.jpg","type":"image\/jpeg"}],"twitter_card":"summary_large_image","twitter_misc":{"Tiempo de lectura":"3 minutos"},"schema":{"@context":"https:\/\/schema.org","@graph":[{"@type":"WebPage","@id":"https:\/\/abaa.mx\/tienda\/calibrador-de-presion-de-la-serie-ametek-crystal-hpc40\/","url":"https:\/\/abaa.mx\/tienda\/calibrador-de-presion-de-la-serie-ametek-crystal-hpc40\/","name":"calibrador de presi\u00f3n de la serie ametek crystal hpc40 - Abaa tienda online","isPartOf":{"@id":"https:\/\/abaa.mx\/tienda\/#website"},"primaryImageOfPage":{"@id":"https:\/\/abaa.mx\/tienda\/calibrador-de-presion-de-la-serie-ametek-crystal-hpc40\/#primaryimage"},"image":{"@id":"https:\/\/abaa.mx\/tienda\/calibrador-de-presion-de-la-serie-ametek-crystal-hpc40\/#primaryimage"},"thumbnailUrl":"https:\/\/abaa.mx\/tienda\/wp-content\/uploads\/2023\/10\/Calibrador-de-presion-de-la-serie-AMETEK-Crystal-HPC40.jpg","datePublished":"2023-10-20T20:11:11+00:00","dateModified":"2023-10-20T20:11:12+00:00","breadcrumb":{"@id":"https:\/\/abaa.mx\/tienda\/calibrador-de-presion-de-la-serie-ametek-crystal-hpc40\/#breadcrumb"},"inLanguage":"es","potentialAction":[{"@type":"ReadAction","target":["https:\/\/abaa.mx\/tienda\/calibrador-de-presion-de-la-serie-ametek-crystal-hpc40\/"]}]},{"@type":"ImageObject","inLanguage":"es","@id":"https:\/\/abaa.mx\/tienda\/calibrador-de-presion-de-la-serie-ametek-crystal-hpc40\/#primaryimage","url":"https:\/\/abaa.mx\/tienda\/wp-content\/uploads\/2023\/10\/Calibrador-de-presion-de-la-serie-AMETEK-Crystal-HPC40.jpg","contentUrl":"https:\/\/abaa.mx\/tienda\/wp-content\/uploads\/2023\/10\/Calibrador-de-presion-de-la-serie-AMETEK-Crystal-HPC40.jpg","width":270,"height":360,"caption":"Calibrador de presi\u00f3n de la serie AMETEK Crystal HPC40"},{"@type":"BreadcrumbList","@id":"https:\/\/abaa.mx\/tienda\/calibrador-de-presion-de-la-serie-ametek-crystal-hpc40\/#breadcrumb","itemListElement":[{"@type":"ListItem","position":1,"name":"Inicio","item":"https:\/\/abaa.mx\/tienda\/"},{"@type":"ListItem","position":2,"name":"Tienda","item":"https:\/\/abaa.mx\/tienda\/"},{"@type":"ListItem","position":3,"name":"calibrador de presi\u00f3n de la serie ametek crystal hpc40"}]},{"@type":"WebSite","@id":"https:\/\/abaa.mx\/tienda\/#website","url":"https:\/\/abaa.mx\/tienda\/","name":"Abaa tienda online","description":"Instrumentos de medici\u00f3n","publisher":{"@id":"https:\/\/abaa.mx\/tienda\/#organization"},"potentialAction":[{"@type":"SearchAction","target":{"@type":"EntryPoint","urlTemplate":"https:\/\/abaa.mx\/tienda\/?s={search_term_string}"},"query-input":{"@type":"PropertyValueSpecification","valueRequired":true,"valueName":"search_term_string"}}],"inLanguage":"es"},{"@type":"Organization","@id":"https:\/\/abaa.mx\/tienda\/#organization","name":"Abaa tienda online","url":"https:\/\/abaa.mx\/tienda\/","logo":{"@type":"ImageObject","inLanguage":"es","@id":"https:\/\/abaa.mx\/tienda\/#\/schema\/logo\/image\/","url":"https:\/\/abaa.mx\/tienda\/wp-content\/uploads\/2024\/01\/abaa-metrologia-tienda.png","contentUrl":"https:\/\/abaa.mx\/tienda\/wp-content\/uploads\/2024\/01\/abaa-metrologia-tienda.png","width":300,"height":141,"caption":"Abaa tienda online"},"image":{"@id":"https:\/\/abaa.mx\/tienda\/#\/schema\/logo\/image\/"}}]}},"_links":{"self":[{"href":"https:\/\/abaa.mx\/tienda\/wp-json\/wp\/v2\/product\/7220","targetHints":{"allow":["GET"]}}],"collection":[{"href":"https:\/\/abaa.mx\/tienda\/wp-json\/wp\/v2\/product"}],"about":[{"href":"https:\/\/abaa.mx\/tienda\/wp-json\/wp\/v2\/types\/product"}],"replies":[{"embeddable":true,"href":"https:\/\/abaa.mx\/tienda\/wp-json\/wp\/v2\/comments?post=7220"}],"wp:featuredmedia":[{"embeddable":true,"href":"https:\/\/abaa.mx\/tienda\/wp-json\/wp\/v2\/media\/7227"}],"wp:attachment":[{"href":"https:\/\/abaa.mx\/tienda\/wp-json\/wp\/v2\/media?parent=7220"}],"wp:term":[{"taxonomy":"product_brand","embeddable":true,"href":"https:\/\/abaa.mx\/tienda\/wp-json\/wp\/v2\/product_brand?post=7220"},{"taxonomy":"product_cat","embeddable":true,"href":"https:\/\/abaa.mx\/tienda\/wp-json\/wp\/v2\/product_cat?post=7220"},{"taxonomy":"product_tag","embeddable":true,"href":"https:\/\/abaa.mx\/tienda\/wp-json\/wp\/v2\/product_tag?post=7220"}],"curies":[{"name":"wp","href":"https:\/\/api.w.org\/{rel}","templated":true}]}}