{"id":7218,"date":"2023-10-20T20:07:10","date_gmt":"2023-10-20T20:07:10","guid":{"rendered":"https:\/\/abaa.mx\/tienda\/?post_type=product&#038;p=7218"},"modified":"2023-10-20T20:07:10","modified_gmt":"2023-10-20T20:07:10","slug":"modulo-de-temperatura-intrinsecamente-seguro-de-la-serie-ametek-crystal-atmi","status":"publish","type":"product","link":"https:\/\/abaa.mx\/tienda\/modulo-de-temperatura-intrinsecamente-seguro-de-la-serie-ametek-crystal-atmi\/","title":{"rendered":"m\u00f3dulo de temperatura intr\u00ednsecamente seguro de la serie ametek crystal atmi"},"content":{"rendered":"<p>Dise\u00f1ado para ofrecer el mismo alto nivel de precisi\u00f3n, este m\u00f3dulo de presi\u00f3n se puede combinar con el HPC50 para convertirse en una potente herramienta de calibraci\u00f3n.<\/p>\n<p><strong>Funciones<\/strong><\/p>\n<ul>\n<li>Precisiones de hasta el 0,015 % de la lectura: rendimiento para cumplir con casi cualquier tarea de calibraci\u00f3n y medici\u00f3n<\/li>\n<li>Soporta RTDs Pt100 &#8211; Con lecturas en \u00b0C, \u00b0F, K, R y \u03a9<\/li>\n<li>Construcci\u00f3n robusta &#8211; Carcasa de acero inoxidable mecanizada. Dise\u00f1ado para un uso en campo dif\u00edcil, casi irrompible<\/li>\n<li>M\u00f3dulo aut\u00f3nomo e inteligente<\/li>\n<li>Los datos de calibraci\u00f3n se almacenan en el m\u00f3dulo, por lo que cualquier m\u00f3dulo se puede combinar con cualquier calibrador HPC50. No es necesario &#8220;calibrar&#8221; el m\u00f3dulo a un indicador<\/li>\n<li>Temperatura compensada de -4 a 122 \u00b0F (-20 a 50 \u00b0C)<\/li>\n<li>Se conecta con los sensores de temperatura Jofra<\/li>\n<\/ul>\n<h4>Especificaciones de la serie Crystal Pressure ATMi<\/h4>\n<table class=\"table table-striped\">\n<tbody>\n<tr>\n<td colspan=\"2\"><strong>Medici\u00f3n de temperatura<\/strong><\/td>\n<\/tr>\n<tr>\n<td>Exactitud<\/td>\n<td>\u00b1(0,015% de la RMG) + 0,02 \u03a9<\/td>\n<\/tr>\n<tr>\n<td>Gama<\/td>\n<td>De 0 a 400 ohmios<\/td>\n<\/tr>\n<tr>\n<td>Resoluci\u00f3n<\/td>\n<td>0,01 en todas las escalas<\/td>\n<\/tr>\n<tr>\n<td>Unidades<\/td>\n<td>\u00b0C, K, \u00b0F, R, \u03a9<\/td>\n<\/tr>\n<tr>\n<td>TCR<\/td>\n<td>0,003850 \u03a9\/\u03a9\/\u00b0C (IEC 60751)<\/td>\n<\/tr>\n<tr>\n<td>Alambrado<\/td>\n<td>Soporte de 4 hilos<\/td>\n<\/tr>\n<tr>\n<td colspan=\"2\"><strong>Especificaciones generales<\/strong><\/td>\n<\/tr>\n<tr>\n<td>Salida<\/td>\n<td>Resoluci\u00f3n de temperatura: 0,01<br \/>\nActualizaci\u00f3n de pantalla: hasta 10 por segundo<\/td>\n<\/tr>\n<tr>\n<td>Temperatura<\/td>\n<td>En funcionamiento: -4 a 122 \u00b0F (-20 a 50 \u00b0C) Almacenamiento: -40 a 167 \u00b0F (-40 a 75 \u00b0C)<\/td>\n<\/tr>\n<tr>\n<td>Par\u00e1metros de entidad<\/td>\n<td>Ui = 5.0 V<br \/>\nIi = 740 mA<br \/>\nPi = 880 mW<br \/>\nCi = 8.8 \u03bcF<br \/>\nLi = 0<\/td>\n<\/tr>\n<tr>\n<td>Aprobaciones de seguridad intr\u00ednseca<\/td>\n<td>Ex ia IIC T4\/T3 Ga FTZU 18 ATEX 0043X Ex ia IIC T4\/T3 Ga<\/p>\n<p>IECEx FTZU 18.0012X<\/td>\n<\/tr>\n<tr>\n<td>Dimensiones<\/td>\n<td>63.3 x 27.0 mm (2.5 x 1.1 pulgadas)<\/td>\n<\/tr>\n<tr>\n<td>Peso<\/td>\n<td>141 g (0,31 libras)<\/td>\n<\/tr>\n<\/tbody>\n<\/table>\n","protected":false},"excerpt":{"rendered":"<p class=\"short-description mhide ipad-view-setting\">Al ofrecer funcionalidad y flexibilidad para leer hasta dos entradas de temperatura, este m\u00f3dulo de temperatura intr\u00ednsecamente seguro ofrece una precisi\u00f3n de alto nivel en todo momento, ya sea que est\u00e9 en el laboratorio o en el campo.<\/p>\n<p class=\"comment-tag-product\">\n<div class=\"row-fluid\">\n<div class=\"span12 mobile-pricing-box-padding\"><\/div>\n<\/div>\n","protected":false},"featured_media":7225,"comment_status":"open","ping_status":"closed","template":"","meta":{"_joinchat":[]},"product_brand":[],"product_cat":[15],"product_tag":[],"class_list":{"0":"post-7218","1":"product","2":"type-product","3":"status-publish","4":"has-post-thumbnail","6":"product_cat-sin-categorizar","8":"first","9":"instock","10":"shipping-taxable","11":"product-type-simple"},"yoast_head":"<!-- This site is optimized with the Yoast SEO plugin v26.4 - https:\/\/yoast.com\/wordpress\/plugins\/seo\/ -->\n<title>m\u00f3dulo de temperatura intr\u00ednsecamente seguro de la serie ametek crystal atmi - Abaa tienda online<\/title>\n<meta name=\"robots\" content=\"index, follow, max-snippet:-1, max-image-preview:large, max-video-preview:-1\" \/>\n<link rel=\"canonical\" href=\"https:\/\/abaa.mx\/tienda\/modulo-de-temperatura-intrinsecamente-seguro-de-la-serie-ametek-crystal-atmi\/\" \/>\n<meta property=\"og:locale\" content=\"es_MX\" \/>\n<meta property=\"og:type\" content=\"article\" \/>\n<meta property=\"og:title\" content=\"m\u00f3dulo de temperatura intr\u00ednsecamente seguro de la serie ametek crystal atmi - Abaa tienda online\" \/>\n<meta property=\"og:description\" content=\"Al ofrecer funcionalidad y flexibilidad para leer hasta dos entradas de temperatura, este m\u00f3dulo de temperatura intr\u00ednsecamente seguro ofrece una precisi\u00f3n de alto nivel en todo momento, ya sea que est\u00e9 en el laboratorio o en el campo.\" \/>\n<meta property=\"og:url\" content=\"https:\/\/abaa.mx\/tienda\/modulo-de-temperatura-intrinsecamente-seguro-de-la-serie-ametek-crystal-atmi\/\" \/>\n<meta property=\"og:site_name\" content=\"Abaa tienda online\" \/>\n<meta property=\"og:image\" content=\"https:\/\/abaa.mx\/tienda\/wp-content\/uploads\/2023\/10\/Modulo-de-temperatura-intrinsecamente-seguro-de-la-serie-AMETEK-Crystal-ATMi.jpg\" \/>\n\t<meta property=\"og:image:width\" content=\"270\" \/>\n\t<meta property=\"og:image:height\" content=\"431\" \/>\n\t<meta property=\"og:image:type\" content=\"image\/jpeg\" \/>\n<meta name=\"twitter:card\" content=\"summary_large_image\" \/>\n<meta name=\"twitter:label1\" content=\"Tiempo de lectura\" \/>\n\t<meta name=\"twitter:data1\" content=\"2 minutos\" \/>\n<script type=\"application\/ld+json\" class=\"yoast-schema-graph\">{\"@context\":\"https:\/\/schema.org\",\"@graph\":[{\"@type\":\"WebPage\",\"@id\":\"https:\/\/abaa.mx\/tienda\/modulo-de-temperatura-intrinsecamente-seguro-de-la-serie-ametek-crystal-atmi\/\",\"url\":\"https:\/\/abaa.mx\/tienda\/modulo-de-temperatura-intrinsecamente-seguro-de-la-serie-ametek-crystal-atmi\/\",\"name\":\"m\u00f3dulo de temperatura intr\u00ednsecamente seguro de la serie ametek crystal atmi - Abaa tienda online\",\"isPartOf\":{\"@id\":\"https:\/\/abaa.mx\/tienda\/#website\"},\"primaryImageOfPage\":{\"@id\":\"https:\/\/abaa.mx\/tienda\/modulo-de-temperatura-intrinsecamente-seguro-de-la-serie-ametek-crystal-atmi\/#primaryimage\"},\"image\":{\"@id\":\"https:\/\/abaa.mx\/tienda\/modulo-de-temperatura-intrinsecamente-seguro-de-la-serie-ametek-crystal-atmi\/#primaryimage\"},\"thumbnailUrl\":\"https:\/\/abaa.mx\/tienda\/wp-content\/uploads\/2023\/10\/Modulo-de-temperatura-intrinsecamente-seguro-de-la-serie-AMETEK-Crystal-ATMi.jpg\",\"datePublished\":\"2023-10-20T20:07:10+00:00\",\"breadcrumb\":{\"@id\":\"https:\/\/abaa.mx\/tienda\/modulo-de-temperatura-intrinsecamente-seguro-de-la-serie-ametek-crystal-atmi\/#breadcrumb\"},\"inLanguage\":\"es\",\"potentialAction\":[{\"@type\":\"ReadAction\",\"target\":[\"https:\/\/abaa.mx\/tienda\/modulo-de-temperatura-intrinsecamente-seguro-de-la-serie-ametek-crystal-atmi\/\"]}]},{\"@type\":\"ImageObject\",\"inLanguage\":\"es\",\"@id\":\"https:\/\/abaa.mx\/tienda\/modulo-de-temperatura-intrinsecamente-seguro-de-la-serie-ametek-crystal-atmi\/#primaryimage\",\"url\":\"https:\/\/abaa.mx\/tienda\/wp-content\/uploads\/2023\/10\/Modulo-de-temperatura-intrinsecamente-seguro-de-la-serie-AMETEK-Crystal-ATMi.jpg\",\"contentUrl\":\"https:\/\/abaa.mx\/tienda\/wp-content\/uploads\/2023\/10\/Modulo-de-temperatura-intrinsecamente-seguro-de-la-serie-AMETEK-Crystal-ATMi.jpg\",\"width\":270,\"height\":431,\"caption\":\"M\u00f3dulo de temperatura intr\u00ednsecamente seguro de la serie AMETEK Crystal ATMi\"},{\"@type\":\"BreadcrumbList\",\"@id\":\"https:\/\/abaa.mx\/tienda\/modulo-de-temperatura-intrinsecamente-seguro-de-la-serie-ametek-crystal-atmi\/#breadcrumb\",\"itemListElement\":[{\"@type\":\"ListItem\",\"position\":1,\"name\":\"Inicio\",\"item\":\"https:\/\/abaa.mx\/tienda\/\"},{\"@type\":\"ListItem\",\"position\":2,\"name\":\"Tienda\",\"item\":\"https:\/\/abaa.mx\/tienda\/\"},{\"@type\":\"ListItem\",\"position\":3,\"name\":\"m\u00f3dulo de temperatura intr\u00ednsecamente seguro de la serie ametek crystal atmi\"}]},{\"@type\":\"WebSite\",\"@id\":\"https:\/\/abaa.mx\/tienda\/#website\",\"url\":\"https:\/\/abaa.mx\/tienda\/\",\"name\":\"Abaa tienda online\",\"description\":\"Instrumentos de medici\u00f3n\",\"publisher\":{\"@id\":\"https:\/\/abaa.mx\/tienda\/#organization\"},\"potentialAction\":[{\"@type\":\"SearchAction\",\"target\":{\"@type\":\"EntryPoint\",\"urlTemplate\":\"https:\/\/abaa.mx\/tienda\/?s={search_term_string}\"},\"query-input\":{\"@type\":\"PropertyValueSpecification\",\"valueRequired\":true,\"valueName\":\"search_term_string\"}}],\"inLanguage\":\"es\"},{\"@type\":\"Organization\",\"@id\":\"https:\/\/abaa.mx\/tienda\/#organization\",\"name\":\"Abaa tienda online\",\"url\":\"https:\/\/abaa.mx\/tienda\/\",\"logo\":{\"@type\":\"ImageObject\",\"inLanguage\":\"es\",\"@id\":\"https:\/\/abaa.mx\/tienda\/#\/schema\/logo\/image\/\",\"url\":\"https:\/\/abaa.mx\/tienda\/wp-content\/uploads\/2024\/01\/abaa-metrologia-tienda.png\",\"contentUrl\":\"https:\/\/abaa.mx\/tienda\/wp-content\/uploads\/2024\/01\/abaa-metrologia-tienda.png\",\"width\":300,\"height\":141,\"caption\":\"Abaa tienda online\"},\"image\":{\"@id\":\"https:\/\/abaa.mx\/tienda\/#\/schema\/logo\/image\/\"}}]}<\/script>\n<!-- \/ Yoast SEO plugin. -->","yoast_head_json":{"title":"m\u00f3dulo de temperatura intr\u00ednsecamente seguro de la serie ametek crystal atmi - Abaa tienda online","robots":{"index":"index","follow":"follow","max-snippet":"max-snippet:-1","max-image-preview":"max-image-preview:large","max-video-preview":"max-video-preview:-1"},"canonical":"https:\/\/abaa.mx\/tienda\/modulo-de-temperatura-intrinsecamente-seguro-de-la-serie-ametek-crystal-atmi\/","og_locale":"es_MX","og_type":"article","og_title":"m\u00f3dulo de temperatura intr\u00ednsecamente seguro de la serie ametek crystal atmi - Abaa tienda online","og_description":"Al ofrecer funcionalidad y flexibilidad para leer hasta dos entradas de temperatura, este m\u00f3dulo de temperatura intr\u00ednsecamente seguro ofrece una precisi\u00f3n de alto nivel en todo momento, ya sea que est\u00e9 en el laboratorio o en el campo.","og_url":"https:\/\/abaa.mx\/tienda\/modulo-de-temperatura-intrinsecamente-seguro-de-la-serie-ametek-crystal-atmi\/","og_site_name":"Abaa tienda online","og_image":[{"width":270,"height":431,"url":"https:\/\/abaa.mx\/tienda\/wp-content\/uploads\/2023\/10\/Modulo-de-temperatura-intrinsecamente-seguro-de-la-serie-AMETEK-Crystal-ATMi.jpg","type":"image\/jpeg"}],"twitter_card":"summary_large_image","twitter_misc":{"Tiempo de lectura":"2 minutos"},"schema":{"@context":"https:\/\/schema.org","@graph":[{"@type":"WebPage","@id":"https:\/\/abaa.mx\/tienda\/modulo-de-temperatura-intrinsecamente-seguro-de-la-serie-ametek-crystal-atmi\/","url":"https:\/\/abaa.mx\/tienda\/modulo-de-temperatura-intrinsecamente-seguro-de-la-serie-ametek-crystal-atmi\/","name":"m\u00f3dulo de temperatura intr\u00ednsecamente seguro de la serie ametek crystal atmi - Abaa tienda online","isPartOf":{"@id":"https:\/\/abaa.mx\/tienda\/#website"},"primaryImageOfPage":{"@id":"https:\/\/abaa.mx\/tienda\/modulo-de-temperatura-intrinsecamente-seguro-de-la-serie-ametek-crystal-atmi\/#primaryimage"},"image":{"@id":"https:\/\/abaa.mx\/tienda\/modulo-de-temperatura-intrinsecamente-seguro-de-la-serie-ametek-crystal-atmi\/#primaryimage"},"thumbnailUrl":"https:\/\/abaa.mx\/tienda\/wp-content\/uploads\/2023\/10\/Modulo-de-temperatura-intrinsecamente-seguro-de-la-serie-AMETEK-Crystal-ATMi.jpg","datePublished":"2023-10-20T20:07:10+00:00","breadcrumb":{"@id":"https:\/\/abaa.mx\/tienda\/modulo-de-temperatura-intrinsecamente-seguro-de-la-serie-ametek-crystal-atmi\/#breadcrumb"},"inLanguage":"es","potentialAction":[{"@type":"ReadAction","target":["https:\/\/abaa.mx\/tienda\/modulo-de-temperatura-intrinsecamente-seguro-de-la-serie-ametek-crystal-atmi\/"]}]},{"@type":"ImageObject","inLanguage":"es","@id":"https:\/\/abaa.mx\/tienda\/modulo-de-temperatura-intrinsecamente-seguro-de-la-serie-ametek-crystal-atmi\/#primaryimage","url":"https:\/\/abaa.mx\/tienda\/wp-content\/uploads\/2023\/10\/Modulo-de-temperatura-intrinsecamente-seguro-de-la-serie-AMETEK-Crystal-ATMi.jpg","contentUrl":"https:\/\/abaa.mx\/tienda\/wp-content\/uploads\/2023\/10\/Modulo-de-temperatura-intrinsecamente-seguro-de-la-serie-AMETEK-Crystal-ATMi.jpg","width":270,"height":431,"caption":"M\u00f3dulo de temperatura intr\u00ednsecamente seguro de la serie AMETEK Crystal ATMi"},{"@type":"BreadcrumbList","@id":"https:\/\/abaa.mx\/tienda\/modulo-de-temperatura-intrinsecamente-seguro-de-la-serie-ametek-crystal-atmi\/#breadcrumb","itemListElement":[{"@type":"ListItem","position":1,"name":"Inicio","item":"https:\/\/abaa.mx\/tienda\/"},{"@type":"ListItem","position":2,"name":"Tienda","item":"https:\/\/abaa.mx\/tienda\/"},{"@type":"ListItem","position":3,"name":"m\u00f3dulo de temperatura intr\u00ednsecamente seguro de la serie ametek crystal atmi"}]},{"@type":"WebSite","@id":"https:\/\/abaa.mx\/tienda\/#website","url":"https:\/\/abaa.mx\/tienda\/","name":"Abaa tienda online","description":"Instrumentos de medici\u00f3n","publisher":{"@id":"https:\/\/abaa.mx\/tienda\/#organization"},"potentialAction":[{"@type":"SearchAction","target":{"@type":"EntryPoint","urlTemplate":"https:\/\/abaa.mx\/tienda\/?s={search_term_string}"},"query-input":{"@type":"PropertyValueSpecification","valueRequired":true,"valueName":"search_term_string"}}],"inLanguage":"es"},{"@type":"Organization","@id":"https:\/\/abaa.mx\/tienda\/#organization","name":"Abaa tienda online","url":"https:\/\/abaa.mx\/tienda\/","logo":{"@type":"ImageObject","inLanguage":"es","@id":"https:\/\/abaa.mx\/tienda\/#\/schema\/logo\/image\/","url":"https:\/\/abaa.mx\/tienda\/wp-content\/uploads\/2024\/01\/abaa-metrologia-tienda.png","contentUrl":"https:\/\/abaa.mx\/tienda\/wp-content\/uploads\/2024\/01\/abaa-metrologia-tienda.png","width":300,"height":141,"caption":"Abaa tienda online"},"image":{"@id":"https:\/\/abaa.mx\/tienda\/#\/schema\/logo\/image\/"}}]}},"_links":{"self":[{"href":"https:\/\/abaa.mx\/tienda\/wp-json\/wp\/v2\/product\/7218","targetHints":{"allow":["GET"]}}],"collection":[{"href":"https:\/\/abaa.mx\/tienda\/wp-json\/wp\/v2\/product"}],"about":[{"href":"https:\/\/abaa.mx\/tienda\/wp-json\/wp\/v2\/types\/product"}],"replies":[{"embeddable":true,"href":"https:\/\/abaa.mx\/tienda\/wp-json\/wp\/v2\/comments?post=7218"}],"wp:featuredmedia":[{"embeddable":true,"href":"https:\/\/abaa.mx\/tienda\/wp-json\/wp\/v2\/media\/7225"}],"wp:attachment":[{"href":"https:\/\/abaa.mx\/tienda\/wp-json\/wp\/v2\/media?parent=7218"}],"wp:term":[{"taxonomy":"product_brand","embeddable":true,"href":"https:\/\/abaa.mx\/tienda\/wp-json\/wp\/v2\/product_brand?post=7218"},{"taxonomy":"product_cat","embeddable":true,"href":"https:\/\/abaa.mx\/tienda\/wp-json\/wp\/v2\/product_cat?post=7218"},{"taxonomy":"product_tag","embeddable":true,"href":"https:\/\/abaa.mx\/tienda\/wp-json\/wp\/v2\/product_tag?post=7218"}],"curies":[{"name":"wp","href":"https:\/\/api.w.org\/{rel}","templated":true}]}}