{"id":7217,"date":"2023-10-20T20:05:43","date_gmt":"2023-10-20T20:05:43","guid":{"rendered":"https:\/\/abaa.mx\/tienda\/?post_type=product&#038;p=7217"},"modified":"2023-10-20T20:05:44","modified_gmt":"2023-10-20T20:05:44","slug":"modulo-de-presion-de-seguridad-intrinseca-de-la-serie-ametek-crystal-apmi","status":"publish","type":"product","link":"https:\/\/abaa.mx\/tienda\/modulo-de-presion-de-seguridad-intrinseca-de-la-serie-ametek-crystal-apmi\/","title":{"rendered":"m\u00f3dulo de presi\u00f3n de seguridad intr\u00ednseca de la serie ametek crystal apmi"},"content":{"rendered":"<div class=\"row-fluid\">\n<div class=\"span12\">\n<div class=\"row-fluid\">\n<div class=\"span10\">\n<div class=\"mhide ipad-view-setting\">\n<div class=\"row-fluid ProductTabs\">\n<div class=\"span12\">\n<div class=\"tab-content\">\n<div id=\"tab0\" class=\"product-tabs tab-pane  active\">\n<p>Los operadores pueden utilizar estos m\u00f3dulos para ampliar el alcance de la HPC50, ver las cuatro lecturas al mismo tiempo o leer dos presiones diferenciales diferentes simult\u00e1neamente.<\/p>\n<p><strong>Funciones<\/strong><\/p>\n<ul>\n<li>Precisi\u00f3n hasta el 0,035% de la lectura<\/li>\n<li>Temperatura compensada de -4 a 122 \u00b0F (-20 a 50 \u00b0C)<\/li>\n<li>Conexi\u00f3n CPF integrada<\/li>\n<li>Ocho gamas disponibles<\/li>\n<li>Carcasa resistente de aluminio fundido<\/li>\n<li>M\u00f3dulos aut\u00f3nomos e inteligentes<\/li>\n<\/ul>\n<h4>Especificaciones de la serie APMi de Crystal Pressure<\/h4>\n<table class=\"table table-striped\">\n<tbody>\n<tr>\n<td colspan=\"2\"><strong>Exactitud<\/strong><\/td>\n<\/tr>\n<tr>\n<td>psi (presi\u00f3n manom\u00e9trica) 64.4 a 82.4 \u00b0F (18 a 28 \u00b0C)<\/td>\n<td>De 0 a 30 % del intervalo: \u00b1 (0,01 % de la escala completa) Del 30 al 110 % del intervalo: \u00b1 (0,035 % de la lectura) Vac\u00edo: \u00b1 (0,05 % de la escala completa)<\/td>\n<\/tr>\n<tr>\n<td>psi (presi\u00f3n manom\u00e9trica) -4 a 122 \u00b0F (20 a 50 \u00b0C)<\/td>\n<td>De 0 a 30% del rango: \u00b1 (0,015 % de la escala completa) Del 30 al 110 % del rango: \u00b1 (0,050 % de la lectura) Vac\u00edo: \u00b1 (0,05 % de la escala completa)<\/td>\n<\/tr>\n<tr>\n<td>psiA (presi\u00f3n absoluta con opci\u00f3n HPC50 BARO)<\/td>\n<td>Rango de 15 psi (1 bar): precisi\u00f3n de calibre +0,005 psiA Rango de 30 psi (3 bar): precisi\u00f3n de calibre +0,005 psiA Rango de 100 psi (10 bar): precisi\u00f3n de calibre +0,002 psiA<\/td>\n<\/tr>\n<tr>\n<td colspan=\"2\"><strong>Sensor<\/strong><\/td>\n<\/tr>\n<tr>\n<td>Materiales humedecidos<\/td>\n<td>Acero inoxidable 316 (herm\u00e9tico a la llave),<br \/>\nacero inoxidable 316 (herm\u00e9tico franc\u00e9s) y junta t\u00f3rica interna de Viton\u00ae (15 psi (1 bar))<\/td>\n<\/tr>\n<tr>\n<td>Fluido de sellado de diafragma<\/td>\n<td>Aceite de silicona<\/td>\n<\/tr>\n<tr>\n<td>Conexi\u00f3n<\/td>\n<td>Cristal CPF hembra<\/td>\n<\/tr>\n<tr>\n<td colspan=\"2\"><strong>Especificaciones generales<\/strong><\/td>\n<\/tr>\n<tr>\n<td>Resoluci\u00f3n de presi\u00f3n<\/td>\n<td>Hasta 6 d\u00edgitos<\/td>\n<\/tr>\n<tr>\n<td>Actualizaci\u00f3n de pantalla<\/td>\n<td>Hasta 10 por segundo<\/td>\n<\/tr>\n<tr>\n<td>Alarma de sobrecarga<\/td>\n<td>&#8220;+OL&#8221; en pantalla a 110% F.S.<\/td>\n<\/tr>\n<tr>\n<td>Temperatura<\/td>\n<td>En funcionamiento: -4 a 122 \u00b0F (-20 a 50 \u00b0C) Almacenamiento: -40 a 167 \u00b0F (-40 a 75 \u00b0C)<\/td>\n<\/tr>\n<tr>\n<td>Par\u00e1metros de entidad<\/td>\n<td>Ui = 5,0 V<br \/>\nli = 740 mA<br \/>\nPi = 880 mW<br \/>\nCi = 9,2 \u03bcF<br \/>\nLi = 12 \u03bcH<\/td>\n<\/tr>\n<tr>\n<td>Aprobaciones de seguridad intr\u00ednseca<\/td>\n<td>Ex ia IIC T4\/T3 Ga FTZU 18 ATEX 0043X Ex ia IIC T4\/T3 Ga<\/p>\n<p>IECEx FTZU 18.0012X<\/td>\n<\/tr>\n<tr>\n<td>Dimensiones<\/td>\n<td>74,0 x 27,0 mm (2,9 x 1,1&#8243;)<\/td>\n<\/tr>\n<tr>\n<td>Peso<\/td>\n<td>176 g (0,39 libras)<\/td>\n<\/tr>\n<\/tbody>\n<\/table>\n<\/div>\n<\/div>\n<\/div>\n<\/div>\n<\/div>\n<\/div>\n<\/div>\n<\/div>\n<\/div>\n","protected":false},"excerpt":{"rendered":"<p class=\"short-description mhide ipad-view-setting\">Al ofrecer la funcionalidad y la flexibilidad para leer hasta cuatro entradas de presi\u00f3n, este m\u00f3dulo de presi\u00f3n intr\u00ednsecamente seguro garantiza que siempre ofrezca una precisi\u00f3n de alto nivel, ya sea que est\u00e9 en el laboratorio o en el campo.<\/p>\n<p class=\"comment-tag-product\">\n<div class=\"row-fluid\">\n<div class=\"span12 mobile-pricing-box-padding\"><\/div>\n<\/div>\n","protected":false},"featured_media":7224,"comment_status":"open","ping_status":"closed","template":"","meta":{"_joinchat":[]},"product_brand":[],"product_cat":[15],"product_tag":[],"class_list":{"0":"post-7217","1":"product","2":"type-product","3":"status-publish","4":"has-post-thumbnail","6":"product_cat-sin-categorizar","8":"first","9":"instock","10":"shipping-taxable","11":"product-type-simple"},"yoast_head":"<!-- This site is optimized with the Yoast SEO plugin v26.4 - https:\/\/yoast.com\/wordpress\/plugins\/seo\/ -->\n<title>m\u00f3dulo de presi\u00f3n de seguridad intr\u00ednseca de la serie ametek crystal apmi - Abaa tienda online<\/title>\n<meta name=\"robots\" content=\"index, follow, max-snippet:-1, max-image-preview:large, max-video-preview:-1\" \/>\n<link rel=\"canonical\" href=\"https:\/\/abaa.mx\/tienda\/modulo-de-presion-de-seguridad-intrinseca-de-la-serie-ametek-crystal-apmi\/\" \/>\n<meta property=\"og:locale\" content=\"es_MX\" \/>\n<meta property=\"og:type\" content=\"article\" \/>\n<meta property=\"og:title\" content=\"m\u00f3dulo de presi\u00f3n de seguridad intr\u00ednseca de la serie ametek crystal apmi - Abaa tienda online\" \/>\n<meta property=\"og:description\" content=\"Al ofrecer la funcionalidad y la flexibilidad para leer hasta cuatro entradas de presi\u00f3n, este m\u00f3dulo de presi\u00f3n intr\u00ednsecamente seguro garantiza que siempre ofrezca una precisi\u00f3n de alto nivel, ya sea que est\u00e9 en el laboratorio o en el campo.\" \/>\n<meta property=\"og:url\" content=\"https:\/\/abaa.mx\/tienda\/modulo-de-presion-de-seguridad-intrinseca-de-la-serie-ametek-crystal-apmi\/\" \/>\n<meta property=\"og:site_name\" content=\"Abaa tienda online\" \/>\n<meta property=\"article:modified_time\" content=\"2023-10-20T20:05:44+00:00\" \/>\n<meta property=\"og:image\" content=\"https:\/\/abaa.mx\/tienda\/wp-content\/uploads\/2023\/10\/Modulo-de-presion-de-seguridad-intrinseca-de-la-serie-AMETEK-Crystal-APMi.jpg\" \/>\n\t<meta property=\"og:image:width\" content=\"270\" \/>\n\t<meta property=\"og:image:height\" content=\"435\" \/>\n\t<meta property=\"og:image:type\" content=\"image\/jpeg\" \/>\n<meta name=\"twitter:card\" content=\"summary_large_image\" \/>\n<meta name=\"twitter:label1\" content=\"Tiempo de lectura\" \/>\n\t<meta name=\"twitter:data1\" content=\"2 minutos\" \/>\n<script type=\"application\/ld+json\" class=\"yoast-schema-graph\">{\"@context\":\"https:\/\/schema.org\",\"@graph\":[{\"@type\":\"WebPage\",\"@id\":\"https:\/\/abaa.mx\/tienda\/modulo-de-presion-de-seguridad-intrinseca-de-la-serie-ametek-crystal-apmi\/\",\"url\":\"https:\/\/abaa.mx\/tienda\/modulo-de-presion-de-seguridad-intrinseca-de-la-serie-ametek-crystal-apmi\/\",\"name\":\"m\u00f3dulo de presi\u00f3n de seguridad intr\u00ednseca de la serie ametek crystal apmi - Abaa tienda online\",\"isPartOf\":{\"@id\":\"https:\/\/abaa.mx\/tienda\/#website\"},\"primaryImageOfPage\":{\"@id\":\"https:\/\/abaa.mx\/tienda\/modulo-de-presion-de-seguridad-intrinseca-de-la-serie-ametek-crystal-apmi\/#primaryimage\"},\"image\":{\"@id\":\"https:\/\/abaa.mx\/tienda\/modulo-de-presion-de-seguridad-intrinseca-de-la-serie-ametek-crystal-apmi\/#primaryimage\"},\"thumbnailUrl\":\"https:\/\/abaa.mx\/tienda\/wp-content\/uploads\/2023\/10\/Modulo-de-presion-de-seguridad-intrinseca-de-la-serie-AMETEK-Crystal-APMi.jpg\",\"datePublished\":\"2023-10-20T20:05:43+00:00\",\"dateModified\":\"2023-10-20T20:05:44+00:00\",\"breadcrumb\":{\"@id\":\"https:\/\/abaa.mx\/tienda\/modulo-de-presion-de-seguridad-intrinseca-de-la-serie-ametek-crystal-apmi\/#breadcrumb\"},\"inLanguage\":\"es\",\"potentialAction\":[{\"@type\":\"ReadAction\",\"target\":[\"https:\/\/abaa.mx\/tienda\/modulo-de-presion-de-seguridad-intrinseca-de-la-serie-ametek-crystal-apmi\/\"]}]},{\"@type\":\"ImageObject\",\"inLanguage\":\"es\",\"@id\":\"https:\/\/abaa.mx\/tienda\/modulo-de-presion-de-seguridad-intrinseca-de-la-serie-ametek-crystal-apmi\/#primaryimage\",\"url\":\"https:\/\/abaa.mx\/tienda\/wp-content\/uploads\/2023\/10\/Modulo-de-presion-de-seguridad-intrinseca-de-la-serie-AMETEK-Crystal-APMi.jpg\",\"contentUrl\":\"https:\/\/abaa.mx\/tienda\/wp-content\/uploads\/2023\/10\/Modulo-de-presion-de-seguridad-intrinseca-de-la-serie-AMETEK-Crystal-APMi.jpg\",\"width\":270,\"height\":435,\"caption\":\"M\u00f3dulo de presi\u00f3n de seguridad intr\u00ednseca de la serie AMETEK Crystal APMi\"},{\"@type\":\"BreadcrumbList\",\"@id\":\"https:\/\/abaa.mx\/tienda\/modulo-de-presion-de-seguridad-intrinseca-de-la-serie-ametek-crystal-apmi\/#breadcrumb\",\"itemListElement\":[{\"@type\":\"ListItem\",\"position\":1,\"name\":\"Inicio\",\"item\":\"https:\/\/abaa.mx\/tienda\/\"},{\"@type\":\"ListItem\",\"position\":2,\"name\":\"Tienda\",\"item\":\"https:\/\/abaa.mx\/tienda\/\"},{\"@type\":\"ListItem\",\"position\":3,\"name\":\"m\u00f3dulo de presi\u00f3n de seguridad intr\u00ednseca de la serie ametek crystal apmi\"}]},{\"@type\":\"WebSite\",\"@id\":\"https:\/\/abaa.mx\/tienda\/#website\",\"url\":\"https:\/\/abaa.mx\/tienda\/\",\"name\":\"Abaa tienda online\",\"description\":\"Instrumentos de medici\u00f3n\",\"publisher\":{\"@id\":\"https:\/\/abaa.mx\/tienda\/#organization\"},\"potentialAction\":[{\"@type\":\"SearchAction\",\"target\":{\"@type\":\"EntryPoint\",\"urlTemplate\":\"https:\/\/abaa.mx\/tienda\/?s={search_term_string}\"},\"query-input\":{\"@type\":\"PropertyValueSpecification\",\"valueRequired\":true,\"valueName\":\"search_term_string\"}}],\"inLanguage\":\"es\"},{\"@type\":\"Organization\",\"@id\":\"https:\/\/abaa.mx\/tienda\/#organization\",\"name\":\"Abaa tienda online\",\"url\":\"https:\/\/abaa.mx\/tienda\/\",\"logo\":{\"@type\":\"ImageObject\",\"inLanguage\":\"es\",\"@id\":\"https:\/\/abaa.mx\/tienda\/#\/schema\/logo\/image\/\",\"url\":\"https:\/\/abaa.mx\/tienda\/wp-content\/uploads\/2024\/01\/abaa-metrologia-tienda.png\",\"contentUrl\":\"https:\/\/abaa.mx\/tienda\/wp-content\/uploads\/2024\/01\/abaa-metrologia-tienda.png\",\"width\":300,\"height\":141,\"caption\":\"Abaa tienda online\"},\"image\":{\"@id\":\"https:\/\/abaa.mx\/tienda\/#\/schema\/logo\/image\/\"}}]}<\/script>\n<!-- \/ Yoast SEO plugin. -->","yoast_head_json":{"title":"m\u00f3dulo de presi\u00f3n de seguridad intr\u00ednseca de la serie ametek crystal apmi - Abaa tienda online","robots":{"index":"index","follow":"follow","max-snippet":"max-snippet:-1","max-image-preview":"max-image-preview:large","max-video-preview":"max-video-preview:-1"},"canonical":"https:\/\/abaa.mx\/tienda\/modulo-de-presion-de-seguridad-intrinseca-de-la-serie-ametek-crystal-apmi\/","og_locale":"es_MX","og_type":"article","og_title":"m\u00f3dulo de presi\u00f3n de seguridad intr\u00ednseca de la serie ametek crystal apmi - Abaa tienda online","og_description":"Al ofrecer la funcionalidad y la flexibilidad para leer hasta cuatro entradas de presi\u00f3n, este m\u00f3dulo de presi\u00f3n intr\u00ednsecamente seguro garantiza que siempre ofrezca una precisi\u00f3n de alto nivel, ya sea que est\u00e9 en el laboratorio o en el campo.","og_url":"https:\/\/abaa.mx\/tienda\/modulo-de-presion-de-seguridad-intrinseca-de-la-serie-ametek-crystal-apmi\/","og_site_name":"Abaa tienda online","article_modified_time":"2023-10-20T20:05:44+00:00","og_image":[{"width":270,"height":435,"url":"https:\/\/abaa.mx\/tienda\/wp-content\/uploads\/2023\/10\/Modulo-de-presion-de-seguridad-intrinseca-de-la-serie-AMETEK-Crystal-APMi.jpg","type":"image\/jpeg"}],"twitter_card":"summary_large_image","twitter_misc":{"Tiempo de lectura":"2 minutos"},"schema":{"@context":"https:\/\/schema.org","@graph":[{"@type":"WebPage","@id":"https:\/\/abaa.mx\/tienda\/modulo-de-presion-de-seguridad-intrinseca-de-la-serie-ametek-crystal-apmi\/","url":"https:\/\/abaa.mx\/tienda\/modulo-de-presion-de-seguridad-intrinseca-de-la-serie-ametek-crystal-apmi\/","name":"m\u00f3dulo de presi\u00f3n de seguridad intr\u00ednseca de la serie ametek crystal apmi - Abaa tienda online","isPartOf":{"@id":"https:\/\/abaa.mx\/tienda\/#website"},"primaryImageOfPage":{"@id":"https:\/\/abaa.mx\/tienda\/modulo-de-presion-de-seguridad-intrinseca-de-la-serie-ametek-crystal-apmi\/#primaryimage"},"image":{"@id":"https:\/\/abaa.mx\/tienda\/modulo-de-presion-de-seguridad-intrinseca-de-la-serie-ametek-crystal-apmi\/#primaryimage"},"thumbnailUrl":"https:\/\/abaa.mx\/tienda\/wp-content\/uploads\/2023\/10\/Modulo-de-presion-de-seguridad-intrinseca-de-la-serie-AMETEK-Crystal-APMi.jpg","datePublished":"2023-10-20T20:05:43+00:00","dateModified":"2023-10-20T20:05:44+00:00","breadcrumb":{"@id":"https:\/\/abaa.mx\/tienda\/modulo-de-presion-de-seguridad-intrinseca-de-la-serie-ametek-crystal-apmi\/#breadcrumb"},"inLanguage":"es","potentialAction":[{"@type":"ReadAction","target":["https:\/\/abaa.mx\/tienda\/modulo-de-presion-de-seguridad-intrinseca-de-la-serie-ametek-crystal-apmi\/"]}]},{"@type":"ImageObject","inLanguage":"es","@id":"https:\/\/abaa.mx\/tienda\/modulo-de-presion-de-seguridad-intrinseca-de-la-serie-ametek-crystal-apmi\/#primaryimage","url":"https:\/\/abaa.mx\/tienda\/wp-content\/uploads\/2023\/10\/Modulo-de-presion-de-seguridad-intrinseca-de-la-serie-AMETEK-Crystal-APMi.jpg","contentUrl":"https:\/\/abaa.mx\/tienda\/wp-content\/uploads\/2023\/10\/Modulo-de-presion-de-seguridad-intrinseca-de-la-serie-AMETEK-Crystal-APMi.jpg","width":270,"height":435,"caption":"M\u00f3dulo de presi\u00f3n de seguridad intr\u00ednseca de la serie AMETEK Crystal APMi"},{"@type":"BreadcrumbList","@id":"https:\/\/abaa.mx\/tienda\/modulo-de-presion-de-seguridad-intrinseca-de-la-serie-ametek-crystal-apmi\/#breadcrumb","itemListElement":[{"@type":"ListItem","position":1,"name":"Inicio","item":"https:\/\/abaa.mx\/tienda\/"},{"@type":"ListItem","position":2,"name":"Tienda","item":"https:\/\/abaa.mx\/tienda\/"},{"@type":"ListItem","position":3,"name":"m\u00f3dulo de presi\u00f3n de seguridad intr\u00ednseca de la serie ametek crystal apmi"}]},{"@type":"WebSite","@id":"https:\/\/abaa.mx\/tienda\/#website","url":"https:\/\/abaa.mx\/tienda\/","name":"Abaa tienda online","description":"Instrumentos de medici\u00f3n","publisher":{"@id":"https:\/\/abaa.mx\/tienda\/#organization"},"potentialAction":[{"@type":"SearchAction","target":{"@type":"EntryPoint","urlTemplate":"https:\/\/abaa.mx\/tienda\/?s={search_term_string}"},"query-input":{"@type":"PropertyValueSpecification","valueRequired":true,"valueName":"search_term_string"}}],"inLanguage":"es"},{"@type":"Organization","@id":"https:\/\/abaa.mx\/tienda\/#organization","name":"Abaa tienda online","url":"https:\/\/abaa.mx\/tienda\/","logo":{"@type":"ImageObject","inLanguage":"es","@id":"https:\/\/abaa.mx\/tienda\/#\/schema\/logo\/image\/","url":"https:\/\/abaa.mx\/tienda\/wp-content\/uploads\/2024\/01\/abaa-metrologia-tienda.png","contentUrl":"https:\/\/abaa.mx\/tienda\/wp-content\/uploads\/2024\/01\/abaa-metrologia-tienda.png","width":300,"height":141,"caption":"Abaa tienda online"},"image":{"@id":"https:\/\/abaa.mx\/tienda\/#\/schema\/logo\/image\/"}}]}},"_links":{"self":[{"href":"https:\/\/abaa.mx\/tienda\/wp-json\/wp\/v2\/product\/7217","targetHints":{"allow":["GET"]}}],"collection":[{"href":"https:\/\/abaa.mx\/tienda\/wp-json\/wp\/v2\/product"}],"about":[{"href":"https:\/\/abaa.mx\/tienda\/wp-json\/wp\/v2\/types\/product"}],"replies":[{"embeddable":true,"href":"https:\/\/abaa.mx\/tienda\/wp-json\/wp\/v2\/comments?post=7217"}],"wp:featuredmedia":[{"embeddable":true,"href":"https:\/\/abaa.mx\/tienda\/wp-json\/wp\/v2\/media\/7224"}],"wp:attachment":[{"href":"https:\/\/abaa.mx\/tienda\/wp-json\/wp\/v2\/media?parent=7217"}],"wp:term":[{"taxonomy":"product_brand","embeddable":true,"href":"https:\/\/abaa.mx\/tienda\/wp-json\/wp\/v2\/product_brand?post=7217"},{"taxonomy":"product_cat","embeddable":true,"href":"https:\/\/abaa.mx\/tienda\/wp-json\/wp\/v2\/product_cat?post=7217"},{"taxonomy":"product_tag","embeddable":true,"href":"https:\/\/abaa.mx\/tienda\/wp-json\/wp\/v2\/product_tag?post=7217"}],"curies":[{"name":"wp","href":"https:\/\/api.w.org\/{rel}","templated":true}]}}