{"id":7192,"date":"2023-10-20T20:03:58","date_gmt":"2023-10-20T20:03:58","guid":{"rendered":"https:\/\/abaa.mx\/tienda\/?post_type=product&#038;p=7192"},"modified":"2023-10-20T20:03:58","modified_gmt":"2023-10-20T20:03:58","slug":"modulo-de-presion-cpf-de-la-serie-apm-de-cristal-ametek","status":"publish","type":"product","link":"https:\/\/abaa.mx\/tienda\/modulo-de-presion-cpf-de-la-serie-apm-de-cristal-ametek\/","title":{"rendered":"m\u00f3dulo de presi\u00f3n cpf de la serie apm de cristal ametek"},"content":{"rendered":"<p>Calibre con confianza en cualquier momento y en cualquier lugar. Con la serie APM, los usuarios pueden tomar medidas y obtener la misma precisi\u00f3n de lectura a cualquier temperatura entre -4 y 122&amp;de; F (-20 y 50\u00b0C). Reconocido internacionalmente por ILAC, las instalaciones de Crystal Engineering est\u00e1n acreditadas por A2LA, lo que hace que esta serie de m\u00f3dulos de presi\u00f3n sea una en la que pueda confiar.<\/p>\n<p><strong>Funciones<\/strong><\/p>\n<ul>\n<li>Precisiones de hasta el 0,025 % de la lectura &#8211; Rendimiento para cumplir con casi cualquier tarea de calibraci\u00f3n y medici\u00f3n<\/li>\n<li>Siete rangos disponibles &#8211; Cobertura total desde vac\u00edo hasta 15 000 psi (1000 bar)<\/li>\n<li>Construcci\u00f3n robusta: carcasa de aluminio mecanizado, dise\u00f1ada para uso en campo dif\u00edcil, casi irrompible<\/li>\n<li>M\u00f3dulo aut\u00f3nomo e inteligente: los datos de calibraci\u00f3n se almacenan en el m\u00f3dulo, por lo que cualquier m\u00f3dulo se puede combinar con cualquier indicador JOFRA compatible. No es necesario &#8220;calibrar&#8221; el m\u00f3dulo a un indicador<\/li>\n<\/ul>\n<h4>Especificaciones de la serie APM de Crystal Pressure<\/h4>\n<table class=\"table table-striped\">\n<tbody>\n<tr>\n<td colspan=\"2\"><strong>Sensor<\/strong><\/td>\n<\/tr>\n<tr>\n<td>Materiales humedecidos<\/td>\n<td>Acero inoxidable 316 (apret\u00f3n con llave),<br \/>\nacero inoxidable 316 (apret\u00f3n con dedos) y Viton\u00ae (junta t\u00f3rica interna)<\/td>\n<\/tr>\n<tr>\n<td>Fluido de sellado de diafragma<\/td>\n<td>Aceite de silicona<\/td>\n<\/tr>\n<tr>\n<td>Conexi\u00f3n<\/td>\n<td>Cristal CPF hembra<\/td>\n<\/tr>\n<tr>\n<td colspan=\"2\"><strong>Salida<\/strong><\/td>\n<\/tr>\n<tr>\n<td>Resoluci\u00f3n de presi\u00f3n<\/td>\n<td>Hasta 6 dgits<\/td>\n<\/tr>\n<tr>\n<td>Actualizaci\u00f3n de pantalla<\/td>\n<td>Hasta 10 por segundo<\/td>\n<\/tr>\n<tr>\n<td colspan=\"2\"><strong>Comunicaci\u00f3n<\/strong><\/td>\n<\/tr>\n<tr>\n<td>Conector<\/td>\n<td>LEMO de 5 pines<\/td>\n<\/tr>\n<tr>\n<td>Serial<\/td>\n<td>9600 baudios, 8 datos, sin paridad, 1 parada<\/td>\n<\/tr>\n<tr>\n<td>Protocolo<\/td>\n<td>Lenguaje de comandos ASCII<\/td>\n<\/tr>\n<tr>\n<td colspan=\"2\"><strong>Especificaciones generales<\/strong><\/td>\n<\/tr>\n<tr>\n<td>Alarma de sobrecarga<\/td>\n<td>&#8220;+OL&#8221; en pantalla a 110% F.S.<\/td>\n<\/tr>\n<tr>\n<td>Temperatura<\/td>\n<td>Funcionamiento: -4 a 122 \u00b0F (-20 a 50 \u00b0C) Almacenamiento: -40 a 167 \u00b0F (-40 a 75 \u00b0C)<\/td>\n<\/tr>\n<tr>\n<td>Dimensiones<\/td>\n<td>35,5 x 35,5 x 76,2 mm (1,4 x 1,4 x 3,0&#8243;)<\/td>\n<\/tr>\n<tr>\n<td>Peso<\/td>\n<td>231.0 g (0.51 libras)<\/td>\n<\/tr>\n<\/tbody>\n<\/table>\n","protected":false},"excerpt":{"rendered":"<p class=\"short-description mhide ipad-view-setting\">Al ofrecer funcionalidad y flexibilidad, este m\u00f3dulo de presi\u00f3n port\u00e1til realiza calibraciones de presi\u00f3n, brindando una precisi\u00f3n confiable de alto nivel en todo momento, ya sea en el laboratorio o en el campo.<\/p>\n<p class=\"comment-tag-product\">\n<div class=\"row-fluid\">\n<div class=\"span12 mobile-pricing-box-padding\"><\/div>\n<\/div>\n","protected":false},"featured_media":7223,"comment_status":"open","ping_status":"closed","template":"","meta":{"_joinchat":[]},"product_brand":[],"product_cat":[15],"product_tag":[],"class_list":{"0":"post-7192","1":"product","2":"type-product","3":"status-publish","4":"has-post-thumbnail","6":"product_cat-sin-categorizar","8":"first","9":"instock","10":"shipping-taxable","11":"product-type-simple"},"yoast_head":"<!-- This site is optimized with the Yoast SEO plugin v26.4 - https:\/\/yoast.com\/wordpress\/plugins\/seo\/ -->\n<title>m\u00f3dulo de presi\u00f3n cpf de la serie apm de cristal ametek - Abaa tienda online<\/title>\n<meta name=\"robots\" content=\"index, follow, max-snippet:-1, max-image-preview:large, max-video-preview:-1\" \/>\n<link rel=\"canonical\" href=\"https:\/\/abaa.mx\/tienda\/modulo-de-presion-cpf-de-la-serie-apm-de-cristal-ametek\/\" \/>\n<meta property=\"og:locale\" content=\"es_MX\" \/>\n<meta property=\"og:type\" content=\"article\" \/>\n<meta property=\"og:title\" content=\"m\u00f3dulo de presi\u00f3n cpf de la serie apm de cristal ametek - Abaa tienda online\" \/>\n<meta property=\"og:description\" content=\"Al ofrecer funcionalidad y flexibilidad, este m\u00f3dulo de presi\u00f3n port\u00e1til realiza calibraciones de presi\u00f3n, brindando una precisi\u00f3n confiable de alto nivel en todo momento, ya sea en el laboratorio o en el campo.\" \/>\n<meta property=\"og:url\" content=\"https:\/\/abaa.mx\/tienda\/modulo-de-presion-cpf-de-la-serie-apm-de-cristal-ametek\/\" \/>\n<meta property=\"og:site_name\" content=\"Abaa tienda online\" \/>\n<meta property=\"og:image\" content=\"https:\/\/abaa.mx\/tienda\/wp-content\/uploads\/2023\/10\/Modulo-de-presion-CPF-de-la-serie-APM-de-cristal-AMETEK.jpg\" \/>\n\t<meta property=\"og:image:width\" content=\"270\" \/>\n\t<meta property=\"og:image:height\" content=\"342\" \/>\n\t<meta property=\"og:image:type\" content=\"image\/jpeg\" \/>\n<meta name=\"twitter:card\" content=\"summary_large_image\" \/>\n<meta name=\"twitter:label1\" content=\"Tiempo de lectura\" \/>\n\t<meta name=\"twitter:data1\" content=\"2 minutos\" \/>\n<script type=\"application\/ld+json\" class=\"yoast-schema-graph\">{\"@context\":\"https:\/\/schema.org\",\"@graph\":[{\"@type\":\"WebPage\",\"@id\":\"https:\/\/abaa.mx\/tienda\/modulo-de-presion-cpf-de-la-serie-apm-de-cristal-ametek\/\",\"url\":\"https:\/\/abaa.mx\/tienda\/modulo-de-presion-cpf-de-la-serie-apm-de-cristal-ametek\/\",\"name\":\"m\u00f3dulo de presi\u00f3n cpf de la serie apm de cristal ametek - Abaa tienda online\",\"isPartOf\":{\"@id\":\"https:\/\/abaa.mx\/tienda\/#website\"},\"primaryImageOfPage\":{\"@id\":\"https:\/\/abaa.mx\/tienda\/modulo-de-presion-cpf-de-la-serie-apm-de-cristal-ametek\/#primaryimage\"},\"image\":{\"@id\":\"https:\/\/abaa.mx\/tienda\/modulo-de-presion-cpf-de-la-serie-apm-de-cristal-ametek\/#primaryimage\"},\"thumbnailUrl\":\"https:\/\/abaa.mx\/tienda\/wp-content\/uploads\/2023\/10\/Modulo-de-presion-CPF-de-la-serie-APM-de-cristal-AMETEK.jpg\",\"datePublished\":\"2023-10-20T20:03:58+00:00\",\"breadcrumb\":{\"@id\":\"https:\/\/abaa.mx\/tienda\/modulo-de-presion-cpf-de-la-serie-apm-de-cristal-ametek\/#breadcrumb\"},\"inLanguage\":\"es\",\"potentialAction\":[{\"@type\":\"ReadAction\",\"target\":[\"https:\/\/abaa.mx\/tienda\/modulo-de-presion-cpf-de-la-serie-apm-de-cristal-ametek\/\"]}]},{\"@type\":\"ImageObject\",\"inLanguage\":\"es\",\"@id\":\"https:\/\/abaa.mx\/tienda\/modulo-de-presion-cpf-de-la-serie-apm-de-cristal-ametek\/#primaryimage\",\"url\":\"https:\/\/abaa.mx\/tienda\/wp-content\/uploads\/2023\/10\/Modulo-de-presion-CPF-de-la-serie-APM-de-cristal-AMETEK.jpg\",\"contentUrl\":\"https:\/\/abaa.mx\/tienda\/wp-content\/uploads\/2023\/10\/Modulo-de-presion-CPF-de-la-serie-APM-de-cristal-AMETEK.jpg\",\"width\":270,\"height\":342,\"caption\":\"M\u00f3dulo de presi\u00f3n CPF de la serie APM de cristal AMETEK\"},{\"@type\":\"BreadcrumbList\",\"@id\":\"https:\/\/abaa.mx\/tienda\/modulo-de-presion-cpf-de-la-serie-apm-de-cristal-ametek\/#breadcrumb\",\"itemListElement\":[{\"@type\":\"ListItem\",\"position\":1,\"name\":\"Inicio\",\"item\":\"https:\/\/abaa.mx\/tienda\/\"},{\"@type\":\"ListItem\",\"position\":2,\"name\":\"Tienda\",\"item\":\"https:\/\/abaa.mx\/tienda\/\"},{\"@type\":\"ListItem\",\"position\":3,\"name\":\"m\u00f3dulo de presi\u00f3n cpf de la serie apm de cristal ametek\"}]},{\"@type\":\"WebSite\",\"@id\":\"https:\/\/abaa.mx\/tienda\/#website\",\"url\":\"https:\/\/abaa.mx\/tienda\/\",\"name\":\"Abaa tienda online\",\"description\":\"Instrumentos de medici\u00f3n\",\"publisher\":{\"@id\":\"https:\/\/abaa.mx\/tienda\/#organization\"},\"potentialAction\":[{\"@type\":\"SearchAction\",\"target\":{\"@type\":\"EntryPoint\",\"urlTemplate\":\"https:\/\/abaa.mx\/tienda\/?s={search_term_string}\"},\"query-input\":{\"@type\":\"PropertyValueSpecification\",\"valueRequired\":true,\"valueName\":\"search_term_string\"}}],\"inLanguage\":\"es\"},{\"@type\":\"Organization\",\"@id\":\"https:\/\/abaa.mx\/tienda\/#organization\",\"name\":\"Abaa tienda online\",\"url\":\"https:\/\/abaa.mx\/tienda\/\",\"logo\":{\"@type\":\"ImageObject\",\"inLanguage\":\"es\",\"@id\":\"https:\/\/abaa.mx\/tienda\/#\/schema\/logo\/image\/\",\"url\":\"https:\/\/abaa.mx\/tienda\/wp-content\/uploads\/2024\/01\/abaa-metrologia-tienda.png\",\"contentUrl\":\"https:\/\/abaa.mx\/tienda\/wp-content\/uploads\/2024\/01\/abaa-metrologia-tienda.png\",\"width\":300,\"height\":141,\"caption\":\"Abaa tienda online\"},\"image\":{\"@id\":\"https:\/\/abaa.mx\/tienda\/#\/schema\/logo\/image\/\"}}]}<\/script>\n<!-- \/ Yoast SEO plugin. -->","yoast_head_json":{"title":"m\u00f3dulo de presi\u00f3n cpf de la serie apm de cristal ametek - Abaa tienda online","robots":{"index":"index","follow":"follow","max-snippet":"max-snippet:-1","max-image-preview":"max-image-preview:large","max-video-preview":"max-video-preview:-1"},"canonical":"https:\/\/abaa.mx\/tienda\/modulo-de-presion-cpf-de-la-serie-apm-de-cristal-ametek\/","og_locale":"es_MX","og_type":"article","og_title":"m\u00f3dulo de presi\u00f3n cpf de la serie apm de cristal ametek - Abaa tienda online","og_description":"Al ofrecer funcionalidad y flexibilidad, este m\u00f3dulo de presi\u00f3n port\u00e1til realiza calibraciones de presi\u00f3n, brindando una precisi\u00f3n confiable de alto nivel en todo momento, ya sea en el laboratorio o en el campo.","og_url":"https:\/\/abaa.mx\/tienda\/modulo-de-presion-cpf-de-la-serie-apm-de-cristal-ametek\/","og_site_name":"Abaa tienda online","og_image":[{"width":270,"height":342,"url":"https:\/\/abaa.mx\/tienda\/wp-content\/uploads\/2023\/10\/Modulo-de-presion-CPF-de-la-serie-APM-de-cristal-AMETEK.jpg","type":"image\/jpeg"}],"twitter_card":"summary_large_image","twitter_misc":{"Tiempo de lectura":"2 minutos"},"schema":{"@context":"https:\/\/schema.org","@graph":[{"@type":"WebPage","@id":"https:\/\/abaa.mx\/tienda\/modulo-de-presion-cpf-de-la-serie-apm-de-cristal-ametek\/","url":"https:\/\/abaa.mx\/tienda\/modulo-de-presion-cpf-de-la-serie-apm-de-cristal-ametek\/","name":"m\u00f3dulo de presi\u00f3n cpf de la serie apm de cristal ametek - Abaa tienda online","isPartOf":{"@id":"https:\/\/abaa.mx\/tienda\/#website"},"primaryImageOfPage":{"@id":"https:\/\/abaa.mx\/tienda\/modulo-de-presion-cpf-de-la-serie-apm-de-cristal-ametek\/#primaryimage"},"image":{"@id":"https:\/\/abaa.mx\/tienda\/modulo-de-presion-cpf-de-la-serie-apm-de-cristal-ametek\/#primaryimage"},"thumbnailUrl":"https:\/\/abaa.mx\/tienda\/wp-content\/uploads\/2023\/10\/Modulo-de-presion-CPF-de-la-serie-APM-de-cristal-AMETEK.jpg","datePublished":"2023-10-20T20:03:58+00:00","breadcrumb":{"@id":"https:\/\/abaa.mx\/tienda\/modulo-de-presion-cpf-de-la-serie-apm-de-cristal-ametek\/#breadcrumb"},"inLanguage":"es","potentialAction":[{"@type":"ReadAction","target":["https:\/\/abaa.mx\/tienda\/modulo-de-presion-cpf-de-la-serie-apm-de-cristal-ametek\/"]}]},{"@type":"ImageObject","inLanguage":"es","@id":"https:\/\/abaa.mx\/tienda\/modulo-de-presion-cpf-de-la-serie-apm-de-cristal-ametek\/#primaryimage","url":"https:\/\/abaa.mx\/tienda\/wp-content\/uploads\/2023\/10\/Modulo-de-presion-CPF-de-la-serie-APM-de-cristal-AMETEK.jpg","contentUrl":"https:\/\/abaa.mx\/tienda\/wp-content\/uploads\/2023\/10\/Modulo-de-presion-CPF-de-la-serie-APM-de-cristal-AMETEK.jpg","width":270,"height":342,"caption":"M\u00f3dulo de presi\u00f3n CPF de la serie APM de cristal AMETEK"},{"@type":"BreadcrumbList","@id":"https:\/\/abaa.mx\/tienda\/modulo-de-presion-cpf-de-la-serie-apm-de-cristal-ametek\/#breadcrumb","itemListElement":[{"@type":"ListItem","position":1,"name":"Inicio","item":"https:\/\/abaa.mx\/tienda\/"},{"@type":"ListItem","position":2,"name":"Tienda","item":"https:\/\/abaa.mx\/tienda\/"},{"@type":"ListItem","position":3,"name":"m\u00f3dulo de presi\u00f3n cpf de la serie apm de cristal ametek"}]},{"@type":"WebSite","@id":"https:\/\/abaa.mx\/tienda\/#website","url":"https:\/\/abaa.mx\/tienda\/","name":"Abaa tienda online","description":"Instrumentos de medici\u00f3n","publisher":{"@id":"https:\/\/abaa.mx\/tienda\/#organization"},"potentialAction":[{"@type":"SearchAction","target":{"@type":"EntryPoint","urlTemplate":"https:\/\/abaa.mx\/tienda\/?s={search_term_string}"},"query-input":{"@type":"PropertyValueSpecification","valueRequired":true,"valueName":"search_term_string"}}],"inLanguage":"es"},{"@type":"Organization","@id":"https:\/\/abaa.mx\/tienda\/#organization","name":"Abaa tienda online","url":"https:\/\/abaa.mx\/tienda\/","logo":{"@type":"ImageObject","inLanguage":"es","@id":"https:\/\/abaa.mx\/tienda\/#\/schema\/logo\/image\/","url":"https:\/\/abaa.mx\/tienda\/wp-content\/uploads\/2024\/01\/abaa-metrologia-tienda.png","contentUrl":"https:\/\/abaa.mx\/tienda\/wp-content\/uploads\/2024\/01\/abaa-metrologia-tienda.png","width":300,"height":141,"caption":"Abaa tienda online"},"image":{"@id":"https:\/\/abaa.mx\/tienda\/#\/schema\/logo\/image\/"}}]}},"_links":{"self":[{"href":"https:\/\/abaa.mx\/tienda\/wp-json\/wp\/v2\/product\/7192","targetHints":{"allow":["GET"]}}],"collection":[{"href":"https:\/\/abaa.mx\/tienda\/wp-json\/wp\/v2\/product"}],"about":[{"href":"https:\/\/abaa.mx\/tienda\/wp-json\/wp\/v2\/types\/product"}],"replies":[{"embeddable":true,"href":"https:\/\/abaa.mx\/tienda\/wp-json\/wp\/v2\/comments?post=7192"}],"wp:featuredmedia":[{"embeddable":true,"href":"https:\/\/abaa.mx\/tienda\/wp-json\/wp\/v2\/media\/7223"}],"wp:attachment":[{"href":"https:\/\/abaa.mx\/tienda\/wp-json\/wp\/v2\/media?parent=7192"}],"wp:term":[{"taxonomy":"product_brand","embeddable":true,"href":"https:\/\/abaa.mx\/tienda\/wp-json\/wp\/v2\/product_brand?post=7192"},{"taxonomy":"product_cat","embeddable":true,"href":"https:\/\/abaa.mx\/tienda\/wp-json\/wp\/v2\/product_cat?post=7192"},{"taxonomy":"product_tag","embeddable":true,"href":"https:\/\/abaa.mx\/tienda\/wp-json\/wp\/v2\/product_tag?post=7192"}],"curies":[{"name":"wp","href":"https:\/\/api.w.org\/{rel}","templated":true}]}}