{"id":7188,"date":"2023-10-20T19:44:42","date_gmt":"2023-10-20T19:44:42","guid":{"rendered":"https:\/\/abaa.mx\/tienda\/?post_type=product&#038;p=7188"},"modified":"2023-12-05T19:25:35","modified_gmt":"2023-12-05T19:25:35","slug":"calibrador-de-presion-de-la-serie-ametek-crystal-30-sensor-doble-36-5000-psi","status":"publish","type":"product","link":"https:\/\/abaa.mx\/tienda\/calibrador-de-presion-de-la-serie-ametek-crystal-30-sensor-doble-36-5000-psi\/","title":{"rendered":"calibrador de presi\u00f3n de la serie ametek crystal 30, sensor doble, 36-5000 psi"},"content":{"rendered":"<p><strong>Funciones<\/strong><\/p>\n<ul>\n<li>El amplio rango de presi\u00f3n puede medir vac\u00edo y presi\u00f3n de hasta 5000 psi (300 bar)<\/li>\n<li>Indica miliamperios para calibrar los transmisores<\/li>\n<li>Ultra compacto y ligero<\/li>\n<li>Muy f\u00e1cil de aprender y usar<\/li>\n<li>Pilas<\/li>\n<li>Aporta precisi\u00f3n de laboratorio a las condiciones de campo al aire libre<\/li>\n<li>Agregar o crear nuevas unidades de presi\u00f3n y\/o deshabilitar las unidades de presi\u00f3n no utilizadas<\/li>\n<li>Protecci\u00f3n con contrase\u00f1a para evitar cambios no autorizados<\/li>\n<li>Cargue y guarde configuraciones personalizadas<\/li>\n<li>Ver e imprimir un informe de cambios como recibido frente a como izquierdo<\/li>\n<li>Seleccione la densidad del agua H2O que prefiera: 60 \u00b0F (4 \u00b0C) o 68 \u00b0F (20 \u00b0C)<\/li>\n<li>Almacenar un mensaje o un n\u00famero de identificaci\u00f3n<\/li>\n<li>Ajustar (calibrar) el medidor<\/li>\n<\/ul>\n<h4>Especificaciones de Crystal Pressure IS33-36\/5000<\/h4>\n<table class=\"table table-striped\">\n<tbody>\n<tr>\n<td>Precisi\u00f3n (medici\u00f3n de presi\u00f3n)<\/td>\n<td>De 0 a 110 % del rango: \u00b1 (0,05 % de la lectura + t\u00e9rmino de piso)T\u00e9rmino de piso: 0.005% de FS o resoluci\u00f3n de pantalla, lo que sea mayor<br \/>\nVac\u00edo: \u00b1 (0.25% de lectura + t\u00e9rmino de piso de vac\u00edo)T\u00e9rmino de piso de vac\u00edo: 0.004 psi<\/td>\n<\/tr>\n<tr>\n<td>Precisi\u00f3n (miliamperios)<\/td>\n<td>Precisi\u00f3n: \u00b1 (0,025 % de la lectura + 0,001 mA)<br \/>\nRango: 0 a 55 mA<br \/>\nResoluci\u00f3n: 0,001 mA<br \/>\nConexi\u00f3n: conectores de 4 mm, espaciado de 19 mm (0,75&#8243;)<\/td>\n<\/tr>\n<tr>\n<td>Monitor<\/td>\n<td>Pantalla: 2 l\u00edneas de hasta 6 d\u00edgitos, 0,2&#8243; (5 mm) de altura<br \/>\nVelocidad de visualizaci\u00f3n: 2 lecturas\/segundo (ajustable a 1, 3 o 3,7 lecturas\/segundo)<\/td>\n<\/tr>\n<tr>\n<td>Sensor \u22651500 psi<\/td>\n<td>Materiales h\u00famedos: acero<br \/>\ninoxidable 316 Fluido de sellado de diafragma: aceite de silicona Conexi\u00f3n: Inferior, NPT hembra de<br \/>\n1\/8&#8243;<\/td>\n<\/tr>\n<tr>\n<td>Sensor \u2264300 psi<\/td>\n<td>Materiales h\u00famedos: acero inoxidable 316, Viton\u00ae (junta t\u00f3rica) Aluminio anodizado penetrado con PTFE (politetrafluoroetileno)<br \/>\nL\u00edquido de sellado del diafragma: Aceite<br \/>\nde silicona Conexi\u00f3n: Inferior, NPT hembra de 1\/8&#8243;<\/td>\n<\/tr>\n<tr>\n<td>Temperatura<\/td>\n<td>En funcionamiento: 32 a 122 \u00b0F (0 a 50 \u00b0C)Almacenamiento: -4 a 158 \u00b0F (20 a 70 \u00b0C)<\/td>\n<\/tr>\n<tr>\n<td>Recinto<\/td>\n<td>Carcasa: Aluminio<br \/>\nextruido Teclado y etiquetas: poli\u00e9ster resistente a los rayos UV<\/td>\n<\/tr>\n<tr>\n<td>Poder<\/td>\n<td>1 x 9 V, 90 horas t\u00edpicas<\/td>\n<\/tr>\n<tr>\n<td>Dimensiones<\/td>\n<td>5,4 x 2,75 x 1,5&#8243; (137,2 x 69,8 x 29,2 mm)<\/td>\n<\/tr>\n<tr>\n<td>Peso<\/td>\n<td>400 g (14 onzas)<\/td>\n<\/tr>\n<\/tbody>\n<\/table>\n","protected":false},"excerpt":{"rendered":"<p class=\"short-description mhide ipad-view-setting\">Compacto y f\u00e1cil de usar, este calibrador de presi\u00f3n cuenta con un sensor dual con rangos de presi\u00f3n de 36 psi y 5000 psi. Adem\u00e1s, este calibrador cuenta con sensores internos para una precisi\u00f3n de lectura del 0,05 % y para resistir los da\u00f1os causados por la sobrepresi\u00f3n.<\/p>\n<div class=\"row-fluid\">\n<div class=\"span12 mobile-pricing-box-padding\">\n<form id=\"81189\" accept-charset=\"utf-8\" action=\"https:\/\/www.globaltestsupply.com\/shop\/add\" method=\"post\" name=\"addTocartFunction\">\n<div><\/div>\n<\/form>\n<\/div>\n<\/div>\n","protected":false},"featured_media":7203,"comment_status":"open","ping_status":"closed","template":"","meta":{"_joinchat":[]},"product_brand":[],"product_cat":[15],"product_tag":[],"class_list":{"0":"post-7188","1":"product","2":"type-product","3":"status-publish","4":"has-post-thumbnail","6":"product_cat-sin-categorizar","8":"first","9":"instock","10":"shipping-taxable","11":"product-type-simple"},"yoast_head":"<!-- This site is optimized with the Yoast SEO plugin v26.4 - https:\/\/yoast.com\/wordpress\/plugins\/seo\/ -->\n<title>calibrador de presi\u00f3n de la serie ametek crystal 30, sensor doble, 36-5000 psi - Abaa tienda online<\/title>\n<meta name=\"robots\" content=\"index, follow, max-snippet:-1, max-image-preview:large, max-video-preview:-1\" \/>\n<link rel=\"canonical\" href=\"https:\/\/abaa.mx\/tienda\/calibrador-de-presion-de-la-serie-ametek-crystal-30-sensor-doble-36-5000-psi\/\" \/>\n<meta property=\"og:locale\" content=\"es_MX\" \/>\n<meta property=\"og:type\" content=\"article\" \/>\n<meta property=\"og:title\" content=\"calibrador de presi\u00f3n de la serie ametek crystal 30, sensor doble, 36-5000 psi - Abaa tienda online\" \/>\n<meta property=\"og:description\" content=\"Compacto y f\u00e1cil de usar, este calibrador de presi\u00f3n cuenta con un sensor dual con rangos de presi\u00f3n de 36 psi y 5000 psi. Adem\u00e1s, este calibrador cuenta con sensores internos para una precisi\u00f3n de lectura del 0,05 % y para resistir los da\u00f1os causados por la sobrepresi\u00f3n.\" \/>\n<meta property=\"og:url\" content=\"https:\/\/abaa.mx\/tienda\/calibrador-de-presion-de-la-serie-ametek-crystal-30-sensor-doble-36-5000-psi\/\" \/>\n<meta property=\"og:site_name\" content=\"Abaa tienda online\" \/>\n<meta property=\"article:modified_time\" content=\"2023-12-05T19:25:35+00:00\" \/>\n<meta property=\"og:image\" content=\"https:\/\/abaa.mx\/tienda\/wp-content\/uploads\/2023\/10\/IS33-36-5000.jpg\" \/>\n\t<meta property=\"og:image:width\" content=\"1500\" \/>\n\t<meta property=\"og:image:height\" content=\"1500\" \/>\n\t<meta property=\"og:image:type\" content=\"image\/jpeg\" \/>\n<meta name=\"twitter:card\" content=\"summary_large_image\" \/>\n<meta name=\"twitter:label1\" content=\"Tiempo de lectura\" \/>\n\t<meta name=\"twitter:data1\" content=\"2 minutos\" \/>\n<script type=\"application\/ld+json\" class=\"yoast-schema-graph\">{\"@context\":\"https:\/\/schema.org\",\"@graph\":[{\"@type\":\"WebPage\",\"@id\":\"https:\/\/abaa.mx\/tienda\/calibrador-de-presion-de-la-serie-ametek-crystal-30-sensor-doble-36-5000-psi\/\",\"url\":\"https:\/\/abaa.mx\/tienda\/calibrador-de-presion-de-la-serie-ametek-crystal-30-sensor-doble-36-5000-psi\/\",\"name\":\"calibrador de presi\u00f3n de la serie ametek crystal 30, sensor doble, 36-5000 psi - Abaa tienda online\",\"isPartOf\":{\"@id\":\"https:\/\/abaa.mx\/tienda\/#website\"},\"primaryImageOfPage\":{\"@id\":\"https:\/\/abaa.mx\/tienda\/calibrador-de-presion-de-la-serie-ametek-crystal-30-sensor-doble-36-5000-psi\/#primaryimage\"},\"image\":{\"@id\":\"https:\/\/abaa.mx\/tienda\/calibrador-de-presion-de-la-serie-ametek-crystal-30-sensor-doble-36-5000-psi\/#primaryimage\"},\"thumbnailUrl\":\"https:\/\/abaa.mx\/tienda\/wp-content\/uploads\/2023\/10\/IS33-36-5000.jpg\",\"datePublished\":\"2023-10-20T19:44:42+00:00\",\"dateModified\":\"2023-12-05T19:25:35+00:00\",\"breadcrumb\":{\"@id\":\"https:\/\/abaa.mx\/tienda\/calibrador-de-presion-de-la-serie-ametek-crystal-30-sensor-doble-36-5000-psi\/#breadcrumb\"},\"inLanguage\":\"es\",\"potentialAction\":[{\"@type\":\"ReadAction\",\"target\":[\"https:\/\/abaa.mx\/tienda\/calibrador-de-presion-de-la-serie-ametek-crystal-30-sensor-doble-36-5000-psi\/\"]}]},{\"@type\":\"ImageObject\",\"inLanguage\":\"es\",\"@id\":\"https:\/\/abaa.mx\/tienda\/calibrador-de-presion-de-la-serie-ametek-crystal-30-sensor-doble-36-5000-psi\/#primaryimage\",\"url\":\"https:\/\/abaa.mx\/tienda\/wp-content\/uploads\/2023\/10\/IS33-36-5000.jpg\",\"contentUrl\":\"https:\/\/abaa.mx\/tienda\/wp-content\/uploads\/2023\/10\/IS33-36-5000.jpg\",\"width\":1500,\"height\":1500,\"caption\":\"IS33-36-5000\"},{\"@type\":\"BreadcrumbList\",\"@id\":\"https:\/\/abaa.mx\/tienda\/calibrador-de-presion-de-la-serie-ametek-crystal-30-sensor-doble-36-5000-psi\/#breadcrumb\",\"itemListElement\":[{\"@type\":\"ListItem\",\"position\":1,\"name\":\"Inicio\",\"item\":\"https:\/\/abaa.mx\/tienda\/\"},{\"@type\":\"ListItem\",\"position\":2,\"name\":\"Tienda\",\"item\":\"https:\/\/abaa.mx\/tienda\/\"},{\"@type\":\"ListItem\",\"position\":3,\"name\":\"calibrador de presi\u00f3n de la serie ametek crystal 30, sensor doble, 36-5000 psi\"}]},{\"@type\":\"WebSite\",\"@id\":\"https:\/\/abaa.mx\/tienda\/#website\",\"url\":\"https:\/\/abaa.mx\/tienda\/\",\"name\":\"Abaa tienda online\",\"description\":\"Instrumentos de medici\u00f3n\",\"publisher\":{\"@id\":\"https:\/\/abaa.mx\/tienda\/#organization\"},\"potentialAction\":[{\"@type\":\"SearchAction\",\"target\":{\"@type\":\"EntryPoint\",\"urlTemplate\":\"https:\/\/abaa.mx\/tienda\/?s={search_term_string}\"},\"query-input\":{\"@type\":\"PropertyValueSpecification\",\"valueRequired\":true,\"valueName\":\"search_term_string\"}}],\"inLanguage\":\"es\"},{\"@type\":\"Organization\",\"@id\":\"https:\/\/abaa.mx\/tienda\/#organization\",\"name\":\"Abaa tienda online\",\"url\":\"https:\/\/abaa.mx\/tienda\/\",\"logo\":{\"@type\":\"ImageObject\",\"inLanguage\":\"es\",\"@id\":\"https:\/\/abaa.mx\/tienda\/#\/schema\/logo\/image\/\",\"url\":\"https:\/\/abaa.mx\/tienda\/wp-content\/uploads\/2024\/01\/abaa-metrologia-tienda.png\",\"contentUrl\":\"https:\/\/abaa.mx\/tienda\/wp-content\/uploads\/2024\/01\/abaa-metrologia-tienda.png\",\"width\":300,\"height\":141,\"caption\":\"Abaa tienda online\"},\"image\":{\"@id\":\"https:\/\/abaa.mx\/tienda\/#\/schema\/logo\/image\/\"}}]}<\/script>\n<!-- \/ Yoast SEO plugin. -->","yoast_head_json":{"title":"calibrador de presi\u00f3n de la serie ametek crystal 30, sensor doble, 36-5000 psi - Abaa tienda online","robots":{"index":"index","follow":"follow","max-snippet":"max-snippet:-1","max-image-preview":"max-image-preview:large","max-video-preview":"max-video-preview:-1"},"canonical":"https:\/\/abaa.mx\/tienda\/calibrador-de-presion-de-la-serie-ametek-crystal-30-sensor-doble-36-5000-psi\/","og_locale":"es_MX","og_type":"article","og_title":"calibrador de presi\u00f3n de la serie ametek crystal 30, sensor doble, 36-5000 psi - Abaa tienda online","og_description":"Compacto y f\u00e1cil de usar, este calibrador de presi\u00f3n cuenta con un sensor dual con rangos de presi\u00f3n de 36 psi y 5000 psi. Adem\u00e1s, este calibrador cuenta con sensores internos para una precisi\u00f3n de lectura del 0,05 % y para resistir los da\u00f1os causados por la sobrepresi\u00f3n.","og_url":"https:\/\/abaa.mx\/tienda\/calibrador-de-presion-de-la-serie-ametek-crystal-30-sensor-doble-36-5000-psi\/","og_site_name":"Abaa tienda online","article_modified_time":"2023-12-05T19:25:35+00:00","og_image":[{"width":1500,"height":1500,"url":"https:\/\/abaa.mx\/tienda\/wp-content\/uploads\/2023\/10\/IS33-36-5000.jpg","type":"image\/jpeg"}],"twitter_card":"summary_large_image","twitter_misc":{"Tiempo de lectura":"2 minutos"},"schema":{"@context":"https:\/\/schema.org","@graph":[{"@type":"WebPage","@id":"https:\/\/abaa.mx\/tienda\/calibrador-de-presion-de-la-serie-ametek-crystal-30-sensor-doble-36-5000-psi\/","url":"https:\/\/abaa.mx\/tienda\/calibrador-de-presion-de-la-serie-ametek-crystal-30-sensor-doble-36-5000-psi\/","name":"calibrador de presi\u00f3n de la serie ametek crystal 30, sensor doble, 36-5000 psi - Abaa tienda online","isPartOf":{"@id":"https:\/\/abaa.mx\/tienda\/#website"},"primaryImageOfPage":{"@id":"https:\/\/abaa.mx\/tienda\/calibrador-de-presion-de-la-serie-ametek-crystal-30-sensor-doble-36-5000-psi\/#primaryimage"},"image":{"@id":"https:\/\/abaa.mx\/tienda\/calibrador-de-presion-de-la-serie-ametek-crystal-30-sensor-doble-36-5000-psi\/#primaryimage"},"thumbnailUrl":"https:\/\/abaa.mx\/tienda\/wp-content\/uploads\/2023\/10\/IS33-36-5000.jpg","datePublished":"2023-10-20T19:44:42+00:00","dateModified":"2023-12-05T19:25:35+00:00","breadcrumb":{"@id":"https:\/\/abaa.mx\/tienda\/calibrador-de-presion-de-la-serie-ametek-crystal-30-sensor-doble-36-5000-psi\/#breadcrumb"},"inLanguage":"es","potentialAction":[{"@type":"ReadAction","target":["https:\/\/abaa.mx\/tienda\/calibrador-de-presion-de-la-serie-ametek-crystal-30-sensor-doble-36-5000-psi\/"]}]},{"@type":"ImageObject","inLanguage":"es","@id":"https:\/\/abaa.mx\/tienda\/calibrador-de-presion-de-la-serie-ametek-crystal-30-sensor-doble-36-5000-psi\/#primaryimage","url":"https:\/\/abaa.mx\/tienda\/wp-content\/uploads\/2023\/10\/IS33-36-5000.jpg","contentUrl":"https:\/\/abaa.mx\/tienda\/wp-content\/uploads\/2023\/10\/IS33-36-5000.jpg","width":1500,"height":1500,"caption":"IS33-36-5000"},{"@type":"BreadcrumbList","@id":"https:\/\/abaa.mx\/tienda\/calibrador-de-presion-de-la-serie-ametek-crystal-30-sensor-doble-36-5000-psi\/#breadcrumb","itemListElement":[{"@type":"ListItem","position":1,"name":"Inicio","item":"https:\/\/abaa.mx\/tienda\/"},{"@type":"ListItem","position":2,"name":"Tienda","item":"https:\/\/abaa.mx\/tienda\/"},{"@type":"ListItem","position":3,"name":"calibrador de presi\u00f3n de la serie ametek crystal 30, sensor doble, 36-5000 psi"}]},{"@type":"WebSite","@id":"https:\/\/abaa.mx\/tienda\/#website","url":"https:\/\/abaa.mx\/tienda\/","name":"Abaa tienda online","description":"Instrumentos de medici\u00f3n","publisher":{"@id":"https:\/\/abaa.mx\/tienda\/#organization"},"potentialAction":[{"@type":"SearchAction","target":{"@type":"EntryPoint","urlTemplate":"https:\/\/abaa.mx\/tienda\/?s={search_term_string}"},"query-input":{"@type":"PropertyValueSpecification","valueRequired":true,"valueName":"search_term_string"}}],"inLanguage":"es"},{"@type":"Organization","@id":"https:\/\/abaa.mx\/tienda\/#organization","name":"Abaa tienda online","url":"https:\/\/abaa.mx\/tienda\/","logo":{"@type":"ImageObject","inLanguage":"es","@id":"https:\/\/abaa.mx\/tienda\/#\/schema\/logo\/image\/","url":"https:\/\/abaa.mx\/tienda\/wp-content\/uploads\/2024\/01\/abaa-metrologia-tienda.png","contentUrl":"https:\/\/abaa.mx\/tienda\/wp-content\/uploads\/2024\/01\/abaa-metrologia-tienda.png","width":300,"height":141,"caption":"Abaa tienda online"},"image":{"@id":"https:\/\/abaa.mx\/tienda\/#\/schema\/logo\/image\/"}}]}},"_links":{"self":[{"href":"https:\/\/abaa.mx\/tienda\/wp-json\/wp\/v2\/product\/7188","targetHints":{"allow":["GET"]}}],"collection":[{"href":"https:\/\/abaa.mx\/tienda\/wp-json\/wp\/v2\/product"}],"about":[{"href":"https:\/\/abaa.mx\/tienda\/wp-json\/wp\/v2\/types\/product"}],"replies":[{"embeddable":true,"href":"https:\/\/abaa.mx\/tienda\/wp-json\/wp\/v2\/comments?post=7188"}],"wp:featuredmedia":[{"embeddable":true,"href":"https:\/\/abaa.mx\/tienda\/wp-json\/wp\/v2\/media\/7203"}],"wp:attachment":[{"href":"https:\/\/abaa.mx\/tienda\/wp-json\/wp\/v2\/media?parent=7188"}],"wp:term":[{"taxonomy":"product_brand","embeddable":true,"href":"https:\/\/abaa.mx\/tienda\/wp-json\/wp\/v2\/product_brand?post=7188"},{"taxonomy":"product_cat","embeddable":true,"href":"https:\/\/abaa.mx\/tienda\/wp-json\/wp\/v2\/product_cat?post=7188"},{"taxonomy":"product_tag","embeddable":true,"href":"https:\/\/abaa.mx\/tienda\/wp-json\/wp\/v2\/product_tag?post=7188"}],"curies":[{"name":"wp","href":"https:\/\/api.w.org\/{rel}","templated":true}]}}