{"id":7173,"date":"2023-10-20T19:34:19","date_gmt":"2023-10-20T19:34:19","guid":{"rendered":"https:\/\/abaa.mx\/tienda\/?post_type=product&#038;p=7173"},"modified":"2023-10-20T19:34:20","modified_gmt":"2023-10-20T19:34:20","slug":"calibrador-ametek-crystal-hpc50-psi","status":"publish","type":"product","link":"https:\/\/abaa.mx\/tienda\/calibrador-ametek-crystal-hpc50-psi\/","title":{"rendered":"calibrador ametek crystal hpc50 psi"},"content":{"rendered":"<p>El calibrador de presi\u00f3n port\u00e1til HPC50 es un calibrador de presi\u00f3n dual intr\u00ednsecamente seguro con opciones para agregar dos m\u00f3dulos externos adicionales de presi\u00f3n o temperatura. El calibrador de presi\u00f3n HPC50 combina las caracter\u00edsticas que le encantan del HPC40 con mejoras como una mejor duraci\u00f3n de la bater\u00eda, una pantalla mejorada, una conexi\u00f3n de m\u00f3dulo externo adicional y, por supuesto, seguridad intr\u00ednseca. El calibrador de presi\u00f3n de la serie HPC50 est\u00e1 totalmente compensado por temperatura para mediciones de presi\u00f3n, temperatura y el\u00e9ctricas de -20 a 50 \u00b0C. \u2022 0,035% de precisi\u00f3n de lectura \u2022 Presi\u00f3n manom\u00e9trica, absoluta y diferencial hasta 10.000<\/p>\n<p>psi \/ 700 bar \/ 70 MPa<br \/>\n\u2022 Simplicidad avanzada Interfaz<br \/>\n&#8220;sin men\u00fa&#8221; \u2022 Medir mA y V<br \/>\ndel fregadero \u2022 Term\u00f3metro de alta precisi\u00f3n<br \/>\ncon tecnolog\u00eda<br \/>\n&#8220;True Ohm&#8221; \u2022 Almacenar y recuperar pantallas<\/p>\n<p>Combine la serie HPC50 con cualquiera de nuestros sistemas de bombeo listos para usar para proporcionar un kit de calibraci\u00f3n completo.<\/p>\n<p>Sistemas de bomba disponibles:<\/p>\n<p>AXX (incluye la bomba T-960)AHX (incluye la bomba T-970)BXX (incluye la bomba T-965)BHX (incluye la bomba T-975-CPF)CXX (incluye la bomba T-620)CHX (incluye la bomba T-620H-CPF)DOX y DWX (ambas incluyen la bomba P-018-CPF)EOX (incluye la bomba P014)FOV y FWV (ambas incluyen T-1-CPF)GOX y GWX (ambas incluyen GaugeCalHP)<\/p>\n<p>HOX (incluye T-975-CPF y T-620H-CPF)Kits de accesorios CPF disponibles:<\/p>\n<p>Kit NPT&#8230;-N (4013)Incluye MPF &#8211; 1\/8QTF, MPF &#8211; 1\/4QTF y MPF &#8211; 1\/2QTF<\/p>\n<p>BSP Kit&#8230;-B (4015)<br \/>\nIncluye MPF &#8211; 1\/8QTFB, MPF &#8211; 1\/4QTFB, MPF &#8211; 3\/8QTFB y MPF &#8211; 1\/2QTFB<br \/>\n\u2022 Presi\u00f3n manom\u00e9trica, absoluta y diferencial hasta 10.000 psi \/ 700 bar \/ 70 MPa<br \/>\n\u2022 Simplicidad avanzada Interfaz<br \/>\n&#8220;sin men\u00fa&#8221; \u2022 Sumidero de medici\u00f3n mA y V<br \/>\n\u2022 Term\u00f3metro de alta precisi\u00f3n con tecnolog\u00eda<br \/>\n&#8220;True Ohm&#8221; \u2022 Almacenar y recuperar pantallas<\/p>\n<p>usadas anteriormente Combine la serie HPC50 con cualquiera de nuestros sistemas de bombeo listos para usar, para proporcionar un kit de calibraci\u00f3n completo.<br \/>\nConfigure su calibrador de presi\u00f3n al finalizar la compra.<\/p>\n<h4>Especificaciones de Crystal Pressure HPC50<\/h4>\n<table class=\"table table-striped\">\n<tbody>\n<tr>\n<td>N\u00famero de sensores<\/td>\n<td>HPC41 (simple)@USD=2884<\/td>\n<\/tr>\n<tr>\n<td>N\u00famero de sensores<\/td>\n<td>HPC42 (doble)@USD=3296<\/td>\n<\/tr>\n<tr>\n<td>M\u00f3dulo BARO (opcional)<\/td>\n<td>No<\/td>\n<\/tr>\n<tr>\n<td>M\u00f3dulo BARO (opcional)<\/td>\n<td>S\u00ed (BARO)@USD=475<\/td>\n<\/tr>\n<tr>\n<td>Opciones de adaptador<\/td>\n<td>Racor de presi\u00f3n macho de 1\/4 NPT (est\u00e1ndar)<\/td>\n<\/tr>\n<tr>\n<td>Opciones de adaptador<\/td>\n<td>Racor de presi\u00f3n macho 1\/4 BSP (-BSP)<\/td>\n<\/tr>\n<tr>\n<td>Opciones de adaptador<\/td>\n<td>Accesorio de presi\u00f3n macho m\u00e9trico M20 x 1.5 (-M20) @USD = 55<\/td>\n<\/tr>\n<tr>\n<td>Kits de accesorios CPF (solo se pueden pedir como parte de un sistema de bombeo)<\/td>\n<td>Kit NPT (4013) (-N)@USD=285<\/td>\n<\/tr>\n<tr>\n<td>Kits de accesorios CPF (solo se pueden pedir como parte de un sistema de bombeo)<\/td>\n<td>Kit BSP (4015)(-B)@USD=375<\/td>\n<\/tr>\n<tr>\n<td>Kits de accesorios CPF (solo se pueden pedir como parte de un sistema de bombeo)<\/td>\n<td>Ninguno<\/td>\n<\/tr>\n<tr>\n<td>Opciones del sistema de bombeo<\/td>\n<td>Sin bomba<\/td>\n<\/tr>\n<tr>\n<td>Opciones del sistema de bombeo<\/td>\n<td>Sistema A (neum\u00e1tico) 0 a 30 psi (-AXX)@USD=1350<\/td>\n<\/tr>\n<tr>\n<td>Opciones del sistema de bombeo<\/td>\n<td>Sistema A (neum\u00e1tico) 0 a 580 psi (-AHX)@USD=1350<\/td>\n<\/tr>\n<tr>\n<td>Opciones del sistema de bombeo<\/td>\n<td>Sistema B (neum\u00e1tico) -25 inHg a 30 psi (-BXX)@USD=1465<\/td>\n<\/tr>\n<tr>\n<td>Opciones del sistema de bombeo<\/td>\n<td>Sistema B (neum\u00e1tico) -25 inHg a 580 psi (-BHX)@USD=1465<\/td>\n<\/tr>\n<tr>\n<td>Opciones del sistema de bombeo<\/td>\n<td>Sistema C (aceite) 0 a 3000 psi (-CXX)@USD=1240<\/td>\n<\/tr>\n<tr>\n<td>Opciones del sistema de bombeo<\/td>\n<td>Sistema C (aceite) 0 a 5000 psi (-CHX)@USD=1410<\/td>\n<\/tr>\n<tr>\n<td>Opciones del sistema de bombeo<\/td>\n<td>Sistema D (aceite) 0 a 5000 psi (-DOX)@USD=2585<\/td>\n<\/tr>\n<tr>\n<td>Opciones del sistema de bombeo<\/td>\n<td>Sistema D (agua) 0 a 5000 psi (-DWX)@USD=2585<\/td>\n<\/tr>\n<tr>\n<td>Opciones del sistema de bombeo<\/td>\n<td>Sistema E (aceite) 0 a 10.000 psi (-EOX)@USD=3650<\/td>\n<\/tr>\n<tr>\n<td>Opciones del sistema de bombeo<\/td>\n<td>Sistema F (aceite) 0 a 15000 psi (-FOV)@USD=4055<\/td>\n<\/tr>\n<tr>\n<td>Opciones del sistema de bombeo<\/td>\n<td>Sistema F (agua) 0 a 15000 psi (-FWV)@USD=4055<\/td>\n<\/tr>\n<tr>\n<td>Opciones del sistema de bombeo<\/td>\n<td>Sistema G (aceite) 0 a 15000 psi (-GOX)@USD=4325<\/td>\n<\/tr>\n<tr>\n<td>Opciones del sistema de bombeo<\/td>\n<td>Sistema G (agua) 0 a 15000 psi (-GWX)@USD=4325<\/td>\n<\/tr>\n<tr>\n<td>Opciones del sistema de bombeo<\/td>\n<td>Sistema H (aceite\/neum\u00e1tico) -25 inHg a 580 psi y 0 a 5000 psi (-HOX)@USD=2470<\/td>\n<\/tr>\n<tr>\n<td>Opciones l\u00edquidas<\/td>\n<td>Sin bomba (N\/A)<\/td>\n<\/tr>\n<tr>\n<td>Opciones l\u00edquidas<\/td>\n<td>Bomba completa<\/td>\n<\/tr>\n<tr>\n<td>Opciones l\u00edquidas<\/td>\n<td>Opci\u00f3n sin l\u00edquido (drenado por bomba) para los sistemas C-H(-E)<\/td>\n<\/tr>\n<tr>\n<td>Estuche de transporte<\/td>\n<td>Est\u00e1ndar (aluminio para sistemas A-F, impermeable para sistemas G y H) @USD=0.00<\/td>\n<\/tr>\n<tr>\n<td>Estuche de transporte<\/td>\n<td>Resistente al agua (-W) (opci\u00f3n solo para los sistemas A, B y C)@USD=170<\/td>\n<\/tr>\n<\/tbody>\n<\/table>\n","protected":false},"excerpt":{"rendered":"<p class=\"short-description mhide ipad-view-setting\">El calibrador de presi\u00f3n port\u00e1til HPC50 es un calibrador de presi\u00f3n dual intr\u00ednsecamente seguro con opciones para agregar dos m\u00f3dulos externos adicionales de presi\u00f3n o temperatura. El calibrador de presi\u00f3n HPC50 combina las caracter\u00edsticas que le encantan del HPC40 con mejoras como una mejor duraci\u00f3n de la bater\u00eda, una pantalla mejorada, una conexi\u00f3n de m\u00f3dulo externo adicional y, por supuesto, seguridad intr\u00ednseca. El calibrador de presi\u00f3n de la serie HPC50 est\u00e1 totalmente compensado por temperatura para mediciones de presi\u00f3n, temperatura y el\u00e9ctricas de -20 a 50 \u00b0C.<\/p>\n<p class=\"comment-tag-product\">\n<div class=\"row-fluid\">\n<div class=\"span12 mobile-pricing-box-padding\">\n<form id=\"166560\" accept-charset=\"utf-8\" action=\"https:\/\/www.globaltestsupply.com\/shop\/add\" method=\"post\" name=\"addTocartFunction\">\n<div><\/div>\n<\/form>\n<\/div>\n<\/div>\n","protected":false},"featured_media":7182,"comment_status":"open","ping_status":"closed","template":"","meta":{"_joinchat":[]},"product_brand":[],"product_cat":[15],"product_tag":[],"class_list":{"0":"post-7173","1":"product","2":"type-product","3":"status-publish","4":"has-post-thumbnail","6":"product_cat-sin-categorizar","8":"first","9":"instock","10":"shipping-taxable","11":"product-type-simple"},"yoast_head":"<!-- This site is optimized with the Yoast SEO plugin v26.4 - https:\/\/yoast.com\/wordpress\/plugins\/seo\/ -->\n<title>calibrador ametek crystal hpc50 psi - Abaa tienda online<\/title>\n<meta name=\"robots\" content=\"index, follow, max-snippet:-1, max-image-preview:large, max-video-preview:-1\" \/>\n<link rel=\"canonical\" href=\"https:\/\/abaa.mx\/tienda\/calibrador-ametek-crystal-hpc50-psi\/\" \/>\n<meta property=\"og:locale\" content=\"es_MX\" \/>\n<meta property=\"og:type\" content=\"article\" \/>\n<meta property=\"og:title\" content=\"calibrador ametek crystal hpc50 psi - Abaa tienda online\" \/>\n<meta property=\"og:description\" content=\"El calibrador de presi\u00f3n port\u00e1til HPC50 es un calibrador de presi\u00f3n dual intr\u00ednsecamente seguro con opciones para agregar dos m\u00f3dulos externos adicionales de presi\u00f3n o temperatura. El calibrador de presi\u00f3n HPC50 combina las caracter\u00edsticas que le encantan del HPC40 con mejoras como una mejor duraci\u00f3n de la bater\u00eda, una pantalla mejorada, una conexi\u00f3n de m\u00f3dulo externo adicional y, por supuesto, seguridad intr\u00ednseca. El calibrador de presi\u00f3n de la serie HPC50 est\u00e1 totalmente compensado por temperatura para mediciones de presi\u00f3n, temperatura y el\u00e9ctricas de -20 a 50 \u00b0C.\" \/>\n<meta property=\"og:url\" content=\"https:\/\/abaa.mx\/tienda\/calibrador-ametek-crystal-hpc50-psi\/\" \/>\n<meta property=\"og:site_name\" content=\"Abaa tienda online\" \/>\n<meta property=\"article:modified_time\" content=\"2023-10-20T19:34:20+00:00\" \/>\n<meta property=\"og:image\" content=\"https:\/\/abaa.mx\/tienda\/wp-content\/uploads\/2023\/10\/HPC50.jpg\" \/>\n\t<meta property=\"og:image:width\" content=\"270\" \/>\n\t<meta property=\"og:image:height\" content=\"360\" \/>\n\t<meta property=\"og:image:type\" content=\"image\/jpeg\" \/>\n<meta name=\"twitter:card\" content=\"summary_large_image\" \/>\n<meta name=\"twitter:label1\" content=\"Tiempo de lectura\" \/>\n\t<meta name=\"twitter:data1\" content=\"4 minutos\" \/>\n<script type=\"application\/ld+json\" class=\"yoast-schema-graph\">{\"@context\":\"https:\/\/schema.org\",\"@graph\":[{\"@type\":\"WebPage\",\"@id\":\"https:\/\/abaa.mx\/tienda\/calibrador-ametek-crystal-hpc50-psi\/\",\"url\":\"https:\/\/abaa.mx\/tienda\/calibrador-ametek-crystal-hpc50-psi\/\",\"name\":\"calibrador ametek crystal hpc50 psi - Abaa tienda online\",\"isPartOf\":{\"@id\":\"https:\/\/abaa.mx\/tienda\/#website\"},\"primaryImageOfPage\":{\"@id\":\"https:\/\/abaa.mx\/tienda\/calibrador-ametek-crystal-hpc50-psi\/#primaryimage\"},\"image\":{\"@id\":\"https:\/\/abaa.mx\/tienda\/calibrador-ametek-crystal-hpc50-psi\/#primaryimage\"},\"thumbnailUrl\":\"https:\/\/abaa.mx\/tienda\/wp-content\/uploads\/2023\/10\/HPC50.jpg\",\"datePublished\":\"2023-10-20T19:34:19+00:00\",\"dateModified\":\"2023-10-20T19:34:20+00:00\",\"breadcrumb\":{\"@id\":\"https:\/\/abaa.mx\/tienda\/calibrador-ametek-crystal-hpc50-psi\/#breadcrumb\"},\"inLanguage\":\"es\",\"potentialAction\":[{\"@type\":\"ReadAction\",\"target\":[\"https:\/\/abaa.mx\/tienda\/calibrador-ametek-crystal-hpc50-psi\/\"]}]},{\"@type\":\"ImageObject\",\"inLanguage\":\"es\",\"@id\":\"https:\/\/abaa.mx\/tienda\/calibrador-ametek-crystal-hpc50-psi\/#primaryimage\",\"url\":\"https:\/\/abaa.mx\/tienda\/wp-content\/uploads\/2023\/10\/HPC50.jpg\",\"contentUrl\":\"https:\/\/abaa.mx\/tienda\/wp-content\/uploads\/2023\/10\/HPC50.jpg\",\"width\":270,\"height\":360,\"caption\":\"HPC50\"},{\"@type\":\"BreadcrumbList\",\"@id\":\"https:\/\/abaa.mx\/tienda\/calibrador-ametek-crystal-hpc50-psi\/#breadcrumb\",\"itemListElement\":[{\"@type\":\"ListItem\",\"position\":1,\"name\":\"Inicio\",\"item\":\"https:\/\/abaa.mx\/tienda\/\"},{\"@type\":\"ListItem\",\"position\":2,\"name\":\"Tienda\",\"item\":\"https:\/\/abaa.mx\/tienda\/\"},{\"@type\":\"ListItem\",\"position\":3,\"name\":\"calibrador ametek crystal hpc50 psi\"}]},{\"@type\":\"WebSite\",\"@id\":\"https:\/\/abaa.mx\/tienda\/#website\",\"url\":\"https:\/\/abaa.mx\/tienda\/\",\"name\":\"Abaa tienda online\",\"description\":\"Instrumentos de medici\u00f3n\",\"publisher\":{\"@id\":\"https:\/\/abaa.mx\/tienda\/#organization\"},\"potentialAction\":[{\"@type\":\"SearchAction\",\"target\":{\"@type\":\"EntryPoint\",\"urlTemplate\":\"https:\/\/abaa.mx\/tienda\/?s={search_term_string}\"},\"query-input\":{\"@type\":\"PropertyValueSpecification\",\"valueRequired\":true,\"valueName\":\"search_term_string\"}}],\"inLanguage\":\"es\"},{\"@type\":\"Organization\",\"@id\":\"https:\/\/abaa.mx\/tienda\/#organization\",\"name\":\"Abaa tienda online\",\"url\":\"https:\/\/abaa.mx\/tienda\/\",\"logo\":{\"@type\":\"ImageObject\",\"inLanguage\":\"es\",\"@id\":\"https:\/\/abaa.mx\/tienda\/#\/schema\/logo\/image\/\",\"url\":\"https:\/\/abaa.mx\/tienda\/wp-content\/uploads\/2024\/01\/abaa-metrologia-tienda.png\",\"contentUrl\":\"https:\/\/abaa.mx\/tienda\/wp-content\/uploads\/2024\/01\/abaa-metrologia-tienda.png\",\"width\":300,\"height\":141,\"caption\":\"Abaa tienda online\"},\"image\":{\"@id\":\"https:\/\/abaa.mx\/tienda\/#\/schema\/logo\/image\/\"}}]}<\/script>\n<!-- \/ Yoast SEO plugin. -->","yoast_head_json":{"title":"calibrador ametek crystal hpc50 psi - Abaa tienda online","robots":{"index":"index","follow":"follow","max-snippet":"max-snippet:-1","max-image-preview":"max-image-preview:large","max-video-preview":"max-video-preview:-1"},"canonical":"https:\/\/abaa.mx\/tienda\/calibrador-ametek-crystal-hpc50-psi\/","og_locale":"es_MX","og_type":"article","og_title":"calibrador ametek crystal hpc50 psi - Abaa tienda online","og_description":"El calibrador de presi\u00f3n port\u00e1til HPC50 es un calibrador de presi\u00f3n dual intr\u00ednsecamente seguro con opciones para agregar dos m\u00f3dulos externos adicionales de presi\u00f3n o temperatura. El calibrador de presi\u00f3n HPC50 combina las caracter\u00edsticas que le encantan del HPC40 con mejoras como una mejor duraci\u00f3n de la bater\u00eda, una pantalla mejorada, una conexi\u00f3n de m\u00f3dulo externo adicional y, por supuesto, seguridad intr\u00ednseca. El calibrador de presi\u00f3n de la serie HPC50 est\u00e1 totalmente compensado por temperatura para mediciones de presi\u00f3n, temperatura y el\u00e9ctricas de -20 a 50 \u00b0C.","og_url":"https:\/\/abaa.mx\/tienda\/calibrador-ametek-crystal-hpc50-psi\/","og_site_name":"Abaa tienda online","article_modified_time":"2023-10-20T19:34:20+00:00","og_image":[{"width":270,"height":360,"url":"https:\/\/abaa.mx\/tienda\/wp-content\/uploads\/2023\/10\/HPC50.jpg","type":"image\/jpeg"}],"twitter_card":"summary_large_image","twitter_misc":{"Tiempo de lectura":"4 minutos"},"schema":{"@context":"https:\/\/schema.org","@graph":[{"@type":"WebPage","@id":"https:\/\/abaa.mx\/tienda\/calibrador-ametek-crystal-hpc50-psi\/","url":"https:\/\/abaa.mx\/tienda\/calibrador-ametek-crystal-hpc50-psi\/","name":"calibrador ametek crystal hpc50 psi - Abaa tienda online","isPartOf":{"@id":"https:\/\/abaa.mx\/tienda\/#website"},"primaryImageOfPage":{"@id":"https:\/\/abaa.mx\/tienda\/calibrador-ametek-crystal-hpc50-psi\/#primaryimage"},"image":{"@id":"https:\/\/abaa.mx\/tienda\/calibrador-ametek-crystal-hpc50-psi\/#primaryimage"},"thumbnailUrl":"https:\/\/abaa.mx\/tienda\/wp-content\/uploads\/2023\/10\/HPC50.jpg","datePublished":"2023-10-20T19:34:19+00:00","dateModified":"2023-10-20T19:34:20+00:00","breadcrumb":{"@id":"https:\/\/abaa.mx\/tienda\/calibrador-ametek-crystal-hpc50-psi\/#breadcrumb"},"inLanguage":"es","potentialAction":[{"@type":"ReadAction","target":["https:\/\/abaa.mx\/tienda\/calibrador-ametek-crystal-hpc50-psi\/"]}]},{"@type":"ImageObject","inLanguage":"es","@id":"https:\/\/abaa.mx\/tienda\/calibrador-ametek-crystal-hpc50-psi\/#primaryimage","url":"https:\/\/abaa.mx\/tienda\/wp-content\/uploads\/2023\/10\/HPC50.jpg","contentUrl":"https:\/\/abaa.mx\/tienda\/wp-content\/uploads\/2023\/10\/HPC50.jpg","width":270,"height":360,"caption":"HPC50"},{"@type":"BreadcrumbList","@id":"https:\/\/abaa.mx\/tienda\/calibrador-ametek-crystal-hpc50-psi\/#breadcrumb","itemListElement":[{"@type":"ListItem","position":1,"name":"Inicio","item":"https:\/\/abaa.mx\/tienda\/"},{"@type":"ListItem","position":2,"name":"Tienda","item":"https:\/\/abaa.mx\/tienda\/"},{"@type":"ListItem","position":3,"name":"calibrador ametek crystal hpc50 psi"}]},{"@type":"WebSite","@id":"https:\/\/abaa.mx\/tienda\/#website","url":"https:\/\/abaa.mx\/tienda\/","name":"Abaa tienda online","description":"Instrumentos de medici\u00f3n","publisher":{"@id":"https:\/\/abaa.mx\/tienda\/#organization"},"potentialAction":[{"@type":"SearchAction","target":{"@type":"EntryPoint","urlTemplate":"https:\/\/abaa.mx\/tienda\/?s={search_term_string}"},"query-input":{"@type":"PropertyValueSpecification","valueRequired":true,"valueName":"search_term_string"}}],"inLanguage":"es"},{"@type":"Organization","@id":"https:\/\/abaa.mx\/tienda\/#organization","name":"Abaa tienda online","url":"https:\/\/abaa.mx\/tienda\/","logo":{"@type":"ImageObject","inLanguage":"es","@id":"https:\/\/abaa.mx\/tienda\/#\/schema\/logo\/image\/","url":"https:\/\/abaa.mx\/tienda\/wp-content\/uploads\/2024\/01\/abaa-metrologia-tienda.png","contentUrl":"https:\/\/abaa.mx\/tienda\/wp-content\/uploads\/2024\/01\/abaa-metrologia-tienda.png","width":300,"height":141,"caption":"Abaa tienda online"},"image":{"@id":"https:\/\/abaa.mx\/tienda\/#\/schema\/logo\/image\/"}}]}},"_links":{"self":[{"href":"https:\/\/abaa.mx\/tienda\/wp-json\/wp\/v2\/product\/7173","targetHints":{"allow":["GET"]}}],"collection":[{"href":"https:\/\/abaa.mx\/tienda\/wp-json\/wp\/v2\/product"}],"about":[{"href":"https:\/\/abaa.mx\/tienda\/wp-json\/wp\/v2\/types\/product"}],"replies":[{"embeddable":true,"href":"https:\/\/abaa.mx\/tienda\/wp-json\/wp\/v2\/comments?post=7173"}],"wp:featuredmedia":[{"embeddable":true,"href":"https:\/\/abaa.mx\/tienda\/wp-json\/wp\/v2\/media\/7182"}],"wp:attachment":[{"href":"https:\/\/abaa.mx\/tienda\/wp-json\/wp\/v2\/media?parent=7173"}],"wp:term":[{"taxonomy":"product_brand","embeddable":true,"href":"https:\/\/abaa.mx\/tienda\/wp-json\/wp\/v2\/product_brand?post=7173"},{"taxonomy":"product_cat","embeddable":true,"href":"https:\/\/abaa.mx\/tienda\/wp-json\/wp\/v2\/product_cat?post=7173"},{"taxonomy":"product_tag","embeddable":true,"href":"https:\/\/abaa.mx\/tienda\/wp-json\/wp\/v2\/product_tag?post=7173"}],"curies":[{"name":"wp","href":"https:\/\/api.w.org\/{rel}","templated":true}]}}