{"id":7158,"date":"2023-10-20T19:37:53","date_gmt":"2023-10-20T19:37:53","guid":{"rendered":"https:\/\/abaa.mx\/tienda\/?post_type=product&#038;p=7158"},"modified":"2023-10-20T19:37:54","modified_gmt":"2023-10-20T19:37:54","slug":"reed-r2310-termometro-infrarrojo-ir-121-1202-f-650-c","status":"publish","type":"product","link":"https:\/\/abaa.mx\/tienda\/reed-r2310-termometro-infrarrojo-ir-121-1202-f-650-c\/","title":{"rendered":"reed r2310 term\u00f3metro infrarrojo (ir), 12:1, 1202 \u00b0f (650 \u00b0c)"},"content":{"rendered":"<p>Este term\u00f3metro infrarrojo presenta una relaci\u00f3n de distancia a punto de 12:1 y ha sido probado contra ca\u00eddas de hasta 9,8 pies (3 m). El R2310 tiene la capacidad de realizar un seguimiento de las lecturas m\u00e1ximas, m\u00ednimas, medias y diferenciales y la capacidad de establecer alarmas altas\/bajas y monitorear continuamente.<\/p>\n<h5><strong>Funciones<\/strong><\/h5>\n<ul>\n<li>El puntero l\u00e1ser incorporado identifica el \u00e1rea objetivo<\/li>\n<li>\u00b0F o \u00b0C seleccionables por el usuario<\/li>\n<li>Relaci\u00f3n de distancia a tama\u00f1o de punto de 12:1<\/li>\n<li>Emisividad ajustable digitalmente<\/li>\n<li>Lecturas m\u00e1ximas, m\u00ednimas, medias y diferenciales<\/li>\n<li>Pantalla retroiluminada<\/li>\n<li>Alarmas altas y bajas<\/li>\n<li>A prueba de polvo y ca\u00eddas<\/li>\n<li>Bloqueo de gatillo para monitoreo continuo<\/li>\n<li>Indicaci\u00f3n de bater\u00eda baja y apagado autom\u00e1tico<\/li>\n<\/ul>\n<h4>Especificaciones de REED R2310<\/h4>\n<table class=\"table table-striped\">\n<tbody>\n<tr>\n<td>Rango de temperatura<\/td>\n<td>-31 a 1202 \u00b0F (-35 a 650 \u00b0C)<\/td>\n<\/tr>\n<tr>\n<td>Exactitud<\/td>\n<td>\u226532 \u00b0F (0 \u00b0C): \u00b13,6 \u00b0F (1,8 \u00b0C) o \u00b11,8 % rdg., lo que sea mayor<br \/>\n&lt;32 \u00b0F (0 \u00b0C): \u00b13,6 \u00b0F + 0,1 \u00b0F\/\u00b0F (1,8 \u00b0C+0,1 \u00b0C\/\u00b0C)<\/td>\n<\/tr>\n<tr>\n<td>Resoluci\u00f3n<\/td>\n<td>0.1 \u00b0F (0.1 \u00b0C)<\/td>\n<\/tr>\n<tr>\n<td>Resoluci\u00f3n \u00f3ptica (D:S)<\/td>\n<td>12:1<\/td>\n<\/tr>\n<tr>\n<td>Respuesta espectral<\/td>\n<td>De 8 a 14 \u03bcm<\/td>\n<\/tr>\n<tr>\n<td>Emisividad<\/td>\n<td>De 0,1 a 1,0 (ajustable)<\/td>\n<\/tr>\n<tr>\n<td>Tiempo de respuesta<\/td>\n<td>250 ms<\/td>\n<\/tr>\n<tr>\n<td>Pantalla retroiluminada<\/td>\n<td>S\u00ed<\/td>\n<\/tr>\n<tr>\n<td>Retenci\u00f3n de pantalla<\/td>\n<td>S\u00ed<\/td>\n<\/tr>\n<tr>\n<td>Alarmas altas\/bajas<\/td>\n<td>S\u00ed<\/td>\n<\/tr>\n<tr>\n<td>Indicadores de alarma<\/td>\n<td>LED (Alto: Rojo, Bajo: Azul)<\/td>\n<\/tr>\n<tr>\n<td>M\u00e1x.\/M\u00edn.<\/td>\n<td>S\u00ed<\/td>\n<\/tr>\n<tr>\n<td>Media y Diferencial<\/td>\n<td>S\u00ed<\/td>\n<\/tr>\n<tr>\n<td>\u00b0F\/\u00b0C conmutable<\/td>\n<td>S\u00ed<\/td>\n<\/tr>\n<tr>\n<td>Bloqueo de gatillo<\/td>\n<td>S\u00ed<\/td>\n<\/tr>\n<tr>\n<td>Montaje en tr\u00edpode<\/td>\n<td>S\u00ed<\/td>\n<\/tr>\n<tr>\n<td>A prueba de ca\u00eddas<\/td>\n<td>S\u00ed, 9.8&#8242; (3M)<\/td>\n<\/tr>\n<tr>\n<td>Tipo de l\u00e1ser<\/td>\n<td>Clase II<\/td>\n<\/tr>\n<tr>\n<td>Indicador de bater\u00eda baja<\/td>\n<td>S\u00ed<\/td>\n<\/tr>\n<tr>\n<td>Fuente de alimentaci\u00f3n<\/td>\n<td>Bater\u00eda de 9V<\/td>\n<\/tr>\n<tr>\n<td>Duraci\u00f3n de la bater\u00eda<\/td>\n<td>Aprox. 10 horas (con uso continuo, retroiluminaci\u00f3n encendida)<\/td>\n<\/tr>\n<tr>\n<td>Certificaciones de productos<\/td>\n<td>CE, RoHS, IP65, a prueba de ca\u00eddas<\/td>\n<\/tr>\n<tr>\n<td>Temperatura de funcionamiento<\/td>\n<td>De 32 a 122 \u00b0C (de 0 a 50 \u00b0F)<\/td>\n<\/tr>\n<tr>\n<td>Temperatura de almacenamiento<\/td>\n<td>-4 a 140 \u00b0F (-20 a 60 \u00b0C)<\/td>\n<\/tr>\n<tr>\n<td>Rango de humedad de funcionamiento<\/td>\n<td>Del 10 al 90%<\/td>\n<\/tr>\n<tr>\n<td>Altitud m\u00e1xima de funcionamiento<\/td>\n<td>6561&#8242; (2000m)<\/td>\n<\/tr>\n<tr>\n<td>Altitud m\u00e1xima de almacenamiento<\/td>\n<td>39370&#8242; (12000m)<\/td>\n<\/tr>\n<tr>\n<td>Dimensiones<\/td>\n<td>7,4 x 4,7 x 2,2&#8243; (189 x 118 x 55 mm)<\/td>\n<\/tr>\n<tr>\n<td>Peso<\/td>\n<td>10 g (3,292 onzas)<\/td>\n<\/tr>\n<\/tbody>\n<\/table>\n","protected":false},"excerpt":{"rendered":"<p class=\"short-description mhide ipad-view-setting\">Carcasa robusta de doble molde con clasificaci\u00f3n IP65. La emisividad ajustable digitalmente permite mediciones precisas de la aplicaci\u00f3n.<\/p>\n<p class=\"comment-tag-product\">\n<div class=\"row-fluid\">\n<div class=\"span12 mobile-pricing-box-padding\">\n<form id=\"142189134\" accept-charset=\"utf-8\" action=\"https:\/\/www.globaltestsupply.com\/shop\/add\" method=\"post\" name=\"addTocartFunction\">\n<div><\/div>\n<\/form>\n<\/div>\n<\/div>\n","protected":false},"featured_media":7194,"comment_status":"open","ping_status":"closed","template":"","meta":{"_joinchat":[]},"product_brand":[],"product_cat":[15],"product_tag":[],"class_list":{"0":"post-7158","1":"product","2":"type-product","3":"status-publish","4":"has-post-thumbnail","6":"product_cat-sin-categorizar","8":"first","9":"instock","10":"shipping-taxable","11":"product-type-simple"},"yoast_head":"<!-- This site is optimized with the Yoast SEO plugin v26.4 - https:\/\/yoast.com\/wordpress\/plugins\/seo\/ -->\n<title>reed r2310 term\u00f3metro infrarrojo (ir), 12:1, 1202 \u00b0f (650 \u00b0c) - Abaa tienda online<\/title>\n<meta name=\"robots\" content=\"index, follow, max-snippet:-1, max-image-preview:large, max-video-preview:-1\" \/>\n<link rel=\"canonical\" href=\"https:\/\/abaa.mx\/tienda\/reed-r2310-termometro-infrarrojo-ir-121-1202-f-650-c\/\" \/>\n<meta property=\"og:locale\" content=\"es_MX\" \/>\n<meta property=\"og:type\" content=\"article\" \/>\n<meta property=\"og:title\" content=\"reed r2310 term\u00f3metro infrarrojo (ir), 12:1, 1202 \u00b0f (650 \u00b0c) - Abaa tienda online\" \/>\n<meta property=\"og:description\" content=\"Carcasa robusta de doble molde con clasificaci\u00f3n IP65. La emisividad ajustable digitalmente permite mediciones precisas de la aplicaci\u00f3n.\" \/>\n<meta property=\"og:url\" content=\"https:\/\/abaa.mx\/tienda\/reed-r2310-termometro-infrarrojo-ir-121-1202-f-650-c\/\" \/>\n<meta property=\"og:site_name\" content=\"Abaa tienda online\" \/>\n<meta property=\"article:modified_time\" content=\"2023-10-20T19:37:54+00:00\" \/>\n<meta property=\"og:image\" content=\"https:\/\/abaa.mx\/tienda\/wp-content\/uploads\/2023\/10\/R2310.png\" \/>\n\t<meta property=\"og:image:width\" content=\"500\" \/>\n\t<meta property=\"og:image:height\" content=\"500\" \/>\n\t<meta property=\"og:image:type\" content=\"image\/png\" \/>\n<meta name=\"twitter:card\" content=\"summary_large_image\" \/>\n<meta name=\"twitter:label1\" content=\"Tiempo de lectura\" \/>\n\t<meta name=\"twitter:data1\" content=\"2 minutos\" \/>\n<script type=\"application\/ld+json\" class=\"yoast-schema-graph\">{\"@context\":\"https:\/\/schema.org\",\"@graph\":[{\"@type\":\"WebPage\",\"@id\":\"https:\/\/abaa.mx\/tienda\/reed-r2310-termometro-infrarrojo-ir-121-1202-f-650-c\/\",\"url\":\"https:\/\/abaa.mx\/tienda\/reed-r2310-termometro-infrarrojo-ir-121-1202-f-650-c\/\",\"name\":\"reed r2310 term\u00f3metro infrarrojo (ir), 12:1, 1202 \u00b0f (650 \u00b0c) - Abaa tienda online\",\"isPartOf\":{\"@id\":\"https:\/\/abaa.mx\/tienda\/#website\"},\"primaryImageOfPage\":{\"@id\":\"https:\/\/abaa.mx\/tienda\/reed-r2310-termometro-infrarrojo-ir-121-1202-f-650-c\/#primaryimage\"},\"image\":{\"@id\":\"https:\/\/abaa.mx\/tienda\/reed-r2310-termometro-infrarrojo-ir-121-1202-f-650-c\/#primaryimage\"},\"thumbnailUrl\":\"https:\/\/abaa.mx\/tienda\/wp-content\/uploads\/2023\/10\/R2310.png\",\"datePublished\":\"2023-10-20T19:37:53+00:00\",\"dateModified\":\"2023-10-20T19:37:54+00:00\",\"breadcrumb\":{\"@id\":\"https:\/\/abaa.mx\/tienda\/reed-r2310-termometro-infrarrojo-ir-121-1202-f-650-c\/#breadcrumb\"},\"inLanguage\":\"es\",\"potentialAction\":[{\"@type\":\"ReadAction\",\"target\":[\"https:\/\/abaa.mx\/tienda\/reed-r2310-termometro-infrarrojo-ir-121-1202-f-650-c\/\"]}]},{\"@type\":\"ImageObject\",\"inLanguage\":\"es\",\"@id\":\"https:\/\/abaa.mx\/tienda\/reed-r2310-termometro-infrarrojo-ir-121-1202-f-650-c\/#primaryimage\",\"url\":\"https:\/\/abaa.mx\/tienda\/wp-content\/uploads\/2023\/10\/R2310.png\",\"contentUrl\":\"https:\/\/abaa.mx\/tienda\/wp-content\/uploads\/2023\/10\/R2310.png\",\"width\":500,\"height\":500,\"caption\":\"reed-r2310-termometro-infrarrojo-ir-121-1202-f-650-c\"},{\"@type\":\"BreadcrumbList\",\"@id\":\"https:\/\/abaa.mx\/tienda\/reed-r2310-termometro-infrarrojo-ir-121-1202-f-650-c\/#breadcrumb\",\"itemListElement\":[{\"@type\":\"ListItem\",\"position\":1,\"name\":\"Inicio\",\"item\":\"https:\/\/abaa.mx\/tienda\/\"},{\"@type\":\"ListItem\",\"position\":2,\"name\":\"Tienda\",\"item\":\"https:\/\/abaa.mx\/tienda\/\"},{\"@type\":\"ListItem\",\"position\":3,\"name\":\"reed r2310 term\u00f3metro infrarrojo (ir), 12:1, 1202 \u00b0f (650 \u00b0c)\"}]},{\"@type\":\"WebSite\",\"@id\":\"https:\/\/abaa.mx\/tienda\/#website\",\"url\":\"https:\/\/abaa.mx\/tienda\/\",\"name\":\"Abaa tienda online\",\"description\":\"Instrumentos de medici\u00f3n\",\"publisher\":{\"@id\":\"https:\/\/abaa.mx\/tienda\/#organization\"},\"potentialAction\":[{\"@type\":\"SearchAction\",\"target\":{\"@type\":\"EntryPoint\",\"urlTemplate\":\"https:\/\/abaa.mx\/tienda\/?s={search_term_string}\"},\"query-input\":{\"@type\":\"PropertyValueSpecification\",\"valueRequired\":true,\"valueName\":\"search_term_string\"}}],\"inLanguage\":\"es\"},{\"@type\":\"Organization\",\"@id\":\"https:\/\/abaa.mx\/tienda\/#organization\",\"name\":\"Abaa tienda online\",\"url\":\"https:\/\/abaa.mx\/tienda\/\",\"logo\":{\"@type\":\"ImageObject\",\"inLanguage\":\"es\",\"@id\":\"https:\/\/abaa.mx\/tienda\/#\/schema\/logo\/image\/\",\"url\":\"https:\/\/abaa.mx\/tienda\/wp-content\/uploads\/2024\/01\/abaa-metrologia-tienda.png\",\"contentUrl\":\"https:\/\/abaa.mx\/tienda\/wp-content\/uploads\/2024\/01\/abaa-metrologia-tienda.png\",\"width\":300,\"height\":141,\"caption\":\"Abaa tienda online\"},\"image\":{\"@id\":\"https:\/\/abaa.mx\/tienda\/#\/schema\/logo\/image\/\"}}]}<\/script>\n<!-- \/ Yoast SEO plugin. -->","yoast_head_json":{"title":"reed r2310 term\u00f3metro infrarrojo (ir), 12:1, 1202 \u00b0f (650 \u00b0c) - Abaa tienda online","robots":{"index":"index","follow":"follow","max-snippet":"max-snippet:-1","max-image-preview":"max-image-preview:large","max-video-preview":"max-video-preview:-1"},"canonical":"https:\/\/abaa.mx\/tienda\/reed-r2310-termometro-infrarrojo-ir-121-1202-f-650-c\/","og_locale":"es_MX","og_type":"article","og_title":"reed r2310 term\u00f3metro infrarrojo (ir), 12:1, 1202 \u00b0f (650 \u00b0c) - Abaa tienda online","og_description":"Carcasa robusta de doble molde con clasificaci\u00f3n IP65. La emisividad ajustable digitalmente permite mediciones precisas de la aplicaci\u00f3n.","og_url":"https:\/\/abaa.mx\/tienda\/reed-r2310-termometro-infrarrojo-ir-121-1202-f-650-c\/","og_site_name":"Abaa tienda online","article_modified_time":"2023-10-20T19:37:54+00:00","og_image":[{"width":500,"height":500,"url":"https:\/\/abaa.mx\/tienda\/wp-content\/uploads\/2023\/10\/R2310.png","type":"image\/png"}],"twitter_card":"summary_large_image","twitter_misc":{"Tiempo de lectura":"2 minutos"},"schema":{"@context":"https:\/\/schema.org","@graph":[{"@type":"WebPage","@id":"https:\/\/abaa.mx\/tienda\/reed-r2310-termometro-infrarrojo-ir-121-1202-f-650-c\/","url":"https:\/\/abaa.mx\/tienda\/reed-r2310-termometro-infrarrojo-ir-121-1202-f-650-c\/","name":"reed r2310 term\u00f3metro infrarrojo (ir), 12:1, 1202 \u00b0f (650 \u00b0c) - Abaa tienda online","isPartOf":{"@id":"https:\/\/abaa.mx\/tienda\/#website"},"primaryImageOfPage":{"@id":"https:\/\/abaa.mx\/tienda\/reed-r2310-termometro-infrarrojo-ir-121-1202-f-650-c\/#primaryimage"},"image":{"@id":"https:\/\/abaa.mx\/tienda\/reed-r2310-termometro-infrarrojo-ir-121-1202-f-650-c\/#primaryimage"},"thumbnailUrl":"https:\/\/abaa.mx\/tienda\/wp-content\/uploads\/2023\/10\/R2310.png","datePublished":"2023-10-20T19:37:53+00:00","dateModified":"2023-10-20T19:37:54+00:00","breadcrumb":{"@id":"https:\/\/abaa.mx\/tienda\/reed-r2310-termometro-infrarrojo-ir-121-1202-f-650-c\/#breadcrumb"},"inLanguage":"es","potentialAction":[{"@type":"ReadAction","target":["https:\/\/abaa.mx\/tienda\/reed-r2310-termometro-infrarrojo-ir-121-1202-f-650-c\/"]}]},{"@type":"ImageObject","inLanguage":"es","@id":"https:\/\/abaa.mx\/tienda\/reed-r2310-termometro-infrarrojo-ir-121-1202-f-650-c\/#primaryimage","url":"https:\/\/abaa.mx\/tienda\/wp-content\/uploads\/2023\/10\/R2310.png","contentUrl":"https:\/\/abaa.mx\/tienda\/wp-content\/uploads\/2023\/10\/R2310.png","width":500,"height":500,"caption":"reed-r2310-termometro-infrarrojo-ir-121-1202-f-650-c"},{"@type":"BreadcrumbList","@id":"https:\/\/abaa.mx\/tienda\/reed-r2310-termometro-infrarrojo-ir-121-1202-f-650-c\/#breadcrumb","itemListElement":[{"@type":"ListItem","position":1,"name":"Inicio","item":"https:\/\/abaa.mx\/tienda\/"},{"@type":"ListItem","position":2,"name":"Tienda","item":"https:\/\/abaa.mx\/tienda\/"},{"@type":"ListItem","position":3,"name":"reed r2310 term\u00f3metro infrarrojo (ir), 12:1, 1202 \u00b0f (650 \u00b0c)"}]},{"@type":"WebSite","@id":"https:\/\/abaa.mx\/tienda\/#website","url":"https:\/\/abaa.mx\/tienda\/","name":"Abaa tienda online","description":"Instrumentos de medici\u00f3n","publisher":{"@id":"https:\/\/abaa.mx\/tienda\/#organization"},"potentialAction":[{"@type":"SearchAction","target":{"@type":"EntryPoint","urlTemplate":"https:\/\/abaa.mx\/tienda\/?s={search_term_string}"},"query-input":{"@type":"PropertyValueSpecification","valueRequired":true,"valueName":"search_term_string"}}],"inLanguage":"es"},{"@type":"Organization","@id":"https:\/\/abaa.mx\/tienda\/#organization","name":"Abaa tienda online","url":"https:\/\/abaa.mx\/tienda\/","logo":{"@type":"ImageObject","inLanguage":"es","@id":"https:\/\/abaa.mx\/tienda\/#\/schema\/logo\/image\/","url":"https:\/\/abaa.mx\/tienda\/wp-content\/uploads\/2024\/01\/abaa-metrologia-tienda.png","contentUrl":"https:\/\/abaa.mx\/tienda\/wp-content\/uploads\/2024\/01\/abaa-metrologia-tienda.png","width":300,"height":141,"caption":"Abaa tienda online"},"image":{"@id":"https:\/\/abaa.mx\/tienda\/#\/schema\/logo\/image\/"}}]}},"_links":{"self":[{"href":"https:\/\/abaa.mx\/tienda\/wp-json\/wp\/v2\/product\/7158","targetHints":{"allow":["GET"]}}],"collection":[{"href":"https:\/\/abaa.mx\/tienda\/wp-json\/wp\/v2\/product"}],"about":[{"href":"https:\/\/abaa.mx\/tienda\/wp-json\/wp\/v2\/types\/product"}],"replies":[{"embeddable":true,"href":"https:\/\/abaa.mx\/tienda\/wp-json\/wp\/v2\/comments?post=7158"}],"wp:featuredmedia":[{"embeddable":true,"href":"https:\/\/abaa.mx\/tienda\/wp-json\/wp\/v2\/media\/7194"}],"wp:attachment":[{"href":"https:\/\/abaa.mx\/tienda\/wp-json\/wp\/v2\/media?parent=7158"}],"wp:term":[{"taxonomy":"product_brand","embeddable":true,"href":"https:\/\/abaa.mx\/tienda\/wp-json\/wp\/v2\/product_brand?post=7158"},{"taxonomy":"product_cat","embeddable":true,"href":"https:\/\/abaa.mx\/tienda\/wp-json\/wp\/v2\/product_cat?post=7158"},{"taxonomy":"product_tag","embeddable":true,"href":"https:\/\/abaa.mx\/tienda\/wp-json\/wp\/v2\/product_tag?post=7158"}],"curies":[{"name":"wp","href":"https:\/\/api.w.org\/{rel}","templated":true}]}}