{"id":7129,"date":"2023-10-20T17:32:51","date_gmt":"2023-10-20T17:32:51","guid":{"rendered":"https:\/\/abaa.mx\/tienda\/?post_type=product&#038;p=7129"},"modified":"2023-10-20T17:32:51","modified_gmt":"2023-10-20T17:32:51","slug":"calibrador-de-presion-de-sensor-unico-ametek-crystal-hpc41-con-sistema-b-1000-psi","status":"publish","type":"product","link":"https:\/\/abaa.mx\/tienda\/calibrador-de-presion-de-sensor-unico-ametek-crystal-hpc41-con-sistema-b-1000-psi\/","title":{"rendered":"calibrador de presi\u00f3n de sensor \u00fanico ametek crystal hpc41 con sistema b, 1000 psi"},"content":{"rendered":"<p>Compatible con los sistemas de bombeo, el calibrador de presi\u00f3n de un solo sensor incluye todos los efectos de linealidad, hist\u00e9resis, repetibilidad, temperatura y estabilidad.<\/p>\n<p><strong>Funciones<\/strong><\/p>\n<ul>\n<li>0,035% de precisi\u00f3n de lectura<\/li>\n<li>Presi\u00f3n manom\u00e9trica, absoluta y diferencial hasta 15.000 psi \/ 1000 bar \/ 100 MPa<\/li>\n<li>Simplicidad avanzada Interfaz &#8220;No-Men\u00fa&#8221;<\/li>\n<li>Medici\u00f3n y fuente de mA con alimentaci\u00f3n de bucle externo o fuente de alimentaci\u00f3n interna de 24 V CC<\/li>\n<li>Term\u00f3metro de alta precisi\u00f3n con tecnolog\u00eda &#8220;True Ohm&#8221;<\/li>\n<li>Almacenar y recuperar pantallas usadas anteriormente<\/li>\n<li>Opciones de alimentaci\u00f3n flexibles, incluida la recargable<\/li>\n<\/ul>\n<p><strong>Aplicaciones<\/strong><\/p>\n<ul>\n<li>Calibraci\u00f3n de presi\u00f3n<\/li>\n<\/ul>\n<h4>Especificaciones de Crystal Pressure HPC41-1KPSI-BHX<\/h4>\n<table class=\"table table-striped\">\n<tbody>\n<tr>\n<td>Bomba manual neum\u00e1tica T-975<\/td>\n<td>De -25 inHg a 580 psi \/ &#8211; 0,91 a 40 bar<\/td>\n<\/tr>\n<tr>\n<td>Exactitud<\/td>\n<td>De 0 a 30% del rango: \u00b1 (0,015% de la escala completa) Del 30 al 110% del rango: \u00b1(0,050% de la lectura) Vac\u00edo: \u00b1 (0,05% de la escala completa)<\/td>\n<\/tr>\n<tr>\n<td>Rango de presi\u00f3n diferencial<\/td>\n<td>10.000 psi<\/td>\n<\/tr>\n<tr>\n<td>Sensor de presi\u00f3n<\/td>\n<td>Materiales h\u00famedos: acero inoxidable 316 (apretado con llave), acero inoxidable 316 (apretado con los dedos) y Viton (junta t\u00f3rica interna) Fluido de sellado del diafragma: aceite de<br \/>\nsilicona Conexi\u00f3n: cristal CPF hembra<\/td>\n<\/tr>\n<tr>\n<td>Medici\u00f3n de corriente y voltaje<\/td>\n<td>Conexi\u00f3n: jacks de 4 mm Tensi\u00f3n m\u00e1xima: 45 VDC Precisi\u00f3n de entrada de corriente (mA): \u00b1 (0,015% de rdg + 0,002 mA), rango de mA: 0 a 55 mA Precisi\u00f3n de salida de corriente (mA): \u00b1(0,015 de rdg + 0,002 mA), rango: 0 a 25 mA<\/p>\n<p>Precisi\u00f3n de entrada de voltaje (VDC): \u00b1 (0,015 % de rdg + 2 mV), rango: 0 a 30 VDC<\/p>\n<p>Precisi\u00f3n de potencia de<br \/>\nbucle: \u00b1 (0,015% de rdg) + 0,02 \u03a9, Rango: 0 a 400 \u03a9<\/td>\n<\/tr>\n<tr>\n<td>Rango de temperatura<\/td>\n<td>-4 a 122 \u00b0F (-20 a 50 \u00b0C)<\/td>\n<\/tr>\n<tr>\n<td>Recinto<\/td>\n<td>Clasificaci\u00f3n: IP65<br \/>\nCarcasa: aluminio<br \/>\nmecanizado Teclado y etiquetas: silicona resistente a los rayos UV<\/td>\n<\/tr>\n<tr>\n<td>Peso<\/td>\n<td>689 g (24,3 onzas)<\/td>\n<\/tr>\n<\/tbody>\n<\/table>\n","protected":false},"excerpt":{"rendered":"<p class=\"short-description mhide ipad-view-setting\">Compacto y preciso, este calibrador de presi\u00f3n port\u00e1til con un sistema de bomba del sistema B combina la presi\u00f3n con un bucle de mA y est\u00e1 totalmente compensado por la temperatura de -4 a 122 \u00b0F (-20 a 50 \u00b0C). Con un rango de 1000 psi, este calibrador de presi\u00f3n de un solo sensor proporciona la misma precisi\u00f3n ya sea que mida presi\u00f3n, corriente, voltaje o temperatura.<\/p>\n<p class=\"comment-tag-product\">\n<div class=\"row-fluid\">\n<div class=\"span12 mobile-pricing-box-padding\">\n<form id=\"177953\" accept-charset=\"utf-8\" action=\"https:\/\/www.globaltestsupply.com\/shop\/add\" method=\"post\" name=\"addTocartFunction\">\n<div><\/div>\n<\/form>\n<\/div>\n<\/div>\n","protected":false},"featured_media":7137,"comment_status":"open","ping_status":"closed","template":"","meta":{"_joinchat":[]},"product_brand":[],"product_cat":[15],"product_tag":[],"class_list":{"0":"post-7129","1":"product","2":"type-product","3":"status-publish","4":"has-post-thumbnail","6":"product_cat-sin-categorizar","8":"first","9":"instock","10":"shipping-taxable","11":"product-type-simple"},"yoast_head":"<!-- This site is optimized with the Yoast SEO plugin v26.4 - https:\/\/yoast.com\/wordpress\/plugins\/seo\/ -->\n<title>calibrador de presi\u00f3n de sensor \u00fanico ametek crystal hpc41 con sistema b, 1000 psi - Abaa tienda online<\/title>\n<meta name=\"robots\" content=\"index, follow, max-snippet:-1, max-image-preview:large, max-video-preview:-1\" \/>\n<link rel=\"canonical\" href=\"https:\/\/abaa.mx\/tienda\/calibrador-de-presion-de-sensor-unico-ametek-crystal-hpc41-con-sistema-b-1000-psi\/\" \/>\n<meta property=\"og:locale\" content=\"es_MX\" \/>\n<meta property=\"og:type\" content=\"article\" \/>\n<meta property=\"og:title\" content=\"calibrador de presi\u00f3n de sensor \u00fanico ametek crystal hpc41 con sistema b, 1000 psi - Abaa tienda online\" \/>\n<meta property=\"og:description\" content=\"Compacto y preciso, este calibrador de presi\u00f3n port\u00e1til con un sistema de bomba del sistema B combina la presi\u00f3n con un bucle de mA y est\u00e1 totalmente compensado por la temperatura de -4 a 122 \u00b0F (-20 a 50 \u00b0C). Con un rango de 1000 psi, este calibrador de presi\u00f3n de un solo sensor proporciona la misma precisi\u00f3n ya sea que mida presi\u00f3n, corriente, voltaje o temperatura.\" \/>\n<meta property=\"og:url\" content=\"https:\/\/abaa.mx\/tienda\/calibrador-de-presion-de-sensor-unico-ametek-crystal-hpc41-con-sistema-b-1000-psi\/\" \/>\n<meta property=\"og:site_name\" content=\"Abaa tienda online\" \/>\n<meta property=\"og:image\" content=\"https:\/\/abaa.mx\/tienda\/wp-content\/uploads\/2023\/10\/HPC41-1KPSI-BHX.jpg\" \/>\n\t<meta property=\"og:image:width\" content=\"270\" \/>\n\t<meta property=\"og:image:height\" content=\"360\" \/>\n\t<meta property=\"og:image:type\" content=\"image\/jpeg\" \/>\n<meta name=\"twitter:card\" content=\"summary_large_image\" \/>\n<meta name=\"twitter:label1\" content=\"Tiempo de lectura\" \/>\n\t<meta name=\"twitter:data1\" content=\"2 minutos\" \/>\n<script type=\"application\/ld+json\" class=\"yoast-schema-graph\">{\"@context\":\"https:\/\/schema.org\",\"@graph\":[{\"@type\":\"WebPage\",\"@id\":\"https:\/\/abaa.mx\/tienda\/calibrador-de-presion-de-sensor-unico-ametek-crystal-hpc41-con-sistema-b-1000-psi\/\",\"url\":\"https:\/\/abaa.mx\/tienda\/calibrador-de-presion-de-sensor-unico-ametek-crystal-hpc41-con-sistema-b-1000-psi\/\",\"name\":\"calibrador de presi\u00f3n de sensor \u00fanico ametek crystal hpc41 con sistema b, 1000 psi - Abaa tienda online\",\"isPartOf\":{\"@id\":\"https:\/\/abaa.mx\/tienda\/#website\"},\"primaryImageOfPage\":{\"@id\":\"https:\/\/abaa.mx\/tienda\/calibrador-de-presion-de-sensor-unico-ametek-crystal-hpc41-con-sistema-b-1000-psi\/#primaryimage\"},\"image\":{\"@id\":\"https:\/\/abaa.mx\/tienda\/calibrador-de-presion-de-sensor-unico-ametek-crystal-hpc41-con-sistema-b-1000-psi\/#primaryimage\"},\"thumbnailUrl\":\"https:\/\/abaa.mx\/tienda\/wp-content\/uploads\/2023\/10\/HPC41-1KPSI-BHX.jpg\",\"datePublished\":\"2023-10-20T17:32:51+00:00\",\"breadcrumb\":{\"@id\":\"https:\/\/abaa.mx\/tienda\/calibrador-de-presion-de-sensor-unico-ametek-crystal-hpc41-con-sistema-b-1000-psi\/#breadcrumb\"},\"inLanguage\":\"es\",\"potentialAction\":[{\"@type\":\"ReadAction\",\"target\":[\"https:\/\/abaa.mx\/tienda\/calibrador-de-presion-de-sensor-unico-ametek-crystal-hpc41-con-sistema-b-1000-psi\/\"]}]},{\"@type\":\"ImageObject\",\"inLanguage\":\"es\",\"@id\":\"https:\/\/abaa.mx\/tienda\/calibrador-de-presion-de-sensor-unico-ametek-crystal-hpc41-con-sistema-b-1000-psi\/#primaryimage\",\"url\":\"https:\/\/abaa.mx\/tienda\/wp-content\/uploads\/2023\/10\/HPC41-1KPSI-BHX.jpg\",\"contentUrl\":\"https:\/\/abaa.mx\/tienda\/wp-content\/uploads\/2023\/10\/HPC41-1KPSI-BHX.jpg\",\"width\":270,\"height\":360,\"caption\":\"HPC41-1KPSI-BHX\"},{\"@type\":\"BreadcrumbList\",\"@id\":\"https:\/\/abaa.mx\/tienda\/calibrador-de-presion-de-sensor-unico-ametek-crystal-hpc41-con-sistema-b-1000-psi\/#breadcrumb\",\"itemListElement\":[{\"@type\":\"ListItem\",\"position\":1,\"name\":\"Inicio\",\"item\":\"https:\/\/abaa.mx\/tienda\/\"},{\"@type\":\"ListItem\",\"position\":2,\"name\":\"Tienda\",\"item\":\"https:\/\/abaa.mx\/tienda\/\"},{\"@type\":\"ListItem\",\"position\":3,\"name\":\"calibrador de presi\u00f3n de sensor \u00fanico ametek crystal hpc41 con sistema b, 1000 psi\"}]},{\"@type\":\"WebSite\",\"@id\":\"https:\/\/abaa.mx\/tienda\/#website\",\"url\":\"https:\/\/abaa.mx\/tienda\/\",\"name\":\"Abaa tienda online\",\"description\":\"Instrumentos de medici\u00f3n\",\"publisher\":{\"@id\":\"https:\/\/abaa.mx\/tienda\/#organization\"},\"potentialAction\":[{\"@type\":\"SearchAction\",\"target\":{\"@type\":\"EntryPoint\",\"urlTemplate\":\"https:\/\/abaa.mx\/tienda\/?s={search_term_string}\"},\"query-input\":{\"@type\":\"PropertyValueSpecification\",\"valueRequired\":true,\"valueName\":\"search_term_string\"}}],\"inLanguage\":\"es\"},{\"@type\":\"Organization\",\"@id\":\"https:\/\/abaa.mx\/tienda\/#organization\",\"name\":\"Abaa tienda online\",\"url\":\"https:\/\/abaa.mx\/tienda\/\",\"logo\":{\"@type\":\"ImageObject\",\"inLanguage\":\"es\",\"@id\":\"https:\/\/abaa.mx\/tienda\/#\/schema\/logo\/image\/\",\"url\":\"https:\/\/abaa.mx\/tienda\/wp-content\/uploads\/2024\/01\/abaa-metrologia-tienda.png\",\"contentUrl\":\"https:\/\/abaa.mx\/tienda\/wp-content\/uploads\/2024\/01\/abaa-metrologia-tienda.png\",\"width\":300,\"height\":141,\"caption\":\"Abaa tienda online\"},\"image\":{\"@id\":\"https:\/\/abaa.mx\/tienda\/#\/schema\/logo\/image\/\"}}]}<\/script>\n<!-- \/ Yoast SEO plugin. -->","yoast_head_json":{"title":"calibrador de presi\u00f3n de sensor \u00fanico ametek crystal hpc41 con sistema b, 1000 psi - Abaa tienda online","robots":{"index":"index","follow":"follow","max-snippet":"max-snippet:-1","max-image-preview":"max-image-preview:large","max-video-preview":"max-video-preview:-1"},"canonical":"https:\/\/abaa.mx\/tienda\/calibrador-de-presion-de-sensor-unico-ametek-crystal-hpc41-con-sistema-b-1000-psi\/","og_locale":"es_MX","og_type":"article","og_title":"calibrador de presi\u00f3n de sensor \u00fanico ametek crystal hpc41 con sistema b, 1000 psi - Abaa tienda online","og_description":"Compacto y preciso, este calibrador de presi\u00f3n port\u00e1til con un sistema de bomba del sistema B combina la presi\u00f3n con un bucle de mA y est\u00e1 totalmente compensado por la temperatura de -4 a 122 \u00b0F (-20 a 50 \u00b0C). Con un rango de 1000 psi, este calibrador de presi\u00f3n de un solo sensor proporciona la misma precisi\u00f3n ya sea que mida presi\u00f3n, corriente, voltaje o temperatura.","og_url":"https:\/\/abaa.mx\/tienda\/calibrador-de-presion-de-sensor-unico-ametek-crystal-hpc41-con-sistema-b-1000-psi\/","og_site_name":"Abaa tienda online","og_image":[{"width":270,"height":360,"url":"https:\/\/abaa.mx\/tienda\/wp-content\/uploads\/2023\/10\/HPC41-1KPSI-BHX.jpg","type":"image\/jpeg"}],"twitter_card":"summary_large_image","twitter_misc":{"Tiempo de lectura":"2 minutos"},"schema":{"@context":"https:\/\/schema.org","@graph":[{"@type":"WebPage","@id":"https:\/\/abaa.mx\/tienda\/calibrador-de-presion-de-sensor-unico-ametek-crystal-hpc41-con-sistema-b-1000-psi\/","url":"https:\/\/abaa.mx\/tienda\/calibrador-de-presion-de-sensor-unico-ametek-crystal-hpc41-con-sistema-b-1000-psi\/","name":"calibrador de presi\u00f3n de sensor \u00fanico ametek crystal hpc41 con sistema b, 1000 psi - Abaa tienda online","isPartOf":{"@id":"https:\/\/abaa.mx\/tienda\/#website"},"primaryImageOfPage":{"@id":"https:\/\/abaa.mx\/tienda\/calibrador-de-presion-de-sensor-unico-ametek-crystal-hpc41-con-sistema-b-1000-psi\/#primaryimage"},"image":{"@id":"https:\/\/abaa.mx\/tienda\/calibrador-de-presion-de-sensor-unico-ametek-crystal-hpc41-con-sistema-b-1000-psi\/#primaryimage"},"thumbnailUrl":"https:\/\/abaa.mx\/tienda\/wp-content\/uploads\/2023\/10\/HPC41-1KPSI-BHX.jpg","datePublished":"2023-10-20T17:32:51+00:00","breadcrumb":{"@id":"https:\/\/abaa.mx\/tienda\/calibrador-de-presion-de-sensor-unico-ametek-crystal-hpc41-con-sistema-b-1000-psi\/#breadcrumb"},"inLanguage":"es","potentialAction":[{"@type":"ReadAction","target":["https:\/\/abaa.mx\/tienda\/calibrador-de-presion-de-sensor-unico-ametek-crystal-hpc41-con-sistema-b-1000-psi\/"]}]},{"@type":"ImageObject","inLanguage":"es","@id":"https:\/\/abaa.mx\/tienda\/calibrador-de-presion-de-sensor-unico-ametek-crystal-hpc41-con-sistema-b-1000-psi\/#primaryimage","url":"https:\/\/abaa.mx\/tienda\/wp-content\/uploads\/2023\/10\/HPC41-1KPSI-BHX.jpg","contentUrl":"https:\/\/abaa.mx\/tienda\/wp-content\/uploads\/2023\/10\/HPC41-1KPSI-BHX.jpg","width":270,"height":360,"caption":"HPC41-1KPSI-BHX"},{"@type":"BreadcrumbList","@id":"https:\/\/abaa.mx\/tienda\/calibrador-de-presion-de-sensor-unico-ametek-crystal-hpc41-con-sistema-b-1000-psi\/#breadcrumb","itemListElement":[{"@type":"ListItem","position":1,"name":"Inicio","item":"https:\/\/abaa.mx\/tienda\/"},{"@type":"ListItem","position":2,"name":"Tienda","item":"https:\/\/abaa.mx\/tienda\/"},{"@type":"ListItem","position":3,"name":"calibrador de presi\u00f3n de sensor \u00fanico ametek crystal hpc41 con sistema b, 1000 psi"}]},{"@type":"WebSite","@id":"https:\/\/abaa.mx\/tienda\/#website","url":"https:\/\/abaa.mx\/tienda\/","name":"Abaa tienda online","description":"Instrumentos de medici\u00f3n","publisher":{"@id":"https:\/\/abaa.mx\/tienda\/#organization"},"potentialAction":[{"@type":"SearchAction","target":{"@type":"EntryPoint","urlTemplate":"https:\/\/abaa.mx\/tienda\/?s={search_term_string}"},"query-input":{"@type":"PropertyValueSpecification","valueRequired":true,"valueName":"search_term_string"}}],"inLanguage":"es"},{"@type":"Organization","@id":"https:\/\/abaa.mx\/tienda\/#organization","name":"Abaa tienda online","url":"https:\/\/abaa.mx\/tienda\/","logo":{"@type":"ImageObject","inLanguage":"es","@id":"https:\/\/abaa.mx\/tienda\/#\/schema\/logo\/image\/","url":"https:\/\/abaa.mx\/tienda\/wp-content\/uploads\/2024\/01\/abaa-metrologia-tienda.png","contentUrl":"https:\/\/abaa.mx\/tienda\/wp-content\/uploads\/2024\/01\/abaa-metrologia-tienda.png","width":300,"height":141,"caption":"Abaa tienda online"},"image":{"@id":"https:\/\/abaa.mx\/tienda\/#\/schema\/logo\/image\/"}}]}},"_links":{"self":[{"href":"https:\/\/abaa.mx\/tienda\/wp-json\/wp\/v2\/product\/7129","targetHints":{"allow":["GET"]}}],"collection":[{"href":"https:\/\/abaa.mx\/tienda\/wp-json\/wp\/v2\/product"}],"about":[{"href":"https:\/\/abaa.mx\/tienda\/wp-json\/wp\/v2\/types\/product"}],"replies":[{"embeddable":true,"href":"https:\/\/abaa.mx\/tienda\/wp-json\/wp\/v2\/comments?post=7129"}],"wp:featuredmedia":[{"embeddable":true,"href":"https:\/\/abaa.mx\/tienda\/wp-json\/wp\/v2\/media\/7137"}],"wp:attachment":[{"href":"https:\/\/abaa.mx\/tienda\/wp-json\/wp\/v2\/media?parent=7129"}],"wp:term":[{"taxonomy":"product_brand","embeddable":true,"href":"https:\/\/abaa.mx\/tienda\/wp-json\/wp\/v2\/product_brand?post=7129"},{"taxonomy":"product_cat","embeddable":true,"href":"https:\/\/abaa.mx\/tienda\/wp-json\/wp\/v2\/product_cat?post=7129"},{"taxonomy":"product_tag","embeddable":true,"href":"https:\/\/abaa.mx\/tienda\/wp-json\/wp\/v2\/product_tag?post=7129"}],"curies":[{"name":"wp","href":"https:\/\/api.w.org\/{rel}","templated":true}]}}