{"id":7094,"date":"2023-12-05T15:38:32","date_gmt":"2023-12-05T15:38:32","guid":{"rendered":"https:\/\/abaa.mx\/tienda\/?post_type=product&#038;p=7094"},"modified":"2023-12-05T15:39:30","modified_gmt":"2023-12-05T15:39:30","slug":"gas-alert-micro-clip-x3-2-gas-detector","status":"publish","type":"product","link":"https:\/\/abaa.mx\/tienda\/gas-alert-micro-clip-x3-2-gas-detector\/","title":{"rendered":"Gas Alert Micro Clip X3 2-Gas Detector"},"content":{"rendered":"<p>Gas Alert Micro Clip X3 2-Gas Detector.<\/p>\n","protected":false},"excerpt":{"rendered":"<p><b>Contenido del paquete est\u00e1ndar:<\/b><\/p>\n<ul>\n<li>Bater\u00eda recargable.<\/li>\n<li>Manual.<\/li>\n<li>Calibraci\u00f3n \/ tapa de prueba y manguera.<\/li>\n<li>Adaptador de carga de salida de pared.<\/li>\n<li>Detector completo con sensor (es) especificado (s), pinza de cocodrilo de acero.<\/li>\n<li>inoxidable y vivienda a prueba de golpes.<\/li>\n<li>Manual de CD en varios idiomas.<\/li>\n<\/ul>\n<p><b>Especificaciones generales:<\/b><\/p>\n<ul>\n<li>GasAlertMicroClip XL GasAlertMicroClip X3.<\/li>\n<li>Duraci\u00f3n t\u00edpica de la bater\u00eda 18 horas (se recarga en menos de 6 horas).<\/li>\n<li>Tama\u00f1o 4.4 x 2.4 x 1.2 in. \/ 11.3 x 6.0 x 3.1 cm 4.4 x 2.4 x 1.2 in. \/ 11.3 x 6.0 x 3.1 cm.<\/li>\n<li>Peso 6.7 oz \/ 190 g 6.3 oz \/ 179 g.<\/li>\n<li>Temperatura de Operaci\u00f3n: -4 a + 122 \u00b0 F \/ -20 a + 50 \u00b0 C.<\/li>\n<\/ul>\n","protected":false},"featured_media":9637,"comment_status":"open","ping_status":"closed","template":"","meta":{"_joinchat":[]},"product_brand":[],"product_cat":[15],"product_tag":[],"class_list":{"0":"post-7094","1":"product","2":"type-product","3":"status-publish","4":"has-post-thumbnail","6":"product_cat-sin-categorizar","8":"first","9":"instock","10":"shipping-taxable","11":"product-type-simple"},"yoast_head":"<!-- This site is optimized with the Yoast SEO plugin v26.4 - https:\/\/yoast.com\/wordpress\/plugins\/seo\/ -->\n<title>Gas Alert Micro Clip X3 2-Gas Detector - Abaa tienda online<\/title>\n<meta name=\"robots\" content=\"index, follow, max-snippet:-1, max-image-preview:large, max-video-preview:-1\" \/>\n<link rel=\"canonical\" href=\"https:\/\/abaa.mx\/tienda\/gas-alert-micro-clip-x3-2-gas-detector\/\" \/>\n<meta property=\"og:locale\" content=\"es_MX\" \/>\n<meta property=\"og:type\" content=\"article\" \/>\n<meta property=\"og:title\" content=\"Gas Alert Micro Clip X3 2-Gas Detector - Abaa tienda online\" \/>\n<meta property=\"og:description\" content=\"Contenido del paquete est\u00e1ndar:   Bater\u00eda recargable.  Manual.  Calibraci\u00f3n \/ tapa de prueba y manguera.  Adaptador de carga de salida de pared.  Detector completo con sensor (es) especificado (s), pinza de cocodrilo de acero.  inoxidable y vivienda a prueba de golpes.  Manual de CD en varios idiomas.  Especificaciones generales:   GasAlertMicroClip XL GasAlertMicroClip X3.  Duraci\u00f3n t\u00edpica de la bater\u00eda 18 horas (se recarga en menos de 6 horas).  Tama\u00f1o 4.4 x 2.4 x 1.2 in. \/ 11.3 x 6.0 x 3.1 cm 4.4 x 2.4 x 1.2 in. \/ 11.3 x 6.0 x 3.1 cm.  Peso 6.7 oz \/ 190 g 6.3 oz \/ 179 g.  Temperatura de Operaci\u00f3n: -4 a + 122 \u00b0 F \/ -20 a + 50 \u00b0 C.\" \/>\n<meta property=\"og:url\" content=\"https:\/\/abaa.mx\/tienda\/gas-alert-micro-clip-x3-2-gas-detector\/\" \/>\n<meta property=\"og:site_name\" content=\"Abaa tienda online\" \/>\n<meta property=\"article:modified_time\" content=\"2023-12-05T15:39:30+00:00\" \/>\n<meta property=\"og:image\" content=\"https:\/\/abaa.mx\/tienda\/wp-content\/uploads\/2023\/12\/BW-TECHNOLOGIES-GAS-DETECTOR-1.jpg\" \/>\n\t<meta property=\"og:image:width\" content=\"343\" \/>\n\t<meta property=\"og:image:height\" content=\"334\" \/>\n\t<meta property=\"og:image:type\" content=\"image\/jpeg\" \/>\n<meta name=\"twitter:card\" content=\"summary_large_image\" \/>\n<meta name=\"twitter:label1\" content=\"Tiempo de lectura\" \/>\n\t<meta name=\"twitter:data1\" content=\"1 minuto\" \/>\n<script type=\"application\/ld+json\" class=\"yoast-schema-graph\">{\"@context\":\"https:\/\/schema.org\",\"@graph\":[{\"@type\":\"WebPage\",\"@id\":\"https:\/\/abaa.mx\/tienda\/gas-alert-micro-clip-x3-2-gas-detector\/\",\"url\":\"https:\/\/abaa.mx\/tienda\/gas-alert-micro-clip-x3-2-gas-detector\/\",\"name\":\"Gas Alert Micro Clip X3 2-Gas Detector - Abaa tienda online\",\"isPartOf\":{\"@id\":\"https:\/\/abaa.mx\/tienda\/#website\"},\"primaryImageOfPage\":{\"@id\":\"https:\/\/abaa.mx\/tienda\/gas-alert-micro-clip-x3-2-gas-detector\/#primaryimage\"},\"image\":{\"@id\":\"https:\/\/abaa.mx\/tienda\/gas-alert-micro-clip-x3-2-gas-detector\/#primaryimage\"},\"thumbnailUrl\":\"https:\/\/abaa.mx\/tienda\/wp-content\/uploads\/2023\/12\/BW-TECHNOLOGIES-GAS-DETECTOR-1.jpg\",\"datePublished\":\"2023-12-05T15:38:32+00:00\",\"dateModified\":\"2023-12-05T15:39:30+00:00\",\"breadcrumb\":{\"@id\":\"https:\/\/abaa.mx\/tienda\/gas-alert-micro-clip-x3-2-gas-detector\/#breadcrumb\"},\"inLanguage\":\"es\",\"potentialAction\":[{\"@type\":\"ReadAction\",\"target\":[\"https:\/\/abaa.mx\/tienda\/gas-alert-micro-clip-x3-2-gas-detector\/\"]}]},{\"@type\":\"ImageObject\",\"inLanguage\":\"es\",\"@id\":\"https:\/\/abaa.mx\/tienda\/gas-alert-micro-clip-x3-2-gas-detector\/#primaryimage\",\"url\":\"https:\/\/abaa.mx\/tienda\/wp-content\/uploads\/2023\/12\/BW-TECHNOLOGIES-GAS-DETECTOR-1.jpg\",\"contentUrl\":\"https:\/\/abaa.mx\/tienda\/wp-content\/uploads\/2023\/12\/BW-TECHNOLOGIES-GAS-DETECTOR-1.jpg\",\"width\":343,\"height\":334,\"caption\":\"BW TECHNOLOGIES- GAS DETECTOR\"},{\"@type\":\"BreadcrumbList\",\"@id\":\"https:\/\/abaa.mx\/tienda\/gas-alert-micro-clip-x3-2-gas-detector\/#breadcrumb\",\"itemListElement\":[{\"@type\":\"ListItem\",\"position\":1,\"name\":\"Inicio\",\"item\":\"https:\/\/abaa.mx\/tienda\/\"},{\"@type\":\"ListItem\",\"position\":2,\"name\":\"Tienda\",\"item\":\"https:\/\/abaa.mx\/tienda\/\"},{\"@type\":\"ListItem\",\"position\":3,\"name\":\"Gas Alert Micro Clip X3 2-Gas Detector\"}]},{\"@type\":\"WebSite\",\"@id\":\"https:\/\/abaa.mx\/tienda\/#website\",\"url\":\"https:\/\/abaa.mx\/tienda\/\",\"name\":\"Abaa tienda online\",\"description\":\"Instrumentos de medici\u00f3n\",\"publisher\":{\"@id\":\"https:\/\/abaa.mx\/tienda\/#organization\"},\"potentialAction\":[{\"@type\":\"SearchAction\",\"target\":{\"@type\":\"EntryPoint\",\"urlTemplate\":\"https:\/\/abaa.mx\/tienda\/?s={search_term_string}\"},\"query-input\":{\"@type\":\"PropertyValueSpecification\",\"valueRequired\":true,\"valueName\":\"search_term_string\"}}],\"inLanguage\":\"es\"},{\"@type\":\"Organization\",\"@id\":\"https:\/\/abaa.mx\/tienda\/#organization\",\"name\":\"Abaa tienda online\",\"url\":\"https:\/\/abaa.mx\/tienda\/\",\"logo\":{\"@type\":\"ImageObject\",\"inLanguage\":\"es\",\"@id\":\"https:\/\/abaa.mx\/tienda\/#\/schema\/logo\/image\/\",\"url\":\"https:\/\/abaa.mx\/tienda\/wp-content\/uploads\/2024\/01\/abaa-metrologia-tienda.png\",\"contentUrl\":\"https:\/\/abaa.mx\/tienda\/wp-content\/uploads\/2024\/01\/abaa-metrologia-tienda.png\",\"width\":300,\"height\":141,\"caption\":\"Abaa tienda online\"},\"image\":{\"@id\":\"https:\/\/abaa.mx\/tienda\/#\/schema\/logo\/image\/\"}}]}<\/script>\n<!-- \/ Yoast SEO plugin. -->","yoast_head_json":{"title":"Gas Alert Micro Clip X3 2-Gas Detector - Abaa tienda online","robots":{"index":"index","follow":"follow","max-snippet":"max-snippet:-1","max-image-preview":"max-image-preview:large","max-video-preview":"max-video-preview:-1"},"canonical":"https:\/\/abaa.mx\/tienda\/gas-alert-micro-clip-x3-2-gas-detector\/","og_locale":"es_MX","og_type":"article","og_title":"Gas Alert Micro Clip X3 2-Gas Detector - Abaa tienda online","og_description":"Contenido del paquete est\u00e1ndar:   Bater\u00eda recargable.  Manual.  Calibraci\u00f3n \/ tapa de prueba y manguera.  Adaptador de carga de salida de pared.  Detector completo con sensor (es) especificado (s), pinza de cocodrilo de acero.  inoxidable y vivienda a prueba de golpes.  Manual de CD en varios idiomas.  Especificaciones generales:   GasAlertMicroClip XL GasAlertMicroClip X3.  Duraci\u00f3n t\u00edpica de la bater\u00eda 18 horas (se recarga en menos de 6 horas).  Tama\u00f1o 4.4 x 2.4 x 1.2 in. \/ 11.3 x 6.0 x 3.1 cm 4.4 x 2.4 x 1.2 in. \/ 11.3 x 6.0 x 3.1 cm.  Peso 6.7 oz \/ 190 g 6.3 oz \/ 179 g.  Temperatura de Operaci\u00f3n: -4 a + 122 \u00b0 F \/ -20 a + 50 \u00b0 C.","og_url":"https:\/\/abaa.mx\/tienda\/gas-alert-micro-clip-x3-2-gas-detector\/","og_site_name":"Abaa tienda online","article_modified_time":"2023-12-05T15:39:30+00:00","og_image":[{"width":343,"height":334,"url":"https:\/\/abaa.mx\/tienda\/wp-content\/uploads\/2023\/12\/BW-TECHNOLOGIES-GAS-DETECTOR-1.jpg","type":"image\/jpeg"}],"twitter_card":"summary_large_image","twitter_misc":{"Tiempo de lectura":"1 minuto"},"schema":{"@context":"https:\/\/schema.org","@graph":[{"@type":"WebPage","@id":"https:\/\/abaa.mx\/tienda\/gas-alert-micro-clip-x3-2-gas-detector\/","url":"https:\/\/abaa.mx\/tienda\/gas-alert-micro-clip-x3-2-gas-detector\/","name":"Gas Alert Micro Clip X3 2-Gas Detector - Abaa tienda online","isPartOf":{"@id":"https:\/\/abaa.mx\/tienda\/#website"},"primaryImageOfPage":{"@id":"https:\/\/abaa.mx\/tienda\/gas-alert-micro-clip-x3-2-gas-detector\/#primaryimage"},"image":{"@id":"https:\/\/abaa.mx\/tienda\/gas-alert-micro-clip-x3-2-gas-detector\/#primaryimage"},"thumbnailUrl":"https:\/\/abaa.mx\/tienda\/wp-content\/uploads\/2023\/12\/BW-TECHNOLOGIES-GAS-DETECTOR-1.jpg","datePublished":"2023-12-05T15:38:32+00:00","dateModified":"2023-12-05T15:39:30+00:00","breadcrumb":{"@id":"https:\/\/abaa.mx\/tienda\/gas-alert-micro-clip-x3-2-gas-detector\/#breadcrumb"},"inLanguage":"es","potentialAction":[{"@type":"ReadAction","target":["https:\/\/abaa.mx\/tienda\/gas-alert-micro-clip-x3-2-gas-detector\/"]}]},{"@type":"ImageObject","inLanguage":"es","@id":"https:\/\/abaa.mx\/tienda\/gas-alert-micro-clip-x3-2-gas-detector\/#primaryimage","url":"https:\/\/abaa.mx\/tienda\/wp-content\/uploads\/2023\/12\/BW-TECHNOLOGIES-GAS-DETECTOR-1.jpg","contentUrl":"https:\/\/abaa.mx\/tienda\/wp-content\/uploads\/2023\/12\/BW-TECHNOLOGIES-GAS-DETECTOR-1.jpg","width":343,"height":334,"caption":"BW TECHNOLOGIES- GAS DETECTOR"},{"@type":"BreadcrumbList","@id":"https:\/\/abaa.mx\/tienda\/gas-alert-micro-clip-x3-2-gas-detector\/#breadcrumb","itemListElement":[{"@type":"ListItem","position":1,"name":"Inicio","item":"https:\/\/abaa.mx\/tienda\/"},{"@type":"ListItem","position":2,"name":"Tienda","item":"https:\/\/abaa.mx\/tienda\/"},{"@type":"ListItem","position":3,"name":"Gas Alert Micro Clip X3 2-Gas Detector"}]},{"@type":"WebSite","@id":"https:\/\/abaa.mx\/tienda\/#website","url":"https:\/\/abaa.mx\/tienda\/","name":"Abaa tienda online","description":"Instrumentos de medici\u00f3n","publisher":{"@id":"https:\/\/abaa.mx\/tienda\/#organization"},"potentialAction":[{"@type":"SearchAction","target":{"@type":"EntryPoint","urlTemplate":"https:\/\/abaa.mx\/tienda\/?s={search_term_string}"},"query-input":{"@type":"PropertyValueSpecification","valueRequired":true,"valueName":"search_term_string"}}],"inLanguage":"es"},{"@type":"Organization","@id":"https:\/\/abaa.mx\/tienda\/#organization","name":"Abaa tienda online","url":"https:\/\/abaa.mx\/tienda\/","logo":{"@type":"ImageObject","inLanguage":"es","@id":"https:\/\/abaa.mx\/tienda\/#\/schema\/logo\/image\/","url":"https:\/\/abaa.mx\/tienda\/wp-content\/uploads\/2024\/01\/abaa-metrologia-tienda.png","contentUrl":"https:\/\/abaa.mx\/tienda\/wp-content\/uploads\/2024\/01\/abaa-metrologia-tienda.png","width":300,"height":141,"caption":"Abaa tienda online"},"image":{"@id":"https:\/\/abaa.mx\/tienda\/#\/schema\/logo\/image\/"}}]}},"_links":{"self":[{"href":"https:\/\/abaa.mx\/tienda\/wp-json\/wp\/v2\/product\/7094","targetHints":{"allow":["GET"]}}],"collection":[{"href":"https:\/\/abaa.mx\/tienda\/wp-json\/wp\/v2\/product"}],"about":[{"href":"https:\/\/abaa.mx\/tienda\/wp-json\/wp\/v2\/types\/product"}],"replies":[{"embeddable":true,"href":"https:\/\/abaa.mx\/tienda\/wp-json\/wp\/v2\/comments?post=7094"}],"wp:featuredmedia":[{"embeddable":true,"href":"https:\/\/abaa.mx\/tienda\/wp-json\/wp\/v2\/media\/9637"}],"wp:attachment":[{"href":"https:\/\/abaa.mx\/tienda\/wp-json\/wp\/v2\/media?parent=7094"}],"wp:term":[{"taxonomy":"product_brand","embeddable":true,"href":"https:\/\/abaa.mx\/tienda\/wp-json\/wp\/v2\/product_brand?post=7094"},{"taxonomy":"product_cat","embeddable":true,"href":"https:\/\/abaa.mx\/tienda\/wp-json\/wp\/v2\/product_cat?post=7094"},{"taxonomy":"product_tag","embeddable":true,"href":"https:\/\/abaa.mx\/tienda\/wp-json\/wp\/v2\/product_tag?post=7094"}],"curies":[{"name":"wp","href":"https:\/\/api.w.org\/{rel}","templated":true}]}}