{"id":7093,"date":"2023-12-05T15:43:38","date_gmt":"2023-12-05T15:43:38","guid":{"rendered":"https:\/\/abaa.mx\/tienda\/?post_type=product&#038;p=7093"},"modified":"2023-12-05T15:44:01","modified_gmt":"2023-12-05T15:44:01","slug":"explosimetro-bw-solo-detectores-1-solo-gas-bw-technologies","status":"publish","type":"product","link":"https:\/\/abaa.mx\/tienda\/explosimetro-bw-solo-detectores-1-solo-gas-bw-technologies\/","title":{"rendered":"Explos\u00edmetro BW Solo Detectores 1 solo gas, BW Technologies"},"content":{"rendered":"<p>Explos\u00edmetro BW Solo Detectores 1 solo gas, BW Technologies.<\/p>\n","protected":false},"excerpt":{"rendered":"<p><b>Honeywell BW Solo<\/b>\u00a0<b>Detector \u00fatil de un solo gas<\/b><\/p>\n<p><b>CARACTER\u00cdSTICAS Y BENEFICIOS:<\/b><\/p>\n<p>La novedosa generaci\u00f3n de descubridor de un solo gas que asiste para reducir costos , garantizar el cumplimiento de las reglas y comprender que tus trabajadores est\u00e1n protegidos. Honeywell BW tiene todo cuanto esperas, aparte de peculiaridades adicionales que hacen su desempe\u00f1o m\u00e1s simple y productivo que nunca. Todo con una vida \u00fatil confiable , operaci\u00f3n a un bot\u00f3n y perfil pequeno y r\u00e1pido. El Honeywell BW Solo es:<\/p>\n<ul>\n<li>Compatible con IntelliDoX. Ahorra tiempo y centraliza informaci\u00f3n con prueba de impacto, calibraci\u00f3n y administraci\u00f3n del instrumento automatizado. Usa las estaciones de muelle IntelliDoX con el dispositivo configurador de software SafetySuite.<\/li>\n<li>El m\u00e1s completo con una amplia selecci\u00f3n de opciones de sensores. Cuenta con detecci\u00f3n comprensiva, sin importar si est\u00e1s monitoreando peligros comunes o ex\u00f3ticos.<\/li>\n<li>El detector de un solo gas m\u00e1s f\u00e1cil para servicio, sin necesidad de desarmarlo para reemplazar sensores, bater\u00edas y filtros de sensor. Eso significa larga vida y bajo costo.<\/li>\n<li>El primer detector de un solo gas con sensores Serie-1 para CO, H2S y C2. Lo que se traduce en mayor exactitud, reducci\u00f3n de costos, y una detecci\u00f3n m\u00e1s r\u00e1pida de aquellos gases que se monitorean con mayor frecuencia.<\/li>\n<\/ul>\n","protected":false},"featured_media":9638,"comment_status":"open","ping_status":"closed","template":"","meta":{"_joinchat":[]},"product_brand":[],"product_cat":[15],"product_tag":[],"class_list":{"0":"post-7093","1":"product","2":"type-product","3":"status-publish","4":"has-post-thumbnail","6":"product_cat-sin-categorizar","8":"first","9":"instock","10":"shipping-taxable","11":"product-type-simple"},"yoast_head":"<!-- This site is optimized with the Yoast SEO plugin v26.4 - https:\/\/yoast.com\/wordpress\/plugins\/seo\/ -->\n<title>Explos\u00edmetro BW Solo Detectores 1 solo gas, BW Technologies - Abaa tienda online<\/title>\n<meta name=\"robots\" content=\"index, follow, max-snippet:-1, max-image-preview:large, max-video-preview:-1\" \/>\n<link rel=\"canonical\" href=\"https:\/\/abaa.mx\/tienda\/explosimetro-bw-solo-detectores-1-solo-gas-bw-technologies\/\" \/>\n<meta property=\"og:locale\" content=\"es_MX\" \/>\n<meta property=\"og:type\" content=\"article\" \/>\n<meta property=\"og:title\" content=\"Explos\u00edmetro BW Solo Detectores 1 solo gas, BW Technologies - Abaa tienda online\" \/>\n<meta property=\"og:description\" content=\"Honeywell BW Solo\u00a0Detector \u00fatil de un solo gas  CARACTER\u00cdSTICAS Y BENEFICIOS:  La novedosa generaci\u00f3n de descubridor de un solo gas que asiste para reducir costos , garantizar el cumplimiento de las reglas y comprender que tus trabajadores est\u00e1n protegidos. Honeywell BW tiene todo cuanto esperas, aparte de peculiaridades adicionales que hacen su desempe\u00f1o m\u00e1s simple y productivo que nunca. Todo con una vida \u00fatil confiable , operaci\u00f3n a un bot\u00f3n y perfil pequeno y r\u00e1pido. El Honeywell BW Solo es:   Compatible con IntelliDoX. Ahorra tiempo y centraliza informaci\u00f3n con prueba de impacto, calibraci\u00f3n y administraci\u00f3n del instrumento automatizado. Usa las estaciones de muelle IntelliDoX con el dispositivo configurador de software SafetySuite.  El m\u00e1s completo con una amplia selecci\u00f3n de opciones de sensores. Cuenta con detecci\u00f3n comprensiva, sin importar si est\u00e1s monitoreando peligros comunes o ex\u00f3ticos.  El detector de un solo gas m\u00e1s f\u00e1cil para servicio, sin necesidad de desarmarlo para reemplazar sensores, bater\u00edas y filtros de sensor. Eso significa larga vida y bajo costo.  El primer detector de un solo gas con sensores Serie-1 para CO, H2S y C2. Lo que se traduce en mayor exactitud, reducci\u00f3n de costos, y una detecci\u00f3n m\u00e1s r\u00e1pida de aquellos gases que se monitorean con mayor frecuencia.\" \/>\n<meta property=\"og:url\" content=\"https:\/\/abaa.mx\/tienda\/explosimetro-bw-solo-detectores-1-solo-gas-bw-technologies\/\" \/>\n<meta property=\"og:site_name\" content=\"Abaa tienda online\" \/>\n<meta property=\"article:modified_time\" content=\"2023-12-05T15:44:01+00:00\" \/>\n<meta property=\"og:image\" content=\"https:\/\/abaa.mx\/tienda\/wp-content\/uploads\/2023\/12\/BW-TECHNOLOGIES-EXPLOSIMETRO.jpg\" \/>\n\t<meta property=\"og:image:width\" content=\"387\" \/>\n\t<meta property=\"og:image:height\" content=\"401\" \/>\n\t<meta property=\"og:image:type\" content=\"image\/jpeg\" \/>\n<meta name=\"twitter:card\" content=\"summary_large_image\" \/>\n<meta name=\"twitter:label1\" content=\"Tiempo de lectura\" \/>\n\t<meta name=\"twitter:data1\" content=\"1 minuto\" \/>\n<script type=\"application\/ld+json\" class=\"yoast-schema-graph\">{\"@context\":\"https:\/\/schema.org\",\"@graph\":[{\"@type\":\"WebPage\",\"@id\":\"https:\/\/abaa.mx\/tienda\/explosimetro-bw-solo-detectores-1-solo-gas-bw-technologies\/\",\"url\":\"https:\/\/abaa.mx\/tienda\/explosimetro-bw-solo-detectores-1-solo-gas-bw-technologies\/\",\"name\":\"Explos\u00edmetro BW Solo Detectores 1 solo gas, BW Technologies - Abaa tienda online\",\"isPartOf\":{\"@id\":\"https:\/\/abaa.mx\/tienda\/#website\"},\"primaryImageOfPage\":{\"@id\":\"https:\/\/abaa.mx\/tienda\/explosimetro-bw-solo-detectores-1-solo-gas-bw-technologies\/#primaryimage\"},\"image\":{\"@id\":\"https:\/\/abaa.mx\/tienda\/explosimetro-bw-solo-detectores-1-solo-gas-bw-technologies\/#primaryimage\"},\"thumbnailUrl\":\"https:\/\/abaa.mx\/tienda\/wp-content\/uploads\/2023\/12\/BW-TECHNOLOGIES-EXPLOSIMETRO.jpg\",\"datePublished\":\"2023-12-05T15:43:38+00:00\",\"dateModified\":\"2023-12-05T15:44:01+00:00\",\"breadcrumb\":{\"@id\":\"https:\/\/abaa.mx\/tienda\/explosimetro-bw-solo-detectores-1-solo-gas-bw-technologies\/#breadcrumb\"},\"inLanguage\":\"es\",\"potentialAction\":[{\"@type\":\"ReadAction\",\"target\":[\"https:\/\/abaa.mx\/tienda\/explosimetro-bw-solo-detectores-1-solo-gas-bw-technologies\/\"]}]},{\"@type\":\"ImageObject\",\"inLanguage\":\"es\",\"@id\":\"https:\/\/abaa.mx\/tienda\/explosimetro-bw-solo-detectores-1-solo-gas-bw-technologies\/#primaryimage\",\"url\":\"https:\/\/abaa.mx\/tienda\/wp-content\/uploads\/2023\/12\/BW-TECHNOLOGIES-EXPLOSIMETRO.jpg\",\"contentUrl\":\"https:\/\/abaa.mx\/tienda\/wp-content\/uploads\/2023\/12\/BW-TECHNOLOGIES-EXPLOSIMETRO.jpg\",\"width\":387,\"height\":401,\"caption\":\"BW TECHNOLOGIES- EXPLOSIMETRO\"},{\"@type\":\"BreadcrumbList\",\"@id\":\"https:\/\/abaa.mx\/tienda\/explosimetro-bw-solo-detectores-1-solo-gas-bw-technologies\/#breadcrumb\",\"itemListElement\":[{\"@type\":\"ListItem\",\"position\":1,\"name\":\"Inicio\",\"item\":\"https:\/\/abaa.mx\/tienda\/\"},{\"@type\":\"ListItem\",\"position\":2,\"name\":\"Tienda\",\"item\":\"https:\/\/abaa.mx\/tienda\/\"},{\"@type\":\"ListItem\",\"position\":3,\"name\":\"Explos\u00edmetro BW Solo Detectores 1 solo gas, BW Technologies\"}]},{\"@type\":\"WebSite\",\"@id\":\"https:\/\/abaa.mx\/tienda\/#website\",\"url\":\"https:\/\/abaa.mx\/tienda\/\",\"name\":\"Abaa tienda online\",\"description\":\"Instrumentos de medici\u00f3n\",\"publisher\":{\"@id\":\"https:\/\/abaa.mx\/tienda\/#organization\"},\"potentialAction\":[{\"@type\":\"SearchAction\",\"target\":{\"@type\":\"EntryPoint\",\"urlTemplate\":\"https:\/\/abaa.mx\/tienda\/?s={search_term_string}\"},\"query-input\":{\"@type\":\"PropertyValueSpecification\",\"valueRequired\":true,\"valueName\":\"search_term_string\"}}],\"inLanguage\":\"es\"},{\"@type\":\"Organization\",\"@id\":\"https:\/\/abaa.mx\/tienda\/#organization\",\"name\":\"Abaa tienda online\",\"url\":\"https:\/\/abaa.mx\/tienda\/\",\"logo\":{\"@type\":\"ImageObject\",\"inLanguage\":\"es\",\"@id\":\"https:\/\/abaa.mx\/tienda\/#\/schema\/logo\/image\/\",\"url\":\"https:\/\/abaa.mx\/tienda\/wp-content\/uploads\/2024\/01\/abaa-metrologia-tienda.png\",\"contentUrl\":\"https:\/\/abaa.mx\/tienda\/wp-content\/uploads\/2024\/01\/abaa-metrologia-tienda.png\",\"width\":300,\"height\":141,\"caption\":\"Abaa tienda online\"},\"image\":{\"@id\":\"https:\/\/abaa.mx\/tienda\/#\/schema\/logo\/image\/\"}}]}<\/script>\n<!-- \/ Yoast SEO plugin. -->","yoast_head_json":{"title":"Explos\u00edmetro BW Solo Detectores 1 solo gas, BW Technologies - Abaa tienda online","robots":{"index":"index","follow":"follow","max-snippet":"max-snippet:-1","max-image-preview":"max-image-preview:large","max-video-preview":"max-video-preview:-1"},"canonical":"https:\/\/abaa.mx\/tienda\/explosimetro-bw-solo-detectores-1-solo-gas-bw-technologies\/","og_locale":"es_MX","og_type":"article","og_title":"Explos\u00edmetro BW Solo Detectores 1 solo gas, BW Technologies - Abaa tienda online","og_description":"Honeywell BW Solo\u00a0Detector \u00fatil de un solo gas  CARACTER\u00cdSTICAS Y BENEFICIOS:  La novedosa generaci\u00f3n de descubridor de un solo gas que asiste para reducir costos , garantizar el cumplimiento de las reglas y comprender que tus trabajadores est\u00e1n protegidos. Honeywell BW tiene todo cuanto esperas, aparte de peculiaridades adicionales que hacen su desempe\u00f1o m\u00e1s simple y productivo que nunca. Todo con una vida \u00fatil confiable , operaci\u00f3n a un bot\u00f3n y perfil pequeno y r\u00e1pido. El Honeywell BW Solo es:   Compatible con IntelliDoX. Ahorra tiempo y centraliza informaci\u00f3n con prueba de impacto, calibraci\u00f3n y administraci\u00f3n del instrumento automatizado. Usa las estaciones de muelle IntelliDoX con el dispositivo configurador de software SafetySuite.  El m\u00e1s completo con una amplia selecci\u00f3n de opciones de sensores. Cuenta con detecci\u00f3n comprensiva, sin importar si est\u00e1s monitoreando peligros comunes o ex\u00f3ticos.  El detector de un solo gas m\u00e1s f\u00e1cil para servicio, sin necesidad de desarmarlo para reemplazar sensores, bater\u00edas y filtros de sensor. Eso significa larga vida y bajo costo.  El primer detector de un solo gas con sensores Serie-1 para CO, H2S y C2. Lo que se traduce en mayor exactitud, reducci\u00f3n de costos, y una detecci\u00f3n m\u00e1s r\u00e1pida de aquellos gases que se monitorean con mayor frecuencia.","og_url":"https:\/\/abaa.mx\/tienda\/explosimetro-bw-solo-detectores-1-solo-gas-bw-technologies\/","og_site_name":"Abaa tienda online","article_modified_time":"2023-12-05T15:44:01+00:00","og_image":[{"width":387,"height":401,"url":"https:\/\/abaa.mx\/tienda\/wp-content\/uploads\/2023\/12\/BW-TECHNOLOGIES-EXPLOSIMETRO.jpg","type":"image\/jpeg"}],"twitter_card":"summary_large_image","twitter_misc":{"Tiempo de lectura":"1 minuto"},"schema":{"@context":"https:\/\/schema.org","@graph":[{"@type":"WebPage","@id":"https:\/\/abaa.mx\/tienda\/explosimetro-bw-solo-detectores-1-solo-gas-bw-technologies\/","url":"https:\/\/abaa.mx\/tienda\/explosimetro-bw-solo-detectores-1-solo-gas-bw-technologies\/","name":"Explos\u00edmetro BW Solo Detectores 1 solo gas, BW Technologies - Abaa tienda online","isPartOf":{"@id":"https:\/\/abaa.mx\/tienda\/#website"},"primaryImageOfPage":{"@id":"https:\/\/abaa.mx\/tienda\/explosimetro-bw-solo-detectores-1-solo-gas-bw-technologies\/#primaryimage"},"image":{"@id":"https:\/\/abaa.mx\/tienda\/explosimetro-bw-solo-detectores-1-solo-gas-bw-technologies\/#primaryimage"},"thumbnailUrl":"https:\/\/abaa.mx\/tienda\/wp-content\/uploads\/2023\/12\/BW-TECHNOLOGIES-EXPLOSIMETRO.jpg","datePublished":"2023-12-05T15:43:38+00:00","dateModified":"2023-12-05T15:44:01+00:00","breadcrumb":{"@id":"https:\/\/abaa.mx\/tienda\/explosimetro-bw-solo-detectores-1-solo-gas-bw-technologies\/#breadcrumb"},"inLanguage":"es","potentialAction":[{"@type":"ReadAction","target":["https:\/\/abaa.mx\/tienda\/explosimetro-bw-solo-detectores-1-solo-gas-bw-technologies\/"]}]},{"@type":"ImageObject","inLanguage":"es","@id":"https:\/\/abaa.mx\/tienda\/explosimetro-bw-solo-detectores-1-solo-gas-bw-technologies\/#primaryimage","url":"https:\/\/abaa.mx\/tienda\/wp-content\/uploads\/2023\/12\/BW-TECHNOLOGIES-EXPLOSIMETRO.jpg","contentUrl":"https:\/\/abaa.mx\/tienda\/wp-content\/uploads\/2023\/12\/BW-TECHNOLOGIES-EXPLOSIMETRO.jpg","width":387,"height":401,"caption":"BW TECHNOLOGIES- EXPLOSIMETRO"},{"@type":"BreadcrumbList","@id":"https:\/\/abaa.mx\/tienda\/explosimetro-bw-solo-detectores-1-solo-gas-bw-technologies\/#breadcrumb","itemListElement":[{"@type":"ListItem","position":1,"name":"Inicio","item":"https:\/\/abaa.mx\/tienda\/"},{"@type":"ListItem","position":2,"name":"Tienda","item":"https:\/\/abaa.mx\/tienda\/"},{"@type":"ListItem","position":3,"name":"Explos\u00edmetro BW Solo Detectores 1 solo gas, BW Technologies"}]},{"@type":"WebSite","@id":"https:\/\/abaa.mx\/tienda\/#website","url":"https:\/\/abaa.mx\/tienda\/","name":"Abaa tienda online","description":"Instrumentos de medici\u00f3n","publisher":{"@id":"https:\/\/abaa.mx\/tienda\/#organization"},"potentialAction":[{"@type":"SearchAction","target":{"@type":"EntryPoint","urlTemplate":"https:\/\/abaa.mx\/tienda\/?s={search_term_string}"},"query-input":{"@type":"PropertyValueSpecification","valueRequired":true,"valueName":"search_term_string"}}],"inLanguage":"es"},{"@type":"Organization","@id":"https:\/\/abaa.mx\/tienda\/#organization","name":"Abaa tienda online","url":"https:\/\/abaa.mx\/tienda\/","logo":{"@type":"ImageObject","inLanguage":"es","@id":"https:\/\/abaa.mx\/tienda\/#\/schema\/logo\/image\/","url":"https:\/\/abaa.mx\/tienda\/wp-content\/uploads\/2024\/01\/abaa-metrologia-tienda.png","contentUrl":"https:\/\/abaa.mx\/tienda\/wp-content\/uploads\/2024\/01\/abaa-metrologia-tienda.png","width":300,"height":141,"caption":"Abaa tienda online"},"image":{"@id":"https:\/\/abaa.mx\/tienda\/#\/schema\/logo\/image\/"}}]}},"_links":{"self":[{"href":"https:\/\/abaa.mx\/tienda\/wp-json\/wp\/v2\/product\/7093","targetHints":{"allow":["GET"]}}],"collection":[{"href":"https:\/\/abaa.mx\/tienda\/wp-json\/wp\/v2\/product"}],"about":[{"href":"https:\/\/abaa.mx\/tienda\/wp-json\/wp\/v2\/types\/product"}],"replies":[{"embeddable":true,"href":"https:\/\/abaa.mx\/tienda\/wp-json\/wp\/v2\/comments?post=7093"}],"wp:featuredmedia":[{"embeddable":true,"href":"https:\/\/abaa.mx\/tienda\/wp-json\/wp\/v2\/media\/9638"}],"wp:attachment":[{"href":"https:\/\/abaa.mx\/tienda\/wp-json\/wp\/v2\/media?parent=7093"}],"wp:term":[{"taxonomy":"product_brand","embeddable":true,"href":"https:\/\/abaa.mx\/tienda\/wp-json\/wp\/v2\/product_brand?post=7093"},{"taxonomy":"product_cat","embeddable":true,"href":"https:\/\/abaa.mx\/tienda\/wp-json\/wp\/v2\/product_cat?post=7093"},{"taxonomy":"product_tag","embeddable":true,"href":"https:\/\/abaa.mx\/tienda\/wp-json\/wp\/v2\/product_tag?post=7093"}],"curies":[{"name":"wp","href":"https:\/\/api.w.org\/{rel}","templated":true}]}}