{"id":7092,"date":"2023-12-05T15:48:53","date_gmt":"2023-12-05T15:48:53","guid":{"rendered":"https:\/\/abaa.mx\/tienda\/?post_type=product&#038;p=7092"},"modified":"2023-12-05T15:49:01","modified_gmt":"2023-12-05T15:49:01","slug":"medidor-digital-de-profundidad-de-porosidad-13","status":"publish","type":"product","link":"https:\/\/abaa.mx\/tienda\/medidor-digital-de-profundidad-de-porosidad-13\/","title":{"rendered":"Medidor digital de profundidad de porosidad -13"},"content":{"rendered":"<p>Medidor digital de profundidad de porosidad -13.<\/p>\n","protected":false},"excerpt":{"rendered":"<h3><strong>Ficha T\u00e9cnica.<\/strong><\/h3>\n<p>El medidor digital de profundidad para porosidades de soldadura modelo GG-13 es un instrumento que tiene varillas de extensi\u00f3n que le permiten medir profundidades desde 1&#8243; hasta 6&#8243;.<\/p>\n<p>El aparato cuenta con la funci\u00f3n de selecci\u00f3n de entidades de medici\u00f3n por lo que se tienen la posibilidad de obtener lecturas de profundad en pulgadas o en mil\u00edmetros. Tiene dos puntas de medici\u00f3n con di\u00e1metros de 25 y 62 mil\u00e9simas de pulgada. Trabaja con bater\u00edas.<\/p>\n","protected":false},"featured_media":9639,"comment_status":"open","ping_status":"closed","template":"","meta":{"_joinchat":[]},"product_brand":[],"product_cat":[15],"product_tag":[],"class_list":{"0":"post-7092","1":"product","2":"type-product","3":"status-publish","4":"has-post-thumbnail","6":"product_cat-sin-categorizar","8":"first","9":"instock","10":"shipping-taxable","11":"product-type-simple"},"yoast_head":"<!-- This site is optimized with the Yoast SEO plugin v26.4 - https:\/\/yoast.com\/wordpress\/plugins\/seo\/ -->\n<title>Medidor digital de profundidad de porosidad -13 - Abaa tienda online<\/title>\n<meta name=\"robots\" content=\"index, follow, max-snippet:-1, max-image-preview:large, max-video-preview:-1\" \/>\n<link rel=\"canonical\" href=\"https:\/\/abaa.mx\/tienda\/medidor-digital-de-profundidad-de-porosidad-13\/\" \/>\n<meta property=\"og:locale\" content=\"es_MX\" \/>\n<meta property=\"og:type\" content=\"article\" \/>\n<meta property=\"og:title\" content=\"Medidor digital de profundidad de porosidad -13 - Abaa tienda online\" \/>\n<meta property=\"og:description\" content=\"Ficha T\u00e9cnica. El medidor digital de profundidad para porosidades de soldadura modelo GG-13 es un instrumento que tiene varillas de extensi\u00f3n que le permiten medir profundidades desde 1&quot; hasta 6&quot;.  El aparato cuenta con la funci\u00f3n de selecci\u00f3n de entidades de medici\u00f3n por lo que se tienen la posibilidad de obtener lecturas de profundad en pulgadas o en mil\u00edmetros. Tiene dos puntas de medici\u00f3n con di\u00e1metros de 25 y 62 mil\u00e9simas de pulgada. Trabaja con bater\u00edas.\" \/>\n<meta property=\"og:url\" content=\"https:\/\/abaa.mx\/tienda\/medidor-digital-de-profundidad-de-porosidad-13\/\" \/>\n<meta property=\"og:site_name\" content=\"Abaa tienda online\" \/>\n<meta property=\"article:modified_time\" content=\"2023-12-05T15:49:01+00:00\" \/>\n<meta property=\"og:image\" content=\"https:\/\/abaa.mx\/tienda\/wp-content\/uploads\/2023\/12\/G.A.L-GAGE-13.jpg\" \/>\n\t<meta property=\"og:image:width\" content=\"326\" \/>\n\t<meta property=\"og:image:height\" content=\"335\" \/>\n\t<meta property=\"og:image:type\" content=\"image\/jpeg\" \/>\n<meta name=\"twitter:card\" content=\"summary_large_image\" \/>\n<meta name=\"twitter:label1\" content=\"Tiempo de lectura\" \/>\n\t<meta name=\"twitter:data1\" content=\"1 minuto\" \/>\n<script type=\"application\/ld+json\" class=\"yoast-schema-graph\">{\"@context\":\"https:\/\/schema.org\",\"@graph\":[{\"@type\":\"WebPage\",\"@id\":\"https:\/\/abaa.mx\/tienda\/medidor-digital-de-profundidad-de-porosidad-13\/\",\"url\":\"https:\/\/abaa.mx\/tienda\/medidor-digital-de-profundidad-de-porosidad-13\/\",\"name\":\"Medidor digital de profundidad de porosidad -13 - Abaa tienda online\",\"isPartOf\":{\"@id\":\"https:\/\/abaa.mx\/tienda\/#website\"},\"primaryImageOfPage\":{\"@id\":\"https:\/\/abaa.mx\/tienda\/medidor-digital-de-profundidad-de-porosidad-13\/#primaryimage\"},\"image\":{\"@id\":\"https:\/\/abaa.mx\/tienda\/medidor-digital-de-profundidad-de-porosidad-13\/#primaryimage\"},\"thumbnailUrl\":\"https:\/\/abaa.mx\/tienda\/wp-content\/uploads\/2023\/12\/G.A.L-GAGE-13.jpg\",\"datePublished\":\"2023-12-05T15:48:53+00:00\",\"dateModified\":\"2023-12-05T15:49:01+00:00\",\"breadcrumb\":{\"@id\":\"https:\/\/abaa.mx\/tienda\/medidor-digital-de-profundidad-de-porosidad-13\/#breadcrumb\"},\"inLanguage\":\"es\",\"potentialAction\":[{\"@type\":\"ReadAction\",\"target\":[\"https:\/\/abaa.mx\/tienda\/medidor-digital-de-profundidad-de-porosidad-13\/\"]}]},{\"@type\":\"ImageObject\",\"inLanguage\":\"es\",\"@id\":\"https:\/\/abaa.mx\/tienda\/medidor-digital-de-profundidad-de-porosidad-13\/#primaryimage\",\"url\":\"https:\/\/abaa.mx\/tienda\/wp-content\/uploads\/2023\/12\/G.A.L-GAGE-13.jpg\",\"contentUrl\":\"https:\/\/abaa.mx\/tienda\/wp-content\/uploads\/2023\/12\/G.A.L-GAGE-13.jpg\",\"width\":326,\"height\":335,\"caption\":\"G.A.L GAGE-13\"},{\"@type\":\"BreadcrumbList\",\"@id\":\"https:\/\/abaa.mx\/tienda\/medidor-digital-de-profundidad-de-porosidad-13\/#breadcrumb\",\"itemListElement\":[{\"@type\":\"ListItem\",\"position\":1,\"name\":\"Inicio\",\"item\":\"https:\/\/abaa.mx\/tienda\/\"},{\"@type\":\"ListItem\",\"position\":2,\"name\":\"Tienda\",\"item\":\"https:\/\/abaa.mx\/tienda\/\"},{\"@type\":\"ListItem\",\"position\":3,\"name\":\"Medidor digital de profundidad de porosidad -13\"}]},{\"@type\":\"WebSite\",\"@id\":\"https:\/\/abaa.mx\/tienda\/#website\",\"url\":\"https:\/\/abaa.mx\/tienda\/\",\"name\":\"Abaa tienda online\",\"description\":\"Instrumentos de medici\u00f3n\",\"publisher\":{\"@id\":\"https:\/\/abaa.mx\/tienda\/#organization\"},\"potentialAction\":[{\"@type\":\"SearchAction\",\"target\":{\"@type\":\"EntryPoint\",\"urlTemplate\":\"https:\/\/abaa.mx\/tienda\/?s={search_term_string}\"},\"query-input\":{\"@type\":\"PropertyValueSpecification\",\"valueRequired\":true,\"valueName\":\"search_term_string\"}}],\"inLanguage\":\"es\"},{\"@type\":\"Organization\",\"@id\":\"https:\/\/abaa.mx\/tienda\/#organization\",\"name\":\"Abaa tienda online\",\"url\":\"https:\/\/abaa.mx\/tienda\/\",\"logo\":{\"@type\":\"ImageObject\",\"inLanguage\":\"es\",\"@id\":\"https:\/\/abaa.mx\/tienda\/#\/schema\/logo\/image\/\",\"url\":\"https:\/\/abaa.mx\/tienda\/wp-content\/uploads\/2024\/01\/abaa-metrologia-tienda.png\",\"contentUrl\":\"https:\/\/abaa.mx\/tienda\/wp-content\/uploads\/2024\/01\/abaa-metrologia-tienda.png\",\"width\":300,\"height\":141,\"caption\":\"Abaa tienda online\"},\"image\":{\"@id\":\"https:\/\/abaa.mx\/tienda\/#\/schema\/logo\/image\/\"}}]}<\/script>\n<!-- \/ Yoast SEO plugin. -->","yoast_head_json":{"title":"Medidor digital de profundidad de porosidad -13 - Abaa tienda online","robots":{"index":"index","follow":"follow","max-snippet":"max-snippet:-1","max-image-preview":"max-image-preview:large","max-video-preview":"max-video-preview:-1"},"canonical":"https:\/\/abaa.mx\/tienda\/medidor-digital-de-profundidad-de-porosidad-13\/","og_locale":"es_MX","og_type":"article","og_title":"Medidor digital de profundidad de porosidad -13 - Abaa tienda online","og_description":"Ficha T\u00e9cnica. El medidor digital de profundidad para porosidades de soldadura modelo GG-13 es un instrumento que tiene varillas de extensi\u00f3n que le permiten medir profundidades desde 1\" hasta 6\".  El aparato cuenta con la funci\u00f3n de selecci\u00f3n de entidades de medici\u00f3n por lo que se tienen la posibilidad de obtener lecturas de profundad en pulgadas o en mil\u00edmetros. Tiene dos puntas de medici\u00f3n con di\u00e1metros de 25 y 62 mil\u00e9simas de pulgada. Trabaja con bater\u00edas.","og_url":"https:\/\/abaa.mx\/tienda\/medidor-digital-de-profundidad-de-porosidad-13\/","og_site_name":"Abaa tienda online","article_modified_time":"2023-12-05T15:49:01+00:00","og_image":[{"width":326,"height":335,"url":"https:\/\/abaa.mx\/tienda\/wp-content\/uploads\/2023\/12\/G.A.L-GAGE-13.jpg","type":"image\/jpeg"}],"twitter_card":"summary_large_image","twitter_misc":{"Tiempo de lectura":"1 minuto"},"schema":{"@context":"https:\/\/schema.org","@graph":[{"@type":"WebPage","@id":"https:\/\/abaa.mx\/tienda\/medidor-digital-de-profundidad-de-porosidad-13\/","url":"https:\/\/abaa.mx\/tienda\/medidor-digital-de-profundidad-de-porosidad-13\/","name":"Medidor digital de profundidad de porosidad -13 - Abaa tienda online","isPartOf":{"@id":"https:\/\/abaa.mx\/tienda\/#website"},"primaryImageOfPage":{"@id":"https:\/\/abaa.mx\/tienda\/medidor-digital-de-profundidad-de-porosidad-13\/#primaryimage"},"image":{"@id":"https:\/\/abaa.mx\/tienda\/medidor-digital-de-profundidad-de-porosidad-13\/#primaryimage"},"thumbnailUrl":"https:\/\/abaa.mx\/tienda\/wp-content\/uploads\/2023\/12\/G.A.L-GAGE-13.jpg","datePublished":"2023-12-05T15:48:53+00:00","dateModified":"2023-12-05T15:49:01+00:00","breadcrumb":{"@id":"https:\/\/abaa.mx\/tienda\/medidor-digital-de-profundidad-de-porosidad-13\/#breadcrumb"},"inLanguage":"es","potentialAction":[{"@type":"ReadAction","target":["https:\/\/abaa.mx\/tienda\/medidor-digital-de-profundidad-de-porosidad-13\/"]}]},{"@type":"ImageObject","inLanguage":"es","@id":"https:\/\/abaa.mx\/tienda\/medidor-digital-de-profundidad-de-porosidad-13\/#primaryimage","url":"https:\/\/abaa.mx\/tienda\/wp-content\/uploads\/2023\/12\/G.A.L-GAGE-13.jpg","contentUrl":"https:\/\/abaa.mx\/tienda\/wp-content\/uploads\/2023\/12\/G.A.L-GAGE-13.jpg","width":326,"height":335,"caption":"G.A.L GAGE-13"},{"@type":"BreadcrumbList","@id":"https:\/\/abaa.mx\/tienda\/medidor-digital-de-profundidad-de-porosidad-13\/#breadcrumb","itemListElement":[{"@type":"ListItem","position":1,"name":"Inicio","item":"https:\/\/abaa.mx\/tienda\/"},{"@type":"ListItem","position":2,"name":"Tienda","item":"https:\/\/abaa.mx\/tienda\/"},{"@type":"ListItem","position":3,"name":"Medidor digital de profundidad de porosidad -13"}]},{"@type":"WebSite","@id":"https:\/\/abaa.mx\/tienda\/#website","url":"https:\/\/abaa.mx\/tienda\/","name":"Abaa tienda online","description":"Instrumentos de medici\u00f3n","publisher":{"@id":"https:\/\/abaa.mx\/tienda\/#organization"},"potentialAction":[{"@type":"SearchAction","target":{"@type":"EntryPoint","urlTemplate":"https:\/\/abaa.mx\/tienda\/?s={search_term_string}"},"query-input":{"@type":"PropertyValueSpecification","valueRequired":true,"valueName":"search_term_string"}}],"inLanguage":"es"},{"@type":"Organization","@id":"https:\/\/abaa.mx\/tienda\/#organization","name":"Abaa tienda online","url":"https:\/\/abaa.mx\/tienda\/","logo":{"@type":"ImageObject","inLanguage":"es","@id":"https:\/\/abaa.mx\/tienda\/#\/schema\/logo\/image\/","url":"https:\/\/abaa.mx\/tienda\/wp-content\/uploads\/2024\/01\/abaa-metrologia-tienda.png","contentUrl":"https:\/\/abaa.mx\/tienda\/wp-content\/uploads\/2024\/01\/abaa-metrologia-tienda.png","width":300,"height":141,"caption":"Abaa tienda online"},"image":{"@id":"https:\/\/abaa.mx\/tienda\/#\/schema\/logo\/image\/"}}]}},"_links":{"self":[{"href":"https:\/\/abaa.mx\/tienda\/wp-json\/wp\/v2\/product\/7092","targetHints":{"allow":["GET"]}}],"collection":[{"href":"https:\/\/abaa.mx\/tienda\/wp-json\/wp\/v2\/product"}],"about":[{"href":"https:\/\/abaa.mx\/tienda\/wp-json\/wp\/v2\/types\/product"}],"replies":[{"embeddable":true,"href":"https:\/\/abaa.mx\/tienda\/wp-json\/wp\/v2\/comments?post=7092"}],"wp:featuredmedia":[{"embeddable":true,"href":"https:\/\/abaa.mx\/tienda\/wp-json\/wp\/v2\/media\/9639"}],"wp:attachment":[{"href":"https:\/\/abaa.mx\/tienda\/wp-json\/wp\/v2\/media?parent=7092"}],"wp:term":[{"taxonomy":"product_brand","embeddable":true,"href":"https:\/\/abaa.mx\/tienda\/wp-json\/wp\/v2\/product_brand?post=7092"},{"taxonomy":"product_cat","embeddable":true,"href":"https:\/\/abaa.mx\/tienda\/wp-json\/wp\/v2\/product_cat?post=7092"},{"taxonomy":"product_tag","embeddable":true,"href":"https:\/\/abaa.mx\/tienda\/wp-json\/wp\/v2\/product_tag?post=7092"}],"curies":[{"name":"wp","href":"https:\/\/api.w.org\/{rel}","templated":true}]}}