{"id":7091,"date":"2023-12-05T15:51:47","date_gmt":"2023-12-05T15:51:47","guid":{"rendered":"https:\/\/abaa.mx\/tienda\/?post_type=product&#038;p=7091"},"modified":"2023-12-05T15:51:47","modified_gmt":"2023-12-05T15:51:47","slug":"medidor-de-soldadura-digital-18","status":"publish","type":"product","link":"https:\/\/abaa.mx\/tienda\/medidor-de-soldadura-digital-18\/","title":{"rendered":"Medidor de Soldadura Digital -18"},"content":{"rendered":"<p>Medidor de Soldadura Digital -18.<\/p>\n","protected":false},"excerpt":{"rendered":"<h3><strong>Especificaciones:<\/strong><\/h3>\n<p>El medidor de filete digital modelo GG-18 es un calibrador de soldadura que te deja conseguir como inspector los desenlaces de lectura con mayor precisi\u00f3n puesto que no se base en ubicar visualmente una marca en una escala grabada en una \u00e1rea del aparato.<\/p>\n<p>Mantiene tanteo el valor de cero de referencia como el valor de una medici\u00f3n anterior para poder hacer mediciones diferenciales o de comparaci\u00f3n. Cuenta con encendido autom\u00e1tico al deslizar la barra de medici\u00f3n. Active de forma manual con bot\u00f3n de encendido. Funci\u00f3n de ahorro de energ\u00eda, el equipo se apagar\u00e1 de manera autom\u00e1tica despu\u00e9s de 4 minutos de inacci\u00f3n.<\/p>\n","protected":false},"featured_media":9641,"comment_status":"open","ping_status":"closed","template":"","meta":{"_joinchat":[]},"product_brand":[],"product_cat":[15],"product_tag":[],"class_list":{"0":"post-7091","1":"product","2":"type-product","3":"status-publish","4":"has-post-thumbnail","6":"product_cat-sin-categorizar","8":"first","9":"instock","10":"shipping-taxable","11":"product-type-simple"},"yoast_head":"<!-- This site is optimized with the Yoast SEO plugin v26.4 - https:\/\/yoast.com\/wordpress\/plugins\/seo\/ -->\n<title>Medidor de Soldadura Digital -18 - Abaa tienda online<\/title>\n<meta name=\"robots\" content=\"index, follow, max-snippet:-1, max-image-preview:large, max-video-preview:-1\" \/>\n<link rel=\"canonical\" href=\"https:\/\/abaa.mx\/tienda\/medidor-de-soldadura-digital-18\/\" \/>\n<meta property=\"og:locale\" content=\"es_MX\" \/>\n<meta property=\"og:type\" content=\"article\" \/>\n<meta property=\"og:title\" content=\"Medidor de Soldadura Digital -18 - Abaa tienda online\" \/>\n<meta property=\"og:description\" content=\"Especificaciones: El medidor de filete digital modelo GG-18 es un calibrador de soldadura que te deja conseguir como inspector los desenlaces de lectura con mayor precisi\u00f3n puesto que no se base en ubicar visualmente una marca en una escala grabada en una \u00e1rea del aparato.  Mantiene tanteo el valor de cero de referencia como el valor de una medici\u00f3n anterior para poder hacer mediciones diferenciales o de comparaci\u00f3n. Cuenta con encendido autom\u00e1tico al deslizar la barra de medici\u00f3n. Active de forma manual con bot\u00f3n de encendido. Funci\u00f3n de ahorro de energ\u00eda, el equipo se apagar\u00e1 de manera autom\u00e1tica despu\u00e9s de 4 minutos de inacci\u00f3n.\" \/>\n<meta property=\"og:url\" content=\"https:\/\/abaa.mx\/tienda\/medidor-de-soldadura-digital-18\/\" \/>\n<meta property=\"og:site_name\" content=\"Abaa tienda online\" \/>\n<meta property=\"og:image\" content=\"https:\/\/abaa.mx\/tienda\/wp-content\/uploads\/2023\/12\/G.A.L-GAGE-18.jpg\" \/>\n\t<meta property=\"og:image:width\" content=\"450\" \/>\n\t<meta property=\"og:image:height\" content=\"259\" \/>\n\t<meta property=\"og:image:type\" content=\"image\/jpeg\" \/>\n<meta name=\"twitter:card\" content=\"summary_large_image\" \/>\n<meta name=\"twitter:label1\" content=\"Tiempo de lectura\" \/>\n\t<meta name=\"twitter:data1\" content=\"1 minuto\" \/>\n<script type=\"application\/ld+json\" class=\"yoast-schema-graph\">{\"@context\":\"https:\/\/schema.org\",\"@graph\":[{\"@type\":\"WebPage\",\"@id\":\"https:\/\/abaa.mx\/tienda\/medidor-de-soldadura-digital-18\/\",\"url\":\"https:\/\/abaa.mx\/tienda\/medidor-de-soldadura-digital-18\/\",\"name\":\"Medidor de Soldadura Digital -18 - Abaa tienda online\",\"isPartOf\":{\"@id\":\"https:\/\/abaa.mx\/tienda\/#website\"},\"primaryImageOfPage\":{\"@id\":\"https:\/\/abaa.mx\/tienda\/medidor-de-soldadura-digital-18\/#primaryimage\"},\"image\":{\"@id\":\"https:\/\/abaa.mx\/tienda\/medidor-de-soldadura-digital-18\/#primaryimage\"},\"thumbnailUrl\":\"https:\/\/abaa.mx\/tienda\/wp-content\/uploads\/2023\/12\/G.A.L-GAGE-18.jpg\",\"datePublished\":\"2023-12-05T15:51:47+00:00\",\"breadcrumb\":{\"@id\":\"https:\/\/abaa.mx\/tienda\/medidor-de-soldadura-digital-18\/#breadcrumb\"},\"inLanguage\":\"es\",\"potentialAction\":[{\"@type\":\"ReadAction\",\"target\":[\"https:\/\/abaa.mx\/tienda\/medidor-de-soldadura-digital-18\/\"]}]},{\"@type\":\"ImageObject\",\"inLanguage\":\"es\",\"@id\":\"https:\/\/abaa.mx\/tienda\/medidor-de-soldadura-digital-18\/#primaryimage\",\"url\":\"https:\/\/abaa.mx\/tienda\/wp-content\/uploads\/2023\/12\/G.A.L-GAGE-18.jpg\",\"contentUrl\":\"https:\/\/abaa.mx\/tienda\/wp-content\/uploads\/2023\/12\/G.A.L-GAGE-18.jpg\",\"width\":450,\"height\":259,\"caption\":\"G.A.L GAGE- 18\"},{\"@type\":\"BreadcrumbList\",\"@id\":\"https:\/\/abaa.mx\/tienda\/medidor-de-soldadura-digital-18\/#breadcrumb\",\"itemListElement\":[{\"@type\":\"ListItem\",\"position\":1,\"name\":\"Inicio\",\"item\":\"https:\/\/abaa.mx\/tienda\/\"},{\"@type\":\"ListItem\",\"position\":2,\"name\":\"Tienda\",\"item\":\"https:\/\/abaa.mx\/tienda\/\"},{\"@type\":\"ListItem\",\"position\":3,\"name\":\"Medidor de Soldadura Digital -18\"}]},{\"@type\":\"WebSite\",\"@id\":\"https:\/\/abaa.mx\/tienda\/#website\",\"url\":\"https:\/\/abaa.mx\/tienda\/\",\"name\":\"Abaa tienda online\",\"description\":\"Instrumentos de medici\u00f3n\",\"publisher\":{\"@id\":\"https:\/\/abaa.mx\/tienda\/#organization\"},\"potentialAction\":[{\"@type\":\"SearchAction\",\"target\":{\"@type\":\"EntryPoint\",\"urlTemplate\":\"https:\/\/abaa.mx\/tienda\/?s={search_term_string}\"},\"query-input\":{\"@type\":\"PropertyValueSpecification\",\"valueRequired\":true,\"valueName\":\"search_term_string\"}}],\"inLanguage\":\"es\"},{\"@type\":\"Organization\",\"@id\":\"https:\/\/abaa.mx\/tienda\/#organization\",\"name\":\"Abaa tienda online\",\"url\":\"https:\/\/abaa.mx\/tienda\/\",\"logo\":{\"@type\":\"ImageObject\",\"inLanguage\":\"es\",\"@id\":\"https:\/\/abaa.mx\/tienda\/#\/schema\/logo\/image\/\",\"url\":\"https:\/\/abaa.mx\/tienda\/wp-content\/uploads\/2024\/01\/abaa-metrologia-tienda.png\",\"contentUrl\":\"https:\/\/abaa.mx\/tienda\/wp-content\/uploads\/2024\/01\/abaa-metrologia-tienda.png\",\"width\":300,\"height\":141,\"caption\":\"Abaa tienda online\"},\"image\":{\"@id\":\"https:\/\/abaa.mx\/tienda\/#\/schema\/logo\/image\/\"}}]}<\/script>\n<!-- \/ Yoast SEO plugin. -->","yoast_head_json":{"title":"Medidor de Soldadura Digital -18 - Abaa tienda online","robots":{"index":"index","follow":"follow","max-snippet":"max-snippet:-1","max-image-preview":"max-image-preview:large","max-video-preview":"max-video-preview:-1"},"canonical":"https:\/\/abaa.mx\/tienda\/medidor-de-soldadura-digital-18\/","og_locale":"es_MX","og_type":"article","og_title":"Medidor de Soldadura Digital -18 - Abaa tienda online","og_description":"Especificaciones: El medidor de filete digital modelo GG-18 es un calibrador de soldadura que te deja conseguir como inspector los desenlaces de lectura con mayor precisi\u00f3n puesto que no se base en ubicar visualmente una marca en una escala grabada en una \u00e1rea del aparato.  Mantiene tanteo el valor de cero de referencia como el valor de una medici\u00f3n anterior para poder hacer mediciones diferenciales o de comparaci\u00f3n. Cuenta con encendido autom\u00e1tico al deslizar la barra de medici\u00f3n. Active de forma manual con bot\u00f3n de encendido. Funci\u00f3n de ahorro de energ\u00eda, el equipo se apagar\u00e1 de manera autom\u00e1tica despu\u00e9s de 4 minutos de inacci\u00f3n.","og_url":"https:\/\/abaa.mx\/tienda\/medidor-de-soldadura-digital-18\/","og_site_name":"Abaa tienda online","og_image":[{"width":450,"height":259,"url":"https:\/\/abaa.mx\/tienda\/wp-content\/uploads\/2023\/12\/G.A.L-GAGE-18.jpg","type":"image\/jpeg"}],"twitter_card":"summary_large_image","twitter_misc":{"Tiempo de lectura":"1 minuto"},"schema":{"@context":"https:\/\/schema.org","@graph":[{"@type":"WebPage","@id":"https:\/\/abaa.mx\/tienda\/medidor-de-soldadura-digital-18\/","url":"https:\/\/abaa.mx\/tienda\/medidor-de-soldadura-digital-18\/","name":"Medidor de Soldadura Digital -18 - Abaa tienda online","isPartOf":{"@id":"https:\/\/abaa.mx\/tienda\/#website"},"primaryImageOfPage":{"@id":"https:\/\/abaa.mx\/tienda\/medidor-de-soldadura-digital-18\/#primaryimage"},"image":{"@id":"https:\/\/abaa.mx\/tienda\/medidor-de-soldadura-digital-18\/#primaryimage"},"thumbnailUrl":"https:\/\/abaa.mx\/tienda\/wp-content\/uploads\/2023\/12\/G.A.L-GAGE-18.jpg","datePublished":"2023-12-05T15:51:47+00:00","breadcrumb":{"@id":"https:\/\/abaa.mx\/tienda\/medidor-de-soldadura-digital-18\/#breadcrumb"},"inLanguage":"es","potentialAction":[{"@type":"ReadAction","target":["https:\/\/abaa.mx\/tienda\/medidor-de-soldadura-digital-18\/"]}]},{"@type":"ImageObject","inLanguage":"es","@id":"https:\/\/abaa.mx\/tienda\/medidor-de-soldadura-digital-18\/#primaryimage","url":"https:\/\/abaa.mx\/tienda\/wp-content\/uploads\/2023\/12\/G.A.L-GAGE-18.jpg","contentUrl":"https:\/\/abaa.mx\/tienda\/wp-content\/uploads\/2023\/12\/G.A.L-GAGE-18.jpg","width":450,"height":259,"caption":"G.A.L GAGE- 18"},{"@type":"BreadcrumbList","@id":"https:\/\/abaa.mx\/tienda\/medidor-de-soldadura-digital-18\/#breadcrumb","itemListElement":[{"@type":"ListItem","position":1,"name":"Inicio","item":"https:\/\/abaa.mx\/tienda\/"},{"@type":"ListItem","position":2,"name":"Tienda","item":"https:\/\/abaa.mx\/tienda\/"},{"@type":"ListItem","position":3,"name":"Medidor de Soldadura Digital -18"}]},{"@type":"WebSite","@id":"https:\/\/abaa.mx\/tienda\/#website","url":"https:\/\/abaa.mx\/tienda\/","name":"Abaa tienda online","description":"Instrumentos de medici\u00f3n","publisher":{"@id":"https:\/\/abaa.mx\/tienda\/#organization"},"potentialAction":[{"@type":"SearchAction","target":{"@type":"EntryPoint","urlTemplate":"https:\/\/abaa.mx\/tienda\/?s={search_term_string}"},"query-input":{"@type":"PropertyValueSpecification","valueRequired":true,"valueName":"search_term_string"}}],"inLanguage":"es"},{"@type":"Organization","@id":"https:\/\/abaa.mx\/tienda\/#organization","name":"Abaa tienda online","url":"https:\/\/abaa.mx\/tienda\/","logo":{"@type":"ImageObject","inLanguage":"es","@id":"https:\/\/abaa.mx\/tienda\/#\/schema\/logo\/image\/","url":"https:\/\/abaa.mx\/tienda\/wp-content\/uploads\/2024\/01\/abaa-metrologia-tienda.png","contentUrl":"https:\/\/abaa.mx\/tienda\/wp-content\/uploads\/2024\/01\/abaa-metrologia-tienda.png","width":300,"height":141,"caption":"Abaa tienda online"},"image":{"@id":"https:\/\/abaa.mx\/tienda\/#\/schema\/logo\/image\/"}}]}},"_links":{"self":[{"href":"https:\/\/abaa.mx\/tienda\/wp-json\/wp\/v2\/product\/7091","targetHints":{"allow":["GET"]}}],"collection":[{"href":"https:\/\/abaa.mx\/tienda\/wp-json\/wp\/v2\/product"}],"about":[{"href":"https:\/\/abaa.mx\/tienda\/wp-json\/wp\/v2\/types\/product"}],"replies":[{"embeddable":true,"href":"https:\/\/abaa.mx\/tienda\/wp-json\/wp\/v2\/comments?post=7091"}],"wp:featuredmedia":[{"embeddable":true,"href":"https:\/\/abaa.mx\/tienda\/wp-json\/wp\/v2\/media\/9641"}],"wp:attachment":[{"href":"https:\/\/abaa.mx\/tienda\/wp-json\/wp\/v2\/media?parent=7091"}],"wp:term":[{"taxonomy":"product_brand","embeddable":true,"href":"https:\/\/abaa.mx\/tienda\/wp-json\/wp\/v2\/product_brand?post=7091"},{"taxonomy":"product_cat","embeddable":true,"href":"https:\/\/abaa.mx\/tienda\/wp-json\/wp\/v2\/product_cat?post=7091"},{"taxonomy":"product_tag","embeddable":true,"href":"https:\/\/abaa.mx\/tienda\/wp-json\/wp\/v2\/product_tag?post=7091"}],"curies":[{"name":"wp","href":"https:\/\/api.w.org\/{rel}","templated":true}]}}