{"id":7074,"date":"2023-10-20T16:44:27","date_gmt":"2023-10-20T16:44:27","guid":{"rendered":"https:\/\/abaa.mx\/tienda\/?post_type=product&#038;p=7074"},"modified":"2023-10-20T16:44:28","modified_gmt":"2023-10-20T16:44:28","slug":"mili-ohmimetro-reed-k5090-nist-110v","status":"publish","type":"product","link":"https:\/\/abaa.mx\/tienda\/mili-ohmimetro-reed-k5090-nist-110v\/","title":{"rendered":"Mili-ohm\u00edmetro reed k5090-nist, 110v"},"content":{"rendered":"<h5><strong>Funciones<\/strong><\/h5>\n<ul>\n<li>Entrada de 4 terminales para alta precisi\u00f3n de baja resistencia<\/li>\n<li>Gran pantalla LCD<\/li>\n<li>Dial de ajuste de cero<\/li>\n<li>Protecci\u00f3n contra sobrecarga incorporada<\/li>\n<li>4 hilos con 2 clips Kelvin incluidos<\/li>\n<\/ul>\n<h4>Especificaciones de REED K5090<\/h4>\n<table class=\"table table-striped\">\n<tbody>\n<tr>\n<td>Gama<\/td>\n<td>200M\u03a9, 2000M\u03a9, 20\u03a9, 200\u03a9, 2000\u03a9<\/td>\n<\/tr>\n<tr>\n<td>Exactitud<\/td>\n<td>200M\u03a9: \u00b1(0.75% rdg. + 4 dgt.)<br \/>\n2000M\u03a9, 20\u03a9, 200\u03a9, 2000\u03a9: \u00b1(0.75% rdg. + 2 dgt.)<\/td>\n<\/tr>\n<tr>\n<td>Resoluci\u00f3n<\/td>\n<td>0,1 M\u03a9, 1 M\u03a9, 10 M\u03a9, 0,1 \u03a9, 1 \u03a9<\/td>\n<\/tr>\n<tr>\n<td>Tiempo de muestreo<\/td>\n<td>2 veces\/por segundo.<\/td>\n<\/tr>\n<tr>\n<td>Selecci\u00f3n de rango<\/td>\n<td>Manual<\/td>\n<\/tr>\n<tr>\n<td>Indicador de rango excesivo<\/td>\n<td>S\u00ed<\/td>\n<\/tr>\n<tr>\n<td>Monitor<\/td>\n<td>LCD<\/td>\n<\/tr>\n<tr>\n<td>Dial de ajuste cero<\/td>\n<td>S\u00ed<\/td>\n<\/tr>\n<tr>\n<td>Fuente de alimentaci\u00f3n<\/td>\n<td>110 V (50\/60 Hz)<\/td>\n<\/tr>\n<tr>\n<td>Protecci\u00f3n de fusibles<\/td>\n<td>S\u00ed<\/td>\n<\/tr>\n<tr>\n<td>Categor\u00eda de sobretensi\u00f3n<\/td>\n<td>GATO. II 230V<\/td>\n<\/tr>\n<tr>\n<td>Certificaciones de productos<\/td>\n<td>Despu\u00e9s de Cristo<\/td>\n<\/tr>\n<tr>\n<td>Temperatura de funcionamiento<\/td>\n<td>De 32 a 104 \u00b0C (de 0 a 40 \u00b0F)<\/td>\n<\/tr>\n<tr>\n<td>Temperatura de almacenamiento<\/td>\n<td>-4 a 140 \u00b0F (-20 a 60 \u00b0C)<\/td>\n<\/tr>\n<tr>\n<td>Dimensiones<\/td>\n<td>6,3 x 4,7 x 3,3&#8243; (160 x 120 x 85 mm)<\/td>\n<\/tr>\n<tr>\n<td>Peso<\/td>\n<td>1 g (5,680 libras)<\/td>\n<\/tr>\n<\/tbody>\n<\/table>\n","protected":false},"excerpt":{"rendered":"<p class=\"short-description mhide ipad-view-setting\">Medidor de miliohmios de alta precisi\u00f3n y alta resoluci\u00f3n para uso en campo.<\/p>\n<p class=\"comment-tag-product\">\n<div class=\"row-fluid\">\n<div class=\"span12 mobile-pricing-box-padding\">\n<form id=\"60523\" accept-charset=\"utf-8\" action=\"https:\/\/www.globaltestsupply.com\/shop\/add\" method=\"post\" name=\"addTocartFunction\">\n<div><\/div>\n<\/form>\n<\/div>\n<\/div>\n","protected":false},"featured_media":7081,"comment_status":"open","ping_status":"closed","template":"","meta":{"_joinchat":[]},"product_brand":[],"product_cat":[15],"product_tag":[],"class_list":{"0":"post-7074","1":"product","2":"type-product","3":"status-publish","4":"has-post-thumbnail","6":"product_cat-sin-categorizar","8":"first","9":"instock","10":"shipping-taxable","11":"product-type-simple"},"yoast_head":"<!-- This site is optimized with the Yoast SEO plugin v26.4 - https:\/\/yoast.com\/wordpress\/plugins\/seo\/ -->\n<title>Mili-ohm\u00edmetro reed k5090-nist, 110v - Abaa tienda online<\/title>\n<meta name=\"robots\" content=\"index, follow, max-snippet:-1, max-image-preview:large, max-video-preview:-1\" \/>\n<link rel=\"canonical\" href=\"https:\/\/abaa.mx\/tienda\/mili-ohmimetro-reed-k5090-nist-110v\/\" \/>\n<meta property=\"og:locale\" content=\"es_MX\" \/>\n<meta property=\"og:type\" content=\"article\" \/>\n<meta property=\"og:title\" content=\"Mili-ohm\u00edmetro reed k5090-nist, 110v - Abaa tienda online\" \/>\n<meta property=\"og:description\" content=\"Medidor de miliohmios de alta precisi\u00f3n y alta resoluci\u00f3n para uso en campo.\" \/>\n<meta property=\"og:url\" content=\"https:\/\/abaa.mx\/tienda\/mili-ohmimetro-reed-k5090-nist-110v\/\" \/>\n<meta property=\"og:site_name\" content=\"Abaa tienda online\" \/>\n<meta property=\"article:modified_time\" content=\"2023-10-20T16:44:28+00:00\" \/>\n<meta property=\"og:image\" content=\"https:\/\/abaa.mx\/tienda\/wp-content\/uploads\/2023\/10\/K5090-NIST.jpg\" \/>\n\t<meta property=\"og:image:width\" content=\"450\" \/>\n\t<meta property=\"og:image:height\" content=\"450\" \/>\n\t<meta property=\"og:image:type\" content=\"image\/jpeg\" \/>\n<meta name=\"twitter:card\" content=\"summary_large_image\" \/>\n<meta name=\"twitter:label1\" content=\"Tiempo de lectura\" \/>\n\t<meta name=\"twitter:data1\" content=\"1 minuto\" \/>\n<script type=\"application\/ld+json\" class=\"yoast-schema-graph\">{\"@context\":\"https:\/\/schema.org\",\"@graph\":[{\"@type\":\"WebPage\",\"@id\":\"https:\/\/abaa.mx\/tienda\/mili-ohmimetro-reed-k5090-nist-110v\/\",\"url\":\"https:\/\/abaa.mx\/tienda\/mili-ohmimetro-reed-k5090-nist-110v\/\",\"name\":\"Mili-ohm\u00edmetro reed k5090-nist, 110v - Abaa tienda online\",\"isPartOf\":{\"@id\":\"https:\/\/abaa.mx\/tienda\/#website\"},\"primaryImageOfPage\":{\"@id\":\"https:\/\/abaa.mx\/tienda\/mili-ohmimetro-reed-k5090-nist-110v\/#primaryimage\"},\"image\":{\"@id\":\"https:\/\/abaa.mx\/tienda\/mili-ohmimetro-reed-k5090-nist-110v\/#primaryimage\"},\"thumbnailUrl\":\"https:\/\/abaa.mx\/tienda\/wp-content\/uploads\/2023\/10\/K5090-NIST.jpg\",\"datePublished\":\"2023-10-20T16:44:27+00:00\",\"dateModified\":\"2023-10-20T16:44:28+00:00\",\"breadcrumb\":{\"@id\":\"https:\/\/abaa.mx\/tienda\/mili-ohmimetro-reed-k5090-nist-110v\/#breadcrumb\"},\"inLanguage\":\"es\",\"potentialAction\":[{\"@type\":\"ReadAction\",\"target\":[\"https:\/\/abaa.mx\/tienda\/mili-ohmimetro-reed-k5090-nist-110v\/\"]}]},{\"@type\":\"ImageObject\",\"inLanguage\":\"es\",\"@id\":\"https:\/\/abaa.mx\/tienda\/mili-ohmimetro-reed-k5090-nist-110v\/#primaryimage\",\"url\":\"https:\/\/abaa.mx\/tienda\/wp-content\/uploads\/2023\/10\/K5090-NIST.jpg\",\"contentUrl\":\"https:\/\/abaa.mx\/tienda\/wp-content\/uploads\/2023\/10\/K5090-NIST.jpg\",\"width\":450,\"height\":450,\"caption\":\"mili-ohmimetro-reed-k5090-nist-110v\"},{\"@type\":\"BreadcrumbList\",\"@id\":\"https:\/\/abaa.mx\/tienda\/mili-ohmimetro-reed-k5090-nist-110v\/#breadcrumb\",\"itemListElement\":[{\"@type\":\"ListItem\",\"position\":1,\"name\":\"Inicio\",\"item\":\"https:\/\/abaa.mx\/tienda\/\"},{\"@type\":\"ListItem\",\"position\":2,\"name\":\"Tienda\",\"item\":\"https:\/\/abaa.mx\/tienda\/\"},{\"@type\":\"ListItem\",\"position\":3,\"name\":\"Mili-ohm\u00edmetro reed k5090-nist, 110v\"}]},{\"@type\":\"WebSite\",\"@id\":\"https:\/\/abaa.mx\/tienda\/#website\",\"url\":\"https:\/\/abaa.mx\/tienda\/\",\"name\":\"Abaa tienda online\",\"description\":\"Instrumentos de medici\u00f3n\",\"publisher\":{\"@id\":\"https:\/\/abaa.mx\/tienda\/#organization\"},\"potentialAction\":[{\"@type\":\"SearchAction\",\"target\":{\"@type\":\"EntryPoint\",\"urlTemplate\":\"https:\/\/abaa.mx\/tienda\/?s={search_term_string}\"},\"query-input\":{\"@type\":\"PropertyValueSpecification\",\"valueRequired\":true,\"valueName\":\"search_term_string\"}}],\"inLanguage\":\"es\"},{\"@type\":\"Organization\",\"@id\":\"https:\/\/abaa.mx\/tienda\/#organization\",\"name\":\"Abaa tienda online\",\"url\":\"https:\/\/abaa.mx\/tienda\/\",\"logo\":{\"@type\":\"ImageObject\",\"inLanguage\":\"es\",\"@id\":\"https:\/\/abaa.mx\/tienda\/#\/schema\/logo\/image\/\",\"url\":\"https:\/\/abaa.mx\/tienda\/wp-content\/uploads\/2024\/01\/abaa-metrologia-tienda.png\",\"contentUrl\":\"https:\/\/abaa.mx\/tienda\/wp-content\/uploads\/2024\/01\/abaa-metrologia-tienda.png\",\"width\":300,\"height\":141,\"caption\":\"Abaa tienda online\"},\"image\":{\"@id\":\"https:\/\/abaa.mx\/tienda\/#\/schema\/logo\/image\/\"}}]}<\/script>\n<!-- \/ Yoast SEO plugin. -->","yoast_head_json":{"title":"Mili-ohm\u00edmetro reed k5090-nist, 110v - Abaa tienda online","robots":{"index":"index","follow":"follow","max-snippet":"max-snippet:-1","max-image-preview":"max-image-preview:large","max-video-preview":"max-video-preview:-1"},"canonical":"https:\/\/abaa.mx\/tienda\/mili-ohmimetro-reed-k5090-nist-110v\/","og_locale":"es_MX","og_type":"article","og_title":"Mili-ohm\u00edmetro reed k5090-nist, 110v - Abaa tienda online","og_description":"Medidor de miliohmios de alta precisi\u00f3n y alta resoluci\u00f3n para uso en campo.","og_url":"https:\/\/abaa.mx\/tienda\/mili-ohmimetro-reed-k5090-nist-110v\/","og_site_name":"Abaa tienda online","article_modified_time":"2023-10-20T16:44:28+00:00","og_image":[{"width":450,"height":450,"url":"https:\/\/abaa.mx\/tienda\/wp-content\/uploads\/2023\/10\/K5090-NIST.jpg","type":"image\/jpeg"}],"twitter_card":"summary_large_image","twitter_misc":{"Tiempo de lectura":"1 minuto"},"schema":{"@context":"https:\/\/schema.org","@graph":[{"@type":"WebPage","@id":"https:\/\/abaa.mx\/tienda\/mili-ohmimetro-reed-k5090-nist-110v\/","url":"https:\/\/abaa.mx\/tienda\/mili-ohmimetro-reed-k5090-nist-110v\/","name":"Mili-ohm\u00edmetro reed k5090-nist, 110v - Abaa tienda online","isPartOf":{"@id":"https:\/\/abaa.mx\/tienda\/#website"},"primaryImageOfPage":{"@id":"https:\/\/abaa.mx\/tienda\/mili-ohmimetro-reed-k5090-nist-110v\/#primaryimage"},"image":{"@id":"https:\/\/abaa.mx\/tienda\/mili-ohmimetro-reed-k5090-nist-110v\/#primaryimage"},"thumbnailUrl":"https:\/\/abaa.mx\/tienda\/wp-content\/uploads\/2023\/10\/K5090-NIST.jpg","datePublished":"2023-10-20T16:44:27+00:00","dateModified":"2023-10-20T16:44:28+00:00","breadcrumb":{"@id":"https:\/\/abaa.mx\/tienda\/mili-ohmimetro-reed-k5090-nist-110v\/#breadcrumb"},"inLanguage":"es","potentialAction":[{"@type":"ReadAction","target":["https:\/\/abaa.mx\/tienda\/mili-ohmimetro-reed-k5090-nist-110v\/"]}]},{"@type":"ImageObject","inLanguage":"es","@id":"https:\/\/abaa.mx\/tienda\/mili-ohmimetro-reed-k5090-nist-110v\/#primaryimage","url":"https:\/\/abaa.mx\/tienda\/wp-content\/uploads\/2023\/10\/K5090-NIST.jpg","contentUrl":"https:\/\/abaa.mx\/tienda\/wp-content\/uploads\/2023\/10\/K5090-NIST.jpg","width":450,"height":450,"caption":"mili-ohmimetro-reed-k5090-nist-110v"},{"@type":"BreadcrumbList","@id":"https:\/\/abaa.mx\/tienda\/mili-ohmimetro-reed-k5090-nist-110v\/#breadcrumb","itemListElement":[{"@type":"ListItem","position":1,"name":"Inicio","item":"https:\/\/abaa.mx\/tienda\/"},{"@type":"ListItem","position":2,"name":"Tienda","item":"https:\/\/abaa.mx\/tienda\/"},{"@type":"ListItem","position":3,"name":"Mili-ohm\u00edmetro reed k5090-nist, 110v"}]},{"@type":"WebSite","@id":"https:\/\/abaa.mx\/tienda\/#website","url":"https:\/\/abaa.mx\/tienda\/","name":"Abaa tienda online","description":"Instrumentos de medici\u00f3n","publisher":{"@id":"https:\/\/abaa.mx\/tienda\/#organization"},"potentialAction":[{"@type":"SearchAction","target":{"@type":"EntryPoint","urlTemplate":"https:\/\/abaa.mx\/tienda\/?s={search_term_string}"},"query-input":{"@type":"PropertyValueSpecification","valueRequired":true,"valueName":"search_term_string"}}],"inLanguage":"es"},{"@type":"Organization","@id":"https:\/\/abaa.mx\/tienda\/#organization","name":"Abaa tienda online","url":"https:\/\/abaa.mx\/tienda\/","logo":{"@type":"ImageObject","inLanguage":"es","@id":"https:\/\/abaa.mx\/tienda\/#\/schema\/logo\/image\/","url":"https:\/\/abaa.mx\/tienda\/wp-content\/uploads\/2024\/01\/abaa-metrologia-tienda.png","contentUrl":"https:\/\/abaa.mx\/tienda\/wp-content\/uploads\/2024\/01\/abaa-metrologia-tienda.png","width":300,"height":141,"caption":"Abaa tienda online"},"image":{"@id":"https:\/\/abaa.mx\/tienda\/#\/schema\/logo\/image\/"}}]}},"_links":{"self":[{"href":"https:\/\/abaa.mx\/tienda\/wp-json\/wp\/v2\/product\/7074","targetHints":{"allow":["GET"]}}],"collection":[{"href":"https:\/\/abaa.mx\/tienda\/wp-json\/wp\/v2\/product"}],"about":[{"href":"https:\/\/abaa.mx\/tienda\/wp-json\/wp\/v2\/types\/product"}],"replies":[{"embeddable":true,"href":"https:\/\/abaa.mx\/tienda\/wp-json\/wp\/v2\/comments?post=7074"}],"wp:featuredmedia":[{"embeddable":true,"href":"https:\/\/abaa.mx\/tienda\/wp-json\/wp\/v2\/media\/7081"}],"wp:attachment":[{"href":"https:\/\/abaa.mx\/tienda\/wp-json\/wp\/v2\/media?parent=7074"}],"wp:term":[{"taxonomy":"product_brand","embeddable":true,"href":"https:\/\/abaa.mx\/tienda\/wp-json\/wp\/v2\/product_brand?post=7074"},{"taxonomy":"product_cat","embeddable":true,"href":"https:\/\/abaa.mx\/tienda\/wp-json\/wp\/v2\/product_cat?post=7074"},{"taxonomy":"product_tag","embeddable":true,"href":"https:\/\/abaa.mx\/tienda\/wp-json\/wp\/v2\/product_tag?post=7074"}],"curies":[{"name":"wp","href":"https:\/\/api.w.org\/{rel}","templated":true}]}}