{"id":7068,"date":"2023-10-20T16:41:53","date_gmt":"2023-10-20T16:41:53","guid":{"rendered":"https:\/\/abaa.mx\/tienda\/?post_type=product&#038;p=7068"},"modified":"2023-10-20T16:41:54","modified_gmt":"2023-10-20T16:41:54","slug":"multimetro-digital-reed-r5007-true-rms-con-ncv","status":"publish","type":"product","link":"https:\/\/abaa.mx\/tienda\/multimetro-digital-reed-r5007-true-rms-con-ncv\/","title":{"rendered":"Mult\u00edmetro digital reed r5007 true rms con ncv"},"content":{"rendered":"<p>Este mult\u00edmetro True RMS mide el voltaje y la corriente CA\/CC, la resistencia, la capacitancia, la frecuencia y cuenta con una funci\u00f3n VFC de paso bajo para eliminar el ruido causado por los motores y variadores de frecuencia. El R5007 tambi\u00e9n cuenta con un detector de voltaje sin contacto incorporado y una sonda de termopar tipo K para la medici\u00f3n de contacto.<\/p>\n<h5><strong>Funciones<\/strong><\/h5>\n<ul>\n<li>Mide voltaje y corriente CA\/CC, frecuencia, resistencia, capacitancia y temperatura<\/li>\n<li>Detector de voltaje sin contacto incorporado y carcasa de pl\u00e1stico moldeada doble<\/li>\n<li>Funciones de comprobaci\u00f3n de diodos y continuidad<\/li>\n<li>Funciones relativas y de retenci\u00f3n de datos<\/li>\n<li>Pantalla LCD retroiluminada e indicador de bater\u00eda baja<\/li>\n<li>Gato. Clasificaci\u00f3n de seguridad III 600V<\/li>\n<\/ul>\n<h4>Especificaciones de REED R5007<\/h4>\n<table class=\"table table-striped\">\n<tbody>\n<tr>\n<td colspan=\"2\"><strong>Voltaje AC\/DC<\/strong><\/td>\n<\/tr>\n<tr>\n<td>Gama<\/td>\n<td>CA: 60, 600 mV, 6, 60, 600 V CC: 60, 600 mV, 6, 60, 600 V<\/td>\n<\/tr>\n<tr>\n<td>Exactitud<\/td>\n<td>CA: 60, 600 mV \u00b1 (0,5% rdg. + 2 dgt.)<br \/>\n6,60,600V \u00b1(0.7% rdg. + 3 dgt.)<br \/>\nCC: 60, 600mV \u00b1(1.0% rdg. + 2 dgt.)<br \/>\n6,60,600V \u00b1(0.8% rdg. + 3 dgt.)<\/td>\n<\/tr>\n<tr>\n<td>Resoluci\u00f3n<\/td>\n<td>CA: 0,1, 1, 10 mV, 0,1, 1 V CC: 0,1, 1, 10 mV, 0,1, 1 V<\/td>\n<\/tr>\n<tr>\n<td colspan=\"2\"><strong>Corriente AC\/DC<\/strong><\/td>\n<\/tr>\n<tr>\n<td>Gama<\/td>\n<td>600, 6000\u03bcA, 60, 600mA, 6, 10A<\/td>\n<\/tr>\n<tr>\n<td>Exactitud<\/td>\n<td>CA: 600,6000\u03bcA \/ 60mA, 600mA \u00b1 (1.0% rdg. + 3 dgt.)<br \/>\n6, 10A \u00b1(1.2% rdg. + 3 dgt.)<br \/>\nCC: 600,6000\u03bcA \/ 60.00mA, 600.0mA \u00b1 (0.7% rdg. + 2 dgt.)<br \/>\n6.000, 10.00A \u00b1(1.0% rdg. + 3 dgt.)<\/td>\n<\/tr>\n<tr>\n<td>Resoluci\u00f3n<\/td>\n<td>0,1, 1, 10 \u03bcA, 0,1, 1, 10 mA<\/td>\n<\/tr>\n<tr>\n<td colspan=\"2\"><strong>Resistencia<\/strong><\/td>\n<\/tr>\n<tr>\n<td>Gama<\/td>\n<td>600\u03a9, 6, 60, 600k\u03a9, 6, 60M\u03a9<\/td>\n<\/tr>\n<tr>\n<td>Exactitud<\/td>\n<td>600\u03a9: \u00b1(1.0% rdg. + 2 dgt.)<br \/>\n6,60,600k\u03a9: \u00b1(0.8% rdg. + 2 dgt.)<br \/>\n6M\u03a9: \u00b1(1.2% rdg. + 3 dgt.)<br \/>\n60M\u03a9: \u00b1(1.5% rdg. + 5 dgt.)<\/td>\n<\/tr>\n<tr>\n<td>Resoluci\u00f3n<\/td>\n<td>0,1, 1, 10, 100 \u03a9, 1, 10 k\u03a9<\/td>\n<\/tr>\n<tr>\n<td colspan=\"2\"><strong>Capacitancia<\/strong><\/td>\n<\/tr>\n<tr>\n<td>Gama<\/td>\n<td>9,999 nF, 99,99 nF a 999,9 \u03bcF, 9,999 a 99,99 mF<\/td>\n<\/tr>\n<tr>\n<td>Exactitud<\/td>\n<td>9.999nF: Bajo REL (\u00b14%+10 dgt.)<br \/>\n99.99nF a 999.9uF: \u00b1(4.0% rdg. + 5 dgt.)<br \/>\n9.999 a 99.99mF: \u00b1(10% rdg. (&lt;2 mF)<\/td>\n<\/tr>\n<tr>\n<td>Resoluci\u00f3n<\/td>\n<td>1 pF, 10 pf a 0,1 \u03bcF, 1 \u03bcF a 10 \u03bcF<\/td>\n<\/tr>\n<tr>\n<td colspan=\"2\"><strong>Frecuencia<\/strong><\/td>\n<\/tr>\n<tr>\n<td>Gama<\/td>\n<td>De 9,999 Hz a 9,999 MHz<\/td>\n<\/tr>\n<tr>\n<td>Exactitud<\/td>\n<td>\u00b1(0.1% rdg. + 4 dgt.)<\/td>\n<\/tr>\n<tr>\n<td>Resoluci\u00f3n<\/td>\n<td>De 0,001 Hz a 0,001 Mz<\/td>\n<\/tr>\n<tr>\n<td colspan=\"2\"><strong>Temperatura<\/strong><\/td>\n<\/tr>\n<tr>\n<td>Gama<\/td>\n<td>-40 a 1832 \u00b0F (-40 a 1000 \u00b0C)<\/td>\n<\/tr>\n<tr>\n<td>Exactitud<\/td>\n<td>\u00b1(2.5% rddg. + 5\u00b0F) \u00b1(2.0% rdg. +3\u00b0C)<\/td>\n<\/tr>\n<tr>\n<td>Resoluci\u00f3n<\/td>\n<td>1 \u00b0F, 1 \u00b0C<\/td>\n<\/tr>\n<tr>\n<td colspan=\"2\"><strong>Especificaciones generales<\/strong><\/td>\n<\/tr>\n<tr>\n<td>Selecci\u00f3n de rango<\/td>\n<td>Rango autom\u00e1tico\/Manual<\/td>\n<\/tr>\n<tr>\n<td>RMS verdadero<\/td>\n<td>S\u00ed<\/td>\n<\/tr>\n<tr>\n<td>Monitor<\/td>\n<td>Pantalla LCD de 6.000 unidades<\/td>\n<\/tr>\n<tr>\n<td>Retenci\u00f3n de pantalla<\/td>\n<td>S\u00ed<\/td>\n<\/tr>\n<tr>\n<td>M\u00e1x.\/M\u00edn.<\/td>\n<td>S\u00ed<\/td>\n<\/tr>\n<tr>\n<td>Modo relativo<\/td>\n<td>S\u00ed<\/td>\n<\/tr>\n<tr>\n<td>Prueba de diodos<\/td>\n<td>S\u00ed<\/td>\n<\/tr>\n<tr>\n<td>Pantalla retroiluminada<\/td>\n<td>S\u00ed<\/td>\n<\/tr>\n<tr>\n<td>Comprobaci\u00f3n de continuidad<\/td>\n<td>Se\u00f1al audible si la resistencia \u226410\u03a9<\/td>\n<\/tr>\n<tr>\n<td>Ciclo de trabajo<\/td>\n<td>S\u00ed (0,1 &#8211; 99,9%)<\/td>\n<\/tr>\n<tr>\n<td>Detector de voltaje sin contacto<\/td>\n<td>S\u00ed<\/td>\n<\/tr>\n<tr>\n<td>Pata de cabra<\/td>\n<td>S\u00ed<\/td>\n<\/tr>\n<tr>\n<td>Apagado autom\u00e1tico<\/td>\n<td>S\u00ed (despu\u00e9s de 15 minutos)<\/td>\n<\/tr>\n<tr>\n<td>Fuente de alimentaci\u00f3n<\/td>\n<td>2 pilas AA<\/td>\n<\/tr>\n<tr>\n<td>Indicador de bater\u00eda baja<\/td>\n<td>S\u00ed<\/td>\n<\/tr>\n<tr>\n<td>Protecci\u00f3n de fusibles<\/td>\n<td>S\u00ed<\/td>\n<\/tr>\n<tr>\n<td>Cables de prueba reemplazables<\/td>\n<td>S\u00ed<\/td>\n<\/tr>\n<tr>\n<td>Categor\u00eda de sobretensi\u00f3n<\/td>\n<td>GATO. III 600V<\/td>\n<\/tr>\n<tr>\n<td>Certificaciones de productos<\/td>\n<td>Despu\u00e9s de Cristo<\/td>\n<\/tr>\n<tr>\n<td>Temperatura de funcionamiento<\/td>\n<td>41 a 104 \u00b0F (5 a 40 \u00b0C)<\/td>\n<\/tr>\n<tr>\n<td>Temperatura de almacenamiento<\/td>\n<td>-4 a 140 \u00b0F (-20 a 60 \u00b0C)<\/td>\n<\/tr>\n<tr>\n<td>Dimensiones<\/td>\n<td>6,9 x 3,2 x 1,9&#8243; (175 x 80 x 49 mm)<\/td>\n<\/tr>\n<tr>\n<td>Peso<\/td>\n<td>13 onzas (370 g)<\/td>\n<\/tr>\n<\/tbody>\n<\/table>\n","protected":false},"excerpt":{"rendered":"<p class=\"short-description mhide ipad-view-setting\">Mult\u00edmetro True RMS con detector de voltaje sin contacto (NCV) incorporado y pantalla LCD retroiluminada de 6,000 cuentas.<\/p>\n<p class=\"comment-tag-product\">\n<div class=\"row-fluid\">\n<div class=\"span12 mobile-pricing-box-padding\">\n<form id=\"60611\" accept-charset=\"utf-8\" action=\"https:\/\/www.globaltestsupply.com\/shop\/add\" method=\"post\" name=\"addTocartFunction\">\n<div><\/div>\n<\/form>\n<\/div>\n<\/div>\n","protected":false},"featured_media":7078,"comment_status":"open","ping_status":"closed","template":"","meta":{"_joinchat":[]},"product_brand":[],"product_cat":[15],"product_tag":[],"class_list":{"0":"post-7068","1":"product","2":"type-product","3":"status-publish","4":"has-post-thumbnail","6":"product_cat-sin-categorizar","8":"first","9":"instock","10":"shipping-taxable","11":"product-type-simple"},"yoast_head":"<!-- This site is optimized with the Yoast SEO plugin v26.4 - https:\/\/yoast.com\/wordpress\/plugins\/seo\/ -->\n<title>Mult\u00edmetro digital reed r5007 true rms con ncv - Abaa tienda online<\/title>\n<meta name=\"robots\" content=\"index, follow, max-snippet:-1, max-image-preview:large, max-video-preview:-1\" \/>\n<link rel=\"canonical\" href=\"https:\/\/abaa.mx\/tienda\/multimetro-digital-reed-r5007-true-rms-con-ncv\/\" \/>\n<meta property=\"og:locale\" content=\"es_MX\" \/>\n<meta property=\"og:type\" content=\"article\" \/>\n<meta property=\"og:title\" content=\"Mult\u00edmetro digital reed r5007 true rms con ncv - Abaa tienda online\" \/>\n<meta property=\"og:description\" content=\"Mult\u00edmetro True RMS con detector de voltaje sin contacto (NCV) incorporado y pantalla LCD retroiluminada de 6,000 cuentas.\" \/>\n<meta property=\"og:url\" content=\"https:\/\/abaa.mx\/tienda\/multimetro-digital-reed-r5007-true-rms-con-ncv\/\" \/>\n<meta property=\"og:site_name\" content=\"Abaa tienda online\" \/>\n<meta property=\"article:modified_time\" content=\"2023-10-20T16:41:54+00:00\" \/>\n<meta property=\"og:image\" content=\"https:\/\/abaa.mx\/tienda\/wp-content\/uploads\/2023\/10\/R5007.jpg\" \/>\n\t<meta property=\"og:image:width\" content=\"248\" \/>\n\t<meta property=\"og:image:height\" content=\"500\" \/>\n\t<meta property=\"og:image:type\" content=\"image\/jpeg\" \/>\n<meta name=\"twitter:card\" content=\"summary_large_image\" \/>\n<meta name=\"twitter:label1\" content=\"Tiempo de lectura\" \/>\n\t<meta name=\"twitter:data1\" content=\"3 minutos\" \/>\n<script type=\"application\/ld+json\" class=\"yoast-schema-graph\">{\"@context\":\"https:\/\/schema.org\",\"@graph\":[{\"@type\":\"WebPage\",\"@id\":\"https:\/\/abaa.mx\/tienda\/multimetro-digital-reed-r5007-true-rms-con-ncv\/\",\"url\":\"https:\/\/abaa.mx\/tienda\/multimetro-digital-reed-r5007-true-rms-con-ncv\/\",\"name\":\"Mult\u00edmetro digital reed r5007 true rms con ncv - Abaa tienda online\",\"isPartOf\":{\"@id\":\"https:\/\/abaa.mx\/tienda\/#website\"},\"primaryImageOfPage\":{\"@id\":\"https:\/\/abaa.mx\/tienda\/multimetro-digital-reed-r5007-true-rms-con-ncv\/#primaryimage\"},\"image\":{\"@id\":\"https:\/\/abaa.mx\/tienda\/multimetro-digital-reed-r5007-true-rms-con-ncv\/#primaryimage\"},\"thumbnailUrl\":\"https:\/\/abaa.mx\/tienda\/wp-content\/uploads\/2023\/10\/R5007.jpg\",\"datePublished\":\"2023-10-20T16:41:53+00:00\",\"dateModified\":\"2023-10-20T16:41:54+00:00\",\"breadcrumb\":{\"@id\":\"https:\/\/abaa.mx\/tienda\/multimetro-digital-reed-r5007-true-rms-con-ncv\/#breadcrumb\"},\"inLanguage\":\"es\",\"potentialAction\":[{\"@type\":\"ReadAction\",\"target\":[\"https:\/\/abaa.mx\/tienda\/multimetro-digital-reed-r5007-true-rms-con-ncv\/\"]}]},{\"@type\":\"ImageObject\",\"inLanguage\":\"es\",\"@id\":\"https:\/\/abaa.mx\/tienda\/multimetro-digital-reed-r5007-true-rms-con-ncv\/#primaryimage\",\"url\":\"https:\/\/abaa.mx\/tienda\/wp-content\/uploads\/2023\/10\/R5007.jpg\",\"contentUrl\":\"https:\/\/abaa.mx\/tienda\/wp-content\/uploads\/2023\/10\/R5007.jpg\",\"width\":248,\"height\":500,\"caption\":\"multimetro-digital-reed-r5007-true-rms-con-ncv\"},{\"@type\":\"BreadcrumbList\",\"@id\":\"https:\/\/abaa.mx\/tienda\/multimetro-digital-reed-r5007-true-rms-con-ncv\/#breadcrumb\",\"itemListElement\":[{\"@type\":\"ListItem\",\"position\":1,\"name\":\"Inicio\",\"item\":\"https:\/\/abaa.mx\/tienda\/\"},{\"@type\":\"ListItem\",\"position\":2,\"name\":\"Tienda\",\"item\":\"https:\/\/abaa.mx\/tienda\/\"},{\"@type\":\"ListItem\",\"position\":3,\"name\":\"Mult\u00edmetro digital reed r5007 true rms con ncv\"}]},{\"@type\":\"WebSite\",\"@id\":\"https:\/\/abaa.mx\/tienda\/#website\",\"url\":\"https:\/\/abaa.mx\/tienda\/\",\"name\":\"Abaa tienda online\",\"description\":\"Instrumentos de medici\u00f3n\",\"publisher\":{\"@id\":\"https:\/\/abaa.mx\/tienda\/#organization\"},\"potentialAction\":[{\"@type\":\"SearchAction\",\"target\":{\"@type\":\"EntryPoint\",\"urlTemplate\":\"https:\/\/abaa.mx\/tienda\/?s={search_term_string}\"},\"query-input\":{\"@type\":\"PropertyValueSpecification\",\"valueRequired\":true,\"valueName\":\"search_term_string\"}}],\"inLanguage\":\"es\"},{\"@type\":\"Organization\",\"@id\":\"https:\/\/abaa.mx\/tienda\/#organization\",\"name\":\"Abaa tienda online\",\"url\":\"https:\/\/abaa.mx\/tienda\/\",\"logo\":{\"@type\":\"ImageObject\",\"inLanguage\":\"es\",\"@id\":\"https:\/\/abaa.mx\/tienda\/#\/schema\/logo\/image\/\",\"url\":\"https:\/\/abaa.mx\/tienda\/wp-content\/uploads\/2024\/01\/abaa-metrologia-tienda.png\",\"contentUrl\":\"https:\/\/abaa.mx\/tienda\/wp-content\/uploads\/2024\/01\/abaa-metrologia-tienda.png\",\"width\":300,\"height\":141,\"caption\":\"Abaa tienda online\"},\"image\":{\"@id\":\"https:\/\/abaa.mx\/tienda\/#\/schema\/logo\/image\/\"}}]}<\/script>\n<!-- \/ Yoast SEO plugin. -->","yoast_head_json":{"title":"Mult\u00edmetro digital reed r5007 true rms con ncv - Abaa tienda online","robots":{"index":"index","follow":"follow","max-snippet":"max-snippet:-1","max-image-preview":"max-image-preview:large","max-video-preview":"max-video-preview:-1"},"canonical":"https:\/\/abaa.mx\/tienda\/multimetro-digital-reed-r5007-true-rms-con-ncv\/","og_locale":"es_MX","og_type":"article","og_title":"Mult\u00edmetro digital reed r5007 true rms con ncv - Abaa tienda online","og_description":"Mult\u00edmetro True RMS con detector de voltaje sin contacto (NCV) incorporado y pantalla LCD retroiluminada de 6,000 cuentas.","og_url":"https:\/\/abaa.mx\/tienda\/multimetro-digital-reed-r5007-true-rms-con-ncv\/","og_site_name":"Abaa tienda online","article_modified_time":"2023-10-20T16:41:54+00:00","og_image":[{"width":248,"height":500,"url":"https:\/\/abaa.mx\/tienda\/wp-content\/uploads\/2023\/10\/R5007.jpg","type":"image\/jpeg"}],"twitter_card":"summary_large_image","twitter_misc":{"Tiempo de lectura":"3 minutos"},"schema":{"@context":"https:\/\/schema.org","@graph":[{"@type":"WebPage","@id":"https:\/\/abaa.mx\/tienda\/multimetro-digital-reed-r5007-true-rms-con-ncv\/","url":"https:\/\/abaa.mx\/tienda\/multimetro-digital-reed-r5007-true-rms-con-ncv\/","name":"Mult\u00edmetro digital reed r5007 true rms con ncv - Abaa tienda online","isPartOf":{"@id":"https:\/\/abaa.mx\/tienda\/#website"},"primaryImageOfPage":{"@id":"https:\/\/abaa.mx\/tienda\/multimetro-digital-reed-r5007-true-rms-con-ncv\/#primaryimage"},"image":{"@id":"https:\/\/abaa.mx\/tienda\/multimetro-digital-reed-r5007-true-rms-con-ncv\/#primaryimage"},"thumbnailUrl":"https:\/\/abaa.mx\/tienda\/wp-content\/uploads\/2023\/10\/R5007.jpg","datePublished":"2023-10-20T16:41:53+00:00","dateModified":"2023-10-20T16:41:54+00:00","breadcrumb":{"@id":"https:\/\/abaa.mx\/tienda\/multimetro-digital-reed-r5007-true-rms-con-ncv\/#breadcrumb"},"inLanguage":"es","potentialAction":[{"@type":"ReadAction","target":["https:\/\/abaa.mx\/tienda\/multimetro-digital-reed-r5007-true-rms-con-ncv\/"]}]},{"@type":"ImageObject","inLanguage":"es","@id":"https:\/\/abaa.mx\/tienda\/multimetro-digital-reed-r5007-true-rms-con-ncv\/#primaryimage","url":"https:\/\/abaa.mx\/tienda\/wp-content\/uploads\/2023\/10\/R5007.jpg","contentUrl":"https:\/\/abaa.mx\/tienda\/wp-content\/uploads\/2023\/10\/R5007.jpg","width":248,"height":500,"caption":"multimetro-digital-reed-r5007-true-rms-con-ncv"},{"@type":"BreadcrumbList","@id":"https:\/\/abaa.mx\/tienda\/multimetro-digital-reed-r5007-true-rms-con-ncv\/#breadcrumb","itemListElement":[{"@type":"ListItem","position":1,"name":"Inicio","item":"https:\/\/abaa.mx\/tienda\/"},{"@type":"ListItem","position":2,"name":"Tienda","item":"https:\/\/abaa.mx\/tienda\/"},{"@type":"ListItem","position":3,"name":"Mult\u00edmetro digital reed r5007 true rms con ncv"}]},{"@type":"WebSite","@id":"https:\/\/abaa.mx\/tienda\/#website","url":"https:\/\/abaa.mx\/tienda\/","name":"Abaa tienda online","description":"Instrumentos de medici\u00f3n","publisher":{"@id":"https:\/\/abaa.mx\/tienda\/#organization"},"potentialAction":[{"@type":"SearchAction","target":{"@type":"EntryPoint","urlTemplate":"https:\/\/abaa.mx\/tienda\/?s={search_term_string}"},"query-input":{"@type":"PropertyValueSpecification","valueRequired":true,"valueName":"search_term_string"}}],"inLanguage":"es"},{"@type":"Organization","@id":"https:\/\/abaa.mx\/tienda\/#organization","name":"Abaa tienda online","url":"https:\/\/abaa.mx\/tienda\/","logo":{"@type":"ImageObject","inLanguage":"es","@id":"https:\/\/abaa.mx\/tienda\/#\/schema\/logo\/image\/","url":"https:\/\/abaa.mx\/tienda\/wp-content\/uploads\/2024\/01\/abaa-metrologia-tienda.png","contentUrl":"https:\/\/abaa.mx\/tienda\/wp-content\/uploads\/2024\/01\/abaa-metrologia-tienda.png","width":300,"height":141,"caption":"Abaa tienda online"},"image":{"@id":"https:\/\/abaa.mx\/tienda\/#\/schema\/logo\/image\/"}}]}},"_links":{"self":[{"href":"https:\/\/abaa.mx\/tienda\/wp-json\/wp\/v2\/product\/7068","targetHints":{"allow":["GET"]}}],"collection":[{"href":"https:\/\/abaa.mx\/tienda\/wp-json\/wp\/v2\/product"}],"about":[{"href":"https:\/\/abaa.mx\/tienda\/wp-json\/wp\/v2\/types\/product"}],"replies":[{"embeddable":true,"href":"https:\/\/abaa.mx\/tienda\/wp-json\/wp\/v2\/comments?post=7068"}],"wp:featuredmedia":[{"embeddable":true,"href":"https:\/\/abaa.mx\/tienda\/wp-json\/wp\/v2\/media\/7078"}],"wp:attachment":[{"href":"https:\/\/abaa.mx\/tienda\/wp-json\/wp\/v2\/media?parent=7068"}],"wp:term":[{"taxonomy":"product_brand","embeddable":true,"href":"https:\/\/abaa.mx\/tienda\/wp-json\/wp\/v2\/product_brand?post=7068"},{"taxonomy":"product_cat","embeddable":true,"href":"https:\/\/abaa.mx\/tienda\/wp-json\/wp\/v2\/product_cat?post=7068"},{"taxonomy":"product_tag","embeddable":true,"href":"https:\/\/abaa.mx\/tienda\/wp-json\/wp\/v2\/product_tag?post=7068"}],"curies":[{"name":"wp","href":"https:\/\/api.w.org\/{rel}","templated":true}]}}