{"id":7063,"date":"2023-10-20T17:12:56","date_gmt":"2023-10-20T17:12:56","guid":{"rendered":"https:\/\/abaa.mx\/tienda\/?post_type=product&#038;p=7063"},"modified":"2023-12-14T16:57:20","modified_gmt":"2023-12-14T16:57:20","slug":"ametek-crystal-nv-4aa-rtd100-1kpsi-registrador-de-referencia-nvision-rtd100-1000-psi","status":"publish","type":"product","link":"https:\/\/abaa.mx\/tienda\/ametek-crystal-nv-4aa-rtd100-1kpsi-registrador-de-referencia-nvision-rtd100-1000-psi\/","title":{"rendered":"Mn26t \u2014 mult\u00edmetro minitec autorango, 4000 conteos, ca-cd, cap, freq, temp, cont, diodos"},"content":{"rendered":"<p>Mn26t \u2014 mult\u00edmetro minitec autorango, 4000 conteos, ca-cd, cap, freq, temp, cont, diodos.<\/p>\n","protected":false},"excerpt":{"rendered":"<h3>Descripci\u00f3n:<\/h3>\n<p>Peque\u00f1o en tama\u00f1o, grande en versatilidad, el minimult\u00edmetro digital de rango autom\u00e1tico MN26T MiniTec de Extech est\u00e1 equipado con amplias capacidades, lo que lo convierte en una opci\u00f3n popular para los t\u00e9cnicos que pueden confiar en \u00e9l todos los d\u00edas, as\u00ed como una herramienta ideal para el aficionado a la electricidad y la electr\u00f3nica. , o aficionados al bricolaje que trabajan en varios proyectos de mejoras para el hogar, cableado de veh\u00edculos y A\/V. Use el MN26T de la misma manera que usar\u00eda un medidor m\u00e1s grande, pero ll\u00e9velo consigo para realizar pruebas r\u00e1pidas, reparaciones en el camino o llamadas de servicio en el campo. Utilice el MN26T para medir tensi\u00f3n y corriente CA\/CC, as\u00ed como resistencia, capacitancia, frecuencia y ciclo de trabajo. Prueba de diodos y continuidad. Utilice las funciones de retenci\u00f3n de datos y modo relativo. Incluso mida la temperatura con la sonda de temperatura de alambre de tal\u00f3n tipo K suministrada. Los 4 d\u00edgitos, 4, La pantalla de conteo de 000 es f\u00e1cil de leer y el soporte inclinable incorporado es \u00fatil para el trabajo de banco. El MN26T viene con cables de prueba, sonda de termopar tipo K, dos pilas AAA y estuche de transporte.<\/p>\n","protected":false},"featured_media":9870,"comment_status":"open","ping_status":"closed","template":"","meta":{"_joinchat":[]},"product_brand":[],"product_cat":[15],"product_tag":[],"class_list":{"0":"post-7063","1":"product","2":"type-product","3":"status-publish","4":"has-post-thumbnail","6":"product_cat-sin-categorizar","8":"first","9":"instock","10":"shipping-taxable","11":"product-type-simple"},"yoast_head":"<!-- This site is optimized with the Yoast SEO plugin v26.4 - https:\/\/yoast.com\/wordpress\/plugins\/seo\/ -->\n<title>Mn26t \u2014 mult\u00edmetro minitec autorango, 4000 conteos, ca-cd, cap, freq, temp, cont, diodos - Abaa tienda online<\/title>\n<meta name=\"robots\" content=\"index, follow, max-snippet:-1, max-image-preview:large, max-video-preview:-1\" \/>\n<link rel=\"canonical\" href=\"https:\/\/abaa.mx\/tienda\/ametek-crystal-nv-4aa-rtd100-1kpsi-registrador-de-referencia-nvision-rtd100-1000-psi\/\" \/>\n<meta property=\"og:locale\" content=\"es_MX\" \/>\n<meta property=\"og:type\" content=\"article\" \/>\n<meta property=\"og:title\" content=\"Mn26t \u2014 mult\u00edmetro minitec autorango, 4000 conteos, ca-cd, cap, freq, temp, cont, diodos - Abaa tienda online\" \/>\n<meta property=\"og:description\" content=\"Descripci\u00f3n: Peque\u00f1o en tama\u00f1o, grande en versatilidad, el minimult\u00edmetro digital de rango autom\u00e1tico MN26T MiniTec de Extech est\u00e1 equipado con amplias capacidades, lo que lo convierte en una opci\u00f3n popular para los t\u00e9cnicos que pueden confiar en \u00e9l todos los d\u00edas, as\u00ed como una herramienta ideal para el aficionado a la electricidad y la electr\u00f3nica. , o aficionados al bricolaje que trabajan en varios proyectos de mejoras para el hogar, cableado de veh\u00edculos y A\/V. Use el MN26T de la misma manera que usar\u00eda un medidor m\u00e1s grande, pero ll\u00e9velo consigo para realizar pruebas r\u00e1pidas, reparaciones en el camino o llamadas de servicio en el campo. Utilice el MN26T para medir tensi\u00f3n y corriente CA\/CC, as\u00ed como resistencia, capacitancia, frecuencia y ciclo de trabajo. Prueba de diodos y continuidad. Utilice las funciones de retenci\u00f3n de datos y modo relativo. Incluso mida la temperatura con la sonda de temperatura de alambre de tal\u00f3n tipo K suministrada. Los 4 d\u00edgitos, 4, La pantalla de conteo de 000 es f\u00e1cil de leer y el soporte inclinable incorporado es \u00fatil para el trabajo de banco. El MN26T viene con cables de prueba, sonda de termopar tipo K, dos pilas AAA y estuche de transporte.\" \/>\n<meta property=\"og:url\" content=\"https:\/\/abaa.mx\/tienda\/ametek-crystal-nv-4aa-rtd100-1kpsi-registrador-de-referencia-nvision-rtd100-1000-psi\/\" \/>\n<meta property=\"og:site_name\" content=\"Abaa tienda online\" \/>\n<meta property=\"article:modified_time\" content=\"2023-12-14T16:57:20+00:00\" \/>\n<meta property=\"og:image\" content=\"https:\/\/abaa.mx\/tienda\/wp-content\/uploads\/2023\/10\/EXTECH-MN26T.jpg\" \/>\n\t<meta property=\"og:image:width\" content=\"426\" \/>\n\t<meta property=\"og:image:height\" content=\"454\" \/>\n\t<meta property=\"og:image:type\" content=\"image\/jpeg\" \/>\n<meta name=\"twitter:card\" content=\"summary_large_image\" \/>\n<meta name=\"twitter:label1\" content=\"Tiempo de lectura\" \/>\n\t<meta name=\"twitter:data1\" content=\"1 minuto\" \/>\n<script type=\"application\/ld+json\" class=\"yoast-schema-graph\">{\"@context\":\"https:\/\/schema.org\",\"@graph\":[{\"@type\":\"WebPage\",\"@id\":\"https:\/\/abaa.mx\/tienda\/ametek-crystal-nv-4aa-rtd100-1kpsi-registrador-de-referencia-nvision-rtd100-1000-psi\/\",\"url\":\"https:\/\/abaa.mx\/tienda\/ametek-crystal-nv-4aa-rtd100-1kpsi-registrador-de-referencia-nvision-rtd100-1000-psi\/\",\"name\":\"Mn26t \u2014 mult\u00edmetro minitec autorango, 4000 conteos, ca-cd, cap, freq, temp, cont, diodos - Abaa tienda online\",\"isPartOf\":{\"@id\":\"https:\/\/abaa.mx\/tienda\/#website\"},\"primaryImageOfPage\":{\"@id\":\"https:\/\/abaa.mx\/tienda\/ametek-crystal-nv-4aa-rtd100-1kpsi-registrador-de-referencia-nvision-rtd100-1000-psi\/#primaryimage\"},\"image\":{\"@id\":\"https:\/\/abaa.mx\/tienda\/ametek-crystal-nv-4aa-rtd100-1kpsi-registrador-de-referencia-nvision-rtd100-1000-psi\/#primaryimage\"},\"thumbnailUrl\":\"https:\/\/abaa.mx\/tienda\/wp-content\/uploads\/2023\/10\/EXTECH-MN26T.jpg\",\"datePublished\":\"2023-10-20T17:12:56+00:00\",\"dateModified\":\"2023-12-14T16:57:20+00:00\",\"breadcrumb\":{\"@id\":\"https:\/\/abaa.mx\/tienda\/ametek-crystal-nv-4aa-rtd100-1kpsi-registrador-de-referencia-nvision-rtd100-1000-psi\/#breadcrumb\"},\"inLanguage\":\"es\",\"potentialAction\":[{\"@type\":\"ReadAction\",\"target\":[\"https:\/\/abaa.mx\/tienda\/ametek-crystal-nv-4aa-rtd100-1kpsi-registrador-de-referencia-nvision-rtd100-1000-psi\/\"]}]},{\"@type\":\"ImageObject\",\"inLanguage\":\"es\",\"@id\":\"https:\/\/abaa.mx\/tienda\/ametek-crystal-nv-4aa-rtd100-1kpsi-registrador-de-referencia-nvision-rtd100-1000-psi\/#primaryimage\",\"url\":\"https:\/\/abaa.mx\/tienda\/wp-content\/uploads\/2023\/10\/EXTECH-MN26T.jpg\",\"contentUrl\":\"https:\/\/abaa.mx\/tienda\/wp-content\/uploads\/2023\/10\/EXTECH-MN26T.jpg\",\"width\":426,\"height\":454,\"caption\":\"EXTECH-MN26T\"},{\"@type\":\"BreadcrumbList\",\"@id\":\"https:\/\/abaa.mx\/tienda\/ametek-crystal-nv-4aa-rtd100-1kpsi-registrador-de-referencia-nvision-rtd100-1000-psi\/#breadcrumb\",\"itemListElement\":[{\"@type\":\"ListItem\",\"position\":1,\"name\":\"Inicio\",\"item\":\"https:\/\/abaa.mx\/tienda\/\"},{\"@type\":\"ListItem\",\"position\":2,\"name\":\"Tienda\",\"item\":\"https:\/\/abaa.mx\/tienda\/\"},{\"@type\":\"ListItem\",\"position\":3,\"name\":\"Mn26t \u2014 mult\u00edmetro minitec autorango, 4000 conteos, ca-cd, cap, freq, temp, cont, diodos\"}]},{\"@type\":\"WebSite\",\"@id\":\"https:\/\/abaa.mx\/tienda\/#website\",\"url\":\"https:\/\/abaa.mx\/tienda\/\",\"name\":\"Abaa tienda online\",\"description\":\"Instrumentos de medici\u00f3n\",\"publisher\":{\"@id\":\"https:\/\/abaa.mx\/tienda\/#organization\"},\"potentialAction\":[{\"@type\":\"SearchAction\",\"target\":{\"@type\":\"EntryPoint\",\"urlTemplate\":\"https:\/\/abaa.mx\/tienda\/?s={search_term_string}\"},\"query-input\":{\"@type\":\"PropertyValueSpecification\",\"valueRequired\":true,\"valueName\":\"search_term_string\"}}],\"inLanguage\":\"es\"},{\"@type\":\"Organization\",\"@id\":\"https:\/\/abaa.mx\/tienda\/#organization\",\"name\":\"Abaa tienda online\",\"url\":\"https:\/\/abaa.mx\/tienda\/\",\"logo\":{\"@type\":\"ImageObject\",\"inLanguage\":\"es\",\"@id\":\"https:\/\/abaa.mx\/tienda\/#\/schema\/logo\/image\/\",\"url\":\"https:\/\/abaa.mx\/tienda\/wp-content\/uploads\/2024\/01\/abaa-metrologia-tienda.png\",\"contentUrl\":\"https:\/\/abaa.mx\/tienda\/wp-content\/uploads\/2024\/01\/abaa-metrologia-tienda.png\",\"width\":300,\"height\":141,\"caption\":\"Abaa tienda online\"},\"image\":{\"@id\":\"https:\/\/abaa.mx\/tienda\/#\/schema\/logo\/image\/\"}}]}<\/script>\n<!-- \/ Yoast SEO plugin. -->","yoast_head_json":{"title":"Mn26t \u2014 mult\u00edmetro minitec autorango, 4000 conteos, ca-cd, cap, freq, temp, cont, diodos - Abaa tienda online","robots":{"index":"index","follow":"follow","max-snippet":"max-snippet:-1","max-image-preview":"max-image-preview:large","max-video-preview":"max-video-preview:-1"},"canonical":"https:\/\/abaa.mx\/tienda\/ametek-crystal-nv-4aa-rtd100-1kpsi-registrador-de-referencia-nvision-rtd100-1000-psi\/","og_locale":"es_MX","og_type":"article","og_title":"Mn26t \u2014 mult\u00edmetro minitec autorango, 4000 conteos, ca-cd, cap, freq, temp, cont, diodos - Abaa tienda online","og_description":"Descripci\u00f3n: Peque\u00f1o en tama\u00f1o, grande en versatilidad, el minimult\u00edmetro digital de rango autom\u00e1tico MN26T MiniTec de Extech est\u00e1 equipado con amplias capacidades, lo que lo convierte en una opci\u00f3n popular para los t\u00e9cnicos que pueden confiar en \u00e9l todos los d\u00edas, as\u00ed como una herramienta ideal para el aficionado a la electricidad y la electr\u00f3nica. , o aficionados al bricolaje que trabajan en varios proyectos de mejoras para el hogar, cableado de veh\u00edculos y A\/V. Use el MN26T de la misma manera que usar\u00eda un medidor m\u00e1s grande, pero ll\u00e9velo consigo para realizar pruebas r\u00e1pidas, reparaciones en el camino o llamadas de servicio en el campo. Utilice el MN26T para medir tensi\u00f3n y corriente CA\/CC, as\u00ed como resistencia, capacitancia, frecuencia y ciclo de trabajo. Prueba de diodos y continuidad. Utilice las funciones de retenci\u00f3n de datos y modo relativo. Incluso mida la temperatura con la sonda de temperatura de alambre de tal\u00f3n tipo K suministrada. Los 4 d\u00edgitos, 4, La pantalla de conteo de 000 es f\u00e1cil de leer y el soporte inclinable incorporado es \u00fatil para el trabajo de banco. El MN26T viene con cables de prueba, sonda de termopar tipo K, dos pilas AAA y estuche de transporte.","og_url":"https:\/\/abaa.mx\/tienda\/ametek-crystal-nv-4aa-rtd100-1kpsi-registrador-de-referencia-nvision-rtd100-1000-psi\/","og_site_name":"Abaa tienda online","article_modified_time":"2023-12-14T16:57:20+00:00","og_image":[{"width":426,"height":454,"url":"https:\/\/abaa.mx\/tienda\/wp-content\/uploads\/2023\/10\/EXTECH-MN26T.jpg","type":"image\/jpeg"}],"twitter_card":"summary_large_image","twitter_misc":{"Tiempo de lectura":"1 minuto"},"schema":{"@context":"https:\/\/schema.org","@graph":[{"@type":"WebPage","@id":"https:\/\/abaa.mx\/tienda\/ametek-crystal-nv-4aa-rtd100-1kpsi-registrador-de-referencia-nvision-rtd100-1000-psi\/","url":"https:\/\/abaa.mx\/tienda\/ametek-crystal-nv-4aa-rtd100-1kpsi-registrador-de-referencia-nvision-rtd100-1000-psi\/","name":"Mn26t \u2014 mult\u00edmetro minitec autorango, 4000 conteos, ca-cd, cap, freq, temp, cont, diodos - Abaa tienda online","isPartOf":{"@id":"https:\/\/abaa.mx\/tienda\/#website"},"primaryImageOfPage":{"@id":"https:\/\/abaa.mx\/tienda\/ametek-crystal-nv-4aa-rtd100-1kpsi-registrador-de-referencia-nvision-rtd100-1000-psi\/#primaryimage"},"image":{"@id":"https:\/\/abaa.mx\/tienda\/ametek-crystal-nv-4aa-rtd100-1kpsi-registrador-de-referencia-nvision-rtd100-1000-psi\/#primaryimage"},"thumbnailUrl":"https:\/\/abaa.mx\/tienda\/wp-content\/uploads\/2023\/10\/EXTECH-MN26T.jpg","datePublished":"2023-10-20T17:12:56+00:00","dateModified":"2023-12-14T16:57:20+00:00","breadcrumb":{"@id":"https:\/\/abaa.mx\/tienda\/ametek-crystal-nv-4aa-rtd100-1kpsi-registrador-de-referencia-nvision-rtd100-1000-psi\/#breadcrumb"},"inLanguage":"es","potentialAction":[{"@type":"ReadAction","target":["https:\/\/abaa.mx\/tienda\/ametek-crystal-nv-4aa-rtd100-1kpsi-registrador-de-referencia-nvision-rtd100-1000-psi\/"]}]},{"@type":"ImageObject","inLanguage":"es","@id":"https:\/\/abaa.mx\/tienda\/ametek-crystal-nv-4aa-rtd100-1kpsi-registrador-de-referencia-nvision-rtd100-1000-psi\/#primaryimage","url":"https:\/\/abaa.mx\/tienda\/wp-content\/uploads\/2023\/10\/EXTECH-MN26T.jpg","contentUrl":"https:\/\/abaa.mx\/tienda\/wp-content\/uploads\/2023\/10\/EXTECH-MN26T.jpg","width":426,"height":454,"caption":"EXTECH-MN26T"},{"@type":"BreadcrumbList","@id":"https:\/\/abaa.mx\/tienda\/ametek-crystal-nv-4aa-rtd100-1kpsi-registrador-de-referencia-nvision-rtd100-1000-psi\/#breadcrumb","itemListElement":[{"@type":"ListItem","position":1,"name":"Inicio","item":"https:\/\/abaa.mx\/tienda\/"},{"@type":"ListItem","position":2,"name":"Tienda","item":"https:\/\/abaa.mx\/tienda\/"},{"@type":"ListItem","position":3,"name":"Mn26t \u2014 mult\u00edmetro minitec autorango, 4000 conteos, ca-cd, cap, freq, temp, cont, diodos"}]},{"@type":"WebSite","@id":"https:\/\/abaa.mx\/tienda\/#website","url":"https:\/\/abaa.mx\/tienda\/","name":"Abaa tienda online","description":"Instrumentos de medici\u00f3n","publisher":{"@id":"https:\/\/abaa.mx\/tienda\/#organization"},"potentialAction":[{"@type":"SearchAction","target":{"@type":"EntryPoint","urlTemplate":"https:\/\/abaa.mx\/tienda\/?s={search_term_string}"},"query-input":{"@type":"PropertyValueSpecification","valueRequired":true,"valueName":"search_term_string"}}],"inLanguage":"es"},{"@type":"Organization","@id":"https:\/\/abaa.mx\/tienda\/#organization","name":"Abaa tienda online","url":"https:\/\/abaa.mx\/tienda\/","logo":{"@type":"ImageObject","inLanguage":"es","@id":"https:\/\/abaa.mx\/tienda\/#\/schema\/logo\/image\/","url":"https:\/\/abaa.mx\/tienda\/wp-content\/uploads\/2024\/01\/abaa-metrologia-tienda.png","contentUrl":"https:\/\/abaa.mx\/tienda\/wp-content\/uploads\/2024\/01\/abaa-metrologia-tienda.png","width":300,"height":141,"caption":"Abaa tienda online"},"image":{"@id":"https:\/\/abaa.mx\/tienda\/#\/schema\/logo\/image\/"}}]}},"_links":{"self":[{"href":"https:\/\/abaa.mx\/tienda\/wp-json\/wp\/v2\/product\/7063","targetHints":{"allow":["GET"]}}],"collection":[{"href":"https:\/\/abaa.mx\/tienda\/wp-json\/wp\/v2\/product"}],"about":[{"href":"https:\/\/abaa.mx\/tienda\/wp-json\/wp\/v2\/types\/product"}],"replies":[{"embeddable":true,"href":"https:\/\/abaa.mx\/tienda\/wp-json\/wp\/v2\/comments?post=7063"}],"wp:featuredmedia":[{"embeddable":true,"href":"https:\/\/abaa.mx\/tienda\/wp-json\/wp\/v2\/media\/9870"}],"wp:attachment":[{"href":"https:\/\/abaa.mx\/tienda\/wp-json\/wp\/v2\/media?parent=7063"}],"wp:term":[{"taxonomy":"product_brand","embeddable":true,"href":"https:\/\/abaa.mx\/tienda\/wp-json\/wp\/v2\/product_brand?post=7063"},{"taxonomy":"product_cat","embeddable":true,"href":"https:\/\/abaa.mx\/tienda\/wp-json\/wp\/v2\/product_cat?post=7063"},{"taxonomy":"product_tag","embeddable":true,"href":"https:\/\/abaa.mx\/tienda\/wp-json\/wp\/v2\/product_tag?post=7063"}],"curies":[{"name":"wp","href":"https:\/\/api.w.org\/{rel}","templated":true}]}}