{"id":7060,"date":"2023-10-20T17:03:51","date_gmt":"2023-10-20T17:03:51","guid":{"rendered":"https:\/\/abaa.mx\/tienda\/?post_type=product&#038;p=7060"},"modified":"2024-01-03T17:00:11","modified_gmt":"2024-01-03T17:00:11","slug":"ametek-crystal-nv-4aa-30psi-30psi-baro-nvision-registrador-de-referencia-con-modulo-baro-30-psi","status":"publish","type":"product","link":"https:\/\/abaa.mx\/tienda\/ametek-crystal-nv-4aa-30psi-30psi-baro-nvision-registrador-de-referencia-con-modulo-baro-30-psi\/","title":{"rendered":"Ex365 &#8211; multimetro industrial rms 1ma 10a, ac-dc"},"content":{"rendered":"<p>Ex365 &#8211; multimetro industrial rms 1ma 10a, ac-dc.<\/p>\n","protected":false},"excerpt":{"rendered":"<h3>Caracter\u00edsticas:<\/h3>\n<ul id=\"features\">\n<li>Ideal para aplicaciones industriales \/ comerciales.<\/li>\n<li>Verdadero valor eficaz para mediciones de CA precisas.<\/li>\n<li>Pantalla retroiluminada LED blanca de 6000 cuentas.<\/li>\n<li>Las funciones incluyen: NCV, voltaje CA \/ CC, corriente CA \/ CC, resistencia, capacitancia, frecuencia, prueba de diodos, continuidad.<\/li>\n<li>Gr\u00e1fico de barras anal\u00f3gico r\u00e1pido de 60 segmentos para ver tendencias.<\/li>\n<li>LoZ evita lecturas falsas causadas por voltajes fantasma.<\/li>\n<li>Detector de voltaje de CA sin contacto (NCV) integrado con rangos altos \/ bajos e indicador LED.<\/li>\n<li>Retenci\u00f3n de datos inteligente, retenci\u00f3n de picos, apagado autom\u00e1tico.<\/li>\n<li>Completo con cables de prueba, bater\u00eda de 9 V, funda con soporte inclinable e im\u00e1n incorporado.<\/li>\n<\/ul>\n","protected":false},"featured_media":9887,"comment_status":"open","ping_status":"closed","template":"","meta":{"_joinchat":[]},"product_brand":[],"product_cat":[15],"product_tag":[],"class_list":{"0":"post-7060","1":"product","2":"type-product","3":"status-publish","4":"has-post-thumbnail","6":"product_cat-sin-categorizar","8":"first","9":"instock","10":"shipping-taxable","11":"product-type-simple"},"yoast_head":"<!-- This site is optimized with the Yoast SEO plugin v26.4 - https:\/\/yoast.com\/wordpress\/plugins\/seo\/ -->\n<title>Ex365 - multimetro industrial rms 1ma 10a, ac-dc - Abaa tienda online<\/title>\n<meta name=\"robots\" content=\"index, follow, max-snippet:-1, max-image-preview:large, max-video-preview:-1\" \/>\n<link rel=\"canonical\" href=\"https:\/\/abaa.mx\/tienda\/ametek-crystal-nv-4aa-30psi-30psi-baro-nvision-registrador-de-referencia-con-modulo-baro-30-psi\/\" \/>\n<meta property=\"og:locale\" content=\"es_MX\" \/>\n<meta property=\"og:type\" content=\"article\" \/>\n<meta property=\"og:title\" content=\"Ex365 - multimetro industrial rms 1ma 10a, ac-dc - Abaa tienda online\" \/>\n<meta property=\"og:description\" content=\"Caracter\u00edsticas:   Ideal para aplicaciones industriales \/ comerciales.  Verdadero valor eficaz para mediciones de CA precisas.  Pantalla retroiluminada LED blanca de 6000 cuentas.  Las funciones incluyen: NCV, voltaje CA \/ CC, corriente CA \/ CC, resistencia, capacitancia, frecuencia, prueba de diodos, continuidad.  Gr\u00e1fico de barras anal\u00f3gico r\u00e1pido de 60 segmentos para ver tendencias.  LoZ evita lecturas falsas causadas por voltajes fantasma.  Detector de voltaje de CA sin contacto (NCV) integrado con rangos altos \/ bajos e indicador LED.  Retenci\u00f3n de datos inteligente, retenci\u00f3n de picos, apagado autom\u00e1tico.  Completo con cables de prueba, bater\u00eda de 9 V, funda con soporte inclinable e im\u00e1n incorporado.\" \/>\n<meta property=\"og:url\" content=\"https:\/\/abaa.mx\/tienda\/ametek-crystal-nv-4aa-30psi-30psi-baro-nvision-registrador-de-referencia-con-modulo-baro-30-psi\/\" \/>\n<meta property=\"og:site_name\" content=\"Abaa tienda online\" \/>\n<meta property=\"article:modified_time\" content=\"2024-01-03T17:00:11+00:00\" \/>\n<meta property=\"og:image\" content=\"https:\/\/abaa.mx\/tienda\/wp-content\/uploads\/2023\/10\/EXTECH-EX365.jpg\" \/>\n\t<meta property=\"og:image:width\" content=\"369\" \/>\n\t<meta property=\"og:image:height\" content=\"576\" \/>\n\t<meta property=\"og:image:type\" content=\"image\/jpeg\" \/>\n<meta name=\"twitter:card\" content=\"summary_large_image\" \/>\n<meta name=\"twitter:label1\" content=\"Tiempo de lectura\" \/>\n\t<meta name=\"twitter:data1\" content=\"1 minuto\" \/>\n<script type=\"application\/ld+json\" class=\"yoast-schema-graph\">{\"@context\":\"https:\/\/schema.org\",\"@graph\":[{\"@type\":\"WebPage\",\"@id\":\"https:\/\/abaa.mx\/tienda\/ametek-crystal-nv-4aa-30psi-30psi-baro-nvision-registrador-de-referencia-con-modulo-baro-30-psi\/\",\"url\":\"https:\/\/abaa.mx\/tienda\/ametek-crystal-nv-4aa-30psi-30psi-baro-nvision-registrador-de-referencia-con-modulo-baro-30-psi\/\",\"name\":\"Ex365 - multimetro industrial rms 1ma 10a, ac-dc - Abaa tienda online\",\"isPartOf\":{\"@id\":\"https:\/\/abaa.mx\/tienda\/#website\"},\"primaryImageOfPage\":{\"@id\":\"https:\/\/abaa.mx\/tienda\/ametek-crystal-nv-4aa-30psi-30psi-baro-nvision-registrador-de-referencia-con-modulo-baro-30-psi\/#primaryimage\"},\"image\":{\"@id\":\"https:\/\/abaa.mx\/tienda\/ametek-crystal-nv-4aa-30psi-30psi-baro-nvision-registrador-de-referencia-con-modulo-baro-30-psi\/#primaryimage\"},\"thumbnailUrl\":\"https:\/\/abaa.mx\/tienda\/wp-content\/uploads\/2023\/10\/EXTECH-EX365.jpg\",\"datePublished\":\"2023-10-20T17:03:51+00:00\",\"dateModified\":\"2024-01-03T17:00:11+00:00\",\"breadcrumb\":{\"@id\":\"https:\/\/abaa.mx\/tienda\/ametek-crystal-nv-4aa-30psi-30psi-baro-nvision-registrador-de-referencia-con-modulo-baro-30-psi\/#breadcrumb\"},\"inLanguage\":\"es\",\"potentialAction\":[{\"@type\":\"ReadAction\",\"target\":[\"https:\/\/abaa.mx\/tienda\/ametek-crystal-nv-4aa-30psi-30psi-baro-nvision-registrador-de-referencia-con-modulo-baro-30-psi\/\"]}]},{\"@type\":\"ImageObject\",\"inLanguage\":\"es\",\"@id\":\"https:\/\/abaa.mx\/tienda\/ametek-crystal-nv-4aa-30psi-30psi-baro-nvision-registrador-de-referencia-con-modulo-baro-30-psi\/#primaryimage\",\"url\":\"https:\/\/abaa.mx\/tienda\/wp-content\/uploads\/2023\/10\/EXTECH-EX365.jpg\",\"contentUrl\":\"https:\/\/abaa.mx\/tienda\/wp-content\/uploads\/2023\/10\/EXTECH-EX365.jpg\",\"width\":369,\"height\":576,\"caption\":\"EXTECH-EX365\"},{\"@type\":\"BreadcrumbList\",\"@id\":\"https:\/\/abaa.mx\/tienda\/ametek-crystal-nv-4aa-30psi-30psi-baro-nvision-registrador-de-referencia-con-modulo-baro-30-psi\/#breadcrumb\",\"itemListElement\":[{\"@type\":\"ListItem\",\"position\":1,\"name\":\"Inicio\",\"item\":\"https:\/\/abaa.mx\/tienda\/\"},{\"@type\":\"ListItem\",\"position\":2,\"name\":\"Tienda\",\"item\":\"https:\/\/abaa.mx\/tienda\/\"},{\"@type\":\"ListItem\",\"position\":3,\"name\":\"Ex365 &#8211; multimetro industrial rms 1ma 10a, ac-dc\"}]},{\"@type\":\"WebSite\",\"@id\":\"https:\/\/abaa.mx\/tienda\/#website\",\"url\":\"https:\/\/abaa.mx\/tienda\/\",\"name\":\"Abaa tienda online\",\"description\":\"Instrumentos de medici\u00f3n\",\"publisher\":{\"@id\":\"https:\/\/abaa.mx\/tienda\/#organization\"},\"potentialAction\":[{\"@type\":\"SearchAction\",\"target\":{\"@type\":\"EntryPoint\",\"urlTemplate\":\"https:\/\/abaa.mx\/tienda\/?s={search_term_string}\"},\"query-input\":{\"@type\":\"PropertyValueSpecification\",\"valueRequired\":true,\"valueName\":\"search_term_string\"}}],\"inLanguage\":\"es\"},{\"@type\":\"Organization\",\"@id\":\"https:\/\/abaa.mx\/tienda\/#organization\",\"name\":\"Abaa tienda online\",\"url\":\"https:\/\/abaa.mx\/tienda\/\",\"logo\":{\"@type\":\"ImageObject\",\"inLanguage\":\"es\",\"@id\":\"https:\/\/abaa.mx\/tienda\/#\/schema\/logo\/image\/\",\"url\":\"https:\/\/abaa.mx\/tienda\/wp-content\/uploads\/2024\/01\/abaa-metrologia-tienda.png\",\"contentUrl\":\"https:\/\/abaa.mx\/tienda\/wp-content\/uploads\/2024\/01\/abaa-metrologia-tienda.png\",\"width\":300,\"height\":141,\"caption\":\"Abaa tienda online\"},\"image\":{\"@id\":\"https:\/\/abaa.mx\/tienda\/#\/schema\/logo\/image\/\"}}]}<\/script>\n<!-- \/ Yoast SEO plugin. -->","yoast_head_json":{"title":"Ex365 - multimetro industrial rms 1ma 10a, ac-dc - Abaa tienda online","robots":{"index":"index","follow":"follow","max-snippet":"max-snippet:-1","max-image-preview":"max-image-preview:large","max-video-preview":"max-video-preview:-1"},"canonical":"https:\/\/abaa.mx\/tienda\/ametek-crystal-nv-4aa-30psi-30psi-baro-nvision-registrador-de-referencia-con-modulo-baro-30-psi\/","og_locale":"es_MX","og_type":"article","og_title":"Ex365 - multimetro industrial rms 1ma 10a, ac-dc - Abaa tienda online","og_description":"Caracter\u00edsticas:   Ideal para aplicaciones industriales \/ comerciales.  Verdadero valor eficaz para mediciones de CA precisas.  Pantalla retroiluminada LED blanca de 6000 cuentas.  Las funciones incluyen: NCV, voltaje CA \/ CC, corriente CA \/ CC, resistencia, capacitancia, frecuencia, prueba de diodos, continuidad.  Gr\u00e1fico de barras anal\u00f3gico r\u00e1pido de 60 segmentos para ver tendencias.  LoZ evita lecturas falsas causadas por voltajes fantasma.  Detector de voltaje de CA sin contacto (NCV) integrado con rangos altos \/ bajos e indicador LED.  Retenci\u00f3n de datos inteligente, retenci\u00f3n de picos, apagado autom\u00e1tico.  Completo con cables de prueba, bater\u00eda de 9 V, funda con soporte inclinable e im\u00e1n incorporado.","og_url":"https:\/\/abaa.mx\/tienda\/ametek-crystal-nv-4aa-30psi-30psi-baro-nvision-registrador-de-referencia-con-modulo-baro-30-psi\/","og_site_name":"Abaa tienda online","article_modified_time":"2024-01-03T17:00:11+00:00","og_image":[{"width":369,"height":576,"url":"https:\/\/abaa.mx\/tienda\/wp-content\/uploads\/2023\/10\/EXTECH-EX365.jpg","type":"image\/jpeg"}],"twitter_card":"summary_large_image","twitter_misc":{"Tiempo de lectura":"1 minuto"},"schema":{"@context":"https:\/\/schema.org","@graph":[{"@type":"WebPage","@id":"https:\/\/abaa.mx\/tienda\/ametek-crystal-nv-4aa-30psi-30psi-baro-nvision-registrador-de-referencia-con-modulo-baro-30-psi\/","url":"https:\/\/abaa.mx\/tienda\/ametek-crystal-nv-4aa-30psi-30psi-baro-nvision-registrador-de-referencia-con-modulo-baro-30-psi\/","name":"Ex365 - multimetro industrial rms 1ma 10a, ac-dc - Abaa tienda online","isPartOf":{"@id":"https:\/\/abaa.mx\/tienda\/#website"},"primaryImageOfPage":{"@id":"https:\/\/abaa.mx\/tienda\/ametek-crystal-nv-4aa-30psi-30psi-baro-nvision-registrador-de-referencia-con-modulo-baro-30-psi\/#primaryimage"},"image":{"@id":"https:\/\/abaa.mx\/tienda\/ametek-crystal-nv-4aa-30psi-30psi-baro-nvision-registrador-de-referencia-con-modulo-baro-30-psi\/#primaryimage"},"thumbnailUrl":"https:\/\/abaa.mx\/tienda\/wp-content\/uploads\/2023\/10\/EXTECH-EX365.jpg","datePublished":"2023-10-20T17:03:51+00:00","dateModified":"2024-01-03T17:00:11+00:00","breadcrumb":{"@id":"https:\/\/abaa.mx\/tienda\/ametek-crystal-nv-4aa-30psi-30psi-baro-nvision-registrador-de-referencia-con-modulo-baro-30-psi\/#breadcrumb"},"inLanguage":"es","potentialAction":[{"@type":"ReadAction","target":["https:\/\/abaa.mx\/tienda\/ametek-crystal-nv-4aa-30psi-30psi-baro-nvision-registrador-de-referencia-con-modulo-baro-30-psi\/"]}]},{"@type":"ImageObject","inLanguage":"es","@id":"https:\/\/abaa.mx\/tienda\/ametek-crystal-nv-4aa-30psi-30psi-baro-nvision-registrador-de-referencia-con-modulo-baro-30-psi\/#primaryimage","url":"https:\/\/abaa.mx\/tienda\/wp-content\/uploads\/2023\/10\/EXTECH-EX365.jpg","contentUrl":"https:\/\/abaa.mx\/tienda\/wp-content\/uploads\/2023\/10\/EXTECH-EX365.jpg","width":369,"height":576,"caption":"EXTECH-EX365"},{"@type":"BreadcrumbList","@id":"https:\/\/abaa.mx\/tienda\/ametek-crystal-nv-4aa-30psi-30psi-baro-nvision-registrador-de-referencia-con-modulo-baro-30-psi\/#breadcrumb","itemListElement":[{"@type":"ListItem","position":1,"name":"Inicio","item":"https:\/\/abaa.mx\/tienda\/"},{"@type":"ListItem","position":2,"name":"Tienda","item":"https:\/\/abaa.mx\/tienda\/"},{"@type":"ListItem","position":3,"name":"Ex365 &#8211; multimetro industrial rms 1ma 10a, ac-dc"}]},{"@type":"WebSite","@id":"https:\/\/abaa.mx\/tienda\/#website","url":"https:\/\/abaa.mx\/tienda\/","name":"Abaa tienda online","description":"Instrumentos de medici\u00f3n","publisher":{"@id":"https:\/\/abaa.mx\/tienda\/#organization"},"potentialAction":[{"@type":"SearchAction","target":{"@type":"EntryPoint","urlTemplate":"https:\/\/abaa.mx\/tienda\/?s={search_term_string}"},"query-input":{"@type":"PropertyValueSpecification","valueRequired":true,"valueName":"search_term_string"}}],"inLanguage":"es"},{"@type":"Organization","@id":"https:\/\/abaa.mx\/tienda\/#organization","name":"Abaa tienda online","url":"https:\/\/abaa.mx\/tienda\/","logo":{"@type":"ImageObject","inLanguage":"es","@id":"https:\/\/abaa.mx\/tienda\/#\/schema\/logo\/image\/","url":"https:\/\/abaa.mx\/tienda\/wp-content\/uploads\/2024\/01\/abaa-metrologia-tienda.png","contentUrl":"https:\/\/abaa.mx\/tienda\/wp-content\/uploads\/2024\/01\/abaa-metrologia-tienda.png","width":300,"height":141,"caption":"Abaa tienda online"},"image":{"@id":"https:\/\/abaa.mx\/tienda\/#\/schema\/logo\/image\/"}}]}},"_links":{"self":[{"href":"https:\/\/abaa.mx\/tienda\/wp-json\/wp\/v2\/product\/7060","targetHints":{"allow":["GET"]}}],"collection":[{"href":"https:\/\/abaa.mx\/tienda\/wp-json\/wp\/v2\/product"}],"about":[{"href":"https:\/\/abaa.mx\/tienda\/wp-json\/wp\/v2\/types\/product"}],"replies":[{"embeddable":true,"href":"https:\/\/abaa.mx\/tienda\/wp-json\/wp\/v2\/comments?post=7060"}],"wp:featuredmedia":[{"embeddable":true,"href":"https:\/\/abaa.mx\/tienda\/wp-json\/wp\/v2\/media\/9887"}],"wp:attachment":[{"href":"https:\/\/abaa.mx\/tienda\/wp-json\/wp\/v2\/media?parent=7060"}],"wp:term":[{"taxonomy":"product_brand","embeddable":true,"href":"https:\/\/abaa.mx\/tienda\/wp-json\/wp\/v2\/product_brand?post=7060"},{"taxonomy":"product_cat","embeddable":true,"href":"https:\/\/abaa.mx\/tienda\/wp-json\/wp\/v2\/product_cat?post=7060"},{"taxonomy":"product_tag","embeddable":true,"href":"https:\/\/abaa.mx\/tienda\/wp-json\/wp\/v2\/product_tag?post=7060"}],"curies":[{"name":"wp","href":"https:\/\/api.w.org\/{rel}","templated":true}]}}