{"id":7053,"date":"2023-10-20T16:07:54","date_gmt":"2023-10-20T16:07:54","guid":{"rendered":"https:\/\/abaa.mx\/tienda\/?post_type=product&#038;p=7053"},"modified":"2023-10-20T16:07:54","modified_gmt":"2023-10-20T16:07:54","slug":"manometro-diferencial-de-la-serie-ametek-crystal-xp2i-dp","status":"publish","type":"product","link":"https:\/\/abaa.mx\/tienda\/manometro-diferencial-de-la-serie-ametek-crystal-xp2i-dp\/","title":{"rendered":"man\u00f3metro diferencial de la serie ametek crystal xp2i-dp"},"content":{"rendered":"<div class=\"row-fluid\">\n<div class=\"span12\">\n<div class=\"row-fluid\">\n<div class=\"span10\">\n<div class=\"mhide ipad-view-setting\">\n<div class=\"row-fluid ProductTabs\">\n<div class=\"span12\">\n<div class=\"tab-content\">\n<div id=\"tab0\" class=\"product-tabs tab-pane  active\">\n<p><strong>Funciones<\/strong><\/p>\n<ul>\n<li>Medici\u00f3n de vac\u00edo de alta precisi\u00f3n y larga duraci\u00f3n<\/li>\n<li>0,1% de la lectura del transductor diferencial h\u00famedo\/h\u00famedo<\/li>\n<li>Personalizable para montaje en panel o configuraciones port\u00e1tiles<\/li>\n<li>Definici\u00f3n de unidades de presi\u00f3n personalizadas<\/li>\n<li>La carcasa de grado marino resiste la corrosi\u00f3n<\/li>\n<\/ul>\n<p><strong>Aplicaciones<\/strong><\/p>\n<ul>\n<li>Instalaci\u00f3n de filtros, placas de oficinas y v\u00e1lvulas<\/li>\n<li>Uso de vac\u00edo a largo plazo<\/li>\n<\/ul>\n<h4>Especificaciones de la serie Crystal Pressure XP2i-DP<\/h4>\n<table class=\"table table-striped\">\n<tbody>\n<tr>\n<td colspan=\"2\"><strong>Precisi\u00f3n de la presi\u00f3n diferencial<\/strong><\/td>\n<\/tr>\n<tr>\n<td>De 0 a 20% del alcance<\/td>\n<td>\u00b1 (0,02 % de la escala completa + efecto de l\u00ednea est\u00e1tica<\/td>\n<\/tr>\n<tr>\n<td>Del 20 al 110 % del alcance<\/td>\n<td>\u00b1(0,1% de la lectura + efecto de l\u00ednea est\u00e1tica<\/td>\n<\/tr>\n<tr>\n<td colspan=\"2\"><strong>Temperatura<\/strong><\/td>\n<\/tr>\n<tr>\n<td>Operativo<\/td>\n<td>De -10 a 50 \u00b0C (de 14 a 122 \u00b0F)<\/td>\n<\/tr>\n<tr>\n<td>Almacenamiento<\/td>\n<td>-40 a 167 \u00b0F (-40 a 75 \u00b0C)<\/td>\n<\/tr>\n<tr>\n<td colspan=\"2\"><strong>Monitor<\/strong><\/td>\n<\/tr>\n<tr>\n<td>Pantalla<\/td>\n<td>5,5 d\u00edgitos, 0,67&#8243; (16,9 mm) de altura<\/td>\n<\/tr>\n<tr>\n<td>Velocidad de visualizaci\u00f3n<\/td>\n<td>4 lecturas\/segundo (est\u00e1ndar) 8 lecturas\/segundo (modo PSV)<\/td>\n<\/tr>\n<tr>\n<td colspan=\"2\"><strong>Datos y comunicaci\u00f3n<\/strong><\/td>\n<\/tr>\n<tr>\n<td>Capacidad<\/td>\n<td>32.000 puntos de datos<\/td>\n<\/tr>\n<tr>\n<td>Tipo de almacenamiento<\/td>\n<td>Memoria flash no vol\u00e1til<\/td>\n<\/tr>\n<tr>\n<td>Intervalo m\u00ednimo<\/td>\n<td>1 segundo<\/td>\n<\/tr>\n<tr>\n<td>Intervalo m\u00e1ximo<\/td>\n<td>18 horas<\/td>\n<\/tr>\n<tr>\n<td>Duraci\u00f3n m\u00ednima del evento<\/td>\n<td>250 mS<\/td>\n<\/tr>\n<tr>\n<td colspan=\"2\"><strong>Sensor<\/strong><\/td>\n<\/tr>\n<tr>\n<td>Materiales humedecidos<\/td>\n<td>Serie 300 de acero<br \/>\ninoxidable y Buna-N (junta t\u00f3rica interna)<\/td>\n<\/tr>\n<tr>\n<td>Fluido de sellado de diafragma<\/td>\n<td>Dow Corning\u00ae 200<\/td>\n<\/tr>\n<tr>\n<td>Conexi\u00f3n<\/td>\n<td>NPT hembra de 1\/8&#8243;<\/td>\n<\/tr>\n<tr>\n<td>Presi\u00f3n m\u00e1xima de la l\u00ednea est\u00e1tica<\/td>\n<td>100 psi<\/td>\n<\/tr>\n<tr>\n<td colspan=\"2\"><strong>Especificaciones generales<\/strong><\/td>\n<\/tr>\n<tr>\n<td>Bater\u00eda<\/td>\n<td>3 x AA: 1500 horas, t\u00edpico Potencia ultrabaja: &gt;1 a\u00f1o, t\u00edpico<\/td>\n<\/tr>\n<tr>\n<td>Teclados y etiquetas<\/td>\n<td>Poli\u00e9ster resistente a los rayos UV<\/td>\n<\/tr>\n<tr>\n<td>Vivienda<\/td>\n<td>Aluminio fundido a presi\u00f3n<\/td>\n<\/tr>\n<tr>\n<td>Clasificaci\u00f3n<\/td>\n<td>IP67<\/td>\n<\/tr>\n<tr>\n<td>Peso<\/td>\n<td>915 g (2 libras)<\/td>\n<\/tr>\n<\/tbody>\n<\/table>\n<\/div>\n<\/div>\n<\/div>\n<\/div>\n<\/div>\n<\/div>\n<\/div>\n<\/div>\n<\/div>\n","protected":false},"excerpt":{"rendered":"<p class=\"short-description mhide ipad-view-setting\">Completo con un dise\u00f1o resistente, este man\u00f3metro diferencial intr\u00ednsecamente seguro ofrece una precisi\u00f3n de lectura del 0,1 % y es capaz de realizar mediciones continuas de vac\u00edo.<\/p>\n<p class=\"comment-tag-product\">\n<div class=\"row-fluid\">\n<div class=\"span12 mobile-pricing-box-padding\"><\/div>\n<\/div>\n","protected":false},"featured_media":7055,"comment_status":"open","ping_status":"closed","template":"","meta":{"_joinchat":[]},"product_brand":[],"product_cat":[15],"product_tag":[],"class_list":{"0":"post-7053","1":"product","2":"type-product","3":"status-publish","4":"has-post-thumbnail","6":"product_cat-sin-categorizar","8":"first","9":"instock","10":"shipping-taxable","11":"product-type-simple"},"yoast_head":"<!-- This site is optimized with the Yoast SEO plugin v26.4 - https:\/\/yoast.com\/wordpress\/plugins\/seo\/ -->\n<title>man\u00f3metro diferencial de la serie ametek crystal xp2i-dp - Abaa tienda online<\/title>\n<meta name=\"robots\" content=\"index, follow, max-snippet:-1, max-image-preview:large, max-video-preview:-1\" \/>\n<link rel=\"canonical\" href=\"https:\/\/abaa.mx\/tienda\/manometro-diferencial-de-la-serie-ametek-crystal-xp2i-dp\/\" \/>\n<meta property=\"og:locale\" content=\"es_MX\" \/>\n<meta property=\"og:type\" content=\"article\" \/>\n<meta property=\"og:title\" content=\"man\u00f3metro diferencial de la serie ametek crystal xp2i-dp - Abaa tienda online\" \/>\n<meta property=\"og:description\" content=\"Completo con un dise\u00f1o resistente, este man\u00f3metro diferencial intr\u00ednsecamente seguro ofrece una precisi\u00f3n de lectura del 0,1 % y es capaz de realizar mediciones continuas de vac\u00edo.\" \/>\n<meta property=\"og:url\" content=\"https:\/\/abaa.mx\/tienda\/manometro-diferencial-de-la-serie-ametek-crystal-xp2i-dp\/\" \/>\n<meta property=\"og:site_name\" content=\"Abaa tienda online\" \/>\n<meta property=\"og:image\" content=\"https:\/\/abaa.mx\/tienda\/wp-content\/uploads\/2023\/10\/Manometro-diferencial-de-la-serie-AMETEK-Crystal-XP2i-DP.jpg\" \/>\n\t<meta property=\"og:image:width\" content=\"270\" \/>\n\t<meta property=\"og:image:height\" content=\"335\" \/>\n\t<meta property=\"og:image:type\" content=\"image\/jpeg\" \/>\n<meta name=\"twitter:card\" content=\"summary_large_image\" \/>\n<meta name=\"twitter:label1\" content=\"Tiempo de lectura\" \/>\n\t<meta name=\"twitter:data1\" content=\"2 minutos\" \/>\n<script type=\"application\/ld+json\" class=\"yoast-schema-graph\">{\"@context\":\"https:\/\/schema.org\",\"@graph\":[{\"@type\":\"WebPage\",\"@id\":\"https:\/\/abaa.mx\/tienda\/manometro-diferencial-de-la-serie-ametek-crystal-xp2i-dp\/\",\"url\":\"https:\/\/abaa.mx\/tienda\/manometro-diferencial-de-la-serie-ametek-crystal-xp2i-dp\/\",\"name\":\"man\u00f3metro diferencial de la serie ametek crystal xp2i-dp - Abaa tienda online\",\"isPartOf\":{\"@id\":\"https:\/\/abaa.mx\/tienda\/#website\"},\"primaryImageOfPage\":{\"@id\":\"https:\/\/abaa.mx\/tienda\/manometro-diferencial-de-la-serie-ametek-crystal-xp2i-dp\/#primaryimage\"},\"image\":{\"@id\":\"https:\/\/abaa.mx\/tienda\/manometro-diferencial-de-la-serie-ametek-crystal-xp2i-dp\/#primaryimage\"},\"thumbnailUrl\":\"https:\/\/abaa.mx\/tienda\/wp-content\/uploads\/2023\/10\/Manometro-diferencial-de-la-serie-AMETEK-Crystal-XP2i-DP.jpg\",\"datePublished\":\"2023-10-20T16:07:54+00:00\",\"breadcrumb\":{\"@id\":\"https:\/\/abaa.mx\/tienda\/manometro-diferencial-de-la-serie-ametek-crystal-xp2i-dp\/#breadcrumb\"},\"inLanguage\":\"es\",\"potentialAction\":[{\"@type\":\"ReadAction\",\"target\":[\"https:\/\/abaa.mx\/tienda\/manometro-diferencial-de-la-serie-ametek-crystal-xp2i-dp\/\"]}]},{\"@type\":\"ImageObject\",\"inLanguage\":\"es\",\"@id\":\"https:\/\/abaa.mx\/tienda\/manometro-diferencial-de-la-serie-ametek-crystal-xp2i-dp\/#primaryimage\",\"url\":\"https:\/\/abaa.mx\/tienda\/wp-content\/uploads\/2023\/10\/Manometro-diferencial-de-la-serie-AMETEK-Crystal-XP2i-DP.jpg\",\"contentUrl\":\"https:\/\/abaa.mx\/tienda\/wp-content\/uploads\/2023\/10\/Manometro-diferencial-de-la-serie-AMETEK-Crystal-XP2i-DP.jpg\",\"width\":270,\"height\":335,\"caption\":\"Man\u00f3metro diferencial de la serie AMETEK Crystal XP2i-DP\"},{\"@type\":\"BreadcrumbList\",\"@id\":\"https:\/\/abaa.mx\/tienda\/manometro-diferencial-de-la-serie-ametek-crystal-xp2i-dp\/#breadcrumb\",\"itemListElement\":[{\"@type\":\"ListItem\",\"position\":1,\"name\":\"Inicio\",\"item\":\"https:\/\/abaa.mx\/tienda\/\"},{\"@type\":\"ListItem\",\"position\":2,\"name\":\"Tienda\",\"item\":\"https:\/\/abaa.mx\/tienda\/\"},{\"@type\":\"ListItem\",\"position\":3,\"name\":\"man\u00f3metro diferencial de la serie ametek crystal xp2i-dp\"}]},{\"@type\":\"WebSite\",\"@id\":\"https:\/\/abaa.mx\/tienda\/#website\",\"url\":\"https:\/\/abaa.mx\/tienda\/\",\"name\":\"Abaa tienda online\",\"description\":\"Instrumentos de medici\u00f3n\",\"publisher\":{\"@id\":\"https:\/\/abaa.mx\/tienda\/#organization\"},\"potentialAction\":[{\"@type\":\"SearchAction\",\"target\":{\"@type\":\"EntryPoint\",\"urlTemplate\":\"https:\/\/abaa.mx\/tienda\/?s={search_term_string}\"},\"query-input\":{\"@type\":\"PropertyValueSpecification\",\"valueRequired\":true,\"valueName\":\"search_term_string\"}}],\"inLanguage\":\"es\"},{\"@type\":\"Organization\",\"@id\":\"https:\/\/abaa.mx\/tienda\/#organization\",\"name\":\"Abaa tienda online\",\"url\":\"https:\/\/abaa.mx\/tienda\/\",\"logo\":{\"@type\":\"ImageObject\",\"inLanguage\":\"es\",\"@id\":\"https:\/\/abaa.mx\/tienda\/#\/schema\/logo\/image\/\",\"url\":\"https:\/\/abaa.mx\/tienda\/wp-content\/uploads\/2024\/01\/abaa-metrologia-tienda.png\",\"contentUrl\":\"https:\/\/abaa.mx\/tienda\/wp-content\/uploads\/2024\/01\/abaa-metrologia-tienda.png\",\"width\":300,\"height\":141,\"caption\":\"Abaa tienda online\"},\"image\":{\"@id\":\"https:\/\/abaa.mx\/tienda\/#\/schema\/logo\/image\/\"}}]}<\/script>\n<!-- \/ Yoast SEO plugin. -->","yoast_head_json":{"title":"man\u00f3metro diferencial de la serie ametek crystal xp2i-dp - Abaa tienda online","robots":{"index":"index","follow":"follow","max-snippet":"max-snippet:-1","max-image-preview":"max-image-preview:large","max-video-preview":"max-video-preview:-1"},"canonical":"https:\/\/abaa.mx\/tienda\/manometro-diferencial-de-la-serie-ametek-crystal-xp2i-dp\/","og_locale":"es_MX","og_type":"article","og_title":"man\u00f3metro diferencial de la serie ametek crystal xp2i-dp - Abaa tienda online","og_description":"Completo con un dise\u00f1o resistente, este man\u00f3metro diferencial intr\u00ednsecamente seguro ofrece una precisi\u00f3n de lectura del 0,1 % y es capaz de realizar mediciones continuas de vac\u00edo.","og_url":"https:\/\/abaa.mx\/tienda\/manometro-diferencial-de-la-serie-ametek-crystal-xp2i-dp\/","og_site_name":"Abaa tienda online","og_image":[{"width":270,"height":335,"url":"https:\/\/abaa.mx\/tienda\/wp-content\/uploads\/2023\/10\/Manometro-diferencial-de-la-serie-AMETEK-Crystal-XP2i-DP.jpg","type":"image\/jpeg"}],"twitter_card":"summary_large_image","twitter_misc":{"Tiempo de lectura":"2 minutos"},"schema":{"@context":"https:\/\/schema.org","@graph":[{"@type":"WebPage","@id":"https:\/\/abaa.mx\/tienda\/manometro-diferencial-de-la-serie-ametek-crystal-xp2i-dp\/","url":"https:\/\/abaa.mx\/tienda\/manometro-diferencial-de-la-serie-ametek-crystal-xp2i-dp\/","name":"man\u00f3metro diferencial de la serie ametek crystal xp2i-dp - Abaa tienda online","isPartOf":{"@id":"https:\/\/abaa.mx\/tienda\/#website"},"primaryImageOfPage":{"@id":"https:\/\/abaa.mx\/tienda\/manometro-diferencial-de-la-serie-ametek-crystal-xp2i-dp\/#primaryimage"},"image":{"@id":"https:\/\/abaa.mx\/tienda\/manometro-diferencial-de-la-serie-ametek-crystal-xp2i-dp\/#primaryimage"},"thumbnailUrl":"https:\/\/abaa.mx\/tienda\/wp-content\/uploads\/2023\/10\/Manometro-diferencial-de-la-serie-AMETEK-Crystal-XP2i-DP.jpg","datePublished":"2023-10-20T16:07:54+00:00","breadcrumb":{"@id":"https:\/\/abaa.mx\/tienda\/manometro-diferencial-de-la-serie-ametek-crystal-xp2i-dp\/#breadcrumb"},"inLanguage":"es","potentialAction":[{"@type":"ReadAction","target":["https:\/\/abaa.mx\/tienda\/manometro-diferencial-de-la-serie-ametek-crystal-xp2i-dp\/"]}]},{"@type":"ImageObject","inLanguage":"es","@id":"https:\/\/abaa.mx\/tienda\/manometro-diferencial-de-la-serie-ametek-crystal-xp2i-dp\/#primaryimage","url":"https:\/\/abaa.mx\/tienda\/wp-content\/uploads\/2023\/10\/Manometro-diferencial-de-la-serie-AMETEK-Crystal-XP2i-DP.jpg","contentUrl":"https:\/\/abaa.mx\/tienda\/wp-content\/uploads\/2023\/10\/Manometro-diferencial-de-la-serie-AMETEK-Crystal-XP2i-DP.jpg","width":270,"height":335,"caption":"Man\u00f3metro diferencial de la serie AMETEK Crystal XP2i-DP"},{"@type":"BreadcrumbList","@id":"https:\/\/abaa.mx\/tienda\/manometro-diferencial-de-la-serie-ametek-crystal-xp2i-dp\/#breadcrumb","itemListElement":[{"@type":"ListItem","position":1,"name":"Inicio","item":"https:\/\/abaa.mx\/tienda\/"},{"@type":"ListItem","position":2,"name":"Tienda","item":"https:\/\/abaa.mx\/tienda\/"},{"@type":"ListItem","position":3,"name":"man\u00f3metro diferencial de la serie ametek crystal xp2i-dp"}]},{"@type":"WebSite","@id":"https:\/\/abaa.mx\/tienda\/#website","url":"https:\/\/abaa.mx\/tienda\/","name":"Abaa tienda online","description":"Instrumentos de medici\u00f3n","publisher":{"@id":"https:\/\/abaa.mx\/tienda\/#organization"},"potentialAction":[{"@type":"SearchAction","target":{"@type":"EntryPoint","urlTemplate":"https:\/\/abaa.mx\/tienda\/?s={search_term_string}"},"query-input":{"@type":"PropertyValueSpecification","valueRequired":true,"valueName":"search_term_string"}}],"inLanguage":"es"},{"@type":"Organization","@id":"https:\/\/abaa.mx\/tienda\/#organization","name":"Abaa tienda online","url":"https:\/\/abaa.mx\/tienda\/","logo":{"@type":"ImageObject","inLanguage":"es","@id":"https:\/\/abaa.mx\/tienda\/#\/schema\/logo\/image\/","url":"https:\/\/abaa.mx\/tienda\/wp-content\/uploads\/2024\/01\/abaa-metrologia-tienda.png","contentUrl":"https:\/\/abaa.mx\/tienda\/wp-content\/uploads\/2024\/01\/abaa-metrologia-tienda.png","width":300,"height":141,"caption":"Abaa tienda online"},"image":{"@id":"https:\/\/abaa.mx\/tienda\/#\/schema\/logo\/image\/"}}]}},"_links":{"self":[{"href":"https:\/\/abaa.mx\/tienda\/wp-json\/wp\/v2\/product\/7053","targetHints":{"allow":["GET"]}}],"collection":[{"href":"https:\/\/abaa.mx\/tienda\/wp-json\/wp\/v2\/product"}],"about":[{"href":"https:\/\/abaa.mx\/tienda\/wp-json\/wp\/v2\/types\/product"}],"replies":[{"embeddable":true,"href":"https:\/\/abaa.mx\/tienda\/wp-json\/wp\/v2\/comments?post=7053"}],"wp:featuredmedia":[{"embeddable":true,"href":"https:\/\/abaa.mx\/tienda\/wp-json\/wp\/v2\/media\/7055"}],"wp:attachment":[{"href":"https:\/\/abaa.mx\/tienda\/wp-json\/wp\/v2\/media?parent=7053"}],"wp:term":[{"taxonomy":"product_brand","embeddable":true,"href":"https:\/\/abaa.mx\/tienda\/wp-json\/wp\/v2\/product_brand?post=7053"},{"taxonomy":"product_cat","embeddable":true,"href":"https:\/\/abaa.mx\/tienda\/wp-json\/wp\/v2\/product_cat?post=7053"},{"taxonomy":"product_tag","embeddable":true,"href":"https:\/\/abaa.mx\/tienda\/wp-json\/wp\/v2\/product_tag?post=7053"}],"curies":[{"name":"wp","href":"https:\/\/api.w.org\/{rel}","templated":true}]}}