{"id":7045,"date":"2023-10-20T16:04:49","date_gmt":"2023-10-20T16:04:49","guid":{"rendered":"https:\/\/abaa.mx\/tienda\/?post_type=product&#038;p=7045"},"modified":"2023-10-20T16:04:49","modified_gmt":"2023-10-20T16:04:49","slug":"manometro-digital-de-montaje-en-panel-de-la-serie-ametek-crystal-wt","status":"publish","type":"product","link":"https:\/\/abaa.mx\/tienda\/manometro-digital-de-montaje-en-panel-de-la-serie-ametek-crystal-wt\/","title":{"rendered":"man\u00f3metro digital de montaje en panel de la serie ametek crystal wt"},"content":{"rendered":"<p><strong>Funciones<\/strong><\/p>\n<ul>\n<li>0,1% de precisi\u00f3n de lectura<\/li>\n<li>Las bater\u00edas y las comunicaciones digitales son accesibles desde la parte frontal<\/li>\n<li>El robusto man\u00f3metro &#8220;Wally Box&#8221; puede soportar ca\u00eddas y sobrepresurizaci\u00f3n accidental<\/li>\n<li>Capacidad opcional de registro de datos de presi\u00f3n<\/li>\n<li>Elija entre las opciones de montaje en panel de 6&#8243; y 8,5&#8243;<\/li>\n<\/ul>\n<h4>Especificaciones de la serie Crystal Pressure WT<\/h4>\n<table class=\"table table-striped\">\n<tbody>\n<tr>\n<td colspan=\"2\"><strong>Exactitud<\/strong><\/td>\n<\/tr>\n<tr>\n<td>Del 20 al 100 % de la escala completa<\/td>\n<td>\u00b1(0,1% de la lectura)<\/td>\n<\/tr>\n<tr>\n<td>De 0 a 20 % de la escala completa<\/td>\n<td>\u00b1 (0,02% de la escala completa)<\/td>\n<\/tr>\n<tr>\n<td>Vac\u00edo (300 psi, 20 bar, 2000 kPa y man\u00f3metros inferiores)<\/td>\n<td>\u00b1(0,25% de la escala completa), donde F.S. = -14,5 psig, -1 bar, -100 kPa<\/td>\n<\/tr>\n<tr>\n<td colspan=\"2\"><strong>Temperatura<\/strong><\/td>\n<\/tr>\n<tr>\n<td>Operativo<\/td>\n<td>14 a 50 \u00b0C (-10 a 122 \u00b0F)<br \/>\nSin condensaci\u00f3n. No hay cambios en la precisi\u00f3n en el rango de temperatura de funcionamiento. El calibre debe ponerse a cero para lograr la especificaci\u00f3n nominal<\/td>\n<\/tr>\n<tr>\n<td>Almacenamiento<\/td>\n<td>De -40 a 167 \u00b0F<br \/>\nLa bater\u00eda debe retirarse si se almacena durante m\u00e1s de un mes<\/td>\n<\/tr>\n<tr>\n<td colspan=\"2\"><strong>Conversiones de presi\u00f3n<\/strong><\/td>\n<\/tr>\n<tr>\n<td>1 psi<\/td>\n<td>27.6806 pulgadas de columna de agua (agua a 4 \u00b0C [39.2 \u00b0F]) 27.7070 pulgadas de columna de agua (agua a 15.6 \u00b0C [60 \u00b0F]) 27.7292 pulgadas de columna de agua (agua a 20 \u00b0C [68 \u00b0F]) 2.03602 pulgadas de mercurio (mercurio a 0 \u00b0C [32 \u00b0F]) 51.7149 mil\u00edmetros de mercurio (mercurio a 0 \u00b0C [32 \u00b0F]) 703.087 mil\u00edmetros de columna de agua (agua a 4 \u00b0C [39.2 \u00b0F])<\/p>\n<p>0.070307 kilogramos por cent\u00edmetro<br \/>\ncuadrado 68.948 milibar<br \/>\n6.8948 kilopascales<br \/>\n0,068948 bar<br \/>\n0,006895 megapascales<\/td>\n<\/tr>\n<tr>\n<td colspan=\"2\"><strong>Sensor<\/strong><\/td>\n<\/tr>\n<tr>\n<td>Materiales humedecidos<\/td>\n<td>Acero inoxidable 316 (apret\u00f3n con llave) Acero inoxidable 316 y Viton (junta t\u00f3rica interna) (apretado con los dedos)<\/td>\n<\/tr>\n<tr>\n<td>L\u00edquido de sellado de diafragma<\/td>\n<td>Dow Corning 200<\/td>\n<\/tr>\n<tr>\n<td colspan=\"2\"><strong>Conexiones<\/strong><\/td>\n<\/tr>\n<tr>\n<td>Comunicaci\u00f3n<\/td>\n<td>DB-9, RS-232 (sellado ambientalmente)<\/td>\n<\/tr>\n<tr>\n<td>Conexi\u00f3n de presi\u00f3n<\/td>\n<td>NPT hembra de 1\/8&#8243;<\/td>\n<\/tr>\n<tr>\n<td colspan=\"2\"><strong>Monitor<\/strong><\/td>\n<\/tr>\n<tr>\n<td>Pantalla<\/td>\n<td>5.5 d\u00edgitos<\/td>\n<\/tr>\n<tr>\n<td>Velocidad de visualizaci\u00f3n<\/td>\n<td>4 lecturas\/segundo (est\u00e1ndar) 8 lecturas\/segundo (modo PSV)<\/td>\n<\/tr>\n<tr>\n<td>Altura de la pantalla num\u00e9rica<\/td>\n<td>0.67&amp;qupt; (16,9 mm) pantalla de una sola l\u00ednea. Pantalla LCD legible a la luz del sol con retroiluminaci\u00f3n brillante<\/td>\n<\/tr>\n<tr>\n<td colspan=\"2\"><strong>Especificaciones generales<\/strong><\/td>\n<\/tr>\n<tr>\n<td>Compatibilidad de medios<\/td>\n<td>L\u00edquidos y gases compatibles con acero inoxidable 316<\/td>\n<\/tr>\n<tr>\n<td>Teclados y etiquetas<\/td>\n<td>Poli\u00e9ster resistente a los rayos UV<\/td>\n<\/tr>\n<tr>\n<td>Vivienda<\/td>\n<td>Aluminio y acero inoxidable<\/td>\n<\/tr>\n<tr>\n<td>Bater\u00edas<\/td>\n<td>3 pilas AAA<\/td>\n<\/tr>\n<tr>\n<td>Duraci\u00f3n de la bater\u00eda<\/td>\n<td>500 horas t\u00edpicas (pila alcalina)<\/td>\n<\/tr>\n<tr>\n<td>Peso<\/td>\n<td>1,25 kg (2,7 libras)<\/td>\n<\/tr>\n<\/tbody>\n<\/table>\n","protected":false},"excerpt":{"rendered":"<p class=\"short-description mhide ipad-view-setting\">Dise\u00f1ado para replicar las dimensiones y las conexiones de presi\u00f3n de los man\u00f3metros de prueba comunes montados en cajas port\u00e1tiles, este reemplazo del man\u00f3metro Wally Box ofrece un 0,1% de precisi\u00f3n de lectura y capacidad de registro de datos opcional.<\/p>\n<p class=\"comment-tag-product\">\n<div class=\"row-fluid\">\n<div class=\"span12 mobile-pricing-box-padding\"><\/div>\n<\/div>\n","protected":false},"featured_media":7051,"comment_status":"open","ping_status":"closed","template":"","meta":{"_joinchat":[]},"product_brand":[],"product_cat":[15],"product_tag":[],"class_list":{"0":"post-7045","1":"product","2":"type-product","3":"status-publish","4":"has-post-thumbnail","6":"product_cat-sin-categorizar","8":"first","9":"instock","10":"shipping-taxable","11":"product-type-simple"},"yoast_head":"<!-- This site is optimized with the Yoast SEO plugin v26.4 - https:\/\/yoast.com\/wordpress\/plugins\/seo\/ -->\n<title>man\u00f3metro digital de montaje en panel de la serie ametek crystal wt - Abaa tienda online<\/title>\n<meta name=\"robots\" content=\"index, follow, max-snippet:-1, max-image-preview:large, max-video-preview:-1\" \/>\n<link rel=\"canonical\" href=\"https:\/\/abaa.mx\/tienda\/manometro-digital-de-montaje-en-panel-de-la-serie-ametek-crystal-wt\/\" \/>\n<meta property=\"og:locale\" content=\"es_MX\" \/>\n<meta property=\"og:type\" content=\"article\" \/>\n<meta property=\"og:title\" content=\"man\u00f3metro digital de montaje en panel de la serie ametek crystal wt - Abaa tienda online\" \/>\n<meta property=\"og:description\" content=\"Dise\u00f1ado para replicar las dimensiones y las conexiones de presi\u00f3n de los man\u00f3metros de prueba comunes montados en cajas port\u00e1tiles, este reemplazo del man\u00f3metro Wally Box ofrece un 0,1% de precisi\u00f3n de lectura y capacidad de registro de datos opcional.\" \/>\n<meta property=\"og:url\" content=\"https:\/\/abaa.mx\/tienda\/manometro-digital-de-montaje-en-panel-de-la-serie-ametek-crystal-wt\/\" \/>\n<meta property=\"og:site_name\" content=\"Abaa tienda online\" \/>\n<meta property=\"og:image\" content=\"https:\/\/abaa.mx\/tienda\/wp-content\/uploads\/2023\/10\/Manometro-digital-de-montaje-en-panel-de-la-serie-AMETEK-Crystal-WT.jpg\" \/>\n\t<meta property=\"og:image:width\" content=\"270\" \/>\n\t<meta property=\"og:image:height\" content=\"230\" \/>\n\t<meta property=\"og:image:type\" content=\"image\/jpeg\" \/>\n<meta name=\"twitter:card\" content=\"summary_large_image\" \/>\n<meta name=\"twitter:label1\" content=\"Tiempo de lectura\" \/>\n\t<meta name=\"twitter:data1\" content=\"2 minutos\" \/>\n<script type=\"application\/ld+json\" class=\"yoast-schema-graph\">{\"@context\":\"https:\/\/schema.org\",\"@graph\":[{\"@type\":\"WebPage\",\"@id\":\"https:\/\/abaa.mx\/tienda\/manometro-digital-de-montaje-en-panel-de-la-serie-ametek-crystal-wt\/\",\"url\":\"https:\/\/abaa.mx\/tienda\/manometro-digital-de-montaje-en-panel-de-la-serie-ametek-crystal-wt\/\",\"name\":\"man\u00f3metro digital de montaje en panel de la serie ametek crystal wt - Abaa tienda online\",\"isPartOf\":{\"@id\":\"https:\/\/abaa.mx\/tienda\/#website\"},\"primaryImageOfPage\":{\"@id\":\"https:\/\/abaa.mx\/tienda\/manometro-digital-de-montaje-en-panel-de-la-serie-ametek-crystal-wt\/#primaryimage\"},\"image\":{\"@id\":\"https:\/\/abaa.mx\/tienda\/manometro-digital-de-montaje-en-panel-de-la-serie-ametek-crystal-wt\/#primaryimage\"},\"thumbnailUrl\":\"https:\/\/abaa.mx\/tienda\/wp-content\/uploads\/2023\/10\/Manometro-digital-de-montaje-en-panel-de-la-serie-AMETEK-Crystal-WT.jpg\",\"datePublished\":\"2023-10-20T16:04:49+00:00\",\"breadcrumb\":{\"@id\":\"https:\/\/abaa.mx\/tienda\/manometro-digital-de-montaje-en-panel-de-la-serie-ametek-crystal-wt\/#breadcrumb\"},\"inLanguage\":\"es\",\"potentialAction\":[{\"@type\":\"ReadAction\",\"target\":[\"https:\/\/abaa.mx\/tienda\/manometro-digital-de-montaje-en-panel-de-la-serie-ametek-crystal-wt\/\"]}]},{\"@type\":\"ImageObject\",\"inLanguage\":\"es\",\"@id\":\"https:\/\/abaa.mx\/tienda\/manometro-digital-de-montaje-en-panel-de-la-serie-ametek-crystal-wt\/#primaryimage\",\"url\":\"https:\/\/abaa.mx\/tienda\/wp-content\/uploads\/2023\/10\/Manometro-digital-de-montaje-en-panel-de-la-serie-AMETEK-Crystal-WT.jpg\",\"contentUrl\":\"https:\/\/abaa.mx\/tienda\/wp-content\/uploads\/2023\/10\/Manometro-digital-de-montaje-en-panel-de-la-serie-AMETEK-Crystal-WT.jpg\",\"width\":270,\"height\":230,\"caption\":\"Man\u00f3metro digital de montaje en panel de la serie AMETEK Crystal WT\"},{\"@type\":\"BreadcrumbList\",\"@id\":\"https:\/\/abaa.mx\/tienda\/manometro-digital-de-montaje-en-panel-de-la-serie-ametek-crystal-wt\/#breadcrumb\",\"itemListElement\":[{\"@type\":\"ListItem\",\"position\":1,\"name\":\"Inicio\",\"item\":\"https:\/\/abaa.mx\/tienda\/\"},{\"@type\":\"ListItem\",\"position\":2,\"name\":\"Tienda\",\"item\":\"https:\/\/abaa.mx\/tienda\/\"},{\"@type\":\"ListItem\",\"position\":3,\"name\":\"man\u00f3metro digital de montaje en panel de la serie ametek crystal wt\"}]},{\"@type\":\"WebSite\",\"@id\":\"https:\/\/abaa.mx\/tienda\/#website\",\"url\":\"https:\/\/abaa.mx\/tienda\/\",\"name\":\"Abaa tienda online\",\"description\":\"Instrumentos de medici\u00f3n\",\"publisher\":{\"@id\":\"https:\/\/abaa.mx\/tienda\/#organization\"},\"potentialAction\":[{\"@type\":\"SearchAction\",\"target\":{\"@type\":\"EntryPoint\",\"urlTemplate\":\"https:\/\/abaa.mx\/tienda\/?s={search_term_string}\"},\"query-input\":{\"@type\":\"PropertyValueSpecification\",\"valueRequired\":true,\"valueName\":\"search_term_string\"}}],\"inLanguage\":\"es\"},{\"@type\":\"Organization\",\"@id\":\"https:\/\/abaa.mx\/tienda\/#organization\",\"name\":\"Abaa tienda online\",\"url\":\"https:\/\/abaa.mx\/tienda\/\",\"logo\":{\"@type\":\"ImageObject\",\"inLanguage\":\"es\",\"@id\":\"https:\/\/abaa.mx\/tienda\/#\/schema\/logo\/image\/\",\"url\":\"https:\/\/abaa.mx\/tienda\/wp-content\/uploads\/2024\/01\/abaa-metrologia-tienda.png\",\"contentUrl\":\"https:\/\/abaa.mx\/tienda\/wp-content\/uploads\/2024\/01\/abaa-metrologia-tienda.png\",\"width\":300,\"height\":141,\"caption\":\"Abaa tienda online\"},\"image\":{\"@id\":\"https:\/\/abaa.mx\/tienda\/#\/schema\/logo\/image\/\"}}]}<\/script>\n<!-- \/ Yoast SEO plugin. -->","yoast_head_json":{"title":"man\u00f3metro digital de montaje en panel de la serie ametek crystal wt - Abaa tienda online","robots":{"index":"index","follow":"follow","max-snippet":"max-snippet:-1","max-image-preview":"max-image-preview:large","max-video-preview":"max-video-preview:-1"},"canonical":"https:\/\/abaa.mx\/tienda\/manometro-digital-de-montaje-en-panel-de-la-serie-ametek-crystal-wt\/","og_locale":"es_MX","og_type":"article","og_title":"man\u00f3metro digital de montaje en panel de la serie ametek crystal wt - Abaa tienda online","og_description":"Dise\u00f1ado para replicar las dimensiones y las conexiones de presi\u00f3n de los man\u00f3metros de prueba comunes montados en cajas port\u00e1tiles, este reemplazo del man\u00f3metro Wally Box ofrece un 0,1% de precisi\u00f3n de lectura y capacidad de registro de datos opcional.","og_url":"https:\/\/abaa.mx\/tienda\/manometro-digital-de-montaje-en-panel-de-la-serie-ametek-crystal-wt\/","og_site_name":"Abaa tienda online","og_image":[{"width":270,"height":230,"url":"https:\/\/abaa.mx\/tienda\/wp-content\/uploads\/2023\/10\/Manometro-digital-de-montaje-en-panel-de-la-serie-AMETEK-Crystal-WT.jpg","type":"image\/jpeg"}],"twitter_card":"summary_large_image","twitter_misc":{"Tiempo de lectura":"2 minutos"},"schema":{"@context":"https:\/\/schema.org","@graph":[{"@type":"WebPage","@id":"https:\/\/abaa.mx\/tienda\/manometro-digital-de-montaje-en-panel-de-la-serie-ametek-crystal-wt\/","url":"https:\/\/abaa.mx\/tienda\/manometro-digital-de-montaje-en-panel-de-la-serie-ametek-crystal-wt\/","name":"man\u00f3metro digital de montaje en panel de la serie ametek crystal wt - Abaa tienda online","isPartOf":{"@id":"https:\/\/abaa.mx\/tienda\/#website"},"primaryImageOfPage":{"@id":"https:\/\/abaa.mx\/tienda\/manometro-digital-de-montaje-en-panel-de-la-serie-ametek-crystal-wt\/#primaryimage"},"image":{"@id":"https:\/\/abaa.mx\/tienda\/manometro-digital-de-montaje-en-panel-de-la-serie-ametek-crystal-wt\/#primaryimage"},"thumbnailUrl":"https:\/\/abaa.mx\/tienda\/wp-content\/uploads\/2023\/10\/Manometro-digital-de-montaje-en-panel-de-la-serie-AMETEK-Crystal-WT.jpg","datePublished":"2023-10-20T16:04:49+00:00","breadcrumb":{"@id":"https:\/\/abaa.mx\/tienda\/manometro-digital-de-montaje-en-panel-de-la-serie-ametek-crystal-wt\/#breadcrumb"},"inLanguage":"es","potentialAction":[{"@type":"ReadAction","target":["https:\/\/abaa.mx\/tienda\/manometro-digital-de-montaje-en-panel-de-la-serie-ametek-crystal-wt\/"]}]},{"@type":"ImageObject","inLanguage":"es","@id":"https:\/\/abaa.mx\/tienda\/manometro-digital-de-montaje-en-panel-de-la-serie-ametek-crystal-wt\/#primaryimage","url":"https:\/\/abaa.mx\/tienda\/wp-content\/uploads\/2023\/10\/Manometro-digital-de-montaje-en-panel-de-la-serie-AMETEK-Crystal-WT.jpg","contentUrl":"https:\/\/abaa.mx\/tienda\/wp-content\/uploads\/2023\/10\/Manometro-digital-de-montaje-en-panel-de-la-serie-AMETEK-Crystal-WT.jpg","width":270,"height":230,"caption":"Man\u00f3metro digital de montaje en panel de la serie AMETEK Crystal WT"},{"@type":"BreadcrumbList","@id":"https:\/\/abaa.mx\/tienda\/manometro-digital-de-montaje-en-panel-de-la-serie-ametek-crystal-wt\/#breadcrumb","itemListElement":[{"@type":"ListItem","position":1,"name":"Inicio","item":"https:\/\/abaa.mx\/tienda\/"},{"@type":"ListItem","position":2,"name":"Tienda","item":"https:\/\/abaa.mx\/tienda\/"},{"@type":"ListItem","position":3,"name":"man\u00f3metro digital de montaje en panel de la serie ametek crystal wt"}]},{"@type":"WebSite","@id":"https:\/\/abaa.mx\/tienda\/#website","url":"https:\/\/abaa.mx\/tienda\/","name":"Abaa tienda online","description":"Instrumentos de medici\u00f3n","publisher":{"@id":"https:\/\/abaa.mx\/tienda\/#organization"},"potentialAction":[{"@type":"SearchAction","target":{"@type":"EntryPoint","urlTemplate":"https:\/\/abaa.mx\/tienda\/?s={search_term_string}"},"query-input":{"@type":"PropertyValueSpecification","valueRequired":true,"valueName":"search_term_string"}}],"inLanguage":"es"},{"@type":"Organization","@id":"https:\/\/abaa.mx\/tienda\/#organization","name":"Abaa tienda online","url":"https:\/\/abaa.mx\/tienda\/","logo":{"@type":"ImageObject","inLanguage":"es","@id":"https:\/\/abaa.mx\/tienda\/#\/schema\/logo\/image\/","url":"https:\/\/abaa.mx\/tienda\/wp-content\/uploads\/2024\/01\/abaa-metrologia-tienda.png","contentUrl":"https:\/\/abaa.mx\/tienda\/wp-content\/uploads\/2024\/01\/abaa-metrologia-tienda.png","width":300,"height":141,"caption":"Abaa tienda online"},"image":{"@id":"https:\/\/abaa.mx\/tienda\/#\/schema\/logo\/image\/"}}]}},"_links":{"self":[{"href":"https:\/\/abaa.mx\/tienda\/wp-json\/wp\/v2\/product\/7045","targetHints":{"allow":["GET"]}}],"collection":[{"href":"https:\/\/abaa.mx\/tienda\/wp-json\/wp\/v2\/product"}],"about":[{"href":"https:\/\/abaa.mx\/tienda\/wp-json\/wp\/v2\/types\/product"}],"replies":[{"embeddable":true,"href":"https:\/\/abaa.mx\/tienda\/wp-json\/wp\/v2\/comments?post=7045"}],"wp:featuredmedia":[{"embeddable":true,"href":"https:\/\/abaa.mx\/tienda\/wp-json\/wp\/v2\/media\/7051"}],"wp:attachment":[{"href":"https:\/\/abaa.mx\/tienda\/wp-json\/wp\/v2\/media?parent=7045"}],"wp:term":[{"taxonomy":"product_brand","embeddable":true,"href":"https:\/\/abaa.mx\/tienda\/wp-json\/wp\/v2\/product_brand?post=7045"},{"taxonomy":"product_cat","embeddable":true,"href":"https:\/\/abaa.mx\/tienda\/wp-json\/wp\/v2\/product_cat?post=7045"},{"taxonomy":"product_tag","embeddable":true,"href":"https:\/\/abaa.mx\/tienda\/wp-json\/wp\/v2\/product_tag?post=7045"}],"curies":[{"name":"wp","href":"https:\/\/api.w.org\/{rel}","templated":true}]}}