{"id":7044,"date":"2023-10-20T16:01:45","date_gmt":"2023-10-20T16:01:45","guid":{"rendered":"https:\/\/abaa.mx\/tienda\/?post_type=product&#038;p=7044"},"modified":"2023-10-20T16:01:46","modified_gmt":"2023-10-20T16:01:46","slug":"manometro-digital-maritimo-de-la-serie-ametek-crystal-m1m","status":"publish","type":"product","link":"https:\/\/abaa.mx\/tienda\/manometro-digital-maritimo-de-la-serie-ametek-crystal-m1m\/","title":{"rendered":"Man\u00f3metro digital mar\u00edtimo de la serie ametek crystal m1m"},"content":{"rendered":"<p><strong>Funciones<\/strong><\/p>\n<ul>\n<li>Pantalla retroiluminada brillante<\/li>\n<li>N\u00fameros extragrandes f\u00e1ciles de leer<\/li>\n<li>Cambia el uso diario a un adaptador CPF reemplazable<\/li>\n<li>Intervalo de calibraci\u00f3n recomendado de 3 a\u00f1os<\/li>\n<\/ul>\n<h4>Especificaciones de la serie Crystal Pressure M1m<\/h4>\n<table class=\"table table-striped\">\n<tbody>\n<tr>\n<td colspan=\"2\"><strong>Exactitud<\/strong><\/td>\n<\/tr>\n<tr>\n<td>De 0 a 20% del alcance<\/td>\n<td>\u00b1(0.04% de la escala completa)<\/td>\n<\/tr>\n<tr>\n<td>Del 20 al 110 % del alcance<\/td>\n<td>\u00b1(0.2% de lectura)<\/td>\n<\/tr>\n<tr>\n<td>Vac\u00edo<\/td>\n<td>\u00b1 (0,25% de la escala completa)<\/td>\n<\/tr>\n<tr>\n<td colspan=\"2\"><strong>Sensor<\/strong><\/td>\n<\/tr>\n<tr>\n<td>Materiales humedecidos<\/td>\n<td>Acero inoxidable 316 (apret\u00f3n con llave),<br \/>\nacero inoxidable 316 (apretado con los dedos) y Viton\u00ae (junta t\u00f3rica interna)<\/td>\n<\/tr>\n<tr>\n<td>Fluido de sellado de diafragma<\/td>\n<td>Aceite de silicona<\/td>\n<\/tr>\n<tr>\n<td>Conexi\u00f3n<\/td>\n<td>Cristal CPF hembra<\/td>\n<\/tr>\n<tr>\n<td><\/td>\n<td colspan=\"2\"><strong>Temperatura<\/strong><\/td>\n<\/tr>\n<tr>\n<td>Operativo<\/td>\n<td>-40 a 167 \u00b0F (-40 a 75 \u00b0C)<\/td>\n<\/tr>\n<tr>\n<td>Almacenamiento<\/td>\n<td>De -10 a 50 \u00b0C (de 14 a 122 \u00b0F)<\/td>\n<\/tr>\n<tr>\n<td colspan=\"2\"><strong>Especificaciones generales<\/strong><\/td>\n<\/tr>\n<tr>\n<td>Bater\u00eda<\/td>\n<td>2 x AA, 900 horas t\u00edpicas<\/td>\n<\/tr>\n<tr>\n<td>Duraci\u00f3n prolongada de la bater\u00eda<\/td>\n<td>1 lectura\/15 segundos: 3000 horas 1 lectura\/30 segundos: 6000 horas 1 lectura\/60 segundos: 10.000 horas 1 lectura\/5 minutos: 25.000 horas 1 lectura\/10 minutos: 30.000 horas<\/td>\n<\/tr>\n<tr>\n<td>Monitor<\/td>\n<td>Pantalla: 5 d\u00edgitos, 0,66&#8243; (16,8 mm) de alto<br \/>\nVelocidad de visualizaci\u00f3n: 4 lecturas\/segundo<\/td>\n<\/tr>\n<tr>\n<td>Teclado y etiquetas<\/td>\n<td>Poli\u00e9ster resistente a los rayos UV<\/td>\n<\/tr>\n<tr>\n<td>Vivienda<\/td>\n<td>Mezcla de poli\u00e9ster y policarbonato<\/td>\n<\/tr>\n<tr>\n<td>Clasificaci\u00f3n<\/td>\n<td>IP65<\/td>\n<\/tr>\n<tr>\n<td>Peso<\/td>\n<td>331 g (0,73 libras)<\/td>\n<\/tr>\n<\/tbody>\n<\/table>\n","protected":false},"excerpt":{"rendered":"<p class=\"short-description mhide ipad-view-setting\">No se deje enga\u00f1ar por el peque\u00f1o tama\u00f1o, este man\u00f3metro digital puede mantener un 0,25 % de precisi\u00f3n de lectura de 14 a 122 \u00b0F (-10 a 50 \u00b0C). Sorprendentemente, la precisi\u00f3n no se ve afectada por ca\u00eddas, sobrepresiones, vibraciones o cambios r\u00e1pidos.<\/p>\n<p class=\"comment-tag-product\">\n<div class=\"row-fluid\">\n<div class=\"span12 mobile-pricing-box-padding\"><\/div>\n<\/div>\n","protected":false},"featured_media":7050,"comment_status":"open","ping_status":"closed","template":"","meta":{"_joinchat":[]},"product_brand":[],"product_cat":[15],"product_tag":[],"class_list":{"0":"post-7044","1":"product","2":"type-product","3":"status-publish","4":"has-post-thumbnail","6":"product_cat-sin-categorizar","8":"first","9":"instock","10":"shipping-taxable","11":"product-type-simple"},"yoast_head":"<!-- This site is optimized with the Yoast SEO plugin v26.4 - https:\/\/yoast.com\/wordpress\/plugins\/seo\/ -->\n<title>Man\u00f3metro digital mar\u00edtimo de la serie ametek crystal m1m - Abaa tienda online<\/title>\n<meta name=\"robots\" content=\"index, follow, max-snippet:-1, max-image-preview:large, max-video-preview:-1\" \/>\n<link rel=\"canonical\" href=\"https:\/\/abaa.mx\/tienda\/manometro-digital-maritimo-de-la-serie-ametek-crystal-m1m\/\" \/>\n<meta property=\"og:locale\" content=\"es_MX\" \/>\n<meta property=\"og:type\" content=\"article\" \/>\n<meta property=\"og:title\" content=\"Man\u00f3metro digital mar\u00edtimo de la serie ametek crystal m1m - Abaa tienda online\" \/>\n<meta property=\"og:description\" content=\"No se deje enga\u00f1ar por el peque\u00f1o tama\u00f1o, este man\u00f3metro digital puede mantener un 0,25 % de precisi\u00f3n de lectura de 14 a 122 \u00b0F (-10 a 50 \u00b0C). Sorprendentemente, la precisi\u00f3n no se ve afectada por ca\u00eddas, sobrepresiones, vibraciones o cambios r\u00e1pidos.\" \/>\n<meta property=\"og:url\" content=\"https:\/\/abaa.mx\/tienda\/manometro-digital-maritimo-de-la-serie-ametek-crystal-m1m\/\" \/>\n<meta property=\"og:site_name\" content=\"Abaa tienda online\" \/>\n<meta property=\"article:modified_time\" content=\"2023-10-20T16:01:46+00:00\" \/>\n<meta property=\"og:image\" content=\"https:\/\/abaa.mx\/tienda\/wp-content\/uploads\/2023\/10\/Manometro-digital-maritimo-de-la-serie-AMETEK-Crystal-M1m.jpg\" \/>\n\t<meta property=\"og:image:width\" content=\"270\" \/>\n\t<meta property=\"og:image:height\" content=\"250\" \/>\n\t<meta property=\"og:image:type\" content=\"image\/jpeg\" \/>\n<meta name=\"twitter:card\" content=\"summary_large_image\" \/>\n<meta name=\"twitter:label1\" content=\"Tiempo de lectura\" \/>\n\t<meta name=\"twitter:data1\" content=\"1 minuto\" \/>\n<script type=\"application\/ld+json\" class=\"yoast-schema-graph\">{\"@context\":\"https:\/\/schema.org\",\"@graph\":[{\"@type\":\"WebPage\",\"@id\":\"https:\/\/abaa.mx\/tienda\/manometro-digital-maritimo-de-la-serie-ametek-crystal-m1m\/\",\"url\":\"https:\/\/abaa.mx\/tienda\/manometro-digital-maritimo-de-la-serie-ametek-crystal-m1m\/\",\"name\":\"Man\u00f3metro digital mar\u00edtimo de la serie ametek crystal m1m - Abaa tienda online\",\"isPartOf\":{\"@id\":\"https:\/\/abaa.mx\/tienda\/#website\"},\"primaryImageOfPage\":{\"@id\":\"https:\/\/abaa.mx\/tienda\/manometro-digital-maritimo-de-la-serie-ametek-crystal-m1m\/#primaryimage\"},\"image\":{\"@id\":\"https:\/\/abaa.mx\/tienda\/manometro-digital-maritimo-de-la-serie-ametek-crystal-m1m\/#primaryimage\"},\"thumbnailUrl\":\"https:\/\/abaa.mx\/tienda\/wp-content\/uploads\/2023\/10\/Manometro-digital-maritimo-de-la-serie-AMETEK-Crystal-M1m.jpg\",\"datePublished\":\"2023-10-20T16:01:45+00:00\",\"dateModified\":\"2023-10-20T16:01:46+00:00\",\"breadcrumb\":{\"@id\":\"https:\/\/abaa.mx\/tienda\/manometro-digital-maritimo-de-la-serie-ametek-crystal-m1m\/#breadcrumb\"},\"inLanguage\":\"es\",\"potentialAction\":[{\"@type\":\"ReadAction\",\"target\":[\"https:\/\/abaa.mx\/tienda\/manometro-digital-maritimo-de-la-serie-ametek-crystal-m1m\/\"]}]},{\"@type\":\"ImageObject\",\"inLanguage\":\"es\",\"@id\":\"https:\/\/abaa.mx\/tienda\/manometro-digital-maritimo-de-la-serie-ametek-crystal-m1m\/#primaryimage\",\"url\":\"https:\/\/abaa.mx\/tienda\/wp-content\/uploads\/2023\/10\/Manometro-digital-maritimo-de-la-serie-AMETEK-Crystal-M1m.jpg\",\"contentUrl\":\"https:\/\/abaa.mx\/tienda\/wp-content\/uploads\/2023\/10\/Manometro-digital-maritimo-de-la-serie-AMETEK-Crystal-M1m.jpg\",\"width\":270,\"height\":250,\"caption\":\"Man\u00f3metro digital mar\u00edtimo de la serie AMETEK Crystal M1m\"},{\"@type\":\"BreadcrumbList\",\"@id\":\"https:\/\/abaa.mx\/tienda\/manometro-digital-maritimo-de-la-serie-ametek-crystal-m1m\/#breadcrumb\",\"itemListElement\":[{\"@type\":\"ListItem\",\"position\":1,\"name\":\"Inicio\",\"item\":\"https:\/\/abaa.mx\/tienda\/\"},{\"@type\":\"ListItem\",\"position\":2,\"name\":\"Tienda\",\"item\":\"https:\/\/abaa.mx\/tienda\/\"},{\"@type\":\"ListItem\",\"position\":3,\"name\":\"Man\u00f3metro digital mar\u00edtimo de la serie ametek crystal m1m\"}]},{\"@type\":\"WebSite\",\"@id\":\"https:\/\/abaa.mx\/tienda\/#website\",\"url\":\"https:\/\/abaa.mx\/tienda\/\",\"name\":\"Abaa tienda online\",\"description\":\"Instrumentos de medici\u00f3n\",\"publisher\":{\"@id\":\"https:\/\/abaa.mx\/tienda\/#organization\"},\"potentialAction\":[{\"@type\":\"SearchAction\",\"target\":{\"@type\":\"EntryPoint\",\"urlTemplate\":\"https:\/\/abaa.mx\/tienda\/?s={search_term_string}\"},\"query-input\":{\"@type\":\"PropertyValueSpecification\",\"valueRequired\":true,\"valueName\":\"search_term_string\"}}],\"inLanguage\":\"es\"},{\"@type\":\"Organization\",\"@id\":\"https:\/\/abaa.mx\/tienda\/#organization\",\"name\":\"Abaa tienda online\",\"url\":\"https:\/\/abaa.mx\/tienda\/\",\"logo\":{\"@type\":\"ImageObject\",\"inLanguage\":\"es\",\"@id\":\"https:\/\/abaa.mx\/tienda\/#\/schema\/logo\/image\/\",\"url\":\"https:\/\/abaa.mx\/tienda\/wp-content\/uploads\/2024\/01\/abaa-metrologia-tienda.png\",\"contentUrl\":\"https:\/\/abaa.mx\/tienda\/wp-content\/uploads\/2024\/01\/abaa-metrologia-tienda.png\",\"width\":300,\"height\":141,\"caption\":\"Abaa tienda online\"},\"image\":{\"@id\":\"https:\/\/abaa.mx\/tienda\/#\/schema\/logo\/image\/\"}}]}<\/script>\n<!-- \/ Yoast SEO plugin. -->","yoast_head_json":{"title":"Man\u00f3metro digital mar\u00edtimo de la serie ametek crystal m1m - Abaa tienda online","robots":{"index":"index","follow":"follow","max-snippet":"max-snippet:-1","max-image-preview":"max-image-preview:large","max-video-preview":"max-video-preview:-1"},"canonical":"https:\/\/abaa.mx\/tienda\/manometro-digital-maritimo-de-la-serie-ametek-crystal-m1m\/","og_locale":"es_MX","og_type":"article","og_title":"Man\u00f3metro digital mar\u00edtimo de la serie ametek crystal m1m - Abaa tienda online","og_description":"No se deje enga\u00f1ar por el peque\u00f1o tama\u00f1o, este man\u00f3metro digital puede mantener un 0,25 % de precisi\u00f3n de lectura de 14 a 122 \u00b0F (-10 a 50 \u00b0C). Sorprendentemente, la precisi\u00f3n no se ve afectada por ca\u00eddas, sobrepresiones, vibraciones o cambios r\u00e1pidos.","og_url":"https:\/\/abaa.mx\/tienda\/manometro-digital-maritimo-de-la-serie-ametek-crystal-m1m\/","og_site_name":"Abaa tienda online","article_modified_time":"2023-10-20T16:01:46+00:00","og_image":[{"width":270,"height":250,"url":"https:\/\/abaa.mx\/tienda\/wp-content\/uploads\/2023\/10\/Manometro-digital-maritimo-de-la-serie-AMETEK-Crystal-M1m.jpg","type":"image\/jpeg"}],"twitter_card":"summary_large_image","twitter_misc":{"Tiempo de lectura":"1 minuto"},"schema":{"@context":"https:\/\/schema.org","@graph":[{"@type":"WebPage","@id":"https:\/\/abaa.mx\/tienda\/manometro-digital-maritimo-de-la-serie-ametek-crystal-m1m\/","url":"https:\/\/abaa.mx\/tienda\/manometro-digital-maritimo-de-la-serie-ametek-crystal-m1m\/","name":"Man\u00f3metro digital mar\u00edtimo de la serie ametek crystal m1m - Abaa tienda online","isPartOf":{"@id":"https:\/\/abaa.mx\/tienda\/#website"},"primaryImageOfPage":{"@id":"https:\/\/abaa.mx\/tienda\/manometro-digital-maritimo-de-la-serie-ametek-crystal-m1m\/#primaryimage"},"image":{"@id":"https:\/\/abaa.mx\/tienda\/manometro-digital-maritimo-de-la-serie-ametek-crystal-m1m\/#primaryimage"},"thumbnailUrl":"https:\/\/abaa.mx\/tienda\/wp-content\/uploads\/2023\/10\/Manometro-digital-maritimo-de-la-serie-AMETEK-Crystal-M1m.jpg","datePublished":"2023-10-20T16:01:45+00:00","dateModified":"2023-10-20T16:01:46+00:00","breadcrumb":{"@id":"https:\/\/abaa.mx\/tienda\/manometro-digital-maritimo-de-la-serie-ametek-crystal-m1m\/#breadcrumb"},"inLanguage":"es","potentialAction":[{"@type":"ReadAction","target":["https:\/\/abaa.mx\/tienda\/manometro-digital-maritimo-de-la-serie-ametek-crystal-m1m\/"]}]},{"@type":"ImageObject","inLanguage":"es","@id":"https:\/\/abaa.mx\/tienda\/manometro-digital-maritimo-de-la-serie-ametek-crystal-m1m\/#primaryimage","url":"https:\/\/abaa.mx\/tienda\/wp-content\/uploads\/2023\/10\/Manometro-digital-maritimo-de-la-serie-AMETEK-Crystal-M1m.jpg","contentUrl":"https:\/\/abaa.mx\/tienda\/wp-content\/uploads\/2023\/10\/Manometro-digital-maritimo-de-la-serie-AMETEK-Crystal-M1m.jpg","width":270,"height":250,"caption":"Man\u00f3metro digital mar\u00edtimo de la serie AMETEK Crystal M1m"},{"@type":"BreadcrumbList","@id":"https:\/\/abaa.mx\/tienda\/manometro-digital-maritimo-de-la-serie-ametek-crystal-m1m\/#breadcrumb","itemListElement":[{"@type":"ListItem","position":1,"name":"Inicio","item":"https:\/\/abaa.mx\/tienda\/"},{"@type":"ListItem","position":2,"name":"Tienda","item":"https:\/\/abaa.mx\/tienda\/"},{"@type":"ListItem","position":3,"name":"Man\u00f3metro digital mar\u00edtimo de la serie ametek crystal m1m"}]},{"@type":"WebSite","@id":"https:\/\/abaa.mx\/tienda\/#website","url":"https:\/\/abaa.mx\/tienda\/","name":"Abaa tienda online","description":"Instrumentos de medici\u00f3n","publisher":{"@id":"https:\/\/abaa.mx\/tienda\/#organization"},"potentialAction":[{"@type":"SearchAction","target":{"@type":"EntryPoint","urlTemplate":"https:\/\/abaa.mx\/tienda\/?s={search_term_string}"},"query-input":{"@type":"PropertyValueSpecification","valueRequired":true,"valueName":"search_term_string"}}],"inLanguage":"es"},{"@type":"Organization","@id":"https:\/\/abaa.mx\/tienda\/#organization","name":"Abaa tienda online","url":"https:\/\/abaa.mx\/tienda\/","logo":{"@type":"ImageObject","inLanguage":"es","@id":"https:\/\/abaa.mx\/tienda\/#\/schema\/logo\/image\/","url":"https:\/\/abaa.mx\/tienda\/wp-content\/uploads\/2024\/01\/abaa-metrologia-tienda.png","contentUrl":"https:\/\/abaa.mx\/tienda\/wp-content\/uploads\/2024\/01\/abaa-metrologia-tienda.png","width":300,"height":141,"caption":"Abaa tienda online"},"image":{"@id":"https:\/\/abaa.mx\/tienda\/#\/schema\/logo\/image\/"}}]}},"_links":{"self":[{"href":"https:\/\/abaa.mx\/tienda\/wp-json\/wp\/v2\/product\/7044","targetHints":{"allow":["GET"]}}],"collection":[{"href":"https:\/\/abaa.mx\/tienda\/wp-json\/wp\/v2\/product"}],"about":[{"href":"https:\/\/abaa.mx\/tienda\/wp-json\/wp\/v2\/types\/product"}],"replies":[{"embeddable":true,"href":"https:\/\/abaa.mx\/tienda\/wp-json\/wp\/v2\/comments?post=7044"}],"wp:featuredmedia":[{"embeddable":true,"href":"https:\/\/abaa.mx\/tienda\/wp-json\/wp\/v2\/media\/7050"}],"wp:attachment":[{"href":"https:\/\/abaa.mx\/tienda\/wp-json\/wp\/v2\/media?parent=7044"}],"wp:term":[{"taxonomy":"product_brand","embeddable":true,"href":"https:\/\/abaa.mx\/tienda\/wp-json\/wp\/v2\/product_brand?post=7044"},{"taxonomy":"product_cat","embeddable":true,"href":"https:\/\/abaa.mx\/tienda\/wp-json\/wp\/v2\/product_cat?post=7044"},{"taxonomy":"product_tag","embeddable":true,"href":"https:\/\/abaa.mx\/tienda\/wp-json\/wp\/v2\/product_tag?post=7044"}],"curies":[{"name":"wp","href":"https:\/\/api.w.org\/{rel}","templated":true}]}}