{"id":7037,"date":"2023-10-20T16:18:07","date_gmt":"2023-10-20T16:18:07","guid":{"rendered":"https:\/\/abaa.mx\/tienda\/?post_type=product&#038;p=7037"},"modified":"2023-10-20T16:18:08","modified_gmt":"2023-10-20T16:18:08","slug":"medidor-lcr-reed-r5001-nist","status":"publish","type":"product","link":"https:\/\/abaa.mx\/tienda\/medidor-lcr-reed-r5001-nist\/","title":{"rendered":"Medidor lcr reed r5001-nist"},"content":{"rendered":"<p>Este medidor LCR mide la inductancia, la capacitancia y la resistencia con par\u00e1metros secundarios como el factor de disipaci\u00f3n (D), el factor de calidad (Q), el \u00e1ngulo de fase (\u00d8) y la resistencia en serie\/paralelo equivalente (ESR o Rp). El R5001 cuenta con una gran pantalla LCD f\u00e1cil de leer con retroiluminaci\u00f3n y funciones de retenci\u00f3n de datos\/relativas.<\/p>\n<h5><strong>Funciones<\/strong><\/h5>\n<ul>\n<li>Mide la inductancia, la capacitancia y la resistencia<\/li>\n<li>Rango autom\u00e1tico para la medici\u00f3n de la impedancia de CA y la resistencia de DE<\/li>\n<li>Comprobaci\u00f3n y medici\u00f3n inteligente autom\u00e1tica de LCR<\/li>\n<li>Modos serie\/paralelo<\/li>\n<li>Ls\/Lp\/Cp con par\u00e1metros D\/Q\/\u00d8\/ESR<\/li>\n<li>Soporta modo DCR 200\u03a9 a 200M\u03a9<\/li>\n<li>Alta precisi\u00f3n con medici\u00f3n Kelvin de 4 \/ 5 terminales<\/li>\n<li>Frecuencia de prueba de 10 kHz y frecuencia de salida de hasta 100 kHz<\/li>\n<li>Gran pantalla LCD dual retroiluminada<\/li>\n<li>Retenci\u00f3n de datos y funciones relativas<\/li>\n<li>Indicaci\u00f3n de bater\u00eda baja con apagado autom\u00e1tico<\/li>\n<\/ul>\n<h4>Especificaciones de REED R5001<\/h4>\n<table class=\"table table-striped\">\n<tbody>\n<tr>\n<td colspan=\"2\"><strong>Inductancia (F=1kHz)<\/strong><\/td>\n<\/tr>\n<tr>\n<td>Gama<\/td>\n<td>2000.0\u03bcH 20.000\/200.0\/2000.0mH 20.000\/200.00\/2000.0H<\/td>\n<\/tr>\n<tr>\n<td>Resoluci\u00f3n<\/td>\n<td>0,1\/1\u03bcH 0,01\/0,1\/1mH 0,01\/1H<\/td>\n<\/tr>\n<tr>\n<td>Exactitud<\/td>\n<td>\u00b1(1.5% +15 dgt.)<\/td>\n<\/tr>\n<tr>\n<td colspan=\"2\"><strong>Capacitancia (F=1kHz)<\/strong><\/td>\n<\/tr>\n<tr>\n<td>Gama<\/td>\n<td>2000.0pF 20.000\/200.00\/2000.0nF 20.00\/200.00\/2000\u03bcF<\/td>\n<\/tr>\n<tr>\n<td>Resoluci\u00f3n<\/td>\n<td>0,01\/0,1\/1pF 0,01\/0,1\/1nF 0,1\u03bcF<\/td>\n<\/tr>\n<tr>\n<td>Exactitud<\/td>\n<td>\u00b1(1.0% +10 dgt.)<\/td>\n<\/tr>\n<tr>\n<td colspan=\"2\"><strong>Resistencia (F=1kHz)<\/strong><\/td>\n<\/tr>\n<tr>\n<td>Gama<\/td>\n<td>20.000\/200.00\u03a9 2.0000\/20.000\/200.00k\u03a9<\/p>\n<p>2.0000\/20.000\/200.0M\u03a9<\/td>\n<\/tr>\n<tr>\n<td>Resoluci\u00f3n<\/td>\n<td>0,01\/0,1\/1\u03a9 0,01\/0,1\/1k\u03a9<\/p>\n<p>0,1M\u03a9<\/td>\n<\/tr>\n<tr>\n<td>Exactitud<\/td>\n<td>\u00b1(1.5% +5 dgt.)<\/td>\n<\/tr>\n<tr>\n<td colspan=\"2\"><strong>Especificaciones generales<\/strong><\/td>\n<\/tr>\n<tr>\n<td>Frecuencias de prueba<\/td>\n<td>100\/120\/1kHz 10kHz 100kHz<\/td>\n<\/tr>\n<tr>\n<td>Monitor<\/td>\n<td>Doble pantalla LCD<\/td>\n<\/tr>\n<tr>\n<td>Funciones relativas y de retenci\u00f3n de datos<\/td>\n<td>S\u00ed<\/td>\n<\/tr>\n<tr>\n<td>Pantalla retroiluminada<\/td>\n<td>S\u00ed<\/td>\n<\/tr>\n<tr>\n<td>Kickstand<\/td>\n<td>S\u00ed<\/td>\n<\/tr>\n<tr>\n<td>Apagado autom\u00e1tico<\/td>\n<td>S\u00ed (despu\u00e9s de 5 minutos, apagado)<\/td>\n<\/tr>\n<tr>\n<td>Fuente de alimentaci\u00f3n<\/td>\n<td>6 pilas AA<\/td>\n<\/tr>\n<tr>\n<td>Indicador de bater\u00eda baja<\/td>\n<td>S\u00ed<\/td>\n<\/tr>\n<tr>\n<td>Certificaciones de productos<\/td>\n<td>Despu\u00e9s de Cristo<\/td>\n<\/tr>\n<tr>\n<td>Temperatura de funcionamiento<\/td>\n<td>De 32 a 104 \u00b0C (de 0 a 40 \u00b0F)<\/td>\n<\/tr>\n<tr>\n<td>Temperatura de almacenamiento<\/td>\n<td>-4 a 140 \u00b0F (-20 a 60 \u00b0C)<\/td>\n<\/tr>\n<tr>\n<td>Dimensiones<\/td>\n<td>8,6 x 3,7 x 2,4&#8243; (220 x 96 x 60 mm)<\/td>\n<\/tr>\n<tr>\n<td>Peso<\/td>\n<td>0,8 libras (360 g)<\/td>\n<\/tr>\n<\/tbody>\n<\/table>\n","protected":false},"excerpt":{"rendered":"<p class=\"short-description mhide ipad-view-setting\">Mediciones de L, C, R con una frecuencia de prueba de hasta 100 kHz.<\/p>\n<p class=\"comment-tag-product\">\n<div class=\"row-fluid\">\n<div class=\"span12 mobile-pricing-box-padding\">\n<form id=\"60604\" accept-charset=\"utf-8\" action=\"https:\/\/www.globaltestsupply.com\/shop\/add\" method=\"post\" name=\"addTocartFunction\">\n<div><\/div>\n<\/form>\n<\/div>\n<\/div>\n","protected":false},"featured_media":7072,"comment_status":"open","ping_status":"closed","template":"","meta":{"_joinchat":[]},"product_brand":[],"product_cat":[15],"product_tag":[],"class_list":{"0":"post-7037","1":"product","2":"type-product","3":"status-publish","4":"has-post-thumbnail","6":"product_cat-sin-categorizar","8":"first","9":"instock","10":"shipping-taxable","11":"product-type-simple"},"yoast_head":"<!-- This site is optimized with the Yoast SEO plugin v26.4 - https:\/\/yoast.com\/wordpress\/plugins\/seo\/ -->\n<title>Medidor lcr reed r5001-nist - Abaa tienda online<\/title>\n<meta name=\"robots\" content=\"index, follow, max-snippet:-1, max-image-preview:large, max-video-preview:-1\" \/>\n<link rel=\"canonical\" href=\"https:\/\/abaa.mx\/tienda\/medidor-lcr-reed-r5001-nist\/\" \/>\n<meta property=\"og:locale\" content=\"es_MX\" \/>\n<meta property=\"og:type\" content=\"article\" \/>\n<meta property=\"og:title\" content=\"Medidor lcr reed r5001-nist - Abaa tienda online\" \/>\n<meta property=\"og:description\" content=\"Mediciones de L, C, R con una frecuencia de prueba de hasta 100 kHz.\" \/>\n<meta property=\"og:url\" content=\"https:\/\/abaa.mx\/tienda\/medidor-lcr-reed-r5001-nist\/\" \/>\n<meta property=\"og:site_name\" content=\"Abaa tienda online\" \/>\n<meta property=\"article:modified_time\" content=\"2023-10-20T16:18:08+00:00\" \/>\n<meta property=\"og:image\" content=\"https:\/\/abaa.mx\/tienda\/wp-content\/uploads\/2023\/10\/R5001-NIST.jpg\" \/>\n\t<meta property=\"og:image:width\" content=\"400\" \/>\n\t<meta property=\"og:image:height\" content=\"400\" \/>\n\t<meta property=\"og:image:type\" content=\"image\/jpeg\" \/>\n<meta name=\"twitter:card\" content=\"summary_large_image\" \/>\n<meta name=\"twitter:label1\" content=\"Tiempo de lectura\" \/>\n\t<meta name=\"twitter:data1\" content=\"2 minutos\" \/>\n<script type=\"application\/ld+json\" class=\"yoast-schema-graph\">{\"@context\":\"https:\/\/schema.org\",\"@graph\":[{\"@type\":\"WebPage\",\"@id\":\"https:\/\/abaa.mx\/tienda\/medidor-lcr-reed-r5001-nist\/\",\"url\":\"https:\/\/abaa.mx\/tienda\/medidor-lcr-reed-r5001-nist\/\",\"name\":\"Medidor lcr reed r5001-nist - Abaa tienda online\",\"isPartOf\":{\"@id\":\"https:\/\/abaa.mx\/tienda\/#website\"},\"primaryImageOfPage\":{\"@id\":\"https:\/\/abaa.mx\/tienda\/medidor-lcr-reed-r5001-nist\/#primaryimage\"},\"image\":{\"@id\":\"https:\/\/abaa.mx\/tienda\/medidor-lcr-reed-r5001-nist\/#primaryimage\"},\"thumbnailUrl\":\"https:\/\/abaa.mx\/tienda\/wp-content\/uploads\/2023\/10\/R5001-NIST.jpg\",\"datePublished\":\"2023-10-20T16:18:07+00:00\",\"dateModified\":\"2023-10-20T16:18:08+00:00\",\"breadcrumb\":{\"@id\":\"https:\/\/abaa.mx\/tienda\/medidor-lcr-reed-r5001-nist\/#breadcrumb\"},\"inLanguage\":\"es\",\"potentialAction\":[{\"@type\":\"ReadAction\",\"target\":[\"https:\/\/abaa.mx\/tienda\/medidor-lcr-reed-r5001-nist\/\"]}]},{\"@type\":\"ImageObject\",\"inLanguage\":\"es\",\"@id\":\"https:\/\/abaa.mx\/tienda\/medidor-lcr-reed-r5001-nist\/#primaryimage\",\"url\":\"https:\/\/abaa.mx\/tienda\/wp-content\/uploads\/2023\/10\/R5001-NIST.jpg\",\"contentUrl\":\"https:\/\/abaa.mx\/tienda\/wp-content\/uploads\/2023\/10\/R5001-NIST.jpg\",\"width\":400,\"height\":400,\"caption\":\"medidor-lcr-reed-r5001-nist\"},{\"@type\":\"BreadcrumbList\",\"@id\":\"https:\/\/abaa.mx\/tienda\/medidor-lcr-reed-r5001-nist\/#breadcrumb\",\"itemListElement\":[{\"@type\":\"ListItem\",\"position\":1,\"name\":\"Inicio\",\"item\":\"https:\/\/abaa.mx\/tienda\/\"},{\"@type\":\"ListItem\",\"position\":2,\"name\":\"Tienda\",\"item\":\"https:\/\/abaa.mx\/tienda\/\"},{\"@type\":\"ListItem\",\"position\":3,\"name\":\"Medidor lcr reed r5001-nist\"}]},{\"@type\":\"WebSite\",\"@id\":\"https:\/\/abaa.mx\/tienda\/#website\",\"url\":\"https:\/\/abaa.mx\/tienda\/\",\"name\":\"Abaa tienda online\",\"description\":\"Instrumentos de medici\u00f3n\",\"publisher\":{\"@id\":\"https:\/\/abaa.mx\/tienda\/#organization\"},\"potentialAction\":[{\"@type\":\"SearchAction\",\"target\":{\"@type\":\"EntryPoint\",\"urlTemplate\":\"https:\/\/abaa.mx\/tienda\/?s={search_term_string}\"},\"query-input\":{\"@type\":\"PropertyValueSpecification\",\"valueRequired\":true,\"valueName\":\"search_term_string\"}}],\"inLanguage\":\"es\"},{\"@type\":\"Organization\",\"@id\":\"https:\/\/abaa.mx\/tienda\/#organization\",\"name\":\"Abaa tienda online\",\"url\":\"https:\/\/abaa.mx\/tienda\/\",\"logo\":{\"@type\":\"ImageObject\",\"inLanguage\":\"es\",\"@id\":\"https:\/\/abaa.mx\/tienda\/#\/schema\/logo\/image\/\",\"url\":\"https:\/\/abaa.mx\/tienda\/wp-content\/uploads\/2024\/01\/abaa-metrologia-tienda.png\",\"contentUrl\":\"https:\/\/abaa.mx\/tienda\/wp-content\/uploads\/2024\/01\/abaa-metrologia-tienda.png\",\"width\":300,\"height\":141,\"caption\":\"Abaa tienda online\"},\"image\":{\"@id\":\"https:\/\/abaa.mx\/tienda\/#\/schema\/logo\/image\/\"}}]}<\/script>\n<!-- \/ Yoast SEO plugin. -->","yoast_head_json":{"title":"Medidor lcr reed r5001-nist - Abaa tienda online","robots":{"index":"index","follow":"follow","max-snippet":"max-snippet:-1","max-image-preview":"max-image-preview:large","max-video-preview":"max-video-preview:-1"},"canonical":"https:\/\/abaa.mx\/tienda\/medidor-lcr-reed-r5001-nist\/","og_locale":"es_MX","og_type":"article","og_title":"Medidor lcr reed r5001-nist - Abaa tienda online","og_description":"Mediciones de L, C, R con una frecuencia de prueba de hasta 100 kHz.","og_url":"https:\/\/abaa.mx\/tienda\/medidor-lcr-reed-r5001-nist\/","og_site_name":"Abaa tienda online","article_modified_time":"2023-10-20T16:18:08+00:00","og_image":[{"width":400,"height":400,"url":"https:\/\/abaa.mx\/tienda\/wp-content\/uploads\/2023\/10\/R5001-NIST.jpg","type":"image\/jpeg"}],"twitter_card":"summary_large_image","twitter_misc":{"Tiempo de lectura":"2 minutos"},"schema":{"@context":"https:\/\/schema.org","@graph":[{"@type":"WebPage","@id":"https:\/\/abaa.mx\/tienda\/medidor-lcr-reed-r5001-nist\/","url":"https:\/\/abaa.mx\/tienda\/medidor-lcr-reed-r5001-nist\/","name":"Medidor lcr reed r5001-nist - Abaa tienda online","isPartOf":{"@id":"https:\/\/abaa.mx\/tienda\/#website"},"primaryImageOfPage":{"@id":"https:\/\/abaa.mx\/tienda\/medidor-lcr-reed-r5001-nist\/#primaryimage"},"image":{"@id":"https:\/\/abaa.mx\/tienda\/medidor-lcr-reed-r5001-nist\/#primaryimage"},"thumbnailUrl":"https:\/\/abaa.mx\/tienda\/wp-content\/uploads\/2023\/10\/R5001-NIST.jpg","datePublished":"2023-10-20T16:18:07+00:00","dateModified":"2023-10-20T16:18:08+00:00","breadcrumb":{"@id":"https:\/\/abaa.mx\/tienda\/medidor-lcr-reed-r5001-nist\/#breadcrumb"},"inLanguage":"es","potentialAction":[{"@type":"ReadAction","target":["https:\/\/abaa.mx\/tienda\/medidor-lcr-reed-r5001-nist\/"]}]},{"@type":"ImageObject","inLanguage":"es","@id":"https:\/\/abaa.mx\/tienda\/medidor-lcr-reed-r5001-nist\/#primaryimage","url":"https:\/\/abaa.mx\/tienda\/wp-content\/uploads\/2023\/10\/R5001-NIST.jpg","contentUrl":"https:\/\/abaa.mx\/tienda\/wp-content\/uploads\/2023\/10\/R5001-NIST.jpg","width":400,"height":400,"caption":"medidor-lcr-reed-r5001-nist"},{"@type":"BreadcrumbList","@id":"https:\/\/abaa.mx\/tienda\/medidor-lcr-reed-r5001-nist\/#breadcrumb","itemListElement":[{"@type":"ListItem","position":1,"name":"Inicio","item":"https:\/\/abaa.mx\/tienda\/"},{"@type":"ListItem","position":2,"name":"Tienda","item":"https:\/\/abaa.mx\/tienda\/"},{"@type":"ListItem","position":3,"name":"Medidor lcr reed r5001-nist"}]},{"@type":"WebSite","@id":"https:\/\/abaa.mx\/tienda\/#website","url":"https:\/\/abaa.mx\/tienda\/","name":"Abaa tienda online","description":"Instrumentos de medici\u00f3n","publisher":{"@id":"https:\/\/abaa.mx\/tienda\/#organization"},"potentialAction":[{"@type":"SearchAction","target":{"@type":"EntryPoint","urlTemplate":"https:\/\/abaa.mx\/tienda\/?s={search_term_string}"},"query-input":{"@type":"PropertyValueSpecification","valueRequired":true,"valueName":"search_term_string"}}],"inLanguage":"es"},{"@type":"Organization","@id":"https:\/\/abaa.mx\/tienda\/#organization","name":"Abaa tienda online","url":"https:\/\/abaa.mx\/tienda\/","logo":{"@type":"ImageObject","inLanguage":"es","@id":"https:\/\/abaa.mx\/tienda\/#\/schema\/logo\/image\/","url":"https:\/\/abaa.mx\/tienda\/wp-content\/uploads\/2024\/01\/abaa-metrologia-tienda.png","contentUrl":"https:\/\/abaa.mx\/tienda\/wp-content\/uploads\/2024\/01\/abaa-metrologia-tienda.png","width":300,"height":141,"caption":"Abaa tienda online"},"image":{"@id":"https:\/\/abaa.mx\/tienda\/#\/schema\/logo\/image\/"}}]}},"_links":{"self":[{"href":"https:\/\/abaa.mx\/tienda\/wp-json\/wp\/v2\/product\/7037","targetHints":{"allow":["GET"]}}],"collection":[{"href":"https:\/\/abaa.mx\/tienda\/wp-json\/wp\/v2\/product"}],"about":[{"href":"https:\/\/abaa.mx\/tienda\/wp-json\/wp\/v2\/types\/product"}],"replies":[{"embeddable":true,"href":"https:\/\/abaa.mx\/tienda\/wp-json\/wp\/v2\/comments?post=7037"}],"wp:featuredmedia":[{"embeddable":true,"href":"https:\/\/abaa.mx\/tienda\/wp-json\/wp\/v2\/media\/7072"}],"wp:attachment":[{"href":"https:\/\/abaa.mx\/tienda\/wp-json\/wp\/v2\/media?parent=7037"}],"wp:term":[{"taxonomy":"product_brand","embeddable":true,"href":"https:\/\/abaa.mx\/tienda\/wp-json\/wp\/v2\/product_brand?post=7037"},{"taxonomy":"product_cat","embeddable":true,"href":"https:\/\/abaa.mx\/tienda\/wp-json\/wp\/v2\/product_cat?post=7037"},{"taxonomy":"product_tag","embeddable":true,"href":"https:\/\/abaa.mx\/tienda\/wp-json\/wp\/v2\/product_tag?post=7037"}],"curies":[{"name":"wp","href":"https:\/\/api.w.org\/{rel}","templated":true}]}}