{"id":7024,"date":"2023-10-20T16:10:39","date_gmt":"2023-10-20T16:10:39","guid":{"rendered":"https:\/\/abaa.mx\/tienda\/?post_type=product&#038;p=7024"},"modified":"2023-12-05T14:26:45","modified_gmt":"2023-12-05T14:26:45","slug":"reed-r5050-1000a-true-rms-ac-dc-clamp-meter","status":"publish","type":"product","link":"https:\/\/abaa.mx\/tienda\/reed-r5050-1000a-true-rms-ac-dc-clamp-meter\/","title":{"rendered":"Reed r5050 1000a true rms ac-dc clamp meter"},"content":{"rendered":"<p>Esta duradera pinza amperim\u00e9trica True RMS es capaz de medir corriente y voltaje de CA\/CC, resistencia y frecuencia. Con una pantalla LCD de 4.000 cuentas con un gr\u00e1fico de barras anal\u00f3gico de 42 segmentos, el R5050 incluye una retenci\u00f3n de picos y funciones de m\u00ednimo\/m\u00e1ximo.<\/p>\n<h5><strong>Funciones<\/strong><\/h5>\n<ul>\n<li>Mide corriente\/voltaje, resistencia y frecuencia de CA\/CC<\/li>\n<li>Pantalla LCD de 4000 cuentas con gr\u00e1fico de barras anal\u00f3gico<\/li>\n<li>Indicadores de bater\u00eda baja y exceso de autonom\u00eda<\/li>\n<li>Mediciones RMS reales<\/li>\n<li>M\u00edn.\/M\u00e1x., retenci\u00f3n de pantalla, retenci\u00f3n de picos y modo relativo<\/li>\n<li>Funciones de prueba de diodos y comprobaci\u00f3n de continuidad<\/li>\n<li>Gato. III 600V, Cat. Clasificaci\u00f3n de seguridad II 1000V<\/li>\n<\/ul>\n<h4>Especificaciones de REED R5050<\/h4>\n<table class=\"table table-striped\">\n<tbody>\n<tr>\n<td colspan=\"2\"><strong>Corriente AC\/DC<\/strong><\/td>\n<\/tr>\n<tr>\n<td>Gama<\/td>\n<td>40, 400, 1000A<\/td>\n<\/tr>\n<tr>\n<td>Exactitud<\/td>\n<td>AC: \u00b1(1.9% rdg. +5 dgt.)<br \/>\nDC: \u00b1(2.5% rdg. +10 dgt.)<\/td>\n<\/tr>\n<tr>\n<td>Resoluci\u00f3n<\/td>\n<td>0,01, 0,1, 1 A<\/td>\n<\/tr>\n<tr>\n<td colspan=\"2\"><strong>Voltaje AC\/DC<\/strong><\/td>\n<\/tr>\n<tr>\n<td>Gama<\/td>\n<td>CA: 400, 750 V CC: 400, 1000 V<\/td>\n<\/tr>\n<tr>\n<td>Exactitud<\/td>\n<td>AC: \u00b1(1.5% rdg. +5 dgt.)<br \/>\nDC: \u00b1(1% rdg. +2 dgt.)<\/td>\n<\/tr>\n<tr>\n<td>Resoluci\u00f3n<\/td>\n<td>0,1, 1 V<\/td>\n<\/tr>\n<tr>\n<td colspan=\"2\"><strong>Resistencia<\/strong><\/td>\n<\/tr>\n<tr>\n<td>Gama<\/td>\n<td>400, 4000\u03a9<\/td>\n<\/tr>\n<tr>\n<td>Exactitud<\/td>\n<td>\u00b1(1% rdg. +3 dgt.)<br \/>\n0,1, 1 \u03a9<\/td>\n<\/tr>\n<tr>\n<td colspan=\"2\"><strong>Frecuencia<\/strong><\/td>\n<\/tr>\n<tr>\n<td>Gama<\/td>\n<td>4 kHz, 10 kHz<\/td>\n<\/tr>\n<tr>\n<td>Exactitud<\/td>\n<td>\u00b1(0.1% rdg. +1 dgt.)<\/td>\n<\/tr>\n<tr>\n<td>Resoluci\u00f3n<\/td>\n<td>1 Hz, 10 Hz<\/td>\n<\/tr>\n<tr>\n<td colspan=\"2\"><strong>Especificaciones generales<\/strong><\/td>\n<\/tr>\n<tr>\n<td>Selecci\u00f3n de rango<\/td>\n<td>Rango autom\u00e1tico \/ Manual<\/td>\n<\/tr>\n<tr>\n<td>RMS verdadero<\/td>\n<td>S\u00ed<\/td>\n<\/tr>\n<tr>\n<td>Monitor<\/td>\n<td>Pantalla LCD de 4.000 cuentas<\/td>\n<\/tr>\n<tr>\n<td>Retenci\u00f3n de pantalla<\/td>\n<td>S\u00ed<\/td>\n<\/tr>\n<tr>\n<td>M\u00e1x.\/M\u00edn.<\/td>\n<td>S\u00ed<\/td>\n<\/tr>\n<tr>\n<td>Retenci\u00f3n de picos<\/td>\n<td>S\u00ed<\/td>\n<\/tr>\n<tr>\n<td>Ajuste de bot\u00f3n cero<\/td>\n<td>S\u00ed<\/td>\n<\/tr>\n<tr>\n<td>Modo relativo<\/td>\n<td>S\u00ed<\/td>\n<\/tr>\n<tr>\n<td>Prueba de diodos<\/td>\n<td>S\u00ed<\/td>\n<\/tr>\n<tr>\n<td>Gr\u00e1fico de barras anal\u00f3gico<\/td>\n<td>S\u00ed (42 segmentos)<\/td>\n<\/tr>\n<tr>\n<td>Comprobaci\u00f3n de continuidad<\/td>\n<td>Se\u00f1al audible si la resistencia &lt;100\u03a9<\/td>\n<\/tr>\n<tr>\n<td>Apagado autom\u00e1tico<\/td>\n<td>S\u00ed (despu\u00e9s de 30 minutos)<\/td>\n<\/tr>\n<tr>\n<td>Fuente de alimentaci\u00f3n<\/td>\n<td>Bater\u00eda de 9 V<\/td>\n<\/tr>\n<tr>\n<td>Indicador de bater\u00eda baja<\/td>\n<td>S\u00ed<\/td>\n<\/tr>\n<tr>\n<td>Apertura de la mand\u00edbula<\/td>\n<td>1,5&#8243; (40 mm), hasta 500 MCM<\/td>\n<\/tr>\n<tr>\n<td>Categor\u00eda de sobretensi\u00f3n<\/td>\n<td>GATO. III 600V, CAT. II 1000V<\/td>\n<\/tr>\n<tr>\n<td>Certificaciones de productos<\/td>\n<td>Despu\u00e9s de Cristo<\/td>\n<\/tr>\n<tr>\n<td>Temperatura de funcionamiento<\/td>\n<td>De 32 a 104 \u00b0C (de 0 a 40 \u00b0F)<\/td>\n<\/tr>\n<tr>\n<td>Temperatura de almacenamiento<\/td>\n<td>De -14 a 140 \u00b0C (de 10 a 60 \u00b0F)<\/td>\n<\/tr>\n<tr>\n<td>Dimensiones<\/td>\n<td>9,5 x 2,6 x 1,4&#8243; (242 x 66 x 36 mm)<\/td>\n<\/tr>\n<tr>\n<td>Peso<\/td>\n<td>14 g (400 onzas)<\/td>\n<\/tr>\n<\/tbody>\n<\/table>\n","protected":false},"excerpt":{"rendered":"<p class=\"short-description mhide ipad-view-setting\">Pinza amperim\u00e9trica True RMS AC\/DC de grado profesional con funci\u00f3n de retenci\u00f3n de picos y gr\u00e1fico de barras anal\u00f3gico digital.<\/p>\n<div class=\"row-fluid\">\n<div class=\"span12 mobile-pricing-box-padding\">\n<form id=\"54203\" accept-charset=\"utf-8\" action=\"https:\/\/www.globaltestsupply.com\/shop\/add\" method=\"post\" name=\"addTocartFunction\">\n<div><\/div>\n<\/form>\n<\/div>\n<\/div>\n","protected":false},"featured_media":7059,"comment_status":"open","ping_status":"closed","template":"","meta":{"_joinchat":[]},"product_brand":[],"product_cat":[15],"product_tag":[],"class_list":{"0":"post-7024","1":"product","2":"type-product","3":"status-publish","4":"has-post-thumbnail","6":"product_cat-sin-categorizar","8":"first","9":"instock","10":"shipping-taxable","11":"product-type-simple"},"yoast_head":"<!-- This site is optimized with the Yoast SEO plugin v26.4 - https:\/\/yoast.com\/wordpress\/plugins\/seo\/ -->\n<title>Reed r5050 1000a true rms ac-dc clamp meter - Abaa tienda online<\/title>\n<meta name=\"robots\" content=\"index, follow, max-snippet:-1, max-image-preview:large, max-video-preview:-1\" \/>\n<link rel=\"canonical\" href=\"https:\/\/abaa.mx\/tienda\/reed-r5050-1000a-true-rms-ac-dc-clamp-meter\/\" \/>\n<meta property=\"og:locale\" content=\"es_MX\" \/>\n<meta property=\"og:type\" content=\"article\" \/>\n<meta property=\"og:title\" content=\"Reed r5050 1000a true rms ac-dc clamp meter - Abaa tienda online\" \/>\n<meta property=\"og:description\" content=\"Pinza amperim\u00e9trica True RMS AC\/DC de grado profesional con funci\u00f3n de retenci\u00f3n de picos y gr\u00e1fico de barras anal\u00f3gico digital.\" \/>\n<meta property=\"og:url\" content=\"https:\/\/abaa.mx\/tienda\/reed-r5050-1000a-true-rms-ac-dc-clamp-meter\/\" \/>\n<meta property=\"og:site_name\" content=\"Abaa tienda online\" \/>\n<meta property=\"article:modified_time\" content=\"2023-12-05T14:26:45+00:00\" \/>\n<meta property=\"og:image\" content=\"https:\/\/abaa.mx\/tienda\/wp-content\/uploads\/2023\/10\/R5050-1.jpg\" \/>\n\t<meta property=\"og:image:width\" content=\"450\" \/>\n\t<meta property=\"og:image:height\" content=\"450\" \/>\n\t<meta property=\"og:image:type\" content=\"image\/jpeg\" \/>\n<meta name=\"twitter:card\" content=\"summary_large_image\" \/>\n<meta name=\"twitter:label1\" content=\"Tiempo de lectura\" \/>\n\t<meta name=\"twitter:data1\" content=\"2 minutos\" \/>\n<script type=\"application\/ld+json\" class=\"yoast-schema-graph\">{\"@context\":\"https:\/\/schema.org\",\"@graph\":[{\"@type\":\"WebPage\",\"@id\":\"https:\/\/abaa.mx\/tienda\/reed-r5050-1000a-true-rms-ac-dc-clamp-meter\/\",\"url\":\"https:\/\/abaa.mx\/tienda\/reed-r5050-1000a-true-rms-ac-dc-clamp-meter\/\",\"name\":\"Reed r5050 1000a true rms ac-dc clamp meter - Abaa tienda online\",\"isPartOf\":{\"@id\":\"https:\/\/abaa.mx\/tienda\/#website\"},\"primaryImageOfPage\":{\"@id\":\"https:\/\/abaa.mx\/tienda\/reed-r5050-1000a-true-rms-ac-dc-clamp-meter\/#primaryimage\"},\"image\":{\"@id\":\"https:\/\/abaa.mx\/tienda\/reed-r5050-1000a-true-rms-ac-dc-clamp-meter\/#primaryimage\"},\"thumbnailUrl\":\"https:\/\/abaa.mx\/tienda\/wp-content\/uploads\/2023\/10\/R5050-1.jpg\",\"datePublished\":\"2023-10-20T16:10:39+00:00\",\"dateModified\":\"2023-12-05T14:26:45+00:00\",\"breadcrumb\":{\"@id\":\"https:\/\/abaa.mx\/tienda\/reed-r5050-1000a-true-rms-ac-dc-clamp-meter\/#breadcrumb\"},\"inLanguage\":\"es\",\"potentialAction\":[{\"@type\":\"ReadAction\",\"target\":[\"https:\/\/abaa.mx\/tienda\/reed-r5050-1000a-true-rms-ac-dc-clamp-meter\/\"]}]},{\"@type\":\"ImageObject\",\"inLanguage\":\"es\",\"@id\":\"https:\/\/abaa.mx\/tienda\/reed-r5050-1000a-true-rms-ac-dc-clamp-meter\/#primaryimage\",\"url\":\"https:\/\/abaa.mx\/tienda\/wp-content\/uploads\/2023\/10\/R5050-1.jpg\",\"contentUrl\":\"https:\/\/abaa.mx\/tienda\/wp-content\/uploads\/2023\/10\/R5050-1.jpg\",\"width\":450,\"height\":450,\"caption\":\"reed-r5050-1000a-true-rms-ac-dc-clamp-meter\"},{\"@type\":\"BreadcrumbList\",\"@id\":\"https:\/\/abaa.mx\/tienda\/reed-r5050-1000a-true-rms-ac-dc-clamp-meter\/#breadcrumb\",\"itemListElement\":[{\"@type\":\"ListItem\",\"position\":1,\"name\":\"Inicio\",\"item\":\"https:\/\/abaa.mx\/tienda\/\"},{\"@type\":\"ListItem\",\"position\":2,\"name\":\"Tienda\",\"item\":\"https:\/\/abaa.mx\/tienda\/\"},{\"@type\":\"ListItem\",\"position\":3,\"name\":\"Reed r5050 1000a true rms ac-dc clamp meter\"}]},{\"@type\":\"WebSite\",\"@id\":\"https:\/\/abaa.mx\/tienda\/#website\",\"url\":\"https:\/\/abaa.mx\/tienda\/\",\"name\":\"Abaa tienda online\",\"description\":\"Instrumentos de medici\u00f3n\",\"publisher\":{\"@id\":\"https:\/\/abaa.mx\/tienda\/#organization\"},\"potentialAction\":[{\"@type\":\"SearchAction\",\"target\":{\"@type\":\"EntryPoint\",\"urlTemplate\":\"https:\/\/abaa.mx\/tienda\/?s={search_term_string}\"},\"query-input\":{\"@type\":\"PropertyValueSpecification\",\"valueRequired\":true,\"valueName\":\"search_term_string\"}}],\"inLanguage\":\"es\"},{\"@type\":\"Organization\",\"@id\":\"https:\/\/abaa.mx\/tienda\/#organization\",\"name\":\"Abaa tienda online\",\"url\":\"https:\/\/abaa.mx\/tienda\/\",\"logo\":{\"@type\":\"ImageObject\",\"inLanguage\":\"es\",\"@id\":\"https:\/\/abaa.mx\/tienda\/#\/schema\/logo\/image\/\",\"url\":\"https:\/\/abaa.mx\/tienda\/wp-content\/uploads\/2024\/01\/abaa-metrologia-tienda.png\",\"contentUrl\":\"https:\/\/abaa.mx\/tienda\/wp-content\/uploads\/2024\/01\/abaa-metrologia-tienda.png\",\"width\":300,\"height\":141,\"caption\":\"Abaa tienda online\"},\"image\":{\"@id\":\"https:\/\/abaa.mx\/tienda\/#\/schema\/logo\/image\/\"}}]}<\/script>\n<!-- \/ Yoast SEO plugin. -->","yoast_head_json":{"title":"Reed r5050 1000a true rms ac-dc clamp meter - Abaa tienda online","robots":{"index":"index","follow":"follow","max-snippet":"max-snippet:-1","max-image-preview":"max-image-preview:large","max-video-preview":"max-video-preview:-1"},"canonical":"https:\/\/abaa.mx\/tienda\/reed-r5050-1000a-true-rms-ac-dc-clamp-meter\/","og_locale":"es_MX","og_type":"article","og_title":"Reed r5050 1000a true rms ac-dc clamp meter - Abaa tienda online","og_description":"Pinza amperim\u00e9trica True RMS AC\/DC de grado profesional con funci\u00f3n de retenci\u00f3n de picos y gr\u00e1fico de barras anal\u00f3gico digital.","og_url":"https:\/\/abaa.mx\/tienda\/reed-r5050-1000a-true-rms-ac-dc-clamp-meter\/","og_site_name":"Abaa tienda online","article_modified_time":"2023-12-05T14:26:45+00:00","og_image":[{"width":450,"height":450,"url":"https:\/\/abaa.mx\/tienda\/wp-content\/uploads\/2023\/10\/R5050-1.jpg","type":"image\/jpeg"}],"twitter_card":"summary_large_image","twitter_misc":{"Tiempo de lectura":"2 minutos"},"schema":{"@context":"https:\/\/schema.org","@graph":[{"@type":"WebPage","@id":"https:\/\/abaa.mx\/tienda\/reed-r5050-1000a-true-rms-ac-dc-clamp-meter\/","url":"https:\/\/abaa.mx\/tienda\/reed-r5050-1000a-true-rms-ac-dc-clamp-meter\/","name":"Reed r5050 1000a true rms ac-dc clamp meter - Abaa tienda online","isPartOf":{"@id":"https:\/\/abaa.mx\/tienda\/#website"},"primaryImageOfPage":{"@id":"https:\/\/abaa.mx\/tienda\/reed-r5050-1000a-true-rms-ac-dc-clamp-meter\/#primaryimage"},"image":{"@id":"https:\/\/abaa.mx\/tienda\/reed-r5050-1000a-true-rms-ac-dc-clamp-meter\/#primaryimage"},"thumbnailUrl":"https:\/\/abaa.mx\/tienda\/wp-content\/uploads\/2023\/10\/R5050-1.jpg","datePublished":"2023-10-20T16:10:39+00:00","dateModified":"2023-12-05T14:26:45+00:00","breadcrumb":{"@id":"https:\/\/abaa.mx\/tienda\/reed-r5050-1000a-true-rms-ac-dc-clamp-meter\/#breadcrumb"},"inLanguage":"es","potentialAction":[{"@type":"ReadAction","target":["https:\/\/abaa.mx\/tienda\/reed-r5050-1000a-true-rms-ac-dc-clamp-meter\/"]}]},{"@type":"ImageObject","inLanguage":"es","@id":"https:\/\/abaa.mx\/tienda\/reed-r5050-1000a-true-rms-ac-dc-clamp-meter\/#primaryimage","url":"https:\/\/abaa.mx\/tienda\/wp-content\/uploads\/2023\/10\/R5050-1.jpg","contentUrl":"https:\/\/abaa.mx\/tienda\/wp-content\/uploads\/2023\/10\/R5050-1.jpg","width":450,"height":450,"caption":"reed-r5050-1000a-true-rms-ac-dc-clamp-meter"},{"@type":"BreadcrumbList","@id":"https:\/\/abaa.mx\/tienda\/reed-r5050-1000a-true-rms-ac-dc-clamp-meter\/#breadcrumb","itemListElement":[{"@type":"ListItem","position":1,"name":"Inicio","item":"https:\/\/abaa.mx\/tienda\/"},{"@type":"ListItem","position":2,"name":"Tienda","item":"https:\/\/abaa.mx\/tienda\/"},{"@type":"ListItem","position":3,"name":"Reed r5050 1000a true rms ac-dc clamp meter"}]},{"@type":"WebSite","@id":"https:\/\/abaa.mx\/tienda\/#website","url":"https:\/\/abaa.mx\/tienda\/","name":"Abaa tienda online","description":"Instrumentos de medici\u00f3n","publisher":{"@id":"https:\/\/abaa.mx\/tienda\/#organization"},"potentialAction":[{"@type":"SearchAction","target":{"@type":"EntryPoint","urlTemplate":"https:\/\/abaa.mx\/tienda\/?s={search_term_string}"},"query-input":{"@type":"PropertyValueSpecification","valueRequired":true,"valueName":"search_term_string"}}],"inLanguage":"es"},{"@type":"Organization","@id":"https:\/\/abaa.mx\/tienda\/#organization","name":"Abaa tienda online","url":"https:\/\/abaa.mx\/tienda\/","logo":{"@type":"ImageObject","inLanguage":"es","@id":"https:\/\/abaa.mx\/tienda\/#\/schema\/logo\/image\/","url":"https:\/\/abaa.mx\/tienda\/wp-content\/uploads\/2024\/01\/abaa-metrologia-tienda.png","contentUrl":"https:\/\/abaa.mx\/tienda\/wp-content\/uploads\/2024\/01\/abaa-metrologia-tienda.png","width":300,"height":141,"caption":"Abaa tienda online"},"image":{"@id":"https:\/\/abaa.mx\/tienda\/#\/schema\/logo\/image\/"}}]}},"_links":{"self":[{"href":"https:\/\/abaa.mx\/tienda\/wp-json\/wp\/v2\/product\/7024","targetHints":{"allow":["GET"]}}],"collection":[{"href":"https:\/\/abaa.mx\/tienda\/wp-json\/wp\/v2\/product"}],"about":[{"href":"https:\/\/abaa.mx\/tienda\/wp-json\/wp\/v2\/types\/product"}],"replies":[{"embeddable":true,"href":"https:\/\/abaa.mx\/tienda\/wp-json\/wp\/v2\/comments?post=7024"}],"wp:featuredmedia":[{"embeddable":true,"href":"https:\/\/abaa.mx\/tienda\/wp-json\/wp\/v2\/media\/7059"}],"wp:attachment":[{"href":"https:\/\/abaa.mx\/tienda\/wp-json\/wp\/v2\/media?parent=7024"}],"wp:term":[{"taxonomy":"product_brand","embeddable":true,"href":"https:\/\/abaa.mx\/tienda\/wp-json\/wp\/v2\/product_brand?post=7024"},{"taxonomy":"product_cat","embeddable":true,"href":"https:\/\/abaa.mx\/tienda\/wp-json\/wp\/v2\/product_cat?post=7024"},{"taxonomy":"product_tag","embeddable":true,"href":"https:\/\/abaa.mx\/tienda\/wp-json\/wp\/v2\/product_tag?post=7024"}],"curies":[{"name":"wp","href":"https:\/\/api.w.org\/{rel}","templated":true}]}}