{"id":7021,"date":"2023-10-20T15:54:23","date_gmt":"2023-10-20T15:54:23","guid":{"rendered":"https:\/\/abaa.mx\/tienda\/?post_type=product&#038;p=7021"},"modified":"2023-12-11T17:49:59","modified_gmt":"2023-12-11T17:49:59","slug":"manometro-digital-ametek-crystal-xp2i-de-0-a-5000-psi-precision-de-escala-completa-del-005","status":"publish","type":"product","link":"https:\/\/abaa.mx\/tienda\/manometro-digital-ametek-crystal-xp2i-de-0-a-5000-psi-precision-de-escala-completa-del-005\/","title":{"rendered":"En100 \u2014 medidor ambiental 11 en 1, mide velocidad del aire, flujo de aire, temperatura, humedad, bulbo humestado, punto de rocio, indice de calor, sensacion termica, presion barometrica y altitud."},"content":{"rendered":"<p>En100 \u2014 medidor ambiental 11 en 1, mide velocidad del aire, flujo de aire, temperatura, humedad, bulbo humestado, punto de rocio, indice de calor, sensacion termica, presion barometrica y altitud.<\/p>\n","protected":false},"excerpt":{"rendered":"<h4><strong>Caracter\u00edsticas:<\/strong><\/h4>\n<ul>\n<li>Los sensores incorporados miden la velocidad del aire, el flujo de aire, la temperatura, la humedad, el bulbo h\u00famedo, el punto de roc\u00edo, el \u00edndice de calor, la sensaci\u00f3n t\u00e9rmica, la presi\u00f3n barom\u00e9trica, la altitud y la luz.<\/li>\n<li>La rueda de paletas de baja fricci\u00f3n reemplazable en el campo mejora la precisi\u00f3n de la velocidad del aire.<\/li>\n<li>Pantalla LCD retroiluminada (apagado autom\u00e1tico despu\u00e9s de 5 segundos).<\/li>\n<li>Retenci\u00f3n de datos, apagado autom\u00e1tico, pantalla giratoria seg\u00fan la funci\u00f3n.<\/li>\n<li>Completo con sensores multiparam\u00e9tricos integrados, mu\u00f1equera y bater\u00eda CR2032.<\/li>\n<\/ul>\n","protected":false},"featured_media":9740,"comment_status":"open","ping_status":"closed","template":"","meta":{"_joinchat":[]},"product_brand":[],"product_cat":[15],"product_tag":[],"class_list":{"0":"post-7021","1":"product","2":"type-product","3":"status-publish","4":"has-post-thumbnail","6":"product_cat-sin-categorizar","8":"first","9":"instock","10":"shipping-taxable","11":"product-type-simple"},"yoast_head":"<!-- This site is optimized with the Yoast SEO plugin v26.4 - https:\/\/yoast.com\/wordpress\/plugins\/seo\/ -->\n<title>En100 \u2014 medidor ambiental 11 en 1, mide velocidad del aire, flujo de aire, temperatura, humedad, bulbo humestado, punto de rocio, indice de calor, sensacion termica, presion barometrica y altitud. - Abaa tienda online<\/title>\n<meta name=\"robots\" content=\"index, follow, max-snippet:-1, max-image-preview:large, max-video-preview:-1\" \/>\n<link rel=\"canonical\" href=\"https:\/\/abaa.mx\/tienda\/manometro-digital-ametek-crystal-xp2i-de-0-a-5000-psi-precision-de-escala-completa-del-005\/\" \/>\n<meta property=\"og:locale\" content=\"es_MX\" \/>\n<meta property=\"og:type\" content=\"article\" \/>\n<meta property=\"og:title\" content=\"En100 \u2014 medidor ambiental 11 en 1, mide velocidad del aire, flujo de aire, temperatura, humedad, bulbo humestado, punto de rocio, indice de calor, sensacion termica, presion barometrica y altitud. - Abaa tienda online\" \/>\n<meta property=\"og:description\" content=\"Caracter\u00edsticas:   Los sensores incorporados miden la velocidad del aire, el flujo de aire, la temperatura, la humedad, el bulbo h\u00famedo, el punto de roc\u00edo, el \u00edndice de calor, la sensaci\u00f3n t\u00e9rmica, la presi\u00f3n barom\u00e9trica, la altitud y la luz.  La rueda de paletas de baja fricci\u00f3n reemplazable en el campo mejora la precisi\u00f3n de la velocidad del aire.  Pantalla LCD retroiluminada (apagado autom\u00e1tico despu\u00e9s de 5 segundos).  Retenci\u00f3n de datos, apagado autom\u00e1tico, pantalla giratoria seg\u00fan la funci\u00f3n.  Completo con sensores multiparam\u00e9tricos integrados, mu\u00f1equera y bater\u00eda CR2032.\" \/>\n<meta property=\"og:url\" content=\"https:\/\/abaa.mx\/tienda\/manometro-digital-ametek-crystal-xp2i-de-0-a-5000-psi-precision-de-escala-completa-del-005\/\" \/>\n<meta property=\"og:site_name\" content=\"Abaa tienda online\" \/>\n<meta property=\"article:modified_time\" content=\"2023-12-11T17:49:59+00:00\" \/>\n<meta property=\"og:image\" content=\"https:\/\/abaa.mx\/tienda\/wp-content\/uploads\/2023\/10\/EXTECH-EN100.jpg\" \/>\n\t<meta property=\"og:image:width\" content=\"388\" \/>\n\t<meta property=\"og:image:height\" content=\"538\" \/>\n\t<meta property=\"og:image:type\" content=\"image\/jpeg\" \/>\n<meta name=\"twitter:card\" content=\"summary_large_image\" \/>\n<meta name=\"twitter:label1\" content=\"Tiempo de lectura\" \/>\n\t<meta name=\"twitter:data1\" content=\"1 minuto\" \/>\n<script type=\"application\/ld+json\" class=\"yoast-schema-graph\">{\"@context\":\"https:\/\/schema.org\",\"@graph\":[{\"@type\":\"WebPage\",\"@id\":\"https:\/\/abaa.mx\/tienda\/manometro-digital-ametek-crystal-xp2i-de-0-a-5000-psi-precision-de-escala-completa-del-005\/\",\"url\":\"https:\/\/abaa.mx\/tienda\/manometro-digital-ametek-crystal-xp2i-de-0-a-5000-psi-precision-de-escala-completa-del-005\/\",\"name\":\"En100 \u2014 medidor ambiental 11 en 1, mide velocidad del aire, flujo de aire, temperatura, humedad, bulbo humestado, punto de rocio, indice de calor, sensacion termica, presion barometrica y altitud. - Abaa tienda online\",\"isPartOf\":{\"@id\":\"https:\/\/abaa.mx\/tienda\/#website\"},\"primaryImageOfPage\":{\"@id\":\"https:\/\/abaa.mx\/tienda\/manometro-digital-ametek-crystal-xp2i-de-0-a-5000-psi-precision-de-escala-completa-del-005\/#primaryimage\"},\"image\":{\"@id\":\"https:\/\/abaa.mx\/tienda\/manometro-digital-ametek-crystal-xp2i-de-0-a-5000-psi-precision-de-escala-completa-del-005\/#primaryimage\"},\"thumbnailUrl\":\"https:\/\/abaa.mx\/tienda\/wp-content\/uploads\/2023\/10\/EXTECH-EN100.jpg\",\"datePublished\":\"2023-10-20T15:54:23+00:00\",\"dateModified\":\"2023-12-11T17:49:59+00:00\",\"breadcrumb\":{\"@id\":\"https:\/\/abaa.mx\/tienda\/manometro-digital-ametek-crystal-xp2i-de-0-a-5000-psi-precision-de-escala-completa-del-005\/#breadcrumb\"},\"inLanguage\":\"es\",\"potentialAction\":[{\"@type\":\"ReadAction\",\"target\":[\"https:\/\/abaa.mx\/tienda\/manometro-digital-ametek-crystal-xp2i-de-0-a-5000-psi-precision-de-escala-completa-del-005\/\"]}]},{\"@type\":\"ImageObject\",\"inLanguage\":\"es\",\"@id\":\"https:\/\/abaa.mx\/tienda\/manometro-digital-ametek-crystal-xp2i-de-0-a-5000-psi-precision-de-escala-completa-del-005\/#primaryimage\",\"url\":\"https:\/\/abaa.mx\/tienda\/wp-content\/uploads\/2023\/10\/EXTECH-EN100.jpg\",\"contentUrl\":\"https:\/\/abaa.mx\/tienda\/wp-content\/uploads\/2023\/10\/EXTECH-EN100.jpg\",\"width\":388,\"height\":538,\"caption\":\"EXTECH-EN100\"},{\"@type\":\"BreadcrumbList\",\"@id\":\"https:\/\/abaa.mx\/tienda\/manometro-digital-ametek-crystal-xp2i-de-0-a-5000-psi-precision-de-escala-completa-del-005\/#breadcrumb\",\"itemListElement\":[{\"@type\":\"ListItem\",\"position\":1,\"name\":\"Inicio\",\"item\":\"https:\/\/abaa.mx\/tienda\/\"},{\"@type\":\"ListItem\",\"position\":2,\"name\":\"Tienda\",\"item\":\"https:\/\/abaa.mx\/tienda\/\"},{\"@type\":\"ListItem\",\"position\":3,\"name\":\"En100 \u2014 medidor ambiental 11 en 1, mide velocidad del aire, flujo de aire, temperatura, humedad, bulbo humestado, punto de rocio, indice de calor, sensacion termica, presion barometrica y altitud.\"}]},{\"@type\":\"WebSite\",\"@id\":\"https:\/\/abaa.mx\/tienda\/#website\",\"url\":\"https:\/\/abaa.mx\/tienda\/\",\"name\":\"Abaa tienda online\",\"description\":\"Instrumentos de medici\u00f3n\",\"publisher\":{\"@id\":\"https:\/\/abaa.mx\/tienda\/#organization\"},\"potentialAction\":[{\"@type\":\"SearchAction\",\"target\":{\"@type\":\"EntryPoint\",\"urlTemplate\":\"https:\/\/abaa.mx\/tienda\/?s={search_term_string}\"},\"query-input\":{\"@type\":\"PropertyValueSpecification\",\"valueRequired\":true,\"valueName\":\"search_term_string\"}}],\"inLanguage\":\"es\"},{\"@type\":\"Organization\",\"@id\":\"https:\/\/abaa.mx\/tienda\/#organization\",\"name\":\"Abaa tienda online\",\"url\":\"https:\/\/abaa.mx\/tienda\/\",\"logo\":{\"@type\":\"ImageObject\",\"inLanguage\":\"es\",\"@id\":\"https:\/\/abaa.mx\/tienda\/#\/schema\/logo\/image\/\",\"url\":\"https:\/\/abaa.mx\/tienda\/wp-content\/uploads\/2024\/01\/abaa-metrologia-tienda.png\",\"contentUrl\":\"https:\/\/abaa.mx\/tienda\/wp-content\/uploads\/2024\/01\/abaa-metrologia-tienda.png\",\"width\":300,\"height\":141,\"caption\":\"Abaa tienda online\"},\"image\":{\"@id\":\"https:\/\/abaa.mx\/tienda\/#\/schema\/logo\/image\/\"}}]}<\/script>\n<!-- \/ Yoast SEO plugin. -->","yoast_head_json":{"title":"En100 \u2014 medidor ambiental 11 en 1, mide velocidad del aire, flujo de aire, temperatura, humedad, bulbo humestado, punto de rocio, indice de calor, sensacion termica, presion barometrica y altitud. - Abaa tienda online","robots":{"index":"index","follow":"follow","max-snippet":"max-snippet:-1","max-image-preview":"max-image-preview:large","max-video-preview":"max-video-preview:-1"},"canonical":"https:\/\/abaa.mx\/tienda\/manometro-digital-ametek-crystal-xp2i-de-0-a-5000-psi-precision-de-escala-completa-del-005\/","og_locale":"es_MX","og_type":"article","og_title":"En100 \u2014 medidor ambiental 11 en 1, mide velocidad del aire, flujo de aire, temperatura, humedad, bulbo humestado, punto de rocio, indice de calor, sensacion termica, presion barometrica y altitud. - Abaa tienda online","og_description":"Caracter\u00edsticas:   Los sensores incorporados miden la velocidad del aire, el flujo de aire, la temperatura, la humedad, el bulbo h\u00famedo, el punto de roc\u00edo, el \u00edndice de calor, la sensaci\u00f3n t\u00e9rmica, la presi\u00f3n barom\u00e9trica, la altitud y la luz.  La rueda de paletas de baja fricci\u00f3n reemplazable en el campo mejora la precisi\u00f3n de la velocidad del aire.  Pantalla LCD retroiluminada (apagado autom\u00e1tico despu\u00e9s de 5 segundos).  Retenci\u00f3n de datos, apagado autom\u00e1tico, pantalla giratoria seg\u00fan la funci\u00f3n.  Completo con sensores multiparam\u00e9tricos integrados, mu\u00f1equera y bater\u00eda CR2032.","og_url":"https:\/\/abaa.mx\/tienda\/manometro-digital-ametek-crystal-xp2i-de-0-a-5000-psi-precision-de-escala-completa-del-005\/","og_site_name":"Abaa tienda online","article_modified_time":"2023-12-11T17:49:59+00:00","og_image":[{"width":388,"height":538,"url":"https:\/\/abaa.mx\/tienda\/wp-content\/uploads\/2023\/10\/EXTECH-EN100.jpg","type":"image\/jpeg"}],"twitter_card":"summary_large_image","twitter_misc":{"Tiempo de lectura":"1 minuto"},"schema":{"@context":"https:\/\/schema.org","@graph":[{"@type":"WebPage","@id":"https:\/\/abaa.mx\/tienda\/manometro-digital-ametek-crystal-xp2i-de-0-a-5000-psi-precision-de-escala-completa-del-005\/","url":"https:\/\/abaa.mx\/tienda\/manometro-digital-ametek-crystal-xp2i-de-0-a-5000-psi-precision-de-escala-completa-del-005\/","name":"En100 \u2014 medidor ambiental 11 en 1, mide velocidad del aire, flujo de aire, temperatura, humedad, bulbo humestado, punto de rocio, indice de calor, sensacion termica, presion barometrica y altitud. - Abaa tienda online","isPartOf":{"@id":"https:\/\/abaa.mx\/tienda\/#website"},"primaryImageOfPage":{"@id":"https:\/\/abaa.mx\/tienda\/manometro-digital-ametek-crystal-xp2i-de-0-a-5000-psi-precision-de-escala-completa-del-005\/#primaryimage"},"image":{"@id":"https:\/\/abaa.mx\/tienda\/manometro-digital-ametek-crystal-xp2i-de-0-a-5000-psi-precision-de-escala-completa-del-005\/#primaryimage"},"thumbnailUrl":"https:\/\/abaa.mx\/tienda\/wp-content\/uploads\/2023\/10\/EXTECH-EN100.jpg","datePublished":"2023-10-20T15:54:23+00:00","dateModified":"2023-12-11T17:49:59+00:00","breadcrumb":{"@id":"https:\/\/abaa.mx\/tienda\/manometro-digital-ametek-crystal-xp2i-de-0-a-5000-psi-precision-de-escala-completa-del-005\/#breadcrumb"},"inLanguage":"es","potentialAction":[{"@type":"ReadAction","target":["https:\/\/abaa.mx\/tienda\/manometro-digital-ametek-crystal-xp2i-de-0-a-5000-psi-precision-de-escala-completa-del-005\/"]}]},{"@type":"ImageObject","inLanguage":"es","@id":"https:\/\/abaa.mx\/tienda\/manometro-digital-ametek-crystal-xp2i-de-0-a-5000-psi-precision-de-escala-completa-del-005\/#primaryimage","url":"https:\/\/abaa.mx\/tienda\/wp-content\/uploads\/2023\/10\/EXTECH-EN100.jpg","contentUrl":"https:\/\/abaa.mx\/tienda\/wp-content\/uploads\/2023\/10\/EXTECH-EN100.jpg","width":388,"height":538,"caption":"EXTECH-EN100"},{"@type":"BreadcrumbList","@id":"https:\/\/abaa.mx\/tienda\/manometro-digital-ametek-crystal-xp2i-de-0-a-5000-psi-precision-de-escala-completa-del-005\/#breadcrumb","itemListElement":[{"@type":"ListItem","position":1,"name":"Inicio","item":"https:\/\/abaa.mx\/tienda\/"},{"@type":"ListItem","position":2,"name":"Tienda","item":"https:\/\/abaa.mx\/tienda\/"},{"@type":"ListItem","position":3,"name":"En100 \u2014 medidor ambiental 11 en 1, mide velocidad del aire, flujo de aire, temperatura, humedad, bulbo humestado, punto de rocio, indice de calor, sensacion termica, presion barometrica y altitud."}]},{"@type":"WebSite","@id":"https:\/\/abaa.mx\/tienda\/#website","url":"https:\/\/abaa.mx\/tienda\/","name":"Abaa tienda online","description":"Instrumentos de medici\u00f3n","publisher":{"@id":"https:\/\/abaa.mx\/tienda\/#organization"},"potentialAction":[{"@type":"SearchAction","target":{"@type":"EntryPoint","urlTemplate":"https:\/\/abaa.mx\/tienda\/?s={search_term_string}"},"query-input":{"@type":"PropertyValueSpecification","valueRequired":true,"valueName":"search_term_string"}}],"inLanguage":"es"},{"@type":"Organization","@id":"https:\/\/abaa.mx\/tienda\/#organization","name":"Abaa tienda online","url":"https:\/\/abaa.mx\/tienda\/","logo":{"@type":"ImageObject","inLanguage":"es","@id":"https:\/\/abaa.mx\/tienda\/#\/schema\/logo\/image\/","url":"https:\/\/abaa.mx\/tienda\/wp-content\/uploads\/2024\/01\/abaa-metrologia-tienda.png","contentUrl":"https:\/\/abaa.mx\/tienda\/wp-content\/uploads\/2024\/01\/abaa-metrologia-tienda.png","width":300,"height":141,"caption":"Abaa tienda online"},"image":{"@id":"https:\/\/abaa.mx\/tienda\/#\/schema\/logo\/image\/"}}]}},"_links":{"self":[{"href":"https:\/\/abaa.mx\/tienda\/wp-json\/wp\/v2\/product\/7021","targetHints":{"allow":["GET"]}}],"collection":[{"href":"https:\/\/abaa.mx\/tienda\/wp-json\/wp\/v2\/product"}],"about":[{"href":"https:\/\/abaa.mx\/tienda\/wp-json\/wp\/v2\/types\/product"}],"replies":[{"embeddable":true,"href":"https:\/\/abaa.mx\/tienda\/wp-json\/wp\/v2\/comments?post=7021"}],"wp:featuredmedia":[{"embeddable":true,"href":"https:\/\/abaa.mx\/tienda\/wp-json\/wp\/v2\/media\/9740"}],"wp:attachment":[{"href":"https:\/\/abaa.mx\/tienda\/wp-json\/wp\/v2\/media?parent=7021"}],"wp:term":[{"taxonomy":"product_brand","embeddable":true,"href":"https:\/\/abaa.mx\/tienda\/wp-json\/wp\/v2\/product_brand?post=7021"},{"taxonomy":"product_cat","embeddable":true,"href":"https:\/\/abaa.mx\/tienda\/wp-json\/wp\/v2\/product_cat?post=7021"},{"taxonomy":"product_tag","embeddable":true,"href":"https:\/\/abaa.mx\/tienda\/wp-json\/wp\/v2\/product_tag?post=7021"}],"curies":[{"name":"wp","href":"https:\/\/api.w.org\/{rel}","templated":true}]}}