{"id":7020,"date":"2023-10-20T15:53:04","date_gmt":"2023-10-20T15:53:04","guid":{"rendered":"https:\/\/abaa.mx\/tienda\/?post_type=product&#038;p=7020"},"modified":"2023-12-11T17:59:02","modified_gmt":"2023-12-11T17:59:02","slug":"manometro-digital-ametek-crystal-xp2i-con-doble-pantalla-y-dataloggerxp-de-0-a-5-000-psi","status":"publish","type":"product","link":"https:\/\/abaa.mx\/tienda\/manometro-digital-ametek-crystal-xp2i-con-doble-pantalla-y-dataloggerxp-de-0-a-5-000-psi\/","title":{"rendered":"Wth600-kit \u2014 estacion meteorologica: humedad, temperatura, direccion y velocidad de viento, cantidad de lluvia"},"content":{"rendered":"<p>Wth600-kit \u2014 estacion meteorologica: humedad, temperatura, direccion y velocidad de viento, cantidad de lluvia.<\/p>\n","protected":false},"excerpt":{"rendered":"<h4>Caracter\u00edsticas:<\/h4>\n<ul>\n<li>Alarmas HI (Alto)\/LO (Bajo) alertan al usuario cuando se exceden los l\u00edmites programados.<\/li>\n<li>La presi\u00f3n barom\u00e9trica es calculada y ayuda a pronosticar el clima y posibles tormentas.<\/li>\n<li>Funci\u00f3n MIN\/M\u00c1X incluye sello de fecha\/hora.<\/li>\n<li>Ver la intensidad de lluvia y cantidades diaria\/semanal\/mensual.<\/li>\n<li>Los niveles de velocidad del viento se muestran en la escala Beaufort.<\/li>\n<li>Se calculan y muestran el enfriamiento e\u00f3lico, \u00edndice de calor, punto de roc\u00edo y nivel de comodidad.Estaci\u00f3n Meteorol\u00f3gica Inal\u00e1mbrica WTH600 de Extech, con sensor inal\u00e1mbrico 5 en\u00a0 El sensor incluye un recolector de lluvia de vaciado autom\u00e1tico para medir la precipitaci\u00f3n, un anem\u00f3metro para velocidad del viento, una veleta para la direcci\u00f3n del viento, un sensor de temperatura y un sensor de humedad relativa. El WTH600 viene totalmente montado y calibrado para su conveniencia. El sensor transmite datos hasta 150m (492 ft.), en l\u00ednea visual, ala pantalla de la unidad principal a trav\u00e9s de radio frecuencia de baja potencia. La unidad principal muestra todos los datos de clima recibidos del sensor y el usuario puede recobrar datos guardados de clima (periodos de 24).<\/li>\n<\/ul>\n","protected":false},"featured_media":9742,"comment_status":"open","ping_status":"closed","template":"","meta":{"_joinchat":[]},"product_brand":[],"product_cat":[15],"product_tag":[],"class_list":{"0":"post-7020","1":"product","2":"type-product","3":"status-publish","4":"has-post-thumbnail","6":"product_cat-sin-categorizar","8":"first","9":"instock","10":"shipping-taxable","11":"product-type-simple"},"yoast_head":"<!-- This site is optimized with the Yoast SEO plugin v26.4 - https:\/\/yoast.com\/wordpress\/plugins\/seo\/ -->\n<title>Wth600-kit \u2014 estacion meteorologica: humedad, temperatura, direccion y velocidad de viento, cantidad de lluvia - Abaa tienda online<\/title>\n<meta name=\"robots\" content=\"index, follow, max-snippet:-1, max-image-preview:large, max-video-preview:-1\" \/>\n<link rel=\"canonical\" href=\"https:\/\/abaa.mx\/tienda\/manometro-digital-ametek-crystal-xp2i-con-doble-pantalla-y-dataloggerxp-de-0-a-5-000-psi\/\" \/>\n<meta property=\"og:locale\" content=\"es_MX\" \/>\n<meta property=\"og:type\" content=\"article\" \/>\n<meta property=\"og:title\" content=\"Wth600-kit \u2014 estacion meteorologica: humedad, temperatura, direccion y velocidad de viento, cantidad de lluvia - Abaa tienda online\" \/>\n<meta property=\"og:description\" content=\"Caracter\u00edsticas:   Alarmas HI (Alto)\/LO (Bajo) alertan al usuario cuando se exceden los l\u00edmites programados.  La presi\u00f3n barom\u00e9trica es calculada y ayuda a pronosticar el clima y posibles tormentas.  Funci\u00f3n MIN\/M\u00c1X incluye sello de fecha\/hora.  Ver la intensidad de lluvia y cantidades diaria\/semanal\/mensual.  Los niveles de velocidad del viento se muestran en la escala Beaufort.  Se calculan y muestran el enfriamiento e\u00f3lico, \u00edndice de calor, punto de roc\u00edo y nivel de comodidad.Estaci\u00f3n Meteorol\u00f3gica Inal\u00e1mbrica WTH600 de Extech, con sensor inal\u00e1mbrico 5 en\u00a0 El sensor incluye un recolector de lluvia de vaciado autom\u00e1tico para medir la precipitaci\u00f3n, un anem\u00f3metro para velocidad del viento, una veleta para la direcci\u00f3n del viento, un sensor de temperatura y un sensor de humedad relativa. El WTH600 viene totalmente montado y calibrado para su conveniencia. El sensor transmite datos hasta 150m (492 ft.), en l\u00ednea visual, ala pantalla de la unidad principal a trav\u00e9s de radio frecuencia de baja potencia. La unidad principal muestra todos los datos de clima recibidos del sensor y el usuario puede recobrar datos guardados de clima (periodos de 24).\" \/>\n<meta property=\"og:url\" content=\"https:\/\/abaa.mx\/tienda\/manometro-digital-ametek-crystal-xp2i-con-doble-pantalla-y-dataloggerxp-de-0-a-5-000-psi\/\" \/>\n<meta property=\"og:site_name\" content=\"Abaa tienda online\" \/>\n<meta property=\"article:modified_time\" content=\"2023-12-11T17:59:02+00:00\" \/>\n<meta property=\"og:image\" content=\"https:\/\/abaa.mx\/tienda\/wp-content\/uploads\/2023\/10\/EXTECH-WTH600KIT.jpg\" \/>\n\t<meta property=\"og:image:width\" content=\"518\" \/>\n\t<meta property=\"og:image:height\" content=\"563\" \/>\n\t<meta property=\"og:image:type\" content=\"image\/jpeg\" \/>\n<meta name=\"twitter:card\" content=\"summary_large_image\" \/>\n<meta name=\"twitter:label1\" content=\"Tiempo de lectura\" \/>\n\t<meta name=\"twitter:data1\" content=\"1 minuto\" \/>\n<script type=\"application\/ld+json\" class=\"yoast-schema-graph\">{\"@context\":\"https:\/\/schema.org\",\"@graph\":[{\"@type\":\"WebPage\",\"@id\":\"https:\/\/abaa.mx\/tienda\/manometro-digital-ametek-crystal-xp2i-con-doble-pantalla-y-dataloggerxp-de-0-a-5-000-psi\/\",\"url\":\"https:\/\/abaa.mx\/tienda\/manometro-digital-ametek-crystal-xp2i-con-doble-pantalla-y-dataloggerxp-de-0-a-5-000-psi\/\",\"name\":\"Wth600-kit \u2014 estacion meteorologica: humedad, temperatura, direccion y velocidad de viento, cantidad de lluvia - Abaa tienda online\",\"isPartOf\":{\"@id\":\"https:\/\/abaa.mx\/tienda\/#website\"},\"primaryImageOfPage\":{\"@id\":\"https:\/\/abaa.mx\/tienda\/manometro-digital-ametek-crystal-xp2i-con-doble-pantalla-y-dataloggerxp-de-0-a-5-000-psi\/#primaryimage\"},\"image\":{\"@id\":\"https:\/\/abaa.mx\/tienda\/manometro-digital-ametek-crystal-xp2i-con-doble-pantalla-y-dataloggerxp-de-0-a-5-000-psi\/#primaryimage\"},\"thumbnailUrl\":\"https:\/\/abaa.mx\/tienda\/wp-content\/uploads\/2023\/10\/EXTECH-WTH600KIT.jpg\",\"datePublished\":\"2023-10-20T15:53:04+00:00\",\"dateModified\":\"2023-12-11T17:59:02+00:00\",\"breadcrumb\":{\"@id\":\"https:\/\/abaa.mx\/tienda\/manometro-digital-ametek-crystal-xp2i-con-doble-pantalla-y-dataloggerxp-de-0-a-5-000-psi\/#breadcrumb\"},\"inLanguage\":\"es\",\"potentialAction\":[{\"@type\":\"ReadAction\",\"target\":[\"https:\/\/abaa.mx\/tienda\/manometro-digital-ametek-crystal-xp2i-con-doble-pantalla-y-dataloggerxp-de-0-a-5-000-psi\/\"]}]},{\"@type\":\"ImageObject\",\"inLanguage\":\"es\",\"@id\":\"https:\/\/abaa.mx\/tienda\/manometro-digital-ametek-crystal-xp2i-con-doble-pantalla-y-dataloggerxp-de-0-a-5-000-psi\/#primaryimage\",\"url\":\"https:\/\/abaa.mx\/tienda\/wp-content\/uploads\/2023\/10\/EXTECH-WTH600KIT.jpg\",\"contentUrl\":\"https:\/\/abaa.mx\/tienda\/wp-content\/uploads\/2023\/10\/EXTECH-WTH600KIT.jpg\",\"width\":518,\"height\":563,\"caption\":\"EXTECH-WTH600KIT\"},{\"@type\":\"BreadcrumbList\",\"@id\":\"https:\/\/abaa.mx\/tienda\/manometro-digital-ametek-crystal-xp2i-con-doble-pantalla-y-dataloggerxp-de-0-a-5-000-psi\/#breadcrumb\",\"itemListElement\":[{\"@type\":\"ListItem\",\"position\":1,\"name\":\"Inicio\",\"item\":\"https:\/\/abaa.mx\/tienda\/\"},{\"@type\":\"ListItem\",\"position\":2,\"name\":\"Tienda\",\"item\":\"https:\/\/abaa.mx\/tienda\/\"},{\"@type\":\"ListItem\",\"position\":3,\"name\":\"Wth600-kit \u2014 estacion meteorologica: humedad, temperatura, direccion y velocidad de viento, cantidad de lluvia\"}]},{\"@type\":\"WebSite\",\"@id\":\"https:\/\/abaa.mx\/tienda\/#website\",\"url\":\"https:\/\/abaa.mx\/tienda\/\",\"name\":\"Abaa tienda online\",\"description\":\"Instrumentos de medici\u00f3n\",\"publisher\":{\"@id\":\"https:\/\/abaa.mx\/tienda\/#organization\"},\"potentialAction\":[{\"@type\":\"SearchAction\",\"target\":{\"@type\":\"EntryPoint\",\"urlTemplate\":\"https:\/\/abaa.mx\/tienda\/?s={search_term_string}\"},\"query-input\":{\"@type\":\"PropertyValueSpecification\",\"valueRequired\":true,\"valueName\":\"search_term_string\"}}],\"inLanguage\":\"es\"},{\"@type\":\"Organization\",\"@id\":\"https:\/\/abaa.mx\/tienda\/#organization\",\"name\":\"Abaa tienda online\",\"url\":\"https:\/\/abaa.mx\/tienda\/\",\"logo\":{\"@type\":\"ImageObject\",\"inLanguage\":\"es\",\"@id\":\"https:\/\/abaa.mx\/tienda\/#\/schema\/logo\/image\/\",\"url\":\"https:\/\/abaa.mx\/tienda\/wp-content\/uploads\/2024\/01\/abaa-metrologia-tienda.png\",\"contentUrl\":\"https:\/\/abaa.mx\/tienda\/wp-content\/uploads\/2024\/01\/abaa-metrologia-tienda.png\",\"width\":300,\"height\":141,\"caption\":\"Abaa tienda online\"},\"image\":{\"@id\":\"https:\/\/abaa.mx\/tienda\/#\/schema\/logo\/image\/\"}}]}<\/script>\n<!-- \/ Yoast SEO plugin. -->","yoast_head_json":{"title":"Wth600-kit \u2014 estacion meteorologica: humedad, temperatura, direccion y velocidad de viento, cantidad de lluvia - Abaa tienda online","robots":{"index":"index","follow":"follow","max-snippet":"max-snippet:-1","max-image-preview":"max-image-preview:large","max-video-preview":"max-video-preview:-1"},"canonical":"https:\/\/abaa.mx\/tienda\/manometro-digital-ametek-crystal-xp2i-con-doble-pantalla-y-dataloggerxp-de-0-a-5-000-psi\/","og_locale":"es_MX","og_type":"article","og_title":"Wth600-kit \u2014 estacion meteorologica: humedad, temperatura, direccion y velocidad de viento, cantidad de lluvia - Abaa tienda online","og_description":"Caracter\u00edsticas:   Alarmas HI (Alto)\/LO (Bajo) alertan al usuario cuando se exceden los l\u00edmites programados.  La presi\u00f3n barom\u00e9trica es calculada y ayuda a pronosticar el clima y posibles tormentas.  Funci\u00f3n MIN\/M\u00c1X incluye sello de fecha\/hora.  Ver la intensidad de lluvia y cantidades diaria\/semanal\/mensual.  Los niveles de velocidad del viento se muestran en la escala Beaufort.  Se calculan y muestran el enfriamiento e\u00f3lico, \u00edndice de calor, punto de roc\u00edo y nivel de comodidad.Estaci\u00f3n Meteorol\u00f3gica Inal\u00e1mbrica WTH600 de Extech, con sensor inal\u00e1mbrico 5 en\u00a0 El sensor incluye un recolector de lluvia de vaciado autom\u00e1tico para medir la precipitaci\u00f3n, un anem\u00f3metro para velocidad del viento, una veleta para la direcci\u00f3n del viento, un sensor de temperatura y un sensor de humedad relativa. El WTH600 viene totalmente montado y calibrado para su conveniencia. El sensor transmite datos hasta 150m (492 ft.), en l\u00ednea visual, ala pantalla de la unidad principal a trav\u00e9s de radio frecuencia de baja potencia. La unidad principal muestra todos los datos de clima recibidos del sensor y el usuario puede recobrar datos guardados de clima (periodos de 24).","og_url":"https:\/\/abaa.mx\/tienda\/manometro-digital-ametek-crystal-xp2i-con-doble-pantalla-y-dataloggerxp-de-0-a-5-000-psi\/","og_site_name":"Abaa tienda online","article_modified_time":"2023-12-11T17:59:02+00:00","og_image":[{"width":518,"height":563,"url":"https:\/\/abaa.mx\/tienda\/wp-content\/uploads\/2023\/10\/EXTECH-WTH600KIT.jpg","type":"image\/jpeg"}],"twitter_card":"summary_large_image","twitter_misc":{"Tiempo de lectura":"1 minuto"},"schema":{"@context":"https:\/\/schema.org","@graph":[{"@type":"WebPage","@id":"https:\/\/abaa.mx\/tienda\/manometro-digital-ametek-crystal-xp2i-con-doble-pantalla-y-dataloggerxp-de-0-a-5-000-psi\/","url":"https:\/\/abaa.mx\/tienda\/manometro-digital-ametek-crystal-xp2i-con-doble-pantalla-y-dataloggerxp-de-0-a-5-000-psi\/","name":"Wth600-kit \u2014 estacion meteorologica: humedad, temperatura, direccion y velocidad de viento, cantidad de lluvia - Abaa tienda online","isPartOf":{"@id":"https:\/\/abaa.mx\/tienda\/#website"},"primaryImageOfPage":{"@id":"https:\/\/abaa.mx\/tienda\/manometro-digital-ametek-crystal-xp2i-con-doble-pantalla-y-dataloggerxp-de-0-a-5-000-psi\/#primaryimage"},"image":{"@id":"https:\/\/abaa.mx\/tienda\/manometro-digital-ametek-crystal-xp2i-con-doble-pantalla-y-dataloggerxp-de-0-a-5-000-psi\/#primaryimage"},"thumbnailUrl":"https:\/\/abaa.mx\/tienda\/wp-content\/uploads\/2023\/10\/EXTECH-WTH600KIT.jpg","datePublished":"2023-10-20T15:53:04+00:00","dateModified":"2023-12-11T17:59:02+00:00","breadcrumb":{"@id":"https:\/\/abaa.mx\/tienda\/manometro-digital-ametek-crystal-xp2i-con-doble-pantalla-y-dataloggerxp-de-0-a-5-000-psi\/#breadcrumb"},"inLanguage":"es","potentialAction":[{"@type":"ReadAction","target":["https:\/\/abaa.mx\/tienda\/manometro-digital-ametek-crystal-xp2i-con-doble-pantalla-y-dataloggerxp-de-0-a-5-000-psi\/"]}]},{"@type":"ImageObject","inLanguage":"es","@id":"https:\/\/abaa.mx\/tienda\/manometro-digital-ametek-crystal-xp2i-con-doble-pantalla-y-dataloggerxp-de-0-a-5-000-psi\/#primaryimage","url":"https:\/\/abaa.mx\/tienda\/wp-content\/uploads\/2023\/10\/EXTECH-WTH600KIT.jpg","contentUrl":"https:\/\/abaa.mx\/tienda\/wp-content\/uploads\/2023\/10\/EXTECH-WTH600KIT.jpg","width":518,"height":563,"caption":"EXTECH-WTH600KIT"},{"@type":"BreadcrumbList","@id":"https:\/\/abaa.mx\/tienda\/manometro-digital-ametek-crystal-xp2i-con-doble-pantalla-y-dataloggerxp-de-0-a-5-000-psi\/#breadcrumb","itemListElement":[{"@type":"ListItem","position":1,"name":"Inicio","item":"https:\/\/abaa.mx\/tienda\/"},{"@type":"ListItem","position":2,"name":"Tienda","item":"https:\/\/abaa.mx\/tienda\/"},{"@type":"ListItem","position":3,"name":"Wth600-kit \u2014 estacion meteorologica: humedad, temperatura, direccion y velocidad de viento, cantidad de lluvia"}]},{"@type":"WebSite","@id":"https:\/\/abaa.mx\/tienda\/#website","url":"https:\/\/abaa.mx\/tienda\/","name":"Abaa tienda online","description":"Instrumentos de medici\u00f3n","publisher":{"@id":"https:\/\/abaa.mx\/tienda\/#organization"},"potentialAction":[{"@type":"SearchAction","target":{"@type":"EntryPoint","urlTemplate":"https:\/\/abaa.mx\/tienda\/?s={search_term_string}"},"query-input":{"@type":"PropertyValueSpecification","valueRequired":true,"valueName":"search_term_string"}}],"inLanguage":"es"},{"@type":"Organization","@id":"https:\/\/abaa.mx\/tienda\/#organization","name":"Abaa tienda online","url":"https:\/\/abaa.mx\/tienda\/","logo":{"@type":"ImageObject","inLanguage":"es","@id":"https:\/\/abaa.mx\/tienda\/#\/schema\/logo\/image\/","url":"https:\/\/abaa.mx\/tienda\/wp-content\/uploads\/2024\/01\/abaa-metrologia-tienda.png","contentUrl":"https:\/\/abaa.mx\/tienda\/wp-content\/uploads\/2024\/01\/abaa-metrologia-tienda.png","width":300,"height":141,"caption":"Abaa tienda online"},"image":{"@id":"https:\/\/abaa.mx\/tienda\/#\/schema\/logo\/image\/"}}]}},"_links":{"self":[{"href":"https:\/\/abaa.mx\/tienda\/wp-json\/wp\/v2\/product\/7020","targetHints":{"allow":["GET"]}}],"collection":[{"href":"https:\/\/abaa.mx\/tienda\/wp-json\/wp\/v2\/product"}],"about":[{"href":"https:\/\/abaa.mx\/tienda\/wp-json\/wp\/v2\/types\/product"}],"replies":[{"embeddable":true,"href":"https:\/\/abaa.mx\/tienda\/wp-json\/wp\/v2\/comments?post=7020"}],"wp:featuredmedia":[{"embeddable":true,"href":"https:\/\/abaa.mx\/tienda\/wp-json\/wp\/v2\/media\/9742"}],"wp:attachment":[{"href":"https:\/\/abaa.mx\/tienda\/wp-json\/wp\/v2\/media?parent=7020"}],"wp:term":[{"taxonomy":"product_brand","embeddable":true,"href":"https:\/\/abaa.mx\/tienda\/wp-json\/wp\/v2\/product_brand?post=7020"},{"taxonomy":"product_cat","embeddable":true,"href":"https:\/\/abaa.mx\/tienda\/wp-json\/wp\/v2\/product_cat?post=7020"},{"taxonomy":"product_tag","embeddable":true,"href":"https:\/\/abaa.mx\/tienda\/wp-json\/wp\/v2\/product_tag?post=7020"}],"curies":[{"name":"wp","href":"https:\/\/api.w.org\/{rel}","templated":true}]}}