{"id":7018,"date":"2023-10-20T15:48:50","date_gmt":"2023-10-20T15:48:50","guid":{"rendered":"https:\/\/abaa.mx\/tienda\/?post_type=product&#038;p=7018"},"modified":"2023-12-12T15:36:21","modified_gmt":"2023-12-12T15:36:21","slug":"manometro-digital-ametek-crystal-xp2i-con-sistema-a-de-0-a-500-psi","status":"publish","type":"product","link":"https:\/\/abaa.mx\/tienda\/manometro-digital-ametek-crystal-xp2i-con-sistema-a-de-0-a-500-psi\/","title":{"rendered":"Bz05 \u2014 termohigrometro para interiores, rango medicion 0 \u00b0c a +50 \u00b0c (32 \u00b0f a 120 \u00b0f)"},"content":{"rendered":"<p>Bz05 \u2014 termohigrometro para interiores, rango medicion 0 \u00b0c a +50 \u00b0c (32 \u00b0f a 120 \u00b0f).<\/p>\n","protected":false},"excerpt":{"rendered":"<p>El BZ05 muestra, en la pantalla LCD grande de f\u00e1cil lectura, los dos factores decisivos para un &#8220;ambiente agradable&#8221; \u2013 la temperatura ambiental y la humedad relativa del aire \u2013 junto con la hora o la fecha en d\u00edgitos grandes. En el BZ05 tambi\u00e9n se pueden llamar los valores m\u00ednimos y m\u00e1ximos registrados.<\/p>\n<h4>Caracter\u00edsticas:<\/h4>\n<p>Medidor de sobremesa de temperatura y humedad ambiental<br \/>\nEl termohigr\u00f3metro BZ05\u00a0multifuncional para el interior mide continuamente la temperatura del aire y la humedad. Tambi\u00e9n muestra en la pantalla iluminada la hora y la fecha. Con la funci\u00f3n de alarma confiable y el dise\u00f1o moderno, el BZ05 no es s\u00f3lo un adorno para la mesita de noche, sino tambi\u00e9n un importante proveedor de todos los datos clim\u00e1ticos.<br \/>\nEl econ\u00f3mico BZ05 tiene un dise\u00f1o elegante e intemporal. Se trata de un medidor de sobremesa pero tambi\u00e9n puede montarse en una pared. Adem\u00e1s contiene un indicador de confort integrado, que es otra caracter\u00edstica muy pr\u00e1ctica. El indicador muestra de forma r\u00e1pida si el clima actual de la habitaci\u00f3n es \u00f3ptimo &#8211; o s\u00f3lo es aceptable &#8211; y tambi\u00e9n si es cr\u00edtico para los ocupantes de la habitaci\u00f3n.<br \/>\n\u00d3ptimo para:<\/p>\n<ul>\n<li>comprobar el clima y confort en el hogar, escuelas, oficina, etc.<\/li>\n<li>medir las condiciones clim\u00e1ticas y confort en laboratorios, cl\u00ednicas, conservatorios, talleres,&#8230;<\/li>\n<li>medir la temperatura y humedad en museos, galer\u00edas, bibliotecas,&#8230;<\/li>\n<\/ul>\n<h4>Resumen de algunos detalles t\u00e9cnicos del BZ05:<\/h4>\n<p>Temperatura del aire:<\/p>\n<ul>\n<li>Rango de medici\u00f3n: 0\u00a0\u00b0C a +50\u00a0\u00b0C (32 \u00b0F a 120 \u00b0F)<\/li>\n<li>Resoluci\u00f3n: 0,1\u00a0\u00b0C<\/li>\n<li>Precisi\u00f3n: \u00b11\u00a0\u00b0C (\u00b11,8 \u00b0F)<\/li>\n<\/ul>\n<h4>Humedad relativa:<\/h4>\n<ul>\n<li>Rango de medici\u00f3n: 10% a 90%<\/li>\n<li>Resoluci\u00f3n: 1%<\/li>\n<li>Precisi\u00f3n: m\u00e1x. \u00b1 5%<\/li>\n<\/ul>\n<ul>\n<li>Dimensiones: 108 x 60 x 15\u00a0mm<\/li>\n<li>Peso: 74 g (bater\u00eda incl.)<\/li>\n<\/ul>\n<ul>\n<li><em>Funciones:<\/em>\u00a0Indicaci\u00f3n del valor m\u00e1ximo y m\u00ednimo, fecha y hora, indicador de fecha y confort, despertador, Visualizaci\u00f3n simult\u00e1nea de la temperatura ambiental, la humedad relativa<\/li>\n<li><em>Suministro:<\/em>\u00a0Medidor, bater\u00eda, manual de instrucciones<\/li>\n<\/ul>\n","protected":false},"featured_media":9747,"comment_status":"open","ping_status":"closed","template":"","meta":{"_joinchat":[]},"product_brand":[],"product_cat":[15],"product_tag":[],"class_list":{"0":"post-7018","1":"product","2":"type-product","3":"status-publish","4":"has-post-thumbnail","6":"product_cat-sin-categorizar","8":"first","9":"instock","10":"shipping-taxable","11":"product-type-simple"},"yoast_head":"<!-- This site is optimized with the Yoast SEO plugin v26.4 - https:\/\/yoast.com\/wordpress\/plugins\/seo\/ -->\n<title>Bz05 \u2014 termohigrometro para interiores, rango medicion 0 \u00b0c a +50 \u00b0c (32 \u00b0f a 120 \u00b0f) - Abaa tienda online<\/title>\n<meta name=\"robots\" content=\"index, follow, max-snippet:-1, max-image-preview:large, max-video-preview:-1\" \/>\n<link rel=\"canonical\" href=\"https:\/\/abaa.mx\/tienda\/manometro-digital-ametek-crystal-xp2i-con-sistema-a-de-0-a-500-psi\/\" \/>\n<meta property=\"og:locale\" content=\"es_MX\" \/>\n<meta property=\"og:type\" content=\"article\" \/>\n<meta property=\"og:title\" content=\"Bz05 \u2014 termohigrometro para interiores, rango medicion 0 \u00b0c a +50 \u00b0c (32 \u00b0f a 120 \u00b0f) - Abaa tienda online\" \/>\n<meta property=\"og:description\" content=\"El BZ05 muestra, en la pantalla LCD grande de f\u00e1cil lectura, los dos factores decisivos para un &quot;ambiente agradable&quot; \u2013 la temperatura ambiental y la humedad relativa del aire \u2013 junto con la hora o la fecha en d\u00edgitos grandes. En el BZ05 tambi\u00e9n se pueden llamar los valores m\u00ednimos y m\u00e1ximos registrados. Caracter\u00edsticas: Medidor de sobremesa de temperatura y humedad ambiental El termohigr\u00f3metro BZ05\u00a0multifuncional para el interior mide continuamente la temperatura del aire y la humedad. Tambi\u00e9n muestra en la pantalla iluminada la hora y la fecha. Con la funci\u00f3n de alarma confiable y el dise\u00f1o moderno, el BZ05 no es s\u00f3lo un adorno para la mesita de noche, sino tambi\u00e9n un importante proveedor de todos los datos clim\u00e1ticos. El econ\u00f3mico BZ05 tiene un dise\u00f1o elegante e intemporal. Se trata de un medidor de sobremesa pero tambi\u00e9n puede montarse en una pared. Adem\u00e1s contiene un indicador de confort integrado, que es otra caracter\u00edstica muy pr\u00e1ctica. El indicador muestra de forma r\u00e1pida si el clima actual de la habitaci\u00f3n es \u00f3ptimo - o s\u00f3lo es aceptable - y tambi\u00e9n si es cr\u00edtico para los ocupantes de la habitaci\u00f3n. \u00d3ptimo para:   comprobar el clima y confort en el hogar, escuelas, oficina, etc.  medir las condiciones clim\u00e1ticas y confort en laboratorios, cl\u00ednicas, conservatorios, talleres,...  medir la temperatura y humedad en museos, galer\u00edas, bibliotecas,...  Resumen de algunos detalles t\u00e9cnicos del BZ05: Temperatura del aire:   Rango de medici\u00f3n: 0\u00a0\u00b0C a +50\u00a0\u00b0C (32 \u00b0F a 120 \u00b0F)  Resoluci\u00f3n: 0,1\u00a0\u00b0C  Precisi\u00f3n: \u00b11\u00a0\u00b0C (\u00b11,8 \u00b0F)  Humedad relativa:   Rango de medici\u00f3n: 10% a 90%  Resoluci\u00f3n: 1%  Precisi\u00f3n: m\u00e1x. \u00b1 5%    Dimensiones: 108 x 60 x 15\u00a0mm  Peso: 74 g (bater\u00eda incl.)    Funciones:\u00a0Indicaci\u00f3n del valor m\u00e1ximo y m\u00ednimo, fecha y hora, indicador de fecha y confort, despertador, Visualizaci\u00f3n simult\u00e1nea de la temperatura ambiental, la humedad relativa  Suministro:\u00a0Medidor, bater\u00eda, manual de instrucciones\" \/>\n<meta property=\"og:url\" content=\"https:\/\/abaa.mx\/tienda\/manometro-digital-ametek-crystal-xp2i-con-sistema-a-de-0-a-500-psi\/\" \/>\n<meta property=\"og:site_name\" content=\"Abaa tienda online\" \/>\n<meta property=\"article:modified_time\" content=\"2023-12-12T15:36:21+00:00\" \/>\n<meta property=\"og:image\" content=\"https:\/\/abaa.mx\/tienda\/wp-content\/uploads\/2023\/10\/TROTEC-RTH50-1.jpg\" \/>\n\t<meta property=\"og:image:width\" content=\"349\" \/>\n\t<meta property=\"og:image:height\" content=\"492\" \/>\n\t<meta property=\"og:image:type\" content=\"image\/jpeg\" \/>\n<meta name=\"twitter:card\" content=\"summary_large_image\" \/>\n<meta name=\"twitter:label1\" content=\"Tiempo de lectura\" \/>\n\t<meta name=\"twitter:data1\" content=\"1 minuto\" \/>\n<script type=\"application\/ld+json\" class=\"yoast-schema-graph\">{\"@context\":\"https:\/\/schema.org\",\"@graph\":[{\"@type\":\"WebPage\",\"@id\":\"https:\/\/abaa.mx\/tienda\/manometro-digital-ametek-crystal-xp2i-con-sistema-a-de-0-a-500-psi\/\",\"url\":\"https:\/\/abaa.mx\/tienda\/manometro-digital-ametek-crystal-xp2i-con-sistema-a-de-0-a-500-psi\/\",\"name\":\"Bz05 \u2014 termohigrometro para interiores, rango medicion 0 \u00b0c a +50 \u00b0c (32 \u00b0f a 120 \u00b0f) - Abaa tienda online\",\"isPartOf\":{\"@id\":\"https:\/\/abaa.mx\/tienda\/#website\"},\"primaryImageOfPage\":{\"@id\":\"https:\/\/abaa.mx\/tienda\/manometro-digital-ametek-crystal-xp2i-con-sistema-a-de-0-a-500-psi\/#primaryimage\"},\"image\":{\"@id\":\"https:\/\/abaa.mx\/tienda\/manometro-digital-ametek-crystal-xp2i-con-sistema-a-de-0-a-500-psi\/#primaryimage\"},\"thumbnailUrl\":\"https:\/\/abaa.mx\/tienda\/wp-content\/uploads\/2023\/10\/TROTEC-RTH50-1.jpg\",\"datePublished\":\"2023-10-20T15:48:50+00:00\",\"dateModified\":\"2023-12-12T15:36:21+00:00\",\"breadcrumb\":{\"@id\":\"https:\/\/abaa.mx\/tienda\/manometro-digital-ametek-crystal-xp2i-con-sistema-a-de-0-a-500-psi\/#breadcrumb\"},\"inLanguage\":\"es\",\"potentialAction\":[{\"@type\":\"ReadAction\",\"target\":[\"https:\/\/abaa.mx\/tienda\/manometro-digital-ametek-crystal-xp2i-con-sistema-a-de-0-a-500-psi\/\"]}]},{\"@type\":\"ImageObject\",\"inLanguage\":\"es\",\"@id\":\"https:\/\/abaa.mx\/tienda\/manometro-digital-ametek-crystal-xp2i-con-sistema-a-de-0-a-500-psi\/#primaryimage\",\"url\":\"https:\/\/abaa.mx\/tienda\/wp-content\/uploads\/2023\/10\/TROTEC-RTH50-1.jpg\",\"contentUrl\":\"https:\/\/abaa.mx\/tienda\/wp-content\/uploads\/2023\/10\/TROTEC-RTH50-1.jpg\",\"width\":349,\"height\":492,\"caption\":\"TROTEC-RTH50\"},{\"@type\":\"BreadcrumbList\",\"@id\":\"https:\/\/abaa.mx\/tienda\/manometro-digital-ametek-crystal-xp2i-con-sistema-a-de-0-a-500-psi\/#breadcrumb\",\"itemListElement\":[{\"@type\":\"ListItem\",\"position\":1,\"name\":\"Inicio\",\"item\":\"https:\/\/abaa.mx\/tienda\/\"},{\"@type\":\"ListItem\",\"position\":2,\"name\":\"Tienda\",\"item\":\"https:\/\/abaa.mx\/tienda\/\"},{\"@type\":\"ListItem\",\"position\":3,\"name\":\"Bz05 \u2014 termohigrometro para interiores, rango medicion 0 \u00b0c a +50 \u00b0c (32 \u00b0f a 120 \u00b0f)\"}]},{\"@type\":\"WebSite\",\"@id\":\"https:\/\/abaa.mx\/tienda\/#website\",\"url\":\"https:\/\/abaa.mx\/tienda\/\",\"name\":\"Abaa tienda online\",\"description\":\"Instrumentos de medici\u00f3n\",\"publisher\":{\"@id\":\"https:\/\/abaa.mx\/tienda\/#organization\"},\"potentialAction\":[{\"@type\":\"SearchAction\",\"target\":{\"@type\":\"EntryPoint\",\"urlTemplate\":\"https:\/\/abaa.mx\/tienda\/?s={search_term_string}\"},\"query-input\":{\"@type\":\"PropertyValueSpecification\",\"valueRequired\":true,\"valueName\":\"search_term_string\"}}],\"inLanguage\":\"es\"},{\"@type\":\"Organization\",\"@id\":\"https:\/\/abaa.mx\/tienda\/#organization\",\"name\":\"Abaa tienda online\",\"url\":\"https:\/\/abaa.mx\/tienda\/\",\"logo\":{\"@type\":\"ImageObject\",\"inLanguage\":\"es\",\"@id\":\"https:\/\/abaa.mx\/tienda\/#\/schema\/logo\/image\/\",\"url\":\"https:\/\/abaa.mx\/tienda\/wp-content\/uploads\/2024\/01\/abaa-metrologia-tienda.png\",\"contentUrl\":\"https:\/\/abaa.mx\/tienda\/wp-content\/uploads\/2024\/01\/abaa-metrologia-tienda.png\",\"width\":300,\"height\":141,\"caption\":\"Abaa tienda online\"},\"image\":{\"@id\":\"https:\/\/abaa.mx\/tienda\/#\/schema\/logo\/image\/\"}}]}<\/script>\n<!-- \/ Yoast SEO plugin. -->","yoast_head_json":{"title":"Bz05 \u2014 termohigrometro para interiores, rango medicion 0 \u00b0c a +50 \u00b0c (32 \u00b0f a 120 \u00b0f) - Abaa tienda online","robots":{"index":"index","follow":"follow","max-snippet":"max-snippet:-1","max-image-preview":"max-image-preview:large","max-video-preview":"max-video-preview:-1"},"canonical":"https:\/\/abaa.mx\/tienda\/manometro-digital-ametek-crystal-xp2i-con-sistema-a-de-0-a-500-psi\/","og_locale":"es_MX","og_type":"article","og_title":"Bz05 \u2014 termohigrometro para interiores, rango medicion 0 \u00b0c a +50 \u00b0c (32 \u00b0f a 120 \u00b0f) - Abaa tienda online","og_description":"El BZ05 muestra, en la pantalla LCD grande de f\u00e1cil lectura, los dos factores decisivos para un \"ambiente agradable\" \u2013 la temperatura ambiental y la humedad relativa del aire \u2013 junto con la hora o la fecha en d\u00edgitos grandes. En el BZ05 tambi\u00e9n se pueden llamar los valores m\u00ednimos y m\u00e1ximos registrados. Caracter\u00edsticas: Medidor de sobremesa de temperatura y humedad ambiental El termohigr\u00f3metro BZ05\u00a0multifuncional para el interior mide continuamente la temperatura del aire y la humedad. Tambi\u00e9n muestra en la pantalla iluminada la hora y la fecha. Con la funci\u00f3n de alarma confiable y el dise\u00f1o moderno, el BZ05 no es s\u00f3lo un adorno para la mesita de noche, sino tambi\u00e9n un importante proveedor de todos los datos clim\u00e1ticos. El econ\u00f3mico BZ05 tiene un dise\u00f1o elegante e intemporal. Se trata de un medidor de sobremesa pero tambi\u00e9n puede montarse en una pared. Adem\u00e1s contiene un indicador de confort integrado, que es otra caracter\u00edstica muy pr\u00e1ctica. El indicador muestra de forma r\u00e1pida si el clima actual de la habitaci\u00f3n es \u00f3ptimo - o s\u00f3lo es aceptable - y tambi\u00e9n si es cr\u00edtico para los ocupantes de la habitaci\u00f3n. \u00d3ptimo para:   comprobar el clima y confort en el hogar, escuelas, oficina, etc.  medir las condiciones clim\u00e1ticas y confort en laboratorios, cl\u00ednicas, conservatorios, talleres,...  medir la temperatura y humedad en museos, galer\u00edas, bibliotecas,...  Resumen de algunos detalles t\u00e9cnicos del BZ05: Temperatura del aire:   Rango de medici\u00f3n: 0\u00a0\u00b0C a +50\u00a0\u00b0C (32 \u00b0F a 120 \u00b0F)  Resoluci\u00f3n: 0,1\u00a0\u00b0C  Precisi\u00f3n: \u00b11\u00a0\u00b0C (\u00b11,8 \u00b0F)  Humedad relativa:   Rango de medici\u00f3n: 10% a 90%  Resoluci\u00f3n: 1%  Precisi\u00f3n: m\u00e1x. \u00b1 5%    Dimensiones: 108 x 60 x 15\u00a0mm  Peso: 74 g (bater\u00eda incl.)    Funciones:\u00a0Indicaci\u00f3n del valor m\u00e1ximo y m\u00ednimo, fecha y hora, indicador de fecha y confort, despertador, Visualizaci\u00f3n simult\u00e1nea de la temperatura ambiental, la humedad relativa  Suministro:\u00a0Medidor, bater\u00eda, manual de instrucciones","og_url":"https:\/\/abaa.mx\/tienda\/manometro-digital-ametek-crystal-xp2i-con-sistema-a-de-0-a-500-psi\/","og_site_name":"Abaa tienda online","article_modified_time":"2023-12-12T15:36:21+00:00","og_image":[{"width":349,"height":492,"url":"https:\/\/abaa.mx\/tienda\/wp-content\/uploads\/2023\/10\/TROTEC-RTH50-1.jpg","type":"image\/jpeg"}],"twitter_card":"summary_large_image","twitter_misc":{"Tiempo de lectura":"1 minuto"},"schema":{"@context":"https:\/\/schema.org","@graph":[{"@type":"WebPage","@id":"https:\/\/abaa.mx\/tienda\/manometro-digital-ametek-crystal-xp2i-con-sistema-a-de-0-a-500-psi\/","url":"https:\/\/abaa.mx\/tienda\/manometro-digital-ametek-crystal-xp2i-con-sistema-a-de-0-a-500-psi\/","name":"Bz05 \u2014 termohigrometro para interiores, rango medicion 0 \u00b0c a +50 \u00b0c (32 \u00b0f a 120 \u00b0f) - Abaa tienda online","isPartOf":{"@id":"https:\/\/abaa.mx\/tienda\/#website"},"primaryImageOfPage":{"@id":"https:\/\/abaa.mx\/tienda\/manometro-digital-ametek-crystal-xp2i-con-sistema-a-de-0-a-500-psi\/#primaryimage"},"image":{"@id":"https:\/\/abaa.mx\/tienda\/manometro-digital-ametek-crystal-xp2i-con-sistema-a-de-0-a-500-psi\/#primaryimage"},"thumbnailUrl":"https:\/\/abaa.mx\/tienda\/wp-content\/uploads\/2023\/10\/TROTEC-RTH50-1.jpg","datePublished":"2023-10-20T15:48:50+00:00","dateModified":"2023-12-12T15:36:21+00:00","breadcrumb":{"@id":"https:\/\/abaa.mx\/tienda\/manometro-digital-ametek-crystal-xp2i-con-sistema-a-de-0-a-500-psi\/#breadcrumb"},"inLanguage":"es","potentialAction":[{"@type":"ReadAction","target":["https:\/\/abaa.mx\/tienda\/manometro-digital-ametek-crystal-xp2i-con-sistema-a-de-0-a-500-psi\/"]}]},{"@type":"ImageObject","inLanguage":"es","@id":"https:\/\/abaa.mx\/tienda\/manometro-digital-ametek-crystal-xp2i-con-sistema-a-de-0-a-500-psi\/#primaryimage","url":"https:\/\/abaa.mx\/tienda\/wp-content\/uploads\/2023\/10\/TROTEC-RTH50-1.jpg","contentUrl":"https:\/\/abaa.mx\/tienda\/wp-content\/uploads\/2023\/10\/TROTEC-RTH50-1.jpg","width":349,"height":492,"caption":"TROTEC-RTH50"},{"@type":"BreadcrumbList","@id":"https:\/\/abaa.mx\/tienda\/manometro-digital-ametek-crystal-xp2i-con-sistema-a-de-0-a-500-psi\/#breadcrumb","itemListElement":[{"@type":"ListItem","position":1,"name":"Inicio","item":"https:\/\/abaa.mx\/tienda\/"},{"@type":"ListItem","position":2,"name":"Tienda","item":"https:\/\/abaa.mx\/tienda\/"},{"@type":"ListItem","position":3,"name":"Bz05 \u2014 termohigrometro para interiores, rango medicion 0 \u00b0c a +50 \u00b0c (32 \u00b0f a 120 \u00b0f)"}]},{"@type":"WebSite","@id":"https:\/\/abaa.mx\/tienda\/#website","url":"https:\/\/abaa.mx\/tienda\/","name":"Abaa tienda online","description":"Instrumentos de medici\u00f3n","publisher":{"@id":"https:\/\/abaa.mx\/tienda\/#organization"},"potentialAction":[{"@type":"SearchAction","target":{"@type":"EntryPoint","urlTemplate":"https:\/\/abaa.mx\/tienda\/?s={search_term_string}"},"query-input":{"@type":"PropertyValueSpecification","valueRequired":true,"valueName":"search_term_string"}}],"inLanguage":"es"},{"@type":"Organization","@id":"https:\/\/abaa.mx\/tienda\/#organization","name":"Abaa tienda online","url":"https:\/\/abaa.mx\/tienda\/","logo":{"@type":"ImageObject","inLanguage":"es","@id":"https:\/\/abaa.mx\/tienda\/#\/schema\/logo\/image\/","url":"https:\/\/abaa.mx\/tienda\/wp-content\/uploads\/2024\/01\/abaa-metrologia-tienda.png","contentUrl":"https:\/\/abaa.mx\/tienda\/wp-content\/uploads\/2024\/01\/abaa-metrologia-tienda.png","width":300,"height":141,"caption":"Abaa tienda online"},"image":{"@id":"https:\/\/abaa.mx\/tienda\/#\/schema\/logo\/image\/"}}]}},"_links":{"self":[{"href":"https:\/\/abaa.mx\/tienda\/wp-json\/wp\/v2\/product\/7018","targetHints":{"allow":["GET"]}}],"collection":[{"href":"https:\/\/abaa.mx\/tienda\/wp-json\/wp\/v2\/product"}],"about":[{"href":"https:\/\/abaa.mx\/tienda\/wp-json\/wp\/v2\/types\/product"}],"replies":[{"embeddable":true,"href":"https:\/\/abaa.mx\/tienda\/wp-json\/wp\/v2\/comments?post=7018"}],"wp:featuredmedia":[{"embeddable":true,"href":"https:\/\/abaa.mx\/tienda\/wp-json\/wp\/v2\/media\/9747"}],"wp:attachment":[{"href":"https:\/\/abaa.mx\/tienda\/wp-json\/wp\/v2\/media?parent=7018"}],"wp:term":[{"taxonomy":"product_brand","embeddable":true,"href":"https:\/\/abaa.mx\/tienda\/wp-json\/wp\/v2\/product_brand?post=7018"},{"taxonomy":"product_cat","embeddable":true,"href":"https:\/\/abaa.mx\/tienda\/wp-json\/wp\/v2\/product_cat?post=7018"},{"taxonomy":"product_tag","embeddable":true,"href":"https:\/\/abaa.mx\/tienda\/wp-json\/wp\/v2\/product_tag?post=7018"}],"curies":[{"name":"wp","href":"https:\/\/api.w.org\/{rel}","templated":true}]}}