{"id":7008,"date":"2023-10-20T15:44:24","date_gmt":"2023-10-20T15:44:24","guid":{"rendered":"https:\/\/abaa.mx\/tienda\/?post_type=product&#038;p=7008"},"modified":"2023-10-20T15:44:25","modified_gmt":"2023-10-20T15:44:25","slug":"multimetro-industrial-impermeable-reed-r5005-con-bluetooth","status":"publish","type":"product","link":"https:\/\/abaa.mx\/tienda\/multimetro-industrial-impermeable-reed-r5005-con-bluetooth\/","title":{"rendered":"Mult\u00edmetro industrial impermeable reed r5005 con bluetooth"},"content":{"rendered":"<p>El mult\u00edmetro industrial Bluetooth \/ resistente al agua REED R5005 True RMS es un mult\u00edmetro digital con todas las funciones capaz de registrar datos y medir m\u00faltiples se\u00f1ales de CA \/ CC simult\u00e1neamente. Con una gran pantalla LCD, gr\u00e1fico de barras anal\u00f3gico y capacidad bluetooth, el R5005 mide el voltaje y la corriente CA\/CC, la resistencia, la capacitancia, la frecuencia y la temperatura.<\/p>\n<p>Este producto incluye un Certificado Trazable con Datos e Incertidumbres completos.<\/p>\n<h5><strong>Funciones<\/strong><\/h5>\n<ul>\n<li>Mide voltaje y corriente CA\/CC, frecuencia, resistencia, capacitancia y temperatura<\/li>\n<li>Mida el voltaje y la corriente simult\u00e1neamente en una gran pantalla LCD retroiluminada<\/li>\n<li>Registre datos y revise tendencias con el software incluido<\/li>\n<li>Funciones relativas, Pico, M\u00edn.\/M\u00e1x. y retenci\u00f3n de datos<\/li>\n<li>Conectividad inal\u00e1mbrica Bluetooth<\/li>\n<li>Carcasa de pl\u00e1stico moldeado doble impermeable (IP67)<\/li>\n<li>Gato. IV 600V, Cat. Clasificaci\u00f3n de seguridad III 1000V<\/li>\n<\/ul>\n<h4>Especificaciones de REED R5005<\/h4>\n<table class=\"table table-striped\">\n<tbody>\n<tr>\n<td colspan=\"2\"><strong>Voltaje AC\/DC<\/strong><\/td>\n<\/tr>\n<tr>\n<td>Gama<\/td>\n<td>CA: 50, 500 mV, 5, 50, 500, 1000 V CC: 50, 500 mV, 5, 50, 500, 1000 V<\/td>\n<\/tr>\n<tr>\n<td>Exactitud<\/td>\n<td>CA: 50\/60Hz \u00b1 (0,3% rdg. + 25 dgt.)<br \/>\n&lt;1 Khz \u00b1(0,5% rdg. + 25 dgt.)<br \/>\n&lt;5Khz \u00b1(3% rdg. + 25 dgt.)<br \/>\nCC: 50mV \u00b1 (0,5% rdg. + 20 dgt.)<br \/>\n500mV, 5,50,500V \u00b1(0.025% rdg. + 5 dgt.)<br \/>\n1000V \u00b1(0.1% rdg. + 5 dgt.)<\/td>\n<\/tr>\n<tr>\n<td>Resoluci\u00f3n<\/td>\n<td>CA: 0,001, 0,01 mV, 0,0001, 0,001, 0,01, 0,1 V CC: 0,001, 0,01 mV, 0,0001, 0,001, 0,01 V<\/td>\n<\/tr>\n<tr>\n<td colspan=\"2\"><strong>Corriente AC\/DC<\/strong><\/td>\n<\/tr>\n<tr>\n<td>Gama<\/td>\n<td>500, 5000\u03bcA, 50, 500mA, 10A<\/td>\n<\/tr>\n<tr>\n<td>Exactitud<\/td>\n<td>CA: 50\/60Hz \u00b1 (0,6% rdg. + 25 dgt.)<br \/>\n&lt;1 Khz \u00b1(1,5% rdg. + 25 dgt.)<br \/>\n&lt;5Khz \u00b1(3% rdg. + 25 dgt.)<br \/>\nCC: 500, 5000\u03bcA, 50mA \u00b1 (0,1% rdg. + 20 dgt.)<br \/>\n500mA \u00b1 (0.15% rdg. + 20 dgt.)<br \/>\n10A \u00b1(0.3% rdg. + 20 dgt.)<\/td>\n<\/tr>\n<tr>\n<td>Resoluci\u00f3n<\/td>\n<td>0,01, 0,1 \u03bcA, 0,001, 0,01 mA, 0,001 A<\/td>\n<\/tr>\n<tr>\n<td colspan=\"2\"><strong>Resistencia<\/strong><\/td>\n<\/tr>\n<tr>\n<td>Gama<\/td>\n<td>50, 500\u03a9, 5, 50, 500k\u03a9, 5, 50M\u03a9<\/td>\n<\/tr>\n<tr>\n<td>Exactitud<\/td>\n<td>50\u03a9: \u00b1(0.5% rdg. + 20 dgt.)<br \/>\n500\u03a9\/ 5,50k\u03a9: \u00b1(0.05% rdg. + 10 dgt.)<br \/>\n500k\u03a9: \u00b1(0.1% rdg. + 10 dgt.)<br \/>\n5M\u03a9: \u00b1(0.2% rdg. + 20 dgt.)<br \/>\n50M\u03a9: \u00b1(2% rdg. + 20 dgt.)<\/td>\n<\/tr>\n<tr>\n<td>Resoluci\u00f3n<\/td>\n<td>0,001, 0,01 \u03a9, 0,0001, 0,001, 0,01 k\u03a9, 0,01, 0,001 M\u03a9<\/td>\n<\/tr>\n<tr>\n<td colspan=\"2\"><strong>Capacitancia<\/strong><\/td>\n<\/tr>\n<tr>\n<td>Gama<\/td>\n<td>5, 50, 500 nF, 5, 50, 500 \u03bcF, 10 mF<\/td>\n<\/tr>\n<tr>\n<td>Exactitud<\/td>\n<td>5, 50.500 nF, 5,50 \u03bcF \u00b1 (2% + 40 dgt.)<br \/>\n500 \u03bcF, 10 mF \u00b1 (5% + 40 dgt.)<\/td>\n<\/tr>\n<tr>\n<td>Resoluci\u00f3n<\/td>\n<td>0,001, 0,01, 0,1 nF, 0,001, 0,01, 0,1 \u03bcF, 0,01 mF<\/td>\n<\/tr>\n<tr>\n<td colspan=\"2\"><strong>Frecuencia<\/strong><\/td>\n<\/tr>\n<tr>\n<td>Gama<\/td>\n<td>50, 500 Hz, 5, 50, 500 kHz, 5, 10 MHz<\/td>\n<\/tr>\n<tr>\n<td>Exactitud<\/td>\n<td>\u00b1(0.01%+10 dgt.)<\/td>\n<\/tr>\n<tr>\n<td>Resoluci\u00f3n<\/td>\n<td>0,001, 0,01 Hz, 0,0001, 0,001, 0,01 kHz, 0,0001, 0,001 MHz<\/td>\n<\/tr>\n<tr>\n<td colspan=\"2\"><strong>Temperatura<\/strong><\/td>\n<\/tr>\n<tr>\n<td>Gama<\/td>\n<td>-58 a 1832 \u00b0F (-50 a 1000 \u00b0C)<\/td>\n<\/tr>\n<tr>\n<td>Exactitud<\/td>\n<td>\u00b1(1.0% rdg. + 4.5\u00b0F) \u00b1(1.0% rdg. + 2.5\u00b0C)<\/td>\n<\/tr>\n<tr>\n<td>Resoluci\u00f3n<\/td>\n<td>1 \u00b0F, 1 \u00b0C<\/td>\n<\/tr>\n<tr>\n<td colspan=\"2\"><strong>Especificaciones generales<\/strong><\/td>\n<\/tr>\n<tr>\n<td>Selecci\u00f3n de rango<\/td>\n<td>Rango autom\u00e1tico\/Manual<\/td>\n<\/tr>\n<tr>\n<td>RMS verdadero<\/td>\n<td>S\u00ed<\/td>\n<\/tr>\n<tr>\n<td>Medici\u00f3n simult\u00e1nea de se\u00f1ales AC\/DC<\/td>\n<td>S\u00ed<\/td>\n<\/tr>\n<tr>\n<td>Monitor<\/td>\n<td>Pantalla LCD TFT a color de 50000 x 320 de 240 unidades<\/td>\n<\/tr>\n<tr>\n<td>Retenci\u00f3n de pantalla<\/td>\n<td>S\u00ed<\/td>\n<\/tr>\n<tr>\n<td>M\u00e1x.\/M\u00edn.<\/td>\n<td>S\u00ed<\/td>\n<\/tr>\n<tr>\n<td>Retenci\u00f3n de picos<\/td>\n<td>S\u00ed<\/td>\n<\/tr>\n<tr>\n<td>Modo relativo<\/td>\n<td>S\u00ed<\/td>\n<\/tr>\n<tr>\n<td>Prueba de diodos<\/td>\n<td>S\u00ed<\/td>\n<\/tr>\n<tr>\n<td>Capacidades de grabaci\u00f3n<\/td>\n<td>S\u00ed (m\u00e1s de 2 horas de tiempo de grabaci\u00f3n)<\/td>\n<\/tr>\n<tr>\n<td>Conectividad inal\u00e1mbrica<\/td>\n<td>S\u00ed (Bluetooth a trav\u00e9s del software)<\/td>\n<\/tr>\n<tr>\n<td>Pantalla retroiluminada<\/td>\n<td>S\u00ed<\/td>\n<\/tr>\n<tr>\n<td>Gr\u00e1fico de barras anal\u00f3gico digital<\/td>\n<td>S\u00ed<\/td>\n<\/tr>\n<tr>\n<td>Comprobaci\u00f3n de continuidad<\/td>\n<td>Se\u00f1al audible si la resistencia \u226425\u03a9<\/td>\n<\/tr>\n<tr>\n<td>Ciclo de trabajo<\/td>\n<td>S\u00ed (0,1 &#8211; 99,9%)<\/td>\n<\/tr>\n<tr>\n<td>Pata de cabra<\/td>\n<td>S\u00ed<\/td>\n<\/tr>\n<tr>\n<td>Apagado autom\u00e1tico<\/td>\n<td>S\u00ed (despu\u00e9s de 15 minutos)<\/td>\n<\/tr>\n<tr>\n<td>Fuente de alimentaci\u00f3n<\/td>\n<td>Bater\u00eda recargable de iones de litio<\/td>\n<\/tr>\n<tr>\n<td>Indicador de bater\u00eda baja<\/td>\n<td>S\u00ed<\/td>\n<\/tr>\n<tr>\n<td>Protecci\u00f3n de fusibles<\/td>\n<td>S\u00ed<\/td>\n<\/tr>\n<tr>\n<td>Cables de prueba reemplazables<\/td>\n<td>S\u00ed<\/td>\n<\/tr>\n<tr>\n<td>Compatibilidad con el sistema operativo de software<\/td>\n<td>Windows XP \/ 7 \/ 8 \/ 10<\/td>\n<\/tr>\n<tr>\n<td>Categor\u00eda de sobretensi\u00f3n<\/td>\n<td>GATO. IV 600V, CAT. III 1000V<\/td>\n<\/tr>\n<tr>\n<td>Certificaciones de productos<\/td>\n<td>CE, IP67<\/td>\n<\/tr>\n<tr>\n<td>Temperatura de funcionamiento<\/td>\n<td>De 32 a 122 \u00b0C (de 0 a 50 \u00b0F)<\/td>\n<\/tr>\n<tr>\n<td>Temperatura de almacenamiento<\/td>\n<td>-4 a 140 \u00b0F (-20 a 60 \u00b0C)<\/td>\n<\/tr>\n<tr>\n<td>Dimensiones<\/td>\n<td>8,7 x 3,8 x 2,4&#8243; (220 x 96 x 60 mm)<\/td>\n<\/tr>\n<tr>\n<td>Peso<\/td>\n<td>22 onzas (631 g)<\/td>\n<\/tr>\n<\/tbody>\n<\/table>\n","protected":false},"excerpt":{"rendered":"<p class=\"short-description mhide ipad-view-setting\">DMM con todas las funciones capaz de registrar datos y medir m\u00faltiples se\u00f1ales de CA y CC True RMS simult\u00e1neamente. Cuenta con una pantalla LCD TFT a color de 50000 x 320 de 240 cuentas con gr\u00e1fico de barras anal\u00f3gico digital y capacidad Bluetooth.<\/p>\n<p class=\"comment-tag-product\">\n<div class=\"row-fluid\">\n<div class=\"span12 mobile-pricing-box-padding\">\n<form id=\"60608\" accept-charset=\"utf-8\" action=\"https:\/\/www.globaltestsupply.com\/shop\/add\" method=\"post\" name=\"addTocartFunction\">\n<div><\/div>\n<\/form>\n<\/div>\n<\/div>\n","protected":false},"featured_media":7027,"comment_status":"open","ping_status":"closed","template":"","meta":{"_joinchat":[]},"product_brand":[],"product_cat":[15],"product_tag":[],"class_list":{"0":"post-7008","1":"product","2":"type-product","3":"status-publish","4":"has-post-thumbnail","6":"product_cat-sin-categorizar","8":"first","9":"instock","10":"shipping-taxable","11":"product-type-simple"},"yoast_head":"<!-- This site is optimized with the Yoast SEO plugin v26.4 - https:\/\/yoast.com\/wordpress\/plugins\/seo\/ -->\n<title>Mult\u00edmetro industrial impermeable reed r5005 con bluetooth - Abaa tienda online<\/title>\n<meta name=\"robots\" content=\"index, follow, max-snippet:-1, max-image-preview:large, max-video-preview:-1\" \/>\n<link rel=\"canonical\" href=\"https:\/\/abaa.mx\/tienda\/multimetro-industrial-impermeable-reed-r5005-con-bluetooth\/\" \/>\n<meta property=\"og:locale\" content=\"es_MX\" \/>\n<meta property=\"og:type\" content=\"article\" \/>\n<meta property=\"og:title\" content=\"Mult\u00edmetro industrial impermeable reed r5005 con bluetooth - Abaa tienda online\" \/>\n<meta property=\"og:description\" content=\"DMM con todas las funciones capaz de registrar datos y medir m\u00faltiples se\u00f1ales de CA y CC True RMS simult\u00e1neamente. Cuenta con una pantalla LCD TFT a color de 50000 x 320 de 240 cuentas con gr\u00e1fico de barras anal\u00f3gico digital y capacidad Bluetooth.\" \/>\n<meta property=\"og:url\" content=\"https:\/\/abaa.mx\/tienda\/multimetro-industrial-impermeable-reed-r5005-con-bluetooth\/\" \/>\n<meta property=\"og:site_name\" content=\"Abaa tienda online\" \/>\n<meta property=\"article:modified_time\" content=\"2023-10-20T15:44:25+00:00\" \/>\n<meta property=\"og:image\" content=\"https:\/\/abaa.mx\/tienda\/wp-content\/uploads\/2023\/10\/R5050.jpg\" \/>\n\t<meta property=\"og:image:width\" content=\"450\" \/>\n\t<meta property=\"og:image:height\" content=\"450\" \/>\n\t<meta property=\"og:image:type\" content=\"image\/jpeg\" \/>\n<meta name=\"twitter:card\" content=\"summary_large_image\" \/>\n<meta name=\"twitter:label1\" content=\"Tiempo de lectura\" \/>\n\t<meta name=\"twitter:data1\" content=\"3 minutos\" \/>\n<script type=\"application\/ld+json\" class=\"yoast-schema-graph\">{\"@context\":\"https:\/\/schema.org\",\"@graph\":[{\"@type\":\"WebPage\",\"@id\":\"https:\/\/abaa.mx\/tienda\/multimetro-industrial-impermeable-reed-r5005-con-bluetooth\/\",\"url\":\"https:\/\/abaa.mx\/tienda\/multimetro-industrial-impermeable-reed-r5005-con-bluetooth\/\",\"name\":\"Mult\u00edmetro industrial impermeable reed r5005 con bluetooth - Abaa tienda online\",\"isPartOf\":{\"@id\":\"https:\/\/abaa.mx\/tienda\/#website\"},\"primaryImageOfPage\":{\"@id\":\"https:\/\/abaa.mx\/tienda\/multimetro-industrial-impermeable-reed-r5005-con-bluetooth\/#primaryimage\"},\"image\":{\"@id\":\"https:\/\/abaa.mx\/tienda\/multimetro-industrial-impermeable-reed-r5005-con-bluetooth\/#primaryimage\"},\"thumbnailUrl\":\"https:\/\/abaa.mx\/tienda\/wp-content\/uploads\/2023\/10\/R5050.jpg\",\"datePublished\":\"2023-10-20T15:44:24+00:00\",\"dateModified\":\"2023-10-20T15:44:25+00:00\",\"breadcrumb\":{\"@id\":\"https:\/\/abaa.mx\/tienda\/multimetro-industrial-impermeable-reed-r5005-con-bluetooth\/#breadcrumb\"},\"inLanguage\":\"es\",\"potentialAction\":[{\"@type\":\"ReadAction\",\"target\":[\"https:\/\/abaa.mx\/tienda\/multimetro-industrial-impermeable-reed-r5005-con-bluetooth\/\"]}]},{\"@type\":\"ImageObject\",\"inLanguage\":\"es\",\"@id\":\"https:\/\/abaa.mx\/tienda\/multimetro-industrial-impermeable-reed-r5005-con-bluetooth\/#primaryimage\",\"url\":\"https:\/\/abaa.mx\/tienda\/wp-content\/uploads\/2023\/10\/R5050.jpg\",\"contentUrl\":\"https:\/\/abaa.mx\/tienda\/wp-content\/uploads\/2023\/10\/R5050.jpg\",\"width\":450,\"height\":450,\"caption\":\"multimetro-industrial-impermeable-reed-r5005-con-bluetooth\"},{\"@type\":\"BreadcrumbList\",\"@id\":\"https:\/\/abaa.mx\/tienda\/multimetro-industrial-impermeable-reed-r5005-con-bluetooth\/#breadcrumb\",\"itemListElement\":[{\"@type\":\"ListItem\",\"position\":1,\"name\":\"Inicio\",\"item\":\"https:\/\/abaa.mx\/tienda\/\"},{\"@type\":\"ListItem\",\"position\":2,\"name\":\"Tienda\",\"item\":\"https:\/\/abaa.mx\/tienda\/\"},{\"@type\":\"ListItem\",\"position\":3,\"name\":\"Mult\u00edmetro industrial impermeable reed r5005 con bluetooth\"}]},{\"@type\":\"WebSite\",\"@id\":\"https:\/\/abaa.mx\/tienda\/#website\",\"url\":\"https:\/\/abaa.mx\/tienda\/\",\"name\":\"Abaa tienda online\",\"description\":\"Instrumentos de medici\u00f3n\",\"publisher\":{\"@id\":\"https:\/\/abaa.mx\/tienda\/#organization\"},\"potentialAction\":[{\"@type\":\"SearchAction\",\"target\":{\"@type\":\"EntryPoint\",\"urlTemplate\":\"https:\/\/abaa.mx\/tienda\/?s={search_term_string}\"},\"query-input\":{\"@type\":\"PropertyValueSpecification\",\"valueRequired\":true,\"valueName\":\"search_term_string\"}}],\"inLanguage\":\"es\"},{\"@type\":\"Organization\",\"@id\":\"https:\/\/abaa.mx\/tienda\/#organization\",\"name\":\"Abaa tienda online\",\"url\":\"https:\/\/abaa.mx\/tienda\/\",\"logo\":{\"@type\":\"ImageObject\",\"inLanguage\":\"es\",\"@id\":\"https:\/\/abaa.mx\/tienda\/#\/schema\/logo\/image\/\",\"url\":\"https:\/\/abaa.mx\/tienda\/wp-content\/uploads\/2024\/01\/abaa-metrologia-tienda.png\",\"contentUrl\":\"https:\/\/abaa.mx\/tienda\/wp-content\/uploads\/2024\/01\/abaa-metrologia-tienda.png\",\"width\":300,\"height\":141,\"caption\":\"Abaa tienda online\"},\"image\":{\"@id\":\"https:\/\/abaa.mx\/tienda\/#\/schema\/logo\/image\/\"}}]}<\/script>\n<!-- \/ Yoast SEO plugin. -->","yoast_head_json":{"title":"Mult\u00edmetro industrial impermeable reed r5005 con bluetooth - Abaa tienda online","robots":{"index":"index","follow":"follow","max-snippet":"max-snippet:-1","max-image-preview":"max-image-preview:large","max-video-preview":"max-video-preview:-1"},"canonical":"https:\/\/abaa.mx\/tienda\/multimetro-industrial-impermeable-reed-r5005-con-bluetooth\/","og_locale":"es_MX","og_type":"article","og_title":"Mult\u00edmetro industrial impermeable reed r5005 con bluetooth - Abaa tienda online","og_description":"DMM con todas las funciones capaz de registrar datos y medir m\u00faltiples se\u00f1ales de CA y CC True RMS simult\u00e1neamente. Cuenta con una pantalla LCD TFT a color de 50000 x 320 de 240 cuentas con gr\u00e1fico de barras anal\u00f3gico digital y capacidad Bluetooth.","og_url":"https:\/\/abaa.mx\/tienda\/multimetro-industrial-impermeable-reed-r5005-con-bluetooth\/","og_site_name":"Abaa tienda online","article_modified_time":"2023-10-20T15:44:25+00:00","og_image":[{"width":450,"height":450,"url":"https:\/\/abaa.mx\/tienda\/wp-content\/uploads\/2023\/10\/R5050.jpg","type":"image\/jpeg"}],"twitter_card":"summary_large_image","twitter_misc":{"Tiempo de lectura":"3 minutos"},"schema":{"@context":"https:\/\/schema.org","@graph":[{"@type":"WebPage","@id":"https:\/\/abaa.mx\/tienda\/multimetro-industrial-impermeable-reed-r5005-con-bluetooth\/","url":"https:\/\/abaa.mx\/tienda\/multimetro-industrial-impermeable-reed-r5005-con-bluetooth\/","name":"Mult\u00edmetro industrial impermeable reed r5005 con bluetooth - Abaa tienda online","isPartOf":{"@id":"https:\/\/abaa.mx\/tienda\/#website"},"primaryImageOfPage":{"@id":"https:\/\/abaa.mx\/tienda\/multimetro-industrial-impermeable-reed-r5005-con-bluetooth\/#primaryimage"},"image":{"@id":"https:\/\/abaa.mx\/tienda\/multimetro-industrial-impermeable-reed-r5005-con-bluetooth\/#primaryimage"},"thumbnailUrl":"https:\/\/abaa.mx\/tienda\/wp-content\/uploads\/2023\/10\/R5050.jpg","datePublished":"2023-10-20T15:44:24+00:00","dateModified":"2023-10-20T15:44:25+00:00","breadcrumb":{"@id":"https:\/\/abaa.mx\/tienda\/multimetro-industrial-impermeable-reed-r5005-con-bluetooth\/#breadcrumb"},"inLanguage":"es","potentialAction":[{"@type":"ReadAction","target":["https:\/\/abaa.mx\/tienda\/multimetro-industrial-impermeable-reed-r5005-con-bluetooth\/"]}]},{"@type":"ImageObject","inLanguage":"es","@id":"https:\/\/abaa.mx\/tienda\/multimetro-industrial-impermeable-reed-r5005-con-bluetooth\/#primaryimage","url":"https:\/\/abaa.mx\/tienda\/wp-content\/uploads\/2023\/10\/R5050.jpg","contentUrl":"https:\/\/abaa.mx\/tienda\/wp-content\/uploads\/2023\/10\/R5050.jpg","width":450,"height":450,"caption":"multimetro-industrial-impermeable-reed-r5005-con-bluetooth"},{"@type":"BreadcrumbList","@id":"https:\/\/abaa.mx\/tienda\/multimetro-industrial-impermeable-reed-r5005-con-bluetooth\/#breadcrumb","itemListElement":[{"@type":"ListItem","position":1,"name":"Inicio","item":"https:\/\/abaa.mx\/tienda\/"},{"@type":"ListItem","position":2,"name":"Tienda","item":"https:\/\/abaa.mx\/tienda\/"},{"@type":"ListItem","position":3,"name":"Mult\u00edmetro industrial impermeable reed r5005 con bluetooth"}]},{"@type":"WebSite","@id":"https:\/\/abaa.mx\/tienda\/#website","url":"https:\/\/abaa.mx\/tienda\/","name":"Abaa tienda online","description":"Instrumentos de medici\u00f3n","publisher":{"@id":"https:\/\/abaa.mx\/tienda\/#organization"},"potentialAction":[{"@type":"SearchAction","target":{"@type":"EntryPoint","urlTemplate":"https:\/\/abaa.mx\/tienda\/?s={search_term_string}"},"query-input":{"@type":"PropertyValueSpecification","valueRequired":true,"valueName":"search_term_string"}}],"inLanguage":"es"},{"@type":"Organization","@id":"https:\/\/abaa.mx\/tienda\/#organization","name":"Abaa tienda online","url":"https:\/\/abaa.mx\/tienda\/","logo":{"@type":"ImageObject","inLanguage":"es","@id":"https:\/\/abaa.mx\/tienda\/#\/schema\/logo\/image\/","url":"https:\/\/abaa.mx\/tienda\/wp-content\/uploads\/2024\/01\/abaa-metrologia-tienda.png","contentUrl":"https:\/\/abaa.mx\/tienda\/wp-content\/uploads\/2024\/01\/abaa-metrologia-tienda.png","width":300,"height":141,"caption":"Abaa tienda online"},"image":{"@id":"https:\/\/abaa.mx\/tienda\/#\/schema\/logo\/image\/"}}]}},"_links":{"self":[{"href":"https:\/\/abaa.mx\/tienda\/wp-json\/wp\/v2\/product\/7008","targetHints":{"allow":["GET"]}}],"collection":[{"href":"https:\/\/abaa.mx\/tienda\/wp-json\/wp\/v2\/product"}],"about":[{"href":"https:\/\/abaa.mx\/tienda\/wp-json\/wp\/v2\/types\/product"}],"replies":[{"embeddable":true,"href":"https:\/\/abaa.mx\/tienda\/wp-json\/wp\/v2\/comments?post=7008"}],"wp:featuredmedia":[{"embeddable":true,"href":"https:\/\/abaa.mx\/tienda\/wp-json\/wp\/v2\/media\/7027"}],"wp:attachment":[{"href":"https:\/\/abaa.mx\/tienda\/wp-json\/wp\/v2\/media?parent=7008"}],"wp:term":[{"taxonomy":"product_brand","embeddable":true,"href":"https:\/\/abaa.mx\/tienda\/wp-json\/wp\/v2\/product_brand?post=7008"},{"taxonomy":"product_cat","embeddable":true,"href":"https:\/\/abaa.mx\/tienda\/wp-json\/wp\/v2\/product_cat?post=7008"},{"taxonomy":"product_tag","embeddable":true,"href":"https:\/\/abaa.mx\/tienda\/wp-json\/wp\/v2\/product_tag?post=7008"}],"curies":[{"name":"wp","href":"https:\/\/api.w.org\/{rel}","templated":true}]}}