{"id":6978,"date":"2023-10-19T21:50:11","date_gmt":"2023-10-19T21:50:11","guid":{"rendered":"https:\/\/abaa.mx\/tienda\/?post_type=product&#038;p=6978"},"modified":"2023-10-19T21:50:12","modified_gmt":"2023-10-19T21:50:12","slug":"buscador-de-disyuntores-reed-r5500","status":"publish","type":"product","link":"https:\/\/abaa.mx\/tienda\/buscador-de-disyuntores-reed-r5500\/","title":{"rendered":"Buscador de disyuntores reed r5500"},"content":{"rendered":"<p>Este buscador de disyuntores identifica r\u00e1pida y f\u00e1cilmente el disyuntor correcto que protege un circuito el\u00e9ctrico espec\u00edfico. El R5500 tambi\u00e9n cuenta con un probador de recept\u00e1culos para identificar el cableado defectuoso y un bot\u00f3n de verificaci\u00f3n GFCI.<\/p>\n<h5><strong>Funciones<\/strong><\/h5>\n<ul>\n<li>Simplemente conecte el transmisor a un recept\u00e1culo y escanee la caja de disyuntores para identificar el circuito<\/li>\n<li>Detecta 5 fallas en el cableado del recept\u00e1culo de 3 hilos<\/li>\n<li>Funci\u00f3n de verificaci\u00f3n de recept\u00e1culo GFCI incorporada<\/li>\n<li>La rueda de sensibilidad ajustable identifica r\u00e1pidamente el interruptor<\/li>\n<li>Los indicadores audibles (zumbador) y visuales (LED) ayudan en la identificaci\u00f3n<\/li>\n<\/ul>\n<h4>Especificaciones de REED R5500<\/h4>\n<table class=\"table table-striped\">\n<tbody>\n<tr>\n<td>Rango de voltaje<\/td>\n<td>De 90 a 120 V CA<\/td>\n<\/tr>\n<tr>\n<td>Ancho de banda<\/td>\n<td>De 47 a 63 Hz<\/td>\n<\/tr>\n<tr>\n<td>Fuente de alimentaci\u00f3n<\/td>\n<td>1 x 9V<\/td>\n<\/tr>\n<tr>\n<td>Certificaciones de productos<\/td>\n<td>ETL<\/td>\n<\/tr>\n<tr>\n<td>Temperatura de funcionamiento<\/td>\n<td>De 32 a 104 \u00b0C (de 0 a 40 \u00b0F)<\/td>\n<\/tr>\n<tr>\n<td>Humedad de funcionamiento<\/td>\n<td>De 0 a 85%<\/td>\n<\/tr>\n<tr>\n<td>Temperatura de almacenamiento<\/td>\n<td>De -4 a 140 \u00b0C (de 20 a 60 \u00b0F)<\/td>\n<\/tr>\n<tr>\n<td>Dimensiones<\/td>\n<td>4,1 x 2,2 x 1,2&#8243; (103 x 56 x 30 mm)<\/td>\n<\/tr>\n<tr>\n<td>Peso<\/td>\n<td>3.9oz (110g)<\/td>\n<\/tr>\n<\/tbody>\n<\/table>\n","protected":false},"excerpt":{"rendered":"<p class=\"short-description mhide ipad-view-setting\">El probador 3 en 1 localiza disyuntores, prueba recept\u00e1culos y circuitos GFCI.<\/p>\n<p class=\"comment-tag-product\">\n<div class=\"row-fluid\">\n<div class=\"span12 mobile-pricing-box-padding\">\n<form id=\"87671\" accept-charset=\"utf-8\" action=\"https:\/\/www.globaltestsupply.com\/shop\/add\" method=\"post\" name=\"addTocartFunction\">\n<div><\/div>\n<\/form>\n<\/div>\n<\/div>\n","protected":false},"featured_media":6987,"comment_status":"open","ping_status":"closed","template":"","meta":{"_joinchat":[]},"product_brand":[],"product_cat":[15],"product_tag":[],"class_list":{"0":"post-6978","1":"product","2":"type-product","3":"status-publish","4":"has-post-thumbnail","6":"product_cat-sin-categorizar","8":"first","9":"instock","10":"shipping-taxable","11":"product-type-simple"},"yoast_head":"<!-- This site is optimized with the Yoast SEO plugin v26.4 - https:\/\/yoast.com\/wordpress\/plugins\/seo\/ -->\n<title>Buscador de disyuntores reed r5500 - Abaa tienda online<\/title>\n<meta name=\"robots\" content=\"index, follow, max-snippet:-1, max-image-preview:large, max-video-preview:-1\" \/>\n<link rel=\"canonical\" href=\"https:\/\/abaa.mx\/tienda\/buscador-de-disyuntores-reed-r5500\/\" \/>\n<meta property=\"og:locale\" content=\"es_MX\" \/>\n<meta property=\"og:type\" content=\"article\" \/>\n<meta property=\"og:title\" content=\"Buscador de disyuntores reed r5500 - Abaa tienda online\" \/>\n<meta property=\"og:description\" content=\"El probador 3 en 1 localiza disyuntores, prueba recept\u00e1culos y circuitos GFCI.\" \/>\n<meta property=\"og:url\" content=\"https:\/\/abaa.mx\/tienda\/buscador-de-disyuntores-reed-r5500\/\" \/>\n<meta property=\"og:site_name\" content=\"Abaa tienda online\" \/>\n<meta property=\"article:modified_time\" content=\"2023-10-19T21:50:12+00:00\" \/>\n<meta property=\"og:image\" content=\"https:\/\/abaa.mx\/tienda\/wp-content\/uploads\/2023\/10\/R5500.jpg\" \/>\n\t<meta property=\"og:image:width\" content=\"500\" \/>\n\t<meta property=\"og:image:height\" content=\"500\" \/>\n\t<meta property=\"og:image:type\" content=\"image\/jpeg\" \/>\n<meta name=\"twitter:card\" content=\"summary_large_image\" \/>\n<meta name=\"twitter:label1\" content=\"Tiempo de lectura\" \/>\n\t<meta name=\"twitter:data1\" content=\"1 minuto\" \/>\n<script type=\"application\/ld+json\" class=\"yoast-schema-graph\">{\"@context\":\"https:\/\/schema.org\",\"@graph\":[{\"@type\":\"WebPage\",\"@id\":\"https:\/\/abaa.mx\/tienda\/buscador-de-disyuntores-reed-r5500\/\",\"url\":\"https:\/\/abaa.mx\/tienda\/buscador-de-disyuntores-reed-r5500\/\",\"name\":\"Buscador de disyuntores reed r5500 - Abaa tienda online\",\"isPartOf\":{\"@id\":\"https:\/\/abaa.mx\/tienda\/#website\"},\"primaryImageOfPage\":{\"@id\":\"https:\/\/abaa.mx\/tienda\/buscador-de-disyuntores-reed-r5500\/#primaryimage\"},\"image\":{\"@id\":\"https:\/\/abaa.mx\/tienda\/buscador-de-disyuntores-reed-r5500\/#primaryimage\"},\"thumbnailUrl\":\"https:\/\/abaa.mx\/tienda\/wp-content\/uploads\/2023\/10\/R5500.jpg\",\"datePublished\":\"2023-10-19T21:50:11+00:00\",\"dateModified\":\"2023-10-19T21:50:12+00:00\",\"breadcrumb\":{\"@id\":\"https:\/\/abaa.mx\/tienda\/buscador-de-disyuntores-reed-r5500\/#breadcrumb\"},\"inLanguage\":\"es\",\"potentialAction\":[{\"@type\":\"ReadAction\",\"target\":[\"https:\/\/abaa.mx\/tienda\/buscador-de-disyuntores-reed-r5500\/\"]}]},{\"@type\":\"ImageObject\",\"inLanguage\":\"es\",\"@id\":\"https:\/\/abaa.mx\/tienda\/buscador-de-disyuntores-reed-r5500\/#primaryimage\",\"url\":\"https:\/\/abaa.mx\/tienda\/wp-content\/uploads\/2023\/10\/R5500.jpg\",\"contentUrl\":\"https:\/\/abaa.mx\/tienda\/wp-content\/uploads\/2023\/10\/R5500.jpg\",\"width\":500,\"height\":500,\"caption\":\"buscador-de-disyuntores-reed-r5500\"},{\"@type\":\"BreadcrumbList\",\"@id\":\"https:\/\/abaa.mx\/tienda\/buscador-de-disyuntores-reed-r5500\/#breadcrumb\",\"itemListElement\":[{\"@type\":\"ListItem\",\"position\":1,\"name\":\"Inicio\",\"item\":\"https:\/\/abaa.mx\/tienda\/\"},{\"@type\":\"ListItem\",\"position\":2,\"name\":\"Tienda\",\"item\":\"https:\/\/abaa.mx\/tienda\/\"},{\"@type\":\"ListItem\",\"position\":3,\"name\":\"Buscador de disyuntores reed r5500\"}]},{\"@type\":\"WebSite\",\"@id\":\"https:\/\/abaa.mx\/tienda\/#website\",\"url\":\"https:\/\/abaa.mx\/tienda\/\",\"name\":\"Abaa tienda online\",\"description\":\"Instrumentos de medici\u00f3n\",\"publisher\":{\"@id\":\"https:\/\/abaa.mx\/tienda\/#organization\"},\"potentialAction\":[{\"@type\":\"SearchAction\",\"target\":{\"@type\":\"EntryPoint\",\"urlTemplate\":\"https:\/\/abaa.mx\/tienda\/?s={search_term_string}\"},\"query-input\":{\"@type\":\"PropertyValueSpecification\",\"valueRequired\":true,\"valueName\":\"search_term_string\"}}],\"inLanguage\":\"es\"},{\"@type\":\"Organization\",\"@id\":\"https:\/\/abaa.mx\/tienda\/#organization\",\"name\":\"Abaa tienda online\",\"url\":\"https:\/\/abaa.mx\/tienda\/\",\"logo\":{\"@type\":\"ImageObject\",\"inLanguage\":\"es\",\"@id\":\"https:\/\/abaa.mx\/tienda\/#\/schema\/logo\/image\/\",\"url\":\"https:\/\/abaa.mx\/tienda\/wp-content\/uploads\/2024\/01\/abaa-metrologia-tienda.png\",\"contentUrl\":\"https:\/\/abaa.mx\/tienda\/wp-content\/uploads\/2024\/01\/abaa-metrologia-tienda.png\",\"width\":300,\"height\":141,\"caption\":\"Abaa tienda online\"},\"image\":{\"@id\":\"https:\/\/abaa.mx\/tienda\/#\/schema\/logo\/image\/\"}}]}<\/script>\n<!-- \/ Yoast SEO plugin. -->","yoast_head_json":{"title":"Buscador de disyuntores reed r5500 - Abaa tienda online","robots":{"index":"index","follow":"follow","max-snippet":"max-snippet:-1","max-image-preview":"max-image-preview:large","max-video-preview":"max-video-preview:-1"},"canonical":"https:\/\/abaa.mx\/tienda\/buscador-de-disyuntores-reed-r5500\/","og_locale":"es_MX","og_type":"article","og_title":"Buscador de disyuntores reed r5500 - Abaa tienda online","og_description":"El probador 3 en 1 localiza disyuntores, prueba recept\u00e1culos y circuitos GFCI.","og_url":"https:\/\/abaa.mx\/tienda\/buscador-de-disyuntores-reed-r5500\/","og_site_name":"Abaa tienda online","article_modified_time":"2023-10-19T21:50:12+00:00","og_image":[{"width":500,"height":500,"url":"https:\/\/abaa.mx\/tienda\/wp-content\/uploads\/2023\/10\/R5500.jpg","type":"image\/jpeg"}],"twitter_card":"summary_large_image","twitter_misc":{"Tiempo de lectura":"1 minuto"},"schema":{"@context":"https:\/\/schema.org","@graph":[{"@type":"WebPage","@id":"https:\/\/abaa.mx\/tienda\/buscador-de-disyuntores-reed-r5500\/","url":"https:\/\/abaa.mx\/tienda\/buscador-de-disyuntores-reed-r5500\/","name":"Buscador de disyuntores reed r5500 - Abaa tienda online","isPartOf":{"@id":"https:\/\/abaa.mx\/tienda\/#website"},"primaryImageOfPage":{"@id":"https:\/\/abaa.mx\/tienda\/buscador-de-disyuntores-reed-r5500\/#primaryimage"},"image":{"@id":"https:\/\/abaa.mx\/tienda\/buscador-de-disyuntores-reed-r5500\/#primaryimage"},"thumbnailUrl":"https:\/\/abaa.mx\/tienda\/wp-content\/uploads\/2023\/10\/R5500.jpg","datePublished":"2023-10-19T21:50:11+00:00","dateModified":"2023-10-19T21:50:12+00:00","breadcrumb":{"@id":"https:\/\/abaa.mx\/tienda\/buscador-de-disyuntores-reed-r5500\/#breadcrumb"},"inLanguage":"es","potentialAction":[{"@type":"ReadAction","target":["https:\/\/abaa.mx\/tienda\/buscador-de-disyuntores-reed-r5500\/"]}]},{"@type":"ImageObject","inLanguage":"es","@id":"https:\/\/abaa.mx\/tienda\/buscador-de-disyuntores-reed-r5500\/#primaryimage","url":"https:\/\/abaa.mx\/tienda\/wp-content\/uploads\/2023\/10\/R5500.jpg","contentUrl":"https:\/\/abaa.mx\/tienda\/wp-content\/uploads\/2023\/10\/R5500.jpg","width":500,"height":500,"caption":"buscador-de-disyuntores-reed-r5500"},{"@type":"BreadcrumbList","@id":"https:\/\/abaa.mx\/tienda\/buscador-de-disyuntores-reed-r5500\/#breadcrumb","itemListElement":[{"@type":"ListItem","position":1,"name":"Inicio","item":"https:\/\/abaa.mx\/tienda\/"},{"@type":"ListItem","position":2,"name":"Tienda","item":"https:\/\/abaa.mx\/tienda\/"},{"@type":"ListItem","position":3,"name":"Buscador de disyuntores reed r5500"}]},{"@type":"WebSite","@id":"https:\/\/abaa.mx\/tienda\/#website","url":"https:\/\/abaa.mx\/tienda\/","name":"Abaa tienda online","description":"Instrumentos de medici\u00f3n","publisher":{"@id":"https:\/\/abaa.mx\/tienda\/#organization"},"potentialAction":[{"@type":"SearchAction","target":{"@type":"EntryPoint","urlTemplate":"https:\/\/abaa.mx\/tienda\/?s={search_term_string}"},"query-input":{"@type":"PropertyValueSpecification","valueRequired":true,"valueName":"search_term_string"}}],"inLanguage":"es"},{"@type":"Organization","@id":"https:\/\/abaa.mx\/tienda\/#organization","name":"Abaa tienda online","url":"https:\/\/abaa.mx\/tienda\/","logo":{"@type":"ImageObject","inLanguage":"es","@id":"https:\/\/abaa.mx\/tienda\/#\/schema\/logo\/image\/","url":"https:\/\/abaa.mx\/tienda\/wp-content\/uploads\/2024\/01\/abaa-metrologia-tienda.png","contentUrl":"https:\/\/abaa.mx\/tienda\/wp-content\/uploads\/2024\/01\/abaa-metrologia-tienda.png","width":300,"height":141,"caption":"Abaa tienda online"},"image":{"@id":"https:\/\/abaa.mx\/tienda\/#\/schema\/logo\/image\/"}}]}},"_links":{"self":[{"href":"https:\/\/abaa.mx\/tienda\/wp-json\/wp\/v2\/product\/6978","targetHints":{"allow":["GET"]}}],"collection":[{"href":"https:\/\/abaa.mx\/tienda\/wp-json\/wp\/v2\/product"}],"about":[{"href":"https:\/\/abaa.mx\/tienda\/wp-json\/wp\/v2\/types\/product"}],"replies":[{"embeddable":true,"href":"https:\/\/abaa.mx\/tienda\/wp-json\/wp\/v2\/comments?post=6978"}],"wp:featuredmedia":[{"embeddable":true,"href":"https:\/\/abaa.mx\/tienda\/wp-json\/wp\/v2\/media\/6987"}],"wp:attachment":[{"href":"https:\/\/abaa.mx\/tienda\/wp-json\/wp\/v2\/media?parent=6978"}],"wp:term":[{"taxonomy":"product_brand","embeddable":true,"href":"https:\/\/abaa.mx\/tienda\/wp-json\/wp\/v2\/product_brand?post=6978"},{"taxonomy":"product_cat","embeddable":true,"href":"https:\/\/abaa.mx\/tienda\/wp-json\/wp\/v2\/product_cat?post=6978"},{"taxonomy":"product_tag","embeddable":true,"href":"https:\/\/abaa.mx\/tienda\/wp-json\/wp\/v2\/product_tag?post=6978"}],"curies":[{"name":"wp","href":"https:\/\/api.w.org\/{rel}","templated":true}]}}