{"id":6977,"date":"2023-10-19T21:48:42","date_gmt":"2023-10-19T21:48:42","guid":{"rendered":"https:\/\/abaa.mx\/tienda\/?post_type=product&#038;p=6977"},"modified":"2023-10-19T21:48:43","modified_gmt":"2023-10-19T21:48:43","slug":"multimetro-digital-reed-r5010-true-rms-2","status":"publish","type":"product","link":"https:\/\/abaa.mx\/tienda\/multimetro-digital-reed-r5010-true-rms-2\/","title":{"rendered":"Mult\u00edmetro digital reed r5010 true rms"},"content":{"rendered":"<p>Este mult\u00edmetro de rango autom\u00e1tico True RMS tiene clasificaci\u00f3n IP67, tiene una pantalla de 40,000 cuentas para lecturas precisas y es capaz de medir voltaje y corriente CA \/ CC, frecuencia, resistencia, capacitancia y temperatura. Este mult\u00edmetro digital tambi\u00e9n incluye pruebas de diodos y continuidad y cuenta con medici\u00f3n de bucle de 4-20 mA y un gr\u00e1fico de barras anal\u00f3gico digital.<\/p>\n<h5><strong>Funciones<\/strong><\/h5>\n<ul>\n<li>True RMS mide la frecuencia, la resistencia, la capacitancia y la temperatura<\/li>\n<li>Funciones de comprobaci\u00f3n de diodos y continuidad<\/li>\n<li>Lectura LCD retroiluminada con gr\u00e1fico de barras anal\u00f3gico<\/li>\n<li>Mediciones de bucle de proceso de 4-20 mA con lectura de %<\/li>\n<li>Modo de captura de retenci\u00f3n de datos, Max\/Min y Peak<\/li>\n<li>IP67 resistente al polvo y al agua<\/li>\n<li>Gato. IV 600V, Cat. Clasificaci\u00f3n de seguridad III 1000V<\/li>\n<\/ul>\n<h4>Especificaciones de REED R5010<\/h4>\n<table class=\"table table-striped\">\n<tbody>\n<tr>\n<td colspan=\"2\"><strong>Voltaje AC\/DC<\/strong><\/td>\n<\/tr>\n<tr>\n<td>Gama<\/td>\n<td>CA: 400 mV, 4, 40, 400, 1000 V CC: 400 mV, 4, 40, 400, 1000 V<\/td>\n<\/tr>\n<tr>\n<td>Exactitud<\/td>\n<td>CA: 400mV \u00b1 (1.0% rdg. + 5 dgt.)<br \/>\n4, 40, 400, 1000V \u00b1(1.0% rdg. + 3 dgt.)<br \/>\nDC: 400mV\/4,40,400V \u00b1 (0.06% rdg. + 2 dgt.)<br \/>\n1000V \u00b1(0.1% rdg. + 5 dgt.)<\/td>\n<\/tr>\n<tr>\n<td>Resoluci\u00f3n<\/td>\n<td>CA: 0,1 mV, 0,001, 0,01, 1 V CC: 0,01 mV, 0,0001, 0,01, 0,1 V<\/td>\n<\/tr>\n<tr>\n<td colspan=\"2\"><strong>Corriente AC\/DC<\/strong><\/td>\n<\/tr>\n<tr>\n<td>Gama<\/td>\n<td>400, 4000\u03bcA, 40, 400mA, 10A<\/td>\n<\/tr>\n<tr>\n<td>Exactitud<\/td>\n<td>AC: \u00b1(1,5% rdg. + 3 dgt.)<br \/>\nDC: \u00b1(1.0% rdg. + 3 dgt.)<\/td>\n<\/tr>\n<tr>\n<td>Resoluci\u00f3n<\/td>\n<td>CA: 0,1, 1\u03bcA, 0,01,0 mA, 1,0 A<br \/>\nCC: 01,0, 01,0 \u03bcA, 1,0,001 mA, 0,01 A<\/td>\n<\/tr>\n<tr>\n<td colspan=\"2\"><strong>Resistencia<\/strong><\/td>\n<\/tr>\n<tr>\n<td>Gama<\/td>\n<td>400\u03a9, 4, 40, 400k\u03a9, 4, 40M\u03a9<\/td>\n<\/tr>\n<tr>\n<td>Exactitud<\/td>\n<td>400\u03a9: \u00b1(0.3% rdg. + 9 dgt.)<br \/>\n4, 40, 400k\u03a9, 4M\u03a9: \u00b1(0.3% rdg. + 4 dgt.)<br \/>\n40M\u03a9: \u00b1(2.0% rdg. + 10 dgt.)<\/td>\n<\/tr>\n<tr>\n<td>Resoluci\u00f3n<\/td>\n<td>0,01 \u03a9, 0,0001, 0,001, 0,01 k\u03a9, 0,001 M\u03a9<\/td>\n<\/tr>\n<tr>\n<td colspan=\"2\"><strong>Capacitancia<\/strong><\/td>\n<\/tr>\n<tr>\n<td>Gama<\/td>\n<td>40, 400 nF, 4, 40, 400, 4000 \u03bcF, 40 mF<\/td>\n<\/tr>\n<tr>\n<td>Exactitud<\/td>\n<td>40, 400nF: \u00b1(3,5% rdg. + 40 dgt.)<br \/>\n4, 40, 400 \u03bcF: \u00b1 (3,5 % rdg. + 10 dgt.)<br \/>\n4000\u03bcF, 40mF: \u00b1(5% rdg. + 10 dgt.)<\/td>\n<\/tr>\n<tr>\n<td>Resoluci\u00f3n<\/td>\n<td>0,001, 0,01 nF, 0,0001, 0,001, 0,01, 0,1 \u03bcF, 0,001 mF<\/td>\n<\/tr>\n<tr>\n<td colspan=\"2\"><strong>Frecuencia<\/strong><\/td>\n<\/tr>\n<tr>\n<td>Gama<\/td>\n<td>40, 400 Hz, 4, 40, 400 kHz, 4, 40, 100 MHz<\/td>\n<\/tr>\n<tr>\n<td>Exactitud<\/td>\n<td>\u00b1(0.1% rdg. + 1 dgt.)<\/td>\n<\/tr>\n<tr>\n<td>Resoluci\u00f3n<\/td>\n<td>0,00, 0,01 Hz, 0,0001, 0,001, 0,01 kHz, 0,0001, 0,001, 0,01 MHz<\/td>\n<\/tr>\n<tr>\n<td colspan=\"2\"><strong>Temperatura<\/strong><\/td>\n<\/tr>\n<tr>\n<td>Gama<\/td>\n<td>-58 a 1832 \u00b0F (-50 a 1000 \u00b0C)<\/td>\n<\/tr>\n<tr>\n<td>Exactitud<\/td>\n<td>\u00b1(1.0% rdg. + 4.5\u00b0F) \u00b1(1.0% rdg. + 2.5\u00b0C)<\/td>\n<\/tr>\n<tr>\n<td>Resoluci\u00f3n<\/td>\n<td>1 \u00b0F, 1 \u00b0C<\/td>\n<\/tr>\n<tr>\n<td colspan=\"2\"><strong>4-20mA%<\/strong><\/td>\n<\/tr>\n<tr>\n<td>Gama<\/td>\n<td>De -25 a 125%<\/td>\n<\/tr>\n<tr>\n<td>Exactitud<\/td>\n<td>\u00b1(50 dgt.)<\/td>\n<\/tr>\n<tr>\n<td>Resoluci\u00f3n<\/td>\n<td>0.01%<\/td>\n<\/tr>\n<tr>\n<td colspan=\"2\"><strong>Especificaciones generales<\/strong><\/td>\n<\/tr>\n<tr>\n<td>Selecci\u00f3n de rango<\/td>\n<td>Rango autom\u00e1tico\/Manual<\/td>\n<\/tr>\n<tr>\n<td>RMS verdadero<\/td>\n<td>S\u00ed<\/td>\n<\/tr>\n<tr>\n<td>Monitor<\/td>\n<td>Pantalla LCD de 40.000 cuentas<\/td>\n<\/tr>\n<tr>\n<td>Retenci\u00f3n de pantalla<\/td>\n<td>S\u00ed<\/td>\n<\/tr>\n<tr>\n<td>M\u00e1x.\/M\u00edn.<\/td>\n<td>S\u00ed<\/td>\n<\/tr>\n<tr>\n<td>Retenci\u00f3n de picos<\/td>\n<td>S\u00ed<\/td>\n<\/tr>\n<tr>\n<td>Modo relativo<\/td>\n<td>S\u00ed<\/td>\n<\/tr>\n<tr>\n<td>Prueba de diodos<\/td>\n<td>S\u00ed<\/td>\n<\/tr>\n<tr>\n<td>Pantalla retroiluminada<\/td>\n<td>S\u00ed<\/td>\n<\/tr>\n<tr>\n<td>Gr\u00e1fico de barras anal\u00f3gico digital<\/td>\n<td>S\u00ed<\/td>\n<\/tr>\n<tr>\n<td>Comprobaci\u00f3n de continuidad<\/td>\n<td>Se\u00f1al audible si la resistencia \u226435\u03a9<\/td>\n<\/tr>\n<tr>\n<td>Ciclo de trabajo<\/td>\n<td>S\u00ed (0,1 &#8211; 99,9%)<\/td>\n<\/tr>\n<tr>\n<td>Pata de cabra<\/td>\n<td>S\u00ed<\/td>\n<\/tr>\n<tr>\n<td>Apagado autom\u00e1tico<\/td>\n<td>S\u00ed (despu\u00e9s de 15 minutos)<\/td>\n<\/tr>\n<tr>\n<td>Fuente de alimentaci\u00f3n<\/td>\n<td>Bater\u00eda de 9 V<\/td>\n<\/tr>\n<tr>\n<td>Indicador de bater\u00eda baja<\/td>\n<td>S\u00ed<\/td>\n<\/tr>\n<tr>\n<td>Protecci\u00f3n de fusibles<\/td>\n<td>S\u00ed<\/td>\n<\/tr>\n<tr>\n<td>Cables de prueba reemplazables<\/td>\n<td>S\u00ed<\/td>\n<\/tr>\n<tr>\n<td>Categor\u00eda de sobretensi\u00f3n<\/td>\n<td>GATO. IV 600V, CAT. III 1000V<\/td>\n<\/tr>\n<tr>\n<td>Certificaciones de productos<\/td>\n<td>CE, IP67, a prueba de ca\u00eddas (2M)<\/td>\n<\/tr>\n<tr>\n<td>Temperatura de funcionamiento<\/td>\n<td>41 a 104 \u00b0F (5 a 40 \u00b0C)<\/td>\n<\/tr>\n<tr>\n<td>Temperatura de almacenamiento<\/td>\n<td>-4 a 140 \u00b0F (-20 a 60 \u00b0C)<\/td>\n<\/tr>\n<tr>\n<td>Dimensiones<\/td>\n<td>7,4 x 3,2 x 2,0&#8243; (187 x 81 x 50 mm)<\/td>\n<\/tr>\n<tr>\n<td>Peso<\/td>\n<td>12 onzas (342 g)<\/td>\n<\/tr>\n<\/tbody>\n<\/table>\n","protected":false},"excerpt":{"rendered":"<p class=\"short-description mhide ipad-view-setting\">Mult\u00edmetro resistente al agua True RMS con pantalla LCD retroiluminada de 40.000 cuentas.<\/p>\n<p class=\"comment-tag-product\">\n<div class=\"row-fluid\">\n<div class=\"span12 mobile-pricing-box-padding\">\n<form id=\"61023\" accept-charset=\"utf-8\" action=\"https:\/\/www.globaltestsupply.com\/shop\/add\" method=\"post\" name=\"addTocartFunction\">\n<div><\/div>\n<\/form>\n<\/div>\n<\/div>\n","protected":false},"featured_media":6985,"comment_status":"open","ping_status":"closed","template":"","meta":{"_joinchat":[]},"product_brand":[],"product_cat":[15],"product_tag":[],"class_list":{"0":"post-6977","1":"product","2":"type-product","3":"status-publish","4":"has-post-thumbnail","6":"product_cat-sin-categorizar","8":"first","9":"instock","10":"shipping-taxable","11":"product-type-simple"},"yoast_head":"<!-- This site is optimized with the Yoast SEO plugin v26.4 - https:\/\/yoast.com\/wordpress\/plugins\/seo\/ -->\n<title>Mult\u00edmetro digital reed r5010 true rms - Abaa tienda online<\/title>\n<meta name=\"robots\" content=\"index, follow, max-snippet:-1, max-image-preview:large, max-video-preview:-1\" \/>\n<link rel=\"canonical\" href=\"https:\/\/abaa.mx\/tienda\/multimetro-digital-reed-r5010-true-rms-2\/\" \/>\n<meta property=\"og:locale\" content=\"es_MX\" \/>\n<meta property=\"og:type\" content=\"article\" \/>\n<meta property=\"og:title\" content=\"Mult\u00edmetro digital reed r5010 true rms - Abaa tienda online\" \/>\n<meta property=\"og:description\" content=\"Mult\u00edmetro resistente al agua True RMS con pantalla LCD retroiluminada de 40.000 cuentas.\" \/>\n<meta property=\"og:url\" content=\"https:\/\/abaa.mx\/tienda\/multimetro-digital-reed-r5010-true-rms-2\/\" \/>\n<meta property=\"og:site_name\" content=\"Abaa tienda online\" \/>\n<meta property=\"article:modified_time\" content=\"2023-10-19T21:48:43+00:00\" \/>\n<meta property=\"og:image\" content=\"https:\/\/abaa.mx\/tienda\/wp-content\/uploads\/2023\/10\/R5010-NIST.jpg\" \/>\n\t<meta property=\"og:image:width\" content=\"500\" \/>\n\t<meta property=\"og:image:height\" content=\"500\" \/>\n\t<meta property=\"og:image:type\" content=\"image\/jpeg\" \/>\n<meta name=\"twitter:card\" content=\"summary_large_image\" \/>\n<meta name=\"twitter:label1\" content=\"Tiempo de lectura\" \/>\n\t<meta name=\"twitter:data1\" content=\"3 minutos\" \/>\n<script type=\"application\/ld+json\" class=\"yoast-schema-graph\">{\"@context\":\"https:\/\/schema.org\",\"@graph\":[{\"@type\":\"WebPage\",\"@id\":\"https:\/\/abaa.mx\/tienda\/multimetro-digital-reed-r5010-true-rms-2\/\",\"url\":\"https:\/\/abaa.mx\/tienda\/multimetro-digital-reed-r5010-true-rms-2\/\",\"name\":\"Mult\u00edmetro digital reed r5010 true rms - Abaa tienda online\",\"isPartOf\":{\"@id\":\"https:\/\/abaa.mx\/tienda\/#website\"},\"primaryImageOfPage\":{\"@id\":\"https:\/\/abaa.mx\/tienda\/multimetro-digital-reed-r5010-true-rms-2\/#primaryimage\"},\"image\":{\"@id\":\"https:\/\/abaa.mx\/tienda\/multimetro-digital-reed-r5010-true-rms-2\/#primaryimage\"},\"thumbnailUrl\":\"https:\/\/abaa.mx\/tienda\/wp-content\/uploads\/2023\/10\/R5010-NIST.jpg\",\"datePublished\":\"2023-10-19T21:48:42+00:00\",\"dateModified\":\"2023-10-19T21:48:43+00:00\",\"breadcrumb\":{\"@id\":\"https:\/\/abaa.mx\/tienda\/multimetro-digital-reed-r5010-true-rms-2\/#breadcrumb\"},\"inLanguage\":\"es\",\"potentialAction\":[{\"@type\":\"ReadAction\",\"target\":[\"https:\/\/abaa.mx\/tienda\/multimetro-digital-reed-r5010-true-rms-2\/\"]}]},{\"@type\":\"ImageObject\",\"inLanguage\":\"es\",\"@id\":\"https:\/\/abaa.mx\/tienda\/multimetro-digital-reed-r5010-true-rms-2\/#primaryimage\",\"url\":\"https:\/\/abaa.mx\/tienda\/wp-content\/uploads\/2023\/10\/R5010-NIST.jpg\",\"contentUrl\":\"https:\/\/abaa.mx\/tienda\/wp-content\/uploads\/2023\/10\/R5010-NIST.jpg\",\"width\":500,\"height\":500,\"caption\":\"multimetro-digital-reed-r5010-true-rms\"},{\"@type\":\"BreadcrumbList\",\"@id\":\"https:\/\/abaa.mx\/tienda\/multimetro-digital-reed-r5010-true-rms-2\/#breadcrumb\",\"itemListElement\":[{\"@type\":\"ListItem\",\"position\":1,\"name\":\"Inicio\",\"item\":\"https:\/\/abaa.mx\/tienda\/\"},{\"@type\":\"ListItem\",\"position\":2,\"name\":\"Tienda\",\"item\":\"https:\/\/abaa.mx\/tienda\/\"},{\"@type\":\"ListItem\",\"position\":3,\"name\":\"Mult\u00edmetro digital reed r5010 true rms\"}]},{\"@type\":\"WebSite\",\"@id\":\"https:\/\/abaa.mx\/tienda\/#website\",\"url\":\"https:\/\/abaa.mx\/tienda\/\",\"name\":\"Abaa tienda online\",\"description\":\"Instrumentos de medici\u00f3n\",\"publisher\":{\"@id\":\"https:\/\/abaa.mx\/tienda\/#organization\"},\"potentialAction\":[{\"@type\":\"SearchAction\",\"target\":{\"@type\":\"EntryPoint\",\"urlTemplate\":\"https:\/\/abaa.mx\/tienda\/?s={search_term_string}\"},\"query-input\":{\"@type\":\"PropertyValueSpecification\",\"valueRequired\":true,\"valueName\":\"search_term_string\"}}],\"inLanguage\":\"es\"},{\"@type\":\"Organization\",\"@id\":\"https:\/\/abaa.mx\/tienda\/#organization\",\"name\":\"Abaa tienda online\",\"url\":\"https:\/\/abaa.mx\/tienda\/\",\"logo\":{\"@type\":\"ImageObject\",\"inLanguage\":\"es\",\"@id\":\"https:\/\/abaa.mx\/tienda\/#\/schema\/logo\/image\/\",\"url\":\"https:\/\/abaa.mx\/tienda\/wp-content\/uploads\/2024\/01\/abaa-metrologia-tienda.png\",\"contentUrl\":\"https:\/\/abaa.mx\/tienda\/wp-content\/uploads\/2024\/01\/abaa-metrologia-tienda.png\",\"width\":300,\"height\":141,\"caption\":\"Abaa tienda online\"},\"image\":{\"@id\":\"https:\/\/abaa.mx\/tienda\/#\/schema\/logo\/image\/\"}}]}<\/script>\n<!-- \/ Yoast SEO plugin. -->","yoast_head_json":{"title":"Mult\u00edmetro digital reed r5010 true rms - Abaa tienda online","robots":{"index":"index","follow":"follow","max-snippet":"max-snippet:-1","max-image-preview":"max-image-preview:large","max-video-preview":"max-video-preview:-1"},"canonical":"https:\/\/abaa.mx\/tienda\/multimetro-digital-reed-r5010-true-rms-2\/","og_locale":"es_MX","og_type":"article","og_title":"Mult\u00edmetro digital reed r5010 true rms - Abaa tienda online","og_description":"Mult\u00edmetro resistente al agua True RMS con pantalla LCD retroiluminada de 40.000 cuentas.","og_url":"https:\/\/abaa.mx\/tienda\/multimetro-digital-reed-r5010-true-rms-2\/","og_site_name":"Abaa tienda online","article_modified_time":"2023-10-19T21:48:43+00:00","og_image":[{"width":500,"height":500,"url":"https:\/\/abaa.mx\/tienda\/wp-content\/uploads\/2023\/10\/R5010-NIST.jpg","type":"image\/jpeg"}],"twitter_card":"summary_large_image","twitter_misc":{"Tiempo de lectura":"3 minutos"},"schema":{"@context":"https:\/\/schema.org","@graph":[{"@type":"WebPage","@id":"https:\/\/abaa.mx\/tienda\/multimetro-digital-reed-r5010-true-rms-2\/","url":"https:\/\/abaa.mx\/tienda\/multimetro-digital-reed-r5010-true-rms-2\/","name":"Mult\u00edmetro digital reed r5010 true rms - Abaa tienda online","isPartOf":{"@id":"https:\/\/abaa.mx\/tienda\/#website"},"primaryImageOfPage":{"@id":"https:\/\/abaa.mx\/tienda\/multimetro-digital-reed-r5010-true-rms-2\/#primaryimage"},"image":{"@id":"https:\/\/abaa.mx\/tienda\/multimetro-digital-reed-r5010-true-rms-2\/#primaryimage"},"thumbnailUrl":"https:\/\/abaa.mx\/tienda\/wp-content\/uploads\/2023\/10\/R5010-NIST.jpg","datePublished":"2023-10-19T21:48:42+00:00","dateModified":"2023-10-19T21:48:43+00:00","breadcrumb":{"@id":"https:\/\/abaa.mx\/tienda\/multimetro-digital-reed-r5010-true-rms-2\/#breadcrumb"},"inLanguage":"es","potentialAction":[{"@type":"ReadAction","target":["https:\/\/abaa.mx\/tienda\/multimetro-digital-reed-r5010-true-rms-2\/"]}]},{"@type":"ImageObject","inLanguage":"es","@id":"https:\/\/abaa.mx\/tienda\/multimetro-digital-reed-r5010-true-rms-2\/#primaryimage","url":"https:\/\/abaa.mx\/tienda\/wp-content\/uploads\/2023\/10\/R5010-NIST.jpg","contentUrl":"https:\/\/abaa.mx\/tienda\/wp-content\/uploads\/2023\/10\/R5010-NIST.jpg","width":500,"height":500,"caption":"multimetro-digital-reed-r5010-true-rms"},{"@type":"BreadcrumbList","@id":"https:\/\/abaa.mx\/tienda\/multimetro-digital-reed-r5010-true-rms-2\/#breadcrumb","itemListElement":[{"@type":"ListItem","position":1,"name":"Inicio","item":"https:\/\/abaa.mx\/tienda\/"},{"@type":"ListItem","position":2,"name":"Tienda","item":"https:\/\/abaa.mx\/tienda\/"},{"@type":"ListItem","position":3,"name":"Mult\u00edmetro digital reed r5010 true rms"}]},{"@type":"WebSite","@id":"https:\/\/abaa.mx\/tienda\/#website","url":"https:\/\/abaa.mx\/tienda\/","name":"Abaa tienda online","description":"Instrumentos de medici\u00f3n","publisher":{"@id":"https:\/\/abaa.mx\/tienda\/#organization"},"potentialAction":[{"@type":"SearchAction","target":{"@type":"EntryPoint","urlTemplate":"https:\/\/abaa.mx\/tienda\/?s={search_term_string}"},"query-input":{"@type":"PropertyValueSpecification","valueRequired":true,"valueName":"search_term_string"}}],"inLanguage":"es"},{"@type":"Organization","@id":"https:\/\/abaa.mx\/tienda\/#organization","name":"Abaa tienda online","url":"https:\/\/abaa.mx\/tienda\/","logo":{"@type":"ImageObject","inLanguage":"es","@id":"https:\/\/abaa.mx\/tienda\/#\/schema\/logo\/image\/","url":"https:\/\/abaa.mx\/tienda\/wp-content\/uploads\/2024\/01\/abaa-metrologia-tienda.png","contentUrl":"https:\/\/abaa.mx\/tienda\/wp-content\/uploads\/2024\/01\/abaa-metrologia-tienda.png","width":300,"height":141,"caption":"Abaa tienda online"},"image":{"@id":"https:\/\/abaa.mx\/tienda\/#\/schema\/logo\/image\/"}}]}},"_links":{"self":[{"href":"https:\/\/abaa.mx\/tienda\/wp-json\/wp\/v2\/product\/6977","targetHints":{"allow":["GET"]}}],"collection":[{"href":"https:\/\/abaa.mx\/tienda\/wp-json\/wp\/v2\/product"}],"about":[{"href":"https:\/\/abaa.mx\/tienda\/wp-json\/wp\/v2\/types\/product"}],"replies":[{"embeddable":true,"href":"https:\/\/abaa.mx\/tienda\/wp-json\/wp\/v2\/comments?post=6977"}],"wp:featuredmedia":[{"embeddable":true,"href":"https:\/\/abaa.mx\/tienda\/wp-json\/wp\/v2\/media\/6985"}],"wp:attachment":[{"href":"https:\/\/abaa.mx\/tienda\/wp-json\/wp\/v2\/media?parent=6977"}],"wp:term":[{"taxonomy":"product_brand","embeddable":true,"href":"https:\/\/abaa.mx\/tienda\/wp-json\/wp\/v2\/product_brand?post=6977"},{"taxonomy":"product_cat","embeddable":true,"href":"https:\/\/abaa.mx\/tienda\/wp-json\/wp\/v2\/product_cat?post=6977"},{"taxonomy":"product_tag","embeddable":true,"href":"https:\/\/abaa.mx\/tienda\/wp-json\/wp\/v2\/product_tag?post=6977"}],"curies":[{"name":"wp","href":"https:\/\/api.w.org\/{rel}","templated":true}]}}